{"id":19530,"date":"2023-06-02T14:55:54","date_gmt":"2023-06-02T19:55:54","guid":{"rendered":"https:\/\/editionspowpow.com\/?post_type=product&#038;p=19530"},"modified":"2026-02-09T11:33:39","modified_gmt":"2026-02-09T15:33:39","slug":"vampire-cousins","status":"publish","type":"product","link":"https:\/\/editionspowpow.com\/en\/products\/vampire-cousins\/","title":{"rendered":"Vampire Cousins"},"content":{"rendered":"<p>When naive Camillia is invited by her long-lost cousin Fr\u00e9d\u00e9rique to return to the old manor house where she spent the best summer of her childhood, she\u2019s delighted. But nothing in the sinister landscape corresponds to her fond memories, and the wary villagers at the local tavern seem to fear the place they call the \u201cDevil\u2019s House.\u201d As for the mysterious Fr\u00e9d\u00e9rique, she\u2019s become moody and dark, and for some reason she can\u2019t stand Camillia\u2019s famous garlic quiche\u2026 A loving tribute to old-school horror,\u00a0<em>Vampire Cousins<\/em>\u00a0is a bloody cute comedy masterpiece!<\/p>\n","protected":false},"excerpt":{"rendered":"<p>When naive Camillia is invited by her long-lost cousin Fr\u00e9d\u00e9rique to return to the old manor house where she spent the best summer of her childhood, she\u2019s delighted. But nothing in the sinister landscape corresponds to her fond memories, and the wary villagers at the local tavern seem to fear the place they call the [&hellip;]<\/p>\n","protected":false},"featured_media":18624,"template":"","meta":{"_acf_changed":false},"product_brand":[],"product_cat":[271],"product_tag":[301,310],"class_list":{"0":"post-19530","1":"product","2":"type-product","3":"status-publish","4":"has-post-thumbnail","6":"wc_square_synced-yes","7":"product_cat-comic","8":"product_tag-parody-humor","9":"product_tag-science-fiction-en","11":"first","12":"onbackorder","13":"taxable","14":"shipping-taxable","15":"purchasable","16":"product-type-simple"},"acf":{"language":"en","other_language_products":[23575],"authors":[{"author_title":22306,"is_custom_job_title":true,"job_titles":[178]},{"author_title":22302,"is_custom_job_title":true,"job_titles":[177]}],"total_pages":136,"isbn":"978-2-924049-27-3","release_date":"20150501","other_release_dates":null,"has_product_excerpt":true,"button_excerpt_position":"right","accent_color":"#D44929","awards":[{"content":"Winner \u2013 Marc-Olivier Lavertu Award 2015"},{"content":"Nominee \u2013 B\u00e9d\u00e9lys Awards 2015 (Qu\u00e9bec)"},{"content":"Nominee \u2013 Joe Shuster Awards 2015 (Best Writer)"}],"comments":[{"content":"Even if you\u2019re experiencing vampire fatigue, don\u2019t let that stop you from checking out this perfect balance between vintage horror and bright-eyed whimsy. There\u2019s no moping or brooding to be found here, only the sort of weird wonderfulness you\u2019d expect in an Ed Wood movie.","credit_group":{"content":"My Entertainment World, May 7, 2015","link":"http:\/\/www.myentertainmentworld.ca\/2015\/05\/gaining-something-in-translation\/","is_external_link":true}},{"content":"Vampire Cousins is mandatory Halloween reading.","credit_group":{"content":"BUTTON MASHER T.O., October 10, 2015","link":"","is_external_link":false}},{"content":"The artwork is simple but expressive and perfectly matches the B-movie style humour on every page.","credit_group":{"content":"SF Signal, March 23, 2016","link":"","is_external_link":false}}],"video_gallery":null},"yoast_head":"<!-- This site is optimized with the Yoast SEO plugin v26.9 - https:\/\/yoast.com\/product\/yoast-seo-wordpress\/ -->\n<title>Vampire Cousins - \u00c9ditions Pow Pow<\/title>\n<meta name=\"robots\" content=\"index, follow, max-snippet:-1, max-image-preview:large, max-video-preview:-1\" \/>\n<link rel=\"canonical\" href=\"https:\/\/editionspowpow.com\/en\/products\/vampire-cousins\/\" \/>\n<meta property=\"og:locale\" content=\"en_US\" \/>\n<meta property=\"og:type\" content=\"article\" \/>\n<meta property=\"og:title\" content=\"Vampire Cousins - \u00c9ditions Pow Pow\" \/>\n<meta property=\"og:description\" content=\"When naive Camillia is invited by her long-lost cousin Fr\u00e9d\u00e9rique to return to the old manor house where she spent the best summer of her childhood, she\u2019s delighted. But nothing in the sinister landscape corresponds to her fond memories, and the wary villagers at the local tavern seem to fear the place they call the [&hellip;]\" \/>\n<meta property=\"og:url\" content=\"https:\/\/editionspowpow.com\/en\/products\/vampire-cousins\/\" \/>\n<meta property=\"og:site_name\" content=\"\u00c9ditions Pow Pow\" \/>\n<meta property=\"article:publisher\" content=\"https:\/\/www.facebook.com\/editionspowpow\" \/>\n<meta property=\"article:modified_time\" content=\"2026-02-09T15:33:39+00:00\" \/>\n<meta property=\"og:image\" content=\"https:\/\/edition-pow-pow-bucket.storage.googleapis.com\/wp-content\/uploads\/2023\/05\/cover_vampire_cousins.jpg\" \/>\n\t<meta property=\"og:image:width\" content=\"450\" \/>\n\t<meta property=\"og:image:height\" content=\"594\" \/>\n\t<meta property=\"og:image:type\" content=\"image\/jpeg\" \/>\n<meta name=\"twitter:card\" content=\"summary_large_image\" \/>\n<meta name=\"twitter:site\" content=\"@editionspowpow\" \/>\n<meta name=\"twitter:label1\" content=\"Est. reading time\" \/>\n\t<meta name=\"twitter:data1\" content=\"1 minute\" \/>\n<script type=\"application\/ld+json\" class=\"yoast-schema-graph\">{\"@context\":\"https:\/\/schema.org\",\"@graph\":[{\"@type\":\"WebPage\",\"@id\":\"https:\/\/editionspowpow.com\/en\/products\/vampire-cousins\/\",\"url\":\"https:\/\/editionspowpow.com\/en\/products\/vampire-cousins\/\",\"name\":\"Vampire Cousins - \u00c9ditions Pow Pow\",\"isPartOf\":{\"@id\":\"https:\/\/editionspowpow.com\/en\/#website\"},\"primaryImageOfPage\":{\"@id\":\"https:\/\/editionspowpow.com\/en\/products\/vampire-cousins\/#primaryimage\"},\"image\":{\"@id\":\"https:\/\/editionspowpow.com\/en\/products\/vampire-cousins\/#primaryimage\"},\"thumbnailUrl\":\"https:\/\/edition-pow-pow-bucket.storage.googleapis.com\/wp-content\/uploads\/2023\/05\/cover_vampire_cousins.jpg\",\"datePublished\":\"2023-06-02T19:55:54+00:00\",\"dateModified\":\"2026-02-09T15:33:39+00:00\",\"breadcrumb\":{\"@id\":\"https:\/\/editionspowpow.com\/en\/products\/vampire-cousins\/#breadcrumb\"},\"inLanguage\":\"en-US\",\"potentialAction\":[{\"@type\":\"ReadAction\",\"target\":[\"https:\/\/editionspowpow.com\/en\/products\/vampire-cousins\/\"]}]},{\"@type\":\"ImageObject\",\"inLanguage\":\"en-US\",\"@id\":\"https:\/\/editionspowpow.com\/en\/products\/vampire-cousins\/#primaryimage\",\"url\":\"https:\/\/edition-pow-pow-bucket.storage.googleapis.com\/wp-content\/uploads\/2023\/05\/cover_vampire_cousins.jpg\",\"contentUrl\":\"https:\/\/edition-pow-pow-bucket.storage.googleapis.com\/wp-content\/uploads\/2023\/05\/cover_vampire_cousins.jpg\",\"width\":450,\"height\":594},{\"@type\":\"BreadcrumbList\",\"@id\":\"https:\/\/editionspowpow.com\/en\/products\/vampire-cousins\/#breadcrumb\",\"itemListElement\":[{\"@type\":\"ListItem\",\"position\":1,\"name\":\"Home\",\"item\":\"https:\/\/editionspowpow.com\/en\/\"},{\"@type\":\"ListItem\",\"position\":2,\"name\":\"Shop\",\"item\":\"https:\/\/editionspowpow.com\/en\/shop\/\"},{\"@type\":\"ListItem\",\"position\":3,\"name\":\"Vampire Cousins\"}]},{\"@type\":\"WebSite\",\"@id\":\"https:\/\/editionspowpow.com\/en\/#website\",\"url\":\"https:\/\/editionspowpow.com\/en\/\",\"name\":\"\u00c9ditions Pow Pow\",\"description\":\"\",\"publisher\":{\"@id\":\"https:\/\/editionspowpow.com\/en\/#organization\"},\"potentialAction\":[{\"@type\":\"SearchAction\",\"target\":{\"@type\":\"EntryPoint\",\"urlTemplate\":\"https:\/\/editionspowpow.com\/en\/?s={search_term_string}\"},\"query-input\":{\"@type\":\"PropertyValueSpecification\",\"valueRequired\":true,\"valueName\":\"search_term_string\"}}],\"inLanguage\":\"en-US\"},{\"@type\":\"Organization\",\"@id\":\"https:\/\/editionspowpow.com\/en\/#organization\",\"name\":\"\u00c9ditions Pow Pow\",\"url\":\"https:\/\/editionspowpow.com\/en\/\",\"logo\":{\"@type\":\"ImageObject\",\"inLanguage\":\"en-US\",\"@id\":\"https:\/\/editionspowpow.com\/en\/#\/schema\/logo\/image\/\",\"url\":\"https:\/\/edition-pow-pow-bucket.storage.googleapis.com\/wp-content\/uploads\/2024\/03\/logo_site_pow_pow_VERTICAL.png\",\"contentUrl\":\"https:\/\/edition-pow-pow-bucket.storage.googleapis.com\/wp-content\/uploads\/2024\/03\/logo_site_pow_pow_VERTICAL.png\",\"width\":1600,\"height\":1200,\"caption\":\"\u00c9ditions Pow Pow\"},\"image\":{\"@id\":\"https:\/\/editionspowpow.com\/en\/#\/schema\/logo\/image\/\"},\"sameAs\":[\"https:\/\/www.facebook.com\/editionspowpow\",\"https:\/\/x.com\/editionspowpow\"]}]}<\/script>\n<!-- \/ Yoast SEO plugin. -->","yoast_head_json":{"title":"Vampire Cousins - \u00c9ditions Pow Pow","robots":{"index":"index","follow":"follow","max-snippet":"max-snippet:-1","max-image-preview":"max-image-preview:large","max-video-preview":"max-video-preview:-1"},"canonical":"https:\/\/editionspowpow.com\/en\/products\/vampire-cousins\/","og_locale":"en_US","og_type":"article","og_title":"Vampire Cousins - \u00c9ditions Pow Pow","og_description":"When naive Camillia is invited by her long-lost cousin Fr\u00e9d\u00e9rique to return to the old manor house where she spent the best summer of her childhood, she\u2019s delighted. But nothing in the sinister landscape corresponds to her fond memories, and the wary villagers at the local tavern seem to fear the place they call the [&hellip;]","og_url":"https:\/\/editionspowpow.com\/en\/products\/vampire-cousins\/","og_site_name":"\u00c9ditions Pow Pow","article_publisher":"https:\/\/www.facebook.com\/editionspowpow","article_modified_time":"2026-02-09T15:33:39+00:00","og_image":[{"width":450,"height":594,"url":"https:\/\/edition-pow-pow-bucket.storage.googleapis.com\/wp-content\/uploads\/2023\/05\/cover_vampire_cousins.jpg","type":"image\/jpeg"}],"twitter_card":"summary_large_image","twitter_site":"@editionspowpow","twitter_misc":{"Est. reading time":"1 minute"},"schema":{"@context":"https:\/\/schema.org","@graph":[{"@type":"WebPage","@id":"https:\/\/editionspowpow.com\/en\/products\/vampire-cousins\/","url":"https:\/\/editionspowpow.com\/en\/products\/vampire-cousins\/","name":"Vampire Cousins - \u00c9ditions Pow Pow","isPartOf":{"@id":"https:\/\/editionspowpow.com\/en\/#website"},"primaryImageOfPage":{"@id":"https:\/\/editionspowpow.com\/en\/products\/vampire-cousins\/#primaryimage"},"image":{"@id":"https:\/\/editionspowpow.com\/en\/products\/vampire-cousins\/#primaryimage"},"thumbnailUrl":"https:\/\/edition-pow-pow-bucket.storage.googleapis.com\/wp-content\/uploads\/2023\/05\/cover_vampire_cousins.jpg","datePublished":"2023-06-02T19:55:54+00:00","dateModified":"2026-02-09T15:33:39+00:00","breadcrumb":{"@id":"https:\/\/editionspowpow.com\/en\/products\/vampire-cousins\/#breadcrumb"},"inLanguage":"en-US","potentialAction":[{"@type":"ReadAction","target":["https:\/\/editionspowpow.com\/en\/products\/vampire-cousins\/"]}]},{"@type":"ImageObject","inLanguage":"en-US","@id":"https:\/\/editionspowpow.com\/en\/products\/vampire-cousins\/#primaryimage","url":"https:\/\/edition-pow-pow-bucket.storage.googleapis.com\/wp-content\/uploads\/2023\/05\/cover_vampire_cousins.jpg","contentUrl":"https:\/\/edition-pow-pow-bucket.storage.googleapis.com\/wp-content\/uploads\/2023\/05\/cover_vampire_cousins.jpg","width":450,"height":594},{"@type":"BreadcrumbList","@id":"https:\/\/editionspowpow.com\/en\/products\/vampire-cousins\/#breadcrumb","itemListElement":[{"@type":"ListItem","position":1,"name":"Home","item":"https:\/\/editionspowpow.com\/en\/"},{"@type":"ListItem","position":2,"name":"Shop","item":"https:\/\/editionspowpow.com\/en\/shop\/"},{"@type":"ListItem","position":3,"name":"Vampire Cousins"}]},{"@type":"WebSite","@id":"https:\/\/editionspowpow.com\/en\/#website","url":"https:\/\/editionspowpow.com\/en\/","name":"\u00c9ditions Pow Pow","description":"","publisher":{"@id":"https:\/\/editionspowpow.com\/en\/#organization"},"potentialAction":[{"@type":"SearchAction","target":{"@type":"EntryPoint","urlTemplate":"https:\/\/editionspowpow.com\/en\/?s={search_term_string}"},"query-input":{"@type":"PropertyValueSpecification","valueRequired":true,"valueName":"search_term_string"}}],"inLanguage":"en-US"},{"@type":"Organization","@id":"https:\/\/editionspowpow.com\/en\/#organization","name":"\u00c9ditions Pow Pow","url":"https:\/\/editionspowpow.com\/en\/","logo":{"@type":"ImageObject","inLanguage":"en-US","@id":"https:\/\/editionspowpow.com\/en\/#\/schema\/logo\/image\/","url":"https:\/\/edition-pow-pow-bucket.storage.googleapis.com\/wp-content\/uploads\/2024\/03\/logo_site_pow_pow_VERTICAL.png","contentUrl":"https:\/\/edition-pow-pow-bucket.storage.googleapis.com\/wp-content\/uploads\/2024\/03\/logo_site_pow_pow_VERTICAL.png","width":1600,"height":1200,"caption":"\u00c9ditions Pow Pow"},"image":{"@id":"https:\/\/editionspowpow.com\/en\/#\/schema\/logo\/image\/"},"sameAs":["https:\/\/www.facebook.com\/editionspowpow","https:\/\/x.com\/editionspowpow"]}]}},"_links":{"self":[{"href":"https:\/\/editionspowpow.com\/en\/wp-json\/wp\/v2\/product\/19530","targetHints":{"allow":["GET"]}}],"collection":[{"href":"https:\/\/editionspowpow.com\/en\/wp-json\/wp\/v2\/product"}],"about":[{"href":"https:\/\/editionspowpow.com\/en\/wp-json\/wp\/v2\/types\/product"}],"acf:post":[{"embeddable":true,"href":"https:\/\/editionspowpow.com\/en\/wp-json\/wp\/v2\/product\/23575"}],"wp:featuredmedia":[{"embeddable":true,"href":"https:\/\/editionspowpow.com\/en\/wp-json\/wp\/v2\/media\/18624"}],"wp:attachment":[{"href":"https:\/\/editionspowpow.com\/en\/wp-json\/wp\/v2\/media?parent=19530"}],"wp:term":[{"taxonomy":"product_brand","embeddable":true,"href":"https:\/\/editionspowpow.com\/en\/wp-json\/wp\/v2\/product_brand?post=19530"},{"taxonomy":"product_cat","embeddable":true,"href":"https:\/\/editionspowpow.com\/en\/wp-json\/wp\/v2\/product_cat?post=19530"},{"taxonomy":"product_tag","embeddable":true,"href":"https:\/\/editionspowpow.com\/en\/wp-json\/wp\/v2\/product_tag?post=19530"}],"curies":[{"name":"wp","href":"https:\/\/api.w.org\/{rel}","templated":true}]}}