{"id":19540,"date":"2023-06-02T14:55:56","date_gmt":"2023-06-02T19:55:56","guid":{"rendered":"https:\/\/editionspowpow.com\/?post_type=product&#038;p=19540"},"modified":"2026-02-09T11:33:38","modified_gmt":"2026-02-09T15:33:38","slug":"art-wars","status":"publish","type":"product","link":"https:\/\/editionspowpow.com\/en\/products\/art-wars\/","title":{"rendered":"Art Wars"},"content":{"rendered":"<p>In order to wage intergalactic warfare, aliens abduct all of Earth\u2019s artists: It turns out that the most powerful weapon in the universe is the violent, transcending beauty of poetry. Back on Earth, people don\u2019t really seem to care about the disappearance of painters, sculptors and other such creators \u2013 until they discover art inspires industrial design which, in turn, makes it possible to create elegant new kitchen counters. While artists master the deadly potential of their craft, earthlings are learning the hard way that art isn\u2019t as useless as it seems\u2026 while listening to old CCR hits on repeat.<\/p>\n<p>An imaginative and dead-on satire of the place culture occupies in contemporary societies,\u00a0<em>Art Wars<\/em>\u00a0is constructed using only ten different panels \u2013 making it a bold and clever experiment in comic minimalism, inspired by both the avant-garde work of OuBaPo and the author\u2019s own background in animation.<\/p>\n","protected":false},"excerpt":{"rendered":"<p>In order to wage intergalactic warfare, aliens abduct all of Earth\u2019s artists: It turns out that the most powerful weapon in the universe is the violent, transcending beauty of poetry. Back on Earth, people don\u2019t really seem to care about the disappearance of painters, sculptors and other such creators \u2013 until they discover art inspires [&hellip;]<\/p>\n","protected":false},"featured_media":18786,"template":"","meta":{"_acf_changed":false},"product_brand":[],"product_cat":[271],"product_tag":[301,310],"class_list":{"0":"post-19540","1":"product","2":"type-product","3":"status-publish","4":"has-post-thumbnail","6":"wc_square_synced-yes","7":"product_cat-comic","8":"product_tag-parody-humor","9":"product_tag-science-fiction-en","11":"first","12":"instock","13":"taxable","14":"shipping-taxable","15":"purchasable","16":"product-type-simple"},"acf":{"language":"en","other_language_products":[23579],"authors":[{"author_title":22292,"is_custom_job_title":false,"job_titles":[]},{"author_title":22724,"is_custom_job_title":true,"job_titles":[179]}],"total_pages":96,"isbn":"978-2-924049-33-4","release_date":"20161001","other_release_dates":null,"has_product_excerpt":true,"button_excerpt_position":"left","accent_color":"#00A1D5","awards":[{"content":"Nominee \u2013 B\u00e9d\u00e9is Causa Awards 2015 (Grand prix de la ville de Qu\u00e9bec)"}],"comments":[{"content":"<span style=\"margin: 0px; padding: 0px; border: 0px; font-size: 16px; vertical-align: baseline;\" data-sheets-root=\"1\" data-sheets-value=\"{&quot;1&quot;:2,&quot;2&quot;:&quot;\\&quot;A truly outstanding work in minimalist comics.\\&quot;&lt;br&gt;\\n\u2014Philippe Leblanc, &lt;i&gt;The Comics Beat&lt;\/i&gt; \\n&lt;br&gt;&lt;br&gt;\\nIn order to wage intergalactic warfare, aliens abduct all of Earth's artists : it turns out that the most powerful weapon in the universe is the violent, transcending beauty of poetry. Back on Earth, people don't really seem to care about the disappearance of painters, sculptors and other such creators \u2013 until they discover art inspires industrial design which, in turn, makes it possible to create elegant new kitchen counters. While artists master the deadly potential of their craft, earthlings are learning the hard way that art isn't as useless as it seems\u2026 while listening to old CCR hits on repeat. An imaginative and dead-on satire of the place culture occupies in contemporary societies, Arts Wars is constructed using only ten different panels \u2013 making it a bold and clever experiment in comic minimalism, inspired by both the avant-garde work of OuBaPo and the author's own background in animation.&quot;}\" data-sheets-userformat=\"{&quot;2&quot;:14847,&quot;3&quot;:{&quot;1&quot;:0,&quot;3&quot;:1},&quot;4&quot;:{&quot;1&quot;:2,&quot;2&quot;:16777113},&quot;5&quot;:{&quot;1&quot;:[{&quot;1&quot;:2,&quot;2&quot;:0,&quot;5&quot;:{&quot;1&quot;:2,&quot;2&quot;:0}},{&quot;1&quot;:0,&quot;2&quot;:0,&quot;3&quot;:3},{&quot;1&quot;:1,&quot;2&quot;:0,&quot;4&quot;:1}]},&quot;6&quot;:{&quot;1&quot;:[{&quot;1&quot;:2,&quot;2&quot;:0,&quot;5&quot;:{&quot;1&quot;:2,&quot;2&quot;:0}},{&quot;1&quot;:0,&quot;2&quot;:0,&quot;3&quot;:3},{&quot;1&quot;:1,&quot;2&quot;:0,&quot;4&quot;:1}]},&quot;7&quot;:{&quot;1&quot;:[{&quot;1&quot;:2,&quot;2&quot;:0,&quot;5&quot;:{&quot;1&quot;:2,&quot;2&quot;:0}},{&quot;1&quot;:0,&quot;2&quot;:0,&quot;3&quot;:3},{&quot;1&quot;:1,&quot;2&quot;:0,&quot;4&quot;:1}]},&quot;8&quot;:{&quot;1&quot;:[{&quot;1&quot;:2,&quot;2&quot;:0,&quot;5&quot;:{&quot;1&quot;:2,&quot;2&quot;:0}},{&quot;1&quot;:0,&quot;2&quot;:0,&quot;3&quot;:3},{&quot;1&quot;:1,&quot;2&quot;:0,&quot;4&quot;:1}]},&quot;9&quot;:0,&quot;10&quot;:0,&quot;11&quot;:4,&quot;14&quot;:{&quot;1&quot;:3,&quot;3&quot;:1},&quot;15&quot;:&quot;Arial&quot;,&quot;16&quot;:12}\">\u201cA truly outstanding work in minimalist comics.\u201d<\/span>","credit_group":{"content":"Philippe Leblanc,\u00a0The Comics Beat","link":"","is_external_link":false}}],"video_gallery":null},"yoast_head":"<!-- This site is optimized with the Yoast SEO plugin v26.9 - https:\/\/yoast.com\/product\/yoast-seo-wordpress\/ -->\n<title>Art Wars - \u00c9ditions Pow Pow<\/title>\n<meta name=\"robots\" content=\"index, follow, max-snippet:-1, max-image-preview:large, max-video-preview:-1\" \/>\n<link rel=\"canonical\" href=\"https:\/\/editionspowpow.com\/en\/products\/art-wars\/\" \/>\n<meta property=\"og:locale\" content=\"en_US\" \/>\n<meta property=\"og:type\" content=\"article\" \/>\n<meta property=\"og:title\" content=\"Art Wars - \u00c9ditions Pow Pow\" \/>\n<meta property=\"og:description\" content=\"In order to wage intergalactic warfare, aliens abduct all of Earth\u2019s artists: It turns out that the most powerful weapon in the universe is the violent, transcending beauty of poetry. Back on Earth, people don\u2019t really seem to care about the disappearance of painters, sculptors and other such creators \u2013 until they discover art inspires [&hellip;]\" \/>\n<meta property=\"og:url\" content=\"https:\/\/editionspowpow.com\/en\/products\/art-wars\/\" \/>\n<meta property=\"og:site_name\" content=\"\u00c9ditions Pow Pow\" \/>\n<meta property=\"article:publisher\" content=\"https:\/\/www.facebook.com\/editionspowpow\" \/>\n<meta property=\"article:modified_time\" content=\"2026-02-09T15:33:38+00:00\" \/>\n<meta property=\"og:image\" content=\"https:\/\/edition-pow-pow-bucket.storage.googleapis.com\/wp-content\/uploads\/2023\/05\/art_wars_couv_01.jpg\" \/>\n\t<meta property=\"og:image:width\" content=\"450\" \/>\n\t<meta property=\"og:image:height\" content=\"594\" \/>\n\t<meta property=\"og:image:type\" content=\"image\/jpeg\" \/>\n<meta name=\"twitter:card\" content=\"summary_large_image\" \/>\n<meta name=\"twitter:site\" content=\"@editionspowpow\" \/>\n<meta name=\"twitter:label1\" content=\"Est. reading time\" \/>\n\t<meta name=\"twitter:data1\" content=\"1 minute\" \/>\n<script type=\"application\/ld+json\" class=\"yoast-schema-graph\">{\"@context\":\"https:\/\/schema.org\",\"@graph\":[{\"@type\":\"WebPage\",\"@id\":\"https:\/\/editionspowpow.com\/en\/products\/art-wars\/\",\"url\":\"https:\/\/editionspowpow.com\/en\/products\/art-wars\/\",\"name\":\"Art Wars - \u00c9ditions Pow Pow\",\"isPartOf\":{\"@id\":\"https:\/\/editionspowpow.com\/en\/#website\"},\"primaryImageOfPage\":{\"@id\":\"https:\/\/editionspowpow.com\/en\/products\/art-wars\/#primaryimage\"},\"image\":{\"@id\":\"https:\/\/editionspowpow.com\/en\/products\/art-wars\/#primaryimage\"},\"thumbnailUrl\":\"https:\/\/edition-pow-pow-bucket.storage.googleapis.com\/wp-content\/uploads\/2023\/05\/art_wars_couv_01.jpg\",\"datePublished\":\"2023-06-02T19:55:56+00:00\",\"dateModified\":\"2026-02-09T15:33:38+00:00\",\"breadcrumb\":{\"@id\":\"https:\/\/editionspowpow.com\/en\/products\/art-wars\/#breadcrumb\"},\"inLanguage\":\"en-US\",\"potentialAction\":[{\"@type\":\"ReadAction\",\"target\":[\"https:\/\/editionspowpow.com\/en\/products\/art-wars\/\"]}]},{\"@type\":\"ImageObject\",\"inLanguage\":\"en-US\",\"@id\":\"https:\/\/editionspowpow.com\/en\/products\/art-wars\/#primaryimage\",\"url\":\"https:\/\/edition-pow-pow-bucket.storage.googleapis.com\/wp-content\/uploads\/2023\/05\/art_wars_couv_01.jpg\",\"contentUrl\":\"https:\/\/edition-pow-pow-bucket.storage.googleapis.com\/wp-content\/uploads\/2023\/05\/art_wars_couv_01.jpg\",\"width\":450,\"height\":594},{\"@type\":\"BreadcrumbList\",\"@id\":\"https:\/\/editionspowpow.com\/en\/products\/art-wars\/#breadcrumb\",\"itemListElement\":[{\"@type\":\"ListItem\",\"position\":1,\"name\":\"Home\",\"item\":\"https:\/\/editionspowpow.com\/en\/\"},{\"@type\":\"ListItem\",\"position\":2,\"name\":\"Shop\",\"item\":\"https:\/\/editionspowpow.com\/en\/shop\/\"},{\"@type\":\"ListItem\",\"position\":3,\"name\":\"Art Wars\"}]},{\"@type\":\"WebSite\",\"@id\":\"https:\/\/editionspowpow.com\/en\/#website\",\"url\":\"https:\/\/editionspowpow.com\/en\/\",\"name\":\"\u00c9ditions Pow Pow\",\"description\":\"\",\"publisher\":{\"@id\":\"https:\/\/editionspowpow.com\/en\/#organization\"},\"potentialAction\":[{\"@type\":\"SearchAction\",\"target\":{\"@type\":\"EntryPoint\",\"urlTemplate\":\"https:\/\/editionspowpow.com\/en\/?s={search_term_string}\"},\"query-input\":{\"@type\":\"PropertyValueSpecification\",\"valueRequired\":true,\"valueName\":\"search_term_string\"}}],\"inLanguage\":\"en-US\"},{\"@type\":\"Organization\",\"@id\":\"https:\/\/editionspowpow.com\/en\/#organization\",\"name\":\"\u00c9ditions Pow Pow\",\"url\":\"https:\/\/editionspowpow.com\/en\/\",\"logo\":{\"@type\":\"ImageObject\",\"inLanguage\":\"en-US\",\"@id\":\"https:\/\/editionspowpow.com\/en\/#\/schema\/logo\/image\/\",\"url\":\"https:\/\/edition-pow-pow-bucket.storage.googleapis.com\/wp-content\/uploads\/2024\/03\/logo_site_pow_pow_VERTICAL.png\",\"contentUrl\":\"https:\/\/edition-pow-pow-bucket.storage.googleapis.com\/wp-content\/uploads\/2024\/03\/logo_site_pow_pow_VERTICAL.png\",\"width\":1600,\"height\":1200,\"caption\":\"\u00c9ditions Pow Pow\"},\"image\":{\"@id\":\"https:\/\/editionspowpow.com\/en\/#\/schema\/logo\/image\/\"},\"sameAs\":[\"https:\/\/www.facebook.com\/editionspowpow\",\"https:\/\/x.com\/editionspowpow\"]}]}<\/script>\n<!-- \/ Yoast SEO plugin. -->","yoast_head_json":{"title":"Art Wars - \u00c9ditions Pow Pow","robots":{"index":"index","follow":"follow","max-snippet":"max-snippet:-1","max-image-preview":"max-image-preview:large","max-video-preview":"max-video-preview:-1"},"canonical":"https:\/\/editionspowpow.com\/en\/products\/art-wars\/","og_locale":"en_US","og_type":"article","og_title":"Art Wars - \u00c9ditions Pow Pow","og_description":"In order to wage intergalactic warfare, aliens abduct all of Earth\u2019s artists: It turns out that the most powerful weapon in the universe is the violent, transcending beauty of poetry. Back on Earth, people don\u2019t really seem to care about the disappearance of painters, sculptors and other such creators \u2013 until they discover art inspires [&hellip;]","og_url":"https:\/\/editionspowpow.com\/en\/products\/art-wars\/","og_site_name":"\u00c9ditions Pow Pow","article_publisher":"https:\/\/www.facebook.com\/editionspowpow","article_modified_time":"2026-02-09T15:33:38+00:00","og_image":[{"width":450,"height":594,"url":"https:\/\/edition-pow-pow-bucket.storage.googleapis.com\/wp-content\/uploads\/2023\/05\/art_wars_couv_01.jpg","type":"image\/jpeg"}],"twitter_card":"summary_large_image","twitter_site":"@editionspowpow","twitter_misc":{"Est. reading time":"1 minute"},"schema":{"@context":"https:\/\/schema.org","@graph":[{"@type":"WebPage","@id":"https:\/\/editionspowpow.com\/en\/products\/art-wars\/","url":"https:\/\/editionspowpow.com\/en\/products\/art-wars\/","name":"Art Wars - \u00c9ditions Pow Pow","isPartOf":{"@id":"https:\/\/editionspowpow.com\/en\/#website"},"primaryImageOfPage":{"@id":"https:\/\/editionspowpow.com\/en\/products\/art-wars\/#primaryimage"},"image":{"@id":"https:\/\/editionspowpow.com\/en\/products\/art-wars\/#primaryimage"},"thumbnailUrl":"https:\/\/edition-pow-pow-bucket.storage.googleapis.com\/wp-content\/uploads\/2023\/05\/art_wars_couv_01.jpg","datePublished":"2023-06-02T19:55:56+00:00","dateModified":"2026-02-09T15:33:38+00:00","breadcrumb":{"@id":"https:\/\/editionspowpow.com\/en\/products\/art-wars\/#breadcrumb"},"inLanguage":"en-US","potentialAction":[{"@type":"ReadAction","target":["https:\/\/editionspowpow.com\/en\/products\/art-wars\/"]}]},{"@type":"ImageObject","inLanguage":"en-US","@id":"https:\/\/editionspowpow.com\/en\/products\/art-wars\/#primaryimage","url":"https:\/\/edition-pow-pow-bucket.storage.googleapis.com\/wp-content\/uploads\/2023\/05\/art_wars_couv_01.jpg","contentUrl":"https:\/\/edition-pow-pow-bucket.storage.googleapis.com\/wp-content\/uploads\/2023\/05\/art_wars_couv_01.jpg","width":450,"height":594},{"@type":"BreadcrumbList","@id":"https:\/\/editionspowpow.com\/en\/products\/art-wars\/#breadcrumb","itemListElement":[{"@type":"ListItem","position":1,"name":"Home","item":"https:\/\/editionspowpow.com\/en\/"},{"@type":"ListItem","position":2,"name":"Shop","item":"https:\/\/editionspowpow.com\/en\/shop\/"},{"@type":"ListItem","position":3,"name":"Art Wars"}]},{"@type":"WebSite","@id":"https:\/\/editionspowpow.com\/en\/#website","url":"https:\/\/editionspowpow.com\/en\/","name":"\u00c9ditions Pow Pow","description":"","publisher":{"@id":"https:\/\/editionspowpow.com\/en\/#organization"},"potentialAction":[{"@type":"SearchAction","target":{"@type":"EntryPoint","urlTemplate":"https:\/\/editionspowpow.com\/en\/?s={search_term_string}"},"query-input":{"@type":"PropertyValueSpecification","valueRequired":true,"valueName":"search_term_string"}}],"inLanguage":"en-US"},{"@type":"Organization","@id":"https:\/\/editionspowpow.com\/en\/#organization","name":"\u00c9ditions Pow Pow","url":"https:\/\/editionspowpow.com\/en\/","logo":{"@type":"ImageObject","inLanguage":"en-US","@id":"https:\/\/editionspowpow.com\/en\/#\/schema\/logo\/image\/","url":"https:\/\/edition-pow-pow-bucket.storage.googleapis.com\/wp-content\/uploads\/2024\/03\/logo_site_pow_pow_VERTICAL.png","contentUrl":"https:\/\/edition-pow-pow-bucket.storage.googleapis.com\/wp-content\/uploads\/2024\/03\/logo_site_pow_pow_VERTICAL.png","width":1600,"height":1200,"caption":"\u00c9ditions Pow Pow"},"image":{"@id":"https:\/\/editionspowpow.com\/en\/#\/schema\/logo\/image\/"},"sameAs":["https:\/\/www.facebook.com\/editionspowpow","https:\/\/x.com\/editionspowpow"]}]}},"_links":{"self":[{"href":"https:\/\/editionspowpow.com\/en\/wp-json\/wp\/v2\/product\/19540","targetHints":{"allow":["GET"]}}],"collection":[{"href":"https:\/\/editionspowpow.com\/en\/wp-json\/wp\/v2\/product"}],"about":[{"href":"https:\/\/editionspowpow.com\/en\/wp-json\/wp\/v2\/types\/product"}],"acf:post":[{"embeddable":true,"href":"https:\/\/editionspowpow.com\/en\/wp-json\/wp\/v2\/product\/23579"}],"wp:featuredmedia":[{"embeddable":true,"href":"https:\/\/editionspowpow.com\/en\/wp-json\/wp\/v2\/media\/18786"}],"wp:attachment":[{"href":"https:\/\/editionspowpow.com\/en\/wp-json\/wp\/v2\/media?parent=19540"}],"wp:term":[{"taxonomy":"product_brand","embeddable":true,"href":"https:\/\/editionspowpow.com\/en\/wp-json\/wp\/v2\/product_brand?post=19540"},{"taxonomy":"product_cat","embeddable":true,"href":"https:\/\/editionspowpow.com\/en\/wp-json\/wp\/v2\/product_cat?post=19540"},{"taxonomy":"product_tag","embeddable":true,"href":"https:\/\/editionspowpow.com\/en\/wp-json\/wp\/v2\/product_tag?post=19540"}],"curies":[{"name":"wp","href":"https:\/\/api.w.org\/{rel}","templated":true}]}}