{"id":23501,"date":"2024-04-24T10:13:54","date_gmt":"2024-04-24T14:13:54","guid":{"rendered":"https:\/\/editionspowpow.com\/boutique\/salade-de-fruits\/"},"modified":"2026-02-09T11:33:33","modified_gmt":"2026-02-09T15:33:33","slug":"salade-de-fruits","status":"publish","type":"product","link":"https:\/\/editionspowpow.com\/en\/products\/salade-de-fruits\/","title":{"rendered":"Salade de fruits"},"content":{"rendered":"<p>Observez les tr\u00e9pidantes tribulations de Cathon \u00e0 travers les courtes bandes dessin\u00e9es de ce recueil bien juteux. Que ce soit au tiki bar, dans un festival BD, dans sa cuisine ou simplement en promenade dans les rues de Montr\u00e9al, Cathon nous invite \u00e0 l\u2019accompagner dans sa vie de tous les jours, telle une meilleure amie au sens de l\u2019humour d\u00e9licieux. Comme le dessert du m\u00eame nom, <em>Salade de fruits<\/em> est un heureux m\u00e9lange dont on se r\u00e9gale, un recueil de strips extra cerises.<\/p>\n","protected":false},"excerpt":{"rendered":"<p>Observez les tr\u00e9pidantes tribulations de Cathon \u00e0 travers les courtes bandes dessin\u00e9es de ce recueil bien juteux. Que ce soit au tiki bar, dans un festival BD, dans sa cuisine ou simplement en promenade dans les rues de Montr\u00e9al, Cathon nous invite \u00e0 l\u2019accompagner dans sa vie de tous les jours, telle une meilleure amie [&hellip;]<\/p>\n","protected":false},"featured_media":22614,"template":"","meta":{"_acf_changed":false},"product_brand":[],"product_cat":[271],"product_tag":[314,315,316],"class_list":{"0":"post-23501","1":"product","2":"type-product","3":"status-publish","4":"has-post-thumbnail","6":"wc_square_synced-yes","7":"product_cat-comic","8":"product_tag-humour-parodique-en","9":"product_tag-humour-rocambolesque-en","10":"product_tag-quotidien-en","12":"first","13":"instock","14":"taxable","15":"shipping-taxable","16":"purchasable","17":"product-type-simple"},"acf":{"language":"fr","other_language_products":[25321],"authors":[{"author_title":22302,"is_custom_job_title":false,"job_titles":[]}],"total_pages":160,"isbn":"978-2-925114-32-1","release_date":"20240403","other_release_dates":[{"date":"20240913","country":"Europe"}],"has_product_excerpt":true,"button_excerpt_position":"left","accent_color":"#F9DD4B","awards":[{"content":"Finaliste \u2013 Prix B\u00e9d\u00e9lys Qu\u00e9bec 2025"},{"content":"Les libraires conseillent \u2013 S\u00e9lection de mai 2024"}],"comments":[{"content":"La vie est beaucoup trop courte pour ne pas lire cette <em>Salade de fruits<\/em> aussi savoureuse qu\u2019hilarante.","credit_group":{"content":"Chantal Fontaine, Les libraires, 1er mai 2024","link":"https:\/\/revue.leslibraires.ca\/actualites\/les-libraires-conseillent\/les-libraires-conseillent-mai-2024\/","is_external_link":true}},{"content":"Avec un style graphique r\u00e9confortant et moelleux comme un bon pain aux bananes, on ne peut qu\u2019en redemander une tranche.","credit_group":{"content":"Mathieu Roy, BDQG, 3 avril 2024","link":"https:\/\/bdqg.blog\/2024\/04\/03\/salade-de-fruits\/","is_external_link":true}},{"content":"J'ai ri fort pendant la lecture! [...] Son dessin est vif, tr\u00e8s senti.","credit_group":{"content":"Dany Arsenault, CIEU FM","link":"https:\/\/cieufm.com\/entrevue\/chronique-bande-dessinee-de-m-dany\/","is_external_link":true}},{"content":"\u00c7a se d\u00e9vore [...] comme des bonbons! [...] Elle croque les petits moments du quotidien qui nous parlent \u00e0 tous.","credit_group":{"content":"A\u00efda Semlali, Les matins d'ici (Radio-Canada), 20 mai 2024","link":"https:\/\/ici.radio-canada.ca\/ohdio\/premiere\/emissions\/les-matins-d-ici\/episodes\/752557\/rattrapage-lundi-20-mai-2024\/21","is_external_link":true}},{"content":"Une proximit\u00e9 na\u00eet rapidement entre le lectorat et l\u2019autrice: on s\u2019amuse de ses commentaires, on rit de son quotidien, on se prend d\u2019amiti\u00e9 pour les personnages.","credit_group":{"content":"Annick Lavogiez, Page par page, 24 mai 2024","link":"https:\/\/pageparpage.com\/salade-de-fruits\/","is_external_link":true}},{"content":"[E]lle [Cathon] d\u00e9montre, dans <em>Salade de fruits,<\/em> qu\u2019elle a perfectionn\u00e9 l\u2019art de la chute, et que c\u2019est sous la forme du strip que son humour frappe le plus.","credit_group":{"content":"Boris Nonveiller, Lettres qu\u00e9b\u00e9coises (no. 193), juin 2024","link":"","is_external_link":false}},{"content":"Cathon s'y met en sc\u00e8ne dans une pl\u00e9thore de courtes vignettes vitamin\u00e9es et absurdes o\u00f9 son quotidien fantasm\u00e9 de cr\u00e9atrice se situe dans une tonalit\u00e9 unique, quelque part entre David Lynch et Gilles Latulippe.","credit_group":{"content":"Jean-Dominic Leduc, Le journal de Montr\u00e9al, 27 juillet 2024","link":"","is_external_link":false}},{"content":"[...] une s\u00e9rie de strips tout ce qu'il y a de plus poilants due au talent de la Qu\u00e9b\u00e9coise Cathon.","credit_group":{"content":"DBD, octobre 2024","link":"","is_external_link":false}}],"video_gallery":[{"video_url":"https:\/\/youtu.be\/FCiT7aFCnY4","title":"Salade de fruits \u2013 Cathon","video_preview":24204,"video_duration":""}]},"yoast_head":"<!-- This site is optimized with the Yoast SEO plugin v26.9 - https:\/\/yoast.com\/product\/yoast-seo-wordpress\/ -->\n<title>Salade de fruits - \u00c9ditions Pow Pow<\/title>\n<meta name=\"robots\" content=\"index, follow, max-snippet:-1, max-image-preview:large, max-video-preview:-1\" \/>\n<link rel=\"canonical\" href=\"https:\/\/editionspowpow.com\/en\/products\/salade-de-fruits\/\" \/>\n<meta property=\"og:locale\" content=\"en_US\" \/>\n<meta property=\"og:type\" content=\"article\" \/>\n<meta property=\"og:title\" content=\"Salade de fruits - \u00c9ditions Pow Pow\" \/>\n<meta property=\"og:description\" content=\"Observez les tr\u00e9pidantes tribulations de Cathon \u00e0 travers les courtes bandes dessin\u00e9es de ce recueil bien juteux. Que ce soit au tiki bar, dans un festival BD, dans sa cuisine ou simplement en promenade dans les rues de Montr\u00e9al, Cathon nous invite \u00e0 l\u2019accompagner dans sa vie de tous les jours, telle une meilleure amie [&hellip;]\" \/>\n<meta property=\"og:url\" content=\"https:\/\/editionspowpow.com\/en\/products\/salade-de-fruits\/\" \/>\n<meta property=\"og:site_name\" content=\"\u00c9ditions Pow Pow\" \/>\n<meta property=\"article:publisher\" content=\"https:\/\/www.facebook.com\/editionspowpow\" \/>\n<meta property=\"article:modified_time\" content=\"2026-02-09T15:33:33+00:00\" \/>\n<meta property=\"og:image\" content=\"https:\/\/edition-pow-pow-bucket.storage.googleapis.com\/wp-content\/uploads\/2024\/04\/POW_couverture_salede_de_fruits_RGB.jpg\" \/>\n\t<meta property=\"og:image:width\" content=\"1390\" \/>\n\t<meta property=\"og:image:height\" content=\"1920\" \/>\n\t<meta property=\"og:image:type\" content=\"image\/jpeg\" \/>\n<meta name=\"twitter:card\" content=\"summary_large_image\" \/>\n<meta name=\"twitter:site\" content=\"@editionspowpow\" \/>\n<meta name=\"twitter:label1\" content=\"Est. reading time\" \/>\n\t<meta name=\"twitter:data1\" content=\"1 minute\" \/>\n<script type=\"application\/ld+json\" class=\"yoast-schema-graph\">{\"@context\":\"https:\/\/schema.org\",\"@graph\":[{\"@type\":\"WebPage\",\"@id\":\"https:\/\/editionspowpow.com\/en\/products\/salade-de-fruits\/\",\"url\":\"https:\/\/editionspowpow.com\/en\/products\/salade-de-fruits\/\",\"name\":\"Salade de fruits - \u00c9ditions Pow Pow\",\"isPartOf\":{\"@id\":\"https:\/\/editionspowpow.com\/en\/#website\"},\"primaryImageOfPage\":{\"@id\":\"https:\/\/editionspowpow.com\/en\/products\/salade-de-fruits\/#primaryimage\"},\"image\":{\"@id\":\"https:\/\/editionspowpow.com\/en\/products\/salade-de-fruits\/#primaryimage\"},\"thumbnailUrl\":\"https:\/\/edition-pow-pow-bucket.storage.googleapis.com\/wp-content\/uploads\/2024\/04\/POW_couverture_salede_de_fruits_RGB.jpg\",\"datePublished\":\"2024-04-24T14:13:54+00:00\",\"dateModified\":\"2026-02-09T15:33:33+00:00\",\"breadcrumb\":{\"@id\":\"https:\/\/editionspowpow.com\/en\/products\/salade-de-fruits\/#breadcrumb\"},\"inLanguage\":\"en-US\",\"potentialAction\":[{\"@type\":\"ReadAction\",\"target\":[\"https:\/\/editionspowpow.com\/en\/products\/salade-de-fruits\/\"]}]},{\"@type\":\"ImageObject\",\"inLanguage\":\"en-US\",\"@id\":\"https:\/\/editionspowpow.com\/en\/products\/salade-de-fruits\/#primaryimage\",\"url\":\"https:\/\/edition-pow-pow-bucket.storage.googleapis.com\/wp-content\/uploads\/2024\/04\/POW_couverture_salede_de_fruits_RGB.jpg\",\"contentUrl\":\"https:\/\/edition-pow-pow-bucket.storage.googleapis.com\/wp-content\/uploads\/2024\/04\/POW_couverture_salede_de_fruits_RGB.jpg\",\"width\":1390,\"height\":1920},{\"@type\":\"BreadcrumbList\",\"@id\":\"https:\/\/editionspowpow.com\/en\/products\/salade-de-fruits\/#breadcrumb\",\"itemListElement\":[{\"@type\":\"ListItem\",\"position\":1,\"name\":\"Home\",\"item\":\"https:\/\/editionspowpow.com\/en\/\"},{\"@type\":\"ListItem\",\"position\":2,\"name\":\"Shop\",\"item\":\"https:\/\/editionspowpow.com\/en\/shop\/\"},{\"@type\":\"ListItem\",\"position\":3,\"name\":\"Salade de fruits\"}]},{\"@type\":\"WebSite\",\"@id\":\"https:\/\/editionspowpow.com\/en\/#website\",\"url\":\"https:\/\/editionspowpow.com\/en\/\",\"name\":\"\u00c9ditions Pow Pow\",\"description\":\"\",\"publisher\":{\"@id\":\"https:\/\/editionspowpow.com\/en\/#organization\"},\"potentialAction\":[{\"@type\":\"SearchAction\",\"target\":{\"@type\":\"EntryPoint\",\"urlTemplate\":\"https:\/\/editionspowpow.com\/en\/?s={search_term_string}\"},\"query-input\":{\"@type\":\"PropertyValueSpecification\",\"valueRequired\":true,\"valueName\":\"search_term_string\"}}],\"inLanguage\":\"en-US\"},{\"@type\":\"Organization\",\"@id\":\"https:\/\/editionspowpow.com\/en\/#organization\",\"name\":\"\u00c9ditions Pow Pow\",\"url\":\"https:\/\/editionspowpow.com\/en\/\",\"logo\":{\"@type\":\"ImageObject\",\"inLanguage\":\"en-US\",\"@id\":\"https:\/\/editionspowpow.com\/en\/#\/schema\/logo\/image\/\",\"url\":\"https:\/\/edition-pow-pow-bucket.storage.googleapis.com\/wp-content\/uploads\/2024\/03\/logo_site_pow_pow_VERTICAL.png\",\"contentUrl\":\"https:\/\/edition-pow-pow-bucket.storage.googleapis.com\/wp-content\/uploads\/2024\/03\/logo_site_pow_pow_VERTICAL.png\",\"width\":1600,\"height\":1200,\"caption\":\"\u00c9ditions Pow Pow\"},\"image\":{\"@id\":\"https:\/\/editionspowpow.com\/en\/#\/schema\/logo\/image\/\"},\"sameAs\":[\"https:\/\/www.facebook.com\/editionspowpow\",\"https:\/\/x.com\/editionspowpow\"]}]}<\/script>\n<!-- \/ Yoast SEO plugin. -->","yoast_head_json":{"title":"Salade de fruits - \u00c9ditions Pow Pow","robots":{"index":"index","follow":"follow","max-snippet":"max-snippet:-1","max-image-preview":"max-image-preview:large","max-video-preview":"max-video-preview:-1"},"canonical":"https:\/\/editionspowpow.com\/en\/products\/salade-de-fruits\/","og_locale":"en_US","og_type":"article","og_title":"Salade de fruits - \u00c9ditions Pow Pow","og_description":"Observez les tr\u00e9pidantes tribulations de Cathon \u00e0 travers les courtes bandes dessin\u00e9es de ce recueil bien juteux. Que ce soit au tiki bar, dans un festival BD, dans sa cuisine ou simplement en promenade dans les rues de Montr\u00e9al, Cathon nous invite \u00e0 l\u2019accompagner dans sa vie de tous les jours, telle une meilleure amie [&hellip;]","og_url":"https:\/\/editionspowpow.com\/en\/products\/salade-de-fruits\/","og_site_name":"\u00c9ditions Pow Pow","article_publisher":"https:\/\/www.facebook.com\/editionspowpow","article_modified_time":"2026-02-09T15:33:33+00:00","og_image":[{"width":1390,"height":1920,"url":"https:\/\/edition-pow-pow-bucket.storage.googleapis.com\/wp-content\/uploads\/2024\/04\/POW_couverture_salede_de_fruits_RGB.jpg","type":"image\/jpeg"}],"twitter_card":"summary_large_image","twitter_site":"@editionspowpow","twitter_misc":{"Est. reading time":"1 minute"},"schema":{"@context":"https:\/\/schema.org","@graph":[{"@type":"WebPage","@id":"https:\/\/editionspowpow.com\/en\/products\/salade-de-fruits\/","url":"https:\/\/editionspowpow.com\/en\/products\/salade-de-fruits\/","name":"Salade de fruits - \u00c9ditions Pow Pow","isPartOf":{"@id":"https:\/\/editionspowpow.com\/en\/#website"},"primaryImageOfPage":{"@id":"https:\/\/editionspowpow.com\/en\/products\/salade-de-fruits\/#primaryimage"},"image":{"@id":"https:\/\/editionspowpow.com\/en\/products\/salade-de-fruits\/#primaryimage"},"thumbnailUrl":"https:\/\/edition-pow-pow-bucket.storage.googleapis.com\/wp-content\/uploads\/2024\/04\/POW_couverture_salede_de_fruits_RGB.jpg","datePublished":"2024-04-24T14:13:54+00:00","dateModified":"2026-02-09T15:33:33+00:00","breadcrumb":{"@id":"https:\/\/editionspowpow.com\/en\/products\/salade-de-fruits\/#breadcrumb"},"inLanguage":"en-US","potentialAction":[{"@type":"ReadAction","target":["https:\/\/editionspowpow.com\/en\/products\/salade-de-fruits\/"]}]},{"@type":"ImageObject","inLanguage":"en-US","@id":"https:\/\/editionspowpow.com\/en\/products\/salade-de-fruits\/#primaryimage","url":"https:\/\/edition-pow-pow-bucket.storage.googleapis.com\/wp-content\/uploads\/2024\/04\/POW_couverture_salede_de_fruits_RGB.jpg","contentUrl":"https:\/\/edition-pow-pow-bucket.storage.googleapis.com\/wp-content\/uploads\/2024\/04\/POW_couverture_salede_de_fruits_RGB.jpg","width":1390,"height":1920},{"@type":"BreadcrumbList","@id":"https:\/\/editionspowpow.com\/en\/products\/salade-de-fruits\/#breadcrumb","itemListElement":[{"@type":"ListItem","position":1,"name":"Home","item":"https:\/\/editionspowpow.com\/en\/"},{"@type":"ListItem","position":2,"name":"Shop","item":"https:\/\/editionspowpow.com\/en\/shop\/"},{"@type":"ListItem","position":3,"name":"Salade de fruits"}]},{"@type":"WebSite","@id":"https:\/\/editionspowpow.com\/en\/#website","url":"https:\/\/editionspowpow.com\/en\/","name":"\u00c9ditions Pow Pow","description":"","publisher":{"@id":"https:\/\/editionspowpow.com\/en\/#organization"},"potentialAction":[{"@type":"SearchAction","target":{"@type":"EntryPoint","urlTemplate":"https:\/\/editionspowpow.com\/en\/?s={search_term_string}"},"query-input":{"@type":"PropertyValueSpecification","valueRequired":true,"valueName":"search_term_string"}}],"inLanguage":"en-US"},{"@type":"Organization","@id":"https:\/\/editionspowpow.com\/en\/#organization","name":"\u00c9ditions Pow Pow","url":"https:\/\/editionspowpow.com\/en\/","logo":{"@type":"ImageObject","inLanguage":"en-US","@id":"https:\/\/editionspowpow.com\/en\/#\/schema\/logo\/image\/","url":"https:\/\/edition-pow-pow-bucket.storage.googleapis.com\/wp-content\/uploads\/2024\/03\/logo_site_pow_pow_VERTICAL.png","contentUrl":"https:\/\/edition-pow-pow-bucket.storage.googleapis.com\/wp-content\/uploads\/2024\/03\/logo_site_pow_pow_VERTICAL.png","width":1600,"height":1200,"caption":"\u00c9ditions Pow Pow"},"image":{"@id":"https:\/\/editionspowpow.com\/en\/#\/schema\/logo\/image\/"},"sameAs":["https:\/\/www.facebook.com\/editionspowpow","https:\/\/x.com\/editionspowpow"]}]}},"_links":{"self":[{"href":"https:\/\/editionspowpow.com\/en\/wp-json\/wp\/v2\/product\/23501","targetHints":{"allow":["GET"]}}],"collection":[{"href":"https:\/\/editionspowpow.com\/en\/wp-json\/wp\/v2\/product"}],"about":[{"href":"https:\/\/editionspowpow.com\/en\/wp-json\/wp\/v2\/types\/product"}],"acf:post":[{"embeddable":true,"href":"https:\/\/editionspowpow.com\/en\/wp-json\/wp\/v2\/product\/25321"}],"wp:featuredmedia":[{"embeddable":true,"href":"https:\/\/editionspowpow.com\/en\/wp-json\/wp\/v2\/media\/22614"}],"wp:attachment":[{"href":"https:\/\/editionspowpow.com\/en\/wp-json\/wp\/v2\/media?parent=23501"}],"wp:term":[{"taxonomy":"product_brand","embeddable":true,"href":"https:\/\/editionspowpow.com\/en\/wp-json\/wp\/v2\/product_brand?post=23501"},{"taxonomy":"product_cat","embeddable":true,"href":"https:\/\/editionspowpow.com\/en\/wp-json\/wp\/v2\/product_cat?post=23501"},{"taxonomy":"product_tag","embeddable":true,"href":"https:\/\/editionspowpow.com\/en\/wp-json\/wp\/v2\/product_tag?post=23501"}],"curies":[{"name":"wp","href":"https:\/\/api.w.org\/{rel}","templated":true}]}}