{"id":23507,"date":"2024-04-24T11:10:54","date_gmt":"2024-04-24T15:10:54","guid":{"rendered":"https:\/\/editionspowpow.com\/boutique\/les-contradictions\/"},"modified":"2026-02-09T11:33:32","modified_gmt":"2026-02-09T15:33:32","slug":"les-contradictions","status":"publish","type":"product","link":"https:\/\/editionspowpow.com\/en\/products\/les-contradictions\/","title":{"rendered":"Les contradictions"},"content":{"rendered":"<p>Sophie, une jeune Am\u00e9ricaine queer et militante, d\u00e9barque \u00e0 Paris dans le cadre d\u2019un programme d\u2019\u00e9change \u00e9tudiant. La semaine de rel\u00e2che arrive et, avec une nouvelle amie anarchiste, elle d\u00e9cide de faire du pouce jusqu\u2019\u00e0 Berlin en faisant un crochet par Amsterdam. Elle est bient\u00f4t confront\u00e9e aux limites de son engagement politique, \u00e0 ses propres contradictions, mais aussi \u00e0 celles des autres.<\/p>\n<p>Dans un style minimaliste, tant\u00f4t po\u00e9tique, tant\u00f4t grin\u00e7ant, Sophie Yanow aborde avec lucidit\u00e9 l\u2019incoh\u00e9rence qui oppose parfois nos discours \u00e0 nos actions.<\/p>\n","protected":false},"excerpt":{"rendered":"<p>Sophie, une jeune Am\u00e9ricaine queer et militante, d\u00e9barque \u00e0 Paris dans le cadre d\u2019un programme d\u2019\u00e9change \u00e9tudiant. La semaine de rel\u00e2che arrive et, avec une nouvelle amie anarchiste, elle d\u00e9cide de faire du pouce jusqu\u2019\u00e0 Berlin en faisant un crochet par Amsterdam. Elle est bient\u00f4t confront\u00e9e aux limites de son engagement politique, \u00e0 ses propres [&hellip;]<\/p>\n","protected":false},"featured_media":22742,"template":"","meta":{"_acf_changed":false},"product_brand":[],"product_cat":[271],"product_tag":[317,319,320],"class_list":{"0":"post-23507","1":"product","2":"type-product","3":"status-publish","4":"has-post-thumbnail","6":"wc_square_synced-yes","7":"product_cat-comic","8":"product_tag-lgbtq-en-2","9":"product_tag-recit-dapprentissage-en","10":"product_tag-recit-de-voyage-en","11":"product_shipping_class-format-standard-en","13":"first","14":"instock","15":"taxable","16":"shipping-taxable","17":"purchasable","18":"product-type-simple"},"acf":{"language":"fr","other_language_products":"","authors":[{"author_title":22729,"is_custom_job_title":false,"job_titles":[]},{"author_title":22306,"is_custom_job_title":true,"job_titles":[179]}],"total_pages":208,"isbn":"978-2-925114-36-9","release_date":"20240522","other_release_dates":[{"date":"20241018","country":"Europe"}],"has_product_excerpt":true,"button_excerpt_position":"left","accent_color":"#DDB9D3","awards":[{"content":"Prix Eisner de la meilleure bande dessin\u00e9e en ligne 2019"}],"comments":[{"content":"Dans cet album, sobrement et magnifiquement \u00e9crit, Yanow r\u00e9ussit \u00e0 mettre le doigt sur ce moment charni\u00e8re au cours duquel nous affrontons nos propres dissonances vis-\u00e0-vis de nos id\u00e9aux, qui ne sont pas toujours compatibles avec tout ce qui est venu avant. Un regard juste sur le passage \u00e0 l\u2019\u00e2ge adulte.","credit_group":{"content":"Fran\u00e7ois Lemay, Le Devoir, 22 juin 2024","link":"https:\/\/www.ledevoir.com\/lire\/815287\/notre-selection-bede-mois-juin","is_external_link":true}},{"content":"R\u00e9cit de voyage, exp\u00e9rience introspective, prise de conscience intime autant que politique,\u00a0<em>Les contradictions<\/em>\u00a0est une ode aux errements existentiels qui, loin d\u2019\u00eatre des postures, peuvent \u00eatre l\u2019occasion d\u2019ouvrir des voies \u00e9thiques qui ne mettent pas sous le tapis les conflits d\u2019opinions et les tiraillements int\u00e9rieurs.","credit_group":{"content":"Marie Viguier, Maze, 25 novembre 2024","link":"http:\/\/maze.fr\/2024\/11\/les-contradictions-cartooniste-auto-stoppeuse\/","is_external_link":true}},{"content":"Un roman graphique au trait de crayon minimaliste et aux conversations savoureuses, qui en font une lecture fort agr\u00e9able.","credit_group":{"content":"Julie Roy, L'actualit\u00e9, 5 juin 2024","link":"https:\/\/lactualite.com\/culture\/les-6-meilleurs-livres-a-lire-en-juin-2024\/","is_external_link":true}},{"content":"C'est \u00e0 d\u00e9couvrir, c'est \u00e0 partager, je le recommande fortement!","credit_group":{"content":"Dany Arsenault, Au c\u0153ur du monde (Radio-Canada), 14 juin 2024","link":"https:\/\/ici.radio-canada.ca\/ohdio\/premiere\/emissions\/au-coeur-du-monde\/segments\/rattrapage\/1783502\/chronique-bd-avec-dany-arsenault","is_external_link":true}},{"content":"Pour tous ceux et celles qui sont friands d\u2019histoires de voyages ou qui veulent simplement revivre leur jeunesse par procuration, prenez place et laissez-vous transporter par la po\u00e9sie du quotidien.","credit_group":{"content":"Mathieu Roy, BDQG, 16 juillet 2024","link":"https:\/\/bdqg.blog\/2024\/07\/16\/les-contradictions\/","is_external_link":true}},{"content":"Au-del\u00e0 d\u2019une bande dessin\u00e9e sur les contradictions et complexit\u00e9s de la militance et des convictions, Sophie Yanow nous offre finalement une tr\u00e8s belle bande dessin\u00e9e sur la jeunesse.","credit_group":{"content":"Annick Lavogiez, Page par page, 11 ao\u00fbt 2024","link":"https:\/\/pageparpage.com\/les-contradictions\/","is_external_link":true}},{"content":"<p class=\"p1\">Ce <em>roadtrip<\/em> aura \u00e9t\u00e9 \u00e9mancipateur, et ce n\u2019est que le d\u00e9but.<\/p>","credit_group":{"content":"Tiphaine Delahaye, Lettres qu\u00e9b\u00e9coises, no. 94, septembre 2024","link":"","is_external_link":false}},{"content":"<em>Les contradictions<\/em> se glisse dans les pas des \u0153uvres de Bechdel. Aussi fort, intelligent et intimiste que ceux de l\u2019autrice n\u00e9e \u00e0 Lock Haven. [...] Sophie Yanow est une autrice nord-am\u00e9ricaine \u00e0 d\u00e9couvrir. Son univers intimiste est singulier mais \u00f4 combien enrichissant.","credit_group":{"content":"Damien Canteau, ComixTrip, 1er novembre 2024","link":"https:\/\/www.comixtrip.fr\/bibliotheque\/les-contradictions-yanow-pow-pow\/","is_external_link":true}},{"content":"Avec humour et subtilit\u00e9, Sophie Yanow expose les dissonances entre ses personnages, \u00e0 l\u2019\u00e2ge des contradictions.","credit_group":{"content":"Ana\u00efs Dinarque, Maze (top des meilleures BD de 2024), 31 d\u00e9cembre 2024","link":"https:\/\/maze.fr\/2024\/12\/top-les-meilleures-bd-de-lannee-2024\/","is_external_link":true}}],"video_gallery":[{"video_url":"https:\/\/youtu.be\/dFtYENLoDpo","title":"Les contradictions \u2013 Sophie Yanow","video_preview":24210,"video_duration":""}]},"yoast_head":"<!-- This site is optimized with the Yoast SEO plugin v26.9 - https:\/\/yoast.com\/product\/yoast-seo-wordpress\/ -->\n<title>Les contradictions - \u00c9ditions Pow Pow<\/title>\n<meta name=\"robots\" content=\"index, follow, max-snippet:-1, max-image-preview:large, max-video-preview:-1\" \/>\n<link rel=\"canonical\" href=\"https:\/\/editionspowpow.com\/en\/products\/les-contradictions\/\" \/>\n<meta property=\"og:locale\" content=\"en_US\" \/>\n<meta property=\"og:type\" content=\"article\" \/>\n<meta property=\"og:title\" content=\"Les contradictions - \u00c9ditions Pow Pow\" \/>\n<meta property=\"og:description\" content=\"Sophie, une jeune Am\u00e9ricaine queer et militante, d\u00e9barque \u00e0 Paris dans le cadre d\u2019un programme d\u2019\u00e9change \u00e9tudiant. La semaine de rel\u00e2che arrive et, avec une nouvelle amie anarchiste, elle d\u00e9cide de faire du pouce jusqu\u2019\u00e0 Berlin en faisant un crochet par Amsterdam. Elle est bient\u00f4t confront\u00e9e aux limites de son engagement politique, \u00e0 ses propres [&hellip;]\" \/>\n<meta property=\"og:url\" content=\"https:\/\/editionspowpow.com\/en\/products\/les-contradictions\/\" \/>\n<meta property=\"og:site_name\" content=\"\u00c9ditions Pow Pow\" \/>\n<meta property=\"article:publisher\" content=\"https:\/\/www.facebook.com\/editionspowpow\" \/>\n<meta property=\"article:modified_time\" content=\"2026-02-09T15:33:32+00:00\" \/>\n<meta property=\"og:image\" content=\"https:\/\/edition-pow-pow-bucket.storage.googleapis.com\/wp-content\/uploads\/2024\/04\/POW_couverture_les_contradictions_RGB.jpg\" \/>\n\t<meta property=\"og:image:width\" content=\"900\" \/>\n\t<meta property=\"og:image:height\" content=\"1188\" \/>\n\t<meta property=\"og:image:type\" content=\"image\/jpeg\" \/>\n<meta name=\"twitter:card\" content=\"summary_large_image\" \/>\n<meta name=\"twitter:site\" content=\"@editionspowpow\" \/>\n<meta name=\"twitter:label1\" content=\"Est. reading time\" \/>\n\t<meta name=\"twitter:data1\" content=\"1 minute\" \/>\n<script type=\"application\/ld+json\" class=\"yoast-schema-graph\">{\"@context\":\"https:\/\/schema.org\",\"@graph\":[{\"@type\":\"WebPage\",\"@id\":\"https:\/\/editionspowpow.com\/en\/products\/les-contradictions\/\",\"url\":\"https:\/\/editionspowpow.com\/en\/products\/les-contradictions\/\",\"name\":\"Les contradictions - \u00c9ditions Pow Pow\",\"isPartOf\":{\"@id\":\"https:\/\/editionspowpow.com\/en\/#website\"},\"primaryImageOfPage\":{\"@id\":\"https:\/\/editionspowpow.com\/en\/products\/les-contradictions\/#primaryimage\"},\"image\":{\"@id\":\"https:\/\/editionspowpow.com\/en\/products\/les-contradictions\/#primaryimage\"},\"thumbnailUrl\":\"https:\/\/edition-pow-pow-bucket.storage.googleapis.com\/wp-content\/uploads\/2024\/04\/POW_couverture_les_contradictions_RGB.jpg\",\"datePublished\":\"2024-04-24T15:10:54+00:00\",\"dateModified\":\"2026-02-09T15:33:32+00:00\",\"breadcrumb\":{\"@id\":\"https:\/\/editionspowpow.com\/en\/products\/les-contradictions\/#breadcrumb\"},\"inLanguage\":\"en-US\",\"potentialAction\":[{\"@type\":\"ReadAction\",\"target\":[\"https:\/\/editionspowpow.com\/en\/products\/les-contradictions\/\"]}]},{\"@type\":\"ImageObject\",\"inLanguage\":\"en-US\",\"@id\":\"https:\/\/editionspowpow.com\/en\/products\/les-contradictions\/#primaryimage\",\"url\":\"https:\/\/edition-pow-pow-bucket.storage.googleapis.com\/wp-content\/uploads\/2024\/04\/POW_couverture_les_contradictions_RGB.jpg\",\"contentUrl\":\"https:\/\/edition-pow-pow-bucket.storage.googleapis.com\/wp-content\/uploads\/2024\/04\/POW_couverture_les_contradictions_RGB.jpg\",\"width\":900,\"height\":1188},{\"@type\":\"BreadcrumbList\",\"@id\":\"https:\/\/editionspowpow.com\/en\/products\/les-contradictions\/#breadcrumb\",\"itemListElement\":[{\"@type\":\"ListItem\",\"position\":1,\"name\":\"Home\",\"item\":\"https:\/\/editionspowpow.com\/en\/\"},{\"@type\":\"ListItem\",\"position\":2,\"name\":\"Shop\",\"item\":\"https:\/\/editionspowpow.com\/en\/shop\/\"},{\"@type\":\"ListItem\",\"position\":3,\"name\":\"Les contradictions\"}]},{\"@type\":\"WebSite\",\"@id\":\"https:\/\/editionspowpow.com\/en\/#website\",\"url\":\"https:\/\/editionspowpow.com\/en\/\",\"name\":\"\u00c9ditions Pow Pow\",\"description\":\"\",\"publisher\":{\"@id\":\"https:\/\/editionspowpow.com\/en\/#organization\"},\"potentialAction\":[{\"@type\":\"SearchAction\",\"target\":{\"@type\":\"EntryPoint\",\"urlTemplate\":\"https:\/\/editionspowpow.com\/en\/?s={search_term_string}\"},\"query-input\":{\"@type\":\"PropertyValueSpecification\",\"valueRequired\":true,\"valueName\":\"search_term_string\"}}],\"inLanguage\":\"en-US\"},{\"@type\":\"Organization\",\"@id\":\"https:\/\/editionspowpow.com\/en\/#organization\",\"name\":\"\u00c9ditions Pow Pow\",\"url\":\"https:\/\/editionspowpow.com\/en\/\",\"logo\":{\"@type\":\"ImageObject\",\"inLanguage\":\"en-US\",\"@id\":\"https:\/\/editionspowpow.com\/en\/#\/schema\/logo\/image\/\",\"url\":\"https:\/\/edition-pow-pow-bucket.storage.googleapis.com\/wp-content\/uploads\/2024\/03\/logo_site_pow_pow_VERTICAL.png\",\"contentUrl\":\"https:\/\/edition-pow-pow-bucket.storage.googleapis.com\/wp-content\/uploads\/2024\/03\/logo_site_pow_pow_VERTICAL.png\",\"width\":1600,\"height\":1200,\"caption\":\"\u00c9ditions Pow Pow\"},\"image\":{\"@id\":\"https:\/\/editionspowpow.com\/en\/#\/schema\/logo\/image\/\"},\"sameAs\":[\"https:\/\/www.facebook.com\/editionspowpow\",\"https:\/\/x.com\/editionspowpow\"]}]}<\/script>\n<!-- \/ Yoast SEO plugin. -->","yoast_head_json":{"title":"Les contradictions - \u00c9ditions Pow Pow","robots":{"index":"index","follow":"follow","max-snippet":"max-snippet:-1","max-image-preview":"max-image-preview:large","max-video-preview":"max-video-preview:-1"},"canonical":"https:\/\/editionspowpow.com\/en\/products\/les-contradictions\/","og_locale":"en_US","og_type":"article","og_title":"Les contradictions - \u00c9ditions Pow Pow","og_description":"Sophie, une jeune Am\u00e9ricaine queer et militante, d\u00e9barque \u00e0 Paris dans le cadre d\u2019un programme d\u2019\u00e9change \u00e9tudiant. La semaine de rel\u00e2che arrive et, avec une nouvelle amie anarchiste, elle d\u00e9cide de faire du pouce jusqu\u2019\u00e0 Berlin en faisant un crochet par Amsterdam. Elle est bient\u00f4t confront\u00e9e aux limites de son engagement politique, \u00e0 ses propres [&hellip;]","og_url":"https:\/\/editionspowpow.com\/en\/products\/les-contradictions\/","og_site_name":"\u00c9ditions Pow Pow","article_publisher":"https:\/\/www.facebook.com\/editionspowpow","article_modified_time":"2026-02-09T15:33:32+00:00","og_image":[{"width":900,"height":1188,"url":"https:\/\/edition-pow-pow-bucket.storage.googleapis.com\/wp-content\/uploads\/2024\/04\/POW_couverture_les_contradictions_RGB.jpg","type":"image\/jpeg"}],"twitter_card":"summary_large_image","twitter_site":"@editionspowpow","twitter_misc":{"Est. reading time":"1 minute"},"schema":{"@context":"https:\/\/schema.org","@graph":[{"@type":"WebPage","@id":"https:\/\/editionspowpow.com\/en\/products\/les-contradictions\/","url":"https:\/\/editionspowpow.com\/en\/products\/les-contradictions\/","name":"Les contradictions - \u00c9ditions Pow Pow","isPartOf":{"@id":"https:\/\/editionspowpow.com\/en\/#website"},"primaryImageOfPage":{"@id":"https:\/\/editionspowpow.com\/en\/products\/les-contradictions\/#primaryimage"},"image":{"@id":"https:\/\/editionspowpow.com\/en\/products\/les-contradictions\/#primaryimage"},"thumbnailUrl":"https:\/\/edition-pow-pow-bucket.storage.googleapis.com\/wp-content\/uploads\/2024\/04\/POW_couverture_les_contradictions_RGB.jpg","datePublished":"2024-04-24T15:10:54+00:00","dateModified":"2026-02-09T15:33:32+00:00","breadcrumb":{"@id":"https:\/\/editionspowpow.com\/en\/products\/les-contradictions\/#breadcrumb"},"inLanguage":"en-US","potentialAction":[{"@type":"ReadAction","target":["https:\/\/editionspowpow.com\/en\/products\/les-contradictions\/"]}]},{"@type":"ImageObject","inLanguage":"en-US","@id":"https:\/\/editionspowpow.com\/en\/products\/les-contradictions\/#primaryimage","url":"https:\/\/edition-pow-pow-bucket.storage.googleapis.com\/wp-content\/uploads\/2024\/04\/POW_couverture_les_contradictions_RGB.jpg","contentUrl":"https:\/\/edition-pow-pow-bucket.storage.googleapis.com\/wp-content\/uploads\/2024\/04\/POW_couverture_les_contradictions_RGB.jpg","width":900,"height":1188},{"@type":"BreadcrumbList","@id":"https:\/\/editionspowpow.com\/en\/products\/les-contradictions\/#breadcrumb","itemListElement":[{"@type":"ListItem","position":1,"name":"Home","item":"https:\/\/editionspowpow.com\/en\/"},{"@type":"ListItem","position":2,"name":"Shop","item":"https:\/\/editionspowpow.com\/en\/shop\/"},{"@type":"ListItem","position":3,"name":"Les contradictions"}]},{"@type":"WebSite","@id":"https:\/\/editionspowpow.com\/en\/#website","url":"https:\/\/editionspowpow.com\/en\/","name":"\u00c9ditions Pow Pow","description":"","publisher":{"@id":"https:\/\/editionspowpow.com\/en\/#organization"},"potentialAction":[{"@type":"SearchAction","target":{"@type":"EntryPoint","urlTemplate":"https:\/\/editionspowpow.com\/en\/?s={search_term_string}"},"query-input":{"@type":"PropertyValueSpecification","valueRequired":true,"valueName":"search_term_string"}}],"inLanguage":"en-US"},{"@type":"Organization","@id":"https:\/\/editionspowpow.com\/en\/#organization","name":"\u00c9ditions Pow Pow","url":"https:\/\/editionspowpow.com\/en\/","logo":{"@type":"ImageObject","inLanguage":"en-US","@id":"https:\/\/editionspowpow.com\/en\/#\/schema\/logo\/image\/","url":"https:\/\/edition-pow-pow-bucket.storage.googleapis.com\/wp-content\/uploads\/2024\/03\/logo_site_pow_pow_VERTICAL.png","contentUrl":"https:\/\/edition-pow-pow-bucket.storage.googleapis.com\/wp-content\/uploads\/2024\/03\/logo_site_pow_pow_VERTICAL.png","width":1600,"height":1200,"caption":"\u00c9ditions Pow Pow"},"image":{"@id":"https:\/\/editionspowpow.com\/en\/#\/schema\/logo\/image\/"},"sameAs":["https:\/\/www.facebook.com\/editionspowpow","https:\/\/x.com\/editionspowpow"]}]}},"_links":{"self":[{"href":"https:\/\/editionspowpow.com\/en\/wp-json\/wp\/v2\/product\/23507","targetHints":{"allow":["GET"]}}],"collection":[{"href":"https:\/\/editionspowpow.com\/en\/wp-json\/wp\/v2\/product"}],"about":[{"href":"https:\/\/editionspowpow.com\/en\/wp-json\/wp\/v2\/types\/product"}],"wp:featuredmedia":[{"embeddable":true,"href":"https:\/\/editionspowpow.com\/en\/wp-json\/wp\/v2\/media\/22742"}],"wp:attachment":[{"href":"https:\/\/editionspowpow.com\/en\/wp-json\/wp\/v2\/media?parent=23507"}],"wp:term":[{"taxonomy":"product_brand","embeddable":true,"href":"https:\/\/editionspowpow.com\/en\/wp-json\/wp\/v2\/product_brand?post=23507"},{"taxonomy":"product_cat","embeddable":true,"href":"https:\/\/editionspowpow.com\/en\/wp-json\/wp\/v2\/product_cat?post=23507"},{"taxonomy":"product_tag","embeddable":true,"href":"https:\/\/editionspowpow.com\/en\/wp-json\/wp\/v2\/product_tag?post=23507"}],"curies":[{"name":"wp","href":"https:\/\/api.w.org\/{rel}","templated":true}]}}