{"id":23510,"date":"2023-04-17T14:20:40","date_gmt":"2023-04-17T18:20:40","guid":{"rendered":"https:\/\/editionspowpow.com\/boutique\/casa-rodeo\/"},"modified":"2026-02-09T11:33:40","modified_gmt":"2026-02-09T15:33:40","slug":"casa-rodeo","status":"publish","type":"product","link":"https:\/\/editionspowpow.com\/en\/products\/casa-rodeo\/","title":{"rendered":"Casa Rodeo"},"content":{"rendered":"<p>Chaos, paresse et dangereuses exp\u00e9riences scientifiques : c\u2019est une journ\u00e9e comme les autres chez Caropin et ses amis, jusqu\u2019\u00e0 ce que leur propre maison en ait assez de leurs frasques et d\u00e9cide de les abandonner. Arriveront-ils \u00e0 la retrouver? Acceptera-t-elle de les h\u00e9berger \u00e0 nouveau? Dans <em>Casa Rodeo,<\/em> m\u00eame les maisons ont des sentiments\u2026<\/p>\n","protected":false},"excerpt":{"rendered":"<p>Chaos, paresse et dangereuses exp\u00e9riences scientifiques : c\u2019est une journ\u00e9e comme les autres chez Caropin et ses amis, jusqu\u2019\u00e0 ce que leur propre maison en ait assez de leurs frasques et d\u00e9cide de les abandonner. Arriveront-ils \u00e0 la retrouver? Acceptera-t-elle de les h\u00e9berger \u00e0 nouveau? Dans Casa Rodeo, m\u00eame les maisons ont des sentiments\u2026<\/p>\n","protected":false},"featured_media":1826,"template":"","meta":{"_acf_changed":false},"product_brand":[],"product_cat":[271],"product_tag":[262,265,315],"class_list":{"0":"post-23510","1":"product","2":"type-product","3":"status-publish","4":"has-post-thumbnail","6":"wc_square_synced-yes","7":"product_cat-comic","8":"product_tag-action-en","9":"product_tag-adventure","10":"product_tag-humour-rocambolesque-en","11":"product_shipping_class-format-standard-en","13":"first","14":"instock","15":"taxable","16":"shipping-taxable","17":"purchasable","18":"product-type-simple"},"acf":{"language":"fr","other_language_products":[19553],"authors":[{"author_title":22343,"is_custom_job_title":false,"job_titles":[]}],"total_pages":240,"isbn":"978-2-924049-83-9","release_date":"20201110","other_release_dates":[{"date":"20210219","country":"Europe"}],"has_product_excerpt":true,"button_excerpt_position":"left","accent_color":"#D44929","awards":[{"content":"Finaliste \u2013 Grand prix de la ville de Qu\u00e9bec des B\u00e9d\u00e9is Causa 2021"},{"content":"Finaliste \u2013 prix B\u00e9d\u00e9lys Qu\u00e9bec 2021"}],"comments":[{"content":"En \u00e0 peine deux albums, l\u2019auteur Thom a r\u00e9ussi \u00e0 s\u2019imposer comme l\u2019une des voix les plus int\u00e9ressantes et singuli\u00e8res de sa g\u00e9n\u00e9ration dans l\u2019\u00e9cosyst\u00e8me qu\u00e9b\u00e9cois. [\u2026] Alors que plusieurs artistes mill\u00e9niaux donnent dans le r\u00e9cit intimiste, Thom emprunte un tout autre sentier, non moins exigeant et diablement rafra\u00eechissant. Nourri par les <em>Looney Tunes,<\/em> Buster Keaton et Charlie Chaplin, il aborde la bande dessin\u00e9e muette avec verve et vigueur. Un choix audacieux, car cela exige une grande ma\u00eetrise du d\u00e9coupage, du rythme et de la direction d\u2019acteur, o\u00f9 seule l\u2019image parle.","credit_group":{"content":"Jean-Dominic Leduc, Journal de Montr\u00e9al, 17 janvier 2021","link":"https:\/\/www.journaldemontreal.com\/2021\/01\/17\/bande-dessinee-releve-prometteuse","is_external_link":true}},{"content":"Une BD originale (Thom est d\u2019ailleurs un des rares b\u00e9d\u00e9istes \u00e0 r\u00e9aliser des bandes dessin\u00e9es muettes au Qu\u00e9bec), parfaite pour les fans de l\u2019univers des <em>Looney Tunes.<\/em> Ce jeune auteur de talent vaut vraiment la peine d\u2019\u00eatre d\u00e9couvert, croyez-moi.","credit_group":{"content":"Sabrina C\u00f4t\u00e9, Les libraires, 15 f\u00e9vrier 2021","link":"","is_external_link":true}},{"content":"Comme un film muet ou un \u00e9pisode des <em>Looney Tunes<\/em>, les ressorts comiques emprunt\u00e9s fonctionnent \u00e0 merveille. L\u2019humour noir et burlesque procure un go\u00fbt de revenez-y en ajoutant une couche d\u2019absurdit\u00e9 \u00e0 une histoire d\u00e9j\u00e0 tordue o\u00f9 il fait bon y retourner\u2026 comme \u00e0 la maison.","credit_group":{"content":" Mathieu Roy, BDQG, 16 d\u00e9cembre 2020","link":"https:\/\/bdqg.blog\/2020\/12\/16\/casa-rodeo-run-maison-run\/","is_external_link":true}},{"content":"De son trait d\u2019une efficacit\u00e9 frappante, d\u2019un noir et blanc tout en contraste et mouvement, il [Thom] compose un univers loufoque et sympathique, propice aux gags visuels.","credit_group":{"content":"Benjamin Roure, BoDo\u00ef, 22 f\u00e9vrier 2021","link":"","is_external_link":false}},{"content":"Au fil des pages silencieuses, le jeune b\u00e9d\u00e9iste d\u00e9montre sa ma\u00eetrise de la narration d\u00e9pourvue de parole. [\u2026] Outre les merveilleuses trouvailles sc\u00e9naristiques relatives au mage palmip\u00e8de (influenc\u00e9 par le courant expressionnisme allemand), le dessinateur s\u2019adonne habilement \u00e0 l\u2019humour de situation. [\u2026] Port\u00e9e par un style rond et des gags visuels, l\u2019amusante p\u00e9rip\u00e9tie <em>Casa Rodeo<\/em> se r\u00e9v\u00e8le d\u2019une profondeur philosophique inattendue!","credit_group":{"content":"Y. Machado, BD Gest, 18 mars 2021","link":"https:\/\/www.bdgest.com\/chronique-10323-BD-Casa-Rodeo-Casa-Rodeo.html?fbclid=IwAR12mdckoYCQuHQpxAk6hBMgqJrvntm2wM1DnH1nowOKGLZb3RIwOI4hTXA","is_external_link":true}},{"content":"Les gags reposent donc sur de l\u2019humour tr\u00e8s visuel \u2013 dont Thom s\u2019av\u00e8re plut\u00f4t dou\u00e9 \u2013 mais aussi celui de situations (plus cocasses les unes que les autres). Son trait \u00e9pais en noir et blanc dans la veine cartoon est id\u00e9al pour mettre en image la folie de <em>Casa Rodeo.<\/em>","credit_group":{"content":"Damien Canteau, ComixTrip, 26 avril 2021","link":"https:\/\/www.comixtrip.fr\/nouveautes\/casa-rodeo-thom-pow-pow\/","is_external_link":true}}],"video_gallery":[{"video_url":"https:\/\/www.youtube.com\/watch?v=9T5TPwbXstU","title":"Casa Rodeo","video_preview":19479,"video_duration":"1:22"},{"video_url":"https:\/\/www.youtube.com\/watch?v=ANRZdq-ZkQk","title":"Lancement virtuel","video_preview":19482,"video_duration":"55:28"}]},"yoast_head":"<!-- This site is optimized with the Yoast SEO plugin v26.9 - https:\/\/yoast.com\/product\/yoast-seo-wordpress\/ -->\n<title>Casa Rodeo - \u00c9ditions Pow Pow<\/title>\n<meta name=\"robots\" content=\"index, follow, max-snippet:-1, max-image-preview:large, max-video-preview:-1\" \/>\n<link rel=\"canonical\" href=\"https:\/\/editionspowpow.com\/en\/products\/casa-rodeo\/\" \/>\n<meta property=\"og:locale\" content=\"en_US\" \/>\n<meta property=\"og:type\" content=\"article\" \/>\n<meta property=\"og:title\" content=\"Casa Rodeo - \u00c9ditions Pow Pow\" \/>\n<meta property=\"og:description\" content=\"Chaos, paresse et dangereuses exp\u00e9riences scientifiques : c\u2019est une journ\u00e9e comme les autres chez Caropin et ses amis, jusqu\u2019\u00e0 ce que leur propre maison en ait assez de leurs frasques et d\u00e9cide de les abandonner. Arriveront-ils \u00e0 la retrouver? Acceptera-t-elle de les h\u00e9berger \u00e0 nouveau? Dans Casa Rodeo, m\u00eame les maisons ont des sentiments\u2026\" \/>\n<meta property=\"og:url\" content=\"https:\/\/editionspowpow.com\/en\/products\/casa-rodeo\/\" \/>\n<meta property=\"og:site_name\" content=\"\u00c9ditions Pow Pow\" \/>\n<meta property=\"article:publisher\" content=\"https:\/\/www.facebook.com\/editionspowpow\" \/>\n<meta property=\"article:modified_time\" content=\"2026-02-09T15:33:40+00:00\" \/>\n<meta property=\"og:image\" content=\"https:\/\/edition-pow-pow-bucket.storage.googleapis.com\/wp-content\/uploads\/2023\/04\/Casa_Rodeo_Cover_Web-1.jpg\" \/>\n\t<meta property=\"og:image:width\" content=\"938\" \/>\n\t<meta property=\"og:image:height\" content=\"1238\" \/>\n\t<meta property=\"og:image:type\" content=\"image\/jpeg\" \/>\n<meta name=\"twitter:card\" content=\"summary_large_image\" \/>\n<meta name=\"twitter:site\" content=\"@editionspowpow\" \/>\n<meta name=\"twitter:label1\" content=\"Est. reading time\" \/>\n\t<meta name=\"twitter:data1\" content=\"1 minute\" \/>\n<script type=\"application\/ld+json\" class=\"yoast-schema-graph\">{\"@context\":\"https:\/\/schema.org\",\"@graph\":[{\"@type\":\"WebPage\",\"@id\":\"https:\/\/editionspowpow.com\/en\/products\/casa-rodeo\/\",\"url\":\"https:\/\/editionspowpow.com\/en\/products\/casa-rodeo\/\",\"name\":\"Casa Rodeo - \u00c9ditions Pow Pow\",\"isPartOf\":{\"@id\":\"https:\/\/editionspowpow.com\/en\/#website\"},\"primaryImageOfPage\":{\"@id\":\"https:\/\/editionspowpow.com\/en\/products\/casa-rodeo\/#primaryimage\"},\"image\":{\"@id\":\"https:\/\/editionspowpow.com\/en\/products\/casa-rodeo\/#primaryimage\"},\"thumbnailUrl\":\"https:\/\/edition-pow-pow-bucket.storage.googleapis.com\/wp-content\/uploads\/2023\/04\/Casa_Rodeo_Cover_Web-1.jpg\",\"datePublished\":\"2023-04-17T18:20:40+00:00\",\"dateModified\":\"2026-02-09T15:33:40+00:00\",\"breadcrumb\":{\"@id\":\"https:\/\/editionspowpow.com\/en\/products\/casa-rodeo\/#breadcrumb\"},\"inLanguage\":\"en-US\",\"potentialAction\":[{\"@type\":\"ReadAction\",\"target\":[\"https:\/\/editionspowpow.com\/en\/products\/casa-rodeo\/\"]}]},{\"@type\":\"ImageObject\",\"inLanguage\":\"en-US\",\"@id\":\"https:\/\/editionspowpow.com\/en\/products\/casa-rodeo\/#primaryimage\",\"url\":\"https:\/\/edition-pow-pow-bucket.storage.googleapis.com\/wp-content\/uploads\/2023\/04\/Casa_Rodeo_Cover_Web-1.jpg\",\"contentUrl\":\"https:\/\/edition-pow-pow-bucket.storage.googleapis.com\/wp-content\/uploads\/2023\/04\/Casa_Rodeo_Cover_Web-1.jpg\",\"width\":938,\"height\":1238},{\"@type\":\"BreadcrumbList\",\"@id\":\"https:\/\/editionspowpow.com\/en\/products\/casa-rodeo\/#breadcrumb\",\"itemListElement\":[{\"@type\":\"ListItem\",\"position\":1,\"name\":\"Home\",\"item\":\"https:\/\/editionspowpow.com\/en\/\"},{\"@type\":\"ListItem\",\"position\":2,\"name\":\"Shop\",\"item\":\"https:\/\/editionspowpow.com\/en\/shop\/\"},{\"@type\":\"ListItem\",\"position\":3,\"name\":\"Casa Rodeo\"}]},{\"@type\":\"WebSite\",\"@id\":\"https:\/\/editionspowpow.com\/en\/#website\",\"url\":\"https:\/\/editionspowpow.com\/en\/\",\"name\":\"\u00c9ditions Pow Pow\",\"description\":\"\",\"publisher\":{\"@id\":\"https:\/\/editionspowpow.com\/en\/#organization\"},\"potentialAction\":[{\"@type\":\"SearchAction\",\"target\":{\"@type\":\"EntryPoint\",\"urlTemplate\":\"https:\/\/editionspowpow.com\/en\/?s={search_term_string}\"},\"query-input\":{\"@type\":\"PropertyValueSpecification\",\"valueRequired\":true,\"valueName\":\"search_term_string\"}}],\"inLanguage\":\"en-US\"},{\"@type\":\"Organization\",\"@id\":\"https:\/\/editionspowpow.com\/en\/#organization\",\"name\":\"\u00c9ditions Pow Pow\",\"url\":\"https:\/\/editionspowpow.com\/en\/\",\"logo\":{\"@type\":\"ImageObject\",\"inLanguage\":\"en-US\",\"@id\":\"https:\/\/editionspowpow.com\/en\/#\/schema\/logo\/image\/\",\"url\":\"https:\/\/edition-pow-pow-bucket.storage.googleapis.com\/wp-content\/uploads\/2024\/03\/logo_site_pow_pow_VERTICAL.png\",\"contentUrl\":\"https:\/\/edition-pow-pow-bucket.storage.googleapis.com\/wp-content\/uploads\/2024\/03\/logo_site_pow_pow_VERTICAL.png\",\"width\":1600,\"height\":1200,\"caption\":\"\u00c9ditions Pow Pow\"},\"image\":{\"@id\":\"https:\/\/editionspowpow.com\/en\/#\/schema\/logo\/image\/\"},\"sameAs\":[\"https:\/\/www.facebook.com\/editionspowpow\",\"https:\/\/x.com\/editionspowpow\"]}]}<\/script>\n<!-- \/ Yoast SEO plugin. -->","yoast_head_json":{"title":"Casa Rodeo - \u00c9ditions Pow Pow","robots":{"index":"index","follow":"follow","max-snippet":"max-snippet:-1","max-image-preview":"max-image-preview:large","max-video-preview":"max-video-preview:-1"},"canonical":"https:\/\/editionspowpow.com\/en\/products\/casa-rodeo\/","og_locale":"en_US","og_type":"article","og_title":"Casa Rodeo - \u00c9ditions Pow Pow","og_description":"Chaos, paresse et dangereuses exp\u00e9riences scientifiques : c\u2019est une journ\u00e9e comme les autres chez Caropin et ses amis, jusqu\u2019\u00e0 ce que leur propre maison en ait assez de leurs frasques et d\u00e9cide de les abandonner. Arriveront-ils \u00e0 la retrouver? Acceptera-t-elle de les h\u00e9berger \u00e0 nouveau? Dans Casa Rodeo, m\u00eame les maisons ont des sentiments\u2026","og_url":"https:\/\/editionspowpow.com\/en\/products\/casa-rodeo\/","og_site_name":"\u00c9ditions Pow Pow","article_publisher":"https:\/\/www.facebook.com\/editionspowpow","article_modified_time":"2026-02-09T15:33:40+00:00","og_image":[{"width":938,"height":1238,"url":"https:\/\/edition-pow-pow-bucket.storage.googleapis.com\/wp-content\/uploads\/2023\/04\/Casa_Rodeo_Cover_Web-1.jpg","type":"image\/jpeg"}],"twitter_card":"summary_large_image","twitter_site":"@editionspowpow","twitter_misc":{"Est. reading time":"1 minute"},"schema":{"@context":"https:\/\/schema.org","@graph":[{"@type":"WebPage","@id":"https:\/\/editionspowpow.com\/en\/products\/casa-rodeo\/","url":"https:\/\/editionspowpow.com\/en\/products\/casa-rodeo\/","name":"Casa Rodeo - \u00c9ditions Pow Pow","isPartOf":{"@id":"https:\/\/editionspowpow.com\/en\/#website"},"primaryImageOfPage":{"@id":"https:\/\/editionspowpow.com\/en\/products\/casa-rodeo\/#primaryimage"},"image":{"@id":"https:\/\/editionspowpow.com\/en\/products\/casa-rodeo\/#primaryimage"},"thumbnailUrl":"https:\/\/edition-pow-pow-bucket.storage.googleapis.com\/wp-content\/uploads\/2023\/04\/Casa_Rodeo_Cover_Web-1.jpg","datePublished":"2023-04-17T18:20:40+00:00","dateModified":"2026-02-09T15:33:40+00:00","breadcrumb":{"@id":"https:\/\/editionspowpow.com\/en\/products\/casa-rodeo\/#breadcrumb"},"inLanguage":"en-US","potentialAction":[{"@type":"ReadAction","target":["https:\/\/editionspowpow.com\/en\/products\/casa-rodeo\/"]}]},{"@type":"ImageObject","inLanguage":"en-US","@id":"https:\/\/editionspowpow.com\/en\/products\/casa-rodeo\/#primaryimage","url":"https:\/\/edition-pow-pow-bucket.storage.googleapis.com\/wp-content\/uploads\/2023\/04\/Casa_Rodeo_Cover_Web-1.jpg","contentUrl":"https:\/\/edition-pow-pow-bucket.storage.googleapis.com\/wp-content\/uploads\/2023\/04\/Casa_Rodeo_Cover_Web-1.jpg","width":938,"height":1238},{"@type":"BreadcrumbList","@id":"https:\/\/editionspowpow.com\/en\/products\/casa-rodeo\/#breadcrumb","itemListElement":[{"@type":"ListItem","position":1,"name":"Home","item":"https:\/\/editionspowpow.com\/en\/"},{"@type":"ListItem","position":2,"name":"Shop","item":"https:\/\/editionspowpow.com\/en\/shop\/"},{"@type":"ListItem","position":3,"name":"Casa Rodeo"}]},{"@type":"WebSite","@id":"https:\/\/editionspowpow.com\/en\/#website","url":"https:\/\/editionspowpow.com\/en\/","name":"\u00c9ditions Pow Pow","description":"","publisher":{"@id":"https:\/\/editionspowpow.com\/en\/#organization"},"potentialAction":[{"@type":"SearchAction","target":{"@type":"EntryPoint","urlTemplate":"https:\/\/editionspowpow.com\/en\/?s={search_term_string}"},"query-input":{"@type":"PropertyValueSpecification","valueRequired":true,"valueName":"search_term_string"}}],"inLanguage":"en-US"},{"@type":"Organization","@id":"https:\/\/editionspowpow.com\/en\/#organization","name":"\u00c9ditions Pow Pow","url":"https:\/\/editionspowpow.com\/en\/","logo":{"@type":"ImageObject","inLanguage":"en-US","@id":"https:\/\/editionspowpow.com\/en\/#\/schema\/logo\/image\/","url":"https:\/\/edition-pow-pow-bucket.storage.googleapis.com\/wp-content\/uploads\/2024\/03\/logo_site_pow_pow_VERTICAL.png","contentUrl":"https:\/\/edition-pow-pow-bucket.storage.googleapis.com\/wp-content\/uploads\/2024\/03\/logo_site_pow_pow_VERTICAL.png","width":1600,"height":1200,"caption":"\u00c9ditions Pow Pow"},"image":{"@id":"https:\/\/editionspowpow.com\/en\/#\/schema\/logo\/image\/"},"sameAs":["https:\/\/www.facebook.com\/editionspowpow","https:\/\/x.com\/editionspowpow"]}]}},"_links":{"self":[{"href":"https:\/\/editionspowpow.com\/en\/wp-json\/wp\/v2\/product\/23510","targetHints":{"allow":["GET"]}}],"collection":[{"href":"https:\/\/editionspowpow.com\/en\/wp-json\/wp\/v2\/product"}],"about":[{"href":"https:\/\/editionspowpow.com\/en\/wp-json\/wp\/v2\/types\/product"}],"acf:post":[{"embeddable":true,"href":"https:\/\/editionspowpow.com\/en\/wp-json\/wp\/v2\/product\/19553"}],"wp:featuredmedia":[{"embeddable":true,"href":"https:\/\/editionspowpow.com\/en\/wp-json\/wp\/v2\/media\/1826"}],"wp:attachment":[{"href":"https:\/\/editionspowpow.com\/en\/wp-json\/wp\/v2\/media?parent=23510"}],"wp:term":[{"taxonomy":"product_brand","embeddable":true,"href":"https:\/\/editionspowpow.com\/en\/wp-json\/wp\/v2\/product_brand?post=23510"},{"taxonomy":"product_cat","embeddable":true,"href":"https:\/\/editionspowpow.com\/en\/wp-json\/wp\/v2\/product_cat?post=23510"},{"taxonomy":"product_tag","embeddable":true,"href":"https:\/\/editionspowpow.com\/en\/wp-json\/wp\/v2\/product_tag?post=23510"}],"curies":[{"name":"wp","href":"https:\/\/api.w.org\/{rel}","templated":true}]}}