{"id":23520,"date":"2023-04-17T14:12:17","date_gmt":"2023-04-17T18:12:17","guid":{"rendered":"https:\/\/editionspowpow.com\/boutique\/pain-de-viande-avec-dissonances\/"},"modified":"2026-02-09T11:33:49","modified_gmt":"2026-02-09T15:33:49","slug":"pain-de-viande-avec-dissonances","status":"publish","type":"product","link":"https:\/\/editionspowpow.com\/en\/products\/pain-de-viande-avec-dissonances\/","title":{"rendered":"Pain de viande avec dissonances"},"content":{"rendered":"<p>Vous cherchez quelque chose de classique, de r\u00e9confortant, une chose \u00e0 la fois banale et chaleureuse, un rappel de votre quotidien mais sans fadeur? Quoi de mieux qu\u2019un bon pain de viande! Voil\u00e0 une recette traditionnelle, fruit de l\u2019esprit cr\u00e9atif de nos grands-m\u00e8res et de tout leur amour, un plat avec lequel on se sent bien. Certains fins gourmets chercheront un \u00e9quilibre parfait entre la densit\u00e9 et l\u2019humidit\u00e9; pour d\u2019autres, un d\u00e9balancement entre les ingr\u00e9dients provoquera une dissonance souhaitable.<\/p>\n","protected":false},"excerpt":{"rendered":"<p>Vous cherchez quelque chose de classique, de r\u00e9confortant, une chose \u00e0 la fois banale et chaleureuse, un rappel de votre quotidien mais sans fadeur? Quoi de mieux qu\u2019un bon pain de viande! Voil\u00e0 une recette traditionnelle, fruit de l\u2019esprit cr\u00e9atif de nos grands-m\u00e8res et de tout leur amour, un plat avec lequel on se sent [&hellip;]<\/p>\n","protected":false},"featured_media":301,"template":"","meta":{"_acf_changed":false},"product_brand":[],"product_cat":[271],"product_tag":[],"class_list":{"0":"post-23520","1":"product","2":"type-product","3":"status-publish","4":"has-post-thumbnail","6":"wc_square_synced-yes","7":"product_cat-comic","8":"product_shipping_class-format-standard-en","10":"first","11":"outofstock","12":"taxable","13":"shipping-taxable","14":"purchasable","15":"product-type-simple"},"acf":{"language":"fr","other_language_products":"","authors":[{"author_title":22310,"is_custom_job_title":false,"job_titles":[]}],"total_pages":152,"isbn":"978-2-924049-00-6","release_date":"20111101","other_release_dates":null,"has_product_excerpt":true,"button_excerpt_position":"left","accent_color":"#F9DD4B","awards":null,"comments":[{"content":"[\u2026] un recueil magistralement bien fait, o\u00f9 l\u2019humour subtil est \u00e0 l\u2019\u0153uvre dans des histoires un brin tragiques.","credit_group":{"content":"La bible urbaine, 18 d\u00e9cembre 2011","link":"https:\/\/labibleurbaine.com\/litterature\/les-editions-pow-pow-presentent-une-nouvelle-cuvee-de-bedeistes-quebecois-talentueux\/","is_external_link":true}}],"video_gallery":null},"yoast_head":"<!-- This site is optimized with the Yoast SEO plugin v26.9 - https:\/\/yoast.com\/product\/yoast-seo-wordpress\/ -->\n<title>Pain de viande avec dissonances - \u00c9ditions Pow Pow<\/title>\n<meta name=\"robots\" content=\"index, follow, max-snippet:-1, max-image-preview:large, max-video-preview:-1\" \/>\n<link rel=\"canonical\" href=\"https:\/\/editionspowpow.com\/en\/products\/pain-de-viande-avec-dissonances\/\" \/>\n<meta property=\"og:locale\" content=\"en_US\" \/>\n<meta property=\"og:type\" content=\"article\" \/>\n<meta property=\"og:title\" content=\"Pain de viande avec dissonances - \u00c9ditions Pow Pow\" \/>\n<meta property=\"og:description\" content=\"Vous cherchez quelque chose de classique, de r\u00e9confortant, une chose \u00e0 la fois banale et chaleureuse, un rappel de votre quotidien mais sans fadeur? Quoi de mieux qu\u2019un bon pain de viande! Voil\u00e0 une recette traditionnelle, fruit de l\u2019esprit cr\u00e9atif de nos grands-m\u00e8res et de tout leur amour, un plat avec lequel on se sent [&hellip;]\" \/>\n<meta property=\"og:url\" content=\"https:\/\/editionspowpow.com\/en\/products\/pain-de-viande-avec-dissonances\/\" \/>\n<meta property=\"og:site_name\" content=\"\u00c9ditions Pow Pow\" \/>\n<meta property=\"article:publisher\" content=\"https:\/\/www.facebook.com\/editionspowpow\" \/>\n<meta property=\"article:modified_time\" content=\"2026-02-09T15:33:49+00:00\" \/>\n<meta property=\"og:image\" content=\"https:\/\/edition-pow-pow-bucket.storage.googleapis.com\/wp-content\/uploads\/2023\/04\/296535_281174535237338_127787527242707_1021297_1113949710_n-3.jpg\" \/>\n\t<meta property=\"og:image:width\" content=\"450\" \/>\n\t<meta property=\"og:image:height\" content=\"594\" \/>\n\t<meta property=\"og:image:type\" content=\"image\/jpeg\" \/>\n<meta name=\"twitter:card\" content=\"summary_large_image\" \/>\n<meta name=\"twitter:site\" content=\"@editionspowpow\" \/>\n<meta name=\"twitter:label1\" content=\"Est. reading time\" \/>\n\t<meta name=\"twitter:data1\" content=\"1 minute\" \/>\n<script type=\"application\/ld+json\" class=\"yoast-schema-graph\">{\"@context\":\"https:\/\/schema.org\",\"@graph\":[{\"@type\":\"WebPage\",\"@id\":\"https:\/\/editionspowpow.com\/en\/products\/pain-de-viande-avec-dissonances\/\",\"url\":\"https:\/\/editionspowpow.com\/en\/products\/pain-de-viande-avec-dissonances\/\",\"name\":\"Pain de viande avec dissonances - \u00c9ditions Pow Pow\",\"isPartOf\":{\"@id\":\"https:\/\/editionspowpow.com\/en\/#website\"},\"primaryImageOfPage\":{\"@id\":\"https:\/\/editionspowpow.com\/en\/products\/pain-de-viande-avec-dissonances\/#primaryimage\"},\"image\":{\"@id\":\"https:\/\/editionspowpow.com\/en\/products\/pain-de-viande-avec-dissonances\/#primaryimage\"},\"thumbnailUrl\":\"https:\/\/edition-pow-pow-bucket.storage.googleapis.com\/wp-content\/uploads\/2023\/04\/296535_281174535237338_127787527242707_1021297_1113949710_n-3.jpg\",\"datePublished\":\"2023-04-17T18:12:17+00:00\",\"dateModified\":\"2026-02-09T15:33:49+00:00\",\"breadcrumb\":{\"@id\":\"https:\/\/editionspowpow.com\/en\/products\/pain-de-viande-avec-dissonances\/#breadcrumb\"},\"inLanguage\":\"en-US\",\"potentialAction\":[{\"@type\":\"ReadAction\",\"target\":[\"https:\/\/editionspowpow.com\/en\/products\/pain-de-viande-avec-dissonances\/\"]}]},{\"@type\":\"ImageObject\",\"inLanguage\":\"en-US\",\"@id\":\"https:\/\/editionspowpow.com\/en\/products\/pain-de-viande-avec-dissonances\/#primaryimage\",\"url\":\"https:\/\/edition-pow-pow-bucket.storage.googleapis.com\/wp-content\/uploads\/2023\/04\/296535_281174535237338_127787527242707_1021297_1113949710_n-3.jpg\",\"contentUrl\":\"https:\/\/edition-pow-pow-bucket.storage.googleapis.com\/wp-content\/uploads\/2023\/04\/296535_281174535237338_127787527242707_1021297_1113949710_n-3.jpg\",\"width\":450,\"height\":594},{\"@type\":\"BreadcrumbList\",\"@id\":\"https:\/\/editionspowpow.com\/en\/products\/pain-de-viande-avec-dissonances\/#breadcrumb\",\"itemListElement\":[{\"@type\":\"ListItem\",\"position\":1,\"name\":\"Home\",\"item\":\"https:\/\/editionspowpow.com\/en\/\"},{\"@type\":\"ListItem\",\"position\":2,\"name\":\"Shop\",\"item\":\"https:\/\/editionspowpow.com\/en\/shop\/\"},{\"@type\":\"ListItem\",\"position\":3,\"name\":\"Pain de viande avec dissonances\"}]},{\"@type\":\"WebSite\",\"@id\":\"https:\/\/editionspowpow.com\/en\/#website\",\"url\":\"https:\/\/editionspowpow.com\/en\/\",\"name\":\"\u00c9ditions Pow Pow\",\"description\":\"\",\"publisher\":{\"@id\":\"https:\/\/editionspowpow.com\/en\/#organization\"},\"potentialAction\":[{\"@type\":\"SearchAction\",\"target\":{\"@type\":\"EntryPoint\",\"urlTemplate\":\"https:\/\/editionspowpow.com\/en\/?s={search_term_string}\"},\"query-input\":{\"@type\":\"PropertyValueSpecification\",\"valueRequired\":true,\"valueName\":\"search_term_string\"}}],\"inLanguage\":\"en-US\"},{\"@type\":\"Organization\",\"@id\":\"https:\/\/editionspowpow.com\/en\/#organization\",\"name\":\"\u00c9ditions Pow Pow\",\"url\":\"https:\/\/editionspowpow.com\/en\/\",\"logo\":{\"@type\":\"ImageObject\",\"inLanguage\":\"en-US\",\"@id\":\"https:\/\/editionspowpow.com\/en\/#\/schema\/logo\/image\/\",\"url\":\"https:\/\/edition-pow-pow-bucket.storage.googleapis.com\/wp-content\/uploads\/2024\/03\/logo_site_pow_pow_VERTICAL.png\",\"contentUrl\":\"https:\/\/edition-pow-pow-bucket.storage.googleapis.com\/wp-content\/uploads\/2024\/03\/logo_site_pow_pow_VERTICAL.png\",\"width\":1600,\"height\":1200,\"caption\":\"\u00c9ditions Pow Pow\"},\"image\":{\"@id\":\"https:\/\/editionspowpow.com\/en\/#\/schema\/logo\/image\/\"},\"sameAs\":[\"https:\/\/www.facebook.com\/editionspowpow\",\"https:\/\/x.com\/editionspowpow\"]}]}<\/script>\n<!-- \/ Yoast SEO plugin. -->","yoast_head_json":{"title":"Pain de viande avec dissonances - \u00c9ditions Pow Pow","robots":{"index":"index","follow":"follow","max-snippet":"max-snippet:-1","max-image-preview":"max-image-preview:large","max-video-preview":"max-video-preview:-1"},"canonical":"https:\/\/editionspowpow.com\/en\/products\/pain-de-viande-avec-dissonances\/","og_locale":"en_US","og_type":"article","og_title":"Pain de viande avec dissonances - \u00c9ditions Pow Pow","og_description":"Vous cherchez quelque chose de classique, de r\u00e9confortant, une chose \u00e0 la fois banale et chaleureuse, un rappel de votre quotidien mais sans fadeur? Quoi de mieux qu\u2019un bon pain de viande! Voil\u00e0 une recette traditionnelle, fruit de l\u2019esprit cr\u00e9atif de nos grands-m\u00e8res et de tout leur amour, un plat avec lequel on se sent [&hellip;]","og_url":"https:\/\/editionspowpow.com\/en\/products\/pain-de-viande-avec-dissonances\/","og_site_name":"\u00c9ditions Pow Pow","article_publisher":"https:\/\/www.facebook.com\/editionspowpow","article_modified_time":"2026-02-09T15:33:49+00:00","og_image":[{"width":450,"height":594,"url":"https:\/\/edition-pow-pow-bucket.storage.googleapis.com\/wp-content\/uploads\/2023\/04\/296535_281174535237338_127787527242707_1021297_1113949710_n-3.jpg","type":"image\/jpeg"}],"twitter_card":"summary_large_image","twitter_site":"@editionspowpow","twitter_misc":{"Est. reading time":"1 minute"},"schema":{"@context":"https:\/\/schema.org","@graph":[{"@type":"WebPage","@id":"https:\/\/editionspowpow.com\/en\/products\/pain-de-viande-avec-dissonances\/","url":"https:\/\/editionspowpow.com\/en\/products\/pain-de-viande-avec-dissonances\/","name":"Pain de viande avec dissonances - \u00c9ditions Pow Pow","isPartOf":{"@id":"https:\/\/editionspowpow.com\/en\/#website"},"primaryImageOfPage":{"@id":"https:\/\/editionspowpow.com\/en\/products\/pain-de-viande-avec-dissonances\/#primaryimage"},"image":{"@id":"https:\/\/editionspowpow.com\/en\/products\/pain-de-viande-avec-dissonances\/#primaryimage"},"thumbnailUrl":"https:\/\/edition-pow-pow-bucket.storage.googleapis.com\/wp-content\/uploads\/2023\/04\/296535_281174535237338_127787527242707_1021297_1113949710_n-3.jpg","datePublished":"2023-04-17T18:12:17+00:00","dateModified":"2026-02-09T15:33:49+00:00","breadcrumb":{"@id":"https:\/\/editionspowpow.com\/en\/products\/pain-de-viande-avec-dissonances\/#breadcrumb"},"inLanguage":"en-US","potentialAction":[{"@type":"ReadAction","target":["https:\/\/editionspowpow.com\/en\/products\/pain-de-viande-avec-dissonances\/"]}]},{"@type":"ImageObject","inLanguage":"en-US","@id":"https:\/\/editionspowpow.com\/en\/products\/pain-de-viande-avec-dissonances\/#primaryimage","url":"https:\/\/edition-pow-pow-bucket.storage.googleapis.com\/wp-content\/uploads\/2023\/04\/296535_281174535237338_127787527242707_1021297_1113949710_n-3.jpg","contentUrl":"https:\/\/edition-pow-pow-bucket.storage.googleapis.com\/wp-content\/uploads\/2023\/04\/296535_281174535237338_127787527242707_1021297_1113949710_n-3.jpg","width":450,"height":594},{"@type":"BreadcrumbList","@id":"https:\/\/editionspowpow.com\/en\/products\/pain-de-viande-avec-dissonances\/#breadcrumb","itemListElement":[{"@type":"ListItem","position":1,"name":"Home","item":"https:\/\/editionspowpow.com\/en\/"},{"@type":"ListItem","position":2,"name":"Shop","item":"https:\/\/editionspowpow.com\/en\/shop\/"},{"@type":"ListItem","position":3,"name":"Pain de viande avec dissonances"}]},{"@type":"WebSite","@id":"https:\/\/editionspowpow.com\/en\/#website","url":"https:\/\/editionspowpow.com\/en\/","name":"\u00c9ditions Pow Pow","description":"","publisher":{"@id":"https:\/\/editionspowpow.com\/en\/#organization"},"potentialAction":[{"@type":"SearchAction","target":{"@type":"EntryPoint","urlTemplate":"https:\/\/editionspowpow.com\/en\/?s={search_term_string}"},"query-input":{"@type":"PropertyValueSpecification","valueRequired":true,"valueName":"search_term_string"}}],"inLanguage":"en-US"},{"@type":"Organization","@id":"https:\/\/editionspowpow.com\/en\/#organization","name":"\u00c9ditions Pow Pow","url":"https:\/\/editionspowpow.com\/en\/","logo":{"@type":"ImageObject","inLanguage":"en-US","@id":"https:\/\/editionspowpow.com\/en\/#\/schema\/logo\/image\/","url":"https:\/\/edition-pow-pow-bucket.storage.googleapis.com\/wp-content\/uploads\/2024\/03\/logo_site_pow_pow_VERTICAL.png","contentUrl":"https:\/\/edition-pow-pow-bucket.storage.googleapis.com\/wp-content\/uploads\/2024\/03\/logo_site_pow_pow_VERTICAL.png","width":1600,"height":1200,"caption":"\u00c9ditions Pow Pow"},"image":{"@id":"https:\/\/editionspowpow.com\/en\/#\/schema\/logo\/image\/"},"sameAs":["https:\/\/www.facebook.com\/editionspowpow","https:\/\/x.com\/editionspowpow"]}]}},"_links":{"self":[{"href":"https:\/\/editionspowpow.com\/en\/wp-json\/wp\/v2\/product\/23520","targetHints":{"allow":["GET"]}}],"collection":[{"href":"https:\/\/editionspowpow.com\/en\/wp-json\/wp\/v2\/product"}],"about":[{"href":"https:\/\/editionspowpow.com\/en\/wp-json\/wp\/v2\/types\/product"}],"wp:featuredmedia":[{"embeddable":true,"href":"https:\/\/editionspowpow.com\/en\/wp-json\/wp\/v2\/media\/301"}],"wp:attachment":[{"href":"https:\/\/editionspowpow.com\/en\/wp-json\/wp\/v2\/media?parent=23520"}],"wp:term":[{"taxonomy":"product_brand","embeddable":true,"href":"https:\/\/editionspowpow.com\/en\/wp-json\/wp\/v2\/product_brand?post=23520"},{"taxonomy":"product_cat","embeddable":true,"href":"https:\/\/editionspowpow.com\/en\/wp-json\/wp\/v2\/product_cat?post=23520"},{"taxonomy":"product_tag","embeddable":true,"href":"https:\/\/editionspowpow.com\/en\/wp-json\/wp\/v2\/product_tag?post=23520"}],"curies":[{"name":"wp","href":"https:\/\/api.w.org\/{rel}","templated":true}]}}