{"id":23522,"date":"2023-04-17T14:12:18","date_gmt":"2023-04-17T18:12:18","guid":{"rendered":"https:\/\/editionspowpow.com\/boutique\/mile-end\/"},"modified":"2026-02-09T11:33:48","modified_gmt":"2026-02-09T15:33:48","slug":"mile-end","status":"publish","type":"product","link":"https:\/\/editionspowpow.com\/en\/products\/mile-end\/","title":{"rendered":"Mile End"},"content":{"rendered":"<p>Le Mile End, Montr\u00e9al.<\/p>\n<p>Sur un ton fantaisiste et humoristique, Michel Hellman met en sc\u00e8ne des anecdotes et tranches de vie inspir\u00e9es par ce quartier montr\u00e9alais haut en couleur et riche en histoire. Il raconte la m\u00e9tamorphose du quartier durant la derni\u00e8re d\u00e9cennie en faisant un parall\u00e8le avec sa vie.<\/p>\n","protected":false},"excerpt":{"rendered":"<p>Le Mile End, Montr\u00e9al. Sur un ton fantaisiste et humoristique, Michel Hellman met en sc\u00e8ne des anecdotes et tranches de vie inspir\u00e9es par ce quartier montr\u00e9alais haut en couleur et riche en histoire. Il raconte la m\u00e9tamorphose du quartier durant la derni\u00e8re d\u00e9cennie en faisant un parall\u00e8le avec sa vie.<\/p>\n","protected":false},"featured_media":337,"template":"","meta":{"_acf_changed":false},"product_brand":[],"product_cat":[271],"product_tag":[315,323,316],"class_list":{"0":"post-23522","1":"product","2":"type-product","3":"status-publish","4":"has-post-thumbnail","6":"wc_square_synced-yes","7":"product_cat-comic","8":"product_tag-humour-rocambolesque-en","9":"product_tag-montreal-en-2","10":"product_tag-quotidien-en","11":"product_shipping_class-format-standard-en","13":"first","14":"instock","15":"taxable","16":"shipping-taxable","17":"purchasable","18":"product-type-simple"},"acf":{"language":"fr","other_language_products":[19536],"authors":[{"author_title":22327,"is_custom_job_title":false,"job_titles":[]}],"total_pages":136,"isbn":"978-2-924049-01-3","release_date":"20111101","other_release_dates":null,"has_product_excerpt":true,"button_excerpt_position":"left","accent_color":"#D44929","awards":[{"content":"Finaliste \u2013 prix B\u00e9d\u00e9lys Qu\u00e9bec 2011"},{"content":"Finaliste \u2013 Prix R\u00e9al-Fillion des B\u00e9d\u00e9is Causa 2011"},{"content":"Finaliste \u2013 Prix Expozine 2011 (BD francophone)"}],"comments":[{"content":"It\u2019s an easy read, and I mean that in the best way. Distilled and engaging drawings, a range of story formats from personal to historical, a naturally easy pace \u2013 all adorned with bizarre moments and subtle jokes in a voice I can relate to. The book is so easy to read, in fact, that I recommend a second or third turn.","credit_group":{"content":"The Rover , 3 f\u00e9vrier 2013","link":"","is_external_link":false}}],"video_gallery":null},"yoast_head":"<!-- This site is optimized with the Yoast SEO plugin v26.9 - https:\/\/yoast.com\/product\/yoast-seo-wordpress\/ -->\n<title>Mile End - \u00c9ditions Pow Pow<\/title>\n<meta name=\"robots\" content=\"index, follow, max-snippet:-1, max-image-preview:large, max-video-preview:-1\" \/>\n<link rel=\"canonical\" href=\"https:\/\/editionspowpow.com\/en\/products\/mile-end\/\" \/>\n<meta property=\"og:locale\" content=\"en_US\" \/>\n<meta property=\"og:type\" content=\"article\" \/>\n<meta property=\"og:title\" content=\"Mile End - \u00c9ditions Pow Pow\" \/>\n<meta property=\"og:description\" content=\"Le Mile End, Montr\u00e9al. Sur un ton fantaisiste et humoristique, Michel Hellman met en sc\u00e8ne des anecdotes et tranches de vie inspir\u00e9es par ce quartier montr\u00e9alais haut en couleur et riche en histoire. Il raconte la m\u00e9tamorphose du quartier durant la derni\u00e8re d\u00e9cennie en faisant un parall\u00e8le avec sa vie.\" \/>\n<meta property=\"og:url\" content=\"https:\/\/editionspowpow.com\/en\/products\/mile-end\/\" \/>\n<meta property=\"og:site_name\" content=\"\u00c9ditions Pow Pow\" \/>\n<meta property=\"article:publisher\" content=\"https:\/\/www.facebook.com\/editionspowpow\" \/>\n<meta property=\"article:modified_time\" content=\"2026-02-09T15:33:48+00:00\" \/>\n<meta property=\"og:image\" content=\"https:\/\/edition-pow-pow-bucket.storage.googleapis.com\/wp-content\/uploads\/2023\/04\/300872_281176078570517_127787527242707_1021301_954704609_n-3.jpg\" \/>\n\t<meta property=\"og:image:width\" content=\"450\" \/>\n\t<meta property=\"og:image:height\" content=\"594\" \/>\n\t<meta property=\"og:image:type\" content=\"image\/jpeg\" \/>\n<meta name=\"twitter:card\" content=\"summary_large_image\" \/>\n<meta name=\"twitter:site\" content=\"@editionspowpow\" \/>\n<meta name=\"twitter:label1\" content=\"Est. reading time\" \/>\n\t<meta name=\"twitter:data1\" content=\"1 minute\" \/>\n<script type=\"application\/ld+json\" class=\"yoast-schema-graph\">{\"@context\":\"https:\/\/schema.org\",\"@graph\":[{\"@type\":\"WebPage\",\"@id\":\"https:\/\/editionspowpow.com\/en\/products\/mile-end\/\",\"url\":\"https:\/\/editionspowpow.com\/en\/products\/mile-end\/\",\"name\":\"Mile End - \u00c9ditions Pow Pow\",\"isPartOf\":{\"@id\":\"https:\/\/editionspowpow.com\/en\/#website\"},\"primaryImageOfPage\":{\"@id\":\"https:\/\/editionspowpow.com\/en\/products\/mile-end\/#primaryimage\"},\"image\":{\"@id\":\"https:\/\/editionspowpow.com\/en\/products\/mile-end\/#primaryimage\"},\"thumbnailUrl\":\"https:\/\/edition-pow-pow-bucket.storage.googleapis.com\/wp-content\/uploads\/2023\/04\/300872_281176078570517_127787527242707_1021301_954704609_n-3.jpg\",\"datePublished\":\"2023-04-17T18:12:18+00:00\",\"dateModified\":\"2026-02-09T15:33:48+00:00\",\"breadcrumb\":{\"@id\":\"https:\/\/editionspowpow.com\/en\/products\/mile-end\/#breadcrumb\"},\"inLanguage\":\"en-US\",\"potentialAction\":[{\"@type\":\"ReadAction\",\"target\":[\"https:\/\/editionspowpow.com\/en\/products\/mile-end\/\"]}]},{\"@type\":\"ImageObject\",\"inLanguage\":\"en-US\",\"@id\":\"https:\/\/editionspowpow.com\/en\/products\/mile-end\/#primaryimage\",\"url\":\"https:\/\/edition-pow-pow-bucket.storage.googleapis.com\/wp-content\/uploads\/2023\/04\/300872_281176078570517_127787527242707_1021301_954704609_n-3.jpg\",\"contentUrl\":\"https:\/\/edition-pow-pow-bucket.storage.googleapis.com\/wp-content\/uploads\/2023\/04\/300872_281176078570517_127787527242707_1021301_954704609_n-3.jpg\",\"width\":450,\"height\":594},{\"@type\":\"BreadcrumbList\",\"@id\":\"https:\/\/editionspowpow.com\/en\/products\/mile-end\/#breadcrumb\",\"itemListElement\":[{\"@type\":\"ListItem\",\"position\":1,\"name\":\"Home\",\"item\":\"https:\/\/editionspowpow.com\/en\/\"},{\"@type\":\"ListItem\",\"position\":2,\"name\":\"Shop\",\"item\":\"https:\/\/editionspowpow.com\/en\/shop\/\"},{\"@type\":\"ListItem\",\"position\":3,\"name\":\"Mile End\"}]},{\"@type\":\"WebSite\",\"@id\":\"https:\/\/editionspowpow.com\/en\/#website\",\"url\":\"https:\/\/editionspowpow.com\/en\/\",\"name\":\"\u00c9ditions Pow Pow\",\"description\":\"\",\"publisher\":{\"@id\":\"https:\/\/editionspowpow.com\/en\/#organization\"},\"potentialAction\":[{\"@type\":\"SearchAction\",\"target\":{\"@type\":\"EntryPoint\",\"urlTemplate\":\"https:\/\/editionspowpow.com\/en\/?s={search_term_string}\"},\"query-input\":{\"@type\":\"PropertyValueSpecification\",\"valueRequired\":true,\"valueName\":\"search_term_string\"}}],\"inLanguage\":\"en-US\"},{\"@type\":\"Organization\",\"@id\":\"https:\/\/editionspowpow.com\/en\/#organization\",\"name\":\"\u00c9ditions Pow Pow\",\"url\":\"https:\/\/editionspowpow.com\/en\/\",\"logo\":{\"@type\":\"ImageObject\",\"inLanguage\":\"en-US\",\"@id\":\"https:\/\/editionspowpow.com\/en\/#\/schema\/logo\/image\/\",\"url\":\"https:\/\/edition-pow-pow-bucket.storage.googleapis.com\/wp-content\/uploads\/2024\/03\/logo_site_pow_pow_VERTICAL.png\",\"contentUrl\":\"https:\/\/edition-pow-pow-bucket.storage.googleapis.com\/wp-content\/uploads\/2024\/03\/logo_site_pow_pow_VERTICAL.png\",\"width\":1600,\"height\":1200,\"caption\":\"\u00c9ditions Pow Pow\"},\"image\":{\"@id\":\"https:\/\/editionspowpow.com\/en\/#\/schema\/logo\/image\/\"},\"sameAs\":[\"https:\/\/www.facebook.com\/editionspowpow\",\"https:\/\/x.com\/editionspowpow\"]}]}<\/script>\n<!-- \/ Yoast SEO plugin. -->","yoast_head_json":{"title":"Mile End - \u00c9ditions Pow Pow","robots":{"index":"index","follow":"follow","max-snippet":"max-snippet:-1","max-image-preview":"max-image-preview:large","max-video-preview":"max-video-preview:-1"},"canonical":"https:\/\/editionspowpow.com\/en\/products\/mile-end\/","og_locale":"en_US","og_type":"article","og_title":"Mile End - \u00c9ditions Pow Pow","og_description":"Le Mile End, Montr\u00e9al. Sur un ton fantaisiste et humoristique, Michel Hellman met en sc\u00e8ne des anecdotes et tranches de vie inspir\u00e9es par ce quartier montr\u00e9alais haut en couleur et riche en histoire. Il raconte la m\u00e9tamorphose du quartier durant la derni\u00e8re d\u00e9cennie en faisant un parall\u00e8le avec sa vie.","og_url":"https:\/\/editionspowpow.com\/en\/products\/mile-end\/","og_site_name":"\u00c9ditions Pow Pow","article_publisher":"https:\/\/www.facebook.com\/editionspowpow","article_modified_time":"2026-02-09T15:33:48+00:00","og_image":[{"width":450,"height":594,"url":"https:\/\/edition-pow-pow-bucket.storage.googleapis.com\/wp-content\/uploads\/2023\/04\/300872_281176078570517_127787527242707_1021301_954704609_n-3.jpg","type":"image\/jpeg"}],"twitter_card":"summary_large_image","twitter_site":"@editionspowpow","twitter_misc":{"Est. reading time":"1 minute"},"schema":{"@context":"https:\/\/schema.org","@graph":[{"@type":"WebPage","@id":"https:\/\/editionspowpow.com\/en\/products\/mile-end\/","url":"https:\/\/editionspowpow.com\/en\/products\/mile-end\/","name":"Mile End - \u00c9ditions Pow Pow","isPartOf":{"@id":"https:\/\/editionspowpow.com\/en\/#website"},"primaryImageOfPage":{"@id":"https:\/\/editionspowpow.com\/en\/products\/mile-end\/#primaryimage"},"image":{"@id":"https:\/\/editionspowpow.com\/en\/products\/mile-end\/#primaryimage"},"thumbnailUrl":"https:\/\/edition-pow-pow-bucket.storage.googleapis.com\/wp-content\/uploads\/2023\/04\/300872_281176078570517_127787527242707_1021301_954704609_n-3.jpg","datePublished":"2023-04-17T18:12:18+00:00","dateModified":"2026-02-09T15:33:48+00:00","breadcrumb":{"@id":"https:\/\/editionspowpow.com\/en\/products\/mile-end\/#breadcrumb"},"inLanguage":"en-US","potentialAction":[{"@type":"ReadAction","target":["https:\/\/editionspowpow.com\/en\/products\/mile-end\/"]}]},{"@type":"ImageObject","inLanguage":"en-US","@id":"https:\/\/editionspowpow.com\/en\/products\/mile-end\/#primaryimage","url":"https:\/\/edition-pow-pow-bucket.storage.googleapis.com\/wp-content\/uploads\/2023\/04\/300872_281176078570517_127787527242707_1021301_954704609_n-3.jpg","contentUrl":"https:\/\/edition-pow-pow-bucket.storage.googleapis.com\/wp-content\/uploads\/2023\/04\/300872_281176078570517_127787527242707_1021301_954704609_n-3.jpg","width":450,"height":594},{"@type":"BreadcrumbList","@id":"https:\/\/editionspowpow.com\/en\/products\/mile-end\/#breadcrumb","itemListElement":[{"@type":"ListItem","position":1,"name":"Home","item":"https:\/\/editionspowpow.com\/en\/"},{"@type":"ListItem","position":2,"name":"Shop","item":"https:\/\/editionspowpow.com\/en\/shop\/"},{"@type":"ListItem","position":3,"name":"Mile End"}]},{"@type":"WebSite","@id":"https:\/\/editionspowpow.com\/en\/#website","url":"https:\/\/editionspowpow.com\/en\/","name":"\u00c9ditions Pow Pow","description":"","publisher":{"@id":"https:\/\/editionspowpow.com\/en\/#organization"},"potentialAction":[{"@type":"SearchAction","target":{"@type":"EntryPoint","urlTemplate":"https:\/\/editionspowpow.com\/en\/?s={search_term_string}"},"query-input":{"@type":"PropertyValueSpecification","valueRequired":true,"valueName":"search_term_string"}}],"inLanguage":"en-US"},{"@type":"Organization","@id":"https:\/\/editionspowpow.com\/en\/#organization","name":"\u00c9ditions Pow Pow","url":"https:\/\/editionspowpow.com\/en\/","logo":{"@type":"ImageObject","inLanguage":"en-US","@id":"https:\/\/editionspowpow.com\/en\/#\/schema\/logo\/image\/","url":"https:\/\/edition-pow-pow-bucket.storage.googleapis.com\/wp-content\/uploads\/2024\/03\/logo_site_pow_pow_VERTICAL.png","contentUrl":"https:\/\/edition-pow-pow-bucket.storage.googleapis.com\/wp-content\/uploads\/2024\/03\/logo_site_pow_pow_VERTICAL.png","width":1600,"height":1200,"caption":"\u00c9ditions Pow Pow"},"image":{"@id":"https:\/\/editionspowpow.com\/en\/#\/schema\/logo\/image\/"},"sameAs":["https:\/\/www.facebook.com\/editionspowpow","https:\/\/x.com\/editionspowpow"]}]}},"_links":{"self":[{"href":"https:\/\/editionspowpow.com\/en\/wp-json\/wp\/v2\/product\/23522","targetHints":{"allow":["GET"]}}],"collection":[{"href":"https:\/\/editionspowpow.com\/en\/wp-json\/wp\/v2\/product"}],"about":[{"href":"https:\/\/editionspowpow.com\/en\/wp-json\/wp\/v2\/types\/product"}],"acf:post":[{"embeddable":true,"href":"https:\/\/editionspowpow.com\/en\/wp-json\/wp\/v2\/product\/19536"}],"wp:featuredmedia":[{"embeddable":true,"href":"https:\/\/editionspowpow.com\/en\/wp-json\/wp\/v2\/media\/337"}],"wp:attachment":[{"href":"https:\/\/editionspowpow.com\/en\/wp-json\/wp\/v2\/media?parent=23522"}],"wp:term":[{"taxonomy":"product_brand","embeddable":true,"href":"https:\/\/editionspowpow.com\/en\/wp-json\/wp\/v2\/product_brand?post=23522"},{"taxonomy":"product_cat","embeddable":true,"href":"https:\/\/editionspowpow.com\/en\/wp-json\/wp\/v2\/product_cat?post=23522"},{"taxonomy":"product_tag","embeddable":true,"href":"https:\/\/editionspowpow.com\/en\/wp-json\/wp\/v2\/product_tag?post=23522"}],"curies":[{"name":"wp","href":"https:\/\/api.w.org\/{rel}","templated":true}]}}