{"id":23530,"date":"2023-04-17T14:12:19","date_gmt":"2023-04-17T19:12:19","guid":{"rendered":"https:\/\/editionspowpow.com\/boutique\/motel-galactic\/"},"modified":"2026-02-09T11:33:46","modified_gmt":"2026-02-09T15:33:46","slug":"motel-galactic","status":"publish","type":"product","link":"https:\/\/editionspowpow.com\/en\/products\/motel-galactic\/","title":{"rendered":"Motel Galactic"},"content":{"rendered":"<p>Une science-fiction du terroir.<\/p>\n<p>L\u2019espace: ses galaxies, ses soleils, ses cabanes \u00e0 patates frites. Pierre Bouchard 2.1.1, tel un Petit Prince des r\u00e9gions, vole de jobine en jobine sur son spatio-jet en ruine. Tout va pas pire jusqu\u2019au jour o\u00f9 le destin le pousse vers le Motel Galactic, un endroit \u00e0 la r\u00e9putation pas vargeuse.<\/p>\n","protected":false},"excerpt":{"rendered":"<p>Une science-fiction du terroir. L\u2019espace: ses galaxies, ses soleils, ses cabanes \u00e0 patates frites. Pierre Bouchard 2.1.1, tel un Petit Prince des r\u00e9gions, vole de jobine en jobine sur son spatio-jet en ruine. Tout va pas pire jusqu\u2019au jour o\u00f9 le destin le pousse vers le Motel Galactic, un endroit \u00e0 la r\u00e9putation pas vargeuse.<\/p>\n","protected":false},"featured_media":423,"template":"","meta":{"_acf_changed":false},"product_brand":[],"product_cat":[271],"product_tag":[314,331],"class_list":{"0":"post-23530","1":"product","2":"type-product","3":"status-publish","4":"has-post-thumbnail","6":"wc_square_synced-yes","7":"product_cat-comic","8":"product_tag-humour-parodique-en","9":"product_tag-science-fiction-en-2","10":"product_shipping_class-format-standard-en","12":"first","13":"outofstock","14":"taxable","15":"shipping-taxable","16":"purchasable","17":"product-type-simple"},"acf":{"language":"fr","other_language_products":"","authors":[{"author_title":22292,"is_custom_job_title":true,"job_titles":[178]},{"author_title":22367,"is_custom_job_title":true,"job_titles":[177]}],"total_pages":112,"isbn":"978-2-9811128-8-0","release_date":"20110401","other_release_dates":null,"has_product_excerpt":true,"button_excerpt_position":"right","accent_color":"#00A1D5","awards":[{"content":"Finaliste \u2013 Grand prix de la ville de Qu\u00e9bec des\u00a0B\u00e9d\u00e9is Causa 2011"},{"content":"Finaliste \u2013 Joe Shuster Awards 2012 (Meilleur sc\u00e9nariste)"}],"comments":[{"content":"Le duo de choc form\u00e9 de Pierre Bouchard et de Francis Desharnais prend d\u2019assaut la galaxie dans une science-fiction de terroir intitul\u00e9e <em>Motel Galactic.<\/em>","credit_group":{"content":"Voir, 14 avril 2011","link":"https:\/\/voir.ca\/livres\/2011\/04\/14\/pierre-bouchard-francis-desharnais-motel-galactic-cosmique-trip\/","is_external_link":true}},{"content":"Beau et rafra\u00eechissant, \u00e0 l\u2019image de tout ce qu\u2019on attend d\u2019une bande dessin\u00e9e aujourd\u2019hui.","credit_group":{"content":"Bang Bang, 20 avril 2011","link":"","is_external_link":false}},{"content":"<em>Motel Galactic<\/em> se pr\u00e9sente comme une parodie de la litt\u00e9rature futuriste, mais aussi de l\u2019autofiction en bande dessin\u00e9e. \u00c0 mille ann\u00e9es-lumi\u00e8re de se prendre au s\u00e9rieux, l\u2019oeuvre s\u00e9duit avec sa narration en joual et son crayonn\u00e9 \u00e9conome, que recouvre un \u00e9clatant bleu royal.","credit_group":{"content":"Voir, 2 juin 2011","link":"https:\/\/voir.ca\/livres\/2011\/06\/02\/francis-desharnais-et-pierre-bouchard-motel-galactic\/","is_external_link":true}},{"content":"La preuve est faite, et elle est rassurante: le futur envisag\u00e9 ici, avec ses r\u00e9pliques d\u2019Elvis, son mausol\u00e9e Andr\u00e9 Arthur, son village de Saguenay transport\u00e9 en banlieue de Duba\u00ef, ne donne pas forc\u00e9ment envie d\u2019acc\u00e9l\u00e9rer la marche du progr\u00e8s. Mais il a tout pour faire vachement rire du pr\u00e9sent et c\u2019est d\u00e9j\u00e0 beaucoup.","credit_group":{"content":"Le Devoir, 4 juin 2011","link":"https:\/\/www.ledevoir.com\/lire\/324697\/bede-passe-simple-et-futur-alambique","is_external_link":true}}],"video_gallery":null},"yoast_head":"<!-- This site is optimized with the Yoast SEO plugin v26.9 - https:\/\/yoast.com\/product\/yoast-seo-wordpress\/ -->\n<title>Motel Galactic - \u00c9ditions Pow Pow<\/title>\n<meta name=\"robots\" content=\"index, follow, max-snippet:-1, max-image-preview:large, max-video-preview:-1\" \/>\n<link rel=\"canonical\" href=\"https:\/\/editionspowpow.com\/en\/products\/motel-galactic\/\" \/>\n<meta property=\"og:locale\" content=\"en_US\" \/>\n<meta property=\"og:type\" content=\"article\" \/>\n<meta property=\"og:title\" content=\"Motel Galactic - \u00c9ditions Pow Pow\" \/>\n<meta property=\"og:description\" content=\"Une science-fiction du terroir. L\u2019espace: ses galaxies, ses soleils, ses cabanes \u00e0 patates frites. Pierre Bouchard 2.1.1, tel un Petit Prince des r\u00e9gions, vole de jobine en jobine sur son spatio-jet en ruine. Tout va pas pire jusqu\u2019au jour o\u00f9 le destin le pousse vers le Motel Galactic, un endroit \u00e0 la r\u00e9putation pas vargeuse.\" \/>\n<meta property=\"og:url\" content=\"https:\/\/editionspowpow.com\/en\/products\/motel-galactic\/\" \/>\n<meta property=\"og:site_name\" content=\"\u00c9ditions Pow Pow\" \/>\n<meta property=\"article:publisher\" content=\"https:\/\/www.facebook.com\/editionspowpow\" \/>\n<meta property=\"article:modified_time\" content=\"2026-02-09T15:33:46+00:00\" \/>\n<meta property=\"og:image\" content=\"https:\/\/edition-pow-pow-bucket.storage.googleapis.com\/wp-content\/uploads\/2023\/04\/couverture_motel_galactic_01-3.jpg\" \/>\n\t<meta property=\"og:image:width\" content=\"450\" \/>\n\t<meta property=\"og:image:height\" content=\"594\" \/>\n\t<meta property=\"og:image:type\" content=\"image\/jpeg\" \/>\n<meta name=\"twitter:card\" content=\"summary_large_image\" \/>\n<meta name=\"twitter:site\" content=\"@editionspowpow\" \/>\n<meta name=\"twitter:label1\" content=\"Est. reading time\" \/>\n\t<meta name=\"twitter:data1\" content=\"1 minute\" \/>\n<script type=\"application\/ld+json\" class=\"yoast-schema-graph\">{\"@context\":\"https:\/\/schema.org\",\"@graph\":[{\"@type\":\"WebPage\",\"@id\":\"https:\/\/editionspowpow.com\/en\/products\/motel-galactic\/\",\"url\":\"https:\/\/editionspowpow.com\/en\/products\/motel-galactic\/\",\"name\":\"Motel Galactic - \u00c9ditions Pow Pow\",\"isPartOf\":{\"@id\":\"https:\/\/editionspowpow.com\/en\/#website\"},\"primaryImageOfPage\":{\"@id\":\"https:\/\/editionspowpow.com\/en\/products\/motel-galactic\/#primaryimage\"},\"image\":{\"@id\":\"https:\/\/editionspowpow.com\/en\/products\/motel-galactic\/#primaryimage\"},\"thumbnailUrl\":\"https:\/\/edition-pow-pow-bucket.storage.googleapis.com\/wp-content\/uploads\/2023\/04\/couverture_motel_galactic_01-3.jpg\",\"datePublished\":\"2023-04-17T19:12:19+00:00\",\"dateModified\":\"2026-02-09T15:33:46+00:00\",\"breadcrumb\":{\"@id\":\"https:\/\/editionspowpow.com\/en\/products\/motel-galactic\/#breadcrumb\"},\"inLanguage\":\"en-US\",\"potentialAction\":[{\"@type\":\"ReadAction\",\"target\":[\"https:\/\/editionspowpow.com\/en\/products\/motel-galactic\/\"]}]},{\"@type\":\"ImageObject\",\"inLanguage\":\"en-US\",\"@id\":\"https:\/\/editionspowpow.com\/en\/products\/motel-galactic\/#primaryimage\",\"url\":\"https:\/\/edition-pow-pow-bucket.storage.googleapis.com\/wp-content\/uploads\/2023\/04\/couverture_motel_galactic_01-3.jpg\",\"contentUrl\":\"https:\/\/edition-pow-pow-bucket.storage.googleapis.com\/wp-content\/uploads\/2023\/04\/couverture_motel_galactic_01-3.jpg\",\"width\":450,\"height\":594},{\"@type\":\"BreadcrumbList\",\"@id\":\"https:\/\/editionspowpow.com\/en\/products\/motel-galactic\/#breadcrumb\",\"itemListElement\":[{\"@type\":\"ListItem\",\"position\":1,\"name\":\"Home\",\"item\":\"https:\/\/editionspowpow.com\/en\/\"},{\"@type\":\"ListItem\",\"position\":2,\"name\":\"Shop\",\"item\":\"https:\/\/editionspowpow.com\/en\/shop\/\"},{\"@type\":\"ListItem\",\"position\":3,\"name\":\"Motel Galactic\"}]},{\"@type\":\"WebSite\",\"@id\":\"https:\/\/editionspowpow.com\/en\/#website\",\"url\":\"https:\/\/editionspowpow.com\/en\/\",\"name\":\"\u00c9ditions Pow Pow\",\"description\":\"\",\"publisher\":{\"@id\":\"https:\/\/editionspowpow.com\/en\/#organization\"},\"potentialAction\":[{\"@type\":\"SearchAction\",\"target\":{\"@type\":\"EntryPoint\",\"urlTemplate\":\"https:\/\/editionspowpow.com\/en\/?s={search_term_string}\"},\"query-input\":{\"@type\":\"PropertyValueSpecification\",\"valueRequired\":true,\"valueName\":\"search_term_string\"}}],\"inLanguage\":\"en-US\"},{\"@type\":\"Organization\",\"@id\":\"https:\/\/editionspowpow.com\/en\/#organization\",\"name\":\"\u00c9ditions Pow Pow\",\"url\":\"https:\/\/editionspowpow.com\/en\/\",\"logo\":{\"@type\":\"ImageObject\",\"inLanguage\":\"en-US\",\"@id\":\"https:\/\/editionspowpow.com\/en\/#\/schema\/logo\/image\/\",\"url\":\"https:\/\/edition-pow-pow-bucket.storage.googleapis.com\/wp-content\/uploads\/2024\/03\/logo_site_pow_pow_VERTICAL.png\",\"contentUrl\":\"https:\/\/edition-pow-pow-bucket.storage.googleapis.com\/wp-content\/uploads\/2024\/03\/logo_site_pow_pow_VERTICAL.png\",\"width\":1600,\"height\":1200,\"caption\":\"\u00c9ditions Pow Pow\"},\"image\":{\"@id\":\"https:\/\/editionspowpow.com\/en\/#\/schema\/logo\/image\/\"},\"sameAs\":[\"https:\/\/www.facebook.com\/editionspowpow\",\"https:\/\/x.com\/editionspowpow\"]}]}<\/script>\n<!-- \/ Yoast SEO plugin. -->","yoast_head_json":{"title":"Motel Galactic - \u00c9ditions Pow Pow","robots":{"index":"index","follow":"follow","max-snippet":"max-snippet:-1","max-image-preview":"max-image-preview:large","max-video-preview":"max-video-preview:-1"},"canonical":"https:\/\/editionspowpow.com\/en\/products\/motel-galactic\/","og_locale":"en_US","og_type":"article","og_title":"Motel Galactic - \u00c9ditions Pow Pow","og_description":"Une science-fiction du terroir. L\u2019espace: ses galaxies, ses soleils, ses cabanes \u00e0 patates frites. Pierre Bouchard 2.1.1, tel un Petit Prince des r\u00e9gions, vole de jobine en jobine sur son spatio-jet en ruine. Tout va pas pire jusqu\u2019au jour o\u00f9 le destin le pousse vers le Motel Galactic, un endroit \u00e0 la r\u00e9putation pas vargeuse.","og_url":"https:\/\/editionspowpow.com\/en\/products\/motel-galactic\/","og_site_name":"\u00c9ditions Pow Pow","article_publisher":"https:\/\/www.facebook.com\/editionspowpow","article_modified_time":"2026-02-09T15:33:46+00:00","og_image":[{"width":450,"height":594,"url":"https:\/\/edition-pow-pow-bucket.storage.googleapis.com\/wp-content\/uploads\/2023\/04\/couverture_motel_galactic_01-3.jpg","type":"image\/jpeg"}],"twitter_card":"summary_large_image","twitter_site":"@editionspowpow","twitter_misc":{"Est. reading time":"1 minute"},"schema":{"@context":"https:\/\/schema.org","@graph":[{"@type":"WebPage","@id":"https:\/\/editionspowpow.com\/en\/products\/motel-galactic\/","url":"https:\/\/editionspowpow.com\/en\/products\/motel-galactic\/","name":"Motel Galactic - \u00c9ditions Pow Pow","isPartOf":{"@id":"https:\/\/editionspowpow.com\/en\/#website"},"primaryImageOfPage":{"@id":"https:\/\/editionspowpow.com\/en\/products\/motel-galactic\/#primaryimage"},"image":{"@id":"https:\/\/editionspowpow.com\/en\/products\/motel-galactic\/#primaryimage"},"thumbnailUrl":"https:\/\/edition-pow-pow-bucket.storage.googleapis.com\/wp-content\/uploads\/2023\/04\/couverture_motel_galactic_01-3.jpg","datePublished":"2023-04-17T19:12:19+00:00","dateModified":"2026-02-09T15:33:46+00:00","breadcrumb":{"@id":"https:\/\/editionspowpow.com\/en\/products\/motel-galactic\/#breadcrumb"},"inLanguage":"en-US","potentialAction":[{"@type":"ReadAction","target":["https:\/\/editionspowpow.com\/en\/products\/motel-galactic\/"]}]},{"@type":"ImageObject","inLanguage":"en-US","@id":"https:\/\/editionspowpow.com\/en\/products\/motel-galactic\/#primaryimage","url":"https:\/\/edition-pow-pow-bucket.storage.googleapis.com\/wp-content\/uploads\/2023\/04\/couverture_motel_galactic_01-3.jpg","contentUrl":"https:\/\/edition-pow-pow-bucket.storage.googleapis.com\/wp-content\/uploads\/2023\/04\/couverture_motel_galactic_01-3.jpg","width":450,"height":594},{"@type":"BreadcrumbList","@id":"https:\/\/editionspowpow.com\/en\/products\/motel-galactic\/#breadcrumb","itemListElement":[{"@type":"ListItem","position":1,"name":"Home","item":"https:\/\/editionspowpow.com\/en\/"},{"@type":"ListItem","position":2,"name":"Shop","item":"https:\/\/editionspowpow.com\/en\/shop\/"},{"@type":"ListItem","position":3,"name":"Motel Galactic"}]},{"@type":"WebSite","@id":"https:\/\/editionspowpow.com\/en\/#website","url":"https:\/\/editionspowpow.com\/en\/","name":"\u00c9ditions Pow Pow","description":"","publisher":{"@id":"https:\/\/editionspowpow.com\/en\/#organization"},"potentialAction":[{"@type":"SearchAction","target":{"@type":"EntryPoint","urlTemplate":"https:\/\/editionspowpow.com\/en\/?s={search_term_string}"},"query-input":{"@type":"PropertyValueSpecification","valueRequired":true,"valueName":"search_term_string"}}],"inLanguage":"en-US"},{"@type":"Organization","@id":"https:\/\/editionspowpow.com\/en\/#organization","name":"\u00c9ditions Pow Pow","url":"https:\/\/editionspowpow.com\/en\/","logo":{"@type":"ImageObject","inLanguage":"en-US","@id":"https:\/\/editionspowpow.com\/en\/#\/schema\/logo\/image\/","url":"https:\/\/edition-pow-pow-bucket.storage.googleapis.com\/wp-content\/uploads\/2024\/03\/logo_site_pow_pow_VERTICAL.png","contentUrl":"https:\/\/edition-pow-pow-bucket.storage.googleapis.com\/wp-content\/uploads\/2024\/03\/logo_site_pow_pow_VERTICAL.png","width":1600,"height":1200,"caption":"\u00c9ditions Pow Pow"},"image":{"@id":"https:\/\/editionspowpow.com\/en\/#\/schema\/logo\/image\/"},"sameAs":["https:\/\/www.facebook.com\/editionspowpow","https:\/\/x.com\/editionspowpow"]}]}},"_links":{"self":[{"href":"https:\/\/editionspowpow.com\/en\/wp-json\/wp\/v2\/product\/23530","targetHints":{"allow":["GET"]}}],"collection":[{"href":"https:\/\/editionspowpow.com\/en\/wp-json\/wp\/v2\/product"}],"about":[{"href":"https:\/\/editionspowpow.com\/en\/wp-json\/wp\/v2\/types\/product"}],"wp:featuredmedia":[{"embeddable":true,"href":"https:\/\/editionspowpow.com\/en\/wp-json\/wp\/v2\/media\/423"}],"wp:attachment":[{"href":"https:\/\/editionspowpow.com\/en\/wp-json\/wp\/v2\/media?parent=23530"}],"wp:term":[{"taxonomy":"product_brand","embeddable":true,"href":"https:\/\/editionspowpow.com\/en\/wp-json\/wp\/v2\/product_brand?post=23530"},{"taxonomy":"product_cat","embeddable":true,"href":"https:\/\/editionspowpow.com\/en\/wp-json\/wp\/v2\/product_cat?post=23530"},{"taxonomy":"product_tag","embeddable":true,"href":"https:\/\/editionspowpow.com\/en\/wp-json\/wp\/v2\/product_tag?post=23530"}],"curies":[{"name":"wp","href":"https:\/\/api.w.org\/{rel}","templated":true}]}}