{"id":23532,"date":"2023-04-17T14:12:19","date_gmt":"2023-04-17T18:12:19","guid":{"rendered":"https:\/\/editionspowpow.com\/boutique\/motel-galactic-2-le-folklore-contre-attaque\/"},"modified":"2026-02-09T11:33:46","modified_gmt":"2026-02-09T15:33:46","slug":"motel-galactic-2-le-folklore-contre-attaque","status":"publish","type":"product","link":"https:\/\/editionspowpow.com\/en\/products\/motel-galactic-2-le-folklore-contre-attaque\/","title":{"rendered":"Motel Galactic 2 : le folklore contre-attaque"},"content":{"rendered":"<p>\u00c0 mi-chemin entre la grande fresque \u00e9pique et le feuillet paroissial de Saint-Jean-de-Lotbini\u00e8re, Motel Galactic 2 vous propulse \u00e0 vive allure dans un infini encore plus vaste qu\u2019une all\u00e9e de Canadian Tire. En plus, on apprend comment \u00e7a se fait que le joual est devenu la langue officielle du futur.<\/p>\n","protected":false},"excerpt":{"rendered":"<p>\u00c0 mi-chemin entre la grande fresque \u00e9pique et le feuillet paroissial de Saint-Jean-de-Lotbini\u00e8re, Motel Galactic 2 vous propulse \u00e0 vive allure dans un infini encore plus vaste qu\u2019une all\u00e9e de Canadian Tire. En plus, on apprend comment \u00e7a se fait que le joual est devenu la langue officielle du futur.<\/p>\n","protected":false},"featured_media":462,"template":"","meta":{"_acf_changed":false},"product_brand":[],"product_cat":[271],"product_tag":[314,331],"class_list":{"0":"post-23532","1":"product","2":"type-product","3":"status-publish","4":"has-post-thumbnail","6":"wc_square_synced-yes","7":"product_cat-comic","8":"product_tag-humour-parodique-en","9":"product_tag-science-fiction-en-2","10":"product_shipping_class-format-standard-en","12":"first","13":"instock","14":"taxable","15":"shipping-taxable","16":"purchasable","17":"product-type-simple"},"acf":{"language":"fr","other_language_products":"","authors":[{"author_title":22292,"is_custom_job_title":true,"job_titles":[178]},{"author_title":22367,"is_custom_job_title":true,"job_titles":[177]}],"total_pages":104,"isbn":"978-2-924049-04-4","release_date":"20120401","other_release_dates":null,"has_product_excerpt":true,"button_excerpt_position":"left","accent_color":"#D44929","awards":[{"content":"Finaliste \u2013 Prix des abonn\u00e9s de la Biblioth\u00e8que de Qu\u00e9bec 2013"}],"comments":[{"content":"Absurde, vous avez dit? Cette deuxi\u00e8me incursion dans l\u2019univers du Motel Galactic l\u2019est sans l\u2019ombre d\u2019un doute, avec toujours cette grosse pointe d\u2019ironie, de sarcasme qui se r\u00e9pand dans le trait volontairement grossier de Bouchard et le sc\u00e9nario grotesque de Desharnais, et qui, au final, fait que la farce est peut-\u00eatre un peu \u00e0 prendre au s\u00e9rieux.","credit_group":{"content":" Le Devoir, 21 avril 2012","link":"https:\/\/www.ledevoir.com\/lire\/348039\/bede-l-absurde-dans-un-futur-pres-de-chez-nous","is_external_link":true}},{"content":"Agr\u00e9able m\u00e9lange d\u2019humour \u00e0 la qu\u00e9b\u00e9coise et de dialogues aussi funny que la langue fourchue d\u2019une Gasp\u00e9sienne, vous entrerez bien malgr\u00e9 vous dans cet univers blasph\u00e9matoire, o\u00f9 l\u2019histoire du Qu\u00e9bec a \u00e9t\u00e9 revisit\u00e9e, fa\u00e7on Desharnais-Bouchard, sans autres pr\u00e9liminaires qu\u2019une bonne dose d\u2019humour cynique bien huil\u00e9e.","credit_group":{"content":"La bible urbaine, 9 mai 2012","link":"https:\/\/labibleurbaine.com\/litterature\/motel-galactic-2-et-glorieux-printemps-un-printemps-folklorique-aux-editions-pow-pow\/","is_external_link":true}}],"video_gallery":null},"yoast_head":"<!-- This site is optimized with the Yoast SEO plugin v26.9 - https:\/\/yoast.com\/product\/yoast-seo-wordpress\/ -->\n<title>Motel Galactic 2 : le folklore contre-attaque - \u00c9ditions Pow Pow<\/title>\n<meta name=\"robots\" content=\"index, follow, max-snippet:-1, max-image-preview:large, max-video-preview:-1\" \/>\n<link rel=\"canonical\" href=\"https:\/\/editionspowpow.com\/en\/products\/motel-galactic-2-le-folklore-contre-attaque\/\" \/>\n<meta property=\"og:locale\" content=\"en_US\" \/>\n<meta property=\"og:type\" content=\"article\" \/>\n<meta property=\"og:title\" content=\"Motel Galactic 2 : le folklore contre-attaque - \u00c9ditions Pow Pow\" \/>\n<meta property=\"og:description\" content=\"\u00c0 mi-chemin entre la grande fresque \u00e9pique et le feuillet paroissial de Saint-Jean-de-Lotbini\u00e8re, Motel Galactic 2 vous propulse \u00e0 vive allure dans un infini encore plus vaste qu\u2019une all\u00e9e de Canadian Tire. En plus, on apprend comment \u00e7a se fait que le joual est devenu la langue officielle du futur.\" \/>\n<meta property=\"og:url\" content=\"https:\/\/editionspowpow.com\/en\/products\/motel-galactic-2-le-folklore-contre-attaque\/\" \/>\n<meta property=\"og:site_name\" content=\"\u00c9ditions Pow Pow\" \/>\n<meta property=\"article:publisher\" content=\"https:\/\/www.facebook.com\/editionspowpow\" \/>\n<meta property=\"article:modified_time\" content=\"2026-02-09T15:33:46+00:00\" \/>\n<meta property=\"og:image\" content=\"https:\/\/edition-pow-pow-bucket.storage.googleapis.com\/wp-content\/uploads\/2023\/04\/MG2_couverture_test_02-3.jpg\" \/>\n\t<meta property=\"og:image:width\" content=\"452\" \/>\n\t<meta property=\"og:image:height\" content=\"596\" \/>\n\t<meta property=\"og:image:type\" content=\"image\/jpeg\" \/>\n<meta name=\"twitter:card\" content=\"summary_large_image\" \/>\n<meta name=\"twitter:site\" content=\"@editionspowpow\" \/>\n<meta name=\"twitter:label1\" content=\"Est. reading time\" \/>\n\t<meta name=\"twitter:data1\" content=\"1 minute\" \/>\n<script type=\"application\/ld+json\" class=\"yoast-schema-graph\">{\"@context\":\"https:\/\/schema.org\",\"@graph\":[{\"@type\":\"WebPage\",\"@id\":\"https:\/\/editionspowpow.com\/en\/products\/motel-galactic-2-le-folklore-contre-attaque\/\",\"url\":\"https:\/\/editionspowpow.com\/en\/products\/motel-galactic-2-le-folklore-contre-attaque\/\",\"name\":\"Motel Galactic 2 : le folklore contre-attaque - \u00c9ditions Pow Pow\",\"isPartOf\":{\"@id\":\"https:\/\/editionspowpow.com\/en\/#website\"},\"primaryImageOfPage\":{\"@id\":\"https:\/\/editionspowpow.com\/en\/products\/motel-galactic-2-le-folklore-contre-attaque\/#primaryimage\"},\"image\":{\"@id\":\"https:\/\/editionspowpow.com\/en\/products\/motel-galactic-2-le-folklore-contre-attaque\/#primaryimage\"},\"thumbnailUrl\":\"https:\/\/edition-pow-pow-bucket.storage.googleapis.com\/wp-content\/uploads\/2023\/04\/MG2_couverture_test_02-3.jpg\",\"datePublished\":\"2023-04-17T18:12:19+00:00\",\"dateModified\":\"2026-02-09T15:33:46+00:00\",\"breadcrumb\":{\"@id\":\"https:\/\/editionspowpow.com\/en\/products\/motel-galactic-2-le-folklore-contre-attaque\/#breadcrumb\"},\"inLanguage\":\"en-US\",\"potentialAction\":[{\"@type\":\"ReadAction\",\"target\":[\"https:\/\/editionspowpow.com\/en\/products\/motel-galactic-2-le-folklore-contre-attaque\/\"]}]},{\"@type\":\"ImageObject\",\"inLanguage\":\"en-US\",\"@id\":\"https:\/\/editionspowpow.com\/en\/products\/motel-galactic-2-le-folklore-contre-attaque\/#primaryimage\",\"url\":\"https:\/\/edition-pow-pow-bucket.storage.googleapis.com\/wp-content\/uploads\/2023\/04\/MG2_couverture_test_02-3.jpg\",\"contentUrl\":\"https:\/\/edition-pow-pow-bucket.storage.googleapis.com\/wp-content\/uploads\/2023\/04\/MG2_couverture_test_02-3.jpg\",\"width\":452,\"height\":596},{\"@type\":\"BreadcrumbList\",\"@id\":\"https:\/\/editionspowpow.com\/en\/products\/motel-galactic-2-le-folklore-contre-attaque\/#breadcrumb\",\"itemListElement\":[{\"@type\":\"ListItem\",\"position\":1,\"name\":\"Home\",\"item\":\"https:\/\/editionspowpow.com\/en\/\"},{\"@type\":\"ListItem\",\"position\":2,\"name\":\"Shop\",\"item\":\"https:\/\/editionspowpow.com\/en\/shop\/\"},{\"@type\":\"ListItem\",\"position\":3,\"name\":\"Motel Galactic 2 : le folklore contre-attaque\"}]},{\"@type\":\"WebSite\",\"@id\":\"https:\/\/editionspowpow.com\/en\/#website\",\"url\":\"https:\/\/editionspowpow.com\/en\/\",\"name\":\"\u00c9ditions Pow Pow\",\"description\":\"\",\"publisher\":{\"@id\":\"https:\/\/editionspowpow.com\/en\/#organization\"},\"potentialAction\":[{\"@type\":\"SearchAction\",\"target\":{\"@type\":\"EntryPoint\",\"urlTemplate\":\"https:\/\/editionspowpow.com\/en\/?s={search_term_string}\"},\"query-input\":{\"@type\":\"PropertyValueSpecification\",\"valueRequired\":true,\"valueName\":\"search_term_string\"}}],\"inLanguage\":\"en-US\"},{\"@type\":\"Organization\",\"@id\":\"https:\/\/editionspowpow.com\/en\/#organization\",\"name\":\"\u00c9ditions Pow Pow\",\"url\":\"https:\/\/editionspowpow.com\/en\/\",\"logo\":{\"@type\":\"ImageObject\",\"inLanguage\":\"en-US\",\"@id\":\"https:\/\/editionspowpow.com\/en\/#\/schema\/logo\/image\/\",\"url\":\"https:\/\/edition-pow-pow-bucket.storage.googleapis.com\/wp-content\/uploads\/2024\/03\/logo_site_pow_pow_VERTICAL.png\",\"contentUrl\":\"https:\/\/edition-pow-pow-bucket.storage.googleapis.com\/wp-content\/uploads\/2024\/03\/logo_site_pow_pow_VERTICAL.png\",\"width\":1600,\"height\":1200,\"caption\":\"\u00c9ditions Pow Pow\"},\"image\":{\"@id\":\"https:\/\/editionspowpow.com\/en\/#\/schema\/logo\/image\/\"},\"sameAs\":[\"https:\/\/www.facebook.com\/editionspowpow\",\"https:\/\/x.com\/editionspowpow\"]}]}<\/script>\n<!-- \/ Yoast SEO plugin. -->","yoast_head_json":{"title":"Motel Galactic 2 : le folklore contre-attaque - \u00c9ditions Pow Pow","robots":{"index":"index","follow":"follow","max-snippet":"max-snippet:-1","max-image-preview":"max-image-preview:large","max-video-preview":"max-video-preview:-1"},"canonical":"https:\/\/editionspowpow.com\/en\/products\/motel-galactic-2-le-folklore-contre-attaque\/","og_locale":"en_US","og_type":"article","og_title":"Motel Galactic 2 : le folklore contre-attaque - \u00c9ditions Pow Pow","og_description":"\u00c0 mi-chemin entre la grande fresque \u00e9pique et le feuillet paroissial de Saint-Jean-de-Lotbini\u00e8re, Motel Galactic 2 vous propulse \u00e0 vive allure dans un infini encore plus vaste qu\u2019une all\u00e9e de Canadian Tire. En plus, on apprend comment \u00e7a se fait que le joual est devenu la langue officielle du futur.","og_url":"https:\/\/editionspowpow.com\/en\/products\/motel-galactic-2-le-folklore-contre-attaque\/","og_site_name":"\u00c9ditions Pow Pow","article_publisher":"https:\/\/www.facebook.com\/editionspowpow","article_modified_time":"2026-02-09T15:33:46+00:00","og_image":[{"width":452,"height":596,"url":"https:\/\/edition-pow-pow-bucket.storage.googleapis.com\/wp-content\/uploads\/2023\/04\/MG2_couverture_test_02-3.jpg","type":"image\/jpeg"}],"twitter_card":"summary_large_image","twitter_site":"@editionspowpow","twitter_misc":{"Est. reading time":"1 minute"},"schema":{"@context":"https:\/\/schema.org","@graph":[{"@type":"WebPage","@id":"https:\/\/editionspowpow.com\/en\/products\/motel-galactic-2-le-folklore-contre-attaque\/","url":"https:\/\/editionspowpow.com\/en\/products\/motel-galactic-2-le-folklore-contre-attaque\/","name":"Motel Galactic 2 : le folklore contre-attaque - \u00c9ditions Pow Pow","isPartOf":{"@id":"https:\/\/editionspowpow.com\/en\/#website"},"primaryImageOfPage":{"@id":"https:\/\/editionspowpow.com\/en\/products\/motel-galactic-2-le-folklore-contre-attaque\/#primaryimage"},"image":{"@id":"https:\/\/editionspowpow.com\/en\/products\/motel-galactic-2-le-folklore-contre-attaque\/#primaryimage"},"thumbnailUrl":"https:\/\/edition-pow-pow-bucket.storage.googleapis.com\/wp-content\/uploads\/2023\/04\/MG2_couverture_test_02-3.jpg","datePublished":"2023-04-17T18:12:19+00:00","dateModified":"2026-02-09T15:33:46+00:00","breadcrumb":{"@id":"https:\/\/editionspowpow.com\/en\/products\/motel-galactic-2-le-folklore-contre-attaque\/#breadcrumb"},"inLanguage":"en-US","potentialAction":[{"@type":"ReadAction","target":["https:\/\/editionspowpow.com\/en\/products\/motel-galactic-2-le-folklore-contre-attaque\/"]}]},{"@type":"ImageObject","inLanguage":"en-US","@id":"https:\/\/editionspowpow.com\/en\/products\/motel-galactic-2-le-folklore-contre-attaque\/#primaryimage","url":"https:\/\/edition-pow-pow-bucket.storage.googleapis.com\/wp-content\/uploads\/2023\/04\/MG2_couverture_test_02-3.jpg","contentUrl":"https:\/\/edition-pow-pow-bucket.storage.googleapis.com\/wp-content\/uploads\/2023\/04\/MG2_couverture_test_02-3.jpg","width":452,"height":596},{"@type":"BreadcrumbList","@id":"https:\/\/editionspowpow.com\/en\/products\/motel-galactic-2-le-folklore-contre-attaque\/#breadcrumb","itemListElement":[{"@type":"ListItem","position":1,"name":"Home","item":"https:\/\/editionspowpow.com\/en\/"},{"@type":"ListItem","position":2,"name":"Shop","item":"https:\/\/editionspowpow.com\/en\/shop\/"},{"@type":"ListItem","position":3,"name":"Motel Galactic 2 : le folklore contre-attaque"}]},{"@type":"WebSite","@id":"https:\/\/editionspowpow.com\/en\/#website","url":"https:\/\/editionspowpow.com\/en\/","name":"\u00c9ditions Pow Pow","description":"","publisher":{"@id":"https:\/\/editionspowpow.com\/en\/#organization"},"potentialAction":[{"@type":"SearchAction","target":{"@type":"EntryPoint","urlTemplate":"https:\/\/editionspowpow.com\/en\/?s={search_term_string}"},"query-input":{"@type":"PropertyValueSpecification","valueRequired":true,"valueName":"search_term_string"}}],"inLanguage":"en-US"},{"@type":"Organization","@id":"https:\/\/editionspowpow.com\/en\/#organization","name":"\u00c9ditions Pow Pow","url":"https:\/\/editionspowpow.com\/en\/","logo":{"@type":"ImageObject","inLanguage":"en-US","@id":"https:\/\/editionspowpow.com\/en\/#\/schema\/logo\/image\/","url":"https:\/\/edition-pow-pow-bucket.storage.googleapis.com\/wp-content\/uploads\/2024\/03\/logo_site_pow_pow_VERTICAL.png","contentUrl":"https:\/\/edition-pow-pow-bucket.storage.googleapis.com\/wp-content\/uploads\/2024\/03\/logo_site_pow_pow_VERTICAL.png","width":1600,"height":1200,"caption":"\u00c9ditions Pow Pow"},"image":{"@id":"https:\/\/editionspowpow.com\/en\/#\/schema\/logo\/image\/"},"sameAs":["https:\/\/www.facebook.com\/editionspowpow","https:\/\/x.com\/editionspowpow"]}]}},"_links":{"self":[{"href":"https:\/\/editionspowpow.com\/en\/wp-json\/wp\/v2\/product\/23532","targetHints":{"allow":["GET"]}}],"collection":[{"href":"https:\/\/editionspowpow.com\/en\/wp-json\/wp\/v2\/product"}],"about":[{"href":"https:\/\/editionspowpow.com\/en\/wp-json\/wp\/v2\/types\/product"}],"wp:featuredmedia":[{"embeddable":true,"href":"https:\/\/editionspowpow.com\/en\/wp-json\/wp\/v2\/media\/462"}],"wp:attachment":[{"href":"https:\/\/editionspowpow.com\/en\/wp-json\/wp\/v2\/media?parent=23532"}],"wp:term":[{"taxonomy":"product_brand","embeddable":true,"href":"https:\/\/editionspowpow.com\/en\/wp-json\/wp\/v2\/product_brand?post=23532"},{"taxonomy":"product_cat","embeddable":true,"href":"https:\/\/editionspowpow.com\/en\/wp-json\/wp\/v2\/product_cat?post=23532"},{"taxonomy":"product_tag","embeddable":true,"href":"https:\/\/editionspowpow.com\/en\/wp-json\/wp\/v2\/product_tag?post=23532"}],"curies":[{"name":"wp","href":"https:\/\/api.w.org\/{rel}","templated":true}]}}