{"id":23534,"date":"2023-04-17T14:12:19","date_gmt":"2023-04-17T18:12:19","guid":{"rendered":"https:\/\/editionspowpow.com\/boutique\/glorieux-printemps\/"},"modified":"2026-02-09T11:33:47","modified_gmt":"2026-02-09T15:33:47","slug":"glorieux-printemps","status":"publish","type":"product","link":"https:\/\/editionspowpow.com\/en\/products\/glorieux-printemps\/","title":{"rendered":"Glorieux printemps"},"content":{"rendered":"<p>\u00c9milie n\u2019a d\u2019yeux que pour la nuque de Rapha\u00ebl, mais c\u2019est plut\u00f4t l\u2019excentrique Antoine qui la suit partout. Pendant ce temps, Micheline est folle des beaux mollets de son \u00e2me s\u0153ur, et Mathieu observe de tr\u00e8s loin la trop parfaite Andr\u00e9anne. Bref, vous voyez le genre.<\/p>\n","protected":false},"excerpt":{"rendered":"<p>\u00c9milie n\u2019a d\u2019yeux que pour la nuque de Rapha\u00ebl, mais c\u2019est plut\u00f4t l\u2019excentrique Antoine qui la suit partout. Pendant ce temps, Micheline est folle des beaux mollets de son \u00e2me s\u0153ur, et Mathieu observe de tr\u00e8s loin la trop parfaite Andr\u00e9anne. Bref, vous voyez le genre.<\/p>\n","protected":false},"featured_media":493,"template":"","meta":{"_acf_changed":false},"product_brand":[],"product_cat":[271],"product_tag":[314,316,267],"class_list":{"0":"post-23534","1":"product","2":"type-product","3":"status-publish","4":"has-post-thumbnail","6":"wc_square_synced-yes","7":"product_cat-comic","8":"product_tag-humour-parodique-en","9":"product_tag-quotidien-en","10":"product_tag-teenage","11":"product_shipping_class-format-standard-en","13":"first","14":"instock","15":"taxable","16":"shipping-taxable","17":"purchasable","18":"product-type-simple"},"acf":{"language":"fr","other_language_products":[19546],"authors":[{"author_title":22323,"is_custom_job_title":false,"job_titles":[]}],"total_pages":148,"isbn":"978-2-924049-03-7","release_date":"20120401","other_release_dates":null,"has_product_excerpt":true,"button_excerpt_position":"left","accent_color":"#96C121","awards":[{"content":"Finaliste \u2013 prix B\u00e9d\u00e9lys Qu\u00e9bec 2012"},{"content":"Finaliste \u2013 Prix R\u00e9al-Fillion des B\u00e9d\u00e9is Causa 2012"},{"content":"Finaliste \u2013 Grand prix de la ville de Qu\u00e9bec des B\u00e9d\u00e9is Causa 2012"}],"comments":[{"content":"La jeune auteure Sophie B\u00e9dard a fait une entr\u00e9e remarqu\u00e9e dans le neuvi\u00e8me art qu\u00e9b\u00e9cois [\u2026].","credit_group":{"content":"Journal de Montr\u00e9al, 28 avril 2012","link":"https:\/\/www.journaldemontreal.com\/2012\/04\/28\/pas-mal-pour-une-sabbatique","is_external_link":true}},{"content":"Alternant l\u2019humour et la sagesse, le r\u00e9cit [...]\u00a0vous transportera en lieux s\u00fbrs vers une charmante histoire d\u2019adolescents au comble de l\u2019hyst\u00e9rie collective.","credit_group":{"content":"La bible urbaine, 9 mai 2012","link":"https:\/\/labibleurbaine.com\/litterature\/motel-galactic-2-et-glorieux-printemps-un-printemps-folklorique-aux-editions-pow-pow\/","is_external_link":true}},{"content":"Et c\u2019est vrai que le r\u00e9cit est empreint d\u2019une grande authenticit\u00e9. J\u2019avais m\u00eame parfois l\u2019impression d\u2019\u00eatre un peu voyeuse, d\u00e9couvrant des situations que je retrouve vraiment dans l\u2019\u00e9cole o\u00f9 je travaille, des conversations et des gestes typiques d\u2019une p\u00e9riode o\u00f9 il est parfois difficile de vivre avec soi et avec les autres.","credit_group":{"content":"Sophie lit, 29 mai 2012","link":"http:\/\/sophielit.ca\/critique.php?id=471&o=top","is_external_link":true}}],"video_gallery":[{"video_url":"https:\/\/www.youtube.com\/watch?v=4ASW5v8VORs&t=26s","title":"Glorieux printemps <br>\u2014 Sophie B\u00e9dard","video_preview":20828,"video_duration":"1:44"}]},"yoast_head":"<!-- This site is optimized with the Yoast SEO plugin v26.9 - https:\/\/yoast.com\/product\/yoast-seo-wordpress\/ -->\n<title>Glorieux printemps - \u00c9ditions Pow Pow<\/title>\n<meta name=\"robots\" content=\"index, follow, max-snippet:-1, max-image-preview:large, max-video-preview:-1\" \/>\n<link rel=\"canonical\" href=\"https:\/\/editionspowpow.com\/en\/products\/glorieux-printemps\/\" \/>\n<meta property=\"og:locale\" content=\"en_US\" \/>\n<meta property=\"og:type\" content=\"article\" \/>\n<meta property=\"og:title\" content=\"Glorieux printemps - \u00c9ditions Pow Pow\" \/>\n<meta property=\"og:description\" content=\"\u00c9milie n\u2019a d\u2019yeux que pour la nuque de Rapha\u00ebl, mais c\u2019est plut\u00f4t l\u2019excentrique Antoine qui la suit partout. Pendant ce temps, Micheline est folle des beaux mollets de son \u00e2me s\u0153ur, et Mathieu observe de tr\u00e8s loin la trop parfaite Andr\u00e9anne. Bref, vous voyez le genre.\" \/>\n<meta property=\"og:url\" content=\"https:\/\/editionspowpow.com\/en\/products\/glorieux-printemps\/\" \/>\n<meta property=\"og:site_name\" content=\"\u00c9ditions Pow Pow\" \/>\n<meta property=\"article:publisher\" content=\"https:\/\/www.facebook.com\/editionspowpow\" \/>\n<meta property=\"article:modified_time\" content=\"2026-02-09T15:33:47+00:00\" \/>\n<meta property=\"og:image\" content=\"https:\/\/edition-pow-pow-bucket.storage.googleapis.com\/wp-content\/uploads\/2023\/04\/couverture_glorieux_printemps_01-3.jpg\" \/>\n\t<meta property=\"og:image:width\" content=\"450\" \/>\n\t<meta property=\"og:image:height\" content=\"594\" \/>\n\t<meta property=\"og:image:type\" content=\"image\/jpeg\" \/>\n<meta name=\"twitter:card\" content=\"summary_large_image\" \/>\n<meta name=\"twitter:site\" content=\"@editionspowpow\" \/>\n<meta name=\"twitter:label1\" content=\"Est. reading time\" \/>\n\t<meta name=\"twitter:data1\" content=\"1 minute\" \/>\n<script type=\"application\/ld+json\" class=\"yoast-schema-graph\">{\"@context\":\"https:\/\/schema.org\",\"@graph\":[{\"@type\":\"WebPage\",\"@id\":\"https:\/\/editionspowpow.com\/en\/products\/glorieux-printemps\/\",\"url\":\"https:\/\/editionspowpow.com\/en\/products\/glorieux-printemps\/\",\"name\":\"Glorieux printemps - \u00c9ditions Pow Pow\",\"isPartOf\":{\"@id\":\"https:\/\/editionspowpow.com\/en\/#website\"},\"primaryImageOfPage\":{\"@id\":\"https:\/\/editionspowpow.com\/en\/products\/glorieux-printemps\/#primaryimage\"},\"image\":{\"@id\":\"https:\/\/editionspowpow.com\/en\/products\/glorieux-printemps\/#primaryimage\"},\"thumbnailUrl\":\"https:\/\/edition-pow-pow-bucket.storage.googleapis.com\/wp-content\/uploads\/2023\/04\/couverture_glorieux_printemps_01-3.jpg\",\"datePublished\":\"2023-04-17T18:12:19+00:00\",\"dateModified\":\"2026-02-09T15:33:47+00:00\",\"breadcrumb\":{\"@id\":\"https:\/\/editionspowpow.com\/en\/products\/glorieux-printemps\/#breadcrumb\"},\"inLanguage\":\"en-US\",\"potentialAction\":[{\"@type\":\"ReadAction\",\"target\":[\"https:\/\/editionspowpow.com\/en\/products\/glorieux-printemps\/\"]}]},{\"@type\":\"ImageObject\",\"inLanguage\":\"en-US\",\"@id\":\"https:\/\/editionspowpow.com\/en\/products\/glorieux-printemps\/#primaryimage\",\"url\":\"https:\/\/edition-pow-pow-bucket.storage.googleapis.com\/wp-content\/uploads\/2023\/04\/couverture_glorieux_printemps_01-3.jpg\",\"contentUrl\":\"https:\/\/edition-pow-pow-bucket.storage.googleapis.com\/wp-content\/uploads\/2023\/04\/couverture_glorieux_printemps_01-3.jpg\",\"width\":450,\"height\":594},{\"@type\":\"BreadcrumbList\",\"@id\":\"https:\/\/editionspowpow.com\/en\/products\/glorieux-printemps\/#breadcrumb\",\"itemListElement\":[{\"@type\":\"ListItem\",\"position\":1,\"name\":\"Home\",\"item\":\"https:\/\/editionspowpow.com\/en\/\"},{\"@type\":\"ListItem\",\"position\":2,\"name\":\"Shop\",\"item\":\"https:\/\/editionspowpow.com\/en\/shop\/\"},{\"@type\":\"ListItem\",\"position\":3,\"name\":\"Glorieux printemps\"}]},{\"@type\":\"WebSite\",\"@id\":\"https:\/\/editionspowpow.com\/en\/#website\",\"url\":\"https:\/\/editionspowpow.com\/en\/\",\"name\":\"\u00c9ditions Pow Pow\",\"description\":\"\",\"publisher\":{\"@id\":\"https:\/\/editionspowpow.com\/en\/#organization\"},\"potentialAction\":[{\"@type\":\"SearchAction\",\"target\":{\"@type\":\"EntryPoint\",\"urlTemplate\":\"https:\/\/editionspowpow.com\/en\/?s={search_term_string}\"},\"query-input\":{\"@type\":\"PropertyValueSpecification\",\"valueRequired\":true,\"valueName\":\"search_term_string\"}}],\"inLanguage\":\"en-US\"},{\"@type\":\"Organization\",\"@id\":\"https:\/\/editionspowpow.com\/en\/#organization\",\"name\":\"\u00c9ditions Pow Pow\",\"url\":\"https:\/\/editionspowpow.com\/en\/\",\"logo\":{\"@type\":\"ImageObject\",\"inLanguage\":\"en-US\",\"@id\":\"https:\/\/editionspowpow.com\/en\/#\/schema\/logo\/image\/\",\"url\":\"https:\/\/edition-pow-pow-bucket.storage.googleapis.com\/wp-content\/uploads\/2024\/03\/logo_site_pow_pow_VERTICAL.png\",\"contentUrl\":\"https:\/\/edition-pow-pow-bucket.storage.googleapis.com\/wp-content\/uploads\/2024\/03\/logo_site_pow_pow_VERTICAL.png\",\"width\":1600,\"height\":1200,\"caption\":\"\u00c9ditions Pow Pow\"},\"image\":{\"@id\":\"https:\/\/editionspowpow.com\/en\/#\/schema\/logo\/image\/\"},\"sameAs\":[\"https:\/\/www.facebook.com\/editionspowpow\",\"https:\/\/x.com\/editionspowpow\"]}]}<\/script>\n<!-- \/ Yoast SEO plugin. -->","yoast_head_json":{"title":"Glorieux printemps - \u00c9ditions Pow Pow","robots":{"index":"index","follow":"follow","max-snippet":"max-snippet:-1","max-image-preview":"max-image-preview:large","max-video-preview":"max-video-preview:-1"},"canonical":"https:\/\/editionspowpow.com\/en\/products\/glorieux-printemps\/","og_locale":"en_US","og_type":"article","og_title":"Glorieux printemps - \u00c9ditions Pow Pow","og_description":"\u00c9milie n\u2019a d\u2019yeux que pour la nuque de Rapha\u00ebl, mais c\u2019est plut\u00f4t l\u2019excentrique Antoine qui la suit partout. Pendant ce temps, Micheline est folle des beaux mollets de son \u00e2me s\u0153ur, et Mathieu observe de tr\u00e8s loin la trop parfaite Andr\u00e9anne. Bref, vous voyez le genre.","og_url":"https:\/\/editionspowpow.com\/en\/products\/glorieux-printemps\/","og_site_name":"\u00c9ditions Pow Pow","article_publisher":"https:\/\/www.facebook.com\/editionspowpow","article_modified_time":"2026-02-09T15:33:47+00:00","og_image":[{"width":450,"height":594,"url":"https:\/\/edition-pow-pow-bucket.storage.googleapis.com\/wp-content\/uploads\/2023\/04\/couverture_glorieux_printemps_01-3.jpg","type":"image\/jpeg"}],"twitter_card":"summary_large_image","twitter_site":"@editionspowpow","twitter_misc":{"Est. reading time":"1 minute"},"schema":{"@context":"https:\/\/schema.org","@graph":[{"@type":"WebPage","@id":"https:\/\/editionspowpow.com\/en\/products\/glorieux-printemps\/","url":"https:\/\/editionspowpow.com\/en\/products\/glorieux-printemps\/","name":"Glorieux printemps - \u00c9ditions Pow Pow","isPartOf":{"@id":"https:\/\/editionspowpow.com\/en\/#website"},"primaryImageOfPage":{"@id":"https:\/\/editionspowpow.com\/en\/products\/glorieux-printemps\/#primaryimage"},"image":{"@id":"https:\/\/editionspowpow.com\/en\/products\/glorieux-printemps\/#primaryimage"},"thumbnailUrl":"https:\/\/edition-pow-pow-bucket.storage.googleapis.com\/wp-content\/uploads\/2023\/04\/couverture_glorieux_printemps_01-3.jpg","datePublished":"2023-04-17T18:12:19+00:00","dateModified":"2026-02-09T15:33:47+00:00","breadcrumb":{"@id":"https:\/\/editionspowpow.com\/en\/products\/glorieux-printemps\/#breadcrumb"},"inLanguage":"en-US","potentialAction":[{"@type":"ReadAction","target":["https:\/\/editionspowpow.com\/en\/products\/glorieux-printemps\/"]}]},{"@type":"ImageObject","inLanguage":"en-US","@id":"https:\/\/editionspowpow.com\/en\/products\/glorieux-printemps\/#primaryimage","url":"https:\/\/edition-pow-pow-bucket.storage.googleapis.com\/wp-content\/uploads\/2023\/04\/couverture_glorieux_printemps_01-3.jpg","contentUrl":"https:\/\/edition-pow-pow-bucket.storage.googleapis.com\/wp-content\/uploads\/2023\/04\/couverture_glorieux_printemps_01-3.jpg","width":450,"height":594},{"@type":"BreadcrumbList","@id":"https:\/\/editionspowpow.com\/en\/products\/glorieux-printemps\/#breadcrumb","itemListElement":[{"@type":"ListItem","position":1,"name":"Home","item":"https:\/\/editionspowpow.com\/en\/"},{"@type":"ListItem","position":2,"name":"Shop","item":"https:\/\/editionspowpow.com\/en\/shop\/"},{"@type":"ListItem","position":3,"name":"Glorieux printemps"}]},{"@type":"WebSite","@id":"https:\/\/editionspowpow.com\/en\/#website","url":"https:\/\/editionspowpow.com\/en\/","name":"\u00c9ditions Pow Pow","description":"","publisher":{"@id":"https:\/\/editionspowpow.com\/en\/#organization"},"potentialAction":[{"@type":"SearchAction","target":{"@type":"EntryPoint","urlTemplate":"https:\/\/editionspowpow.com\/en\/?s={search_term_string}"},"query-input":{"@type":"PropertyValueSpecification","valueRequired":true,"valueName":"search_term_string"}}],"inLanguage":"en-US"},{"@type":"Organization","@id":"https:\/\/editionspowpow.com\/en\/#organization","name":"\u00c9ditions Pow Pow","url":"https:\/\/editionspowpow.com\/en\/","logo":{"@type":"ImageObject","inLanguage":"en-US","@id":"https:\/\/editionspowpow.com\/en\/#\/schema\/logo\/image\/","url":"https:\/\/edition-pow-pow-bucket.storage.googleapis.com\/wp-content\/uploads\/2024\/03\/logo_site_pow_pow_VERTICAL.png","contentUrl":"https:\/\/edition-pow-pow-bucket.storage.googleapis.com\/wp-content\/uploads\/2024\/03\/logo_site_pow_pow_VERTICAL.png","width":1600,"height":1200,"caption":"\u00c9ditions Pow Pow"},"image":{"@id":"https:\/\/editionspowpow.com\/en\/#\/schema\/logo\/image\/"},"sameAs":["https:\/\/www.facebook.com\/editionspowpow","https:\/\/x.com\/editionspowpow"]}]}},"_links":{"self":[{"href":"https:\/\/editionspowpow.com\/en\/wp-json\/wp\/v2\/product\/23534","targetHints":{"allow":["GET"]}}],"collection":[{"href":"https:\/\/editionspowpow.com\/en\/wp-json\/wp\/v2\/product"}],"about":[{"href":"https:\/\/editionspowpow.com\/en\/wp-json\/wp\/v2\/types\/product"}],"acf:post":[{"embeddable":true,"href":"https:\/\/editionspowpow.com\/en\/wp-json\/wp\/v2\/product\/19546"}],"wp:featuredmedia":[{"embeddable":true,"href":"https:\/\/editionspowpow.com\/en\/wp-json\/wp\/v2\/media\/493"}],"wp:attachment":[{"href":"https:\/\/editionspowpow.com\/en\/wp-json\/wp\/v2\/media?parent=23534"}],"wp:term":[{"taxonomy":"product_brand","embeddable":true,"href":"https:\/\/editionspowpow.com\/en\/wp-json\/wp\/v2\/product_brand?post=23534"},{"taxonomy":"product_cat","embeddable":true,"href":"https:\/\/editionspowpow.com\/en\/wp-json\/wp\/v2\/product_cat?post=23534"},{"taxonomy":"product_tag","embeddable":true,"href":"https:\/\/editionspowpow.com\/en\/wp-json\/wp\/v2\/product_tag?post=23534"}],"curies":[{"name":"wp","href":"https:\/\/api.w.org\/{rel}","templated":true}]}}