{"id":23553,"date":"2023-04-17T14:12:19","date_gmt":"2023-04-17T18:12:19","guid":{"rendered":"https:\/\/editionspowpow.com\/boutique\/motel-galactic-3-comme-dans-le-temps\/"},"modified":"2026-02-09T11:33:46","modified_gmt":"2026-02-09T15:33:46","slug":"motel-galactic-3-comme-dans-le-temps","status":"publish","type":"product","link":"https:\/\/editionspowpow.com\/en\/products\/motel-galactic-3-comme-dans-le-temps\/","title":{"rendered":"Motel Galactic 3: comme dans le temps"},"content":{"rendered":"<p>Comme dans le temps.<\/p>\n<p>Le futur, c\u2019est ben beau, mais le pr\u00e9sent, c\u2019est pas pire non plus. Quand t\u2019es Pierre Bouchard 1.0, que tu vis loin dans l\u2019avenir pis que tu t\u2019ennuies de ton Lac-Saint-Jean natal, t\u2019es un peu mal pris. Heureusement que\u00a0Star Trek 4\u00a0pis la Bolduc sont l\u00e0 pour te venir en aide. Mais avant, faut quand m\u00eame endurer la game de hockey plate o\u00f9 \u00e7a compte pas de buts pis que \u00e7a fait juste se donner des mornifles.<\/p>\n","protected":false},"excerpt":{"rendered":"<p>Comme dans le temps. Le futur, c\u2019est ben beau, mais le pr\u00e9sent, c\u2019est pas pire non plus. Quand t\u2019es Pierre Bouchard 1.0, que tu vis loin dans l\u2019avenir pis que tu t\u2019ennuies de ton Lac-Saint-Jean natal, t\u2019es un peu mal pris. Heureusement que\u00a0Star Trek 4\u00a0pis la Bolduc sont l\u00e0 pour te venir en aide. Mais [&hellip;]<\/p>\n","protected":false},"featured_media":590,"template":"","meta":{"_acf_changed":false},"product_brand":[],"product_cat":[271],"product_tag":[314,331],"class_list":{"0":"post-23553","1":"product","2":"type-product","3":"status-publish","4":"has-post-thumbnail","6":"wc_square_synced-yes","7":"product_cat-comic","8":"product_tag-humour-parodique-en","9":"product_tag-science-fiction-en-2","10":"product_shipping_class-format-standard-en","12":"first","13":"instock","14":"taxable","15":"shipping-taxable","16":"purchasable","17":"product-type-simple"},"acf":{"language":"fr","other_language_products":"","authors":[{"author_title":22292,"is_custom_job_title":true,"job_titles":[178]},{"author_title":22367,"is_custom_job_title":true,"job_titles":[177]}],"total_pages":112,"isbn":"978-2-924049-07-5","release_date":"20130401","other_release_dates":null,"has_product_excerpt":true,"button_excerpt_position":"right","accent_color":"#F9DD4B","awards":null,"comments":[{"content":"C\u2019est donc le coeur un peu serr\u00e9 et le sourire aux l\u00e8vres que j\u2019ai termin\u00e9 la lecture du tome 3 de <em>Motel Galactic<\/em> [\u2026] Toujours aussi d\u00e9lirant et drolatique, le dernier tome est aussi empreint d\u2019une certaine nostalgie [\u2026] C\u2019est donc tout aussi judicieusement que le duo l\u2019avait d\u00e9but\u00e9 qu\u2019il cl\u00f4t cette surprenante et d\u00e9licieuse trilogie.","credit_group":{"content":"A dinosaur between bubbles, 3 juin 2013","link":"https:\/\/dinosaurbetweenbubbles.wordpress.com\/2013\/06\/03\/motel-galactic-tomes-1-a-3-par-francis-desharnais-et-pierre-bouchard\/","is_external_link":true}}],"video_gallery":null},"yoast_head":"<!-- This site is optimized with the Yoast SEO plugin v26.9 - https:\/\/yoast.com\/product\/yoast-seo-wordpress\/ -->\n<title>Motel Galactic 3: comme dans le temps - \u00c9ditions Pow Pow<\/title>\n<meta name=\"robots\" content=\"index, follow, max-snippet:-1, max-image-preview:large, max-video-preview:-1\" \/>\n<link rel=\"canonical\" href=\"https:\/\/editionspowpow.com\/en\/products\/motel-galactic-3-comme-dans-le-temps\/\" \/>\n<meta property=\"og:locale\" content=\"en_US\" \/>\n<meta property=\"og:type\" content=\"article\" \/>\n<meta property=\"og:title\" content=\"Motel Galactic 3: comme dans le temps - \u00c9ditions Pow Pow\" \/>\n<meta property=\"og:description\" content=\"Comme dans le temps. Le futur, c\u2019est ben beau, mais le pr\u00e9sent, c\u2019est pas pire non plus. Quand t\u2019es Pierre Bouchard 1.0, que tu vis loin dans l\u2019avenir pis que tu t\u2019ennuies de ton Lac-Saint-Jean natal, t\u2019es un peu mal pris. Heureusement que\u00a0Star Trek 4\u00a0pis la Bolduc sont l\u00e0 pour te venir en aide. Mais [&hellip;]\" \/>\n<meta property=\"og:url\" content=\"https:\/\/editionspowpow.com\/en\/products\/motel-galactic-3-comme-dans-le-temps\/\" \/>\n<meta property=\"og:site_name\" content=\"\u00c9ditions Pow Pow\" \/>\n<meta property=\"article:publisher\" content=\"https:\/\/www.facebook.com\/editionspowpow\" \/>\n<meta property=\"article:modified_time\" content=\"2026-02-09T15:33:46+00:00\" \/>\n<meta property=\"og:image\" content=\"https:\/\/edition-pow-pow-bucket.storage.googleapis.com\/wp-content\/uploads\/2023\/04\/MG3_couverture1-3.jpg\" \/>\n\t<meta property=\"og:image:width\" content=\"450\" \/>\n\t<meta property=\"og:image:height\" content=\"594\" \/>\n\t<meta property=\"og:image:type\" content=\"image\/jpeg\" \/>\n<meta name=\"twitter:card\" content=\"summary_large_image\" \/>\n<meta name=\"twitter:site\" content=\"@editionspowpow\" \/>\n<meta name=\"twitter:label1\" content=\"Est. reading time\" \/>\n\t<meta name=\"twitter:data1\" content=\"1 minute\" \/>\n<script type=\"application\/ld+json\" class=\"yoast-schema-graph\">{\"@context\":\"https:\/\/schema.org\",\"@graph\":[{\"@type\":\"WebPage\",\"@id\":\"https:\/\/editionspowpow.com\/en\/products\/motel-galactic-3-comme-dans-le-temps\/\",\"url\":\"https:\/\/editionspowpow.com\/en\/products\/motel-galactic-3-comme-dans-le-temps\/\",\"name\":\"Motel Galactic 3: comme dans le temps - \u00c9ditions Pow Pow\",\"isPartOf\":{\"@id\":\"https:\/\/editionspowpow.com\/en\/#website\"},\"primaryImageOfPage\":{\"@id\":\"https:\/\/editionspowpow.com\/en\/products\/motel-galactic-3-comme-dans-le-temps\/#primaryimage\"},\"image\":{\"@id\":\"https:\/\/editionspowpow.com\/en\/products\/motel-galactic-3-comme-dans-le-temps\/#primaryimage\"},\"thumbnailUrl\":\"https:\/\/edition-pow-pow-bucket.storage.googleapis.com\/wp-content\/uploads\/2023\/04\/MG3_couverture1-3.jpg\",\"datePublished\":\"2023-04-17T18:12:19+00:00\",\"dateModified\":\"2026-02-09T15:33:46+00:00\",\"breadcrumb\":{\"@id\":\"https:\/\/editionspowpow.com\/en\/products\/motel-galactic-3-comme-dans-le-temps\/#breadcrumb\"},\"inLanguage\":\"en-US\",\"potentialAction\":[{\"@type\":\"ReadAction\",\"target\":[\"https:\/\/editionspowpow.com\/en\/products\/motel-galactic-3-comme-dans-le-temps\/\"]}]},{\"@type\":\"ImageObject\",\"inLanguage\":\"en-US\",\"@id\":\"https:\/\/editionspowpow.com\/en\/products\/motel-galactic-3-comme-dans-le-temps\/#primaryimage\",\"url\":\"https:\/\/edition-pow-pow-bucket.storage.googleapis.com\/wp-content\/uploads\/2023\/04\/MG3_couverture1-3.jpg\",\"contentUrl\":\"https:\/\/edition-pow-pow-bucket.storage.googleapis.com\/wp-content\/uploads\/2023\/04\/MG3_couverture1-3.jpg\",\"width\":450,\"height\":594},{\"@type\":\"BreadcrumbList\",\"@id\":\"https:\/\/editionspowpow.com\/en\/products\/motel-galactic-3-comme-dans-le-temps\/#breadcrumb\",\"itemListElement\":[{\"@type\":\"ListItem\",\"position\":1,\"name\":\"Home\",\"item\":\"https:\/\/editionspowpow.com\/en\/\"},{\"@type\":\"ListItem\",\"position\":2,\"name\":\"Shop\",\"item\":\"https:\/\/editionspowpow.com\/en\/shop\/\"},{\"@type\":\"ListItem\",\"position\":3,\"name\":\"Motel Galactic 3: comme dans le temps\"}]},{\"@type\":\"WebSite\",\"@id\":\"https:\/\/editionspowpow.com\/en\/#website\",\"url\":\"https:\/\/editionspowpow.com\/en\/\",\"name\":\"\u00c9ditions Pow Pow\",\"description\":\"\",\"publisher\":{\"@id\":\"https:\/\/editionspowpow.com\/en\/#organization\"},\"potentialAction\":[{\"@type\":\"SearchAction\",\"target\":{\"@type\":\"EntryPoint\",\"urlTemplate\":\"https:\/\/editionspowpow.com\/en\/?s={search_term_string}\"},\"query-input\":{\"@type\":\"PropertyValueSpecification\",\"valueRequired\":true,\"valueName\":\"search_term_string\"}}],\"inLanguage\":\"en-US\"},{\"@type\":\"Organization\",\"@id\":\"https:\/\/editionspowpow.com\/en\/#organization\",\"name\":\"\u00c9ditions Pow Pow\",\"url\":\"https:\/\/editionspowpow.com\/en\/\",\"logo\":{\"@type\":\"ImageObject\",\"inLanguage\":\"en-US\",\"@id\":\"https:\/\/editionspowpow.com\/en\/#\/schema\/logo\/image\/\",\"url\":\"https:\/\/edition-pow-pow-bucket.storage.googleapis.com\/wp-content\/uploads\/2024\/03\/logo_site_pow_pow_VERTICAL.png\",\"contentUrl\":\"https:\/\/edition-pow-pow-bucket.storage.googleapis.com\/wp-content\/uploads\/2024\/03\/logo_site_pow_pow_VERTICAL.png\",\"width\":1600,\"height\":1200,\"caption\":\"\u00c9ditions Pow Pow\"},\"image\":{\"@id\":\"https:\/\/editionspowpow.com\/en\/#\/schema\/logo\/image\/\"},\"sameAs\":[\"https:\/\/www.facebook.com\/editionspowpow\",\"https:\/\/x.com\/editionspowpow\"]}]}<\/script>\n<!-- \/ Yoast SEO plugin. -->","yoast_head_json":{"title":"Motel Galactic 3: comme dans le temps - \u00c9ditions Pow Pow","robots":{"index":"index","follow":"follow","max-snippet":"max-snippet:-1","max-image-preview":"max-image-preview:large","max-video-preview":"max-video-preview:-1"},"canonical":"https:\/\/editionspowpow.com\/en\/products\/motel-galactic-3-comme-dans-le-temps\/","og_locale":"en_US","og_type":"article","og_title":"Motel Galactic 3: comme dans le temps - \u00c9ditions Pow Pow","og_description":"Comme dans le temps. Le futur, c\u2019est ben beau, mais le pr\u00e9sent, c\u2019est pas pire non plus. Quand t\u2019es Pierre Bouchard 1.0, que tu vis loin dans l\u2019avenir pis que tu t\u2019ennuies de ton Lac-Saint-Jean natal, t\u2019es un peu mal pris. Heureusement que\u00a0Star Trek 4\u00a0pis la Bolduc sont l\u00e0 pour te venir en aide. Mais [&hellip;]","og_url":"https:\/\/editionspowpow.com\/en\/products\/motel-galactic-3-comme-dans-le-temps\/","og_site_name":"\u00c9ditions Pow Pow","article_publisher":"https:\/\/www.facebook.com\/editionspowpow","article_modified_time":"2026-02-09T15:33:46+00:00","og_image":[{"width":450,"height":594,"url":"https:\/\/edition-pow-pow-bucket.storage.googleapis.com\/wp-content\/uploads\/2023\/04\/MG3_couverture1-3.jpg","type":"image\/jpeg"}],"twitter_card":"summary_large_image","twitter_site":"@editionspowpow","twitter_misc":{"Est. reading time":"1 minute"},"schema":{"@context":"https:\/\/schema.org","@graph":[{"@type":"WebPage","@id":"https:\/\/editionspowpow.com\/en\/products\/motel-galactic-3-comme-dans-le-temps\/","url":"https:\/\/editionspowpow.com\/en\/products\/motel-galactic-3-comme-dans-le-temps\/","name":"Motel Galactic 3: comme dans le temps - \u00c9ditions Pow Pow","isPartOf":{"@id":"https:\/\/editionspowpow.com\/en\/#website"},"primaryImageOfPage":{"@id":"https:\/\/editionspowpow.com\/en\/products\/motel-galactic-3-comme-dans-le-temps\/#primaryimage"},"image":{"@id":"https:\/\/editionspowpow.com\/en\/products\/motel-galactic-3-comme-dans-le-temps\/#primaryimage"},"thumbnailUrl":"https:\/\/edition-pow-pow-bucket.storage.googleapis.com\/wp-content\/uploads\/2023\/04\/MG3_couverture1-3.jpg","datePublished":"2023-04-17T18:12:19+00:00","dateModified":"2026-02-09T15:33:46+00:00","breadcrumb":{"@id":"https:\/\/editionspowpow.com\/en\/products\/motel-galactic-3-comme-dans-le-temps\/#breadcrumb"},"inLanguage":"en-US","potentialAction":[{"@type":"ReadAction","target":["https:\/\/editionspowpow.com\/en\/products\/motel-galactic-3-comme-dans-le-temps\/"]}]},{"@type":"ImageObject","inLanguage":"en-US","@id":"https:\/\/editionspowpow.com\/en\/products\/motel-galactic-3-comme-dans-le-temps\/#primaryimage","url":"https:\/\/edition-pow-pow-bucket.storage.googleapis.com\/wp-content\/uploads\/2023\/04\/MG3_couverture1-3.jpg","contentUrl":"https:\/\/edition-pow-pow-bucket.storage.googleapis.com\/wp-content\/uploads\/2023\/04\/MG3_couverture1-3.jpg","width":450,"height":594},{"@type":"BreadcrumbList","@id":"https:\/\/editionspowpow.com\/en\/products\/motel-galactic-3-comme-dans-le-temps\/#breadcrumb","itemListElement":[{"@type":"ListItem","position":1,"name":"Home","item":"https:\/\/editionspowpow.com\/en\/"},{"@type":"ListItem","position":2,"name":"Shop","item":"https:\/\/editionspowpow.com\/en\/shop\/"},{"@type":"ListItem","position":3,"name":"Motel Galactic 3: comme dans le temps"}]},{"@type":"WebSite","@id":"https:\/\/editionspowpow.com\/en\/#website","url":"https:\/\/editionspowpow.com\/en\/","name":"\u00c9ditions Pow Pow","description":"","publisher":{"@id":"https:\/\/editionspowpow.com\/en\/#organization"},"potentialAction":[{"@type":"SearchAction","target":{"@type":"EntryPoint","urlTemplate":"https:\/\/editionspowpow.com\/en\/?s={search_term_string}"},"query-input":{"@type":"PropertyValueSpecification","valueRequired":true,"valueName":"search_term_string"}}],"inLanguage":"en-US"},{"@type":"Organization","@id":"https:\/\/editionspowpow.com\/en\/#organization","name":"\u00c9ditions Pow Pow","url":"https:\/\/editionspowpow.com\/en\/","logo":{"@type":"ImageObject","inLanguage":"en-US","@id":"https:\/\/editionspowpow.com\/en\/#\/schema\/logo\/image\/","url":"https:\/\/edition-pow-pow-bucket.storage.googleapis.com\/wp-content\/uploads\/2024\/03\/logo_site_pow_pow_VERTICAL.png","contentUrl":"https:\/\/edition-pow-pow-bucket.storage.googleapis.com\/wp-content\/uploads\/2024\/03\/logo_site_pow_pow_VERTICAL.png","width":1600,"height":1200,"caption":"\u00c9ditions Pow Pow"},"image":{"@id":"https:\/\/editionspowpow.com\/en\/#\/schema\/logo\/image\/"},"sameAs":["https:\/\/www.facebook.com\/editionspowpow","https:\/\/x.com\/editionspowpow"]}]}},"_links":{"self":[{"href":"https:\/\/editionspowpow.com\/en\/wp-json\/wp\/v2\/product\/23553","targetHints":{"allow":["GET"]}}],"collection":[{"href":"https:\/\/editionspowpow.com\/en\/wp-json\/wp\/v2\/product"}],"about":[{"href":"https:\/\/editionspowpow.com\/en\/wp-json\/wp\/v2\/types\/product"}],"wp:featuredmedia":[{"embeddable":true,"href":"https:\/\/editionspowpow.com\/en\/wp-json\/wp\/v2\/media\/590"}],"wp:attachment":[{"href":"https:\/\/editionspowpow.com\/en\/wp-json\/wp\/v2\/media?parent=23553"}],"wp:term":[{"taxonomy":"product_brand","embeddable":true,"href":"https:\/\/editionspowpow.com\/en\/wp-json\/wp\/v2\/product_brand?post=23553"},{"taxonomy":"product_cat","embeddable":true,"href":"https:\/\/editionspowpow.com\/en\/wp-json\/wp\/v2\/product_cat?post=23553"},{"taxonomy":"product_tag","embeddable":true,"href":"https:\/\/editionspowpow.com\/en\/wp-json\/wp\/v2\/product_tag?post=23553"}],"curies":[{"name":"wp","href":"https:\/\/api.w.org\/{rel}","templated":true}]}}