{"id":23560,"date":"2023-04-17T14:12:20","date_gmt":"2023-04-17T18:12:20","guid":{"rendered":"https:\/\/editionspowpow.com\/boutique\/croquis-de-quebec\/"},"modified":"2026-02-09T11:33:45","modified_gmt":"2026-02-09T15:33:45","slug":"croquis-de-quebec","status":"publish","type":"product","link":"https:\/\/editionspowpow.com\/en\/products\/croquis-de-quebec\/","title":{"rendered":"Croquis de Qu\u00e9bec"},"content":{"rendered":"<p>Guy Delisle dessine Qu\u00e9bec<\/p>\n<p>Vingt ans apr\u00e8s avoir quitt\u00e9 le Qu\u00e9bec pour parcourir le monde, l\u2019auteur\u00a0Guy Delisle\u00a0a s\u00e9journ\u00e9 un mois \u00e0 Qu\u00e9bec, en juillet 2012, \u00e0 l\u2019invitation du\u00a0FBDFQ. En plus d\u2019y travailler sur ses projets, il a profit\u00e9 de l\u2019occasion pour red\u00e9couvrir sa ville natale. Carnet \u00e0 la main, il a arpent\u00e9 la Capitale et r\u00e9alis\u00e9 de nombreux croquis de lieux connus et embl\u00e9matiques, souvent avec des points de vue inhabituels, ainsi que d\u2019endroits moins connus qui m\u00e9ritent d\u2019\u00eatre explor\u00e9s. Regroupant l\u2019ensemble des esquisses qu\u2019il a r\u00e9alis\u00e9es durant son s\u00e9jour, <em>Croquis de Qu\u00e9bec<\/em> offre une occasion privil\u00e9gi\u00e9e de revisiter la ville \u00e0 travers les yeux, et les traits, de cet auteur de renom.<\/p>\n","protected":false},"excerpt":{"rendered":"<p>Guy Delisle dessine Qu\u00e9bec Vingt ans apr\u00e8s avoir quitt\u00e9 le Qu\u00e9bec pour parcourir le monde, l\u2019auteur\u00a0Guy Delisle\u00a0a s\u00e9journ\u00e9 un mois \u00e0 Qu\u00e9bec, en juillet 2012, \u00e0 l\u2019invitation du\u00a0FBDFQ. En plus d\u2019y travailler sur ses projets, il a profit\u00e9 de l\u2019occasion pour red\u00e9couvrir sa ville natale. Carnet \u00e0 la main, il a arpent\u00e9 la Capitale et [&hellip;]<\/p>\n","protected":false},"featured_media":24004,"template":"","meta":{"_acf_changed":false},"product_brand":[],"product_cat":[271],"product_tag":[333],"class_list":{"0":"post-23560","1":"product","2":"type-product","3":"status-publish","4":"has-post-thumbnail","6":"product_cat-comic","7":"product_tag-illustrations-en-2","9":"first","10":"outofstock","11":"taxable","12":"shipping-taxable","13":"purchasable","14":"product-type-simple"},"acf":{"language":"fr","other_language_products":[19539],"authors":[{"author_title":22284,"is_custom_job_title":false,"job_titles":[]}],"total_pages":80,"isbn":"978-2-924049-13-6","release_date":"20130901","other_release_dates":null,"has_product_excerpt":true,"button_excerpt_position":"left","accent_color":"#96C121","awards":null,"comments":[{"content":"\u00abJ\u2019ai quitt\u00e9 Qu\u00e9bec en 1988 et j\u2019habite en Europe depuis de nombreuses ann\u00e9es. Je m\u2019\u00e9tais dit qu\u2019en revenant, j\u2019aurais peut-\u00eatre un d\u00e9calage, \u00e9tant donn\u00e9 que j\u2019ai une vision plus europ\u00e9enne des choses\u00bb, raconte Delisle au bout du fil, ajoutant du m\u00eame coup comment une serveuse de Montr\u00e9al lui avait \u00abexpliqu\u00e9\u00bb ce qu\u2019\u00e9tait le sirop d\u2019\u00e9rable en entendant son accent fran\u00e7ais.\u00bb","credit_group":{"content":"Le Soleil, 10 septembre 2013","link":"","is_external_link":false}},{"content":"C\u2019est justement l\u2019absence de r\u00e9cit dans <em>Croquis de Qu\u00e9bec<\/em> qui permet une \u00abconfrontation\u00bb avec le dessin de Delisle, qu\u2019on peut appr\u00e9cier \u00e0 sa juste valeur puisqu\u2019il n\u2019y a pas de r\u00e9cit pour d\u00e9tourner notre attention.","credit_group":{"content":"Ma m\u00e8re \u00e9tait hipster, 31 octobre 2013","link":"","is_external_link":false}}],"video_gallery":null},"yoast_head":"<!-- This site is optimized with the Yoast SEO plugin v26.9 - https:\/\/yoast.com\/product\/yoast-seo-wordpress\/ -->\n<title>Croquis de Qu\u00e9bec - \u00c9ditions Pow Pow<\/title>\n<meta name=\"robots\" content=\"index, follow, max-snippet:-1, max-image-preview:large, max-video-preview:-1\" \/>\n<link rel=\"canonical\" href=\"https:\/\/editionspowpow.com\/en\/products\/croquis-de-quebec\/\" \/>\n<meta property=\"og:locale\" content=\"en_US\" \/>\n<meta property=\"og:type\" content=\"article\" \/>\n<meta property=\"og:title\" content=\"Croquis de Qu\u00e9bec - \u00c9ditions Pow Pow\" \/>\n<meta property=\"og:description\" content=\"Guy Delisle dessine Qu\u00e9bec Vingt ans apr\u00e8s avoir quitt\u00e9 le Qu\u00e9bec pour parcourir le monde, l\u2019auteur\u00a0Guy Delisle\u00a0a s\u00e9journ\u00e9 un mois \u00e0 Qu\u00e9bec, en juillet 2012, \u00e0 l\u2019invitation du\u00a0FBDFQ. En plus d\u2019y travailler sur ses projets, il a profit\u00e9 de l\u2019occasion pour red\u00e9couvrir sa ville natale. Carnet \u00e0 la main, il a arpent\u00e9 la Capitale et [&hellip;]\" \/>\n<meta property=\"og:url\" content=\"https:\/\/editionspowpow.com\/en\/products\/croquis-de-quebec\/\" \/>\n<meta property=\"og:site_name\" content=\"\u00c9ditions Pow Pow\" \/>\n<meta property=\"article:publisher\" content=\"https:\/\/www.facebook.com\/editionspowpow\" \/>\n<meta property=\"article:modified_time\" content=\"2026-02-09T15:33:45+00:00\" \/>\n<meta property=\"og:image\" content=\"https:\/\/edition-pow-pow-bucket.storage.googleapis.com\/wp-content\/uploads\/2024\/07\/croquis_quebec_1920x1390.jpg\" \/>\n\t<meta property=\"og:image:width\" content=\"1390\" \/>\n\t<meta property=\"og:image:height\" content=\"1920\" \/>\n\t<meta property=\"og:image:type\" content=\"image\/jpeg\" \/>\n<meta name=\"twitter:card\" content=\"summary_large_image\" \/>\n<meta name=\"twitter:site\" content=\"@editionspowpow\" \/>\n<meta name=\"twitter:label1\" content=\"Est. reading time\" \/>\n\t<meta name=\"twitter:data1\" content=\"1 minute\" \/>\n<script type=\"application\/ld+json\" class=\"yoast-schema-graph\">{\"@context\":\"https:\/\/schema.org\",\"@graph\":[{\"@type\":\"WebPage\",\"@id\":\"https:\/\/editionspowpow.com\/en\/products\/croquis-de-quebec\/\",\"url\":\"https:\/\/editionspowpow.com\/en\/products\/croquis-de-quebec\/\",\"name\":\"Croquis de Qu\u00e9bec - \u00c9ditions Pow Pow\",\"isPartOf\":{\"@id\":\"https:\/\/editionspowpow.com\/en\/#website\"},\"primaryImageOfPage\":{\"@id\":\"https:\/\/editionspowpow.com\/en\/products\/croquis-de-quebec\/#primaryimage\"},\"image\":{\"@id\":\"https:\/\/editionspowpow.com\/en\/products\/croquis-de-quebec\/#primaryimage\"},\"thumbnailUrl\":\"https:\/\/edition-pow-pow-bucket.storage.googleapis.com\/wp-content\/uploads\/2024\/07\/croquis_quebec_1920x1390.jpg\",\"datePublished\":\"2023-04-17T18:12:20+00:00\",\"dateModified\":\"2026-02-09T15:33:45+00:00\",\"breadcrumb\":{\"@id\":\"https:\/\/editionspowpow.com\/en\/products\/croquis-de-quebec\/#breadcrumb\"},\"inLanguage\":\"en-US\",\"potentialAction\":[{\"@type\":\"ReadAction\",\"target\":[\"https:\/\/editionspowpow.com\/en\/products\/croquis-de-quebec\/\"]}]},{\"@type\":\"ImageObject\",\"inLanguage\":\"en-US\",\"@id\":\"https:\/\/editionspowpow.com\/en\/products\/croquis-de-quebec\/#primaryimage\",\"url\":\"https:\/\/edition-pow-pow-bucket.storage.googleapis.com\/wp-content\/uploads\/2024\/07\/croquis_quebec_1920x1390.jpg\",\"contentUrl\":\"https:\/\/edition-pow-pow-bucket.storage.googleapis.com\/wp-content\/uploads\/2024\/07\/croquis_quebec_1920x1390.jpg\",\"width\":1390,\"height\":1920},{\"@type\":\"BreadcrumbList\",\"@id\":\"https:\/\/editionspowpow.com\/en\/products\/croquis-de-quebec\/#breadcrumb\",\"itemListElement\":[{\"@type\":\"ListItem\",\"position\":1,\"name\":\"Home\",\"item\":\"https:\/\/editionspowpow.com\/en\/\"},{\"@type\":\"ListItem\",\"position\":2,\"name\":\"Shop\",\"item\":\"https:\/\/editionspowpow.com\/en\/shop\/\"},{\"@type\":\"ListItem\",\"position\":3,\"name\":\"Croquis de Qu\u00e9bec\"}]},{\"@type\":\"WebSite\",\"@id\":\"https:\/\/editionspowpow.com\/en\/#website\",\"url\":\"https:\/\/editionspowpow.com\/en\/\",\"name\":\"\u00c9ditions Pow Pow\",\"description\":\"\",\"publisher\":{\"@id\":\"https:\/\/editionspowpow.com\/en\/#organization\"},\"potentialAction\":[{\"@type\":\"SearchAction\",\"target\":{\"@type\":\"EntryPoint\",\"urlTemplate\":\"https:\/\/editionspowpow.com\/en\/?s={search_term_string}\"},\"query-input\":{\"@type\":\"PropertyValueSpecification\",\"valueRequired\":true,\"valueName\":\"search_term_string\"}}],\"inLanguage\":\"en-US\"},{\"@type\":\"Organization\",\"@id\":\"https:\/\/editionspowpow.com\/en\/#organization\",\"name\":\"\u00c9ditions Pow Pow\",\"url\":\"https:\/\/editionspowpow.com\/en\/\",\"logo\":{\"@type\":\"ImageObject\",\"inLanguage\":\"en-US\",\"@id\":\"https:\/\/editionspowpow.com\/en\/#\/schema\/logo\/image\/\",\"url\":\"https:\/\/edition-pow-pow-bucket.storage.googleapis.com\/wp-content\/uploads\/2024\/03\/logo_site_pow_pow_VERTICAL.png\",\"contentUrl\":\"https:\/\/edition-pow-pow-bucket.storage.googleapis.com\/wp-content\/uploads\/2024\/03\/logo_site_pow_pow_VERTICAL.png\",\"width\":1600,\"height\":1200,\"caption\":\"\u00c9ditions Pow Pow\"},\"image\":{\"@id\":\"https:\/\/editionspowpow.com\/en\/#\/schema\/logo\/image\/\"},\"sameAs\":[\"https:\/\/www.facebook.com\/editionspowpow\",\"https:\/\/x.com\/editionspowpow\"]}]}<\/script>\n<!-- \/ Yoast SEO plugin. -->","yoast_head_json":{"title":"Croquis de Qu\u00e9bec - \u00c9ditions Pow Pow","robots":{"index":"index","follow":"follow","max-snippet":"max-snippet:-1","max-image-preview":"max-image-preview:large","max-video-preview":"max-video-preview:-1"},"canonical":"https:\/\/editionspowpow.com\/en\/products\/croquis-de-quebec\/","og_locale":"en_US","og_type":"article","og_title":"Croquis de Qu\u00e9bec - \u00c9ditions Pow Pow","og_description":"Guy Delisle dessine Qu\u00e9bec Vingt ans apr\u00e8s avoir quitt\u00e9 le Qu\u00e9bec pour parcourir le monde, l\u2019auteur\u00a0Guy Delisle\u00a0a s\u00e9journ\u00e9 un mois \u00e0 Qu\u00e9bec, en juillet 2012, \u00e0 l\u2019invitation du\u00a0FBDFQ. En plus d\u2019y travailler sur ses projets, il a profit\u00e9 de l\u2019occasion pour red\u00e9couvrir sa ville natale. Carnet \u00e0 la main, il a arpent\u00e9 la Capitale et [&hellip;]","og_url":"https:\/\/editionspowpow.com\/en\/products\/croquis-de-quebec\/","og_site_name":"\u00c9ditions Pow Pow","article_publisher":"https:\/\/www.facebook.com\/editionspowpow","article_modified_time":"2026-02-09T15:33:45+00:00","og_image":[{"width":1390,"height":1920,"url":"https:\/\/edition-pow-pow-bucket.storage.googleapis.com\/wp-content\/uploads\/2024\/07\/croquis_quebec_1920x1390.jpg","type":"image\/jpeg"}],"twitter_card":"summary_large_image","twitter_site":"@editionspowpow","twitter_misc":{"Est. reading time":"1 minute"},"schema":{"@context":"https:\/\/schema.org","@graph":[{"@type":"WebPage","@id":"https:\/\/editionspowpow.com\/en\/products\/croquis-de-quebec\/","url":"https:\/\/editionspowpow.com\/en\/products\/croquis-de-quebec\/","name":"Croquis de Qu\u00e9bec - \u00c9ditions Pow Pow","isPartOf":{"@id":"https:\/\/editionspowpow.com\/en\/#website"},"primaryImageOfPage":{"@id":"https:\/\/editionspowpow.com\/en\/products\/croquis-de-quebec\/#primaryimage"},"image":{"@id":"https:\/\/editionspowpow.com\/en\/products\/croquis-de-quebec\/#primaryimage"},"thumbnailUrl":"https:\/\/edition-pow-pow-bucket.storage.googleapis.com\/wp-content\/uploads\/2024\/07\/croquis_quebec_1920x1390.jpg","datePublished":"2023-04-17T18:12:20+00:00","dateModified":"2026-02-09T15:33:45+00:00","breadcrumb":{"@id":"https:\/\/editionspowpow.com\/en\/products\/croquis-de-quebec\/#breadcrumb"},"inLanguage":"en-US","potentialAction":[{"@type":"ReadAction","target":["https:\/\/editionspowpow.com\/en\/products\/croquis-de-quebec\/"]}]},{"@type":"ImageObject","inLanguage":"en-US","@id":"https:\/\/editionspowpow.com\/en\/products\/croquis-de-quebec\/#primaryimage","url":"https:\/\/edition-pow-pow-bucket.storage.googleapis.com\/wp-content\/uploads\/2024\/07\/croquis_quebec_1920x1390.jpg","contentUrl":"https:\/\/edition-pow-pow-bucket.storage.googleapis.com\/wp-content\/uploads\/2024\/07\/croquis_quebec_1920x1390.jpg","width":1390,"height":1920},{"@type":"BreadcrumbList","@id":"https:\/\/editionspowpow.com\/en\/products\/croquis-de-quebec\/#breadcrumb","itemListElement":[{"@type":"ListItem","position":1,"name":"Home","item":"https:\/\/editionspowpow.com\/en\/"},{"@type":"ListItem","position":2,"name":"Shop","item":"https:\/\/editionspowpow.com\/en\/shop\/"},{"@type":"ListItem","position":3,"name":"Croquis de Qu\u00e9bec"}]},{"@type":"WebSite","@id":"https:\/\/editionspowpow.com\/en\/#website","url":"https:\/\/editionspowpow.com\/en\/","name":"\u00c9ditions Pow Pow","description":"","publisher":{"@id":"https:\/\/editionspowpow.com\/en\/#organization"},"potentialAction":[{"@type":"SearchAction","target":{"@type":"EntryPoint","urlTemplate":"https:\/\/editionspowpow.com\/en\/?s={search_term_string}"},"query-input":{"@type":"PropertyValueSpecification","valueRequired":true,"valueName":"search_term_string"}}],"inLanguage":"en-US"},{"@type":"Organization","@id":"https:\/\/editionspowpow.com\/en\/#organization","name":"\u00c9ditions Pow Pow","url":"https:\/\/editionspowpow.com\/en\/","logo":{"@type":"ImageObject","inLanguage":"en-US","@id":"https:\/\/editionspowpow.com\/en\/#\/schema\/logo\/image\/","url":"https:\/\/edition-pow-pow-bucket.storage.googleapis.com\/wp-content\/uploads\/2024\/03\/logo_site_pow_pow_VERTICAL.png","contentUrl":"https:\/\/edition-pow-pow-bucket.storage.googleapis.com\/wp-content\/uploads\/2024\/03\/logo_site_pow_pow_VERTICAL.png","width":1600,"height":1200,"caption":"\u00c9ditions Pow Pow"},"image":{"@id":"https:\/\/editionspowpow.com\/en\/#\/schema\/logo\/image\/"},"sameAs":["https:\/\/www.facebook.com\/editionspowpow","https:\/\/x.com\/editionspowpow"]}]}},"_links":{"self":[{"href":"https:\/\/editionspowpow.com\/en\/wp-json\/wp\/v2\/product\/23560","targetHints":{"allow":["GET"]}}],"collection":[{"href":"https:\/\/editionspowpow.com\/en\/wp-json\/wp\/v2\/product"}],"about":[{"href":"https:\/\/editionspowpow.com\/en\/wp-json\/wp\/v2\/types\/product"}],"acf:post":[{"embeddable":true,"href":"https:\/\/editionspowpow.com\/en\/wp-json\/wp\/v2\/product\/19539"}],"wp:featuredmedia":[{"embeddable":true,"href":"https:\/\/editionspowpow.com\/en\/wp-json\/wp\/v2\/media\/24004"}],"wp:attachment":[{"href":"https:\/\/editionspowpow.com\/en\/wp-json\/wp\/v2\/media?parent=23560"}],"wp:term":[{"taxonomy":"product_brand","embeddable":true,"href":"https:\/\/editionspowpow.com\/en\/wp-json\/wp\/v2\/product_brand?post=23560"},{"taxonomy":"product_cat","embeddable":true,"href":"https:\/\/editionspowpow.com\/en\/wp-json\/wp\/v2\/product_cat?post=23560"},{"taxonomy":"product_tag","embeddable":true,"href":"https:\/\/editionspowpow.com\/en\/wp-json\/wp\/v2\/product_tag?post=23560"}],"curies":[{"name":"wp","href":"https:\/\/api.w.org\/{rel}","templated":true}]}}