{"id":23579,"date":"2023-04-17T14:12:19","date_gmt":"2023-04-17T18:12:19","guid":{"rendered":"https:\/\/editionspowpow.com\/boutique\/la-guerre-des-arts\/"},"modified":"2026-02-09T11:33:47","modified_gmt":"2026-02-09T15:33:47","slug":"la-guerre-des-arts","status":"publish","type":"product","link":"https:\/\/editionspowpow.com\/en\/produits\/la-guerre-des-arts\/","title":{"rendered":"La guerre des arts"},"content":{"rendered":"<p>La fin des \u00eelots de cuisine?<\/p>\n<p>Lorsqu\u2019une civilisation extraterrestre menac\u00e9e d\u2019extinction culturelle kidnappe tous les artistes de la terre, l\u2019humanit\u00e9 doit apprendre \u00e0 vivre dans un monde sans arts. Tandis que les artistes traversent de nombreuses galaxies pour initier le peuple des Isayhellos au terrifiant pouvoir de la beaut\u00e9, les autres Terriens d\u00e9sempar\u00e9s sont condamn\u00e9s \u00e0 \u00e9couter en boucle des vieux hits de CCR\u2026 et \u00e0 se d\u00e9brouiller sans plombiers.<\/p>\n<p>\u00c0 partir de seulement dix cases, qu\u2019il organise de mani\u00e8re \u00e0 cr\u00e9er une \u00e9tonnante partition graphique tout sauf statique, Francis Desharnais signe avec <em>La guerre des arts<\/em> une satire irr\u00e9v\u00e9rencieuse qui traite avec humour de la place qu\u2019occupe l\u2019art dans nos soci\u00e9t\u00e9s.<\/p>\n","protected":false},"excerpt":{"rendered":"<p>La fin des \u00eelots de cuisine? Lorsqu\u2019une civilisation extraterrestre menac\u00e9e d\u2019extinction culturelle kidnappe tous les artistes de la terre, l\u2019humanit\u00e9 doit apprendre \u00e0 vivre dans un monde sans arts. Tandis que les artistes traversent de nombreuses galaxies pour initier le peuple des Isayhellos au terrifiant pouvoir de la beaut\u00e9, les autres Terriens d\u00e9sempar\u00e9s sont condamn\u00e9s [&hellip;]<\/p>\n","protected":false},"featured_media":864,"template":"","meta":{"_acf_changed":false},"product_brand":[],"product_cat":[271],"product_tag":[314,331],"class_list":{"0":"post-23579","1":"product","2":"type-product","3":"status-publish","4":"has-post-thumbnail","6":"wc_square_synced-yes","7":"product_cat-comic","8":"product_tag-humour-parodique-en","9":"product_tag-science-fiction-en-2","10":"product_shipping_class-format-standard-en","12":"first","13":"instock","14":"taxable","15":"shipping-taxable","16":"purchasable","17":"product-type-simple"},"acf":{"language":"fr","other_language_products":[19540],"authors":[{"author_title":22292,"is_custom_job_title":false,"job_titles":[]}],"total_pages":96,"isbn":"978-2-924049-19-8","release_date":"20141001","other_release_dates":[{"date":"20160314","country":"Europe"}],"has_product_excerpt":true,"button_excerpt_position":"left","accent_color":"#00A1D5","awards":[{"content":"Finaliste \u2013 Grand prix de la Ville de Qu\u00e9bec des B\u00e9d\u00e9is Causa 2015"}],"comments":[{"content":"C\u2019est une arme de r\u00e9sistance, ce petit livre-l\u00e0!","credit_group":{"content":"BazzoTV, 8 janvier 2015","link":"","is_external_link":true}},{"content":"Une parodie de tous les lieux communs qu\u2019on peut entendre sur les artistes. Cette bande dessin\u00e9e est un d\u00e9fouloir pour tous ceux qui ont besoin de beau autour d\u2019eux. Une bd au dessin minimaliste, mais avec un discours beaucoup plus grand que ses cases.","credit_group":{"content":"Librairie Vaugeois, 2 novembre 2014","link":"https:\/\/librairievaugeois.blogspot.com\/2014\/11\/la-guerre-des-arts-de-francis.html","is_external_link":true}},{"content":"Loin d\u2019\u00eatre un exercice de style, la b\u00e9d\u00e9 est hilarante et notre monde consommateur en prend pour son rhume.","credit_group":{"content":"Bdm\u00e9trique, 10 d\u00e9cembre 2014","link":"https:\/\/bdmetrique.com\/2014\/12\/10\/top-5-2014-bedes-quebecoises\/","is_external_link":true}}],"video_gallery":null},"yoast_head":"<!-- This site is optimized with the Yoast SEO plugin v26.9 - https:\/\/yoast.com\/product\/yoast-seo-wordpress\/ -->\n<title>La guerre des arts - \u00c9ditions Pow Pow<\/title>\n<meta name=\"robots\" content=\"index, follow, max-snippet:-1, max-image-preview:large, max-video-preview:-1\" \/>\n<link rel=\"canonical\" href=\"https:\/\/editionspowpow.com\/en\/produits\/la-guerre-des-arts\/\" \/>\n<meta property=\"og:locale\" content=\"en_US\" \/>\n<meta property=\"og:type\" content=\"article\" \/>\n<meta property=\"og:title\" content=\"La guerre des arts - \u00c9ditions Pow Pow\" \/>\n<meta property=\"og:description\" content=\"La fin des \u00eelots de cuisine? Lorsqu\u2019une civilisation extraterrestre menac\u00e9e d\u2019extinction culturelle kidnappe tous les artistes de la terre, l\u2019humanit\u00e9 doit apprendre \u00e0 vivre dans un monde sans arts. Tandis que les artistes traversent de nombreuses galaxies pour initier le peuple des Isayhellos au terrifiant pouvoir de la beaut\u00e9, les autres Terriens d\u00e9sempar\u00e9s sont condamn\u00e9s [&hellip;]\" \/>\n<meta property=\"og:url\" content=\"https:\/\/editionspowpow.com\/en\/produits\/la-guerre-des-arts\/\" \/>\n<meta property=\"og:site_name\" content=\"\u00c9ditions Pow Pow\" \/>\n<meta property=\"article:publisher\" content=\"https:\/\/www.facebook.com\/editionspowpow\" \/>\n<meta property=\"article:modified_time\" content=\"2026-02-09T15:33:47+00:00\" \/>\n<meta property=\"og:image\" content=\"https:\/\/edition-pow-pow-bucket.storage.googleapis.com\/wp-content\/uploads\/2023\/04\/LGDA_couverture_2-2.jpg\" \/>\n\t<meta property=\"og:image:width\" content=\"450\" \/>\n\t<meta property=\"og:image:height\" content=\"594\" \/>\n\t<meta property=\"og:image:type\" content=\"image\/jpeg\" \/>\n<meta name=\"twitter:card\" content=\"summary_large_image\" \/>\n<meta name=\"twitter:site\" content=\"@editionspowpow\" \/>\n<meta name=\"twitter:label1\" content=\"Est. reading time\" \/>\n\t<meta name=\"twitter:data1\" content=\"1 minute\" \/>\n<script type=\"application\/ld+json\" class=\"yoast-schema-graph\">{\"@context\":\"https:\/\/schema.org\",\"@graph\":[{\"@type\":\"WebPage\",\"@id\":\"https:\/\/editionspowpow.com\/en\/produits\/la-guerre-des-arts\/\",\"url\":\"https:\/\/editionspowpow.com\/en\/produits\/la-guerre-des-arts\/\",\"name\":\"La guerre des arts - \u00c9ditions Pow Pow\",\"isPartOf\":{\"@id\":\"https:\/\/editionspowpow.com\/en\/#website\"},\"primaryImageOfPage\":{\"@id\":\"https:\/\/editionspowpow.com\/en\/produits\/la-guerre-des-arts\/#primaryimage\"},\"image\":{\"@id\":\"https:\/\/editionspowpow.com\/en\/produits\/la-guerre-des-arts\/#primaryimage\"},\"thumbnailUrl\":\"https:\/\/edition-pow-pow-bucket.storage.googleapis.com\/wp-content\/uploads\/2023\/04\/LGDA_couverture_2-2.jpg\",\"datePublished\":\"2023-04-17T18:12:19+00:00\",\"dateModified\":\"2026-02-09T15:33:47+00:00\",\"breadcrumb\":{\"@id\":\"https:\/\/editionspowpow.com\/en\/produits\/la-guerre-des-arts\/#breadcrumb\"},\"inLanguage\":\"en-US\",\"potentialAction\":[{\"@type\":\"ReadAction\",\"target\":[\"https:\/\/editionspowpow.com\/en\/produits\/la-guerre-des-arts\/\"]}]},{\"@type\":\"ImageObject\",\"inLanguage\":\"en-US\",\"@id\":\"https:\/\/editionspowpow.com\/en\/produits\/la-guerre-des-arts\/#primaryimage\",\"url\":\"https:\/\/edition-pow-pow-bucket.storage.googleapis.com\/wp-content\/uploads\/2023\/04\/LGDA_couverture_2-2.jpg\",\"contentUrl\":\"https:\/\/edition-pow-pow-bucket.storage.googleapis.com\/wp-content\/uploads\/2023\/04\/LGDA_couverture_2-2.jpg\",\"width\":450,\"height\":594},{\"@type\":\"BreadcrumbList\",\"@id\":\"https:\/\/editionspowpow.com\/en\/produits\/la-guerre-des-arts\/#breadcrumb\",\"itemListElement\":[{\"@type\":\"ListItem\",\"position\":1,\"name\":\"Home\",\"item\":\"https:\/\/editionspowpow.com\/en\/\"},{\"@type\":\"ListItem\",\"position\":2,\"name\":\"Shop\",\"item\":\"https:\/\/editionspowpow.com\/en\/shop\/\"},{\"@type\":\"ListItem\",\"position\":3,\"name\":\"La guerre des arts\"}]},{\"@type\":\"WebSite\",\"@id\":\"https:\/\/editionspowpow.com\/en\/#website\",\"url\":\"https:\/\/editionspowpow.com\/en\/\",\"name\":\"\u00c9ditions Pow Pow\",\"description\":\"\",\"publisher\":{\"@id\":\"https:\/\/editionspowpow.com\/en\/#organization\"},\"potentialAction\":[{\"@type\":\"SearchAction\",\"target\":{\"@type\":\"EntryPoint\",\"urlTemplate\":\"https:\/\/editionspowpow.com\/en\/?s={search_term_string}\"},\"query-input\":{\"@type\":\"PropertyValueSpecification\",\"valueRequired\":true,\"valueName\":\"search_term_string\"}}],\"inLanguage\":\"en-US\"},{\"@type\":\"Organization\",\"@id\":\"https:\/\/editionspowpow.com\/en\/#organization\",\"name\":\"\u00c9ditions Pow Pow\",\"url\":\"https:\/\/editionspowpow.com\/en\/\",\"logo\":{\"@type\":\"ImageObject\",\"inLanguage\":\"en-US\",\"@id\":\"https:\/\/editionspowpow.com\/en\/#\/schema\/logo\/image\/\",\"url\":\"https:\/\/edition-pow-pow-bucket.storage.googleapis.com\/wp-content\/uploads\/2024\/03\/logo_site_pow_pow_VERTICAL.png\",\"contentUrl\":\"https:\/\/edition-pow-pow-bucket.storage.googleapis.com\/wp-content\/uploads\/2024\/03\/logo_site_pow_pow_VERTICAL.png\",\"width\":1600,\"height\":1200,\"caption\":\"\u00c9ditions Pow Pow\"},\"image\":{\"@id\":\"https:\/\/editionspowpow.com\/en\/#\/schema\/logo\/image\/\"},\"sameAs\":[\"https:\/\/www.facebook.com\/editionspowpow\",\"https:\/\/x.com\/editionspowpow\"]}]}<\/script>\n<!-- \/ Yoast SEO plugin. -->","yoast_head_json":{"title":"La guerre des arts - \u00c9ditions Pow Pow","robots":{"index":"index","follow":"follow","max-snippet":"max-snippet:-1","max-image-preview":"max-image-preview:large","max-video-preview":"max-video-preview:-1"},"canonical":"https:\/\/editionspowpow.com\/en\/produits\/la-guerre-des-arts\/","og_locale":"en_US","og_type":"article","og_title":"La guerre des arts - \u00c9ditions Pow Pow","og_description":"La fin des \u00eelots de cuisine? Lorsqu\u2019une civilisation extraterrestre menac\u00e9e d\u2019extinction culturelle kidnappe tous les artistes de la terre, l\u2019humanit\u00e9 doit apprendre \u00e0 vivre dans un monde sans arts. Tandis que les artistes traversent de nombreuses galaxies pour initier le peuple des Isayhellos au terrifiant pouvoir de la beaut\u00e9, les autres Terriens d\u00e9sempar\u00e9s sont condamn\u00e9s [&hellip;]","og_url":"https:\/\/editionspowpow.com\/en\/produits\/la-guerre-des-arts\/","og_site_name":"\u00c9ditions Pow Pow","article_publisher":"https:\/\/www.facebook.com\/editionspowpow","article_modified_time":"2026-02-09T15:33:47+00:00","og_image":[{"width":450,"height":594,"url":"https:\/\/edition-pow-pow-bucket.storage.googleapis.com\/wp-content\/uploads\/2023\/04\/LGDA_couverture_2-2.jpg","type":"image\/jpeg"}],"twitter_card":"summary_large_image","twitter_site":"@editionspowpow","twitter_misc":{"Est. reading time":"1 minute"},"schema":{"@context":"https:\/\/schema.org","@graph":[{"@type":"WebPage","@id":"https:\/\/editionspowpow.com\/en\/produits\/la-guerre-des-arts\/","url":"https:\/\/editionspowpow.com\/en\/produits\/la-guerre-des-arts\/","name":"La guerre des arts - \u00c9ditions Pow Pow","isPartOf":{"@id":"https:\/\/editionspowpow.com\/en\/#website"},"primaryImageOfPage":{"@id":"https:\/\/editionspowpow.com\/en\/produits\/la-guerre-des-arts\/#primaryimage"},"image":{"@id":"https:\/\/editionspowpow.com\/en\/produits\/la-guerre-des-arts\/#primaryimage"},"thumbnailUrl":"https:\/\/edition-pow-pow-bucket.storage.googleapis.com\/wp-content\/uploads\/2023\/04\/LGDA_couverture_2-2.jpg","datePublished":"2023-04-17T18:12:19+00:00","dateModified":"2026-02-09T15:33:47+00:00","breadcrumb":{"@id":"https:\/\/editionspowpow.com\/en\/produits\/la-guerre-des-arts\/#breadcrumb"},"inLanguage":"en-US","potentialAction":[{"@type":"ReadAction","target":["https:\/\/editionspowpow.com\/en\/produits\/la-guerre-des-arts\/"]}]},{"@type":"ImageObject","inLanguage":"en-US","@id":"https:\/\/editionspowpow.com\/en\/produits\/la-guerre-des-arts\/#primaryimage","url":"https:\/\/edition-pow-pow-bucket.storage.googleapis.com\/wp-content\/uploads\/2023\/04\/LGDA_couverture_2-2.jpg","contentUrl":"https:\/\/edition-pow-pow-bucket.storage.googleapis.com\/wp-content\/uploads\/2023\/04\/LGDA_couverture_2-2.jpg","width":450,"height":594},{"@type":"BreadcrumbList","@id":"https:\/\/editionspowpow.com\/en\/produits\/la-guerre-des-arts\/#breadcrumb","itemListElement":[{"@type":"ListItem","position":1,"name":"Home","item":"https:\/\/editionspowpow.com\/en\/"},{"@type":"ListItem","position":2,"name":"Shop","item":"https:\/\/editionspowpow.com\/en\/shop\/"},{"@type":"ListItem","position":3,"name":"La guerre des arts"}]},{"@type":"WebSite","@id":"https:\/\/editionspowpow.com\/en\/#website","url":"https:\/\/editionspowpow.com\/en\/","name":"\u00c9ditions Pow Pow","description":"","publisher":{"@id":"https:\/\/editionspowpow.com\/en\/#organization"},"potentialAction":[{"@type":"SearchAction","target":{"@type":"EntryPoint","urlTemplate":"https:\/\/editionspowpow.com\/en\/?s={search_term_string}"},"query-input":{"@type":"PropertyValueSpecification","valueRequired":true,"valueName":"search_term_string"}}],"inLanguage":"en-US"},{"@type":"Organization","@id":"https:\/\/editionspowpow.com\/en\/#organization","name":"\u00c9ditions Pow Pow","url":"https:\/\/editionspowpow.com\/en\/","logo":{"@type":"ImageObject","inLanguage":"en-US","@id":"https:\/\/editionspowpow.com\/en\/#\/schema\/logo\/image\/","url":"https:\/\/edition-pow-pow-bucket.storage.googleapis.com\/wp-content\/uploads\/2024\/03\/logo_site_pow_pow_VERTICAL.png","contentUrl":"https:\/\/edition-pow-pow-bucket.storage.googleapis.com\/wp-content\/uploads\/2024\/03\/logo_site_pow_pow_VERTICAL.png","width":1600,"height":1200,"caption":"\u00c9ditions Pow Pow"},"image":{"@id":"https:\/\/editionspowpow.com\/en\/#\/schema\/logo\/image\/"},"sameAs":["https:\/\/www.facebook.com\/editionspowpow","https:\/\/x.com\/editionspowpow"]}]}},"_links":{"self":[{"href":"https:\/\/editionspowpow.com\/en\/wp-json\/wp\/v2\/product\/23579","targetHints":{"allow":["GET"]}}],"collection":[{"href":"https:\/\/editionspowpow.com\/en\/wp-json\/wp\/v2\/product"}],"about":[{"href":"https:\/\/editionspowpow.com\/en\/wp-json\/wp\/v2\/types\/product"}],"acf:post":[{"embeddable":true,"href":"https:\/\/editionspowpow.com\/en\/wp-json\/wp\/v2\/product\/19540"}],"wp:featuredmedia":[{"embeddable":true,"href":"https:\/\/editionspowpow.com\/en\/wp-json\/wp\/v2\/media\/864"}],"wp:attachment":[{"href":"https:\/\/editionspowpow.com\/en\/wp-json\/wp\/v2\/media?parent=23579"}],"wp:term":[{"taxonomy":"product_brand","embeddable":true,"href":"https:\/\/editionspowpow.com\/en\/wp-json\/wp\/v2\/product_brand?post=23579"},{"taxonomy":"product_cat","embeddable":true,"href":"https:\/\/editionspowpow.com\/en\/wp-json\/wp\/v2\/product_cat?post=23579"},{"taxonomy":"product_tag","embeddable":true,"href":"https:\/\/editionspowpow.com\/en\/wp-json\/wp\/v2\/product_tag?post=23579"}],"curies":[{"name":"wp","href":"https:\/\/api.w.org\/{rel}","templated":true}]}}