{"id":23584,"date":"2023-04-17T14:12:21","date_gmt":"2023-04-17T18:12:21","guid":{"rendered":"https:\/\/editionspowpow.com\/boutique\/23-h-72\/"},"modified":"2026-02-09T11:33:43","modified_gmt":"2026-02-09T15:33:43","slug":"23-h-72","status":"publish","type":"product","link":"https:\/\/editionspowpow.com\/en\/produits\/23-h-72\/","title":{"rendered":"23 h 72"},"content":{"rendered":"<p>Mort-vivant<\/p>\n<p>Il n\u2019est pas encore minuit, mais les douze coups ont d\u00e9j\u00e0 sonn\u00e9. Jean-Christophe se r\u00e9veille avec l\u2019horrible impression que sa vie se d\u00e9robe, lui \u00e9chappe. Son ex-copine a rencontr\u00e9 quelqu\u2019un d\u2019autre et ne veut plus rien savoir de lui. En d\u00e9sespoir de cause, il accepte d\u2019aller habiter chez son meilleur ami, Stef; mais Marie, la blonde de celui-ci, n\u2019est pas chaude \u00e0 l\u2019id\u00e9e de l\u2019accueillir. Entre ces trois-l\u00e0, c\u2019est un peu compliqu\u00e9. Il va bien falloir mettre de l\u2019ordre dans tout \u00e7a. Le hic, c\u2019est que Jean-Christophe est un zombie. M\u00eame si, personnellement, il pr\u00e9f\u00e8re le terme mort-vivant.<\/p>\n","protected":false},"excerpt":{"rendered":"<p>Mort-vivant Il n\u2019est pas encore minuit, mais les douze coups ont d\u00e9j\u00e0 sonn\u00e9. Jean-Christophe se r\u00e9veille avec l\u2019horrible impression que sa vie se d\u00e9robe, lui \u00e9chappe. Son ex-copine a rencontr\u00e9 quelqu\u2019un d\u2019autre et ne veut plus rien savoir de lui. En d\u00e9sespoir de cause, il accepte d\u2019aller habiter chez son meilleur ami, Stef; mais Marie, [&hellip;]<\/p>\n","protected":false},"featured_media":888,"template":"","meta":{"_acf_changed":false},"product_brand":[],"product_cat":[271],"product_tag":[263,331],"class_list":{"0":"post-23584","1":"product","2":"type-product","3":"status-publish","4":"has-post-thumbnail","6":"wc_square_synced-yes","7":"product_cat-comic","8":"product_tag-dark-humor","9":"product_tag-science-fiction-en-2","10":"product_shipping_class-format-standard-en","12":"first","13":"instock","14":"taxable","15":"shipping-taxable","16":"purchasable","17":"product-type-simple"},"acf":{"language":"fr","other_language_products":[19544],"authors":[{"author_title":22296,"is_custom_job_title":false,"job_titles":[]}],"total_pages":116,"isbn":"978-2-924049-12-9","release_date":"20141001","other_release_dates":null,"has_product_excerpt":true,"button_excerpt_position":"left","accent_color":"#DDB9D3","awards":[{"content":"Prix R\u00e9al-Fillion des B\u00e9d\u00e9is Causa 2015"},{"content":"Finaliste \u2013 Joe Shuster Awards 2015 (Best cartoonist)"},{"content":"Finaliste \u2013 Prix de la critique ACBD de la bande dessin\u00e9e qu\u00e9b\u00e9coise 2015"}],"comments":[{"content":"Les couleurs de l\u2019album sont spectaculaires. L\u2019espace entier est color\u00e9 de teintes frappantes, que ce soit vert, jaune, orange ou mauve. La couleur illustre parfaitement les \u00e9motions des personnages et les situations dans lesquelles ils sont plong\u00e9s. Ce premier album de Blonk arrive peut-\u00eatre tard dans sa carri\u00e8re, mais il laisse supposer de bien belles choses \u00e0 venir.","credit_group":{"content":"Lettres qu\u00e9b\u00e9coises, 1 f\u00e9vrier 2015","link":"","is_external_link":false}},{"content":"Le coup de c\u0153ur a \u00e9t\u00e9 instantan\u00e9.","credit_group":{"content":"Canoe.ca, 25 novembre 2014","link":"","is_external_link":true}},{"content":"Une d\u00e9licieuse com\u00e9die dramatique.","credit_group":{"content":"Bible urbaine, 6 janvier 2015","link":"https:\/\/labibleurbaine.com\/litterature\/la-bande-dessinee-23h72-de-blonk-aux-editions-pow-pow\/","is_external_link":true}}],"video_gallery":[{"video_url":"https:\/\/www.youtube.com\/watch?v=wx6ndFb-aJ4","title":"23 h 72 <br>\u2014 Blonk","video_preview":20804,"video_duration":"1:13"}]},"yoast_head":"<!-- This site is optimized with the Yoast SEO plugin v26.9 - https:\/\/yoast.com\/product\/yoast-seo-wordpress\/ -->\n<title>23 h 72 - \u00c9ditions Pow Pow<\/title>\n<meta name=\"robots\" content=\"index, follow, max-snippet:-1, max-image-preview:large, max-video-preview:-1\" \/>\n<link rel=\"canonical\" href=\"https:\/\/editionspowpow.com\/en\/produits\/23-h-72\/\" \/>\n<meta property=\"og:locale\" content=\"en_US\" \/>\n<meta property=\"og:type\" content=\"article\" \/>\n<meta property=\"og:title\" content=\"23 h 72 - \u00c9ditions Pow Pow\" \/>\n<meta property=\"og:description\" content=\"Mort-vivant Il n\u2019est pas encore minuit, mais les douze coups ont d\u00e9j\u00e0 sonn\u00e9. Jean-Christophe se r\u00e9veille avec l\u2019horrible impression que sa vie se d\u00e9robe, lui \u00e9chappe. Son ex-copine a rencontr\u00e9 quelqu\u2019un d\u2019autre et ne veut plus rien savoir de lui. En d\u00e9sespoir de cause, il accepte d\u2019aller habiter chez son meilleur ami, Stef; mais Marie, [&hellip;]\" \/>\n<meta property=\"og:url\" content=\"https:\/\/editionspowpow.com\/en\/produits\/23-h-72\/\" \/>\n<meta property=\"og:site_name\" content=\"\u00c9ditions Pow Pow\" \/>\n<meta property=\"article:publisher\" content=\"https:\/\/www.facebook.com\/editionspowpow\" \/>\n<meta property=\"article:modified_time\" content=\"2026-02-09T15:33:43+00:00\" \/>\n<meta property=\"og:image\" content=\"https:\/\/edition-pow-pow-bucket.storage.googleapis.com\/wp-content\/uploads\/2023\/04\/23h72_couverture-2.jpg\" \/>\n\t<meta property=\"og:image:width\" content=\"450\" \/>\n\t<meta property=\"og:image:height\" content=\"594\" \/>\n\t<meta property=\"og:image:type\" content=\"image\/jpeg\" \/>\n<meta name=\"twitter:card\" content=\"summary_large_image\" \/>\n<meta name=\"twitter:site\" content=\"@editionspowpow\" \/>\n<meta name=\"twitter:label1\" content=\"Est. reading time\" \/>\n\t<meta name=\"twitter:data1\" content=\"1 minute\" \/>\n<script type=\"application\/ld+json\" class=\"yoast-schema-graph\">{\"@context\":\"https:\/\/schema.org\",\"@graph\":[{\"@type\":\"WebPage\",\"@id\":\"https:\/\/editionspowpow.com\/en\/produits\/23-h-72\/\",\"url\":\"https:\/\/editionspowpow.com\/en\/produits\/23-h-72\/\",\"name\":\"23 h 72 - \u00c9ditions Pow Pow\",\"isPartOf\":{\"@id\":\"https:\/\/editionspowpow.com\/en\/#website\"},\"primaryImageOfPage\":{\"@id\":\"https:\/\/editionspowpow.com\/en\/produits\/23-h-72\/#primaryimage\"},\"image\":{\"@id\":\"https:\/\/editionspowpow.com\/en\/produits\/23-h-72\/#primaryimage\"},\"thumbnailUrl\":\"https:\/\/edition-pow-pow-bucket.storage.googleapis.com\/wp-content\/uploads\/2023\/04\/23h72_couverture-2.jpg\",\"datePublished\":\"2023-04-17T18:12:21+00:00\",\"dateModified\":\"2026-02-09T15:33:43+00:00\",\"breadcrumb\":{\"@id\":\"https:\/\/editionspowpow.com\/en\/produits\/23-h-72\/#breadcrumb\"},\"inLanguage\":\"en-US\",\"potentialAction\":[{\"@type\":\"ReadAction\",\"target\":[\"https:\/\/editionspowpow.com\/en\/produits\/23-h-72\/\"]}]},{\"@type\":\"ImageObject\",\"inLanguage\":\"en-US\",\"@id\":\"https:\/\/editionspowpow.com\/en\/produits\/23-h-72\/#primaryimage\",\"url\":\"https:\/\/edition-pow-pow-bucket.storage.googleapis.com\/wp-content\/uploads\/2023\/04\/23h72_couverture-2.jpg\",\"contentUrl\":\"https:\/\/edition-pow-pow-bucket.storage.googleapis.com\/wp-content\/uploads\/2023\/04\/23h72_couverture-2.jpg\",\"width\":450,\"height\":594},{\"@type\":\"BreadcrumbList\",\"@id\":\"https:\/\/editionspowpow.com\/en\/produits\/23-h-72\/#breadcrumb\",\"itemListElement\":[{\"@type\":\"ListItem\",\"position\":1,\"name\":\"Home\",\"item\":\"https:\/\/editionspowpow.com\/en\/\"},{\"@type\":\"ListItem\",\"position\":2,\"name\":\"Shop\",\"item\":\"https:\/\/editionspowpow.com\/en\/shop\/\"},{\"@type\":\"ListItem\",\"position\":3,\"name\":\"23 h 72\"}]},{\"@type\":\"WebSite\",\"@id\":\"https:\/\/editionspowpow.com\/en\/#website\",\"url\":\"https:\/\/editionspowpow.com\/en\/\",\"name\":\"\u00c9ditions Pow Pow\",\"description\":\"\",\"publisher\":{\"@id\":\"https:\/\/editionspowpow.com\/en\/#organization\"},\"potentialAction\":[{\"@type\":\"SearchAction\",\"target\":{\"@type\":\"EntryPoint\",\"urlTemplate\":\"https:\/\/editionspowpow.com\/en\/?s={search_term_string}\"},\"query-input\":{\"@type\":\"PropertyValueSpecification\",\"valueRequired\":true,\"valueName\":\"search_term_string\"}}],\"inLanguage\":\"en-US\"},{\"@type\":\"Organization\",\"@id\":\"https:\/\/editionspowpow.com\/en\/#organization\",\"name\":\"\u00c9ditions Pow Pow\",\"url\":\"https:\/\/editionspowpow.com\/en\/\",\"logo\":{\"@type\":\"ImageObject\",\"inLanguage\":\"en-US\",\"@id\":\"https:\/\/editionspowpow.com\/en\/#\/schema\/logo\/image\/\",\"url\":\"https:\/\/edition-pow-pow-bucket.storage.googleapis.com\/wp-content\/uploads\/2024\/03\/logo_site_pow_pow_VERTICAL.png\",\"contentUrl\":\"https:\/\/edition-pow-pow-bucket.storage.googleapis.com\/wp-content\/uploads\/2024\/03\/logo_site_pow_pow_VERTICAL.png\",\"width\":1600,\"height\":1200,\"caption\":\"\u00c9ditions Pow Pow\"},\"image\":{\"@id\":\"https:\/\/editionspowpow.com\/en\/#\/schema\/logo\/image\/\"},\"sameAs\":[\"https:\/\/www.facebook.com\/editionspowpow\",\"https:\/\/x.com\/editionspowpow\"]}]}<\/script>\n<!-- \/ Yoast SEO plugin. -->","yoast_head_json":{"title":"23 h 72 - \u00c9ditions Pow Pow","robots":{"index":"index","follow":"follow","max-snippet":"max-snippet:-1","max-image-preview":"max-image-preview:large","max-video-preview":"max-video-preview:-1"},"canonical":"https:\/\/editionspowpow.com\/en\/produits\/23-h-72\/","og_locale":"en_US","og_type":"article","og_title":"23 h 72 - \u00c9ditions Pow Pow","og_description":"Mort-vivant Il n\u2019est pas encore minuit, mais les douze coups ont d\u00e9j\u00e0 sonn\u00e9. Jean-Christophe se r\u00e9veille avec l\u2019horrible impression que sa vie se d\u00e9robe, lui \u00e9chappe. Son ex-copine a rencontr\u00e9 quelqu\u2019un d\u2019autre et ne veut plus rien savoir de lui. En d\u00e9sespoir de cause, il accepte d\u2019aller habiter chez son meilleur ami, Stef; mais Marie, [&hellip;]","og_url":"https:\/\/editionspowpow.com\/en\/produits\/23-h-72\/","og_site_name":"\u00c9ditions Pow Pow","article_publisher":"https:\/\/www.facebook.com\/editionspowpow","article_modified_time":"2026-02-09T15:33:43+00:00","og_image":[{"width":450,"height":594,"url":"https:\/\/edition-pow-pow-bucket.storage.googleapis.com\/wp-content\/uploads\/2023\/04\/23h72_couverture-2.jpg","type":"image\/jpeg"}],"twitter_card":"summary_large_image","twitter_site":"@editionspowpow","twitter_misc":{"Est. reading time":"1 minute"},"schema":{"@context":"https:\/\/schema.org","@graph":[{"@type":"WebPage","@id":"https:\/\/editionspowpow.com\/en\/produits\/23-h-72\/","url":"https:\/\/editionspowpow.com\/en\/produits\/23-h-72\/","name":"23 h 72 - \u00c9ditions Pow Pow","isPartOf":{"@id":"https:\/\/editionspowpow.com\/en\/#website"},"primaryImageOfPage":{"@id":"https:\/\/editionspowpow.com\/en\/produits\/23-h-72\/#primaryimage"},"image":{"@id":"https:\/\/editionspowpow.com\/en\/produits\/23-h-72\/#primaryimage"},"thumbnailUrl":"https:\/\/edition-pow-pow-bucket.storage.googleapis.com\/wp-content\/uploads\/2023\/04\/23h72_couverture-2.jpg","datePublished":"2023-04-17T18:12:21+00:00","dateModified":"2026-02-09T15:33:43+00:00","breadcrumb":{"@id":"https:\/\/editionspowpow.com\/en\/produits\/23-h-72\/#breadcrumb"},"inLanguage":"en-US","potentialAction":[{"@type":"ReadAction","target":["https:\/\/editionspowpow.com\/en\/produits\/23-h-72\/"]}]},{"@type":"ImageObject","inLanguage":"en-US","@id":"https:\/\/editionspowpow.com\/en\/produits\/23-h-72\/#primaryimage","url":"https:\/\/edition-pow-pow-bucket.storage.googleapis.com\/wp-content\/uploads\/2023\/04\/23h72_couverture-2.jpg","contentUrl":"https:\/\/edition-pow-pow-bucket.storage.googleapis.com\/wp-content\/uploads\/2023\/04\/23h72_couverture-2.jpg","width":450,"height":594},{"@type":"BreadcrumbList","@id":"https:\/\/editionspowpow.com\/en\/produits\/23-h-72\/#breadcrumb","itemListElement":[{"@type":"ListItem","position":1,"name":"Home","item":"https:\/\/editionspowpow.com\/en\/"},{"@type":"ListItem","position":2,"name":"Shop","item":"https:\/\/editionspowpow.com\/en\/shop\/"},{"@type":"ListItem","position":3,"name":"23 h 72"}]},{"@type":"WebSite","@id":"https:\/\/editionspowpow.com\/en\/#website","url":"https:\/\/editionspowpow.com\/en\/","name":"\u00c9ditions Pow Pow","description":"","publisher":{"@id":"https:\/\/editionspowpow.com\/en\/#organization"},"potentialAction":[{"@type":"SearchAction","target":{"@type":"EntryPoint","urlTemplate":"https:\/\/editionspowpow.com\/en\/?s={search_term_string}"},"query-input":{"@type":"PropertyValueSpecification","valueRequired":true,"valueName":"search_term_string"}}],"inLanguage":"en-US"},{"@type":"Organization","@id":"https:\/\/editionspowpow.com\/en\/#organization","name":"\u00c9ditions Pow Pow","url":"https:\/\/editionspowpow.com\/en\/","logo":{"@type":"ImageObject","inLanguage":"en-US","@id":"https:\/\/editionspowpow.com\/en\/#\/schema\/logo\/image\/","url":"https:\/\/edition-pow-pow-bucket.storage.googleapis.com\/wp-content\/uploads\/2024\/03\/logo_site_pow_pow_VERTICAL.png","contentUrl":"https:\/\/edition-pow-pow-bucket.storage.googleapis.com\/wp-content\/uploads\/2024\/03\/logo_site_pow_pow_VERTICAL.png","width":1600,"height":1200,"caption":"\u00c9ditions Pow Pow"},"image":{"@id":"https:\/\/editionspowpow.com\/en\/#\/schema\/logo\/image\/"},"sameAs":["https:\/\/www.facebook.com\/editionspowpow","https:\/\/x.com\/editionspowpow"]}]}},"_links":{"self":[{"href":"https:\/\/editionspowpow.com\/en\/wp-json\/wp\/v2\/product\/23584","targetHints":{"allow":["GET"]}}],"collection":[{"href":"https:\/\/editionspowpow.com\/en\/wp-json\/wp\/v2\/product"}],"about":[{"href":"https:\/\/editionspowpow.com\/en\/wp-json\/wp\/v2\/types\/product"}],"acf:post":[{"embeddable":true,"href":"https:\/\/editionspowpow.com\/en\/wp-json\/wp\/v2\/product\/19544"}],"wp:featuredmedia":[{"embeddable":true,"href":"https:\/\/editionspowpow.com\/en\/wp-json\/wp\/v2\/media\/888"}],"wp:attachment":[{"href":"https:\/\/editionspowpow.com\/en\/wp-json\/wp\/v2\/media?parent=23584"}],"wp:term":[{"taxonomy":"product_brand","embeddable":true,"href":"https:\/\/editionspowpow.com\/en\/wp-json\/wp\/v2\/product_brand?post=23584"},{"taxonomy":"product_cat","embeddable":true,"href":"https:\/\/editionspowpow.com\/en\/wp-json\/wp\/v2\/product_cat?post=23584"},{"taxonomy":"product_tag","embeddable":true,"href":"https:\/\/editionspowpow.com\/en\/wp-json\/wp\/v2\/product_tag?post=23584"}],"curies":[{"name":"wp","href":"https:\/\/api.w.org\/{rel}","templated":true}]}}