{"id":23591,"date":"2023-04-17T14:12:18","date_gmt":"2023-04-17T18:12:18","guid":{"rendered":"https:\/\/editionspowpow.com\/boutique\/ping-pong\/"},"modified":"2026-02-09T11:33:48","modified_gmt":"2026-02-09T15:33:48","slug":"ping-pong","status":"publish","type":"product","link":"https:\/\/editionspowpow.com\/en\/produits\/ping-pong\/","title":{"rendered":"Ping-pong"},"content":{"rendered":"<p><em>Ping-pong,<\/em> \u00ab \u00e7a parle euh\u2026 des arts? C\u2019est comme une esp\u00e8ce d\u2019essai, y a vraiment vraiment beaucoup de texte \u00bb. C\u2019est aussi un projet que Zviane a d\u2019abord publi\u00e9 en ligne avant d\u2019en faire un fanzine auto\u00e9dit\u00e9 dont les 500 exemplaires se sont \u00e9coul\u00e9s vraiment vraiment vite. Ce que vous tenez entre vos mains f\u00e9briles, c\u2019est la version augment\u00e9e et, surtout, comment\u00e9e de <em>Ping-pong.<\/em> \u00c7a veut dire que c\u2019est plus qu\u2019un livre. C\u2019est un espace commun de r\u00e9flexion o\u00f9 tout le monde se renvoie la balle.<\/p>\n<p>Mais vraiment tout le monde, l\u00e0 : Jean-Paul Eid, Francis Desharnais, Pascal Girard, Brigitte Findakly, Pierre Bouchard, Guillaume Pelletier, Luc Boss\u00e9, Antonin Buisson, Cathon, Saturnome, Yves Pelletier, Julie Delporte, Alexandre Fontaine Rousseau, Richard Suicide, Lewis Trondheim, Ma\u00eetre Niko, Boulet, R\u00e9al Godbout et Jimmy Beaulieu. M\u00eame si tu as achet\u00e9 le <em>Ping-pong<\/em> original, \u00e7a vaut la peine de te procurer cette version-ci. S\u00e9rieusement, dude. Tu devrais lire <em>Ping-pong.<\/em><\/p>\n","protected":false},"excerpt":{"rendered":"<p>Ping-pong, \u00ab \u00e7a parle euh\u2026 des arts? C\u2019est comme une esp\u00e8ce d\u2019essai, y a vraiment vraiment beaucoup de texte \u00bb. C\u2019est aussi un projet que Zviane a d\u2019abord publi\u00e9 en ligne avant d\u2019en faire un fanzine auto\u00e9dit\u00e9 dont les 500 exemplaires se sont \u00e9coul\u00e9s vraiment vraiment vite. Ce que vous tenez entre vos mains f\u00e9briles, [&hellip;]<\/p>\n","protected":false},"featured_media":993,"template":"","meta":{"_acf_changed":false},"product_brand":[],"product_cat":[271],"product_tag":[261,268],"class_list":{"0":"post-23591","1":"product","2":"type-product","3":"status-publish","4":"has-post-thumbnail","6":"wc_square_synced-yes","7":"product_cat-comic","8":"product_tag-documentary","9":"product_tag-essay","10":"product_shipping_class-format-standard-en","12":"first","13":"instock","14":"taxable","15":"shipping-taxable","16":"purchasable","17":"product-type-simple"},"acf":{"language":"fr","other_language_products":"","authors":[{"author_title":22310,"is_custom_job_title":false,"job_titles":[]}],"total_pages":236,"isbn":"978-2-924049-24-2","release_date":"20150527","other_release_dates":[{"date":"20161108","country":"Europe"}],"has_product_excerpt":true,"button_excerpt_position":"left","accent_color":"#96C121","awards":[{"content":"Finaliste \u2013 prix B\u00e9d\u00e9lys Qu\u00e9bec 2016"},{"content":"Finaliste \u2013 Joe Shuster Awards 2016 (Meilleur auteur)"}],"comments":[{"content":"Un essai autour de l\u2019art sous forme de bande dessin\u00e9e, volumineux, savant, \u00e9rudit. Il y a beaucoup d\u2019humour et de profondeur. Tr\u00e8s inspirant. C\u2019est \u00e0 lire.","credit_group":{"content":"Plus on est de fous, plus on lit! (Radio-Canada), 1 juin 2015","link":"","is_external_link":false}},{"content":"<em>Ping-pong<\/em> s\u2019av\u00e8re \u00eatre un exercice \u00e9ditorial unique, audacieux, ludique, \u00e0 l\u2019image d\u2019une des artisanes les plus int\u00e9ressantes de sa g\u00e9n\u00e9ration.","credit_group":{"content":"VIVA Media, 5 juin 2015","link":"","is_external_link":false}},{"content":"Mettons tout de suite les choses au clair: il s\u2019agit d\u2019un bouquin populaire, pas pompeux pantoute, ouvert \u00e0 tous et \u00e0 toutes.","credit_group":{"content":"Canoe.ca, 15 juin 2015","link":"","is_external_link":false}},{"content":"<em>Ping-pong<\/em> nous offre carr\u00e9ment une ontologie zviannienne allum\u00e9e et stimulante.","credit_group":{"content":"Bdm\u00e9trique, 21 juillet 2015","link":"https:\/\/bdmetrique.com\/2015\/07\/21\/ping-pong-version-commentee\/","is_external_link":true}},{"content":"C\u2019est aussi fly\u00e9 que brillant et c\u2019est vraiment LE livre le plus cool que j\u2019ai lu depuis bien longtemps!","credit_group":{"content":"Mitsou, 17 novembre 2015","link":"","is_external_link":false}}],"video_gallery":null},"yoast_head":"<!-- This site is optimized with the Yoast SEO plugin v26.9 - https:\/\/yoast.com\/product\/yoast-seo-wordpress\/ -->\n<title>Ping-pong - \u00c9ditions Pow Pow<\/title>\n<meta name=\"robots\" content=\"index, follow, max-snippet:-1, max-image-preview:large, max-video-preview:-1\" \/>\n<link rel=\"canonical\" href=\"https:\/\/editionspowpow.com\/en\/produits\/ping-pong\/\" \/>\n<meta property=\"og:locale\" content=\"en_US\" \/>\n<meta property=\"og:type\" content=\"article\" \/>\n<meta property=\"og:title\" content=\"Ping-pong - \u00c9ditions Pow Pow\" \/>\n<meta property=\"og:description\" content=\"Ping-pong, \u00ab \u00e7a parle euh\u2026 des arts? C\u2019est comme une esp\u00e8ce d\u2019essai, y a vraiment vraiment beaucoup de texte \u00bb. C\u2019est aussi un projet que Zviane a d\u2019abord publi\u00e9 en ligne avant d\u2019en faire un fanzine auto\u00e9dit\u00e9 dont les 500 exemplaires se sont \u00e9coul\u00e9s vraiment vraiment vite. Ce que vous tenez entre vos mains f\u00e9briles, [&hellip;]\" \/>\n<meta property=\"og:url\" content=\"https:\/\/editionspowpow.com\/en\/produits\/ping-pong\/\" \/>\n<meta property=\"og:site_name\" content=\"\u00c9ditions Pow Pow\" \/>\n<meta property=\"article:publisher\" content=\"https:\/\/www.facebook.com\/editionspowpow\" \/>\n<meta property=\"article:modified_time\" content=\"2026-02-09T15:33:48+00:00\" \/>\n<meta property=\"og:image\" content=\"https:\/\/edition-pow-pow-bucket.storage.googleapis.com\/wp-content\/uploads\/2023\/04\/couverture_ping-pong-2.jpg\" \/>\n\t<meta property=\"og:image:width\" content=\"450\" \/>\n\t<meta property=\"og:image:height\" content=\"594\" \/>\n\t<meta property=\"og:image:type\" content=\"image\/jpeg\" \/>\n<meta name=\"twitter:card\" content=\"summary_large_image\" \/>\n<meta name=\"twitter:site\" content=\"@editionspowpow\" \/>\n<meta name=\"twitter:label1\" content=\"Est. reading time\" \/>\n\t<meta name=\"twitter:data1\" content=\"1 minute\" \/>\n<script type=\"application\/ld+json\" class=\"yoast-schema-graph\">{\"@context\":\"https:\/\/schema.org\",\"@graph\":[{\"@type\":\"WebPage\",\"@id\":\"https:\/\/editionspowpow.com\/en\/produits\/ping-pong\/\",\"url\":\"https:\/\/editionspowpow.com\/en\/produits\/ping-pong\/\",\"name\":\"Ping-pong - \u00c9ditions Pow Pow\",\"isPartOf\":{\"@id\":\"https:\/\/editionspowpow.com\/en\/#website\"},\"primaryImageOfPage\":{\"@id\":\"https:\/\/editionspowpow.com\/en\/produits\/ping-pong\/#primaryimage\"},\"image\":{\"@id\":\"https:\/\/editionspowpow.com\/en\/produits\/ping-pong\/#primaryimage\"},\"thumbnailUrl\":\"https:\/\/edition-pow-pow-bucket.storage.googleapis.com\/wp-content\/uploads\/2023\/04\/couverture_ping-pong-2.jpg\",\"datePublished\":\"2023-04-17T18:12:18+00:00\",\"dateModified\":\"2026-02-09T15:33:48+00:00\",\"breadcrumb\":{\"@id\":\"https:\/\/editionspowpow.com\/en\/produits\/ping-pong\/#breadcrumb\"},\"inLanguage\":\"en-US\",\"potentialAction\":[{\"@type\":\"ReadAction\",\"target\":[\"https:\/\/editionspowpow.com\/en\/produits\/ping-pong\/\"]}]},{\"@type\":\"ImageObject\",\"inLanguage\":\"en-US\",\"@id\":\"https:\/\/editionspowpow.com\/en\/produits\/ping-pong\/#primaryimage\",\"url\":\"https:\/\/edition-pow-pow-bucket.storage.googleapis.com\/wp-content\/uploads\/2023\/04\/couverture_ping-pong-2.jpg\",\"contentUrl\":\"https:\/\/edition-pow-pow-bucket.storage.googleapis.com\/wp-content\/uploads\/2023\/04\/couverture_ping-pong-2.jpg\",\"width\":450,\"height\":594},{\"@type\":\"BreadcrumbList\",\"@id\":\"https:\/\/editionspowpow.com\/en\/produits\/ping-pong\/#breadcrumb\",\"itemListElement\":[{\"@type\":\"ListItem\",\"position\":1,\"name\":\"Home\",\"item\":\"https:\/\/editionspowpow.com\/en\/\"},{\"@type\":\"ListItem\",\"position\":2,\"name\":\"Shop\",\"item\":\"https:\/\/editionspowpow.com\/en\/shop\/\"},{\"@type\":\"ListItem\",\"position\":3,\"name\":\"Ping-pong\"}]},{\"@type\":\"WebSite\",\"@id\":\"https:\/\/editionspowpow.com\/en\/#website\",\"url\":\"https:\/\/editionspowpow.com\/en\/\",\"name\":\"\u00c9ditions Pow Pow\",\"description\":\"\",\"publisher\":{\"@id\":\"https:\/\/editionspowpow.com\/en\/#organization\"},\"potentialAction\":[{\"@type\":\"SearchAction\",\"target\":{\"@type\":\"EntryPoint\",\"urlTemplate\":\"https:\/\/editionspowpow.com\/en\/?s={search_term_string}\"},\"query-input\":{\"@type\":\"PropertyValueSpecification\",\"valueRequired\":true,\"valueName\":\"search_term_string\"}}],\"inLanguage\":\"en-US\"},{\"@type\":\"Organization\",\"@id\":\"https:\/\/editionspowpow.com\/en\/#organization\",\"name\":\"\u00c9ditions Pow Pow\",\"url\":\"https:\/\/editionspowpow.com\/en\/\",\"logo\":{\"@type\":\"ImageObject\",\"inLanguage\":\"en-US\",\"@id\":\"https:\/\/editionspowpow.com\/en\/#\/schema\/logo\/image\/\",\"url\":\"https:\/\/edition-pow-pow-bucket.storage.googleapis.com\/wp-content\/uploads\/2024\/03\/logo_site_pow_pow_VERTICAL.png\",\"contentUrl\":\"https:\/\/edition-pow-pow-bucket.storage.googleapis.com\/wp-content\/uploads\/2024\/03\/logo_site_pow_pow_VERTICAL.png\",\"width\":1600,\"height\":1200,\"caption\":\"\u00c9ditions Pow Pow\"},\"image\":{\"@id\":\"https:\/\/editionspowpow.com\/en\/#\/schema\/logo\/image\/\"},\"sameAs\":[\"https:\/\/www.facebook.com\/editionspowpow\",\"https:\/\/x.com\/editionspowpow\"]}]}<\/script>\n<!-- \/ Yoast SEO plugin. -->","yoast_head_json":{"title":"Ping-pong - \u00c9ditions Pow Pow","robots":{"index":"index","follow":"follow","max-snippet":"max-snippet:-1","max-image-preview":"max-image-preview:large","max-video-preview":"max-video-preview:-1"},"canonical":"https:\/\/editionspowpow.com\/en\/produits\/ping-pong\/","og_locale":"en_US","og_type":"article","og_title":"Ping-pong - \u00c9ditions Pow Pow","og_description":"Ping-pong, \u00ab \u00e7a parle euh\u2026 des arts? C\u2019est comme une esp\u00e8ce d\u2019essai, y a vraiment vraiment beaucoup de texte \u00bb. C\u2019est aussi un projet que Zviane a d\u2019abord publi\u00e9 en ligne avant d\u2019en faire un fanzine auto\u00e9dit\u00e9 dont les 500 exemplaires se sont \u00e9coul\u00e9s vraiment vraiment vite. Ce que vous tenez entre vos mains f\u00e9briles, [&hellip;]","og_url":"https:\/\/editionspowpow.com\/en\/produits\/ping-pong\/","og_site_name":"\u00c9ditions Pow Pow","article_publisher":"https:\/\/www.facebook.com\/editionspowpow","article_modified_time":"2026-02-09T15:33:48+00:00","og_image":[{"width":450,"height":594,"url":"https:\/\/edition-pow-pow-bucket.storage.googleapis.com\/wp-content\/uploads\/2023\/04\/couverture_ping-pong-2.jpg","type":"image\/jpeg"}],"twitter_card":"summary_large_image","twitter_site":"@editionspowpow","twitter_misc":{"Est. reading time":"1 minute"},"schema":{"@context":"https:\/\/schema.org","@graph":[{"@type":"WebPage","@id":"https:\/\/editionspowpow.com\/en\/produits\/ping-pong\/","url":"https:\/\/editionspowpow.com\/en\/produits\/ping-pong\/","name":"Ping-pong - \u00c9ditions Pow Pow","isPartOf":{"@id":"https:\/\/editionspowpow.com\/en\/#website"},"primaryImageOfPage":{"@id":"https:\/\/editionspowpow.com\/en\/produits\/ping-pong\/#primaryimage"},"image":{"@id":"https:\/\/editionspowpow.com\/en\/produits\/ping-pong\/#primaryimage"},"thumbnailUrl":"https:\/\/edition-pow-pow-bucket.storage.googleapis.com\/wp-content\/uploads\/2023\/04\/couverture_ping-pong-2.jpg","datePublished":"2023-04-17T18:12:18+00:00","dateModified":"2026-02-09T15:33:48+00:00","breadcrumb":{"@id":"https:\/\/editionspowpow.com\/en\/produits\/ping-pong\/#breadcrumb"},"inLanguage":"en-US","potentialAction":[{"@type":"ReadAction","target":["https:\/\/editionspowpow.com\/en\/produits\/ping-pong\/"]}]},{"@type":"ImageObject","inLanguage":"en-US","@id":"https:\/\/editionspowpow.com\/en\/produits\/ping-pong\/#primaryimage","url":"https:\/\/edition-pow-pow-bucket.storage.googleapis.com\/wp-content\/uploads\/2023\/04\/couverture_ping-pong-2.jpg","contentUrl":"https:\/\/edition-pow-pow-bucket.storage.googleapis.com\/wp-content\/uploads\/2023\/04\/couverture_ping-pong-2.jpg","width":450,"height":594},{"@type":"BreadcrumbList","@id":"https:\/\/editionspowpow.com\/en\/produits\/ping-pong\/#breadcrumb","itemListElement":[{"@type":"ListItem","position":1,"name":"Home","item":"https:\/\/editionspowpow.com\/en\/"},{"@type":"ListItem","position":2,"name":"Shop","item":"https:\/\/editionspowpow.com\/en\/shop\/"},{"@type":"ListItem","position":3,"name":"Ping-pong"}]},{"@type":"WebSite","@id":"https:\/\/editionspowpow.com\/en\/#website","url":"https:\/\/editionspowpow.com\/en\/","name":"\u00c9ditions Pow Pow","description":"","publisher":{"@id":"https:\/\/editionspowpow.com\/en\/#organization"},"potentialAction":[{"@type":"SearchAction","target":{"@type":"EntryPoint","urlTemplate":"https:\/\/editionspowpow.com\/en\/?s={search_term_string}"},"query-input":{"@type":"PropertyValueSpecification","valueRequired":true,"valueName":"search_term_string"}}],"inLanguage":"en-US"},{"@type":"Organization","@id":"https:\/\/editionspowpow.com\/en\/#organization","name":"\u00c9ditions Pow Pow","url":"https:\/\/editionspowpow.com\/en\/","logo":{"@type":"ImageObject","inLanguage":"en-US","@id":"https:\/\/editionspowpow.com\/en\/#\/schema\/logo\/image\/","url":"https:\/\/edition-pow-pow-bucket.storage.googleapis.com\/wp-content\/uploads\/2024\/03\/logo_site_pow_pow_VERTICAL.png","contentUrl":"https:\/\/edition-pow-pow-bucket.storage.googleapis.com\/wp-content\/uploads\/2024\/03\/logo_site_pow_pow_VERTICAL.png","width":1600,"height":1200,"caption":"\u00c9ditions Pow Pow"},"image":{"@id":"https:\/\/editionspowpow.com\/en\/#\/schema\/logo\/image\/"},"sameAs":["https:\/\/www.facebook.com\/editionspowpow","https:\/\/x.com\/editionspowpow"]}]}},"_links":{"self":[{"href":"https:\/\/editionspowpow.com\/en\/wp-json\/wp\/v2\/product\/23591","targetHints":{"allow":["GET"]}}],"collection":[{"href":"https:\/\/editionspowpow.com\/en\/wp-json\/wp\/v2\/product"}],"about":[{"href":"https:\/\/editionspowpow.com\/en\/wp-json\/wp\/v2\/types\/product"}],"wp:featuredmedia":[{"embeddable":true,"href":"https:\/\/editionspowpow.com\/en\/wp-json\/wp\/v2\/media\/993"}],"wp:attachment":[{"href":"https:\/\/editionspowpow.com\/en\/wp-json\/wp\/v2\/media?parent=23591"}],"wp:term":[{"taxonomy":"product_brand","embeddable":true,"href":"https:\/\/editionspowpow.com\/en\/wp-json\/wp\/v2\/product_brand?post=23591"},{"taxonomy":"product_cat","embeddable":true,"href":"https:\/\/editionspowpow.com\/en\/wp-json\/wp\/v2\/product_cat?post=23591"},{"taxonomy":"product_tag","embeddable":true,"href":"https:\/\/editionspowpow.com\/en\/wp-json\/wp\/v2\/product_tag?post=23591"}],"curies":[{"name":"wp","href":"https:\/\/api.w.org\/{rel}","templated":true}]}}