{"id":23597,"date":"2023-04-17T14:12:17","date_gmt":"2023-04-17T18:12:17","guid":{"rendered":"https:\/\/editionspowpow.com\/boutique\/whitehorse-premiere-partie\/"},"modified":"2026-02-09T11:33:49","modified_gmt":"2026-02-09T15:33:49","slug":"whitehorse-premiere-partie","status":"publish","type":"product","link":"https:\/\/editionspowpow.com\/en\/produits\/whitehorse-premiere-partie\/","title":{"rendered":"Whitehorse: Premi\u00e8re partie"},"content":{"rendered":"<p>Le couple form\u00e9 de Henri, misanthrope, et Laura, com\u00e9dienne \u00e0 l&#8217;aube du succ\u00e8s, commence \u00e0 se d\u00e9sint\u00e9grer lorsque cette derni\u00e8re a l&#8217;opportunit\u00e9 d&#8217;aller tourner un film sur les caribous \u00e0 Whitehorse avec le d\u00e9testable r\u00e9alisateur prodige Sylvain Pastrami&#8230; L&#8217;amour saura-t-il survivre au cruel milieu du cin\u00e9ma qu\u00e9b\u00e9cois?<\/p>\n","protected":false},"excerpt":{"rendered":"<p>Le couple form\u00e9 de Henri, misanthrope, et Laura, com\u00e9dienne \u00e0 l&#8217;aube du succ\u00e8s, commence \u00e0 se d\u00e9sint\u00e9grer lorsque cette derni\u00e8re a l&#8217;opportunit\u00e9 d&#8217;aller tourner un film sur les caribous \u00e0 Whitehorse avec le d\u00e9testable r\u00e9alisateur prodige Sylvain Pastrami&#8230; L&#8217;amour saura-t-il survivre au cruel milieu du cin\u00e9ma qu\u00e9b\u00e9cois?<\/p>\n","protected":false},"featured_media":1103,"template":"","meta":{"_acf_changed":false},"product_brand":[],"product_cat":[271],"product_tag":[],"class_list":{"0":"post-23597","1":"product","2":"type-product","3":"status-publish","4":"has-post-thumbnail","6":"wc_square_synced-yes","7":"product_cat-comic","8":"product_shipping_class-format-standard-en","10":"first","11":"outofstock","12":"taxable","13":"shipping-taxable","14":"purchasable","15":"product-type-simple"},"acf":{"language":"fr","other_language_products":"","authors":[{"author_title":22315,"is_custom_job_title":false,"job_titles":[]}],"total_pages":216,"isbn":"978-2-924049-23-5","release_date":"20151101","other_release_dates":[{"date":"20160909","country":"Europe"}],"has_product_excerpt":true,"button_excerpt_position":"left","accent_color":"#F9DD4B","awards":[{"content":"Prix B\u00e9d\u00e9lys Qu\u00e9bec 2016"},{"content":"Prix Marc-Olivier Lavertu 2016"},{"content":"Finaliste \u2013 Grand prix de la ville de Qu\u00e9bec des B\u00e9d\u00e9is Causa 2016"},{"content":"Finaliste \u2013 Joe Shuster Awards 2016 (Meilleur auteur)"}],"comments":[{"content":"C\u2019est loufoque, d\u00e9sopilant, fin et cru en m\u00eame temps. C\u2019est charg\u00e9 de ces sc\u00e8nes \u00e0 la lisi\u00e8re du malaise et de l\u2019inconfort que l\u2019artiste ma\u00eetrise comme nul autre pour mieux se moquer, on croit, de l\u2019angoisse existentielle qui peut parfois s\u2019emparer d\u2019une g\u00e9n\u00e9ration, en l\u2019occurrence la sienne.","credit_group":{"content":"Le Devoir, 31 d\u00e9cembre 2015","link":"https:\/\/www.ledevoir.com\/lire\/459008\/whitehorse-samuel-cantin","is_external_link":true}},{"content":"Cantin est un grand sc\u00e9nariste et surtout un dialoguiste exceptionnel.","credit_group":{"content":"Bdm\u00e9trique, 10 d\u00e9cembre 2015","link":"https:\/\/bdmetrique.com\/2015\/12\/10\/de-whitehorse-et-de-plein-dautres-choses-qui-existent\/#more-1764","is_external_link":true}},{"content":"<em>Whitehorse<\/em> est dr\u00f4le, pas ennuyant et donne envie de r\u00e9utiliser les sacres un peu b\u00e2tards comme \u00absimonaque\u00bb et \u00abc\u00e2libine\u00bb.","credit_group":{"content":"Les M\u00e9connus, 18 janvier 2016","link":"https:\/\/amongthereef.com\/","is_external_link":true}},{"content":"L\u2019univers \u00e9clat\u00e9 de <em>Phobies des moments seuls<\/em> et celui encore plus d\u00e9jant\u00e9 de <em>Vil et mis\u00e9rable<\/em> se transforment en quelque chose de plus r\u00e9aliste, sans perdre la verve ni l\u2019ing\u00e9niosit\u00e9 qui faisaient le charme des autres romans graphiques de l\u2019auteur. On se retrouve devant un ouvrage plus achev\u00e9, qui n\u2019h\u00e9site pas \u00e0 fouiller, avec humour et esprit, l\u2019\u00e2me de ses personnages.","credit_group":{"content":" Lettres qu\u00e9b\u00e9coises, 1 f\u00e9vrier 2016","link":"","is_external_link":false}}],"video_gallery":null},"yoast_head":"<!-- This site is optimized with the Yoast SEO plugin v26.9 - https:\/\/yoast.com\/product\/yoast-seo-wordpress\/ -->\n<title>Whitehorse: Premi\u00e8re partie - \u00c9ditions Pow Pow<\/title>\n<meta name=\"robots\" content=\"index, follow, max-snippet:-1, max-image-preview:large, max-video-preview:-1\" \/>\n<link rel=\"canonical\" href=\"https:\/\/editionspowpow.com\/en\/produits\/whitehorse-premiere-partie\/\" \/>\n<meta property=\"og:locale\" content=\"en_US\" \/>\n<meta property=\"og:type\" content=\"article\" \/>\n<meta property=\"og:title\" content=\"Whitehorse: Premi\u00e8re partie - \u00c9ditions Pow Pow\" \/>\n<meta property=\"og:description\" content=\"Le couple form\u00e9 de Henri, misanthrope, et Laura, com\u00e9dienne \u00e0 l&#8217;aube du succ\u00e8s, commence \u00e0 se d\u00e9sint\u00e9grer lorsque cette derni\u00e8re a l&#8217;opportunit\u00e9 d&#8217;aller tourner un film sur les caribous \u00e0 Whitehorse avec le d\u00e9testable r\u00e9alisateur prodige Sylvain Pastrami&#8230; L&#8217;amour saura-t-il survivre au cruel milieu du cin\u00e9ma qu\u00e9b\u00e9cois?\" \/>\n<meta property=\"og:url\" content=\"https:\/\/editionspowpow.com\/en\/produits\/whitehorse-premiere-partie\/\" \/>\n<meta property=\"og:site_name\" content=\"\u00c9ditions Pow Pow\" \/>\n<meta property=\"article:publisher\" content=\"https:\/\/www.facebook.com\/editionspowpow\" \/>\n<meta property=\"article:modified_time\" content=\"2026-02-09T15:33:49+00:00\" \/>\n<meta property=\"og:image\" content=\"https:\/\/edition-pow-pow-bucket.storage.googleapis.com\/wp-content\/uploads\/2023\/04\/whitehorse_1ere_couv-2.jpg\" \/>\n\t<meta property=\"og:image:width\" content=\"450\" \/>\n\t<meta property=\"og:image:height\" content=\"594\" \/>\n\t<meta property=\"og:image:type\" content=\"image\/jpeg\" \/>\n<meta name=\"twitter:card\" content=\"summary_large_image\" \/>\n<meta name=\"twitter:site\" content=\"@editionspowpow\" \/>\n<meta name=\"twitter:label1\" content=\"Est. reading time\" \/>\n\t<meta name=\"twitter:data1\" content=\"1 minute\" \/>\n<script type=\"application\/ld+json\" class=\"yoast-schema-graph\">{\"@context\":\"https:\/\/schema.org\",\"@graph\":[{\"@type\":\"WebPage\",\"@id\":\"https:\/\/editionspowpow.com\/en\/produits\/whitehorse-premiere-partie\/\",\"url\":\"https:\/\/editionspowpow.com\/en\/produits\/whitehorse-premiere-partie\/\",\"name\":\"Whitehorse: Premi\u00e8re partie - \u00c9ditions Pow Pow\",\"isPartOf\":{\"@id\":\"https:\/\/editionspowpow.com\/en\/#website\"},\"primaryImageOfPage\":{\"@id\":\"https:\/\/editionspowpow.com\/en\/produits\/whitehorse-premiere-partie\/#primaryimage\"},\"image\":{\"@id\":\"https:\/\/editionspowpow.com\/en\/produits\/whitehorse-premiere-partie\/#primaryimage\"},\"thumbnailUrl\":\"https:\/\/edition-pow-pow-bucket.storage.googleapis.com\/wp-content\/uploads\/2023\/04\/whitehorse_1ere_couv-2.jpg\",\"datePublished\":\"2023-04-17T18:12:17+00:00\",\"dateModified\":\"2026-02-09T15:33:49+00:00\",\"breadcrumb\":{\"@id\":\"https:\/\/editionspowpow.com\/en\/produits\/whitehorse-premiere-partie\/#breadcrumb\"},\"inLanguage\":\"en-US\",\"potentialAction\":[{\"@type\":\"ReadAction\",\"target\":[\"https:\/\/editionspowpow.com\/en\/produits\/whitehorse-premiere-partie\/\"]}]},{\"@type\":\"ImageObject\",\"inLanguage\":\"en-US\",\"@id\":\"https:\/\/editionspowpow.com\/en\/produits\/whitehorse-premiere-partie\/#primaryimage\",\"url\":\"https:\/\/edition-pow-pow-bucket.storage.googleapis.com\/wp-content\/uploads\/2023\/04\/whitehorse_1ere_couv-2.jpg\",\"contentUrl\":\"https:\/\/edition-pow-pow-bucket.storage.googleapis.com\/wp-content\/uploads\/2023\/04\/whitehorse_1ere_couv-2.jpg\",\"width\":450,\"height\":594},{\"@type\":\"BreadcrumbList\",\"@id\":\"https:\/\/editionspowpow.com\/en\/produits\/whitehorse-premiere-partie\/#breadcrumb\",\"itemListElement\":[{\"@type\":\"ListItem\",\"position\":1,\"name\":\"Home\",\"item\":\"https:\/\/editionspowpow.com\/en\/\"},{\"@type\":\"ListItem\",\"position\":2,\"name\":\"Shop\",\"item\":\"https:\/\/editionspowpow.com\/en\/shop\/\"},{\"@type\":\"ListItem\",\"position\":3,\"name\":\"Whitehorse: Premi\u00e8re partie\"}]},{\"@type\":\"WebSite\",\"@id\":\"https:\/\/editionspowpow.com\/en\/#website\",\"url\":\"https:\/\/editionspowpow.com\/en\/\",\"name\":\"\u00c9ditions Pow Pow\",\"description\":\"\",\"publisher\":{\"@id\":\"https:\/\/editionspowpow.com\/en\/#organization\"},\"potentialAction\":[{\"@type\":\"SearchAction\",\"target\":{\"@type\":\"EntryPoint\",\"urlTemplate\":\"https:\/\/editionspowpow.com\/en\/?s={search_term_string}\"},\"query-input\":{\"@type\":\"PropertyValueSpecification\",\"valueRequired\":true,\"valueName\":\"search_term_string\"}}],\"inLanguage\":\"en-US\"},{\"@type\":\"Organization\",\"@id\":\"https:\/\/editionspowpow.com\/en\/#organization\",\"name\":\"\u00c9ditions Pow Pow\",\"url\":\"https:\/\/editionspowpow.com\/en\/\",\"logo\":{\"@type\":\"ImageObject\",\"inLanguage\":\"en-US\",\"@id\":\"https:\/\/editionspowpow.com\/en\/#\/schema\/logo\/image\/\",\"url\":\"https:\/\/edition-pow-pow-bucket.storage.googleapis.com\/wp-content\/uploads\/2024\/03\/logo_site_pow_pow_VERTICAL.png\",\"contentUrl\":\"https:\/\/edition-pow-pow-bucket.storage.googleapis.com\/wp-content\/uploads\/2024\/03\/logo_site_pow_pow_VERTICAL.png\",\"width\":1600,\"height\":1200,\"caption\":\"\u00c9ditions Pow Pow\"},\"image\":{\"@id\":\"https:\/\/editionspowpow.com\/en\/#\/schema\/logo\/image\/\"},\"sameAs\":[\"https:\/\/www.facebook.com\/editionspowpow\",\"https:\/\/x.com\/editionspowpow\"]}]}<\/script>\n<!-- \/ Yoast SEO plugin. -->","yoast_head_json":{"title":"Whitehorse: Premi\u00e8re partie - \u00c9ditions Pow Pow","robots":{"index":"index","follow":"follow","max-snippet":"max-snippet:-1","max-image-preview":"max-image-preview:large","max-video-preview":"max-video-preview:-1"},"canonical":"https:\/\/editionspowpow.com\/en\/produits\/whitehorse-premiere-partie\/","og_locale":"en_US","og_type":"article","og_title":"Whitehorse: Premi\u00e8re partie - \u00c9ditions Pow Pow","og_description":"Le couple form\u00e9 de Henri, misanthrope, et Laura, com\u00e9dienne \u00e0 l&#8217;aube du succ\u00e8s, commence \u00e0 se d\u00e9sint\u00e9grer lorsque cette derni\u00e8re a l&#8217;opportunit\u00e9 d&#8217;aller tourner un film sur les caribous \u00e0 Whitehorse avec le d\u00e9testable r\u00e9alisateur prodige Sylvain Pastrami&#8230; L&#8217;amour saura-t-il survivre au cruel milieu du cin\u00e9ma qu\u00e9b\u00e9cois?","og_url":"https:\/\/editionspowpow.com\/en\/produits\/whitehorse-premiere-partie\/","og_site_name":"\u00c9ditions Pow Pow","article_publisher":"https:\/\/www.facebook.com\/editionspowpow","article_modified_time":"2026-02-09T15:33:49+00:00","og_image":[{"width":450,"height":594,"url":"https:\/\/edition-pow-pow-bucket.storage.googleapis.com\/wp-content\/uploads\/2023\/04\/whitehorse_1ere_couv-2.jpg","type":"image\/jpeg"}],"twitter_card":"summary_large_image","twitter_site":"@editionspowpow","twitter_misc":{"Est. reading time":"1 minute"},"schema":{"@context":"https:\/\/schema.org","@graph":[{"@type":"WebPage","@id":"https:\/\/editionspowpow.com\/en\/produits\/whitehorse-premiere-partie\/","url":"https:\/\/editionspowpow.com\/en\/produits\/whitehorse-premiere-partie\/","name":"Whitehorse: Premi\u00e8re partie - \u00c9ditions Pow Pow","isPartOf":{"@id":"https:\/\/editionspowpow.com\/en\/#website"},"primaryImageOfPage":{"@id":"https:\/\/editionspowpow.com\/en\/produits\/whitehorse-premiere-partie\/#primaryimage"},"image":{"@id":"https:\/\/editionspowpow.com\/en\/produits\/whitehorse-premiere-partie\/#primaryimage"},"thumbnailUrl":"https:\/\/edition-pow-pow-bucket.storage.googleapis.com\/wp-content\/uploads\/2023\/04\/whitehorse_1ere_couv-2.jpg","datePublished":"2023-04-17T18:12:17+00:00","dateModified":"2026-02-09T15:33:49+00:00","breadcrumb":{"@id":"https:\/\/editionspowpow.com\/en\/produits\/whitehorse-premiere-partie\/#breadcrumb"},"inLanguage":"en-US","potentialAction":[{"@type":"ReadAction","target":["https:\/\/editionspowpow.com\/en\/produits\/whitehorse-premiere-partie\/"]}]},{"@type":"ImageObject","inLanguage":"en-US","@id":"https:\/\/editionspowpow.com\/en\/produits\/whitehorse-premiere-partie\/#primaryimage","url":"https:\/\/edition-pow-pow-bucket.storage.googleapis.com\/wp-content\/uploads\/2023\/04\/whitehorse_1ere_couv-2.jpg","contentUrl":"https:\/\/edition-pow-pow-bucket.storage.googleapis.com\/wp-content\/uploads\/2023\/04\/whitehorse_1ere_couv-2.jpg","width":450,"height":594},{"@type":"BreadcrumbList","@id":"https:\/\/editionspowpow.com\/en\/produits\/whitehorse-premiere-partie\/#breadcrumb","itemListElement":[{"@type":"ListItem","position":1,"name":"Home","item":"https:\/\/editionspowpow.com\/en\/"},{"@type":"ListItem","position":2,"name":"Shop","item":"https:\/\/editionspowpow.com\/en\/shop\/"},{"@type":"ListItem","position":3,"name":"Whitehorse: Premi\u00e8re partie"}]},{"@type":"WebSite","@id":"https:\/\/editionspowpow.com\/en\/#website","url":"https:\/\/editionspowpow.com\/en\/","name":"\u00c9ditions Pow Pow","description":"","publisher":{"@id":"https:\/\/editionspowpow.com\/en\/#organization"},"potentialAction":[{"@type":"SearchAction","target":{"@type":"EntryPoint","urlTemplate":"https:\/\/editionspowpow.com\/en\/?s={search_term_string}"},"query-input":{"@type":"PropertyValueSpecification","valueRequired":true,"valueName":"search_term_string"}}],"inLanguage":"en-US"},{"@type":"Organization","@id":"https:\/\/editionspowpow.com\/en\/#organization","name":"\u00c9ditions Pow Pow","url":"https:\/\/editionspowpow.com\/en\/","logo":{"@type":"ImageObject","inLanguage":"en-US","@id":"https:\/\/editionspowpow.com\/en\/#\/schema\/logo\/image\/","url":"https:\/\/edition-pow-pow-bucket.storage.googleapis.com\/wp-content\/uploads\/2024\/03\/logo_site_pow_pow_VERTICAL.png","contentUrl":"https:\/\/edition-pow-pow-bucket.storage.googleapis.com\/wp-content\/uploads\/2024\/03\/logo_site_pow_pow_VERTICAL.png","width":1600,"height":1200,"caption":"\u00c9ditions Pow Pow"},"image":{"@id":"https:\/\/editionspowpow.com\/en\/#\/schema\/logo\/image\/"},"sameAs":["https:\/\/www.facebook.com\/editionspowpow","https:\/\/x.com\/editionspowpow"]}]}},"_links":{"self":[{"href":"https:\/\/editionspowpow.com\/en\/wp-json\/wp\/v2\/product\/23597","targetHints":{"allow":["GET"]}}],"collection":[{"href":"https:\/\/editionspowpow.com\/en\/wp-json\/wp\/v2\/product"}],"about":[{"href":"https:\/\/editionspowpow.com\/en\/wp-json\/wp\/v2\/types\/product"}],"wp:featuredmedia":[{"embeddable":true,"href":"https:\/\/editionspowpow.com\/en\/wp-json\/wp\/v2\/media\/1103"}],"wp:attachment":[{"href":"https:\/\/editionspowpow.com\/en\/wp-json\/wp\/v2\/media?parent=23597"}],"wp:term":[{"taxonomy":"product_brand","embeddable":true,"href":"https:\/\/editionspowpow.com\/en\/wp-json\/wp\/v2\/product_brand?post=23597"},{"taxonomy":"product_cat","embeddable":true,"href":"https:\/\/editionspowpow.com\/en\/wp-json\/wp\/v2\/product_cat?post=23597"},{"taxonomy":"product_tag","embeddable":true,"href":"https:\/\/editionspowpow.com\/en\/wp-json\/wp\/v2\/product_tag?post=23597"}],"curies":[{"name":"wp","href":"https:\/\/api.w.org\/{rel}","templated":true}]}}