{"id":23599,"date":"2023-04-17T14:12:17","date_gmt":"2023-04-17T18:12:17","guid":{"rendered":"https:\/\/editionspowpow.com\/boutique\/whitehorse-deuxieme-partie\/"},"modified":"2026-02-09T11:33:49","modified_gmt":"2026-02-09T15:33:49","slug":"whitehorse-deuxieme-partie","status":"publish","type":"product","link":"https:\/\/editionspowpow.com\/en\/produits\/whitehorse-deuxieme-partie\/","title":{"rendered":"Whitehorse: Deuxi\u00e8me partie"},"content":{"rendered":"<p>\u00ab La premi\u00e8re chose qui frappe l\u2019esprit en arrivant \u00e0 Whitehorse, ce sont les p\u00e9licans. Parce qu\u2019ils sont partout et parce qu\u2019ils ne sont pas comme nos dociles et minables petits p\u00e9licans de ville, non : ils sont au moins dix fois plus gros et ils visent invariablement les yeux lorsqu\u2019ils vous fondent dessus en piqu\u00e9. Il n\u2019est pas rare de croiser en ville de vieux prospecteurs n\u2019ayant en guise d\u2019yeux que deux trous b\u00e9ants, deux ab\u00eemes sans fond couleur d\u2019encre. L\u2019horreur. La deuxi\u00e8me chose, c\u2019est le volcan immense qui gronde sans cesse et qui domine la ville par son ombre lourde et ses \u00e9ruptions spontan\u00e9es. Et il faut faire attention \u00e0 toute cette lave partout.\u00bb<\/p>\n<p>\u2014 Extrait du journal d\u2019Henri Castagnette<\/p>\n","protected":false},"excerpt":{"rendered":"<p>\u00ab La premi\u00e8re chose qui frappe l\u2019esprit en arrivant \u00e0 Whitehorse, ce sont les p\u00e9licans. Parce qu\u2019ils sont partout et parce qu\u2019ils ne sont pas comme nos dociles et minables petits p\u00e9licans de ville, non : ils sont au moins dix fois plus gros et ils visent invariablement les yeux lorsqu\u2019ils vous fondent dessus en [&hellip;]<\/p>\n","protected":false},"featured_media":1316,"template":"","meta":{"_acf_changed":false},"product_brand":[],"product_cat":[271],"product_tag":[270,314,266],"class_list":{"0":"post-23599","1":"product","2":"type-product","3":"status-publish","4":"has-post-thumbnail","6":"wc_square_synced-yes","7":"product_cat-comic","8":"product_tag-bold-humor","9":"product_tag-humour-parodique-en","10":"product_tag-love","11":"product_shipping_class-format-standard-en","13":"first","14":"instock","15":"taxable","16":"shipping-taxable","17":"purchasable","18":"product-type-simple"},"acf":{"language":"fr","other_language_products":"","authors":[{"author_title":22315,"is_custom_job_title":false,"job_titles":[]}],"total_pages":336,"isbn":"978-2-924049-38-9","release_date":"20171101","other_release_dates":[{"date":"20180316","country":"Europe"}],"has_product_excerpt":false,"button_excerpt_position":"gauche","accent_color":"#F9DD4B","awards":null,"comments":[{"content":"[\u2026] une excellente suite et fin [\u2026]. \u2605\u2605\u2605\u2605","credit_group":{"content":"La Presse, 3 d\u00e9cembre 2017","link":"https:\/\/plus.lapresse.ca\/screens\/efcf8c4b-cd0a-4c87-974f-d4f6e42743ec%7C_0.html?utm_medium=Facebook&utm_campaign=Internal%2BShare&utm_content=Screen","is_external_link":true}},{"content":"Cantin, un expert dans l\u2019art du dialogue, se surpasse. \u00c0 la fois absurde, malaisant et grivois, l\u2019humour qu\u2019il exerce y est d\u00e9ploy\u00e9 avec une fougue rare.","credit_group":{"content":"Journal de Montr\u00e9al, 27 janvier 2018","link":"https:\/\/www.journaldemontreal.com\/2018\/01\/27\/loeuvre-dune-vie","is_external_link":true}}],"video_gallery":null},"yoast_head":"<!-- This site is optimized with the Yoast SEO plugin v26.9 - https:\/\/yoast.com\/product\/yoast-seo-wordpress\/ -->\n<title>Whitehorse: Deuxi\u00e8me partie - \u00c9ditions Pow Pow<\/title>\n<meta name=\"robots\" content=\"index, follow, max-snippet:-1, max-image-preview:large, max-video-preview:-1\" \/>\n<link rel=\"canonical\" href=\"https:\/\/editionspowpow.com\/en\/produits\/whitehorse-deuxieme-partie\/\" \/>\n<meta property=\"og:locale\" content=\"en_US\" \/>\n<meta property=\"og:type\" content=\"article\" \/>\n<meta property=\"og:title\" content=\"Whitehorse: Deuxi\u00e8me partie - \u00c9ditions Pow Pow\" \/>\n<meta property=\"og:description\" content=\"\u00ab La premi\u00e8re chose qui frappe l\u2019esprit en arrivant \u00e0 Whitehorse, ce sont les p\u00e9licans. Parce qu\u2019ils sont partout et parce qu\u2019ils ne sont pas comme nos dociles et minables petits p\u00e9licans de ville, non : ils sont au moins dix fois plus gros et ils visent invariablement les yeux lorsqu\u2019ils vous fondent dessus en [&hellip;]\" \/>\n<meta property=\"og:url\" content=\"https:\/\/editionspowpow.com\/en\/produits\/whitehorse-deuxieme-partie\/\" \/>\n<meta property=\"og:site_name\" content=\"\u00c9ditions Pow Pow\" \/>\n<meta property=\"article:publisher\" content=\"https:\/\/www.facebook.com\/editionspowpow\" \/>\n<meta property=\"article:modified_time\" content=\"2026-02-09T15:33:49+00:00\" \/>\n<meta property=\"og:image\" content=\"https:\/\/edition-pow-pow-bucket.storage.googleapis.com\/wp-content\/uploads\/2023\/04\/Sans-titre-5-2.jpg\" \/>\n\t<meta property=\"og:image:width\" content=\"450\" \/>\n\t<meta property=\"og:image:height\" content=\"594\" \/>\n\t<meta property=\"og:image:type\" content=\"image\/jpeg\" \/>\n<meta name=\"twitter:card\" content=\"summary_large_image\" \/>\n<meta name=\"twitter:site\" content=\"@editionspowpow\" \/>\n<meta name=\"twitter:label1\" content=\"Est. reading time\" \/>\n\t<meta name=\"twitter:data1\" content=\"1 minute\" \/>\n<script type=\"application\/ld+json\" class=\"yoast-schema-graph\">{\"@context\":\"https:\/\/schema.org\",\"@graph\":[{\"@type\":\"WebPage\",\"@id\":\"https:\/\/editionspowpow.com\/en\/produits\/whitehorse-deuxieme-partie\/\",\"url\":\"https:\/\/editionspowpow.com\/en\/produits\/whitehorse-deuxieme-partie\/\",\"name\":\"Whitehorse: Deuxi\u00e8me partie - \u00c9ditions Pow Pow\",\"isPartOf\":{\"@id\":\"https:\/\/editionspowpow.com\/en\/#website\"},\"primaryImageOfPage\":{\"@id\":\"https:\/\/editionspowpow.com\/en\/produits\/whitehorse-deuxieme-partie\/#primaryimage\"},\"image\":{\"@id\":\"https:\/\/editionspowpow.com\/en\/produits\/whitehorse-deuxieme-partie\/#primaryimage\"},\"thumbnailUrl\":\"https:\/\/edition-pow-pow-bucket.storage.googleapis.com\/wp-content\/uploads\/2023\/04\/Sans-titre-5-2.jpg\",\"datePublished\":\"2023-04-17T18:12:17+00:00\",\"dateModified\":\"2026-02-09T15:33:49+00:00\",\"breadcrumb\":{\"@id\":\"https:\/\/editionspowpow.com\/en\/produits\/whitehorse-deuxieme-partie\/#breadcrumb\"},\"inLanguage\":\"en-US\",\"potentialAction\":[{\"@type\":\"ReadAction\",\"target\":[\"https:\/\/editionspowpow.com\/en\/produits\/whitehorse-deuxieme-partie\/\"]}]},{\"@type\":\"ImageObject\",\"inLanguage\":\"en-US\",\"@id\":\"https:\/\/editionspowpow.com\/en\/produits\/whitehorse-deuxieme-partie\/#primaryimage\",\"url\":\"https:\/\/edition-pow-pow-bucket.storage.googleapis.com\/wp-content\/uploads\/2023\/04\/Sans-titre-5-2.jpg\",\"contentUrl\":\"https:\/\/edition-pow-pow-bucket.storage.googleapis.com\/wp-content\/uploads\/2023\/04\/Sans-titre-5-2.jpg\",\"width\":450,\"height\":594},{\"@type\":\"BreadcrumbList\",\"@id\":\"https:\/\/editionspowpow.com\/en\/produits\/whitehorse-deuxieme-partie\/#breadcrumb\",\"itemListElement\":[{\"@type\":\"ListItem\",\"position\":1,\"name\":\"Home\",\"item\":\"https:\/\/editionspowpow.com\/en\/\"},{\"@type\":\"ListItem\",\"position\":2,\"name\":\"Shop\",\"item\":\"https:\/\/editionspowpow.com\/en\/shop\/\"},{\"@type\":\"ListItem\",\"position\":3,\"name\":\"Whitehorse: Deuxi\u00e8me partie\"}]},{\"@type\":\"WebSite\",\"@id\":\"https:\/\/editionspowpow.com\/en\/#website\",\"url\":\"https:\/\/editionspowpow.com\/en\/\",\"name\":\"\u00c9ditions Pow Pow\",\"description\":\"\",\"publisher\":{\"@id\":\"https:\/\/editionspowpow.com\/en\/#organization\"},\"potentialAction\":[{\"@type\":\"SearchAction\",\"target\":{\"@type\":\"EntryPoint\",\"urlTemplate\":\"https:\/\/editionspowpow.com\/en\/?s={search_term_string}\"},\"query-input\":{\"@type\":\"PropertyValueSpecification\",\"valueRequired\":true,\"valueName\":\"search_term_string\"}}],\"inLanguage\":\"en-US\"},{\"@type\":\"Organization\",\"@id\":\"https:\/\/editionspowpow.com\/en\/#organization\",\"name\":\"\u00c9ditions Pow Pow\",\"url\":\"https:\/\/editionspowpow.com\/en\/\",\"logo\":{\"@type\":\"ImageObject\",\"inLanguage\":\"en-US\",\"@id\":\"https:\/\/editionspowpow.com\/en\/#\/schema\/logo\/image\/\",\"url\":\"https:\/\/edition-pow-pow-bucket.storage.googleapis.com\/wp-content\/uploads\/2024\/03\/logo_site_pow_pow_VERTICAL.png\",\"contentUrl\":\"https:\/\/edition-pow-pow-bucket.storage.googleapis.com\/wp-content\/uploads\/2024\/03\/logo_site_pow_pow_VERTICAL.png\",\"width\":1600,\"height\":1200,\"caption\":\"\u00c9ditions Pow Pow\"},\"image\":{\"@id\":\"https:\/\/editionspowpow.com\/en\/#\/schema\/logo\/image\/\"},\"sameAs\":[\"https:\/\/www.facebook.com\/editionspowpow\",\"https:\/\/x.com\/editionspowpow\"]}]}<\/script>\n<!-- \/ Yoast SEO plugin. -->","yoast_head_json":{"title":"Whitehorse: Deuxi\u00e8me partie - \u00c9ditions Pow Pow","robots":{"index":"index","follow":"follow","max-snippet":"max-snippet:-1","max-image-preview":"max-image-preview:large","max-video-preview":"max-video-preview:-1"},"canonical":"https:\/\/editionspowpow.com\/en\/produits\/whitehorse-deuxieme-partie\/","og_locale":"en_US","og_type":"article","og_title":"Whitehorse: Deuxi\u00e8me partie - \u00c9ditions Pow Pow","og_description":"\u00ab La premi\u00e8re chose qui frappe l\u2019esprit en arrivant \u00e0 Whitehorse, ce sont les p\u00e9licans. Parce qu\u2019ils sont partout et parce qu\u2019ils ne sont pas comme nos dociles et minables petits p\u00e9licans de ville, non : ils sont au moins dix fois plus gros et ils visent invariablement les yeux lorsqu\u2019ils vous fondent dessus en [&hellip;]","og_url":"https:\/\/editionspowpow.com\/en\/produits\/whitehorse-deuxieme-partie\/","og_site_name":"\u00c9ditions Pow Pow","article_publisher":"https:\/\/www.facebook.com\/editionspowpow","article_modified_time":"2026-02-09T15:33:49+00:00","og_image":[{"width":450,"height":594,"url":"https:\/\/edition-pow-pow-bucket.storage.googleapis.com\/wp-content\/uploads\/2023\/04\/Sans-titre-5-2.jpg","type":"image\/jpeg"}],"twitter_card":"summary_large_image","twitter_site":"@editionspowpow","twitter_misc":{"Est. reading time":"1 minute"},"schema":{"@context":"https:\/\/schema.org","@graph":[{"@type":"WebPage","@id":"https:\/\/editionspowpow.com\/en\/produits\/whitehorse-deuxieme-partie\/","url":"https:\/\/editionspowpow.com\/en\/produits\/whitehorse-deuxieme-partie\/","name":"Whitehorse: Deuxi\u00e8me partie - \u00c9ditions Pow Pow","isPartOf":{"@id":"https:\/\/editionspowpow.com\/en\/#website"},"primaryImageOfPage":{"@id":"https:\/\/editionspowpow.com\/en\/produits\/whitehorse-deuxieme-partie\/#primaryimage"},"image":{"@id":"https:\/\/editionspowpow.com\/en\/produits\/whitehorse-deuxieme-partie\/#primaryimage"},"thumbnailUrl":"https:\/\/edition-pow-pow-bucket.storage.googleapis.com\/wp-content\/uploads\/2023\/04\/Sans-titre-5-2.jpg","datePublished":"2023-04-17T18:12:17+00:00","dateModified":"2026-02-09T15:33:49+00:00","breadcrumb":{"@id":"https:\/\/editionspowpow.com\/en\/produits\/whitehorse-deuxieme-partie\/#breadcrumb"},"inLanguage":"en-US","potentialAction":[{"@type":"ReadAction","target":["https:\/\/editionspowpow.com\/en\/produits\/whitehorse-deuxieme-partie\/"]}]},{"@type":"ImageObject","inLanguage":"en-US","@id":"https:\/\/editionspowpow.com\/en\/produits\/whitehorse-deuxieme-partie\/#primaryimage","url":"https:\/\/edition-pow-pow-bucket.storage.googleapis.com\/wp-content\/uploads\/2023\/04\/Sans-titre-5-2.jpg","contentUrl":"https:\/\/edition-pow-pow-bucket.storage.googleapis.com\/wp-content\/uploads\/2023\/04\/Sans-titre-5-2.jpg","width":450,"height":594},{"@type":"BreadcrumbList","@id":"https:\/\/editionspowpow.com\/en\/produits\/whitehorse-deuxieme-partie\/#breadcrumb","itemListElement":[{"@type":"ListItem","position":1,"name":"Home","item":"https:\/\/editionspowpow.com\/en\/"},{"@type":"ListItem","position":2,"name":"Shop","item":"https:\/\/editionspowpow.com\/en\/shop\/"},{"@type":"ListItem","position":3,"name":"Whitehorse: Deuxi\u00e8me partie"}]},{"@type":"WebSite","@id":"https:\/\/editionspowpow.com\/en\/#website","url":"https:\/\/editionspowpow.com\/en\/","name":"\u00c9ditions Pow Pow","description":"","publisher":{"@id":"https:\/\/editionspowpow.com\/en\/#organization"},"potentialAction":[{"@type":"SearchAction","target":{"@type":"EntryPoint","urlTemplate":"https:\/\/editionspowpow.com\/en\/?s={search_term_string}"},"query-input":{"@type":"PropertyValueSpecification","valueRequired":true,"valueName":"search_term_string"}}],"inLanguage":"en-US"},{"@type":"Organization","@id":"https:\/\/editionspowpow.com\/en\/#organization","name":"\u00c9ditions Pow Pow","url":"https:\/\/editionspowpow.com\/en\/","logo":{"@type":"ImageObject","inLanguage":"en-US","@id":"https:\/\/editionspowpow.com\/en\/#\/schema\/logo\/image\/","url":"https:\/\/edition-pow-pow-bucket.storage.googleapis.com\/wp-content\/uploads\/2024\/03\/logo_site_pow_pow_VERTICAL.png","contentUrl":"https:\/\/edition-pow-pow-bucket.storage.googleapis.com\/wp-content\/uploads\/2024\/03\/logo_site_pow_pow_VERTICAL.png","width":1600,"height":1200,"caption":"\u00c9ditions Pow Pow"},"image":{"@id":"https:\/\/editionspowpow.com\/en\/#\/schema\/logo\/image\/"},"sameAs":["https:\/\/www.facebook.com\/editionspowpow","https:\/\/x.com\/editionspowpow"]}]}},"_links":{"self":[{"href":"https:\/\/editionspowpow.com\/en\/wp-json\/wp\/v2\/product\/23599","targetHints":{"allow":["GET"]}}],"collection":[{"href":"https:\/\/editionspowpow.com\/en\/wp-json\/wp\/v2\/product"}],"about":[{"href":"https:\/\/editionspowpow.com\/en\/wp-json\/wp\/v2\/types\/product"}],"wp:featuredmedia":[{"embeddable":true,"href":"https:\/\/editionspowpow.com\/en\/wp-json\/wp\/v2\/media\/1316"}],"wp:attachment":[{"href":"https:\/\/editionspowpow.com\/en\/wp-json\/wp\/v2\/media?parent=23599"}],"wp:term":[{"taxonomy":"product_brand","embeddable":true,"href":"https:\/\/editionspowpow.com\/en\/wp-json\/wp\/v2\/product_brand?post=23599"},{"taxonomy":"product_cat","embeddable":true,"href":"https:\/\/editionspowpow.com\/en\/wp-json\/wp\/v2\/product_cat?post=23599"},{"taxonomy":"product_tag","embeddable":true,"href":"https:\/\/editionspowpow.com\/en\/wp-json\/wp\/v2\/product_tag?post=23599"}],"curies":[{"name":"wp","href":"https:\/\/api.w.org\/{rel}","templated":true}]}}