{"id":23603,"date":"2023-04-17T14:12:19","date_gmt":"2023-04-17T18:12:19","guid":{"rendered":"https:\/\/editionspowpow.com\/boutique\/nunavik\/"},"modified":"2026-02-09T11:33:46","modified_gmt":"2026-02-09T15:33:46","slug":"nunavik","status":"publish","type":"product","link":"https:\/\/editionspowpow.com\/en\/produits\/nunavik\/","title":{"rendered":"Nunavik"},"content":{"rendered":"<p>Michel Hellman devait terminer un livre intitul\u00e9 Mile End 2. Il s&#8217;est donc rendu \u00e0 Kuujjuaq, Kangiqsujuaq, Kangirsuk puis Puvirnituk\u2026 pour revenir de son voyage avec un livre intitul\u00e9 <em>Nunavik.<\/em><\/p>\n","protected":false},"excerpt":{"rendered":"<p>Michel Hellman devait terminer un livre intitul\u00e9 Mile End 2. Il s&#8217;est donc rendu \u00e0 Kuujjuaq, Kangiqsujuaq, Kangirsuk puis Puvirnituk\u2026 pour revenir de son voyage avec un livre intitul\u00e9 Nunavik.<\/p>\n","protected":false},"featured_media":1148,"template":"","meta":{"_acf_changed":false},"product_brand":[],"product_cat":[271],"product_tag":[261,320],"class_list":{"0":"post-23603","1":"product","2":"type-product","3":"status-publish","4":"has-post-thumbnail","6":"wc_square_synced-yes","7":"product_cat-comic","8":"product_tag-documentary","9":"product_tag-recit-de-voyage-en","10":"product_shipping_class-format-standard-en","12":"first","13":"instock","14":"taxable","15":"shipping-taxable","16":"purchasable","17":"product-type-simple"},"acf":{"language":"fr","other_language_products":[19537],"authors":[{"author_title":22327,"is_custom_job_title":false,"job_titles":[]}],"total_pages":156,"isbn":"978-2-924049-11-2","release_date":"20160401","other_release_dates":[{"date":"20170216","country":"Europe"}],"has_product_excerpt":true,"button_excerpt_position":"left","accent_color":"#00A1D5","awards":[{"content":"Prix B\u00e9d\u00e9lys Qu\u00e9bec 2017"},{"content":"Finaliste \u2013 Grand prix de la ville de Qu\u00e9bec des B\u00e9d\u00e9is Causa 2017"}],"comments":[{"content":"Avec son regard per\u00e7ant et son sens de l\u2019observation, Hellman propose des instantan\u00e9s \u00e9vocateurs de cette vie dans un nord isol\u00e9 au c\u0153ur de l\u2019immensit\u00e9 de l\u2019impitoyable d\u00e9sert blanc.","credit_group":{"content":"Huffington Post, 13 mai 2016","link":"","is_external_link":false}},{"content":"Michel Hellman s\u2019applique, subtilement, \u00e0 tordre le cou aux caricatures v\u00e9hicul\u00e9es sur les peuples du Grand Nord.","credit_group":{"content":"Canoe.ca, 18 avril 2016","link":"","is_external_link":true}},{"content":"Drogue, d\u00e9pression, alcoolisme, perdition\u2026 les pr\u00e9jug\u00e9s habituels sur ce territoire sont l\u00e0, sauf qu\u2019ils sont objet de mise en perspective, de questionnement subtil par Michel Hellman qui se pose autant en documentariste qu\u2019en romancier, avec un regard oscillant entre la curiosit\u00e9, la na\u00efvet\u00e9, les faux pas de l\u2019homme blanc et l\u2019humanisme.","credit_group":{"content":"Le Devoir, 23 avril 2016","link":"https:\/\/www.ledevoir.com\/lire\/468850\/entrevue-de-la-rue-fairmount-a-kuujjuaq","is_external_link":true}},{"content":"Nunavik est en tout point une r\u00e9ussite. Il s\u2019agit non seulement de l\u2019album le plus achev\u00e9 \u00e0 ce jour de l\u2019artiste, mais il est l\u2019un des plus importants du jeune catalogue des \u00e9ditions Pow Pow.","credit_group":{"content":"Les Libraires, 4 mai 2016","link":"https:\/\/revue.leslibraires.ca\/chroniques\/bande-dessinee\/l-autre-cet-inconnu\/","is_external_link":true}},{"content":"Hellman amuse, encha\u00eene les anecdotes, puis il surprend et enchante en heurtant le dessin lisse de son carnet de bord par des \u00e9chos \u00e0 des iconographies plus anciennes.","credit_group":{"content":"Mediapart, 21 juillet 2016","link":"","is_external_link":false}}],"video_gallery":null},"yoast_head":"<!-- This site is optimized with the Yoast SEO plugin v26.9 - https:\/\/yoast.com\/product\/yoast-seo-wordpress\/ -->\n<title>Nunavik - \u00c9ditions Pow Pow<\/title>\n<meta name=\"robots\" content=\"index, follow, max-snippet:-1, max-image-preview:large, max-video-preview:-1\" \/>\n<link rel=\"canonical\" href=\"https:\/\/editionspowpow.com\/en\/produits\/nunavik\/\" \/>\n<meta property=\"og:locale\" content=\"en_US\" \/>\n<meta property=\"og:type\" content=\"article\" \/>\n<meta property=\"og:title\" content=\"Nunavik - \u00c9ditions Pow Pow\" \/>\n<meta property=\"og:description\" content=\"Michel Hellman devait terminer un livre intitul\u00e9 Mile End 2. Il s&#8217;est donc rendu \u00e0 Kuujjuaq, Kangiqsujuaq, Kangirsuk puis Puvirnituk\u2026 pour revenir de son voyage avec un livre intitul\u00e9 Nunavik.\" \/>\n<meta property=\"og:url\" content=\"https:\/\/editionspowpow.com\/en\/produits\/nunavik\/\" \/>\n<meta property=\"og:site_name\" content=\"\u00c9ditions Pow Pow\" \/>\n<meta property=\"article:publisher\" content=\"https:\/\/www.facebook.com\/editionspowpow\" \/>\n<meta property=\"article:modified_time\" content=\"2026-02-09T15:33:46+00:00\" \/>\n<meta property=\"og:image\" content=\"https:\/\/edition-pow-pow-bucket.storage.googleapis.com\/wp-content\/uploads\/2023\/04\/nunavik_couv2-2.jpg\" \/>\n\t<meta property=\"og:image:width\" content=\"450\" \/>\n\t<meta property=\"og:image:height\" content=\"594\" \/>\n\t<meta property=\"og:image:type\" content=\"image\/jpeg\" \/>\n<meta name=\"twitter:card\" content=\"summary_large_image\" \/>\n<meta name=\"twitter:site\" content=\"@editionspowpow\" \/>\n<meta name=\"twitter:label1\" content=\"Est. reading time\" \/>\n\t<meta name=\"twitter:data1\" content=\"1 minute\" \/>\n<script type=\"application\/ld+json\" class=\"yoast-schema-graph\">{\"@context\":\"https:\/\/schema.org\",\"@graph\":[{\"@type\":\"WebPage\",\"@id\":\"https:\/\/editionspowpow.com\/en\/produits\/nunavik\/\",\"url\":\"https:\/\/editionspowpow.com\/en\/produits\/nunavik\/\",\"name\":\"Nunavik - \u00c9ditions Pow Pow\",\"isPartOf\":{\"@id\":\"https:\/\/editionspowpow.com\/en\/#website\"},\"primaryImageOfPage\":{\"@id\":\"https:\/\/editionspowpow.com\/en\/produits\/nunavik\/#primaryimage\"},\"image\":{\"@id\":\"https:\/\/editionspowpow.com\/en\/produits\/nunavik\/#primaryimage\"},\"thumbnailUrl\":\"https:\/\/edition-pow-pow-bucket.storage.googleapis.com\/wp-content\/uploads\/2023\/04\/nunavik_couv2-2.jpg\",\"datePublished\":\"2023-04-17T18:12:19+00:00\",\"dateModified\":\"2026-02-09T15:33:46+00:00\",\"breadcrumb\":{\"@id\":\"https:\/\/editionspowpow.com\/en\/produits\/nunavik\/#breadcrumb\"},\"inLanguage\":\"en-US\",\"potentialAction\":[{\"@type\":\"ReadAction\",\"target\":[\"https:\/\/editionspowpow.com\/en\/produits\/nunavik\/\"]}]},{\"@type\":\"ImageObject\",\"inLanguage\":\"en-US\",\"@id\":\"https:\/\/editionspowpow.com\/en\/produits\/nunavik\/#primaryimage\",\"url\":\"https:\/\/edition-pow-pow-bucket.storage.googleapis.com\/wp-content\/uploads\/2023\/04\/nunavik_couv2-2.jpg\",\"contentUrl\":\"https:\/\/edition-pow-pow-bucket.storage.googleapis.com\/wp-content\/uploads\/2023\/04\/nunavik_couv2-2.jpg\",\"width\":450,\"height\":594},{\"@type\":\"BreadcrumbList\",\"@id\":\"https:\/\/editionspowpow.com\/en\/produits\/nunavik\/#breadcrumb\",\"itemListElement\":[{\"@type\":\"ListItem\",\"position\":1,\"name\":\"Home\",\"item\":\"https:\/\/editionspowpow.com\/en\/\"},{\"@type\":\"ListItem\",\"position\":2,\"name\":\"Shop\",\"item\":\"https:\/\/editionspowpow.com\/en\/shop\/\"},{\"@type\":\"ListItem\",\"position\":3,\"name\":\"Nunavik\"}]},{\"@type\":\"WebSite\",\"@id\":\"https:\/\/editionspowpow.com\/en\/#website\",\"url\":\"https:\/\/editionspowpow.com\/en\/\",\"name\":\"\u00c9ditions Pow Pow\",\"description\":\"\",\"publisher\":{\"@id\":\"https:\/\/editionspowpow.com\/en\/#organization\"},\"potentialAction\":[{\"@type\":\"SearchAction\",\"target\":{\"@type\":\"EntryPoint\",\"urlTemplate\":\"https:\/\/editionspowpow.com\/en\/?s={search_term_string}\"},\"query-input\":{\"@type\":\"PropertyValueSpecification\",\"valueRequired\":true,\"valueName\":\"search_term_string\"}}],\"inLanguage\":\"en-US\"},{\"@type\":\"Organization\",\"@id\":\"https:\/\/editionspowpow.com\/en\/#organization\",\"name\":\"\u00c9ditions Pow Pow\",\"url\":\"https:\/\/editionspowpow.com\/en\/\",\"logo\":{\"@type\":\"ImageObject\",\"inLanguage\":\"en-US\",\"@id\":\"https:\/\/editionspowpow.com\/en\/#\/schema\/logo\/image\/\",\"url\":\"https:\/\/edition-pow-pow-bucket.storage.googleapis.com\/wp-content\/uploads\/2024\/03\/logo_site_pow_pow_VERTICAL.png\",\"contentUrl\":\"https:\/\/edition-pow-pow-bucket.storage.googleapis.com\/wp-content\/uploads\/2024\/03\/logo_site_pow_pow_VERTICAL.png\",\"width\":1600,\"height\":1200,\"caption\":\"\u00c9ditions Pow Pow\"},\"image\":{\"@id\":\"https:\/\/editionspowpow.com\/en\/#\/schema\/logo\/image\/\"},\"sameAs\":[\"https:\/\/www.facebook.com\/editionspowpow\",\"https:\/\/x.com\/editionspowpow\"]}]}<\/script>\n<!-- \/ Yoast SEO plugin. -->","yoast_head_json":{"title":"Nunavik - \u00c9ditions Pow Pow","robots":{"index":"index","follow":"follow","max-snippet":"max-snippet:-1","max-image-preview":"max-image-preview:large","max-video-preview":"max-video-preview:-1"},"canonical":"https:\/\/editionspowpow.com\/en\/produits\/nunavik\/","og_locale":"en_US","og_type":"article","og_title":"Nunavik - \u00c9ditions Pow Pow","og_description":"Michel Hellman devait terminer un livre intitul\u00e9 Mile End 2. Il s&#8217;est donc rendu \u00e0 Kuujjuaq, Kangiqsujuaq, Kangirsuk puis Puvirnituk\u2026 pour revenir de son voyage avec un livre intitul\u00e9 Nunavik.","og_url":"https:\/\/editionspowpow.com\/en\/produits\/nunavik\/","og_site_name":"\u00c9ditions Pow Pow","article_publisher":"https:\/\/www.facebook.com\/editionspowpow","article_modified_time":"2026-02-09T15:33:46+00:00","og_image":[{"width":450,"height":594,"url":"https:\/\/edition-pow-pow-bucket.storage.googleapis.com\/wp-content\/uploads\/2023\/04\/nunavik_couv2-2.jpg","type":"image\/jpeg"}],"twitter_card":"summary_large_image","twitter_site":"@editionspowpow","twitter_misc":{"Est. reading time":"1 minute"},"schema":{"@context":"https:\/\/schema.org","@graph":[{"@type":"WebPage","@id":"https:\/\/editionspowpow.com\/en\/produits\/nunavik\/","url":"https:\/\/editionspowpow.com\/en\/produits\/nunavik\/","name":"Nunavik - \u00c9ditions Pow Pow","isPartOf":{"@id":"https:\/\/editionspowpow.com\/en\/#website"},"primaryImageOfPage":{"@id":"https:\/\/editionspowpow.com\/en\/produits\/nunavik\/#primaryimage"},"image":{"@id":"https:\/\/editionspowpow.com\/en\/produits\/nunavik\/#primaryimage"},"thumbnailUrl":"https:\/\/edition-pow-pow-bucket.storage.googleapis.com\/wp-content\/uploads\/2023\/04\/nunavik_couv2-2.jpg","datePublished":"2023-04-17T18:12:19+00:00","dateModified":"2026-02-09T15:33:46+00:00","breadcrumb":{"@id":"https:\/\/editionspowpow.com\/en\/produits\/nunavik\/#breadcrumb"},"inLanguage":"en-US","potentialAction":[{"@type":"ReadAction","target":["https:\/\/editionspowpow.com\/en\/produits\/nunavik\/"]}]},{"@type":"ImageObject","inLanguage":"en-US","@id":"https:\/\/editionspowpow.com\/en\/produits\/nunavik\/#primaryimage","url":"https:\/\/edition-pow-pow-bucket.storage.googleapis.com\/wp-content\/uploads\/2023\/04\/nunavik_couv2-2.jpg","contentUrl":"https:\/\/edition-pow-pow-bucket.storage.googleapis.com\/wp-content\/uploads\/2023\/04\/nunavik_couv2-2.jpg","width":450,"height":594},{"@type":"BreadcrumbList","@id":"https:\/\/editionspowpow.com\/en\/produits\/nunavik\/#breadcrumb","itemListElement":[{"@type":"ListItem","position":1,"name":"Home","item":"https:\/\/editionspowpow.com\/en\/"},{"@type":"ListItem","position":2,"name":"Shop","item":"https:\/\/editionspowpow.com\/en\/shop\/"},{"@type":"ListItem","position":3,"name":"Nunavik"}]},{"@type":"WebSite","@id":"https:\/\/editionspowpow.com\/en\/#website","url":"https:\/\/editionspowpow.com\/en\/","name":"\u00c9ditions Pow Pow","description":"","publisher":{"@id":"https:\/\/editionspowpow.com\/en\/#organization"},"potentialAction":[{"@type":"SearchAction","target":{"@type":"EntryPoint","urlTemplate":"https:\/\/editionspowpow.com\/en\/?s={search_term_string}"},"query-input":{"@type":"PropertyValueSpecification","valueRequired":true,"valueName":"search_term_string"}}],"inLanguage":"en-US"},{"@type":"Organization","@id":"https:\/\/editionspowpow.com\/en\/#organization","name":"\u00c9ditions Pow Pow","url":"https:\/\/editionspowpow.com\/en\/","logo":{"@type":"ImageObject","inLanguage":"en-US","@id":"https:\/\/editionspowpow.com\/en\/#\/schema\/logo\/image\/","url":"https:\/\/edition-pow-pow-bucket.storage.googleapis.com\/wp-content\/uploads\/2024\/03\/logo_site_pow_pow_VERTICAL.png","contentUrl":"https:\/\/edition-pow-pow-bucket.storage.googleapis.com\/wp-content\/uploads\/2024\/03\/logo_site_pow_pow_VERTICAL.png","width":1600,"height":1200,"caption":"\u00c9ditions Pow Pow"},"image":{"@id":"https:\/\/editionspowpow.com\/en\/#\/schema\/logo\/image\/"},"sameAs":["https:\/\/www.facebook.com\/editionspowpow","https:\/\/x.com\/editionspowpow"]}]}},"_links":{"self":[{"href":"https:\/\/editionspowpow.com\/en\/wp-json\/wp\/v2\/product\/23603","targetHints":{"allow":["GET"]}}],"collection":[{"href":"https:\/\/editionspowpow.com\/en\/wp-json\/wp\/v2\/product"}],"about":[{"href":"https:\/\/editionspowpow.com\/en\/wp-json\/wp\/v2\/types\/product"}],"acf:post":[{"embeddable":true,"href":"https:\/\/editionspowpow.com\/en\/wp-json\/wp\/v2\/product\/19537"}],"wp:featuredmedia":[{"embeddable":true,"href":"https:\/\/editionspowpow.com\/en\/wp-json\/wp\/v2\/media\/1148"}],"wp:attachment":[{"href":"https:\/\/editionspowpow.com\/en\/wp-json\/wp\/v2\/media?parent=23603"}],"wp:term":[{"taxonomy":"product_brand","embeddable":true,"href":"https:\/\/editionspowpow.com\/en\/wp-json\/wp\/v2\/product_brand?post=23603"},{"taxonomy":"product_cat","embeddable":true,"href":"https:\/\/editionspowpow.com\/en\/wp-json\/wp\/v2\/product_cat?post=23603"},{"taxonomy":"product_tag","embeddable":true,"href":"https:\/\/editionspowpow.com\/en\/wp-json\/wp\/v2\/product_tag?post=23603"}],"curies":[{"name":"wp","href":"https:\/\/api.w.org\/{rel}","templated":true}]}}