{"id":23607,"date":"2023-04-17T14:12:18","date_gmt":"2023-04-17T18:12:18","guid":{"rendered":"https:\/\/editionspowpow.com\/boutique\/club-sandwich\/"},"modified":"2026-02-09T11:33:47","modified_gmt":"2026-02-09T15:33:47","slug":"club-sandwich","status":"publish","type":"product","link":"https:\/\/editionspowpow.com\/en\/produits\/club-sandwich\/","title":{"rendered":"Club sandwich"},"content":{"rendered":"<p>Les 24 heures de la bande dessin\u00e9e d\u2019Angoul\u00eame, c\u2019est un peu comme les Olympiques du neuvi\u00e8me art. L\u2019\u00e9preuve est simple: l\u2019auteur doit dessiner une histoire de 24 pages en 24 heures. \u00c7a ne lui donne pas beaucoup de temps pour manger, respirer ou s\u2019en faire avec sa sant\u00e9 mentale.<\/p>\n<p>Apr\u00e8s un marathon comme celui-l\u00e0, y a rien qui te remet un guerrier de la narration s\u00e9quentielle graphique sur le piton comme un bon club sandwich. <em>Club sandwich,<\/em> c\u2019est la r\u00e9compense bien m\u00e9rit\u00e9e apr\u00e8s cinq longues journ\u00e9es de dur labeur r\u00e9parties sur cinq ans. Entre ses tranches de pain parfaitement toast\u00e9es, les lecteurs trouveront le r\u00e9sultat\u00a0savoureux des d\u00e9fis surmont\u00e9s par Zviane de 2012 \u00e0 2016.<\/p>\n","protected":false},"excerpt":{"rendered":"<p>Les 24 heures de la bande dessin\u00e9e d\u2019Angoul\u00eame, c\u2019est un peu comme les Olympiques du neuvi\u00e8me art. L\u2019\u00e9preuve est simple: l\u2019auteur doit dessiner une histoire de 24 pages en 24 heures. \u00c7a ne lui donne pas beaucoup de temps pour manger, respirer ou s\u2019en faire avec sa sant\u00e9 mentale. Apr\u00e8s un marathon comme celui-l\u00e0, y [&hellip;]<\/p>\n","protected":false},"featured_media":1172,"template":"","meta":{"_acf_changed":false},"product_brand":[],"product_cat":[271],"product_tag":[],"class_list":{"0":"post-23607","1":"product","2":"type-product","3":"status-publish","4":"has-post-thumbnail","6":"wc_square_synced-yes","7":"product_cat-comic","8":"product_shipping_class-format-standard-en","10":"first","11":"outofstock","12":"taxable","13":"shipping-taxable","14":"purchasable","15":"product-type-simple"},"acf":{"language":"fr","other_language_products":"","authors":[{"author_title":22310,"is_custom_job_title":false,"job_titles":[]}],"total_pages":136,"isbn":"978-2-924049-31-0","release_date":"20160524","other_release_dates":null,"has_product_excerpt":false,"button_excerpt_position":"gauche","accent_color":"#96C121","awards":null,"comments":[{"content":"Tant\u00f4t dr\u00f4le, tant\u00f4t \u00e9mouvant, chaque r\u00e9cit contient une part de folie.","credit_group":{"content":"Affaires de gars, 22 juin 2016","link":"https:\/\/www.affairesdegars.com\/page\/article\/4156062987\/club-sandwich-zviane-nous-en-fait-voir-de-toutes-les-couleurs.html#","is_external_link":true}},{"content":"Un vrai bonbon pour l\u2019esprit, digne de la renomm\u00e9e de la b\u00e9d\u00e9iste qu\u00e9b\u00e9coise.","credit_group":{"content":"Le fil rouge, 11 ao\u00fbt 2016","link":"https:\/\/chezlefilrouge.co\/2016\/08\/11\/mes-bedes-de-lete\/","is_external_link":true}},{"content":"Un divertissement \u00e0 la hauteur de nos attentes.","credit_group":{"content":"Les M\u00e9connus, 27 ao\u00fbt 2016","link":"https:\/\/amongthereef.com\/","is_external_link":true}},{"content":"Un travail dr\u00f4le, absurde et \u00e9tonnamment abouti malgr\u00e9 le temps imparti et la difficult\u00e9 de l\u2019exercice.","credit_group":{"content":"Radio T\u00e9l\u00e9vision Belge Francophone, 9 septembre 2016","link":"https:\/\/www.rtbf.be\/article\/club-sandwich-cinq-histoires-biscornues-mais-neanmoins-amusantes-9399727","is_external_link":true}}],"video_gallery":null},"yoast_head":"<!-- This site is optimized with the Yoast SEO plugin v26.9 - https:\/\/yoast.com\/product\/yoast-seo-wordpress\/ -->\n<title>Club sandwich - \u00c9ditions Pow Pow<\/title>\n<meta name=\"robots\" content=\"index, follow, max-snippet:-1, max-image-preview:large, max-video-preview:-1\" \/>\n<link rel=\"canonical\" href=\"https:\/\/editionspowpow.com\/en\/produits\/club-sandwich\/\" \/>\n<meta property=\"og:locale\" content=\"en_US\" \/>\n<meta property=\"og:type\" content=\"article\" \/>\n<meta property=\"og:title\" content=\"Club sandwich - \u00c9ditions Pow Pow\" \/>\n<meta property=\"og:description\" content=\"Les 24 heures de la bande dessin\u00e9e d\u2019Angoul\u00eame, c\u2019est un peu comme les Olympiques du neuvi\u00e8me art. L\u2019\u00e9preuve est simple: l\u2019auteur doit dessiner une histoire de 24 pages en 24 heures. \u00c7a ne lui donne pas beaucoup de temps pour manger, respirer ou s\u2019en faire avec sa sant\u00e9 mentale. Apr\u00e8s un marathon comme celui-l\u00e0, y [&hellip;]\" \/>\n<meta property=\"og:url\" content=\"https:\/\/editionspowpow.com\/en\/produits\/club-sandwich\/\" \/>\n<meta property=\"og:site_name\" content=\"\u00c9ditions Pow Pow\" \/>\n<meta property=\"article:publisher\" content=\"https:\/\/www.facebook.com\/editionspowpow\" \/>\n<meta property=\"article:modified_time\" content=\"2026-02-09T15:33:47+00:00\" \/>\n<meta property=\"og:image\" content=\"https:\/\/edition-pow-pow-bucket.storage.googleapis.com\/wp-content\/uploads\/2023\/04\/club_sandwich_couv-2.jpg\" \/>\n\t<meta property=\"og:image:width\" content=\"450\" \/>\n\t<meta property=\"og:image:height\" content=\"594\" \/>\n\t<meta property=\"og:image:type\" content=\"image\/jpeg\" \/>\n<meta name=\"twitter:card\" content=\"summary_large_image\" \/>\n<meta name=\"twitter:site\" content=\"@editionspowpow\" \/>\n<meta name=\"twitter:label1\" content=\"Est. reading time\" \/>\n\t<meta name=\"twitter:data1\" content=\"1 minute\" \/>\n<script type=\"application\/ld+json\" class=\"yoast-schema-graph\">{\"@context\":\"https:\/\/schema.org\",\"@graph\":[{\"@type\":\"WebPage\",\"@id\":\"https:\/\/editionspowpow.com\/en\/produits\/club-sandwich\/\",\"url\":\"https:\/\/editionspowpow.com\/en\/produits\/club-sandwich\/\",\"name\":\"Club sandwich - \u00c9ditions Pow Pow\",\"isPartOf\":{\"@id\":\"https:\/\/editionspowpow.com\/en\/#website\"},\"primaryImageOfPage\":{\"@id\":\"https:\/\/editionspowpow.com\/en\/produits\/club-sandwich\/#primaryimage\"},\"image\":{\"@id\":\"https:\/\/editionspowpow.com\/en\/produits\/club-sandwich\/#primaryimage\"},\"thumbnailUrl\":\"https:\/\/edition-pow-pow-bucket.storage.googleapis.com\/wp-content\/uploads\/2023\/04\/club_sandwich_couv-2.jpg\",\"datePublished\":\"2023-04-17T18:12:18+00:00\",\"dateModified\":\"2026-02-09T15:33:47+00:00\",\"breadcrumb\":{\"@id\":\"https:\/\/editionspowpow.com\/en\/produits\/club-sandwich\/#breadcrumb\"},\"inLanguage\":\"en-US\",\"potentialAction\":[{\"@type\":\"ReadAction\",\"target\":[\"https:\/\/editionspowpow.com\/en\/produits\/club-sandwich\/\"]}]},{\"@type\":\"ImageObject\",\"inLanguage\":\"en-US\",\"@id\":\"https:\/\/editionspowpow.com\/en\/produits\/club-sandwich\/#primaryimage\",\"url\":\"https:\/\/edition-pow-pow-bucket.storage.googleapis.com\/wp-content\/uploads\/2023\/04\/club_sandwich_couv-2.jpg\",\"contentUrl\":\"https:\/\/edition-pow-pow-bucket.storage.googleapis.com\/wp-content\/uploads\/2023\/04\/club_sandwich_couv-2.jpg\",\"width\":450,\"height\":594},{\"@type\":\"BreadcrumbList\",\"@id\":\"https:\/\/editionspowpow.com\/en\/produits\/club-sandwich\/#breadcrumb\",\"itemListElement\":[{\"@type\":\"ListItem\",\"position\":1,\"name\":\"Home\",\"item\":\"https:\/\/editionspowpow.com\/en\/\"},{\"@type\":\"ListItem\",\"position\":2,\"name\":\"Shop\",\"item\":\"https:\/\/editionspowpow.com\/en\/shop\/\"},{\"@type\":\"ListItem\",\"position\":3,\"name\":\"Club sandwich\"}]},{\"@type\":\"WebSite\",\"@id\":\"https:\/\/editionspowpow.com\/en\/#website\",\"url\":\"https:\/\/editionspowpow.com\/en\/\",\"name\":\"\u00c9ditions Pow Pow\",\"description\":\"\",\"publisher\":{\"@id\":\"https:\/\/editionspowpow.com\/en\/#organization\"},\"potentialAction\":[{\"@type\":\"SearchAction\",\"target\":{\"@type\":\"EntryPoint\",\"urlTemplate\":\"https:\/\/editionspowpow.com\/en\/?s={search_term_string}\"},\"query-input\":{\"@type\":\"PropertyValueSpecification\",\"valueRequired\":true,\"valueName\":\"search_term_string\"}}],\"inLanguage\":\"en-US\"},{\"@type\":\"Organization\",\"@id\":\"https:\/\/editionspowpow.com\/en\/#organization\",\"name\":\"\u00c9ditions Pow Pow\",\"url\":\"https:\/\/editionspowpow.com\/en\/\",\"logo\":{\"@type\":\"ImageObject\",\"inLanguage\":\"en-US\",\"@id\":\"https:\/\/editionspowpow.com\/en\/#\/schema\/logo\/image\/\",\"url\":\"https:\/\/edition-pow-pow-bucket.storage.googleapis.com\/wp-content\/uploads\/2024\/03\/logo_site_pow_pow_VERTICAL.png\",\"contentUrl\":\"https:\/\/edition-pow-pow-bucket.storage.googleapis.com\/wp-content\/uploads\/2024\/03\/logo_site_pow_pow_VERTICAL.png\",\"width\":1600,\"height\":1200,\"caption\":\"\u00c9ditions Pow Pow\"},\"image\":{\"@id\":\"https:\/\/editionspowpow.com\/en\/#\/schema\/logo\/image\/\"},\"sameAs\":[\"https:\/\/www.facebook.com\/editionspowpow\",\"https:\/\/x.com\/editionspowpow\"]}]}<\/script>\n<!-- \/ Yoast SEO plugin. -->","yoast_head_json":{"title":"Club sandwich - \u00c9ditions Pow Pow","robots":{"index":"index","follow":"follow","max-snippet":"max-snippet:-1","max-image-preview":"max-image-preview:large","max-video-preview":"max-video-preview:-1"},"canonical":"https:\/\/editionspowpow.com\/en\/produits\/club-sandwich\/","og_locale":"en_US","og_type":"article","og_title":"Club sandwich - \u00c9ditions Pow Pow","og_description":"Les 24 heures de la bande dessin\u00e9e d\u2019Angoul\u00eame, c\u2019est un peu comme les Olympiques du neuvi\u00e8me art. L\u2019\u00e9preuve est simple: l\u2019auteur doit dessiner une histoire de 24 pages en 24 heures. \u00c7a ne lui donne pas beaucoup de temps pour manger, respirer ou s\u2019en faire avec sa sant\u00e9 mentale. Apr\u00e8s un marathon comme celui-l\u00e0, y [&hellip;]","og_url":"https:\/\/editionspowpow.com\/en\/produits\/club-sandwich\/","og_site_name":"\u00c9ditions Pow Pow","article_publisher":"https:\/\/www.facebook.com\/editionspowpow","article_modified_time":"2026-02-09T15:33:47+00:00","og_image":[{"width":450,"height":594,"url":"https:\/\/edition-pow-pow-bucket.storage.googleapis.com\/wp-content\/uploads\/2023\/04\/club_sandwich_couv-2.jpg","type":"image\/jpeg"}],"twitter_card":"summary_large_image","twitter_site":"@editionspowpow","twitter_misc":{"Est. reading time":"1 minute"},"schema":{"@context":"https:\/\/schema.org","@graph":[{"@type":"WebPage","@id":"https:\/\/editionspowpow.com\/en\/produits\/club-sandwich\/","url":"https:\/\/editionspowpow.com\/en\/produits\/club-sandwich\/","name":"Club sandwich - \u00c9ditions Pow Pow","isPartOf":{"@id":"https:\/\/editionspowpow.com\/en\/#website"},"primaryImageOfPage":{"@id":"https:\/\/editionspowpow.com\/en\/produits\/club-sandwich\/#primaryimage"},"image":{"@id":"https:\/\/editionspowpow.com\/en\/produits\/club-sandwich\/#primaryimage"},"thumbnailUrl":"https:\/\/edition-pow-pow-bucket.storage.googleapis.com\/wp-content\/uploads\/2023\/04\/club_sandwich_couv-2.jpg","datePublished":"2023-04-17T18:12:18+00:00","dateModified":"2026-02-09T15:33:47+00:00","breadcrumb":{"@id":"https:\/\/editionspowpow.com\/en\/produits\/club-sandwich\/#breadcrumb"},"inLanguage":"en-US","potentialAction":[{"@type":"ReadAction","target":["https:\/\/editionspowpow.com\/en\/produits\/club-sandwich\/"]}]},{"@type":"ImageObject","inLanguage":"en-US","@id":"https:\/\/editionspowpow.com\/en\/produits\/club-sandwich\/#primaryimage","url":"https:\/\/edition-pow-pow-bucket.storage.googleapis.com\/wp-content\/uploads\/2023\/04\/club_sandwich_couv-2.jpg","contentUrl":"https:\/\/edition-pow-pow-bucket.storage.googleapis.com\/wp-content\/uploads\/2023\/04\/club_sandwich_couv-2.jpg","width":450,"height":594},{"@type":"BreadcrumbList","@id":"https:\/\/editionspowpow.com\/en\/produits\/club-sandwich\/#breadcrumb","itemListElement":[{"@type":"ListItem","position":1,"name":"Home","item":"https:\/\/editionspowpow.com\/en\/"},{"@type":"ListItem","position":2,"name":"Shop","item":"https:\/\/editionspowpow.com\/en\/shop\/"},{"@type":"ListItem","position":3,"name":"Club sandwich"}]},{"@type":"WebSite","@id":"https:\/\/editionspowpow.com\/en\/#website","url":"https:\/\/editionspowpow.com\/en\/","name":"\u00c9ditions Pow Pow","description":"","publisher":{"@id":"https:\/\/editionspowpow.com\/en\/#organization"},"potentialAction":[{"@type":"SearchAction","target":{"@type":"EntryPoint","urlTemplate":"https:\/\/editionspowpow.com\/en\/?s={search_term_string}"},"query-input":{"@type":"PropertyValueSpecification","valueRequired":true,"valueName":"search_term_string"}}],"inLanguage":"en-US"},{"@type":"Organization","@id":"https:\/\/editionspowpow.com\/en\/#organization","name":"\u00c9ditions Pow Pow","url":"https:\/\/editionspowpow.com\/en\/","logo":{"@type":"ImageObject","inLanguage":"en-US","@id":"https:\/\/editionspowpow.com\/en\/#\/schema\/logo\/image\/","url":"https:\/\/edition-pow-pow-bucket.storage.googleapis.com\/wp-content\/uploads\/2024\/03\/logo_site_pow_pow_VERTICAL.png","contentUrl":"https:\/\/edition-pow-pow-bucket.storage.googleapis.com\/wp-content\/uploads\/2024\/03\/logo_site_pow_pow_VERTICAL.png","width":1600,"height":1200,"caption":"\u00c9ditions Pow Pow"},"image":{"@id":"https:\/\/editionspowpow.com\/en\/#\/schema\/logo\/image\/"},"sameAs":["https:\/\/www.facebook.com\/editionspowpow","https:\/\/x.com\/editionspowpow"]}]}},"_links":{"self":[{"href":"https:\/\/editionspowpow.com\/en\/wp-json\/wp\/v2\/product\/23607","targetHints":{"allow":["GET"]}}],"collection":[{"href":"https:\/\/editionspowpow.com\/en\/wp-json\/wp\/v2\/product"}],"about":[{"href":"https:\/\/editionspowpow.com\/en\/wp-json\/wp\/v2\/types\/product"}],"wp:featuredmedia":[{"embeddable":true,"href":"https:\/\/editionspowpow.com\/en\/wp-json\/wp\/v2\/media\/1172"}],"wp:attachment":[{"href":"https:\/\/editionspowpow.com\/en\/wp-json\/wp\/v2\/media?parent=23607"}],"wp:term":[{"taxonomy":"product_brand","embeddable":true,"href":"https:\/\/editionspowpow.com\/en\/wp-json\/wp\/v2\/product_brand?post=23607"},{"taxonomy":"product_cat","embeddable":true,"href":"https:\/\/editionspowpow.com\/en\/wp-json\/wp\/v2\/product_cat?post=23607"},{"taxonomy":"product_tag","embeddable":true,"href":"https:\/\/editionspowpow.com\/en\/wp-json\/wp\/v2\/product_tag?post=23607"}],"curies":[{"name":"wp","href":"https:\/\/api.w.org\/{rel}","templated":true}]}}