{"id":23609,"date":"2023-04-17T14:17:20","date_gmt":"2023-04-17T18:17:20","guid":{"rendered":"https:\/\/editionspowpow.com\/boutique\/coquelicots-dirak\/"},"modified":"2026-02-09T11:33:42","modified_gmt":"2026-02-09T15:33:42","slug":"coquelicots-dirak","status":"publish","type":"product","link":"https:\/\/editionspowpow.com\/en\/produits\/coquelicots-dirak\/","title":{"rendered":"Coquelicots d&#8217;Irak"},"content":{"rendered":"<p>Au moment o\u00f9 l\u2019histoire\u00a0de l\u2019Irak s\u2019efface \u00e0 l\u2019explosif\u00a0et les m\u00e9moires s\u2019estompent peu \u00e0 peu,\u00a0ce r\u00e9cit recueille les souvenirs d\u2019une fillette,\u00a0d\u2019une famille et de tout un pays.<\/p>\n","protected":false},"excerpt":{"rendered":"<p>Au moment o\u00f9 l\u2019histoire\u00a0de l\u2019Irak s\u2019efface \u00e0 l\u2019explosif\u00a0et les m\u00e9moires s\u2019estompent peu \u00e0 peu,\u00a0ce r\u00e9cit recueille les souvenirs d\u2019une fillette,\u00a0d\u2019une famille et de tout un pays.<\/p>\n","protected":false},"featured_media":1175,"template":"","meta":{"_acf_changed":false},"product_brand":[],"product_cat":[271],"product_tag":[261,269,327],"class_list":{"0":"post-23609","1":"product","2":"type-product","3":"status-publish","4":"has-post-thumbnail","6":"wc_square_synced-yes","7":"product_cat-comic","8":"product_tag-documentary","9":"product_tag-historical","10":"product_tag-recit-intime-en","11":"product_shipping_class-format-standard-en","13":"first","14":"instock","15":"taxable","16":"shipping-taxable","17":"purchasable","18":"product-type-simple"},"acf":{"language":"fr","other_language_products":"","authors":[{"author_title":22391,"is_custom_job_title":true,"job_titles":[273,178]},{"author_title":22423,"is_custom_job_title":true,"job_titles":[177]}],"total_pages":116,"isbn":"978-2-924049-36-5","release_date":"20160901","other_release_dates":null,"has_product_excerpt":true,"button_excerpt_position":"left","accent_color":"#D44929","awards":null,"comments":[{"content":"Le couple signe une fabuleuse autobiographie dessin\u00e9e et un t\u00e9moignage intelligent, pr\u00e9cieux, sur l\u2019Irak d\u2019avant.","credit_group":{"content":"France Inter, 19 ao\u00fbt 2016","link":"https:\/\/www.radiofrance.fr\/franceinter\/coquelicots-d-irak-l-irak-d-avant-en-bd-8292468","is_external_link":true}},{"content":"Un r\u00e9cit \u00e0 la fois attachant et d\u00e9chirant.","credit_group":{"content":"Les Inrocks, 23 ao\u00fbt 2016","link":"https:\/\/www.lesinrocks.com\/livres\/coquelicots-dirak-histoire-dun-deracinement-61388-23-08-2016\/","is_external_link":true}},{"content":"<em>Coquelicots d\u2019Irak<\/em> est le roman graphique de cette rentr\u00e9e BD. Stylis\u00e9 et po\u00e9tique, c\u2019est un album d\u00e9licat qui met en perspective les souvenirs d\u2019une enfance irakienne, sa culture et son \u00e9rudition, face \u00e0 la barbarie de l\u2019actualit\u00e9.","credit_group":{"content":"Le Figaro, 31 ao\u00fbt 2016","link":"https:\/\/www.lefigaro.fr\/bd\/2016\/08\/31\/03014-20160831ARTFIG00028-stylisee-poetique-coquelicots-d-irak-est-la-bd-de-la-rentree.php","is_external_link":true}},{"content":"Un coup de ma\u00eetres. \u2605\u2605\u2605\u2605\u2605","credit_group":{"content":"Culture BD, 9 septembre 2016","link":"https:\/\/zoolemag.com\/album-bd\/208646-coquelicots-d-irak","is_external_link":true}},{"content":"Ce captivant r\u00e9cit de vie propose une parfaite alchimie entre les \u00e9l\u00e9ments g\u00e9opolitiques, \u00adhistoriques et sociologiques.","credit_group":{"content":"Le Journal de Montr\u00e9al, 10 septembre 2016","link":"https:\/\/www.journaldemontreal.com\/2016\/09\/10\/lenfer-est-ketchup","is_external_link":true}},{"content":"Tour \u00e0 tour touchant, dr\u00f4le et d\u00e9rangeant. \u2605\u2605\u2605\u2605","credit_group":{"content":"Le Soleil, 1 octobre 2016","link":"","is_external_link":false}},{"content":"La plus irr\u00e9sistible surprise de la rentr\u00e9e.","credit_group":{"content":"L\u2019actualit\u00e9, 3 octobre 2016","link":"https:\/\/lactualite.com\/culture\/une-enfance-irakienne\/","is_external_link":true}},{"content":"Souvenirs et anecdotes de jeunesse pimentent ce r\u00e9cit du quotidien o\u00f9 les traditions se heurtent encore et toujours au d\u00e9sir de modernit\u00e9. \u2605\u2605\u2605\u2605","credit_group":{"content":"La Presse, 5 octobre 2016","link":"https:\/\/www.lapresse.ca\/arts\/livres\/201610\/05\/01-5027614-coquelicots-dirak-la-vie-en-irak-.php","is_external_link":true}},{"content":"C\u2019est un gros, gros, gros coup de c\u0153ur. On tombe en amour imm\u00e9diatement avec ce roman graphique.","credit_group":{"content":"Plus on est de fous, plus on lit! (Radio-Canada), 25 octobre 2016","link":"","is_external_link":false}}],"video_gallery":null},"yoast_head":"<!-- This site is optimized with the Yoast SEO plugin v26.9 - https:\/\/yoast.com\/product\/yoast-seo-wordpress\/ -->\n<title>Coquelicots d&#039;Irak - \u00c9ditions Pow Pow<\/title>\n<meta name=\"robots\" content=\"index, follow, max-snippet:-1, max-image-preview:large, max-video-preview:-1\" \/>\n<link rel=\"canonical\" href=\"https:\/\/editionspowpow.com\/en\/produits\/coquelicots-dirak\/\" \/>\n<meta property=\"og:locale\" content=\"en_US\" \/>\n<meta property=\"og:type\" content=\"article\" \/>\n<meta property=\"og:title\" content=\"Coquelicots d&#039;Irak - \u00c9ditions Pow Pow\" \/>\n<meta property=\"og:description\" content=\"Au moment o\u00f9 l\u2019histoire\u00a0de l\u2019Irak s\u2019efface \u00e0 l\u2019explosif\u00a0et les m\u00e9moires s\u2019estompent peu \u00e0 peu,\u00a0ce r\u00e9cit recueille les souvenirs d\u2019une fillette,\u00a0d\u2019une famille et de tout un pays.\" \/>\n<meta property=\"og:url\" content=\"https:\/\/editionspowpow.com\/en\/produits\/coquelicots-dirak\/\" \/>\n<meta property=\"og:site_name\" content=\"\u00c9ditions Pow Pow\" \/>\n<meta property=\"article:publisher\" content=\"https:\/\/www.facebook.com\/editionspowpow\" \/>\n<meta property=\"article:modified_time\" content=\"2026-02-09T15:33:42+00:00\" \/>\n<meta property=\"og:image\" content=\"https:\/\/edition-pow-pow-bucket.storage.googleapis.com\/wp-content\/uploads\/2023\/04\/coquelicots_couv3-2.jpg\" \/>\n\t<meta property=\"og:image:width\" content=\"450\" \/>\n\t<meta property=\"og:image:height\" content=\"594\" \/>\n\t<meta property=\"og:image:type\" content=\"image\/jpeg\" \/>\n<meta name=\"twitter:card\" content=\"summary_large_image\" \/>\n<meta name=\"twitter:site\" content=\"@editionspowpow\" \/>\n<meta name=\"twitter:label1\" content=\"Est. reading time\" \/>\n\t<meta name=\"twitter:data1\" content=\"1 minute\" \/>\n<script type=\"application\/ld+json\" class=\"yoast-schema-graph\">{\"@context\":\"https:\/\/schema.org\",\"@graph\":[{\"@type\":\"WebPage\",\"@id\":\"https:\/\/editionspowpow.com\/en\/produits\/coquelicots-dirak\/\",\"url\":\"https:\/\/editionspowpow.com\/en\/produits\/coquelicots-dirak\/\",\"name\":\"Coquelicots d'Irak - \u00c9ditions Pow Pow\",\"isPartOf\":{\"@id\":\"https:\/\/editionspowpow.com\/en\/#website\"},\"primaryImageOfPage\":{\"@id\":\"https:\/\/editionspowpow.com\/en\/produits\/coquelicots-dirak\/#primaryimage\"},\"image\":{\"@id\":\"https:\/\/editionspowpow.com\/en\/produits\/coquelicots-dirak\/#primaryimage\"},\"thumbnailUrl\":\"https:\/\/edition-pow-pow-bucket.storage.googleapis.com\/wp-content\/uploads\/2023\/04\/coquelicots_couv3-2.jpg\",\"datePublished\":\"2023-04-17T18:17:20+00:00\",\"dateModified\":\"2026-02-09T15:33:42+00:00\",\"breadcrumb\":{\"@id\":\"https:\/\/editionspowpow.com\/en\/produits\/coquelicots-dirak\/#breadcrumb\"},\"inLanguage\":\"en-US\",\"potentialAction\":[{\"@type\":\"ReadAction\",\"target\":[\"https:\/\/editionspowpow.com\/en\/produits\/coquelicots-dirak\/\"]}]},{\"@type\":\"ImageObject\",\"inLanguage\":\"en-US\",\"@id\":\"https:\/\/editionspowpow.com\/en\/produits\/coquelicots-dirak\/#primaryimage\",\"url\":\"https:\/\/edition-pow-pow-bucket.storage.googleapis.com\/wp-content\/uploads\/2023\/04\/coquelicots_couv3-2.jpg\",\"contentUrl\":\"https:\/\/edition-pow-pow-bucket.storage.googleapis.com\/wp-content\/uploads\/2023\/04\/coquelicots_couv3-2.jpg\",\"width\":450,\"height\":594},{\"@type\":\"BreadcrumbList\",\"@id\":\"https:\/\/editionspowpow.com\/en\/produits\/coquelicots-dirak\/#breadcrumb\",\"itemListElement\":[{\"@type\":\"ListItem\",\"position\":1,\"name\":\"Home\",\"item\":\"https:\/\/editionspowpow.com\/en\/\"},{\"@type\":\"ListItem\",\"position\":2,\"name\":\"Shop\",\"item\":\"https:\/\/editionspowpow.com\/en\/shop\/\"},{\"@type\":\"ListItem\",\"position\":3,\"name\":\"Coquelicots d&rsquo;Irak\"}]},{\"@type\":\"WebSite\",\"@id\":\"https:\/\/editionspowpow.com\/en\/#website\",\"url\":\"https:\/\/editionspowpow.com\/en\/\",\"name\":\"\u00c9ditions Pow Pow\",\"description\":\"\",\"publisher\":{\"@id\":\"https:\/\/editionspowpow.com\/en\/#organization\"},\"potentialAction\":[{\"@type\":\"SearchAction\",\"target\":{\"@type\":\"EntryPoint\",\"urlTemplate\":\"https:\/\/editionspowpow.com\/en\/?s={search_term_string}\"},\"query-input\":{\"@type\":\"PropertyValueSpecification\",\"valueRequired\":true,\"valueName\":\"search_term_string\"}}],\"inLanguage\":\"en-US\"},{\"@type\":\"Organization\",\"@id\":\"https:\/\/editionspowpow.com\/en\/#organization\",\"name\":\"\u00c9ditions Pow Pow\",\"url\":\"https:\/\/editionspowpow.com\/en\/\",\"logo\":{\"@type\":\"ImageObject\",\"inLanguage\":\"en-US\",\"@id\":\"https:\/\/editionspowpow.com\/en\/#\/schema\/logo\/image\/\",\"url\":\"https:\/\/edition-pow-pow-bucket.storage.googleapis.com\/wp-content\/uploads\/2024\/03\/logo_site_pow_pow_VERTICAL.png\",\"contentUrl\":\"https:\/\/edition-pow-pow-bucket.storage.googleapis.com\/wp-content\/uploads\/2024\/03\/logo_site_pow_pow_VERTICAL.png\",\"width\":1600,\"height\":1200,\"caption\":\"\u00c9ditions Pow Pow\"},\"image\":{\"@id\":\"https:\/\/editionspowpow.com\/en\/#\/schema\/logo\/image\/\"},\"sameAs\":[\"https:\/\/www.facebook.com\/editionspowpow\",\"https:\/\/x.com\/editionspowpow\"]}]}<\/script>\n<!-- \/ Yoast SEO plugin. -->","yoast_head_json":{"title":"Coquelicots d'Irak - \u00c9ditions Pow Pow","robots":{"index":"index","follow":"follow","max-snippet":"max-snippet:-1","max-image-preview":"max-image-preview:large","max-video-preview":"max-video-preview:-1"},"canonical":"https:\/\/editionspowpow.com\/en\/produits\/coquelicots-dirak\/","og_locale":"en_US","og_type":"article","og_title":"Coquelicots d'Irak - \u00c9ditions Pow Pow","og_description":"Au moment o\u00f9 l\u2019histoire\u00a0de l\u2019Irak s\u2019efface \u00e0 l\u2019explosif\u00a0et les m\u00e9moires s\u2019estompent peu \u00e0 peu,\u00a0ce r\u00e9cit recueille les souvenirs d\u2019une fillette,\u00a0d\u2019une famille et de tout un pays.","og_url":"https:\/\/editionspowpow.com\/en\/produits\/coquelicots-dirak\/","og_site_name":"\u00c9ditions Pow Pow","article_publisher":"https:\/\/www.facebook.com\/editionspowpow","article_modified_time":"2026-02-09T15:33:42+00:00","og_image":[{"width":450,"height":594,"url":"https:\/\/edition-pow-pow-bucket.storage.googleapis.com\/wp-content\/uploads\/2023\/04\/coquelicots_couv3-2.jpg","type":"image\/jpeg"}],"twitter_card":"summary_large_image","twitter_site":"@editionspowpow","twitter_misc":{"Est. reading time":"1 minute"},"schema":{"@context":"https:\/\/schema.org","@graph":[{"@type":"WebPage","@id":"https:\/\/editionspowpow.com\/en\/produits\/coquelicots-dirak\/","url":"https:\/\/editionspowpow.com\/en\/produits\/coquelicots-dirak\/","name":"Coquelicots d'Irak - \u00c9ditions Pow Pow","isPartOf":{"@id":"https:\/\/editionspowpow.com\/en\/#website"},"primaryImageOfPage":{"@id":"https:\/\/editionspowpow.com\/en\/produits\/coquelicots-dirak\/#primaryimage"},"image":{"@id":"https:\/\/editionspowpow.com\/en\/produits\/coquelicots-dirak\/#primaryimage"},"thumbnailUrl":"https:\/\/edition-pow-pow-bucket.storage.googleapis.com\/wp-content\/uploads\/2023\/04\/coquelicots_couv3-2.jpg","datePublished":"2023-04-17T18:17:20+00:00","dateModified":"2026-02-09T15:33:42+00:00","breadcrumb":{"@id":"https:\/\/editionspowpow.com\/en\/produits\/coquelicots-dirak\/#breadcrumb"},"inLanguage":"en-US","potentialAction":[{"@type":"ReadAction","target":["https:\/\/editionspowpow.com\/en\/produits\/coquelicots-dirak\/"]}]},{"@type":"ImageObject","inLanguage":"en-US","@id":"https:\/\/editionspowpow.com\/en\/produits\/coquelicots-dirak\/#primaryimage","url":"https:\/\/edition-pow-pow-bucket.storage.googleapis.com\/wp-content\/uploads\/2023\/04\/coquelicots_couv3-2.jpg","contentUrl":"https:\/\/edition-pow-pow-bucket.storage.googleapis.com\/wp-content\/uploads\/2023\/04\/coquelicots_couv3-2.jpg","width":450,"height":594},{"@type":"BreadcrumbList","@id":"https:\/\/editionspowpow.com\/en\/produits\/coquelicots-dirak\/#breadcrumb","itemListElement":[{"@type":"ListItem","position":1,"name":"Home","item":"https:\/\/editionspowpow.com\/en\/"},{"@type":"ListItem","position":2,"name":"Shop","item":"https:\/\/editionspowpow.com\/en\/shop\/"},{"@type":"ListItem","position":3,"name":"Coquelicots d&rsquo;Irak"}]},{"@type":"WebSite","@id":"https:\/\/editionspowpow.com\/en\/#website","url":"https:\/\/editionspowpow.com\/en\/","name":"\u00c9ditions Pow Pow","description":"","publisher":{"@id":"https:\/\/editionspowpow.com\/en\/#organization"},"potentialAction":[{"@type":"SearchAction","target":{"@type":"EntryPoint","urlTemplate":"https:\/\/editionspowpow.com\/en\/?s={search_term_string}"},"query-input":{"@type":"PropertyValueSpecification","valueRequired":true,"valueName":"search_term_string"}}],"inLanguage":"en-US"},{"@type":"Organization","@id":"https:\/\/editionspowpow.com\/en\/#organization","name":"\u00c9ditions Pow Pow","url":"https:\/\/editionspowpow.com\/en\/","logo":{"@type":"ImageObject","inLanguage":"en-US","@id":"https:\/\/editionspowpow.com\/en\/#\/schema\/logo\/image\/","url":"https:\/\/edition-pow-pow-bucket.storage.googleapis.com\/wp-content\/uploads\/2024\/03\/logo_site_pow_pow_VERTICAL.png","contentUrl":"https:\/\/edition-pow-pow-bucket.storage.googleapis.com\/wp-content\/uploads\/2024\/03\/logo_site_pow_pow_VERTICAL.png","width":1600,"height":1200,"caption":"\u00c9ditions Pow Pow"},"image":{"@id":"https:\/\/editionspowpow.com\/en\/#\/schema\/logo\/image\/"},"sameAs":["https:\/\/www.facebook.com\/editionspowpow","https:\/\/x.com\/editionspowpow"]}]}},"_links":{"self":[{"href":"https:\/\/editionspowpow.com\/en\/wp-json\/wp\/v2\/product\/23609","targetHints":{"allow":["GET"]}}],"collection":[{"href":"https:\/\/editionspowpow.com\/en\/wp-json\/wp\/v2\/product"}],"about":[{"href":"https:\/\/editionspowpow.com\/en\/wp-json\/wp\/v2\/types\/product"}],"wp:featuredmedia":[{"embeddable":true,"href":"https:\/\/editionspowpow.com\/en\/wp-json\/wp\/v2\/media\/1175"}],"wp:attachment":[{"href":"https:\/\/editionspowpow.com\/en\/wp-json\/wp\/v2\/media?parent=23609"}],"wp:term":[{"taxonomy":"product_brand","embeddable":true,"href":"https:\/\/editionspowpow.com\/en\/wp-json\/wp\/v2\/product_brand?post=23609"},{"taxonomy":"product_cat","embeddable":true,"href":"https:\/\/editionspowpow.com\/en\/wp-json\/wp\/v2\/product_cat?post=23609"},{"taxonomy":"product_tag","embeddable":true,"href":"https:\/\/editionspowpow.com\/en\/wp-json\/wp\/v2\/product_tag?post=23609"}],"curies":[{"name":"wp","href":"https:\/\/api.w.org\/{rel}","templated":true}]}}