{"id":23611,"date":"2023-04-17T14:12:19","date_gmt":"2023-04-17T18:12:19","guid":{"rendered":"https:\/\/editionspowpow.com\/boutique\/les-premiers-aviateurs\/"},"modified":"2026-02-09T11:33:46","modified_gmt":"2026-02-09T15:33:46","slug":"les-premiers-aviateurs","status":"publish","type":"product","link":"https:\/\/editionspowpow.com\/en\/produits\/les-premiers-aviateurs\/","title":{"rendered":"Les premiers aviateurs"},"content":{"rendered":"<p>On oublie souvent que l\u2019\u00e9chec occupe une place de choix dans l\u2019histoire de la r\u00e9ussite, et l\u2019\u00e9pop\u00e9e des premiers aviateurs ne fait certainement pas exception \u00e0 cette r\u00e8gle ancestrale. Le pr\u00e9sent ouvrage retrace les grandes lignes de l\u2019histoire de l\u2019aviation en s\u2019int\u00e9ressant plus particuli\u00e8rement \u00e0 ses innombrables chutes ainsi qu\u2019\u00e0 la petite poulie qui fait que le r\u00eave tombe toujours en morceaux.<\/p>\n","protected":false},"excerpt":{"rendered":"<p>On oublie souvent que l\u2019\u00e9chec occupe une place de choix dans l\u2019histoire de la r\u00e9ussite, et l\u2019\u00e9pop\u00e9e des premiers aviateurs ne fait certainement pas exception \u00e0 cette r\u00e8gle ancestrale. Le pr\u00e9sent ouvrage retrace les grandes lignes de l\u2019histoire de l\u2019aviation en s\u2019int\u00e9ressant plus particuli\u00e8rement \u00e0 ses innombrables chutes ainsi qu\u2019\u00e0 la petite poulie qui fait [&hellip;]<\/p>\n","protected":false},"featured_media":1194,"template":"","meta":{"_acf_changed":false},"product_brand":[],"product_cat":[271],"product_tag":[269,314],"class_list":{"0":"post-23611","1":"product","2":"type-product","3":"status-publish","4":"has-post-thumbnail","6":"wc_square_synced-yes","7":"product_cat-comic","8":"product_tag-historical","9":"product_tag-humour-parodique-en","10":"product_shipping_class-format-standard-en","12":"first","13":"onbackorder","14":"taxable","15":"shipping-taxable","16":"purchasable","17":"product-type-simple"},"acf":{"language":"fr","other_language_products":"","authors":[{"author_title":22306,"is_custom_job_title":true,"job_titles":[178]},{"author_title":22292,"is_custom_job_title":true,"job_titles":[177]}],"total_pages":116,"isbn":"978-2-924049-37-2","release_date":"20161101","other_release_dates":[{"date":"20170315","country":"Europe"}],"has_product_excerpt":false,"button_excerpt_position":"gauche","accent_color":"#F9DD4B","awards":[{"content":"Finaliste \u2013\u00a0Grand prix de la ville de Qu\u00e9bec des B\u00e9d\u00e9is Causa 2017"},{"content":"Finaliste \u2013 Prix Expozine 2016 (Bande dessin\u00e9e francophone)"}],"comments":[{"content":"Il n\u2019y avait qu\u2019Alexandre Fontaine Rousseau et Francis Desharnais pour avoir le culot de faire de la glorieuse conqu\u00eate de l\u2019air une hilarante com\u00e9die des erreurs \u2013 en qu\u00e9b\u00e9cois, surtout.","credit_group":{"content":"L\u2019actualit\u00e9, 1 d\u00e9cembre 2016","link":"","is_external_link":false}},{"content":"Exemplaire et divertissant.","credit_group":{"content":"Le Devoir, 3 d\u00e9cembre 2016","link":"https:\/\/www.ledevoir.com\/lire\/486132\/les-premiers-aviateurs-alexandre-fontaine-rousseau-et-francis-desharnais","is_external_link":true}},{"content":"Une proposition originale et audacieuse.","credit_group":{"content":"BD Gest\u2019, 12 d\u00e9cembre 2016","link":"https:\/\/www.bdgest.com\/chronique-7612-BD-Les-premiers-aviateurs-Les-premiers-aviateurs.html","is_external_link":true}},{"content":"Le d\u00e9sastre \u00e0 venir est la condition de possibilit\u00e9 du livre, mais il est aussi ce qui devrait en attirer plusieurs vers cette bande dessin\u00e9e effront\u00e9e qui m\u00eale adroitement la rigueur et la d\u00e9sinvolture.","credit_group":{"content":"Spirale, 13 janvier 2017","link":"http:\/\/www.magazine-spirale.com\/article-dune-publication\/secraser-pour-raconter","is_external_link":true}},{"content":"L\u2019humour prend assur\u00e9ment le pas sur la v\u00e9rit\u00e9 historique.","credit_group":{"content":"Les Libraires, 1 f\u00e9vrier 2017","link":"https:\/\/revue.leslibraires.ca\/numeros\/","is_external_link":true}},{"content":"Un petit bijou d\u2019humour et d\u2019intelligence.","credit_group":{"content":"Bdm\u00e9trique, 10 f\u00e9vrier 2017","link":"https:\/\/bdmetrique.com\/2017\/02\/10\/les-premiers-aviateurs\/","is_external_link":true}}],"video_gallery":null},"yoast_head":"<!-- This site is optimized with the Yoast SEO plugin v26.9 - https:\/\/yoast.com\/product\/yoast-seo-wordpress\/ -->\n<title>Les premiers aviateurs - \u00c9ditions Pow Pow<\/title>\n<meta name=\"robots\" content=\"index, follow, max-snippet:-1, max-image-preview:large, max-video-preview:-1\" \/>\n<link rel=\"canonical\" href=\"https:\/\/editionspowpow.com\/en\/produits\/les-premiers-aviateurs\/\" \/>\n<meta property=\"og:locale\" content=\"en_US\" \/>\n<meta property=\"og:type\" content=\"article\" \/>\n<meta property=\"og:title\" content=\"Les premiers aviateurs - \u00c9ditions Pow Pow\" \/>\n<meta property=\"og:description\" content=\"On oublie souvent que l\u2019\u00e9chec occupe une place de choix dans l\u2019histoire de la r\u00e9ussite, et l\u2019\u00e9pop\u00e9e des premiers aviateurs ne fait certainement pas exception \u00e0 cette r\u00e8gle ancestrale. Le pr\u00e9sent ouvrage retrace les grandes lignes de l\u2019histoire de l\u2019aviation en s\u2019int\u00e9ressant plus particuli\u00e8rement \u00e0 ses innombrables chutes ainsi qu\u2019\u00e0 la petite poulie qui fait [&hellip;]\" \/>\n<meta property=\"og:url\" content=\"https:\/\/editionspowpow.com\/en\/produits\/les-premiers-aviateurs\/\" \/>\n<meta property=\"og:site_name\" content=\"\u00c9ditions Pow Pow\" \/>\n<meta property=\"article:publisher\" content=\"https:\/\/www.facebook.com\/editionspowpow\" \/>\n<meta property=\"article:modified_time\" content=\"2026-02-09T15:33:46+00:00\" \/>\n<meta property=\"og:image\" content=\"https:\/\/edition-pow-pow-bucket.storage.googleapis.com\/wp-content\/uploads\/2023\/04\/premiers_aviateurs_couv_01-2.jpg\" \/>\n\t<meta property=\"og:image:width\" content=\"450\" \/>\n\t<meta property=\"og:image:height\" content=\"594\" \/>\n\t<meta property=\"og:image:type\" content=\"image\/jpeg\" \/>\n<meta name=\"twitter:card\" content=\"summary_large_image\" \/>\n<meta name=\"twitter:site\" content=\"@editionspowpow\" \/>\n<meta name=\"twitter:label1\" content=\"Est. reading time\" \/>\n\t<meta name=\"twitter:data1\" content=\"1 minute\" \/>\n<script type=\"application\/ld+json\" class=\"yoast-schema-graph\">{\"@context\":\"https:\/\/schema.org\",\"@graph\":[{\"@type\":\"WebPage\",\"@id\":\"https:\/\/editionspowpow.com\/en\/produits\/les-premiers-aviateurs\/\",\"url\":\"https:\/\/editionspowpow.com\/en\/produits\/les-premiers-aviateurs\/\",\"name\":\"Les premiers aviateurs - \u00c9ditions Pow Pow\",\"isPartOf\":{\"@id\":\"https:\/\/editionspowpow.com\/en\/#website\"},\"primaryImageOfPage\":{\"@id\":\"https:\/\/editionspowpow.com\/en\/produits\/les-premiers-aviateurs\/#primaryimage\"},\"image\":{\"@id\":\"https:\/\/editionspowpow.com\/en\/produits\/les-premiers-aviateurs\/#primaryimage\"},\"thumbnailUrl\":\"https:\/\/edition-pow-pow-bucket.storage.googleapis.com\/wp-content\/uploads\/2023\/04\/premiers_aviateurs_couv_01-2.jpg\",\"datePublished\":\"2023-04-17T18:12:19+00:00\",\"dateModified\":\"2026-02-09T15:33:46+00:00\",\"breadcrumb\":{\"@id\":\"https:\/\/editionspowpow.com\/en\/produits\/les-premiers-aviateurs\/#breadcrumb\"},\"inLanguage\":\"en-US\",\"potentialAction\":[{\"@type\":\"ReadAction\",\"target\":[\"https:\/\/editionspowpow.com\/en\/produits\/les-premiers-aviateurs\/\"]}]},{\"@type\":\"ImageObject\",\"inLanguage\":\"en-US\",\"@id\":\"https:\/\/editionspowpow.com\/en\/produits\/les-premiers-aviateurs\/#primaryimage\",\"url\":\"https:\/\/edition-pow-pow-bucket.storage.googleapis.com\/wp-content\/uploads\/2023\/04\/premiers_aviateurs_couv_01-2.jpg\",\"contentUrl\":\"https:\/\/edition-pow-pow-bucket.storage.googleapis.com\/wp-content\/uploads\/2023\/04\/premiers_aviateurs_couv_01-2.jpg\",\"width\":450,\"height\":594},{\"@type\":\"BreadcrumbList\",\"@id\":\"https:\/\/editionspowpow.com\/en\/produits\/les-premiers-aviateurs\/#breadcrumb\",\"itemListElement\":[{\"@type\":\"ListItem\",\"position\":1,\"name\":\"Home\",\"item\":\"https:\/\/editionspowpow.com\/en\/\"},{\"@type\":\"ListItem\",\"position\":2,\"name\":\"Shop\",\"item\":\"https:\/\/editionspowpow.com\/en\/shop\/\"},{\"@type\":\"ListItem\",\"position\":3,\"name\":\"Les premiers aviateurs\"}]},{\"@type\":\"WebSite\",\"@id\":\"https:\/\/editionspowpow.com\/en\/#website\",\"url\":\"https:\/\/editionspowpow.com\/en\/\",\"name\":\"\u00c9ditions Pow Pow\",\"description\":\"\",\"publisher\":{\"@id\":\"https:\/\/editionspowpow.com\/en\/#organization\"},\"potentialAction\":[{\"@type\":\"SearchAction\",\"target\":{\"@type\":\"EntryPoint\",\"urlTemplate\":\"https:\/\/editionspowpow.com\/en\/?s={search_term_string}\"},\"query-input\":{\"@type\":\"PropertyValueSpecification\",\"valueRequired\":true,\"valueName\":\"search_term_string\"}}],\"inLanguage\":\"en-US\"},{\"@type\":\"Organization\",\"@id\":\"https:\/\/editionspowpow.com\/en\/#organization\",\"name\":\"\u00c9ditions Pow Pow\",\"url\":\"https:\/\/editionspowpow.com\/en\/\",\"logo\":{\"@type\":\"ImageObject\",\"inLanguage\":\"en-US\",\"@id\":\"https:\/\/editionspowpow.com\/en\/#\/schema\/logo\/image\/\",\"url\":\"https:\/\/edition-pow-pow-bucket.storage.googleapis.com\/wp-content\/uploads\/2024\/03\/logo_site_pow_pow_VERTICAL.png\",\"contentUrl\":\"https:\/\/edition-pow-pow-bucket.storage.googleapis.com\/wp-content\/uploads\/2024\/03\/logo_site_pow_pow_VERTICAL.png\",\"width\":1600,\"height\":1200,\"caption\":\"\u00c9ditions Pow Pow\"},\"image\":{\"@id\":\"https:\/\/editionspowpow.com\/en\/#\/schema\/logo\/image\/\"},\"sameAs\":[\"https:\/\/www.facebook.com\/editionspowpow\",\"https:\/\/x.com\/editionspowpow\"]}]}<\/script>\n<!-- \/ Yoast SEO plugin. -->","yoast_head_json":{"title":"Les premiers aviateurs - \u00c9ditions Pow Pow","robots":{"index":"index","follow":"follow","max-snippet":"max-snippet:-1","max-image-preview":"max-image-preview:large","max-video-preview":"max-video-preview:-1"},"canonical":"https:\/\/editionspowpow.com\/en\/produits\/les-premiers-aviateurs\/","og_locale":"en_US","og_type":"article","og_title":"Les premiers aviateurs - \u00c9ditions Pow Pow","og_description":"On oublie souvent que l\u2019\u00e9chec occupe une place de choix dans l\u2019histoire de la r\u00e9ussite, et l\u2019\u00e9pop\u00e9e des premiers aviateurs ne fait certainement pas exception \u00e0 cette r\u00e8gle ancestrale. Le pr\u00e9sent ouvrage retrace les grandes lignes de l\u2019histoire de l\u2019aviation en s\u2019int\u00e9ressant plus particuli\u00e8rement \u00e0 ses innombrables chutes ainsi qu\u2019\u00e0 la petite poulie qui fait [&hellip;]","og_url":"https:\/\/editionspowpow.com\/en\/produits\/les-premiers-aviateurs\/","og_site_name":"\u00c9ditions Pow Pow","article_publisher":"https:\/\/www.facebook.com\/editionspowpow","article_modified_time":"2026-02-09T15:33:46+00:00","og_image":[{"width":450,"height":594,"url":"https:\/\/edition-pow-pow-bucket.storage.googleapis.com\/wp-content\/uploads\/2023\/04\/premiers_aviateurs_couv_01-2.jpg","type":"image\/jpeg"}],"twitter_card":"summary_large_image","twitter_site":"@editionspowpow","twitter_misc":{"Est. reading time":"1 minute"},"schema":{"@context":"https:\/\/schema.org","@graph":[{"@type":"WebPage","@id":"https:\/\/editionspowpow.com\/en\/produits\/les-premiers-aviateurs\/","url":"https:\/\/editionspowpow.com\/en\/produits\/les-premiers-aviateurs\/","name":"Les premiers aviateurs - \u00c9ditions Pow Pow","isPartOf":{"@id":"https:\/\/editionspowpow.com\/en\/#website"},"primaryImageOfPage":{"@id":"https:\/\/editionspowpow.com\/en\/produits\/les-premiers-aviateurs\/#primaryimage"},"image":{"@id":"https:\/\/editionspowpow.com\/en\/produits\/les-premiers-aviateurs\/#primaryimage"},"thumbnailUrl":"https:\/\/edition-pow-pow-bucket.storage.googleapis.com\/wp-content\/uploads\/2023\/04\/premiers_aviateurs_couv_01-2.jpg","datePublished":"2023-04-17T18:12:19+00:00","dateModified":"2026-02-09T15:33:46+00:00","breadcrumb":{"@id":"https:\/\/editionspowpow.com\/en\/produits\/les-premiers-aviateurs\/#breadcrumb"},"inLanguage":"en-US","potentialAction":[{"@type":"ReadAction","target":["https:\/\/editionspowpow.com\/en\/produits\/les-premiers-aviateurs\/"]}]},{"@type":"ImageObject","inLanguage":"en-US","@id":"https:\/\/editionspowpow.com\/en\/produits\/les-premiers-aviateurs\/#primaryimage","url":"https:\/\/edition-pow-pow-bucket.storage.googleapis.com\/wp-content\/uploads\/2023\/04\/premiers_aviateurs_couv_01-2.jpg","contentUrl":"https:\/\/edition-pow-pow-bucket.storage.googleapis.com\/wp-content\/uploads\/2023\/04\/premiers_aviateurs_couv_01-2.jpg","width":450,"height":594},{"@type":"BreadcrumbList","@id":"https:\/\/editionspowpow.com\/en\/produits\/les-premiers-aviateurs\/#breadcrumb","itemListElement":[{"@type":"ListItem","position":1,"name":"Home","item":"https:\/\/editionspowpow.com\/en\/"},{"@type":"ListItem","position":2,"name":"Shop","item":"https:\/\/editionspowpow.com\/en\/shop\/"},{"@type":"ListItem","position":3,"name":"Les premiers aviateurs"}]},{"@type":"WebSite","@id":"https:\/\/editionspowpow.com\/en\/#website","url":"https:\/\/editionspowpow.com\/en\/","name":"\u00c9ditions Pow Pow","description":"","publisher":{"@id":"https:\/\/editionspowpow.com\/en\/#organization"},"potentialAction":[{"@type":"SearchAction","target":{"@type":"EntryPoint","urlTemplate":"https:\/\/editionspowpow.com\/en\/?s={search_term_string}"},"query-input":{"@type":"PropertyValueSpecification","valueRequired":true,"valueName":"search_term_string"}}],"inLanguage":"en-US"},{"@type":"Organization","@id":"https:\/\/editionspowpow.com\/en\/#organization","name":"\u00c9ditions Pow Pow","url":"https:\/\/editionspowpow.com\/en\/","logo":{"@type":"ImageObject","inLanguage":"en-US","@id":"https:\/\/editionspowpow.com\/en\/#\/schema\/logo\/image\/","url":"https:\/\/edition-pow-pow-bucket.storage.googleapis.com\/wp-content\/uploads\/2024\/03\/logo_site_pow_pow_VERTICAL.png","contentUrl":"https:\/\/edition-pow-pow-bucket.storage.googleapis.com\/wp-content\/uploads\/2024\/03\/logo_site_pow_pow_VERTICAL.png","width":1600,"height":1200,"caption":"\u00c9ditions Pow Pow"},"image":{"@id":"https:\/\/editionspowpow.com\/en\/#\/schema\/logo\/image\/"},"sameAs":["https:\/\/www.facebook.com\/editionspowpow","https:\/\/x.com\/editionspowpow"]}]}},"_links":{"self":[{"href":"https:\/\/editionspowpow.com\/en\/wp-json\/wp\/v2\/product\/23611","targetHints":{"allow":["GET"]}}],"collection":[{"href":"https:\/\/editionspowpow.com\/en\/wp-json\/wp\/v2\/product"}],"about":[{"href":"https:\/\/editionspowpow.com\/en\/wp-json\/wp\/v2\/types\/product"}],"wp:featuredmedia":[{"embeddable":true,"href":"https:\/\/editionspowpow.com\/en\/wp-json\/wp\/v2\/media\/1194"}],"wp:attachment":[{"href":"https:\/\/editionspowpow.com\/en\/wp-json\/wp\/v2\/media?parent=23611"}],"wp:term":[{"taxonomy":"product_brand","embeddable":true,"href":"https:\/\/editionspowpow.com\/en\/wp-json\/wp\/v2\/product_brand?post=23611"},{"taxonomy":"product_cat","embeddable":true,"href":"https:\/\/editionspowpow.com\/en\/wp-json\/wp\/v2\/product_cat?post=23611"},{"taxonomy":"product_tag","embeddable":true,"href":"https:\/\/editionspowpow.com\/en\/wp-json\/wp\/v2\/product_tag?post=23611"}],"curies":[{"name":"wp","href":"https:\/\/api.w.org\/{rel}","templated":true}]}}