{"id":23632,"date":"2023-04-17T14:12:16","date_gmt":"2023-04-17T18:12:16","guid":{"rendered":"https:\/\/editionspowpow.com\/boutique\/yves-fidele-a-lui-meme\/"},"modified":"2026-02-09T11:33:50","modified_gmt":"2026-02-09T15:33:50","slug":"yves-fidele-a-lui-meme","status":"publish","type":"product","link":"https:\/\/editionspowpow.com\/en\/produits\/yves-fidele-a-lui-meme\/","title":{"rendered":"Yves, fid\u00e8le \u00e0 lui-m\u00eame"},"content":{"rendered":"<p>La vie a bien chang\u00e9 pour Yves, le roi de la cruise. Heureusement, il peut toujours compter sur son ami Michel pour lui expliquer les subtilit\u00e9s de la s\u00e9duction: \u00abVu que t\u2019es en couple pis que t\u2019es heureux, tu d\u00e9gages des ph\u00e9romones. \u00c7a attire les femmes. Je sais pas trop si c\u2019est un parfum ou une hormone, mais para\u00eet que \u00e7a marche.\u00bb<\/p>\n","protected":false},"excerpt":{"rendered":"<p>La vie a bien chang\u00e9 pour Yves, le roi de la cruise. Heureusement, il peut toujours compter sur son ami Michel pour lui expliquer les subtilit\u00e9s de la s\u00e9duction: \u00abVu que t\u2019es en couple pis que t\u2019es heureux, tu d\u00e9gages des ph\u00e9romones. \u00c7a attire les femmes. Je sais pas trop si c\u2019est un parfum ou [&hellip;]<\/p>\n","protected":false},"featured_media":1325,"template":"","meta":{"_acf_changed":false},"product_brand":[],"product_cat":[271],"product_tag":[314,266],"class_list":{"0":"post-23632","1":"product","2":"type-product","3":"status-publish","4":"has-post-thumbnail","6":"wc_square_synced-yes","7":"product_cat-comic","8":"product_tag-humour-parodique-en","9":"product_tag-love","10":"product_shipping_class-format-standard-en","12":"first","13":"instock","14":"taxable","15":"shipping-taxable","16":"purchasable","17":"product-type-simple"},"acf":{"language":"fr","other_language_products":"","authors":[{"author_title":22339,"is_custom_job_title":true,"job_titles":[178]},{"author_title":22335,"is_custom_job_title":true,"job_titles":[177]}],"total_pages":222,"isbn":"978-2-924049-10-5","release_date":"20180401","other_release_dates":[{"date":"20180505","country":"Europe"}],"has_product_excerpt":false,"button_excerpt_position":"left","accent_color":"#F9DD4B","awards":null,"comments":[{"content":"Simard et Boss\u00e9 livrent une brillante com\u00e9die romantique douce-am\u00e8re dans laquelle on reconna\u00eet des parcelles de notre propre l\u00e2chet\u00e9. Tout est m\u00e9ticuleusement dos\u00e9, tant dans les dialogues, d\u2019une justesse exemplaire, que dans le trait et la mise en sc\u00e8ne, \u00e9conomes et d\u2019une redoutable efficacit\u00e9.","credit_group":{"content":"Jean-Dominic Leduc, Les libraires, 9 avril 2018","link":"http:\/\/revue.leslibraires.ca\/chroniques\/bande-dessinee\/quand-l-amour-devore","is_external_link":true}},{"content":"Com\u00e9die en apparence banale sur les al\u00e9as d\u2019un couple cherchant \u00e0 survivre \u00e0 la fin de ses jours de passion, <em>Yves, fid\u00e8le \u00e0 lui-m\u00eame<\/em> raconte un monde plut\u00f4t d\u00e9primant o\u00f9 m\u00eame les bons gars ne savent r\u00e9sister \u00e0 la pression sociale du sexe qu\u2019il faudrait avoir avec le plus de partenaires possible. [\u2026] Un portrait d\u2019un impitoyable cynisme, adouci par le trait guilleret du dessinateur Luc Boss\u00e9.","credit_group":{"content":"Dominique Tardif, Le Devoir, 28 avril 2018","link":"https:\/\/www.ledevoir.com\/lire\/526271\/tout-le-monde-s-arrache-yves","is_external_link":true}},{"content":"Avec ce style minimaliste qui rappelle les dessins de Charles Schulz (<em>Peanuts<\/em>), Luc Boss\u00e9 nous transporte dans l\u2019univers d\u2019Yves, jeune homme en couple, qui r\u00e9alise avec stupeur et satisfaction qu\u2019il pla\u00eet aux filles. [\u2026] Avec humour, l\u00e9g\u00e8ret\u00e9 et peut-\u00eatre un chouia de machisme, Alexandre Simard jette un regard \u00e0 la fois tendre et cru sur la dure r\u00e9alit\u00e9 des relations amoureuses, avec ses grands espoirs et ses grandes d\u00e9ceptions.","credit_group":{"content":"Jean Siag, La Presse, 6 mai 2018","link":"https:\/\/plus.lapresse.ca\/screens\/7fe2bc41-8739-4732-be9b-ff658c7ff2c0__7C___0.html","is_external_link":true}}],"video_gallery":null},"yoast_head":"<!-- This site is optimized with the Yoast SEO plugin v26.9 - https:\/\/yoast.com\/product\/yoast-seo-wordpress\/ -->\n<title>Yves, fid\u00e8le \u00e0 lui-m\u00eame - \u00c9ditions Pow Pow<\/title>\n<meta name=\"robots\" content=\"index, follow, max-snippet:-1, max-image-preview:large, max-video-preview:-1\" \/>\n<link rel=\"canonical\" href=\"https:\/\/editionspowpow.com\/en\/produits\/yves-fidele-a-lui-meme\/\" \/>\n<meta property=\"og:locale\" content=\"en_US\" \/>\n<meta property=\"og:type\" content=\"article\" \/>\n<meta property=\"og:title\" content=\"Yves, fid\u00e8le \u00e0 lui-m\u00eame - \u00c9ditions Pow Pow\" \/>\n<meta property=\"og:description\" content=\"La vie a bien chang\u00e9 pour Yves, le roi de la cruise. Heureusement, il peut toujours compter sur son ami Michel pour lui expliquer les subtilit\u00e9s de la s\u00e9duction: \u00abVu que t\u2019es en couple pis que t\u2019es heureux, tu d\u00e9gages des ph\u00e9romones. \u00c7a attire les femmes. Je sais pas trop si c\u2019est un parfum ou [&hellip;]\" \/>\n<meta property=\"og:url\" content=\"https:\/\/editionspowpow.com\/en\/produits\/yves-fidele-a-lui-meme\/\" \/>\n<meta property=\"og:site_name\" content=\"\u00c9ditions Pow Pow\" \/>\n<meta property=\"article:publisher\" content=\"https:\/\/www.facebook.com\/editionspowpow\" \/>\n<meta property=\"article:modified_time\" content=\"2026-02-09T15:33:50+00:00\" \/>\n<meta property=\"og:image\" content=\"https:\/\/edition-pow-pow-bucket.storage.googleapis.com\/wp-content\/uploads\/2023\/04\/Capture-de%CC%81cran-2018-01-20-a%CC%80-00.41.57-2.png\" \/>\n\t<meta property=\"og:image:width\" content=\"623\" \/>\n\t<meta property=\"og:image:height\" content=\"823\" \/>\n\t<meta property=\"og:image:type\" content=\"image\/png\" \/>\n<meta name=\"twitter:card\" content=\"summary_large_image\" \/>\n<meta name=\"twitter:site\" content=\"@editionspowpow\" \/>\n<meta name=\"twitter:label1\" content=\"Est. reading time\" \/>\n\t<meta name=\"twitter:data1\" content=\"1 minute\" \/>\n<script type=\"application\/ld+json\" class=\"yoast-schema-graph\">{\"@context\":\"https:\/\/schema.org\",\"@graph\":[{\"@type\":\"WebPage\",\"@id\":\"https:\/\/editionspowpow.com\/en\/produits\/yves-fidele-a-lui-meme\/\",\"url\":\"https:\/\/editionspowpow.com\/en\/produits\/yves-fidele-a-lui-meme\/\",\"name\":\"Yves, fid\u00e8le \u00e0 lui-m\u00eame - \u00c9ditions Pow Pow\",\"isPartOf\":{\"@id\":\"https:\/\/editionspowpow.com\/en\/#website\"},\"primaryImageOfPage\":{\"@id\":\"https:\/\/editionspowpow.com\/en\/produits\/yves-fidele-a-lui-meme\/#primaryimage\"},\"image\":{\"@id\":\"https:\/\/editionspowpow.com\/en\/produits\/yves-fidele-a-lui-meme\/#primaryimage\"},\"thumbnailUrl\":\"https:\/\/edition-pow-pow-bucket.storage.googleapis.com\/wp-content\/uploads\/2023\/04\/Capture-de%CC%81cran-2018-01-20-a%CC%80-00.41.57-2.png\",\"datePublished\":\"2023-04-17T18:12:16+00:00\",\"dateModified\":\"2026-02-09T15:33:50+00:00\",\"breadcrumb\":{\"@id\":\"https:\/\/editionspowpow.com\/en\/produits\/yves-fidele-a-lui-meme\/#breadcrumb\"},\"inLanguage\":\"en-US\",\"potentialAction\":[{\"@type\":\"ReadAction\",\"target\":[\"https:\/\/editionspowpow.com\/en\/produits\/yves-fidele-a-lui-meme\/\"]}]},{\"@type\":\"ImageObject\",\"inLanguage\":\"en-US\",\"@id\":\"https:\/\/editionspowpow.com\/en\/produits\/yves-fidele-a-lui-meme\/#primaryimage\",\"url\":\"https:\/\/edition-pow-pow-bucket.storage.googleapis.com\/wp-content\/uploads\/2023\/04\/Capture-de%CC%81cran-2018-01-20-a%CC%80-00.41.57-2.png\",\"contentUrl\":\"https:\/\/edition-pow-pow-bucket.storage.googleapis.com\/wp-content\/uploads\/2023\/04\/Capture-de%CC%81cran-2018-01-20-a%CC%80-00.41.57-2.png\",\"width\":623,\"height\":823},{\"@type\":\"BreadcrumbList\",\"@id\":\"https:\/\/editionspowpow.com\/en\/produits\/yves-fidele-a-lui-meme\/#breadcrumb\",\"itemListElement\":[{\"@type\":\"ListItem\",\"position\":1,\"name\":\"Home\",\"item\":\"https:\/\/editionspowpow.com\/en\/\"},{\"@type\":\"ListItem\",\"position\":2,\"name\":\"Shop\",\"item\":\"https:\/\/editionspowpow.com\/en\/shop\/\"},{\"@type\":\"ListItem\",\"position\":3,\"name\":\"Yves, fid\u00e8le \u00e0 lui-m\u00eame\"}]},{\"@type\":\"WebSite\",\"@id\":\"https:\/\/editionspowpow.com\/en\/#website\",\"url\":\"https:\/\/editionspowpow.com\/en\/\",\"name\":\"\u00c9ditions Pow Pow\",\"description\":\"\",\"publisher\":{\"@id\":\"https:\/\/editionspowpow.com\/en\/#organization\"},\"potentialAction\":[{\"@type\":\"SearchAction\",\"target\":{\"@type\":\"EntryPoint\",\"urlTemplate\":\"https:\/\/editionspowpow.com\/en\/?s={search_term_string}\"},\"query-input\":{\"@type\":\"PropertyValueSpecification\",\"valueRequired\":true,\"valueName\":\"search_term_string\"}}],\"inLanguage\":\"en-US\"},{\"@type\":\"Organization\",\"@id\":\"https:\/\/editionspowpow.com\/en\/#organization\",\"name\":\"\u00c9ditions Pow Pow\",\"url\":\"https:\/\/editionspowpow.com\/en\/\",\"logo\":{\"@type\":\"ImageObject\",\"inLanguage\":\"en-US\",\"@id\":\"https:\/\/editionspowpow.com\/en\/#\/schema\/logo\/image\/\",\"url\":\"https:\/\/edition-pow-pow-bucket.storage.googleapis.com\/wp-content\/uploads\/2024\/03\/logo_site_pow_pow_VERTICAL.png\",\"contentUrl\":\"https:\/\/edition-pow-pow-bucket.storage.googleapis.com\/wp-content\/uploads\/2024\/03\/logo_site_pow_pow_VERTICAL.png\",\"width\":1600,\"height\":1200,\"caption\":\"\u00c9ditions Pow Pow\"},\"image\":{\"@id\":\"https:\/\/editionspowpow.com\/en\/#\/schema\/logo\/image\/\"},\"sameAs\":[\"https:\/\/www.facebook.com\/editionspowpow\",\"https:\/\/x.com\/editionspowpow\"]}]}<\/script>\n<!-- \/ Yoast SEO plugin. -->","yoast_head_json":{"title":"Yves, fid\u00e8le \u00e0 lui-m\u00eame - \u00c9ditions Pow Pow","robots":{"index":"index","follow":"follow","max-snippet":"max-snippet:-1","max-image-preview":"max-image-preview:large","max-video-preview":"max-video-preview:-1"},"canonical":"https:\/\/editionspowpow.com\/en\/produits\/yves-fidele-a-lui-meme\/","og_locale":"en_US","og_type":"article","og_title":"Yves, fid\u00e8le \u00e0 lui-m\u00eame - \u00c9ditions Pow Pow","og_description":"La vie a bien chang\u00e9 pour Yves, le roi de la cruise. Heureusement, il peut toujours compter sur son ami Michel pour lui expliquer les subtilit\u00e9s de la s\u00e9duction: \u00abVu que t\u2019es en couple pis que t\u2019es heureux, tu d\u00e9gages des ph\u00e9romones. \u00c7a attire les femmes. Je sais pas trop si c\u2019est un parfum ou [&hellip;]","og_url":"https:\/\/editionspowpow.com\/en\/produits\/yves-fidele-a-lui-meme\/","og_site_name":"\u00c9ditions Pow Pow","article_publisher":"https:\/\/www.facebook.com\/editionspowpow","article_modified_time":"2026-02-09T15:33:50+00:00","og_image":[{"width":623,"height":823,"url":"https:\/\/edition-pow-pow-bucket.storage.googleapis.com\/wp-content\/uploads\/2023\/04\/Capture-de%CC%81cran-2018-01-20-a%CC%80-00.41.57-2.png","type":"image\/png"}],"twitter_card":"summary_large_image","twitter_site":"@editionspowpow","twitter_misc":{"Est. reading time":"1 minute"},"schema":{"@context":"https:\/\/schema.org","@graph":[{"@type":"WebPage","@id":"https:\/\/editionspowpow.com\/en\/produits\/yves-fidele-a-lui-meme\/","url":"https:\/\/editionspowpow.com\/en\/produits\/yves-fidele-a-lui-meme\/","name":"Yves, fid\u00e8le \u00e0 lui-m\u00eame - \u00c9ditions Pow Pow","isPartOf":{"@id":"https:\/\/editionspowpow.com\/en\/#website"},"primaryImageOfPage":{"@id":"https:\/\/editionspowpow.com\/en\/produits\/yves-fidele-a-lui-meme\/#primaryimage"},"image":{"@id":"https:\/\/editionspowpow.com\/en\/produits\/yves-fidele-a-lui-meme\/#primaryimage"},"thumbnailUrl":"https:\/\/edition-pow-pow-bucket.storage.googleapis.com\/wp-content\/uploads\/2023\/04\/Capture-de%CC%81cran-2018-01-20-a%CC%80-00.41.57-2.png","datePublished":"2023-04-17T18:12:16+00:00","dateModified":"2026-02-09T15:33:50+00:00","breadcrumb":{"@id":"https:\/\/editionspowpow.com\/en\/produits\/yves-fidele-a-lui-meme\/#breadcrumb"},"inLanguage":"en-US","potentialAction":[{"@type":"ReadAction","target":["https:\/\/editionspowpow.com\/en\/produits\/yves-fidele-a-lui-meme\/"]}]},{"@type":"ImageObject","inLanguage":"en-US","@id":"https:\/\/editionspowpow.com\/en\/produits\/yves-fidele-a-lui-meme\/#primaryimage","url":"https:\/\/edition-pow-pow-bucket.storage.googleapis.com\/wp-content\/uploads\/2023\/04\/Capture-de%CC%81cran-2018-01-20-a%CC%80-00.41.57-2.png","contentUrl":"https:\/\/edition-pow-pow-bucket.storage.googleapis.com\/wp-content\/uploads\/2023\/04\/Capture-de%CC%81cran-2018-01-20-a%CC%80-00.41.57-2.png","width":623,"height":823},{"@type":"BreadcrumbList","@id":"https:\/\/editionspowpow.com\/en\/produits\/yves-fidele-a-lui-meme\/#breadcrumb","itemListElement":[{"@type":"ListItem","position":1,"name":"Home","item":"https:\/\/editionspowpow.com\/en\/"},{"@type":"ListItem","position":2,"name":"Shop","item":"https:\/\/editionspowpow.com\/en\/shop\/"},{"@type":"ListItem","position":3,"name":"Yves, fid\u00e8le \u00e0 lui-m\u00eame"}]},{"@type":"WebSite","@id":"https:\/\/editionspowpow.com\/en\/#website","url":"https:\/\/editionspowpow.com\/en\/","name":"\u00c9ditions Pow Pow","description":"","publisher":{"@id":"https:\/\/editionspowpow.com\/en\/#organization"},"potentialAction":[{"@type":"SearchAction","target":{"@type":"EntryPoint","urlTemplate":"https:\/\/editionspowpow.com\/en\/?s={search_term_string}"},"query-input":{"@type":"PropertyValueSpecification","valueRequired":true,"valueName":"search_term_string"}}],"inLanguage":"en-US"},{"@type":"Organization","@id":"https:\/\/editionspowpow.com\/en\/#organization","name":"\u00c9ditions Pow Pow","url":"https:\/\/editionspowpow.com\/en\/","logo":{"@type":"ImageObject","inLanguage":"en-US","@id":"https:\/\/editionspowpow.com\/en\/#\/schema\/logo\/image\/","url":"https:\/\/edition-pow-pow-bucket.storage.googleapis.com\/wp-content\/uploads\/2024\/03\/logo_site_pow_pow_VERTICAL.png","contentUrl":"https:\/\/edition-pow-pow-bucket.storage.googleapis.com\/wp-content\/uploads\/2024\/03\/logo_site_pow_pow_VERTICAL.png","width":1600,"height":1200,"caption":"\u00c9ditions Pow Pow"},"image":{"@id":"https:\/\/editionspowpow.com\/en\/#\/schema\/logo\/image\/"},"sameAs":["https:\/\/www.facebook.com\/editionspowpow","https:\/\/x.com\/editionspowpow"]}]}},"_links":{"self":[{"href":"https:\/\/editionspowpow.com\/en\/wp-json\/wp\/v2\/product\/23632","targetHints":{"allow":["GET"]}}],"collection":[{"href":"https:\/\/editionspowpow.com\/en\/wp-json\/wp\/v2\/product"}],"about":[{"href":"https:\/\/editionspowpow.com\/en\/wp-json\/wp\/v2\/types\/product"}],"wp:featuredmedia":[{"embeddable":true,"href":"https:\/\/editionspowpow.com\/en\/wp-json\/wp\/v2\/media\/1325"}],"wp:attachment":[{"href":"https:\/\/editionspowpow.com\/en\/wp-json\/wp\/v2\/media?parent=23632"}],"wp:term":[{"taxonomy":"product_brand","embeddable":true,"href":"https:\/\/editionspowpow.com\/en\/wp-json\/wp\/v2\/product_brand?post=23632"},{"taxonomy":"product_cat","embeddable":true,"href":"https:\/\/editionspowpow.com\/en\/wp-json\/wp\/v2\/product_cat?post=23632"},{"taxonomy":"product_tag","embeddable":true,"href":"https:\/\/editionspowpow.com\/en\/wp-json\/wp\/v2\/product_tag?post=23632"}],"curies":[{"name":"wp","href":"https:\/\/api.w.org\/{rel}","templated":true}]}}