{"id":23636,"date":"2023-04-17T14:12:19","date_gmt":"2023-04-17T18:12:19","guid":{"rendered":"https:\/\/editionspowpow.com\/boutique\/la-petite-russie\/"},"modified":"2026-02-09T11:33:47","modified_gmt":"2026-02-09T15:33:47","slug":"la-petite-russie","status":"publish","type":"product","link":"https:\/\/editionspowpow.com\/en\/produits\/la-petite-russie\/","title":{"rendered":"La petite Russie"},"content":{"rendered":"<p>C&#8217;est une histoire de la colonisation de l&#8217;Abitibi. Un portrait d&#8217;hommes et de femmes qui ont tout quitt\u00e9 pour aller s&#8217;installer dans le Nord. Le r\u00e9cit d&#8217;un petit village qui s&#8217;appelle Guyenne. Sauf que Guyenne n\u2019est pas une paroisse comme les autres. C\u2019est une coop\u00e9rative. Le bois que tu coupes l\u00e0 ne t\u2019appartient pas et la coop garde 50% de ton salaire pour financer le d\u00e9veloppement de la colonie. Dans le coin, il y en a qui appellent cet endroit, \u00abla petite Russie\u00bb. C\u2019est l\u00e0 que Marcel et Antoinette vont vivre durant vingt ans.<\/p>\n","protected":false},"excerpt":{"rendered":"<p>C&#8217;est une histoire de la colonisation de l&#8217;Abitibi. Un portrait d&#8217;hommes et de femmes qui ont tout quitt\u00e9 pour aller s&#8217;installer dans le Nord. Le r\u00e9cit d&#8217;un petit village qui s&#8217;appelle Guyenne. Sauf que Guyenne n\u2019est pas une paroisse comme les autres. C\u2019est une coop\u00e9rative. Le bois que tu coupes l\u00e0 ne t\u2019appartient pas et [&hellip;]<\/p>\n","protected":false},"featured_media":1382,"template":"","meta":{"_acf_changed":false},"product_brand":[],"product_cat":[271],"product_tag":[261,269,339],"class_list":{"0":"post-23636","1":"product","2":"type-product","3":"status-publish","4":"has-post-thumbnail","6":"wc_square_synced-yes","7":"product_cat-comic","8":"product_tag-documentary","9":"product_tag-historical","10":"product_tag-terroir-en-3","11":"product_shipping_class-format-standard-en","13":"first","14":"instock","15":"taxable","16":"shipping-taxable","17":"purchasable","18":"product-type-simple"},"acf":{"language":"fr","other_language_products":[19541],"authors":[{"author_title":22292,"is_custom_job_title":false,"job_titles":[]}],"total_pages":180,"isbn":"978-2-924049-53-2","release_date":"20181001","other_release_dates":[{"date":"20190118","country":"Europe"}],"has_product_excerpt":false,"button_excerpt_position":"left","accent_color":"#00A1D5","awards":[{"content":"Prix des libraires du Qu\u00e9bec 2019 (Bande dessin\u00e9e s\u00e9lection Qu\u00e9bec)"},{"content":"Prix de la critique ACBD de la bande dessin\u00e9e qu\u00e9b\u00e9coise 2019"},{"content":"Grand prix de la ville de Qu\u00e9bec des B\u00e9d\u00e9is Causa 2019"},{"content":"Prix BD des coll\u00e9giens 2019"},{"content":"Prix BD du Salon du livre de Trois-Rivi\u00e8res 2019"},{"content":"Une ville, un livre 2020 \u2014\u00a0Qu\u00e9bec, ville de litt\u00e9rature UNESCO"},{"content":"Les libraires conseillent \u2014 S\u00e9lection de novembre 2018"}],"comments":[{"content":"M\u00eame si le graphiste de formation a fait ses preuves depuis fort longtemps, <em>La petite Russie<\/em> est la pi\u00e8ce ma\u00eetresse de sa bibliographie, qui l\u2019\u00e9l\u00e8ve incontestablement au rang d\u2019auteur consacr\u00e9 du neuvi\u00e8me art national.","credit_group":{"content":"Le Journal de Montr\u00e9al, 6 octobre 2018","link":"https:\/\/www.journaldemontreal.com\/2018\/10\/06\/lhistoire-avec-un-grand-h","is_external_link":true}},{"content":"Avec <em>La petite Russie,<\/em> Francis Desharnais signe sans doute son \u0153uvre la plus grandiose, charg\u00e9e d\u2019histoire et d\u2019\u00e9motion.","credit_group":{"content":"Voir, 22 octobre 2018","link":"https:\/\/voir.ca\/livres\/2018\/10\/22\/francis-desharnais-la-petite-russie\/","is_external_link":true}},{"content":"L\u2019auteur nous offre un r\u00e9cit \u00e9mouvant, rempli de femmes fortes et de fiers d\u00e9fricheurs, trop souvent oubli\u00e9s par les livres d\u2019histoire.","credit_group":{"content":"La Presse, 25 octobre 2018","link":"https:\/\/www.lapresse.ca\/arts\/livres\/critiques-de-livres\/201810\/25\/01-5201708-la-petite-russie-russie-en-abitibi-12.php","is_external_link":true}},{"content":"Un moyen efficace de d\u00e9couvrir un pan de l\u2019histoire du Qu\u00e9bec souvent m\u00e9connu.","credit_group":{"content":"Sophie lit, 8 novembre 2018","link":"http:\/\/sophielit.ca\/critique.php?id=2036","is_external_link":true}},{"content":"Avec son livre, Francis Desharnais revendique la place unique de Guyenne dans un imaginaire territorial assimilant trop souvent la ville au progr\u00e8s et les r\u00e9gions, au conservatisme.","credit_group":{"content":"Le Devoir, 10 novembre 2018","link":"https:\/\/www.ledevoir.com\/culture\/541040\/sortir-du-bois-avec-francis-desharnais","is_external_link":true}},{"content":"C\u2019est magnifique, <em>La petite Russie,<\/em> il faut que les gens la lisent!","credit_group":{"content":"Marie-Louise Arsenault, Plus on est de fous, plus on lit! (Radio-Canada), 3 d\u00e9cembre 2018","link":"","is_external_link":false}},{"content":"Francis Desharnais signe avec <em>La petite Russie<\/em> son livre le plus abouti. Creusant dans sa propre histoire familiale, il offre un r\u00e9cit passionnant, mettant en lumi\u00e8re un \u00e9pisode m\u00e9connu de l\u2019histoire qu\u00e9b\u00e9coise.","credit_group":{"content":"Comit\u00e9 de s\u00e9lection du Prix des libraires du Qu\u00e9bec, 17 mai 2019","link":"https:\/\/prixdeslibraires.qc.ca\/zoom-demo\/?bigtitle=Laur%C3%A9ats%202019%20-%20Bande%20dessin%C3%A9e%20Qu%C3%A9bec&firstid=3139&theme=bd&book_id_list=a%3A1%3A%7Bi%3A0%3Bi%3A3139%3B%7D","is_external_link":true}}],"video_gallery":[{"video_url":"https:\/\/www.youtube.com\/watch?v=ebRbtdTZzjI","title":"La petite Russie <br>\u2014 Francis Desharnais","video_preview":20656,"video_duration":"1:26"}]},"yoast_head":"<!-- This site is optimized with the Yoast SEO plugin v26.9 - https:\/\/yoast.com\/product\/yoast-seo-wordpress\/ -->\n<title>La petite Russie - \u00c9ditions Pow Pow<\/title>\n<meta name=\"robots\" content=\"index, follow, max-snippet:-1, max-image-preview:large, max-video-preview:-1\" \/>\n<link rel=\"canonical\" href=\"https:\/\/editionspowpow.com\/en\/produits\/la-petite-russie\/\" \/>\n<meta property=\"og:locale\" content=\"en_US\" \/>\n<meta property=\"og:type\" content=\"article\" \/>\n<meta property=\"og:title\" content=\"La petite Russie - \u00c9ditions Pow Pow\" \/>\n<meta property=\"og:description\" content=\"C&#8217;est une histoire de la colonisation de l&#8217;Abitibi. Un portrait d&#8217;hommes et de femmes qui ont tout quitt\u00e9 pour aller s&#8217;installer dans le Nord. Le r\u00e9cit d&#8217;un petit village qui s&#8217;appelle Guyenne. Sauf que Guyenne n\u2019est pas une paroisse comme les autres. C\u2019est une coop\u00e9rative. Le bois que tu coupes l\u00e0 ne t\u2019appartient pas et [&hellip;]\" \/>\n<meta property=\"og:url\" content=\"https:\/\/editionspowpow.com\/en\/produits\/la-petite-russie\/\" \/>\n<meta property=\"og:site_name\" content=\"\u00c9ditions Pow Pow\" \/>\n<meta property=\"article:publisher\" content=\"https:\/\/www.facebook.com\/editionspowpow\" \/>\n<meta property=\"article:modified_time\" content=\"2026-02-09T15:33:47+00:00\" \/>\n<meta property=\"og:image\" content=\"https:\/\/edition-pow-pow-bucket.storage.googleapis.com\/wp-content\/uploads\/2023\/04\/Couverture_petite_russie-2.jpg\" \/>\n\t<meta property=\"og:image:width\" content=\"624\" \/>\n\t<meta property=\"og:image:height\" content=\"824\" \/>\n\t<meta property=\"og:image:type\" content=\"image\/jpeg\" \/>\n<meta name=\"twitter:card\" content=\"summary_large_image\" \/>\n<meta name=\"twitter:site\" content=\"@editionspowpow\" \/>\n<meta name=\"twitter:label1\" content=\"Est. reading time\" \/>\n\t<meta name=\"twitter:data1\" content=\"1 minute\" \/>\n<script type=\"application\/ld+json\" class=\"yoast-schema-graph\">{\"@context\":\"https:\/\/schema.org\",\"@graph\":[{\"@type\":\"WebPage\",\"@id\":\"https:\/\/editionspowpow.com\/en\/produits\/la-petite-russie\/\",\"url\":\"https:\/\/editionspowpow.com\/en\/produits\/la-petite-russie\/\",\"name\":\"La petite Russie - \u00c9ditions Pow Pow\",\"isPartOf\":{\"@id\":\"https:\/\/editionspowpow.com\/en\/#website\"},\"primaryImageOfPage\":{\"@id\":\"https:\/\/editionspowpow.com\/en\/produits\/la-petite-russie\/#primaryimage\"},\"image\":{\"@id\":\"https:\/\/editionspowpow.com\/en\/produits\/la-petite-russie\/#primaryimage\"},\"thumbnailUrl\":\"https:\/\/edition-pow-pow-bucket.storage.googleapis.com\/wp-content\/uploads\/2023\/04\/Couverture_petite_russie-2.jpg\",\"datePublished\":\"2023-04-17T18:12:19+00:00\",\"dateModified\":\"2026-02-09T15:33:47+00:00\",\"breadcrumb\":{\"@id\":\"https:\/\/editionspowpow.com\/en\/produits\/la-petite-russie\/#breadcrumb\"},\"inLanguage\":\"en-US\",\"potentialAction\":[{\"@type\":\"ReadAction\",\"target\":[\"https:\/\/editionspowpow.com\/en\/produits\/la-petite-russie\/\"]}]},{\"@type\":\"ImageObject\",\"inLanguage\":\"en-US\",\"@id\":\"https:\/\/editionspowpow.com\/en\/produits\/la-petite-russie\/#primaryimage\",\"url\":\"https:\/\/edition-pow-pow-bucket.storage.googleapis.com\/wp-content\/uploads\/2023\/04\/Couverture_petite_russie-2.jpg\",\"contentUrl\":\"https:\/\/edition-pow-pow-bucket.storage.googleapis.com\/wp-content\/uploads\/2023\/04\/Couverture_petite_russie-2.jpg\",\"width\":624,\"height\":824},{\"@type\":\"BreadcrumbList\",\"@id\":\"https:\/\/editionspowpow.com\/en\/produits\/la-petite-russie\/#breadcrumb\",\"itemListElement\":[{\"@type\":\"ListItem\",\"position\":1,\"name\":\"Home\",\"item\":\"https:\/\/editionspowpow.com\/en\/\"},{\"@type\":\"ListItem\",\"position\":2,\"name\":\"Shop\",\"item\":\"https:\/\/editionspowpow.com\/en\/shop\/\"},{\"@type\":\"ListItem\",\"position\":3,\"name\":\"La petite Russie\"}]},{\"@type\":\"WebSite\",\"@id\":\"https:\/\/editionspowpow.com\/en\/#website\",\"url\":\"https:\/\/editionspowpow.com\/en\/\",\"name\":\"\u00c9ditions Pow Pow\",\"description\":\"\",\"publisher\":{\"@id\":\"https:\/\/editionspowpow.com\/en\/#organization\"},\"potentialAction\":[{\"@type\":\"SearchAction\",\"target\":{\"@type\":\"EntryPoint\",\"urlTemplate\":\"https:\/\/editionspowpow.com\/en\/?s={search_term_string}\"},\"query-input\":{\"@type\":\"PropertyValueSpecification\",\"valueRequired\":true,\"valueName\":\"search_term_string\"}}],\"inLanguage\":\"en-US\"},{\"@type\":\"Organization\",\"@id\":\"https:\/\/editionspowpow.com\/en\/#organization\",\"name\":\"\u00c9ditions Pow Pow\",\"url\":\"https:\/\/editionspowpow.com\/en\/\",\"logo\":{\"@type\":\"ImageObject\",\"inLanguage\":\"en-US\",\"@id\":\"https:\/\/editionspowpow.com\/en\/#\/schema\/logo\/image\/\",\"url\":\"https:\/\/edition-pow-pow-bucket.storage.googleapis.com\/wp-content\/uploads\/2024\/03\/logo_site_pow_pow_VERTICAL.png\",\"contentUrl\":\"https:\/\/edition-pow-pow-bucket.storage.googleapis.com\/wp-content\/uploads\/2024\/03\/logo_site_pow_pow_VERTICAL.png\",\"width\":1600,\"height\":1200,\"caption\":\"\u00c9ditions Pow Pow\"},\"image\":{\"@id\":\"https:\/\/editionspowpow.com\/en\/#\/schema\/logo\/image\/\"},\"sameAs\":[\"https:\/\/www.facebook.com\/editionspowpow\",\"https:\/\/x.com\/editionspowpow\"]}]}<\/script>\n<!-- \/ Yoast SEO plugin. -->","yoast_head_json":{"title":"La petite Russie - \u00c9ditions Pow Pow","robots":{"index":"index","follow":"follow","max-snippet":"max-snippet:-1","max-image-preview":"max-image-preview:large","max-video-preview":"max-video-preview:-1"},"canonical":"https:\/\/editionspowpow.com\/en\/produits\/la-petite-russie\/","og_locale":"en_US","og_type":"article","og_title":"La petite Russie - \u00c9ditions Pow Pow","og_description":"C&#8217;est une histoire de la colonisation de l&#8217;Abitibi. Un portrait d&#8217;hommes et de femmes qui ont tout quitt\u00e9 pour aller s&#8217;installer dans le Nord. Le r\u00e9cit d&#8217;un petit village qui s&#8217;appelle Guyenne. Sauf que Guyenne n\u2019est pas une paroisse comme les autres. C\u2019est une coop\u00e9rative. Le bois que tu coupes l\u00e0 ne t\u2019appartient pas et [&hellip;]","og_url":"https:\/\/editionspowpow.com\/en\/produits\/la-petite-russie\/","og_site_name":"\u00c9ditions Pow Pow","article_publisher":"https:\/\/www.facebook.com\/editionspowpow","article_modified_time":"2026-02-09T15:33:47+00:00","og_image":[{"width":624,"height":824,"url":"https:\/\/edition-pow-pow-bucket.storage.googleapis.com\/wp-content\/uploads\/2023\/04\/Couverture_petite_russie-2.jpg","type":"image\/jpeg"}],"twitter_card":"summary_large_image","twitter_site":"@editionspowpow","twitter_misc":{"Est. reading time":"1 minute"},"schema":{"@context":"https:\/\/schema.org","@graph":[{"@type":"WebPage","@id":"https:\/\/editionspowpow.com\/en\/produits\/la-petite-russie\/","url":"https:\/\/editionspowpow.com\/en\/produits\/la-petite-russie\/","name":"La petite Russie - \u00c9ditions Pow Pow","isPartOf":{"@id":"https:\/\/editionspowpow.com\/en\/#website"},"primaryImageOfPage":{"@id":"https:\/\/editionspowpow.com\/en\/produits\/la-petite-russie\/#primaryimage"},"image":{"@id":"https:\/\/editionspowpow.com\/en\/produits\/la-petite-russie\/#primaryimage"},"thumbnailUrl":"https:\/\/edition-pow-pow-bucket.storage.googleapis.com\/wp-content\/uploads\/2023\/04\/Couverture_petite_russie-2.jpg","datePublished":"2023-04-17T18:12:19+00:00","dateModified":"2026-02-09T15:33:47+00:00","breadcrumb":{"@id":"https:\/\/editionspowpow.com\/en\/produits\/la-petite-russie\/#breadcrumb"},"inLanguage":"en-US","potentialAction":[{"@type":"ReadAction","target":["https:\/\/editionspowpow.com\/en\/produits\/la-petite-russie\/"]}]},{"@type":"ImageObject","inLanguage":"en-US","@id":"https:\/\/editionspowpow.com\/en\/produits\/la-petite-russie\/#primaryimage","url":"https:\/\/edition-pow-pow-bucket.storage.googleapis.com\/wp-content\/uploads\/2023\/04\/Couverture_petite_russie-2.jpg","contentUrl":"https:\/\/edition-pow-pow-bucket.storage.googleapis.com\/wp-content\/uploads\/2023\/04\/Couverture_petite_russie-2.jpg","width":624,"height":824},{"@type":"BreadcrumbList","@id":"https:\/\/editionspowpow.com\/en\/produits\/la-petite-russie\/#breadcrumb","itemListElement":[{"@type":"ListItem","position":1,"name":"Home","item":"https:\/\/editionspowpow.com\/en\/"},{"@type":"ListItem","position":2,"name":"Shop","item":"https:\/\/editionspowpow.com\/en\/shop\/"},{"@type":"ListItem","position":3,"name":"La petite Russie"}]},{"@type":"WebSite","@id":"https:\/\/editionspowpow.com\/en\/#website","url":"https:\/\/editionspowpow.com\/en\/","name":"\u00c9ditions Pow Pow","description":"","publisher":{"@id":"https:\/\/editionspowpow.com\/en\/#organization"},"potentialAction":[{"@type":"SearchAction","target":{"@type":"EntryPoint","urlTemplate":"https:\/\/editionspowpow.com\/en\/?s={search_term_string}"},"query-input":{"@type":"PropertyValueSpecification","valueRequired":true,"valueName":"search_term_string"}}],"inLanguage":"en-US"},{"@type":"Organization","@id":"https:\/\/editionspowpow.com\/en\/#organization","name":"\u00c9ditions Pow Pow","url":"https:\/\/editionspowpow.com\/en\/","logo":{"@type":"ImageObject","inLanguage":"en-US","@id":"https:\/\/editionspowpow.com\/en\/#\/schema\/logo\/image\/","url":"https:\/\/edition-pow-pow-bucket.storage.googleapis.com\/wp-content\/uploads\/2024\/03\/logo_site_pow_pow_VERTICAL.png","contentUrl":"https:\/\/edition-pow-pow-bucket.storage.googleapis.com\/wp-content\/uploads\/2024\/03\/logo_site_pow_pow_VERTICAL.png","width":1600,"height":1200,"caption":"\u00c9ditions Pow Pow"},"image":{"@id":"https:\/\/editionspowpow.com\/en\/#\/schema\/logo\/image\/"},"sameAs":["https:\/\/www.facebook.com\/editionspowpow","https:\/\/x.com\/editionspowpow"]}]}},"_links":{"self":[{"href":"https:\/\/editionspowpow.com\/en\/wp-json\/wp\/v2\/product\/23636","targetHints":{"allow":["GET"]}}],"collection":[{"href":"https:\/\/editionspowpow.com\/en\/wp-json\/wp\/v2\/product"}],"about":[{"href":"https:\/\/editionspowpow.com\/en\/wp-json\/wp\/v2\/types\/product"}],"acf:post":[{"embeddable":true,"href":"https:\/\/editionspowpow.com\/en\/wp-json\/wp\/v2\/product\/19541"}],"wp:featuredmedia":[{"embeddable":true,"href":"https:\/\/editionspowpow.com\/en\/wp-json\/wp\/v2\/media\/1382"}],"wp:attachment":[{"href":"https:\/\/editionspowpow.com\/en\/wp-json\/wp\/v2\/media?parent=23636"}],"wp:term":[{"taxonomy":"product_brand","embeddable":true,"href":"https:\/\/editionspowpow.com\/en\/wp-json\/wp\/v2\/product_brand?post=23636"},{"taxonomy":"product_cat","embeddable":true,"href":"https:\/\/editionspowpow.com\/en\/wp-json\/wp\/v2\/product_cat?post=23636"},{"taxonomy":"product_tag","embeddable":true,"href":"https:\/\/editionspowpow.com\/en\/wp-json\/wp\/v2\/product_tag?post=23636"}],"curies":[{"name":"wp","href":"https:\/\/api.w.org\/{rel}","templated":true}]}}