{"id":23646,"date":"2023-04-17T14:12:20","date_gmt":"2023-04-17T18:12:20","guid":{"rendered":"https:\/\/editionspowpow.com\/boutique\/les-petits-garcons\/"},"modified":"2026-02-09T11:33:45","modified_gmt":"2026-02-09T15:33:45","slug":"les-petits-garcons","status":"publish","type":"product","link":"https:\/\/editionspowpow.com\/en\/produits\/les-petits-garcons\/","title":{"rendered":"Les petits gar\u00e7ons"},"content":{"rendered":"<p>Apr\u00e8s un an sans donner de nouvelles, Nana d\u00e9boule dans l\u2019appartement de ses deux anciennes colocataires et amies. Ses motivations semblent simples: elle veut r\u00e9parer les pots cass\u00e9s et regagner leur confiance. Ce sera un peu plus compliqu\u00e9 que pr\u00e9vu.<\/p>\n<p><em>Les petits gar\u00e7ons<\/em> est un r\u00e9cit sur les al\u00e9as du d\u00e9but de l\u2019\u00e2ge adulte et sur les amiti\u00e9s qui nous brisent le c\u0153ur.<\/p>\n","protected":false},"excerpt":{"rendered":"<p>Apr\u00e8s un an sans donner de nouvelles, Nana d\u00e9boule dans l\u2019appartement de ses deux anciennes colocataires et amies. Ses motivations semblent simples: elle veut r\u00e9parer les pots cass\u00e9s et regagner leur confiance. Ce sera un peu plus compliqu\u00e9 que pr\u00e9vu. Les petits gar\u00e7ons est un r\u00e9cit sur les al\u00e9as du d\u00e9but de l\u2019\u00e2ge adulte et [&hellip;]<\/p>\n","protected":false},"featured_media":24174,"template":"","meta":{"_acf_changed":false},"product_brand":[],"product_cat":[271],"product_tag":[317,266,319,334,267],"class_list":{"0":"post-23646","1":"product","2":"type-product","3":"status-publish","4":"has-post-thumbnail","6":"wc_square_synced-yes","7":"product_cat-comic","8":"product_tag-lgbtq-en-2","9":"product_tag-love","10":"product_tag-recit-dapprentissage-en","11":"product_tag-sexualite-en","12":"product_tag-teenage","13":"product_shipping_class-format-standard-en","15":"first","16":"instock","17":"taxable","18":"shipping-taxable","19":"purchasable","20":"product-type-simple"},"acf":{"language":"fr","other_language_products":[19550],"authors":[{"author_title":22323,"is_custom_job_title":false,"job_titles":[]}],"total_pages":260,"isbn":"978-2-925114-45-1","release_date":"20241105","other_release_dates":[{"date":"20190920","country":"Europe"}],"has_product_excerpt":true,"button_excerpt_position":"left","accent_color":"#F9DD4B","awards":[{"content":"Prix B\u00e9d\u00e9lys Qu\u00e9bec 2019"},{"content":"Doug Wright Award for Best Book 2021 (pour la version anglaise)"},{"content":"Liste pr\u00e9liminaire du Prix des libraires du Qu\u00e9bec 2020 (Bande dessin\u00e9e s\u00e9lection Qu\u00e9bec)"},{"content":"Finaliste \u2013 Joe Shuster Awards 2020 (Best cartoonist)"},{"content":"Finaliste \u2013 Prix Expozine 2019 (BD francophone)"},{"content":"Finaliste \u2013 Prix BD des coll\u00e9giens 2019"},{"content":"Les libraires conseillent \u2013 S\u00e9lection d'ao\u00fbt 2019"}],"comments":[{"content":"Difficile de cerner le seul ingr\u00e9dient qui fait la r\u00e9ussite des <em>Petits gar\u00e7ons,<\/em> puisque sa qualit\u00e9 tient dans le parfait ensemble qu\u2019il constitue. \u2605\u2605\u2605\u2605\u2605","credit_group":{"content":"Lettres qu\u00e9b\u00e9coises, 1 juin 2019","link":"","is_external_link":true}},{"content":"B\u00e9dard explore une plus grande vari\u00e9t\u00e9 de th\u00e9matiques dans <em>Les petits gar\u00e7ons<\/em> que dans sa trilogie pr\u00e9c\u00e9dente, et ce en beaucoup moins de pages. Dans son \u00e9criture, elle fait montre d\u2019une capacit\u00e9 de synth\u00e8se impressionnante, et son dessin t\u00e9moigne d\u2019une grande amplitude.","credit_group":{"content":"Spirale, 16 mai 2019","link":"http:\/\/www.magazine-spirale.com\/article-dune-publication\/poussees-de-croissance?fbclid=IwAR26Uek_s77Cc7PZMAaN1yYClsSvsB8Ei3I8F99iRvnAu3n9gZoSYiCtwxI","is_external_link":true}},{"content":"Coup de coeur pour cet album de Sophie B\u00e9dard. \u2605\u2605\u2605\u2605","credit_group":{"content":"La Presse, 23 mai 2019","link":"https:\/\/www.lapresse.ca\/arts\/litterature\/2019-05-23\/quelques-bandes-dessinees-a-decouvrir","is_external_link":true}},{"content":"Cette attente de cinq ans, donc, en aura valu la peine. Parce que son plus r\u00e9cent ouvrage, <em>Les petits gar\u00e7ons,<\/em> nous permet de retrouver cette fa\u00e7on de mener un r\u00e9cit qui a l\u2019air, de prime abord, banal, mais qui d\u00e9montre au fond une compr\u00e9hension des subtilit\u00e9s de la palette des \u00e9motions ressenties lorsque l\u2019on est jeune adulte.","credit_group":{"content":"Le Devoir, 1 juin 2019","link":"https:\/\/www.ledevoir.com\/lire\/555657\/les-petits-garcons-vivre-a-trois","is_external_link":true}},{"content":"B\u00e9dard manie habillement la langue qu\u00e9b\u00e9coise contemporaine parl\u00e9e, abordant ce mat\u00e9riau avec doigt\u00e9, verve et d\u00e9complexions. <em>Les petits gar\u00e7ons<\/em> figurera assur\u00e9ment au sommet des titres qu\u00e9b\u00e9cois de l\u2019ann\u00e9e 2019.","credit_group":{"content":"Le Journal de Montr\u00e9al, 16 juin 2019","link":"https:\/\/www.journaldemontreal.com\/2019\/06\/16\/retour-aux-sources","is_external_link":true}},{"content":"Le r\u00e9cit se r\u00e9v\u00e8le peu \u00e0 peu comme une tranche de vie entre trois vieilles amies, penchant autant du c\u00f4t\u00e9 du r\u00e9cit dramatique que de celui de <em>Seinfeld<\/em> et de <em>Girls.<\/em> C\u2019est \u00e0 ce moment d\u2019ailleurs que Sophie B\u00e9dard est \u00e0 son meilleur et elle fait mouche avec plusieurs sc\u00e8nes hilarantes.","credit_group":{"content":"Bdm\u00e9trique, 21 juin 2019","link":"https:\/\/bdmetrique.com\/2019\/06\/21\/le-retour-de-lhomme-qui-a-lu-lhomme-qui-a-lu-lours\/#more-3615","is_external_link":true}},{"content":"L\u2019humour mordant capture bien les malaises et c\u00e9l\u00e8bre les personnages dans toute leur imperfection.","credit_group":{"content":"Les M\u00e9connus, 24 juillet 2019","link":"https:\/\/amongthereef.com\/","is_external_link":true}},{"content":"Dans ce roman graphique, la place peu importante qu\u2019on accorde trop souvent aux personnages f\u00e9minins est renvers\u00e9e pour nous surprendre, nous faire rire et nous faire r\u00e9fl\u00e9chir.","credit_group":{"content":"Les Libraires, 1 ao\u00fbt 2019","link":"https:\/\/revue.leslibraires.ca\/actualites\/les-libraires-conseillent\/les-libraires-conseillent-aout-2019\/","is_external_link":true}},{"content":"<em>Les petits gar\u00e7ons<\/em> de Sophie B\u00e9dard est un roman graphique \u00e0 la fois dr\u00f4le, touchant et cruellement juste sur les d\u00e9sillusions de l\u2019\u00e2ge adulte.","credit_group":{"content":"Le Suricate, Soraya Belghazi, 15 juin 2025","link":"https:\/\/www.lesuricate.org\/les-petits-garcons\/","is_external_link":true}}],"video_gallery":null},"yoast_head":"<!-- This site is optimized with the Yoast SEO plugin v26.9 - https:\/\/yoast.com\/product\/yoast-seo-wordpress\/ -->\n<title>Les petits gar\u00e7ons - \u00c9ditions Pow Pow<\/title>\n<meta name=\"robots\" content=\"index, follow, max-snippet:-1, max-image-preview:large, max-video-preview:-1\" \/>\n<link rel=\"canonical\" href=\"https:\/\/editionspowpow.com\/en\/produits\/les-petits-garcons\/\" \/>\n<meta property=\"og:locale\" content=\"en_US\" \/>\n<meta property=\"og:type\" content=\"article\" \/>\n<meta property=\"og:title\" content=\"Les petits gar\u00e7ons - \u00c9ditions Pow Pow\" \/>\n<meta property=\"og:description\" content=\"Apr\u00e8s un an sans donner de nouvelles, Nana d\u00e9boule dans l\u2019appartement de ses deux anciennes colocataires et amies. Ses motivations semblent simples: elle veut r\u00e9parer les pots cass\u00e9s et regagner leur confiance. Ce sera un peu plus compliqu\u00e9 que pr\u00e9vu. Les petits gar\u00e7ons est un r\u00e9cit sur les al\u00e9as du d\u00e9but de l\u2019\u00e2ge adulte et [&hellip;]\" \/>\n<meta property=\"og:url\" content=\"https:\/\/editionspowpow.com\/en\/produits\/les-petits-garcons\/\" \/>\n<meta property=\"og:site_name\" content=\"\u00c9ditions Pow Pow\" \/>\n<meta property=\"article:publisher\" content=\"https:\/\/www.facebook.com\/editionspowpow\" \/>\n<meta property=\"article:modified_time\" content=\"2026-02-09T15:33:45+00:00\" \/>\n<meta property=\"og:image\" content=\"https:\/\/edition-pow-pow-bucket.storage.googleapis.com\/wp-content\/uploads\/2023\/04\/POW_couverture_petits_garcons_RGB.jpg\" \/>\n\t<meta property=\"og:image:width\" content=\"1455\" \/>\n\t<meta property=\"og:image:height\" content=\"1920\" \/>\n\t<meta property=\"og:image:type\" content=\"image\/jpeg\" \/>\n<meta name=\"twitter:card\" content=\"summary_large_image\" \/>\n<meta name=\"twitter:site\" content=\"@editionspowpow\" \/>\n<meta name=\"twitter:label1\" content=\"Est. reading time\" \/>\n\t<meta name=\"twitter:data1\" content=\"1 minute\" \/>\n<script type=\"application\/ld+json\" class=\"yoast-schema-graph\">{\"@context\":\"https:\/\/schema.org\",\"@graph\":[{\"@type\":\"WebPage\",\"@id\":\"https:\/\/editionspowpow.com\/en\/produits\/les-petits-garcons\/\",\"url\":\"https:\/\/editionspowpow.com\/en\/produits\/les-petits-garcons\/\",\"name\":\"Les petits gar\u00e7ons - \u00c9ditions Pow Pow\",\"isPartOf\":{\"@id\":\"https:\/\/editionspowpow.com\/en\/#website\"},\"primaryImageOfPage\":{\"@id\":\"https:\/\/editionspowpow.com\/en\/produits\/les-petits-garcons\/#primaryimage\"},\"image\":{\"@id\":\"https:\/\/editionspowpow.com\/en\/produits\/les-petits-garcons\/#primaryimage\"},\"thumbnailUrl\":\"https:\/\/edition-pow-pow-bucket.storage.googleapis.com\/wp-content\/uploads\/2023\/04\/POW_couverture_petits_garcons_RGB.jpg\",\"datePublished\":\"2023-04-17T18:12:20+00:00\",\"dateModified\":\"2026-02-09T15:33:45+00:00\",\"breadcrumb\":{\"@id\":\"https:\/\/editionspowpow.com\/en\/produits\/les-petits-garcons\/#breadcrumb\"},\"inLanguage\":\"en-US\",\"potentialAction\":[{\"@type\":\"ReadAction\",\"target\":[\"https:\/\/editionspowpow.com\/en\/produits\/les-petits-garcons\/\"]}]},{\"@type\":\"ImageObject\",\"inLanguage\":\"en-US\",\"@id\":\"https:\/\/editionspowpow.com\/en\/produits\/les-petits-garcons\/#primaryimage\",\"url\":\"https:\/\/edition-pow-pow-bucket.storage.googleapis.com\/wp-content\/uploads\/2023\/04\/POW_couverture_petits_garcons_RGB.jpg\",\"contentUrl\":\"https:\/\/edition-pow-pow-bucket.storage.googleapis.com\/wp-content\/uploads\/2023\/04\/POW_couverture_petits_garcons_RGB.jpg\",\"width\":1455,\"height\":1920},{\"@type\":\"BreadcrumbList\",\"@id\":\"https:\/\/editionspowpow.com\/en\/produits\/les-petits-garcons\/#breadcrumb\",\"itemListElement\":[{\"@type\":\"ListItem\",\"position\":1,\"name\":\"Home\",\"item\":\"https:\/\/editionspowpow.com\/en\/\"},{\"@type\":\"ListItem\",\"position\":2,\"name\":\"Shop\",\"item\":\"https:\/\/editionspowpow.com\/en\/shop\/\"},{\"@type\":\"ListItem\",\"position\":3,\"name\":\"Les petits gar\u00e7ons\"}]},{\"@type\":\"WebSite\",\"@id\":\"https:\/\/editionspowpow.com\/en\/#website\",\"url\":\"https:\/\/editionspowpow.com\/en\/\",\"name\":\"\u00c9ditions Pow Pow\",\"description\":\"\",\"publisher\":{\"@id\":\"https:\/\/editionspowpow.com\/en\/#organization\"},\"potentialAction\":[{\"@type\":\"SearchAction\",\"target\":{\"@type\":\"EntryPoint\",\"urlTemplate\":\"https:\/\/editionspowpow.com\/en\/?s={search_term_string}\"},\"query-input\":{\"@type\":\"PropertyValueSpecification\",\"valueRequired\":true,\"valueName\":\"search_term_string\"}}],\"inLanguage\":\"en-US\"},{\"@type\":\"Organization\",\"@id\":\"https:\/\/editionspowpow.com\/en\/#organization\",\"name\":\"\u00c9ditions Pow Pow\",\"url\":\"https:\/\/editionspowpow.com\/en\/\",\"logo\":{\"@type\":\"ImageObject\",\"inLanguage\":\"en-US\",\"@id\":\"https:\/\/editionspowpow.com\/en\/#\/schema\/logo\/image\/\",\"url\":\"https:\/\/edition-pow-pow-bucket.storage.googleapis.com\/wp-content\/uploads\/2024\/03\/logo_site_pow_pow_VERTICAL.png\",\"contentUrl\":\"https:\/\/edition-pow-pow-bucket.storage.googleapis.com\/wp-content\/uploads\/2024\/03\/logo_site_pow_pow_VERTICAL.png\",\"width\":1600,\"height\":1200,\"caption\":\"\u00c9ditions Pow Pow\"},\"image\":{\"@id\":\"https:\/\/editionspowpow.com\/en\/#\/schema\/logo\/image\/\"},\"sameAs\":[\"https:\/\/www.facebook.com\/editionspowpow\",\"https:\/\/x.com\/editionspowpow\"]}]}<\/script>\n<!-- \/ Yoast SEO plugin. -->","yoast_head_json":{"title":"Les petits gar\u00e7ons - \u00c9ditions Pow Pow","robots":{"index":"index","follow":"follow","max-snippet":"max-snippet:-1","max-image-preview":"max-image-preview:large","max-video-preview":"max-video-preview:-1"},"canonical":"https:\/\/editionspowpow.com\/en\/produits\/les-petits-garcons\/","og_locale":"en_US","og_type":"article","og_title":"Les petits gar\u00e7ons - \u00c9ditions Pow Pow","og_description":"Apr\u00e8s un an sans donner de nouvelles, Nana d\u00e9boule dans l\u2019appartement de ses deux anciennes colocataires et amies. Ses motivations semblent simples: elle veut r\u00e9parer les pots cass\u00e9s et regagner leur confiance. Ce sera un peu plus compliqu\u00e9 que pr\u00e9vu. Les petits gar\u00e7ons est un r\u00e9cit sur les al\u00e9as du d\u00e9but de l\u2019\u00e2ge adulte et [&hellip;]","og_url":"https:\/\/editionspowpow.com\/en\/produits\/les-petits-garcons\/","og_site_name":"\u00c9ditions Pow Pow","article_publisher":"https:\/\/www.facebook.com\/editionspowpow","article_modified_time":"2026-02-09T15:33:45+00:00","og_image":[{"width":1455,"height":1920,"url":"https:\/\/edition-pow-pow-bucket.storage.googleapis.com\/wp-content\/uploads\/2023\/04\/POW_couverture_petits_garcons_RGB.jpg","type":"image\/jpeg"}],"twitter_card":"summary_large_image","twitter_site":"@editionspowpow","twitter_misc":{"Est. reading time":"1 minute"},"schema":{"@context":"https:\/\/schema.org","@graph":[{"@type":"WebPage","@id":"https:\/\/editionspowpow.com\/en\/produits\/les-petits-garcons\/","url":"https:\/\/editionspowpow.com\/en\/produits\/les-petits-garcons\/","name":"Les petits gar\u00e7ons - \u00c9ditions Pow Pow","isPartOf":{"@id":"https:\/\/editionspowpow.com\/en\/#website"},"primaryImageOfPage":{"@id":"https:\/\/editionspowpow.com\/en\/produits\/les-petits-garcons\/#primaryimage"},"image":{"@id":"https:\/\/editionspowpow.com\/en\/produits\/les-petits-garcons\/#primaryimage"},"thumbnailUrl":"https:\/\/edition-pow-pow-bucket.storage.googleapis.com\/wp-content\/uploads\/2023\/04\/POW_couverture_petits_garcons_RGB.jpg","datePublished":"2023-04-17T18:12:20+00:00","dateModified":"2026-02-09T15:33:45+00:00","breadcrumb":{"@id":"https:\/\/editionspowpow.com\/en\/produits\/les-petits-garcons\/#breadcrumb"},"inLanguage":"en-US","potentialAction":[{"@type":"ReadAction","target":["https:\/\/editionspowpow.com\/en\/produits\/les-petits-garcons\/"]}]},{"@type":"ImageObject","inLanguage":"en-US","@id":"https:\/\/editionspowpow.com\/en\/produits\/les-petits-garcons\/#primaryimage","url":"https:\/\/edition-pow-pow-bucket.storage.googleapis.com\/wp-content\/uploads\/2023\/04\/POW_couverture_petits_garcons_RGB.jpg","contentUrl":"https:\/\/edition-pow-pow-bucket.storage.googleapis.com\/wp-content\/uploads\/2023\/04\/POW_couverture_petits_garcons_RGB.jpg","width":1455,"height":1920},{"@type":"BreadcrumbList","@id":"https:\/\/editionspowpow.com\/en\/produits\/les-petits-garcons\/#breadcrumb","itemListElement":[{"@type":"ListItem","position":1,"name":"Home","item":"https:\/\/editionspowpow.com\/en\/"},{"@type":"ListItem","position":2,"name":"Shop","item":"https:\/\/editionspowpow.com\/en\/shop\/"},{"@type":"ListItem","position":3,"name":"Les petits gar\u00e7ons"}]},{"@type":"WebSite","@id":"https:\/\/editionspowpow.com\/en\/#website","url":"https:\/\/editionspowpow.com\/en\/","name":"\u00c9ditions Pow Pow","description":"","publisher":{"@id":"https:\/\/editionspowpow.com\/en\/#organization"},"potentialAction":[{"@type":"SearchAction","target":{"@type":"EntryPoint","urlTemplate":"https:\/\/editionspowpow.com\/en\/?s={search_term_string}"},"query-input":{"@type":"PropertyValueSpecification","valueRequired":true,"valueName":"search_term_string"}}],"inLanguage":"en-US"},{"@type":"Organization","@id":"https:\/\/editionspowpow.com\/en\/#organization","name":"\u00c9ditions Pow Pow","url":"https:\/\/editionspowpow.com\/en\/","logo":{"@type":"ImageObject","inLanguage":"en-US","@id":"https:\/\/editionspowpow.com\/en\/#\/schema\/logo\/image\/","url":"https:\/\/edition-pow-pow-bucket.storage.googleapis.com\/wp-content\/uploads\/2024\/03\/logo_site_pow_pow_VERTICAL.png","contentUrl":"https:\/\/edition-pow-pow-bucket.storage.googleapis.com\/wp-content\/uploads\/2024\/03\/logo_site_pow_pow_VERTICAL.png","width":1600,"height":1200,"caption":"\u00c9ditions Pow Pow"},"image":{"@id":"https:\/\/editionspowpow.com\/en\/#\/schema\/logo\/image\/"},"sameAs":["https:\/\/www.facebook.com\/editionspowpow","https:\/\/x.com\/editionspowpow"]}]}},"_links":{"self":[{"href":"https:\/\/editionspowpow.com\/en\/wp-json\/wp\/v2\/product\/23646","targetHints":{"allow":["GET"]}}],"collection":[{"href":"https:\/\/editionspowpow.com\/en\/wp-json\/wp\/v2\/product"}],"about":[{"href":"https:\/\/editionspowpow.com\/en\/wp-json\/wp\/v2\/types\/product"}],"acf:post":[{"embeddable":true,"href":"https:\/\/editionspowpow.com\/en\/wp-json\/wp\/v2\/product\/19550"}],"wp:featuredmedia":[{"embeddable":true,"href":"https:\/\/editionspowpow.com\/en\/wp-json\/wp\/v2\/media\/24174"}],"wp:attachment":[{"href":"https:\/\/editionspowpow.com\/en\/wp-json\/wp\/v2\/media?parent=23646"}],"wp:term":[{"taxonomy":"product_brand","embeddable":true,"href":"https:\/\/editionspowpow.com\/en\/wp-json\/wp\/v2\/product_brand?post=23646"},{"taxonomy":"product_cat","embeddable":true,"href":"https:\/\/editionspowpow.com\/en\/wp-json\/wp\/v2\/product_cat?post=23646"},{"taxonomy":"product_tag","embeddable":true,"href":"https:\/\/editionspowpow.com\/en\/wp-json\/wp\/v2\/product_tag?post=23646"}],"curies":[{"name":"wp","href":"https:\/\/api.w.org\/{rel}","templated":true}]}}