{"id":23652,"date":"2023-04-17T14:12:20","date_gmt":"2023-04-17T18:12:20","guid":{"rendered":"https:\/\/editionspowpow.com\/boutique\/shenzhen\/"},"modified":"2026-02-09T11:33:44","modified_gmt":"2026-02-09T15:33:44","slug":"shenzhen","status":"publish","type":"product","link":"https:\/\/editionspowpow.com\/en\/produits\/shenzhen\/","title":{"rendered":"Shenzhen"},"content":{"rendered":"<p>\u00abShenzhen, d\u00e9cembre 1997. Me revoil\u00e0 en Chine. Cette fois-ci dans le sud. La premi\u00e8re fois j\u2019\u00e9tais \u00e0 Nankin au nord. Je retrouve ce que j\u2019avais oubli\u00e9: les odeurs, le bruit, la foule, la salet\u00e9, la grisaille partout. Je me rends compte que ma m\u00e9moire n\u2019avait retenu que les beaux c\u00f4t\u00e9s\u2026 l\u2019exotisme\u2026 Car avec le temps qui se charge d\u2019effacer les mauvais moments, la m\u00e9moire garde \u00e0 jamais son c\u00f4t\u00e9 na\u00eff et stupidement positif.\u00bb<\/p>\n","protected":false},"excerpt":{"rendered":"<p>\u00abShenzhen, d\u00e9cembre 1997. Me revoil\u00e0 en Chine. Cette fois-ci dans le sud. La premi\u00e8re fois j\u2019\u00e9tais \u00e0 Nankin au nord. Je retrouve ce que j\u2019avais oubli\u00e9: les odeurs, le bruit, la foule, la salet\u00e9, la grisaille partout. Je me rends compte que ma m\u00e9moire n\u2019avait retenu que les beaux c\u00f4t\u00e9s\u2026 l\u2019exotisme\u2026 Car avec le temps [&hellip;]<\/p>\n","protected":false},"featured_media":1493,"template":"","meta":{"_acf_changed":false},"product_brand":[],"product_cat":[271],"product_tag":[261,320],"class_list":{"0":"post-23652","1":"product","2":"type-product","3":"status-publish","4":"has-post-thumbnail","6":"wc_square_synced-yes","7":"product_cat-comic","8":"product_tag-documentary","9":"product_tag-recit-de-voyage-en","10":"product_shipping_class-format-standard-en","12":"first","13":"instock","14":"taxable","15":"shipping-taxable","16":"purchasable","17":"product-type-simple"},"acf":{"language":"fr","other_language_products":"","authors":[{"author_title":22284,"is_custom_job_title":false,"job_titles":[]}],"total_pages":156,"isbn":"978-2-924049-61-7","release_date":"20190901","other_release_dates":null,"has_product_excerpt":true,"button_excerpt_position":"left","accent_color":"#00A1D5","awards":null,"comments":null,"video_gallery":null},"yoast_head":"<!-- This site is optimized with the Yoast SEO plugin v26.9 - https:\/\/yoast.com\/product\/yoast-seo-wordpress\/ -->\n<title>Shenzhen - \u00c9ditions Pow Pow<\/title>\n<meta name=\"robots\" content=\"index, follow, max-snippet:-1, max-image-preview:large, max-video-preview:-1\" \/>\n<link rel=\"canonical\" href=\"https:\/\/editionspowpow.com\/en\/produits\/shenzhen\/\" \/>\n<meta property=\"og:locale\" content=\"en_US\" \/>\n<meta property=\"og:type\" content=\"article\" \/>\n<meta property=\"og:title\" content=\"Shenzhen - \u00c9ditions Pow Pow\" \/>\n<meta property=\"og:description\" content=\"\u00abShenzhen, d\u00e9cembre 1997. Me revoil\u00e0 en Chine. Cette fois-ci dans le sud. La premi\u00e8re fois j\u2019\u00e9tais \u00e0 Nankin au nord. Je retrouve ce que j\u2019avais oubli\u00e9: les odeurs, le bruit, la foule, la salet\u00e9, la grisaille partout. Je me rends compte que ma m\u00e9moire n\u2019avait retenu que les beaux c\u00f4t\u00e9s\u2026 l\u2019exotisme\u2026 Car avec le temps [&hellip;]\" \/>\n<meta property=\"og:url\" content=\"https:\/\/editionspowpow.com\/en\/produits\/shenzhen\/\" \/>\n<meta property=\"og:site_name\" content=\"\u00c9ditions Pow Pow\" \/>\n<meta property=\"article:publisher\" content=\"https:\/\/www.facebook.com\/editionspowpow\" \/>\n<meta property=\"article:modified_time\" content=\"2026-02-09T15:33:44+00:00\" \/>\n<meta property=\"og:image\" content=\"https:\/\/edition-pow-pow-bucket.storage.googleapis.com\/wp-content\/uploads\/2023\/04\/shenzhen_couverture-2.jpg\" \/>\n\t<meta property=\"og:image:width\" content=\"600\" \/>\n\t<meta property=\"og:image:height\" content=\"792\" \/>\n\t<meta property=\"og:image:type\" content=\"image\/jpeg\" \/>\n<meta name=\"twitter:card\" content=\"summary_large_image\" \/>\n<meta name=\"twitter:site\" content=\"@editionspowpow\" \/>\n<meta name=\"twitter:label1\" content=\"Est. reading time\" \/>\n\t<meta name=\"twitter:data1\" content=\"1 minute\" \/>\n<script type=\"application\/ld+json\" class=\"yoast-schema-graph\">{\"@context\":\"https:\/\/schema.org\",\"@graph\":[{\"@type\":\"WebPage\",\"@id\":\"https:\/\/editionspowpow.com\/en\/produits\/shenzhen\/\",\"url\":\"https:\/\/editionspowpow.com\/en\/produits\/shenzhen\/\",\"name\":\"Shenzhen - \u00c9ditions Pow Pow\",\"isPartOf\":{\"@id\":\"https:\/\/editionspowpow.com\/en\/#website\"},\"primaryImageOfPage\":{\"@id\":\"https:\/\/editionspowpow.com\/en\/produits\/shenzhen\/#primaryimage\"},\"image\":{\"@id\":\"https:\/\/editionspowpow.com\/en\/produits\/shenzhen\/#primaryimage\"},\"thumbnailUrl\":\"https:\/\/edition-pow-pow-bucket.storage.googleapis.com\/wp-content\/uploads\/2023\/04\/shenzhen_couverture-2.jpg\",\"datePublished\":\"2023-04-17T18:12:20+00:00\",\"dateModified\":\"2026-02-09T15:33:44+00:00\",\"breadcrumb\":{\"@id\":\"https:\/\/editionspowpow.com\/en\/produits\/shenzhen\/#breadcrumb\"},\"inLanguage\":\"en-US\",\"potentialAction\":[{\"@type\":\"ReadAction\",\"target\":[\"https:\/\/editionspowpow.com\/en\/produits\/shenzhen\/\"]}]},{\"@type\":\"ImageObject\",\"inLanguage\":\"en-US\",\"@id\":\"https:\/\/editionspowpow.com\/en\/produits\/shenzhen\/#primaryimage\",\"url\":\"https:\/\/edition-pow-pow-bucket.storage.googleapis.com\/wp-content\/uploads\/2023\/04\/shenzhen_couverture-2.jpg\",\"contentUrl\":\"https:\/\/edition-pow-pow-bucket.storage.googleapis.com\/wp-content\/uploads\/2023\/04\/shenzhen_couverture-2.jpg\",\"width\":600,\"height\":792},{\"@type\":\"BreadcrumbList\",\"@id\":\"https:\/\/editionspowpow.com\/en\/produits\/shenzhen\/#breadcrumb\",\"itemListElement\":[{\"@type\":\"ListItem\",\"position\":1,\"name\":\"Home\",\"item\":\"https:\/\/editionspowpow.com\/en\/\"},{\"@type\":\"ListItem\",\"position\":2,\"name\":\"Shop\",\"item\":\"https:\/\/editionspowpow.com\/en\/shop\/\"},{\"@type\":\"ListItem\",\"position\":3,\"name\":\"Shenzhen\"}]},{\"@type\":\"WebSite\",\"@id\":\"https:\/\/editionspowpow.com\/en\/#website\",\"url\":\"https:\/\/editionspowpow.com\/en\/\",\"name\":\"\u00c9ditions Pow Pow\",\"description\":\"\",\"publisher\":{\"@id\":\"https:\/\/editionspowpow.com\/en\/#organization\"},\"potentialAction\":[{\"@type\":\"SearchAction\",\"target\":{\"@type\":\"EntryPoint\",\"urlTemplate\":\"https:\/\/editionspowpow.com\/en\/?s={search_term_string}\"},\"query-input\":{\"@type\":\"PropertyValueSpecification\",\"valueRequired\":true,\"valueName\":\"search_term_string\"}}],\"inLanguage\":\"en-US\"},{\"@type\":\"Organization\",\"@id\":\"https:\/\/editionspowpow.com\/en\/#organization\",\"name\":\"\u00c9ditions Pow Pow\",\"url\":\"https:\/\/editionspowpow.com\/en\/\",\"logo\":{\"@type\":\"ImageObject\",\"inLanguage\":\"en-US\",\"@id\":\"https:\/\/editionspowpow.com\/en\/#\/schema\/logo\/image\/\",\"url\":\"https:\/\/edition-pow-pow-bucket.storage.googleapis.com\/wp-content\/uploads\/2024\/03\/logo_site_pow_pow_VERTICAL.png\",\"contentUrl\":\"https:\/\/edition-pow-pow-bucket.storage.googleapis.com\/wp-content\/uploads\/2024\/03\/logo_site_pow_pow_VERTICAL.png\",\"width\":1600,\"height\":1200,\"caption\":\"\u00c9ditions Pow Pow\"},\"image\":{\"@id\":\"https:\/\/editionspowpow.com\/en\/#\/schema\/logo\/image\/\"},\"sameAs\":[\"https:\/\/www.facebook.com\/editionspowpow\",\"https:\/\/x.com\/editionspowpow\"]}]}<\/script>\n<!-- \/ Yoast SEO plugin. -->","yoast_head_json":{"title":"Shenzhen - \u00c9ditions Pow Pow","robots":{"index":"index","follow":"follow","max-snippet":"max-snippet:-1","max-image-preview":"max-image-preview:large","max-video-preview":"max-video-preview:-1"},"canonical":"https:\/\/editionspowpow.com\/en\/produits\/shenzhen\/","og_locale":"en_US","og_type":"article","og_title":"Shenzhen - \u00c9ditions Pow Pow","og_description":"\u00abShenzhen, d\u00e9cembre 1997. Me revoil\u00e0 en Chine. Cette fois-ci dans le sud. La premi\u00e8re fois j\u2019\u00e9tais \u00e0 Nankin au nord. Je retrouve ce que j\u2019avais oubli\u00e9: les odeurs, le bruit, la foule, la salet\u00e9, la grisaille partout. Je me rends compte que ma m\u00e9moire n\u2019avait retenu que les beaux c\u00f4t\u00e9s\u2026 l\u2019exotisme\u2026 Car avec le temps [&hellip;]","og_url":"https:\/\/editionspowpow.com\/en\/produits\/shenzhen\/","og_site_name":"\u00c9ditions Pow Pow","article_publisher":"https:\/\/www.facebook.com\/editionspowpow","article_modified_time":"2026-02-09T15:33:44+00:00","og_image":[{"width":600,"height":792,"url":"https:\/\/edition-pow-pow-bucket.storage.googleapis.com\/wp-content\/uploads\/2023\/04\/shenzhen_couverture-2.jpg","type":"image\/jpeg"}],"twitter_card":"summary_large_image","twitter_site":"@editionspowpow","twitter_misc":{"Est. reading time":"1 minute"},"schema":{"@context":"https:\/\/schema.org","@graph":[{"@type":"WebPage","@id":"https:\/\/editionspowpow.com\/en\/produits\/shenzhen\/","url":"https:\/\/editionspowpow.com\/en\/produits\/shenzhen\/","name":"Shenzhen - \u00c9ditions Pow Pow","isPartOf":{"@id":"https:\/\/editionspowpow.com\/en\/#website"},"primaryImageOfPage":{"@id":"https:\/\/editionspowpow.com\/en\/produits\/shenzhen\/#primaryimage"},"image":{"@id":"https:\/\/editionspowpow.com\/en\/produits\/shenzhen\/#primaryimage"},"thumbnailUrl":"https:\/\/edition-pow-pow-bucket.storage.googleapis.com\/wp-content\/uploads\/2023\/04\/shenzhen_couverture-2.jpg","datePublished":"2023-04-17T18:12:20+00:00","dateModified":"2026-02-09T15:33:44+00:00","breadcrumb":{"@id":"https:\/\/editionspowpow.com\/en\/produits\/shenzhen\/#breadcrumb"},"inLanguage":"en-US","potentialAction":[{"@type":"ReadAction","target":["https:\/\/editionspowpow.com\/en\/produits\/shenzhen\/"]}]},{"@type":"ImageObject","inLanguage":"en-US","@id":"https:\/\/editionspowpow.com\/en\/produits\/shenzhen\/#primaryimage","url":"https:\/\/edition-pow-pow-bucket.storage.googleapis.com\/wp-content\/uploads\/2023\/04\/shenzhen_couverture-2.jpg","contentUrl":"https:\/\/edition-pow-pow-bucket.storage.googleapis.com\/wp-content\/uploads\/2023\/04\/shenzhen_couverture-2.jpg","width":600,"height":792},{"@type":"BreadcrumbList","@id":"https:\/\/editionspowpow.com\/en\/produits\/shenzhen\/#breadcrumb","itemListElement":[{"@type":"ListItem","position":1,"name":"Home","item":"https:\/\/editionspowpow.com\/en\/"},{"@type":"ListItem","position":2,"name":"Shop","item":"https:\/\/editionspowpow.com\/en\/shop\/"},{"@type":"ListItem","position":3,"name":"Shenzhen"}]},{"@type":"WebSite","@id":"https:\/\/editionspowpow.com\/en\/#website","url":"https:\/\/editionspowpow.com\/en\/","name":"\u00c9ditions Pow Pow","description":"","publisher":{"@id":"https:\/\/editionspowpow.com\/en\/#organization"},"potentialAction":[{"@type":"SearchAction","target":{"@type":"EntryPoint","urlTemplate":"https:\/\/editionspowpow.com\/en\/?s={search_term_string}"},"query-input":{"@type":"PropertyValueSpecification","valueRequired":true,"valueName":"search_term_string"}}],"inLanguage":"en-US"},{"@type":"Organization","@id":"https:\/\/editionspowpow.com\/en\/#organization","name":"\u00c9ditions Pow Pow","url":"https:\/\/editionspowpow.com\/en\/","logo":{"@type":"ImageObject","inLanguage":"en-US","@id":"https:\/\/editionspowpow.com\/en\/#\/schema\/logo\/image\/","url":"https:\/\/edition-pow-pow-bucket.storage.googleapis.com\/wp-content\/uploads\/2024\/03\/logo_site_pow_pow_VERTICAL.png","contentUrl":"https:\/\/edition-pow-pow-bucket.storage.googleapis.com\/wp-content\/uploads\/2024\/03\/logo_site_pow_pow_VERTICAL.png","width":1600,"height":1200,"caption":"\u00c9ditions Pow Pow"},"image":{"@id":"https:\/\/editionspowpow.com\/en\/#\/schema\/logo\/image\/"},"sameAs":["https:\/\/www.facebook.com\/editionspowpow","https:\/\/x.com\/editionspowpow"]}]}},"_links":{"self":[{"href":"https:\/\/editionspowpow.com\/en\/wp-json\/wp\/v2\/product\/23652","targetHints":{"allow":["GET"]}}],"collection":[{"href":"https:\/\/editionspowpow.com\/en\/wp-json\/wp\/v2\/product"}],"about":[{"href":"https:\/\/editionspowpow.com\/en\/wp-json\/wp\/v2\/types\/product"}],"wp:featuredmedia":[{"embeddable":true,"href":"https:\/\/editionspowpow.com\/en\/wp-json\/wp\/v2\/media\/1493"}],"wp:attachment":[{"href":"https:\/\/editionspowpow.com\/en\/wp-json\/wp\/v2\/media?parent=23652"}],"wp:term":[{"taxonomy":"product_brand","embeddable":true,"href":"https:\/\/editionspowpow.com\/en\/wp-json\/wp\/v2\/product_brand?post=23652"},{"taxonomy":"product_cat","embeddable":true,"href":"https:\/\/editionspowpow.com\/en\/wp-json\/wp\/v2\/product_cat?post=23652"},{"taxonomy":"product_tag","embeddable":true,"href":"https:\/\/editionspowpow.com\/en\/wp-json\/wp\/v2\/product_tag?post=23652"}],"curies":[{"name":"wp","href":"https:\/\/api.w.org\/{rel}","templated":true}]}}