{"id":23665,"date":"2023-04-17T14:18:46","date_gmt":"2023-04-17T18:18:46","guid":{"rendered":"https:\/\/editionspowpow.com\/boutique\/journal\/"},"modified":"2026-02-09T11:33:41","modified_gmt":"2026-02-09T15:33:41","slug":"journal","status":"publish","type":"product","link":"https:\/\/editionspowpow.com\/en\/produits\/journal\/","title":{"rendered":"Journal"},"content":{"rendered":"<p>\u00abPresque dix ans sont pass\u00e9s depuis l\u2019\u00e9criture de mon <em>Journal.<\/em> Je le relis comme s\u2019il appartenait \u00e0 une autre femme, \u00e0 une jeune artiste que j\u2019admire d\u2019avoir le courage d\u2019\u00eatre si sinc\u00e8re. C\u2019est l\u2019ann\u00e9e de sa premi\u00e8re s\u00e9paration d\u2019adulte, et, surtout, de sa rencontre avec les crayons de couleur. Ce livre t\u00e9moigne de la naissance de l\u2019artiste que je suis aujourd\u2019hui. Je souhaite qu\u2019il vous donne \u00e0 vous aussi l\u2019envie d\u2019\u00e9crire et de dessiner.\u00bb<\/p>\n<p>\u2013 Julie Delporte<\/p>\n","protected":false},"excerpt":{"rendered":"<p>\u00abPresque dix ans sont pass\u00e9s depuis l\u2019\u00e9criture de mon Journal. Je le relis comme s\u2019il appartenait \u00e0 une autre femme, \u00e0 une jeune artiste que j\u2019admire d\u2019avoir le courage d\u2019\u00eatre si sinc\u00e8re. C\u2019est l\u2019ann\u00e9e de sa premi\u00e8re s\u00e9paration d\u2019adulte, et, surtout, de sa rencontre avec les crayons de couleur. Ce livre t\u00e9moigne de la naissance [&hellip;]<\/p>\n","protected":false},"featured_media":1631,"template":"","meta":{"_acf_changed":false},"product_brand":[],"product_cat":[271],"product_tag":[266,316,319,327],"class_list":{"0":"post-23665","1":"product","2":"type-product","3":"status-publish","4":"has-post-thumbnail","6":"wc_square_synced-yes","7":"product_cat-comic","8":"product_tag-love","9":"product_tag-quotidien-en","10":"product_tag-recit-dapprentissage-en","11":"product_tag-recit-intime-en","12":"product_shipping_class-format-standard-en","14":"first","15":"instock","16":"taxable","17":"shipping-taxable","18":"purchasable","19":"product-type-simple"},"acf":{"language":"fr","other_language_products":"","authors":[{"author_title":22383,"is_custom_job_title":false,"job_titles":[]}],"total_pages":192,"isbn":"978-2-924049-56-3","release_date":"20200324","other_release_dates":[{"date":"20200820","country":"Europe"}],"has_product_excerpt":true,"button_excerpt_position":"right","accent_color":"#F9DD4B","awards":null,"comments":[{"content":"<em>Journal<\/em> [\u2026] appara\u00eet aujourd\u2019hui comme la pierre fondatrice de l\u2019\u0153uvre de la b\u00e9d\u00e9iste montr\u00e9alaise d\u2019origine fran\u00e7aise tant toutes ses principales qualit\u00e9s s\u2019y trouvent d\u00e9j\u00e0.","credit_group":{"content":"Dominic Tardif, Le Devoir, 25 avril 2020","link":"https:\/\/www.ledevoir.com\/lire\/577603\/entrevue-julie-delporte-avait-besoin-d-un-livre-dans-lequel-se-refugier","is_external_link":true}},{"content":"Au fil des dessins qu\u2019elle couche sur le papier, la jeune femme se transforme, juste l\u00e0, sous nos yeux. La fragile chenille finit par d\u00e9ployer ses ailes de papillon, non sans efforts. C\u2019est sans doute l\u2019une des plus belles qualit\u00e9s de cet album vitamin\u00e9 et tellement touchant: l\u2019auteure s\u2019y d\u00e9voile avec une totale sinc\u00e9rit\u00e9. [\u2026] Pas de doute, ce <em>Journal<\/em> est un v\u00e9ritable baume pour l\u2019\u00e2me. \u00c0 lire et \u00e0 relire. \u2605\u2605\u2605\u2605","credit_group":{"content":"St\u00e9phanie Morin et Jean Siag, La Presse, 6 mai 2020","link":"https:\/\/www.lapresse.ca\/arts\/litterature\/2020-05-06\/bd-ce-que-la-presse-en-pense","is_external_link":true}},{"content":"Elle [Julie Delporte] nous offre dans son Journal, fra\u00eechement r\u00e9\u00e9dit\u00e9, un arc-en-ciel de r\u00e9flexions r\u00e9silientes et inspirantes. Une \u0153uvre pleinement incarn\u00e9e, assum\u00e9e, fonci\u00e8rement f\u00e9ministe. Magnifique.","credit_group":{"content":"V\u00e9ronique Alarie, V\u00e9ro, automne 2020, 20 ao\u00fbt 2020","link":"","is_external_link":true}},{"content":"Ce Journal est magnifique!","credit_group":{"content":"Marie-Louise Arsenault, Plus on est de fous, plus on li! (Radio-Canada), 20 avril 2020","link":"https:\/\/ici.radio-canada.ca\/ohdio\/premiere\/emissions\/plus-on-est-de-fous-plus-on-lit\/segments\/entrevue\/166118\/julie-delporte-journal?fbclid=IwAR0TIcIWrMengZhQZ3TUrupz7g2vqgx3c5_asrT3PA8B18D_8SQb8iGja0U","is_external_link":true}},{"content":"C\u2019est en direct l\u2019affirmation d\u2019une artiste, avec qui l\u2019on d\u00e9couvre des outils, les questionnements, une l\u00e9g\u00e8re assurance. Le <em>Journal<\/em> \u00e9claire avec force les titres qui ont suivi et est notamment une \u00e9vidente fondation d\u2019un discours f\u00e9ministe qui s\u2019articule au fil du temps.","credit_group":{"content":"Ma\u00ebl Rannou, BoDo\u00ef, 19 octobre 2020","link":"https:\/\/www.bodoi.info\/journal\/","is_external_link":true}},{"content":"Ce <em>Journal<\/em> si personnel qui suit une rupture amoureuse et les diverses phases qu\u2019elle occasionne, col\u00e8re, repli, d\u00e9pression, renaissance, cr\u00e9ation, r\u00e9assurance, etc., frappe par sa sinc\u00e9rit\u00e9, tonalit\u00e9 qui lui conf\u00e8re aussit\u00f4t une universalit\u00e9 permettant \u00e0 chacun de s\u2019y glisser, de s\u2019y reconna\u00eetre, d\u2019entrer en empathie.","credit_group":{"content":"LU cie & co, 2 septembre 2020","link":"https:\/\/lu-cieandco.blogspot.com\/2020\/09\/ecrire-et-dessiner-apres-une-rupture.html?m=1&fbclid=IwAR2A_-_xupYX0Guy5KKumpK37737ddTJEKwOc9fVkSMPGy8JgDTWeb5MU-g","is_external_link":true}},{"content":"Le <em>Journal<\/em> de Julie Delporte est l\u2019espoir que chacun porte en lui, c\u2019est une lecture pour surmonter ses angoisses, c\u2019est une sucrerie qui rassure, c\u2019est un plaid qui fait du bien. C\u2019est une bou\u00e9e \u00e0 la mer qui nous sauve tous en nous \u00e9treignant tr\u00e8s fort. C\u2019est un petit bijou magique.","credit_group":{"content":"J\u00e9r\u00f4me Pr\u00e9vot, La Ribambulle, 29 octobre 2020","link":"https:\/\/la-ribambulle.com\/journal\/","is_external_link":true}},{"content":"Julie Delporte nous y fait vivre un intense moment de lecture. Elle d\u00e9voile des pans de son passage \u00e0 vide avec une d\u00e9sarmante impudeur. La proximit\u00e9 est telle que nous avons litt\u00e9ralement l\u2019impression qu\u2019elle nous chuchote \u00e0 l\u2019oreille ces mois d\u2019errances affectives et cr\u00e9atives.","credit_group":{"content":"Jean-Dominic Leduc, Journal de Montr\u00e9al, 22 juin 2013","link":"https:\/\/www.journaldemontreal.com\/2013\/06\/22\/lautobiographie-a-son-meilleur","is_external_link":true}},{"content":"At its very best moments, <em>Journal<\/em> becomes indistinguishable from poetry\u2014and there are, as the reader will discover, many such moments.","credit_group":{"content":"Publishers Weekly, 27 mai 2013","link":"https:\/\/www.publishersweekly.com\/978-0-9879630-9-3","is_external_link":true}},{"content":"Delporte\u2019s pages are gorgeously rendered in soft, radiantly colored pencils that belie the quiet grief at their core.","credit_group":{"content":"Rob Kirby, The Comics Journal, 22 ao\u00fbt 2013","link":"https:\/\/www.tcj.com\/reviews\/journal\/","is_external_link":true}},{"content":"La force de Delporte reste dans sa capacit\u00e9 \u00e0 faire ressentir tant aux lecteurs en si peu de mots.","credit_group":{"content":"Elizabeth Lord, Les m\u00e9connus, 21 juin 2014","link":"https:\/\/amongthereef.com\/","is_external_link":true}},{"content":"Ce n\u2019est pas le fait que la plupart des gens aient v\u00e9cu des ruptures amoureuses qui permet de mieux comprendre, de mieux ressentir ou de s\u2019identifier au livre de Julie Delporte, non, c\u2019est son talent de narratrice et de dessinatrice et sa sinc\u00e9rit\u00e9 de ton qui ont su capter et nous donner \u00e0 voir de v\u00e9ritables moments de vie, intenses et fulgurants. Quelle que soit votre vie, <em>Journal<\/em> est un livre qui vous bouscule.","credit_group":{"content":"David Fournol, Une autre histoire, 27 juin 2014","link":"https:\/\/www.editionslagrume.fr\/quelle-que-soit-votre-vie-journal-est-un-livre-qui-vous-bouscule-david-fournol-une-autre-histoire\/","is_external_link":true}},{"content":"C\u2019est l\u2019angoisse de la solitude, avec un dessin sinc\u00e8re, griffonn\u00e9, teint\u00e9 de souvenirs, d\u2019images troublantes. Un v\u00e9ritable arc-en-ciel de crayons de couleur et des mots qui nous habitent\u2026 longtemps.","credit_group":{"content":"Marie-\u00c8ve Blais, Les libraires, 10 juillet 2014","link":"","is_external_link":true}},{"content":"Lire <em>Journal<\/em> c\u2019est exactement comme si nous avions acc\u00e8s \u00e0 un c\u0153ur qui se livre et partage ses \u00e9motions les plus intimes.","credit_group":{"content":"Catherine Racicot, Le Huffington Post, 22 septembre 2016","link":"","is_external_link":true}}],"video_gallery":[{"video_url":"https:\/\/www.youtube.com\/watch?v=HL0cPUxOasA","title":"Journal <br>\u2014 Julie Delporte","video_preview":20763,"video_duration":"1:15"}]},"yoast_head":"<!-- This site is optimized with the Yoast SEO plugin v26.9 - https:\/\/yoast.com\/product\/yoast-seo-wordpress\/ -->\n<title>Journal - \u00c9ditions Pow Pow<\/title>\n<meta name=\"robots\" content=\"index, follow, max-snippet:-1, max-image-preview:large, max-video-preview:-1\" \/>\n<link rel=\"canonical\" href=\"https:\/\/editionspowpow.com\/en\/produits\/journal\/\" \/>\n<meta property=\"og:locale\" content=\"en_US\" \/>\n<meta property=\"og:type\" content=\"article\" \/>\n<meta property=\"og:title\" content=\"Journal - \u00c9ditions Pow Pow\" \/>\n<meta property=\"og:description\" content=\"\u00abPresque dix ans sont pass\u00e9s depuis l\u2019\u00e9criture de mon Journal. Je le relis comme s\u2019il appartenait \u00e0 une autre femme, \u00e0 une jeune artiste que j\u2019admire d\u2019avoir le courage d\u2019\u00eatre si sinc\u00e8re. C\u2019est l\u2019ann\u00e9e de sa premi\u00e8re s\u00e9paration d\u2019adulte, et, surtout, de sa rencontre avec les crayons de couleur. Ce livre t\u00e9moigne de la naissance [&hellip;]\" \/>\n<meta property=\"og:url\" content=\"https:\/\/editionspowpow.com\/en\/produits\/journal\/\" \/>\n<meta property=\"og:site_name\" content=\"\u00c9ditions Pow Pow\" \/>\n<meta property=\"article:publisher\" content=\"https:\/\/www.facebook.com\/editionspowpow\" \/>\n<meta property=\"article:modified_time\" content=\"2026-02-09T15:33:41+00:00\" \/>\n<meta property=\"og:image\" content=\"https:\/\/edition-pow-pow-bucket.storage.googleapis.com\/wp-content\/uploads\/2023\/04\/journal_couverture-2.jpg\" \/>\n\t<meta property=\"og:image:width\" content=\"450\" \/>\n\t<meta property=\"og:image:height\" content=\"594\" \/>\n\t<meta property=\"og:image:type\" content=\"image\/jpeg\" \/>\n<meta name=\"twitter:card\" content=\"summary_large_image\" \/>\n<meta name=\"twitter:site\" content=\"@editionspowpow\" \/>\n<meta name=\"twitter:label1\" content=\"Est. reading time\" \/>\n\t<meta name=\"twitter:data1\" content=\"1 minute\" \/>\n<script type=\"application\/ld+json\" class=\"yoast-schema-graph\">{\"@context\":\"https:\/\/schema.org\",\"@graph\":[{\"@type\":\"WebPage\",\"@id\":\"https:\/\/editionspowpow.com\/en\/produits\/journal\/\",\"url\":\"https:\/\/editionspowpow.com\/en\/produits\/journal\/\",\"name\":\"Journal - \u00c9ditions Pow Pow\",\"isPartOf\":{\"@id\":\"https:\/\/editionspowpow.com\/en\/#website\"},\"primaryImageOfPage\":{\"@id\":\"https:\/\/editionspowpow.com\/en\/produits\/journal\/#primaryimage\"},\"image\":{\"@id\":\"https:\/\/editionspowpow.com\/en\/produits\/journal\/#primaryimage\"},\"thumbnailUrl\":\"https:\/\/edition-pow-pow-bucket.storage.googleapis.com\/wp-content\/uploads\/2023\/04\/journal_couverture-2.jpg\",\"datePublished\":\"2023-04-17T18:18:46+00:00\",\"dateModified\":\"2026-02-09T15:33:41+00:00\",\"breadcrumb\":{\"@id\":\"https:\/\/editionspowpow.com\/en\/produits\/journal\/#breadcrumb\"},\"inLanguage\":\"en-US\",\"potentialAction\":[{\"@type\":\"ReadAction\",\"target\":[\"https:\/\/editionspowpow.com\/en\/produits\/journal\/\"]}]},{\"@type\":\"ImageObject\",\"inLanguage\":\"en-US\",\"@id\":\"https:\/\/editionspowpow.com\/en\/produits\/journal\/#primaryimage\",\"url\":\"https:\/\/edition-pow-pow-bucket.storage.googleapis.com\/wp-content\/uploads\/2023\/04\/journal_couverture-2.jpg\",\"contentUrl\":\"https:\/\/edition-pow-pow-bucket.storage.googleapis.com\/wp-content\/uploads\/2023\/04\/journal_couverture-2.jpg\",\"width\":450,\"height\":594},{\"@type\":\"BreadcrumbList\",\"@id\":\"https:\/\/editionspowpow.com\/en\/produits\/journal\/#breadcrumb\",\"itemListElement\":[{\"@type\":\"ListItem\",\"position\":1,\"name\":\"Home\",\"item\":\"https:\/\/editionspowpow.com\/en\/\"},{\"@type\":\"ListItem\",\"position\":2,\"name\":\"Shop\",\"item\":\"https:\/\/editionspowpow.com\/en\/shop\/\"},{\"@type\":\"ListItem\",\"position\":3,\"name\":\"Journal\"}]},{\"@type\":\"WebSite\",\"@id\":\"https:\/\/editionspowpow.com\/en\/#website\",\"url\":\"https:\/\/editionspowpow.com\/en\/\",\"name\":\"\u00c9ditions Pow Pow\",\"description\":\"\",\"publisher\":{\"@id\":\"https:\/\/editionspowpow.com\/en\/#organization\"},\"potentialAction\":[{\"@type\":\"SearchAction\",\"target\":{\"@type\":\"EntryPoint\",\"urlTemplate\":\"https:\/\/editionspowpow.com\/en\/?s={search_term_string}\"},\"query-input\":{\"@type\":\"PropertyValueSpecification\",\"valueRequired\":true,\"valueName\":\"search_term_string\"}}],\"inLanguage\":\"en-US\"},{\"@type\":\"Organization\",\"@id\":\"https:\/\/editionspowpow.com\/en\/#organization\",\"name\":\"\u00c9ditions Pow Pow\",\"url\":\"https:\/\/editionspowpow.com\/en\/\",\"logo\":{\"@type\":\"ImageObject\",\"inLanguage\":\"en-US\",\"@id\":\"https:\/\/editionspowpow.com\/en\/#\/schema\/logo\/image\/\",\"url\":\"https:\/\/edition-pow-pow-bucket.storage.googleapis.com\/wp-content\/uploads\/2024\/03\/logo_site_pow_pow_VERTICAL.png\",\"contentUrl\":\"https:\/\/edition-pow-pow-bucket.storage.googleapis.com\/wp-content\/uploads\/2024\/03\/logo_site_pow_pow_VERTICAL.png\",\"width\":1600,\"height\":1200,\"caption\":\"\u00c9ditions Pow Pow\"},\"image\":{\"@id\":\"https:\/\/editionspowpow.com\/en\/#\/schema\/logo\/image\/\"},\"sameAs\":[\"https:\/\/www.facebook.com\/editionspowpow\",\"https:\/\/x.com\/editionspowpow\"]}]}<\/script>\n<!-- \/ Yoast SEO plugin. -->","yoast_head_json":{"title":"Journal - \u00c9ditions Pow Pow","robots":{"index":"index","follow":"follow","max-snippet":"max-snippet:-1","max-image-preview":"max-image-preview:large","max-video-preview":"max-video-preview:-1"},"canonical":"https:\/\/editionspowpow.com\/en\/produits\/journal\/","og_locale":"en_US","og_type":"article","og_title":"Journal - \u00c9ditions Pow Pow","og_description":"\u00abPresque dix ans sont pass\u00e9s depuis l\u2019\u00e9criture de mon Journal. Je le relis comme s\u2019il appartenait \u00e0 une autre femme, \u00e0 une jeune artiste que j\u2019admire d\u2019avoir le courage d\u2019\u00eatre si sinc\u00e8re. C\u2019est l\u2019ann\u00e9e de sa premi\u00e8re s\u00e9paration d\u2019adulte, et, surtout, de sa rencontre avec les crayons de couleur. Ce livre t\u00e9moigne de la naissance [&hellip;]","og_url":"https:\/\/editionspowpow.com\/en\/produits\/journal\/","og_site_name":"\u00c9ditions Pow Pow","article_publisher":"https:\/\/www.facebook.com\/editionspowpow","article_modified_time":"2026-02-09T15:33:41+00:00","og_image":[{"width":450,"height":594,"url":"https:\/\/edition-pow-pow-bucket.storage.googleapis.com\/wp-content\/uploads\/2023\/04\/journal_couverture-2.jpg","type":"image\/jpeg"}],"twitter_card":"summary_large_image","twitter_site":"@editionspowpow","twitter_misc":{"Est. reading time":"1 minute"},"schema":{"@context":"https:\/\/schema.org","@graph":[{"@type":"WebPage","@id":"https:\/\/editionspowpow.com\/en\/produits\/journal\/","url":"https:\/\/editionspowpow.com\/en\/produits\/journal\/","name":"Journal - \u00c9ditions Pow Pow","isPartOf":{"@id":"https:\/\/editionspowpow.com\/en\/#website"},"primaryImageOfPage":{"@id":"https:\/\/editionspowpow.com\/en\/produits\/journal\/#primaryimage"},"image":{"@id":"https:\/\/editionspowpow.com\/en\/produits\/journal\/#primaryimage"},"thumbnailUrl":"https:\/\/edition-pow-pow-bucket.storage.googleapis.com\/wp-content\/uploads\/2023\/04\/journal_couverture-2.jpg","datePublished":"2023-04-17T18:18:46+00:00","dateModified":"2026-02-09T15:33:41+00:00","breadcrumb":{"@id":"https:\/\/editionspowpow.com\/en\/produits\/journal\/#breadcrumb"},"inLanguage":"en-US","potentialAction":[{"@type":"ReadAction","target":["https:\/\/editionspowpow.com\/en\/produits\/journal\/"]}]},{"@type":"ImageObject","inLanguage":"en-US","@id":"https:\/\/editionspowpow.com\/en\/produits\/journal\/#primaryimage","url":"https:\/\/edition-pow-pow-bucket.storage.googleapis.com\/wp-content\/uploads\/2023\/04\/journal_couverture-2.jpg","contentUrl":"https:\/\/edition-pow-pow-bucket.storage.googleapis.com\/wp-content\/uploads\/2023\/04\/journal_couverture-2.jpg","width":450,"height":594},{"@type":"BreadcrumbList","@id":"https:\/\/editionspowpow.com\/en\/produits\/journal\/#breadcrumb","itemListElement":[{"@type":"ListItem","position":1,"name":"Home","item":"https:\/\/editionspowpow.com\/en\/"},{"@type":"ListItem","position":2,"name":"Shop","item":"https:\/\/editionspowpow.com\/en\/shop\/"},{"@type":"ListItem","position":3,"name":"Journal"}]},{"@type":"WebSite","@id":"https:\/\/editionspowpow.com\/en\/#website","url":"https:\/\/editionspowpow.com\/en\/","name":"\u00c9ditions Pow Pow","description":"","publisher":{"@id":"https:\/\/editionspowpow.com\/en\/#organization"},"potentialAction":[{"@type":"SearchAction","target":{"@type":"EntryPoint","urlTemplate":"https:\/\/editionspowpow.com\/en\/?s={search_term_string}"},"query-input":{"@type":"PropertyValueSpecification","valueRequired":true,"valueName":"search_term_string"}}],"inLanguage":"en-US"},{"@type":"Organization","@id":"https:\/\/editionspowpow.com\/en\/#organization","name":"\u00c9ditions Pow Pow","url":"https:\/\/editionspowpow.com\/en\/","logo":{"@type":"ImageObject","inLanguage":"en-US","@id":"https:\/\/editionspowpow.com\/en\/#\/schema\/logo\/image\/","url":"https:\/\/edition-pow-pow-bucket.storage.googleapis.com\/wp-content\/uploads\/2024\/03\/logo_site_pow_pow_VERTICAL.png","contentUrl":"https:\/\/edition-pow-pow-bucket.storage.googleapis.com\/wp-content\/uploads\/2024\/03\/logo_site_pow_pow_VERTICAL.png","width":1600,"height":1200,"caption":"\u00c9ditions Pow Pow"},"image":{"@id":"https:\/\/editionspowpow.com\/en\/#\/schema\/logo\/image\/"},"sameAs":["https:\/\/www.facebook.com\/editionspowpow","https:\/\/x.com\/editionspowpow"]}]}},"_links":{"self":[{"href":"https:\/\/editionspowpow.com\/en\/wp-json\/wp\/v2\/product\/23665","targetHints":{"allow":["GET"]}}],"collection":[{"href":"https:\/\/editionspowpow.com\/en\/wp-json\/wp\/v2\/product"}],"about":[{"href":"https:\/\/editionspowpow.com\/en\/wp-json\/wp\/v2\/types\/product"}],"wp:featuredmedia":[{"embeddable":true,"href":"https:\/\/editionspowpow.com\/en\/wp-json\/wp\/v2\/media\/1631"}],"wp:attachment":[{"href":"https:\/\/editionspowpow.com\/en\/wp-json\/wp\/v2\/media?parent=23665"}],"wp:term":[{"taxonomy":"product_brand","embeddable":true,"href":"https:\/\/editionspowpow.com\/en\/wp-json\/wp\/v2\/product_brand?post=23665"},{"taxonomy":"product_cat","embeddable":true,"href":"https:\/\/editionspowpow.com\/en\/wp-json\/wp\/v2\/product_cat?post=23665"},{"taxonomy":"product_tag","embeddable":true,"href":"https:\/\/editionspowpow.com\/en\/wp-json\/wp\/v2\/product_tag?post=23665"}],"curies":[{"name":"wp","href":"https:\/\/api.w.org\/{rel}","templated":true}]}}