{"id":23667,"date":"2023-04-17T14:32:19","date_gmt":"2023-04-17T18:32:19","guid":{"rendered":"https:\/\/editionspowpow.com\/boutique\/cest-comme-ca-que-je-disparais\/"},"modified":"2026-02-09T11:33:37","modified_gmt":"2026-02-09T15:33:37","slug":"cest-comme-ca-que-je-disparais","status":"publish","type":"product","link":"https:\/\/editionspowpow.com\/en\/produits\/cest-comme-ca-que-je-disparais\/","title":{"rendered":"C&#8217;est comme \u00e7a que je disparais"},"content":{"rendered":"<p>\u00abLa premi\u00e8re fois o\u00f9 j\u2019ai eu le go\u00fbt de mourir, j\u2019avais genre euh 12 ans? Mais \u00e7a compte pas, \u00e7a compte pas celle-l\u00e0.\u00bb Entre un emploi qui lui prend tout son temps et une d\u00e9pression qui la paralyse, Clara est incapable de terminer le recueil de po\u00e9sie sur lequel elle travaille. Ses amies tentent de l\u2019aider. Mais ce n\u2019est pas toujours simple de s\u2019ouvrir aux autres et d\u2019expliquer ce que c\u2019est, ce vide qui remplit tout. <em>C\u2019est comme \u00e7a que je disparais<\/em> est le premier r\u00e9cit de fiction sign\u00e9 par Mirion Malle.<\/p>\n","protected":false},"excerpt":{"rendered":"<p>\u00abLa premi\u00e8re fois o\u00f9 j\u2019ai eu le go\u00fbt de mourir, j\u2019avais genre euh 12 ans? Mais \u00e7a compte pas, \u00e7a compte pas celle-l\u00e0.\u00bb Entre un emploi qui lui prend tout son temps et une d\u00e9pression qui la paralyse, Clara est incapable de terminer le recueil de po\u00e9sie sur lequel elle travaille. Ses amies tentent de [&hellip;]<\/p>\n","protected":false},"featured_media":1706,"template":"","meta":{"_acf_changed":false},"product_brand":[],"product_cat":[271],"product_tag":[317,327,328],"class_list":{"0":"post-23667","1":"product","2":"type-product","3":"status-publish","4":"has-post-thumbnail","6":"wc_square_synced-yes","7":"product_cat-comic","8":"product_tag-lgbtq-en-2","9":"product_tag-recit-intime-en","10":"product_tag-sante-mentale-en","11":"product_shipping_class-format-standard-en","13":"first","14":"instock","15":"taxable","16":"shipping-taxable","17":"purchasable","18":"product-type-simple"},"acf":{"language":"fr","other_language_products":"","authors":[{"author_title":22407,"is_custom_job_title":false,"job_titles":[]}],"total_pages":206,"isbn":"978-2-924049-65-5","release_date":"20200810","other_release_dates":null,"has_product_excerpt":true,"button_excerpt_position":"left","accent_color":"#DDB9D3","awards":[{"content":"Finaliste \u2013 Joe Shuster Awards 2021 (Best cartoonist)"},{"content":"Finaliste \u2013 prix B\u00e9d\u00e9lys Qu\u00e9bec 2021"},{"content":"Liste pr\u00e9liminaire du Prix des libraires du Qu\u00e9bec 2021 (Bande dessin\u00e9e s\u00e9lection Qu\u00e9bec)"},{"content":"Finaliste \u2013 Prix BD des coll\u00e9giens 2020"},{"content":"Finaliste \u2013 Prix de la critique ACBD de la bande dessin\u00e9e qu\u00e9b\u00e9coise 2020"},{"content":"BD la plus vendue dans les librairies ind\u00e9pendantes le 12 ao\u00fbt 2020"},{"content":"Coup de c\u0153ur \u2013 Renaud-Bray"}],"comments":[{"content":"La fine ligne noire de l\u2019artiste convoque et d\u00e9tourne les codes de la d\u00e9licatesse, comme pour illustrer une myriade d\u2019interpr\u00e9tations de nos \u00e9tats sensibles, de nos relations, de nos identit\u00e9s. [\u2026] Avec <em>C\u2019est comme \u00e7a que je disparais,<\/em> Mirion Malle prouve que l\u2019\u00e9criture peut b\u00e9n\u00e9ficier de l\u2019empathie. \u2605\u2605\u2605\u2605","credit_group":{"content":"Virginie Fournier, Lettre qu\u00e9b\u00e9coises, 23 septembre 2020","link":"","is_external_link":true}},{"content":"Juste beaucoup d\u2019authenticit\u00e9, de pudeur et de style. L\u2019\u00e9criture est fine et l\u2019imaginaire visuel, resplendissant. Bref, vous ne devez pas louper ce petit bijou\u2026","credit_group":{"content":"Cl\u00e9ment Aubrun, Terrafemina, 23 janvier 2020","link":"https:\/\/www.terrafemina.com\/article\/bande-dessinee-pourquoi-il-faut-lire-c-est-comme-ca-que-je-disparais-de-mirion-malle_a352180\/1","is_external_link":true}},{"content":"C\u2019est comme \u00e7a que je disparais, une longue bande dessin\u00e9e qui d\u00e9cortique avec une sensibilit\u00e9 rare les m\u00e9canismes complexes de la d\u00e9pression. [\u2026] Avec son trait en noir et blanc pr\u00e9cis, Mirion Malle retranscrit chacun des \u00e9tats \u00e9motionnels complexes de son h\u00e9ro\u00efne.","credit_group":{"content":"Pauline Le Gall, ChEEk Magazine, 27 janvier 2020","link":"","is_external_link":true}},{"content":"Le livre est d\u2019une vraie modernit\u00e9 dans les \u00e9v\u00e9nements narr\u00e9s, s\u2019appuyant notamment sur des publications sur les r\u00e9seaux sociaux comme ressorts narratifs, sans faire de cette id\u00e9e un simple gadget \u00e0 la mode. [\u2026] convaincant et touchant. \u2605\u2605\u2605\u2605","credit_group":{"content":"Benjamin Roure, BoDo\u00ef, 11 f\u00e9vrier 2020","link":"http:\/\/www.bodoi.info\/cest-comme-ca-que-je-disparais\/","is_external_link":true}},{"content":"Pour son premier r\u00e9cit de fiction, Mirion Malle nous offre une BD d\u2019une grande justesse sur un mal insidieux qui isole trop souvent ceux qui en souffrent.","credit_group":{"content":"St\u00e9phanie Morin, La Presse, 15 juillet 2020","link":"https:\/\/www.lapresse.ca\/arts\/litterature\/2020-07-15\/des-bd-pour-l-ete.php","is_external_link":true}},{"content":"Le dessin de Mirion Malle v\u00e9hicule \u00e0 merveille les \u00e9motions contradictoires de son h\u00e9ro\u00efne, Clara, qui n\u2019a plus vraiment envie de vivre. \u2605\u2605\u2605\u2605","credit_group":{"content":"Sarah Boumedda, Le Devoir, 15 ao\u00fbt 2020","link":"https:\/\/www.ledevoir.com\/lire\/584097\/roman-graphique-c-est-comme-ca-que-je-disparais-avoir-le-gout-de-mourir","is_external_link":true}},{"content":"Une fiction qui, avec une adresse d\u00e9concertante, d\u00e9cortique la d\u00e9pression. [\u2026] D\u2019un trait simple noir, clair et \u00e9vocateur, cette BD fera assur\u00e9ment \u0153uvre utile en raison du sujet abord\u00e9.","credit_group":{"content":"Jos\u00e9e-Anne Paradis, Les libraires, 31 ao\u00fbt 2020","link":"https:\/\/revue.leslibraires.ca\/articles\/bande-dessinee\/la-rentree-litteraire-2020-bande-dessinee\/","is_external_link":true}},{"content":"[M]algr\u00e9 la gravit\u00e9 du sujet, tout ce mal-\u00eatre est pr\u00e9sent\u00e9 d\u2019une mani\u00e8re tr\u00e8s d\u00e9licate. Eh oui, on peut traiter de la maladie mentale d\u2019une mani\u00e8re convaincante et sensible dans une bande dessin\u00e9e! Les dessins de Mirion Malle, d\u2019un style \u00e9pur\u00e9 et simple, r\u00e9ussissent en peu de traits \u00e0 capter la d\u00e9tresse ressentie par Clara, allant jusqu\u2019\u00e0 supprimer les traits et expressions de son visage.","credit_group":{"content":"Marise Bellet\u00eate, La griffonneuse, 8 septembre 2020","link":"https:\/\/www.lagriffonneuse.com\/bandes-dessinees\/cest-comme-ca-que-je-disparais-de-mirion-malle","is_external_link":true}},{"content":"Un ouvrage pudique et touchant, qui sonne juste, et dans l\u2019air du temps. Notre coup de c\u0153ur de la rentr\u00e9e.","credit_group":{"content":"Lucie Laumonier, Bible urbaine, 24 septembre 2020","link":"https:\/\/labibleurbaine.com\/litterature\/3-chouettes-bandes-dessinees-de-la-rentree-a-decouvrir\/","is_external_link":true}},{"content":"Coup de c\u0153ur pour les dialogues de Mirion Malle. D\u00e9couvrez ce livre!","credit_group":{"content":"Simon Boulerice, Cette ann\u00e9e-l\u00e0, T\u00e9l\u00e9-Qu\u00e9bec, 10 octobre 2020","link":"","is_external_link":false}}],"video_gallery":[{"video_url":"https:\/\/www.youtube.com\/watch?v=UkKieumn-T8","title":"C'est comme \u00e7a que je disparais <br>\u2014 Mirion Malle","video_preview":20722,"video_duration":"1:14"}]},"yoast_head":"<!-- This site is optimized with the Yoast SEO plugin v26.9 - https:\/\/yoast.com\/product\/yoast-seo-wordpress\/ -->\n<title>C&#039;est comme \u00e7a que je disparais - \u00c9ditions Pow Pow<\/title>\n<meta name=\"robots\" content=\"index, follow, max-snippet:-1, max-image-preview:large, max-video-preview:-1\" \/>\n<link rel=\"canonical\" href=\"https:\/\/editionspowpow.com\/en\/produits\/cest-comme-ca-que-je-disparais\/\" \/>\n<meta property=\"og:locale\" content=\"en_US\" \/>\n<meta property=\"og:type\" content=\"article\" \/>\n<meta property=\"og:title\" content=\"C&#039;est comme \u00e7a que je disparais - \u00c9ditions Pow Pow\" \/>\n<meta property=\"og:description\" content=\"\u00abLa premi\u00e8re fois o\u00f9 j\u2019ai eu le go\u00fbt de mourir, j\u2019avais genre euh 12 ans? Mais \u00e7a compte pas, \u00e7a compte pas celle-l\u00e0.\u00bb Entre un emploi qui lui prend tout son temps et une d\u00e9pression qui la paralyse, Clara est incapable de terminer le recueil de po\u00e9sie sur lequel elle travaille. Ses amies tentent de [&hellip;]\" \/>\n<meta property=\"og:url\" content=\"https:\/\/editionspowpow.com\/en\/produits\/cest-comme-ca-que-je-disparais\/\" \/>\n<meta property=\"og:site_name\" content=\"\u00c9ditions Pow Pow\" \/>\n<meta property=\"article:publisher\" content=\"https:\/\/www.facebook.com\/editionspowpow\" \/>\n<meta property=\"article:modified_time\" content=\"2026-02-09T15:33:37+00:00\" \/>\n<meta property=\"og:image\" content=\"https:\/\/edition-pow-pow-bucket.storage.googleapis.com\/wp-content\/uploads\/2023\/04\/POW_couverture_comme_ca_HD-1.jpg\" \/>\n\t<meta property=\"og:image:width\" content=\"1455\" \/>\n\t<meta property=\"og:image:height\" content=\"1920\" \/>\n\t<meta property=\"og:image:type\" content=\"image\/jpeg\" \/>\n<meta name=\"twitter:card\" content=\"summary_large_image\" \/>\n<meta name=\"twitter:site\" content=\"@editionspowpow\" \/>\n<meta name=\"twitter:label1\" content=\"Est. reading time\" \/>\n\t<meta name=\"twitter:data1\" content=\"1 minute\" \/>\n<script type=\"application\/ld+json\" class=\"yoast-schema-graph\">{\"@context\":\"https:\/\/schema.org\",\"@graph\":[{\"@type\":\"WebPage\",\"@id\":\"https:\/\/editionspowpow.com\/en\/produits\/cest-comme-ca-que-je-disparais\/\",\"url\":\"https:\/\/editionspowpow.com\/en\/produits\/cest-comme-ca-que-je-disparais\/\",\"name\":\"C'est comme \u00e7a que je disparais - \u00c9ditions Pow Pow\",\"isPartOf\":{\"@id\":\"https:\/\/editionspowpow.com\/en\/#website\"},\"primaryImageOfPage\":{\"@id\":\"https:\/\/editionspowpow.com\/en\/produits\/cest-comme-ca-que-je-disparais\/#primaryimage\"},\"image\":{\"@id\":\"https:\/\/editionspowpow.com\/en\/produits\/cest-comme-ca-que-je-disparais\/#primaryimage\"},\"thumbnailUrl\":\"https:\/\/edition-pow-pow-bucket.storage.googleapis.com\/wp-content\/uploads\/2023\/04\/POW_couverture_comme_ca_HD-1.jpg\",\"datePublished\":\"2023-04-17T18:32:19+00:00\",\"dateModified\":\"2026-02-09T15:33:37+00:00\",\"breadcrumb\":{\"@id\":\"https:\/\/editionspowpow.com\/en\/produits\/cest-comme-ca-que-je-disparais\/#breadcrumb\"},\"inLanguage\":\"en-US\",\"potentialAction\":[{\"@type\":\"ReadAction\",\"target\":[\"https:\/\/editionspowpow.com\/en\/produits\/cest-comme-ca-que-je-disparais\/\"]}]},{\"@type\":\"ImageObject\",\"inLanguage\":\"en-US\",\"@id\":\"https:\/\/editionspowpow.com\/en\/produits\/cest-comme-ca-que-je-disparais\/#primaryimage\",\"url\":\"https:\/\/edition-pow-pow-bucket.storage.googleapis.com\/wp-content\/uploads\/2023\/04\/POW_couverture_comme_ca_HD-1.jpg\",\"contentUrl\":\"https:\/\/edition-pow-pow-bucket.storage.googleapis.com\/wp-content\/uploads\/2023\/04\/POW_couverture_comme_ca_HD-1.jpg\",\"width\":1455,\"height\":1920},{\"@type\":\"BreadcrumbList\",\"@id\":\"https:\/\/editionspowpow.com\/en\/produits\/cest-comme-ca-que-je-disparais\/#breadcrumb\",\"itemListElement\":[{\"@type\":\"ListItem\",\"position\":1,\"name\":\"Home\",\"item\":\"https:\/\/editionspowpow.com\/en\/\"},{\"@type\":\"ListItem\",\"position\":2,\"name\":\"Shop\",\"item\":\"https:\/\/editionspowpow.com\/en\/shop\/\"},{\"@type\":\"ListItem\",\"position\":3,\"name\":\"C&rsquo;est comme \u00e7a que je disparais\"}]},{\"@type\":\"WebSite\",\"@id\":\"https:\/\/editionspowpow.com\/en\/#website\",\"url\":\"https:\/\/editionspowpow.com\/en\/\",\"name\":\"\u00c9ditions Pow Pow\",\"description\":\"\",\"publisher\":{\"@id\":\"https:\/\/editionspowpow.com\/en\/#organization\"},\"potentialAction\":[{\"@type\":\"SearchAction\",\"target\":{\"@type\":\"EntryPoint\",\"urlTemplate\":\"https:\/\/editionspowpow.com\/en\/?s={search_term_string}\"},\"query-input\":{\"@type\":\"PropertyValueSpecification\",\"valueRequired\":true,\"valueName\":\"search_term_string\"}}],\"inLanguage\":\"en-US\"},{\"@type\":\"Organization\",\"@id\":\"https:\/\/editionspowpow.com\/en\/#organization\",\"name\":\"\u00c9ditions Pow Pow\",\"url\":\"https:\/\/editionspowpow.com\/en\/\",\"logo\":{\"@type\":\"ImageObject\",\"inLanguage\":\"en-US\",\"@id\":\"https:\/\/editionspowpow.com\/en\/#\/schema\/logo\/image\/\",\"url\":\"https:\/\/edition-pow-pow-bucket.storage.googleapis.com\/wp-content\/uploads\/2024\/03\/logo_site_pow_pow_VERTICAL.png\",\"contentUrl\":\"https:\/\/edition-pow-pow-bucket.storage.googleapis.com\/wp-content\/uploads\/2024\/03\/logo_site_pow_pow_VERTICAL.png\",\"width\":1600,\"height\":1200,\"caption\":\"\u00c9ditions Pow Pow\"},\"image\":{\"@id\":\"https:\/\/editionspowpow.com\/en\/#\/schema\/logo\/image\/\"},\"sameAs\":[\"https:\/\/www.facebook.com\/editionspowpow\",\"https:\/\/x.com\/editionspowpow\"]}]}<\/script>\n<!-- \/ Yoast SEO plugin. -->","yoast_head_json":{"title":"C'est comme \u00e7a que je disparais - \u00c9ditions Pow Pow","robots":{"index":"index","follow":"follow","max-snippet":"max-snippet:-1","max-image-preview":"max-image-preview:large","max-video-preview":"max-video-preview:-1"},"canonical":"https:\/\/editionspowpow.com\/en\/produits\/cest-comme-ca-que-je-disparais\/","og_locale":"en_US","og_type":"article","og_title":"C'est comme \u00e7a que je disparais - \u00c9ditions Pow Pow","og_description":"\u00abLa premi\u00e8re fois o\u00f9 j\u2019ai eu le go\u00fbt de mourir, j\u2019avais genre euh 12 ans? Mais \u00e7a compte pas, \u00e7a compte pas celle-l\u00e0.\u00bb Entre un emploi qui lui prend tout son temps et une d\u00e9pression qui la paralyse, Clara est incapable de terminer le recueil de po\u00e9sie sur lequel elle travaille. Ses amies tentent de [&hellip;]","og_url":"https:\/\/editionspowpow.com\/en\/produits\/cest-comme-ca-que-je-disparais\/","og_site_name":"\u00c9ditions Pow Pow","article_publisher":"https:\/\/www.facebook.com\/editionspowpow","article_modified_time":"2026-02-09T15:33:37+00:00","og_image":[{"width":1455,"height":1920,"url":"https:\/\/edition-pow-pow-bucket.storage.googleapis.com\/wp-content\/uploads\/2023\/04\/POW_couverture_comme_ca_HD-1.jpg","type":"image\/jpeg"}],"twitter_card":"summary_large_image","twitter_site":"@editionspowpow","twitter_misc":{"Est. reading time":"1 minute"},"schema":{"@context":"https:\/\/schema.org","@graph":[{"@type":"WebPage","@id":"https:\/\/editionspowpow.com\/en\/produits\/cest-comme-ca-que-je-disparais\/","url":"https:\/\/editionspowpow.com\/en\/produits\/cest-comme-ca-que-je-disparais\/","name":"C'est comme \u00e7a que je disparais - \u00c9ditions Pow Pow","isPartOf":{"@id":"https:\/\/editionspowpow.com\/en\/#website"},"primaryImageOfPage":{"@id":"https:\/\/editionspowpow.com\/en\/produits\/cest-comme-ca-que-je-disparais\/#primaryimage"},"image":{"@id":"https:\/\/editionspowpow.com\/en\/produits\/cest-comme-ca-que-je-disparais\/#primaryimage"},"thumbnailUrl":"https:\/\/edition-pow-pow-bucket.storage.googleapis.com\/wp-content\/uploads\/2023\/04\/POW_couverture_comme_ca_HD-1.jpg","datePublished":"2023-04-17T18:32:19+00:00","dateModified":"2026-02-09T15:33:37+00:00","breadcrumb":{"@id":"https:\/\/editionspowpow.com\/en\/produits\/cest-comme-ca-que-je-disparais\/#breadcrumb"},"inLanguage":"en-US","potentialAction":[{"@type":"ReadAction","target":["https:\/\/editionspowpow.com\/en\/produits\/cest-comme-ca-que-je-disparais\/"]}]},{"@type":"ImageObject","inLanguage":"en-US","@id":"https:\/\/editionspowpow.com\/en\/produits\/cest-comme-ca-que-je-disparais\/#primaryimage","url":"https:\/\/edition-pow-pow-bucket.storage.googleapis.com\/wp-content\/uploads\/2023\/04\/POW_couverture_comme_ca_HD-1.jpg","contentUrl":"https:\/\/edition-pow-pow-bucket.storage.googleapis.com\/wp-content\/uploads\/2023\/04\/POW_couverture_comme_ca_HD-1.jpg","width":1455,"height":1920},{"@type":"BreadcrumbList","@id":"https:\/\/editionspowpow.com\/en\/produits\/cest-comme-ca-que-je-disparais\/#breadcrumb","itemListElement":[{"@type":"ListItem","position":1,"name":"Home","item":"https:\/\/editionspowpow.com\/en\/"},{"@type":"ListItem","position":2,"name":"Shop","item":"https:\/\/editionspowpow.com\/en\/shop\/"},{"@type":"ListItem","position":3,"name":"C&rsquo;est comme \u00e7a que je disparais"}]},{"@type":"WebSite","@id":"https:\/\/editionspowpow.com\/en\/#website","url":"https:\/\/editionspowpow.com\/en\/","name":"\u00c9ditions Pow Pow","description":"","publisher":{"@id":"https:\/\/editionspowpow.com\/en\/#organization"},"potentialAction":[{"@type":"SearchAction","target":{"@type":"EntryPoint","urlTemplate":"https:\/\/editionspowpow.com\/en\/?s={search_term_string}"},"query-input":{"@type":"PropertyValueSpecification","valueRequired":true,"valueName":"search_term_string"}}],"inLanguage":"en-US"},{"@type":"Organization","@id":"https:\/\/editionspowpow.com\/en\/#organization","name":"\u00c9ditions Pow Pow","url":"https:\/\/editionspowpow.com\/en\/","logo":{"@type":"ImageObject","inLanguage":"en-US","@id":"https:\/\/editionspowpow.com\/en\/#\/schema\/logo\/image\/","url":"https:\/\/edition-pow-pow-bucket.storage.googleapis.com\/wp-content\/uploads\/2024\/03\/logo_site_pow_pow_VERTICAL.png","contentUrl":"https:\/\/edition-pow-pow-bucket.storage.googleapis.com\/wp-content\/uploads\/2024\/03\/logo_site_pow_pow_VERTICAL.png","width":1600,"height":1200,"caption":"\u00c9ditions Pow Pow"},"image":{"@id":"https:\/\/editionspowpow.com\/en\/#\/schema\/logo\/image\/"},"sameAs":["https:\/\/www.facebook.com\/editionspowpow","https:\/\/x.com\/editionspowpow"]}]}},"_links":{"self":[{"href":"https:\/\/editionspowpow.com\/en\/wp-json\/wp\/v2\/product\/23667","targetHints":{"allow":["GET"]}}],"collection":[{"href":"https:\/\/editionspowpow.com\/en\/wp-json\/wp\/v2\/product"}],"about":[{"href":"https:\/\/editionspowpow.com\/en\/wp-json\/wp\/v2\/types\/product"}],"wp:featuredmedia":[{"embeddable":true,"href":"https:\/\/editionspowpow.com\/en\/wp-json\/wp\/v2\/media\/1706"}],"wp:attachment":[{"href":"https:\/\/editionspowpow.com\/en\/wp-json\/wp\/v2\/media?parent=23667"}],"wp:term":[{"taxonomy":"product_brand","embeddable":true,"href":"https:\/\/editionspowpow.com\/en\/wp-json\/wp\/v2\/product_brand?post=23667"},{"taxonomy":"product_cat","embeddable":true,"href":"https:\/\/editionspowpow.com\/en\/wp-json\/wp\/v2\/product_cat?post=23667"},{"taxonomy":"product_tag","embeddable":true,"href":"https:\/\/editionspowpow.com\/en\/wp-json\/wp\/v2\/product_tag?post=23667"}],"curies":[{"name":"wp","href":"https:\/\/api.w.org\/{rel}","templated":true}]}}