{"id":23675,"date":"2023-04-17T14:28:17","date_gmt":"2023-04-17T18:28:17","guid":{"rendered":"https:\/\/editionspowpow.com\/boutique\/chroniques-de-jeunesse\/"},"modified":"2026-02-09T11:33:39","modified_gmt":"2026-02-09T15:33:39","slug":"chroniques-de-jeunesse","status":"publish","type":"product","link":"https:\/\/editionspowpow.com\/en\/produits\/chroniques-de-jeunesse\/","title":{"rendered":"Chroniques de jeunesse"},"content":{"rendered":"<p>Avant d\u2019aller \u00e0 Pyongyang, \u00e0 Shenzhen et \u00e0 J\u00e9rusalem, Guy Delisle a v\u00e9cu \u00e0 Qu\u00e9bec o\u00f9, durant trois \u00e9t\u00e9s, il a travaill\u00e9 dans la m\u00eame usine de p\u00e2te et papier que son p\u00e8re. Avec <em>Chroniques de jeunesse,<\/em> l\u2019auteur revient sur son exp\u00e9rience de gars de shop, dressant un portrait dr\u00f4le et touchant du milieu ouvrier et de ses ann\u00e9es formatrices en tant qu\u2019artiste.<\/p>\n","protected":false},"excerpt":{"rendered":"<p>Avant d\u2019aller \u00e0 Pyongyang, \u00e0 Shenzhen et \u00e0 J\u00e9rusalem, Guy Delisle a v\u00e9cu \u00e0 Qu\u00e9bec o\u00f9, durant trois \u00e9t\u00e9s, il a travaill\u00e9 dans la m\u00eame usine de p\u00e2te et papier que son p\u00e8re. Avec Chroniques de jeunesse, l\u2019auteur revient sur son exp\u00e9rience de gars de shop, dressant un portrait dr\u00f4le et touchant du milieu ouvrier [&hellip;]<\/p>\n","protected":false},"featured_media":1916,"template":"","meta":{"_acf_changed":false},"product_brand":[],"product_cat":[271],"product_tag":[261,316,319,267],"class_list":{"0":"post-23675","1":"product","2":"type-product","3":"status-publish","4":"has-post-thumbnail","6":"wc_square_synced-yes","7":"product_cat-comic","8":"product_tag-documentary","9":"product_tag-quotidien-en","10":"product_tag-recit-dapprentissage-en","11":"product_tag-teenage","12":"product_shipping_class-format-standard-en","14":"first","15":"instock","16":"taxable","17":"shipping-taxable","18":"purchasable","19":"product-type-simple"},"acf":{"language":"fr","other_language_products":"","authors":[{"author_title":22284,"is_custom_job_title":false,"job_titles":[]}],"total_pages":160,"isbn":"978-2-924049-91-4","release_date":"20210126","other_release_dates":null,"has_product_excerpt":true,"button_excerpt_position":"right","accent_color":"#96C121","awards":[{"content":"Les libraires conseillent \u2013 S\u00e9lection de f\u00e9vrier 2021"},{"content":"Coup de c\u0153ur \u2013 Renaud-Bray"}],"comments":[{"content":"J\u2019ai beaucoup aim\u00e9. [\u2026] C\u2019est tr\u00e8s touchant, on retrouve l\u2019alter ego de Guy qu\u2019on a suivi \u00e0 travers [ses autres livres], on a l\u2019impression d\u2019ajouter un chapitre \u00e0 cette longue histoire.","credit_group":{"content":"Jean-Paul Eid, Plus on est de fous, plus on lit! (Radio-Canada), 21 janvier 2021","link":"https:\/\/ici.radio-canada.ca\/ohdio\/premiere\/emissions\/plus-on-est-de-fous-plus-on-lit\/segments\/chronique\/340233\/guy-delisle-bd-chronique-de-jeunesse","is_external_link":true}},{"content":"C\u2019est un tr\u00e8s bel album!","credit_group":{"content":"Marie-Louise Arsenault, Plus on est de fous, plus on lit! (Radio-Canada), 21 janvier 2021","link":"https:\/\/ici.radio-canada.ca\/ohdio\/premiere\/emissions\/plus-on-est-de-fous-plus-on-lit\/segments\/chronique\/340233\/guy-delisle-bd-chronique-de-jeunesse","is_external_link":true}},{"content":"Aiguill\u00e9 de son l\u00e9gendaire sens de l\u2019observation, l\u2019artiste replonge dans ses ann\u00e9es formatrices dans le roman graphique <em>Chroniques de jeunesse.<\/em>","credit_group":{"content":"Marie-Lise Rousseau, Journal M\u00e9tro, 22 janvier 2021","link":"https:\/\/journalmetro.com\/culture\/2601473\/chroniques-de-jeunesse-de-guy-delisle-un-artiste-a-lusine\/","is_external_link":true}},{"content":"[\u2026] voil\u00e0 que le surdou\u00e9 b\u00e9d\u00e9iste Guy Delisle nous entra\u00eene dans un voyage nostalgique qui nous permettra de revivre avec lui ses ann\u00e9es de \u00abgars de shop\u00bb, alors qu\u2019il travaillait avec son p\u00e8re dans une usine de p\u00e2tes et papiers, et d\u2019apprenti dessinateur. \u2605\u2605\u2605\u2605\u2605","credit_group":{"content":"Fran\u00e7ois Lemay, Le Devoir, 23 janvier 2021","link":"https:\/\/www.ledevoir.com\/lire\/593746\/i-chroniques-de-jeunesse-i-guy-delisle-pow-pow","is_external_link":true}},{"content":"[\u2026] l\u2019illustrateur qu\u00e9b\u00e9cois Guy Delisle raconte son passage \u00e0 l\u2019\u00e2ge adulte dans une nouvelle BD fascinante, <em>Chroniques de jeunesse.<\/em>","credit_group":{"content":"Marie-France Bornais, Le Journal de Qu\u00e9bec, 24 janvier 2021","link":"http:\/\/www.journaldequebec.com\/2021\/01\/24\/trois-etes-de-shifts-a-lusine","is_external_link":true}},{"content":"<em>Chroniques de jeunesse<\/em> met en sc\u00e8ne une galerie de personnages color\u00e9s, soit les ouvriers avec qui Guy Delisle, alors \u00e9tudiant en arts plastiques, a partag\u00e9 son quotidien pendant trois \u00e9t\u00e9s [\u2026] Aujourd\u2019hui, ces ouvriers revivent sous la plume de Delisle, tout comme l\u2019usine, qui est sans conteste le personnage principal du r\u00e9cit. En effet, Guy Delisle n\u2019est pas avare de d\u00e9tails pour raconter le fonctionnement des machines, les t\u00e2ches r\u00e9p\u00e9titives que les employ\u00e9s devaient accomplir, les dangers qui guettaient ces derniers\u2026","credit_group":{"content":"St\u00e9phanie Morin, La Presse, 25 janvier 2021","link":"https:\/\/www.lapresse.ca\/arts\/litterature\/2021-01-25\/bande-dessinee\/guy-delisle-chroniques-de-l-usine.php","is_external_link":true}},{"content":"Guy Delisle nous fait vivre un voyage dans son pass\u00e9. [\u2026] C\u2019est tr\u00e8s r\u00e9ussi, parce c\u2019est aussi les premiers pas de l\u2019artiste vers la BD professionnelle. [\u2026] Et les couleurs, fantastiques! [\u2026] C\u2019est un tr\u00e8s, tr\u00e8s, tr\u00e8s bel ouvrage.","credit_group":{"content":"Alexandre Courteau, Tellement Courteau (Radio-Canada), 1 f\u00e9vrier 2021","link":"https:\/\/ici.radio-canada.ca\/ohdio\/musique\/emissions\/6003\/tellementcourteau","is_external_link":true}},{"content":"Un tr\u00e8s bel hommage autant \u00e0 [l\u2019usine], qu\u2019au b\u00e2timent, un hommage aussi \u00e0 la production de papier au Qu\u00e9bec. [\u2026] Un tr\u00e8s, tr\u00e8s, tr\u00e8s bon Guy Delisle!","credit_group":{"content":"B\u00e4rbel Reinke, Les matins \u00e9ph\u00e9m\u00e8res (CKRL), 11 f\u00e9vrier 2021","link":"","is_external_link":false}},{"content":"Guy Delisle y livre non seulement son album le plus personnel en carri\u00e8re, mais son meilleur.","credit_group":{"content":"Jean-Dominic Leduc, Les libraires, 15 f\u00e9vrier 2021","link":"https:\/\/revue.leslibraires.ca\/entrevues\/bande-dessinee\/guy-delisle-retour-vers-la-jeunesse\/","is_external_link":true}},{"content":"Pour les dessins magnifiques, le r\u00e9cit personnel, les personnages attachants, ou les anecdotes amusantes, je vous recommande cette bande dessin\u00e9e \u00e0 d\u00e9vorer.","credit_group":{"content":"Simon Cordeau, Journal Le Nord, 16 f\u00e9vrier 2021","link":"https:\/\/www.journallenord.com\/culture\/trois-etes-dans-une-papeterie-avec-guy-delisle\/","is_external_link":true}},{"content":"Sans pr\u00e9tention, Guy Delisle nous brosse un portrait de ce qu\u2019il \u00e9tait \u00e0 la sortie de l\u2019adolescence. Pour terminer, j\u2019aimerais citer les mots du narrateur. Ce dernier, apr\u00e8s avoir vu un employ\u00e9 exp\u00e9riment\u00e9 ranger un lourd boyau d\u2019un seul mouvement de bras, s\u2019exclame: \u00abC\u2019est beau, l\u2019exp\u00e9rience!\u00bb En refermant l\u2019album, j\u2019ai pens\u00e9 la m\u00eame chose. \u2605\u2605\u2605\u2605","credit_group":{"content":"Fran\u00e7ois Cloutier, Lettre qu\u00e9b\u00e9coises, 2 mars 2021","link":"","is_external_link":false}},{"content":"J\u2019ai ador\u00e9 ce livre-l\u00e0!","credit_group":{"content":"Fred Savard, Cette ann\u00e9e-l\u00e0, 23 avril 2021","link":"","is_external_link":false}},{"content":"On y retrouve des planches \u00e0 la composition fouill\u00e9e et aux d\u00e9cors travaill\u00e9s qui caract\u00e9risent le minutieux travail de Delisle. L\u2019humour est toujours au rendez-vous, m\u00eame si quelques pages sont empreintes d\u2019une certaine gravit\u00e9. Acclam\u00e9 par la critique, cet ouvrage chaleureux permet de renouer avec un auteur bien aim\u00e9 du public.","credit_group":{"content":"Lucie Laumonier, Bible urbaine, 28 avril 2021","link":"https:\/\/labibleurbaine.com\/litterature\/4-suggestions-de-bandes-dessinees-pour-mieux-profiter-du-printemps\/","is_external_link":true}},{"content":"Derri\u00e8re l\u2019apparente froideur des tonnes de papiers et sous la poussi\u00e8re d\u2019une usine bien connue dans la capitale se cache un r\u00e9cit initiatique des plus touchants.","credit_group":{"content":"William P\u00e9pin, Impact Campus, 26 juillet 2021","link":"http:\/\/impactcampus.ca\/arts-et-culture\/chroniques-de-jeunesse-defroisser-passe-critique-bande-dessinee\/","is_external_link":true}}],"video_gallery":[{"video_url":"https:\/\/youtu.be\/F7aP4xLPsqc","title":"Chroniques de jeunesse \u2013 Guy Delisle","video_preview":20748,"video_duration":"0:54"}]},"yoast_head":"<!-- This site is optimized with the Yoast SEO plugin v26.9 - https:\/\/yoast.com\/product\/yoast-seo-wordpress\/ -->\n<title>Chroniques de jeunesse - \u00c9ditions Pow Pow<\/title>\n<meta name=\"robots\" content=\"index, follow, max-snippet:-1, max-image-preview:large, max-video-preview:-1\" \/>\n<link rel=\"canonical\" href=\"https:\/\/editionspowpow.com\/en\/produits\/chroniques-de-jeunesse\/\" \/>\n<meta property=\"og:locale\" content=\"en_US\" \/>\n<meta property=\"og:type\" content=\"article\" \/>\n<meta property=\"og:title\" content=\"Chroniques de jeunesse - \u00c9ditions Pow Pow\" \/>\n<meta property=\"og:description\" content=\"Avant d\u2019aller \u00e0 Pyongyang, \u00e0 Shenzhen et \u00e0 J\u00e9rusalem, Guy Delisle a v\u00e9cu \u00e0 Qu\u00e9bec o\u00f9, durant trois \u00e9t\u00e9s, il a travaill\u00e9 dans la m\u00eame usine de p\u00e2te et papier que son p\u00e8re. Avec Chroniques de jeunesse, l\u2019auteur revient sur son exp\u00e9rience de gars de shop, dressant un portrait dr\u00f4le et touchant du milieu ouvrier [&hellip;]\" \/>\n<meta property=\"og:url\" content=\"https:\/\/editionspowpow.com\/en\/produits\/chroniques-de-jeunesse\/\" \/>\n<meta property=\"og:site_name\" content=\"\u00c9ditions Pow Pow\" \/>\n<meta property=\"article:publisher\" content=\"https:\/\/www.facebook.com\/editionspowpow\" \/>\n<meta property=\"article:modified_time\" content=\"2026-02-09T15:33:39+00:00\" \/>\n<meta property=\"og:image\" content=\"https:\/\/edition-pow-pow-bucket.storage.googleapis.com\/wp-content\/uploads\/2023\/04\/ch_jeunesse_couverture-1.jpg\" \/>\n\t<meta property=\"og:image:width\" content=\"1455\" \/>\n\t<meta property=\"og:image:height\" content=\"1920\" \/>\n\t<meta property=\"og:image:type\" content=\"image\/jpeg\" \/>\n<meta name=\"twitter:card\" content=\"summary_large_image\" \/>\n<meta name=\"twitter:site\" content=\"@editionspowpow\" \/>\n<meta name=\"twitter:label1\" content=\"Est. reading time\" \/>\n\t<meta name=\"twitter:data1\" content=\"1 minute\" \/>\n<script type=\"application\/ld+json\" class=\"yoast-schema-graph\">{\"@context\":\"https:\/\/schema.org\",\"@graph\":[{\"@type\":\"WebPage\",\"@id\":\"https:\/\/editionspowpow.com\/en\/produits\/chroniques-de-jeunesse\/\",\"url\":\"https:\/\/editionspowpow.com\/en\/produits\/chroniques-de-jeunesse\/\",\"name\":\"Chroniques de jeunesse - \u00c9ditions Pow Pow\",\"isPartOf\":{\"@id\":\"https:\/\/editionspowpow.com\/en\/#website\"},\"primaryImageOfPage\":{\"@id\":\"https:\/\/editionspowpow.com\/en\/produits\/chroniques-de-jeunesse\/#primaryimage\"},\"image\":{\"@id\":\"https:\/\/editionspowpow.com\/en\/produits\/chroniques-de-jeunesse\/#primaryimage\"},\"thumbnailUrl\":\"https:\/\/edition-pow-pow-bucket.storage.googleapis.com\/wp-content\/uploads\/2023\/04\/ch_jeunesse_couverture-1.jpg\",\"datePublished\":\"2023-04-17T18:28:17+00:00\",\"dateModified\":\"2026-02-09T15:33:39+00:00\",\"breadcrumb\":{\"@id\":\"https:\/\/editionspowpow.com\/en\/produits\/chroniques-de-jeunesse\/#breadcrumb\"},\"inLanguage\":\"en-US\",\"potentialAction\":[{\"@type\":\"ReadAction\",\"target\":[\"https:\/\/editionspowpow.com\/en\/produits\/chroniques-de-jeunesse\/\"]}]},{\"@type\":\"ImageObject\",\"inLanguage\":\"en-US\",\"@id\":\"https:\/\/editionspowpow.com\/en\/produits\/chroniques-de-jeunesse\/#primaryimage\",\"url\":\"https:\/\/edition-pow-pow-bucket.storage.googleapis.com\/wp-content\/uploads\/2023\/04\/ch_jeunesse_couverture-1.jpg\",\"contentUrl\":\"https:\/\/edition-pow-pow-bucket.storage.googleapis.com\/wp-content\/uploads\/2023\/04\/ch_jeunesse_couverture-1.jpg\",\"width\":1455,\"height\":1920},{\"@type\":\"BreadcrumbList\",\"@id\":\"https:\/\/editionspowpow.com\/en\/produits\/chroniques-de-jeunesse\/#breadcrumb\",\"itemListElement\":[{\"@type\":\"ListItem\",\"position\":1,\"name\":\"Home\",\"item\":\"https:\/\/editionspowpow.com\/en\/\"},{\"@type\":\"ListItem\",\"position\":2,\"name\":\"Shop\",\"item\":\"https:\/\/editionspowpow.com\/en\/shop\/\"},{\"@type\":\"ListItem\",\"position\":3,\"name\":\"Chroniques de jeunesse\"}]},{\"@type\":\"WebSite\",\"@id\":\"https:\/\/editionspowpow.com\/en\/#website\",\"url\":\"https:\/\/editionspowpow.com\/en\/\",\"name\":\"\u00c9ditions Pow Pow\",\"description\":\"\",\"publisher\":{\"@id\":\"https:\/\/editionspowpow.com\/en\/#organization\"},\"potentialAction\":[{\"@type\":\"SearchAction\",\"target\":{\"@type\":\"EntryPoint\",\"urlTemplate\":\"https:\/\/editionspowpow.com\/en\/?s={search_term_string}\"},\"query-input\":{\"@type\":\"PropertyValueSpecification\",\"valueRequired\":true,\"valueName\":\"search_term_string\"}}],\"inLanguage\":\"en-US\"},{\"@type\":\"Organization\",\"@id\":\"https:\/\/editionspowpow.com\/en\/#organization\",\"name\":\"\u00c9ditions Pow Pow\",\"url\":\"https:\/\/editionspowpow.com\/en\/\",\"logo\":{\"@type\":\"ImageObject\",\"inLanguage\":\"en-US\",\"@id\":\"https:\/\/editionspowpow.com\/en\/#\/schema\/logo\/image\/\",\"url\":\"https:\/\/edition-pow-pow-bucket.storage.googleapis.com\/wp-content\/uploads\/2024\/03\/logo_site_pow_pow_VERTICAL.png\",\"contentUrl\":\"https:\/\/edition-pow-pow-bucket.storage.googleapis.com\/wp-content\/uploads\/2024\/03\/logo_site_pow_pow_VERTICAL.png\",\"width\":1600,\"height\":1200,\"caption\":\"\u00c9ditions Pow Pow\"},\"image\":{\"@id\":\"https:\/\/editionspowpow.com\/en\/#\/schema\/logo\/image\/\"},\"sameAs\":[\"https:\/\/www.facebook.com\/editionspowpow\",\"https:\/\/x.com\/editionspowpow\"]}]}<\/script>\n<!-- \/ Yoast SEO plugin. -->","yoast_head_json":{"title":"Chroniques de jeunesse - \u00c9ditions Pow Pow","robots":{"index":"index","follow":"follow","max-snippet":"max-snippet:-1","max-image-preview":"max-image-preview:large","max-video-preview":"max-video-preview:-1"},"canonical":"https:\/\/editionspowpow.com\/en\/produits\/chroniques-de-jeunesse\/","og_locale":"en_US","og_type":"article","og_title":"Chroniques de jeunesse - \u00c9ditions Pow Pow","og_description":"Avant d\u2019aller \u00e0 Pyongyang, \u00e0 Shenzhen et \u00e0 J\u00e9rusalem, Guy Delisle a v\u00e9cu \u00e0 Qu\u00e9bec o\u00f9, durant trois \u00e9t\u00e9s, il a travaill\u00e9 dans la m\u00eame usine de p\u00e2te et papier que son p\u00e8re. Avec Chroniques de jeunesse, l\u2019auteur revient sur son exp\u00e9rience de gars de shop, dressant un portrait dr\u00f4le et touchant du milieu ouvrier [&hellip;]","og_url":"https:\/\/editionspowpow.com\/en\/produits\/chroniques-de-jeunesse\/","og_site_name":"\u00c9ditions Pow Pow","article_publisher":"https:\/\/www.facebook.com\/editionspowpow","article_modified_time":"2026-02-09T15:33:39+00:00","og_image":[{"width":1455,"height":1920,"url":"https:\/\/edition-pow-pow-bucket.storage.googleapis.com\/wp-content\/uploads\/2023\/04\/ch_jeunesse_couverture-1.jpg","type":"image\/jpeg"}],"twitter_card":"summary_large_image","twitter_site":"@editionspowpow","twitter_misc":{"Est. reading time":"1 minute"},"schema":{"@context":"https:\/\/schema.org","@graph":[{"@type":"WebPage","@id":"https:\/\/editionspowpow.com\/en\/produits\/chroniques-de-jeunesse\/","url":"https:\/\/editionspowpow.com\/en\/produits\/chroniques-de-jeunesse\/","name":"Chroniques de jeunesse - \u00c9ditions Pow Pow","isPartOf":{"@id":"https:\/\/editionspowpow.com\/en\/#website"},"primaryImageOfPage":{"@id":"https:\/\/editionspowpow.com\/en\/produits\/chroniques-de-jeunesse\/#primaryimage"},"image":{"@id":"https:\/\/editionspowpow.com\/en\/produits\/chroniques-de-jeunesse\/#primaryimage"},"thumbnailUrl":"https:\/\/edition-pow-pow-bucket.storage.googleapis.com\/wp-content\/uploads\/2023\/04\/ch_jeunesse_couverture-1.jpg","datePublished":"2023-04-17T18:28:17+00:00","dateModified":"2026-02-09T15:33:39+00:00","breadcrumb":{"@id":"https:\/\/editionspowpow.com\/en\/produits\/chroniques-de-jeunesse\/#breadcrumb"},"inLanguage":"en-US","potentialAction":[{"@type":"ReadAction","target":["https:\/\/editionspowpow.com\/en\/produits\/chroniques-de-jeunesse\/"]}]},{"@type":"ImageObject","inLanguage":"en-US","@id":"https:\/\/editionspowpow.com\/en\/produits\/chroniques-de-jeunesse\/#primaryimage","url":"https:\/\/edition-pow-pow-bucket.storage.googleapis.com\/wp-content\/uploads\/2023\/04\/ch_jeunesse_couverture-1.jpg","contentUrl":"https:\/\/edition-pow-pow-bucket.storage.googleapis.com\/wp-content\/uploads\/2023\/04\/ch_jeunesse_couverture-1.jpg","width":1455,"height":1920},{"@type":"BreadcrumbList","@id":"https:\/\/editionspowpow.com\/en\/produits\/chroniques-de-jeunesse\/#breadcrumb","itemListElement":[{"@type":"ListItem","position":1,"name":"Home","item":"https:\/\/editionspowpow.com\/en\/"},{"@type":"ListItem","position":2,"name":"Shop","item":"https:\/\/editionspowpow.com\/en\/shop\/"},{"@type":"ListItem","position":3,"name":"Chroniques de jeunesse"}]},{"@type":"WebSite","@id":"https:\/\/editionspowpow.com\/en\/#website","url":"https:\/\/editionspowpow.com\/en\/","name":"\u00c9ditions Pow Pow","description":"","publisher":{"@id":"https:\/\/editionspowpow.com\/en\/#organization"},"potentialAction":[{"@type":"SearchAction","target":{"@type":"EntryPoint","urlTemplate":"https:\/\/editionspowpow.com\/en\/?s={search_term_string}"},"query-input":{"@type":"PropertyValueSpecification","valueRequired":true,"valueName":"search_term_string"}}],"inLanguage":"en-US"},{"@type":"Organization","@id":"https:\/\/editionspowpow.com\/en\/#organization","name":"\u00c9ditions Pow Pow","url":"https:\/\/editionspowpow.com\/en\/","logo":{"@type":"ImageObject","inLanguage":"en-US","@id":"https:\/\/editionspowpow.com\/en\/#\/schema\/logo\/image\/","url":"https:\/\/edition-pow-pow-bucket.storage.googleapis.com\/wp-content\/uploads\/2024\/03\/logo_site_pow_pow_VERTICAL.png","contentUrl":"https:\/\/edition-pow-pow-bucket.storage.googleapis.com\/wp-content\/uploads\/2024\/03\/logo_site_pow_pow_VERTICAL.png","width":1600,"height":1200,"caption":"\u00c9ditions Pow Pow"},"image":{"@id":"https:\/\/editionspowpow.com\/en\/#\/schema\/logo\/image\/"},"sameAs":["https:\/\/www.facebook.com\/editionspowpow","https:\/\/x.com\/editionspowpow"]}]}},"_links":{"self":[{"href":"https:\/\/editionspowpow.com\/en\/wp-json\/wp\/v2\/product\/23675","targetHints":{"allow":["GET"]}}],"collection":[{"href":"https:\/\/editionspowpow.com\/en\/wp-json\/wp\/v2\/product"}],"about":[{"href":"https:\/\/editionspowpow.com\/en\/wp-json\/wp\/v2\/types\/product"}],"wp:featuredmedia":[{"embeddable":true,"href":"https:\/\/editionspowpow.com\/en\/wp-json\/wp\/v2\/media\/1916"}],"wp:attachment":[{"href":"https:\/\/editionspowpow.com\/en\/wp-json\/wp\/v2\/media?parent=23675"}],"wp:term":[{"taxonomy":"product_brand","embeddable":true,"href":"https:\/\/editionspowpow.com\/en\/wp-json\/wp\/v2\/product_brand?post=23675"},{"taxonomy":"product_cat","embeddable":true,"href":"https:\/\/editionspowpow.com\/en\/wp-json\/wp\/v2\/product_cat?post=23675"},{"taxonomy":"product_tag","embeddable":true,"href":"https:\/\/editionspowpow.com\/en\/wp-json\/wp\/v2\/product_tag?post=23675"}],"curies":[{"name":"wp","href":"https:\/\/api.w.org\/{rel}","templated":true}]}}