{"id":23677,"date":"2023-04-17T14:34:56","date_gmt":"2023-04-17T18:34:56","guid":{"rendered":"https:\/\/editionspowpow.com\/boutique\/chroniques-du-centre-sud-2\/"},"modified":"2026-02-09T11:33:37","modified_gmt":"2026-02-09T15:33:37","slug":"chroniques-du-centre-sud-2","status":"publish","type":"product","link":"https:\/\/editionspowpow.com\/en\/produits\/chroniques-du-centre-sud\/","title":{"rendered":"Chroniques du Centre-Sud"},"content":{"rendered":"<p>Nouvelle \u00e9dition avec une histoire bonus!<\/p>\n<p>Install\u00e9 depuis une vingtaine d\u2019ann\u00e9es dans le mythique Centre-Sud de Montr\u00e9al, Richard Suicide signe enfin la toute premi\u00e8re \u00e9tude anthropologique s\u00e9rieuse \u2013 sous forme de bande dessin\u00e9e \u2013 sur la faune\u00a0(houblonn\u00e9e) et la flore (gastrique) du v\u00e9n\u00e9rable quartier.<\/p>\n<p>Fiches\u00a0pratiques\u00a0et\u00a0graphiques\u00a0explicatifs \u00e0 l\u2019appui, l\u2019auteur livre entre deux brosses un portrait touchant de ces \u00e9clop\u00e9s qui se sont enfarg\u00e9s dans la rue Sherbrooke pour ensuite d\u00e9bouler la c\u00f4te jusqu\u2019\u00e0 Ontario.<\/p>\n<p>Ses\u00a0semblables,\u00a0ses\u00a0fr\u00e8res.<\/p>\n","protected":false},"excerpt":{"rendered":"<p>Nouvelle \u00e9dition avec une histoire bonus! Install\u00e9 depuis une vingtaine d\u2019ann\u00e9es dans le mythique Centre-Sud de Montr\u00e9al, Richard Suicide signe enfin la toute premi\u00e8re \u00e9tude anthropologique s\u00e9rieuse \u2013 sous forme de bande dessin\u00e9e \u2013 sur la faune\u00a0(houblonn\u00e9e) et la flore (gastrique) du v\u00e9n\u00e9rable quartier. Fiches\u00a0pratiques\u00a0et\u00a0graphiques\u00a0explicatifs \u00e0 l\u2019appui, l\u2019auteur livre entre deux brosses un portrait touchant [&hellip;]<\/p>\n","protected":false},"featured_media":1967,"template":"","meta":{"_acf_changed":false},"product_brand":[],"product_cat":[271],"product_tag":[314,323,316],"class_list":{"0":"post-23677","1":"product","2":"type-product","3":"status-publish","4":"has-post-thumbnail","6":"wc_square_synced-yes","7":"product_cat-comic","8":"product_tag-humour-parodique-en","9":"product_tag-montreal-en-2","10":"product_tag-quotidien-en","11":"product_shipping_class-format-standard-en","13":"first","14":"instock","15":"taxable","16":"shipping-taxable","17":"purchasable","18":"product-type-simple"},"acf":{"language":"fr","other_language_products":"","authors":[{"author_title":22419,"is_custom_job_title":false,"job_titles":[]}],"total_pages":124,"isbn":"978-2-924049-96-9","release_date":"20210302","other_release_dates":[{"date":"20210611","country":"Europe"}],"has_product_excerpt":true,"button_excerpt_position":"right","accent_color":"#F9DD4B","awards":[{"content":"Prix B\u00e9d\u00e9lys Qu\u00e9bec 2015"},{"content":"Prix Expozine 2014 (Bande dessin\u00e9e francophone)"},{"content":"Prix Marc-Olivier Lavertu 2014"},{"content":"Prix de l\u2019Acad\u00e9mie de la vie litt\u00e9raire 2015"},{"content":"Finaliste \u2013 Joe Shuster Awards 2015 (Best Cartoonist)"}],"comments":[{"content":"Solide et d\u00e9sopilante, l\u2019\u0153uvre permet de renouer avec le trait subversif de l\u2019auteur tout comme avec ses personnages \u00e0 long nez, \u00e0 gros seins et aux courbes oscillantes qui racontent ici le quotidien d\u2019un quartier d\u00e9rivant \u00e0 certains endroits entre ch\u00f4mage, pr\u00eateur sur gages et bi\u00e8re en caisse de 12.","credit_group":{"content":"Le Devoir, 15 mars 2014","link":"https:\/\/www.ledevoir.com\/lire\/402577\/centre-d-un-monde-et-centre-sud","is_external_link":true}},{"content":"Richard Suicide, avec <em>Chroniques du Centre-Sud,<\/em> permet de nous faire (re)d\u00e9couvrir avec son style bien \u00e0 lui l\u2019un des quartiers les plus complexes et sensibles de la m\u00e9tropole, et qui a connu nombre de transformations durant les derni\u00e8res ann\u00e9es. Bref, il s\u2019agit l\u00e0 d\u2019une oeuvre clairement \u00e0 part dans le paysage de la bande dessin\u00e9e francophone. \u2605\u2605\u2605\u2605","credit_group":{"content":"Affaires de gars, 15 mars 2014","link":"https:\/\/www.affairesdegars.com\/page\/article\/4156051912\/chroniques-du-centre-sud-un-portrait-unique-du-quartier-mythique-de-montreal.html","is_external_link":true}},{"content":"Un classique inesp\u00e9r\u00e9 [\u2026] Panoramique, certes festif, c\u2019est une v\u00e9ritable lettre d\u2019amour pour ce coin de la ville que l\u2019auteur nous livre. [\u2026] En cette \u00e8re de superficialit\u00e9 consomm\u00e9e, les <em>Chroniques du Centre-Sud<\/em> se prennent comme un grand bol d\u2019air frais aux effluves de bi\u00e8re rance, de friteuses fatigu\u00e9es et de monoxyde de carbone de vieilles minounes.","credit_group":{"content":"Journal de Montr\u00e9al, 26 avril 2014","link":"https:\/\/www.journaldemontreal.com\/2014\/04\/26\/un-classique-inespere","is_external_link":true}},{"content":"L\u2019ann\u00e9e est encore jeune, mais je serais tr\u00e8s surpris [\u2026] si une meilleure bande dessin\u00e9e qu\u00e9b\u00e9coise paraissait d\u2019ici la fin du calendrier. <em>Chroniques du Centre-Sud<\/em> est \u00e0 ce point r\u00e9ussie.","credit_group":{"content":"Ma m\u00e8re \u00e9tait hipster, 2 mai 2014","link":"","is_external_link":false}},{"content":"L\u2019auteur aurait pu facilement sombrer dans la moquerie ou la perfidie avec son propos, mais on sent ici qu\u2019il parle de ses voisins et amis, qu\u2019il aime son quartier et qu\u2019il veut nous le pr\u00e9senter \u2013 les bons c\u00f4t\u00e9s comme les mauvais.","credit_group":{"content":"\u00c9chocit\u00e9, 17 septembre 2014","link":"http:\/\/echocite.ville.montreal.qc.ca\/partir-dans-le-centre-sud\/","is_external_link":true}},{"content":"Suicide\u2019s archive rejects the language and visual practices of official memorialization for a comic, and graphic, portrayal of squalor. To sterilize the memory of Dorion and Ontario with photos of barbershops and factory workers, or a bildungsroman about escaping poverty and urban grit, would be to make art that complies with an official policy of \u201ccleanage\u201d.","credit_group":{"content":"The Town Crier, 6 mars 2015","link":"","is_external_link":false}},{"content":"[\u2026] il faut absolument lire les hilarantes <em>Chroniques du Centre-Sud<\/em> de Richard Suicide, le meilleur guide touristico-anthropologique pour s\u2019y initier.","credit_group":{"content":"Robert Laplante, Librairie Z, 15 mars 2021","link":"https:\/\/librairiezbookstore.com\/qc\/NOUVELLES-Z\/Billet\/entretien-avec-richard-suicide.html","is_external_link":false}},{"content":"Dr\u00f4les et savoureuses, ces <em>Chroniques du Centre-Sud<\/em> sont \u00e0 red\u00e9couvrir. [\u2026] En alternant descriptions pseudo-scientifiques du Bison et tranches-de-vie personnelles, Richard Suicide parvient \u00e0 donner un aper\u00e7u vivant et qui semble r\u00e9aliste du Centre-Sud des ann\u00e9es 1990. Il parle avec humour et affection de ses habitants, de ses lieux de vie et de son esprit \u00abmarginal\u00bb \u2013 vivre bancal, \u00e0 l\u2019\u00e9cart de la ru\u00e9e lib\u00e9rale.","credit_group":{"content":"Fr\u00e9d\u00e9ric Hojlo, ActuaBD, 17 ao\u00fbt 2021","link":"https:\/\/www.actuabd.com\/Chroniques-du-Centre-Sud-Par-Richard-Suicide-Editions-Pow-Pow-nouvelle-edition?fbclid=IwAR2NitTFlgbVXqe9ZoJ9s9g22aYKMly-_V00A5NjzDArGhFoGDC1zCM9UdM","is_external_link":true}}],"video_gallery":[{"video_url":"https:\/\/youtu.be\/0jgXd69HwpE","title":"Chroniques du Centre-Sud <br>\u2014 Richard Suicide","video_preview":20712,"video_duration":"1:04"}]},"yoast_head":"<!-- This site is optimized with the Yoast SEO plugin v26.9 - https:\/\/yoast.com\/product\/yoast-seo-wordpress\/ -->\n<title>Chroniques du Centre-Sud - \u00c9ditions Pow Pow<\/title>\n<meta name=\"robots\" content=\"index, follow, max-snippet:-1, max-image-preview:large, max-video-preview:-1\" \/>\n<link rel=\"canonical\" href=\"https:\/\/editionspowpow.com\/en\/produits\/chroniques-du-centre-sud\/\" \/>\n<meta property=\"og:locale\" content=\"en_US\" \/>\n<meta property=\"og:type\" content=\"article\" \/>\n<meta property=\"og:title\" content=\"Chroniques du Centre-Sud - \u00c9ditions Pow Pow\" \/>\n<meta property=\"og:description\" content=\"Nouvelle \u00e9dition avec une histoire bonus! Install\u00e9 depuis une vingtaine d\u2019ann\u00e9es dans le mythique Centre-Sud de Montr\u00e9al, Richard Suicide signe enfin la toute premi\u00e8re \u00e9tude anthropologique s\u00e9rieuse \u2013 sous forme de bande dessin\u00e9e \u2013 sur la faune\u00a0(houblonn\u00e9e) et la flore (gastrique) du v\u00e9n\u00e9rable quartier. Fiches\u00a0pratiques\u00a0et\u00a0graphiques\u00a0explicatifs \u00e0 l\u2019appui, l\u2019auteur livre entre deux brosses un portrait touchant [&hellip;]\" \/>\n<meta property=\"og:url\" content=\"https:\/\/editionspowpow.com\/en\/produits\/chroniques-du-centre-sud\/\" \/>\n<meta property=\"og:site_name\" content=\"\u00c9ditions Pow Pow\" \/>\n<meta property=\"article:publisher\" content=\"https:\/\/www.facebook.com\/editionspowpow\" \/>\n<meta property=\"article:modified_time\" content=\"2026-02-09T15:33:37+00:00\" \/>\n<meta property=\"og:image\" content=\"https:\/\/edition-pow-pow-bucket.storage.googleapis.com\/wp-content\/uploads\/2023\/04\/couverture_centre-sud_NE_RVB-1.jpg\" \/>\n\t<meta property=\"og:image:width\" content=\"900\" \/>\n\t<meta property=\"og:image:height\" content=\"1188\" \/>\n\t<meta property=\"og:image:type\" content=\"image\/jpeg\" \/>\n<meta name=\"twitter:card\" content=\"summary_large_image\" \/>\n<meta name=\"twitter:site\" content=\"@editionspowpow\" \/>\n<meta name=\"twitter:label1\" content=\"Est. reading time\" \/>\n\t<meta name=\"twitter:data1\" content=\"1 minute\" \/>\n<script type=\"application\/ld+json\" class=\"yoast-schema-graph\">{\"@context\":\"https:\/\/schema.org\",\"@graph\":[{\"@type\":\"WebPage\",\"@id\":\"https:\/\/editionspowpow.com\/en\/produits\/chroniques-du-centre-sud\/\",\"url\":\"https:\/\/editionspowpow.com\/en\/produits\/chroniques-du-centre-sud\/\",\"name\":\"Chroniques du Centre-Sud - \u00c9ditions Pow Pow\",\"isPartOf\":{\"@id\":\"https:\/\/editionspowpow.com\/en\/#website\"},\"primaryImageOfPage\":{\"@id\":\"https:\/\/editionspowpow.com\/en\/produits\/chroniques-du-centre-sud\/#primaryimage\"},\"image\":{\"@id\":\"https:\/\/editionspowpow.com\/en\/produits\/chroniques-du-centre-sud\/#primaryimage\"},\"thumbnailUrl\":\"https:\/\/edition-pow-pow-bucket.storage.googleapis.com\/wp-content\/uploads\/2023\/04\/couverture_centre-sud_NE_RVB-1.jpg\",\"datePublished\":\"2023-04-17T18:34:56+00:00\",\"dateModified\":\"2026-02-09T15:33:37+00:00\",\"breadcrumb\":{\"@id\":\"https:\/\/editionspowpow.com\/en\/produits\/chroniques-du-centre-sud\/#breadcrumb\"},\"inLanguage\":\"en-US\",\"potentialAction\":[{\"@type\":\"ReadAction\",\"target\":[\"https:\/\/editionspowpow.com\/en\/produits\/chroniques-du-centre-sud\/\"]}]},{\"@type\":\"ImageObject\",\"inLanguage\":\"en-US\",\"@id\":\"https:\/\/editionspowpow.com\/en\/produits\/chroniques-du-centre-sud\/#primaryimage\",\"url\":\"https:\/\/edition-pow-pow-bucket.storage.googleapis.com\/wp-content\/uploads\/2023\/04\/couverture_centre-sud_NE_RVB-1.jpg\",\"contentUrl\":\"https:\/\/edition-pow-pow-bucket.storage.googleapis.com\/wp-content\/uploads\/2023\/04\/couverture_centre-sud_NE_RVB-1.jpg\",\"width\":900,\"height\":1188},{\"@type\":\"BreadcrumbList\",\"@id\":\"https:\/\/editionspowpow.com\/en\/produits\/chroniques-du-centre-sud\/#breadcrumb\",\"itemListElement\":[{\"@type\":\"ListItem\",\"position\":1,\"name\":\"Home\",\"item\":\"https:\/\/editionspowpow.com\/en\/\"},{\"@type\":\"ListItem\",\"position\":2,\"name\":\"Shop\",\"item\":\"https:\/\/editionspowpow.com\/en\/shop\/\"},{\"@type\":\"ListItem\",\"position\":3,\"name\":\"Chroniques du Centre-Sud\"}]},{\"@type\":\"WebSite\",\"@id\":\"https:\/\/editionspowpow.com\/en\/#website\",\"url\":\"https:\/\/editionspowpow.com\/en\/\",\"name\":\"\u00c9ditions Pow Pow\",\"description\":\"\",\"publisher\":{\"@id\":\"https:\/\/editionspowpow.com\/en\/#organization\"},\"potentialAction\":[{\"@type\":\"SearchAction\",\"target\":{\"@type\":\"EntryPoint\",\"urlTemplate\":\"https:\/\/editionspowpow.com\/en\/?s={search_term_string}\"},\"query-input\":{\"@type\":\"PropertyValueSpecification\",\"valueRequired\":true,\"valueName\":\"search_term_string\"}}],\"inLanguage\":\"en-US\"},{\"@type\":\"Organization\",\"@id\":\"https:\/\/editionspowpow.com\/en\/#organization\",\"name\":\"\u00c9ditions Pow Pow\",\"url\":\"https:\/\/editionspowpow.com\/en\/\",\"logo\":{\"@type\":\"ImageObject\",\"inLanguage\":\"en-US\",\"@id\":\"https:\/\/editionspowpow.com\/en\/#\/schema\/logo\/image\/\",\"url\":\"https:\/\/edition-pow-pow-bucket.storage.googleapis.com\/wp-content\/uploads\/2024\/03\/logo_site_pow_pow_VERTICAL.png\",\"contentUrl\":\"https:\/\/edition-pow-pow-bucket.storage.googleapis.com\/wp-content\/uploads\/2024\/03\/logo_site_pow_pow_VERTICAL.png\",\"width\":1600,\"height\":1200,\"caption\":\"\u00c9ditions Pow Pow\"},\"image\":{\"@id\":\"https:\/\/editionspowpow.com\/en\/#\/schema\/logo\/image\/\"},\"sameAs\":[\"https:\/\/www.facebook.com\/editionspowpow\",\"https:\/\/x.com\/editionspowpow\"]}]}<\/script>\n<!-- \/ Yoast SEO plugin. -->","yoast_head_json":{"title":"Chroniques du Centre-Sud - \u00c9ditions Pow Pow","robots":{"index":"index","follow":"follow","max-snippet":"max-snippet:-1","max-image-preview":"max-image-preview:large","max-video-preview":"max-video-preview:-1"},"canonical":"https:\/\/editionspowpow.com\/en\/produits\/chroniques-du-centre-sud\/","og_locale":"en_US","og_type":"article","og_title":"Chroniques du Centre-Sud - \u00c9ditions Pow Pow","og_description":"Nouvelle \u00e9dition avec une histoire bonus! Install\u00e9 depuis une vingtaine d\u2019ann\u00e9es dans le mythique Centre-Sud de Montr\u00e9al, Richard Suicide signe enfin la toute premi\u00e8re \u00e9tude anthropologique s\u00e9rieuse \u2013 sous forme de bande dessin\u00e9e \u2013 sur la faune\u00a0(houblonn\u00e9e) et la flore (gastrique) du v\u00e9n\u00e9rable quartier. Fiches\u00a0pratiques\u00a0et\u00a0graphiques\u00a0explicatifs \u00e0 l\u2019appui, l\u2019auteur livre entre deux brosses un portrait touchant [&hellip;]","og_url":"https:\/\/editionspowpow.com\/en\/produits\/chroniques-du-centre-sud\/","og_site_name":"\u00c9ditions Pow Pow","article_publisher":"https:\/\/www.facebook.com\/editionspowpow","article_modified_time":"2026-02-09T15:33:37+00:00","og_image":[{"width":900,"height":1188,"url":"https:\/\/edition-pow-pow-bucket.storage.googleapis.com\/wp-content\/uploads\/2023\/04\/couverture_centre-sud_NE_RVB-1.jpg","type":"image\/jpeg"}],"twitter_card":"summary_large_image","twitter_site":"@editionspowpow","twitter_misc":{"Est. reading time":"1 minute"},"schema":{"@context":"https:\/\/schema.org","@graph":[{"@type":"WebPage","@id":"https:\/\/editionspowpow.com\/en\/produits\/chroniques-du-centre-sud\/","url":"https:\/\/editionspowpow.com\/en\/produits\/chroniques-du-centre-sud\/","name":"Chroniques du Centre-Sud - \u00c9ditions Pow Pow","isPartOf":{"@id":"https:\/\/editionspowpow.com\/en\/#website"},"primaryImageOfPage":{"@id":"https:\/\/editionspowpow.com\/en\/produits\/chroniques-du-centre-sud\/#primaryimage"},"image":{"@id":"https:\/\/editionspowpow.com\/en\/produits\/chroniques-du-centre-sud\/#primaryimage"},"thumbnailUrl":"https:\/\/edition-pow-pow-bucket.storage.googleapis.com\/wp-content\/uploads\/2023\/04\/couverture_centre-sud_NE_RVB-1.jpg","datePublished":"2023-04-17T18:34:56+00:00","dateModified":"2026-02-09T15:33:37+00:00","breadcrumb":{"@id":"https:\/\/editionspowpow.com\/en\/produits\/chroniques-du-centre-sud\/#breadcrumb"},"inLanguage":"en-US","potentialAction":[{"@type":"ReadAction","target":["https:\/\/editionspowpow.com\/en\/produits\/chroniques-du-centre-sud\/"]}]},{"@type":"ImageObject","inLanguage":"en-US","@id":"https:\/\/editionspowpow.com\/en\/produits\/chroniques-du-centre-sud\/#primaryimage","url":"https:\/\/edition-pow-pow-bucket.storage.googleapis.com\/wp-content\/uploads\/2023\/04\/couverture_centre-sud_NE_RVB-1.jpg","contentUrl":"https:\/\/edition-pow-pow-bucket.storage.googleapis.com\/wp-content\/uploads\/2023\/04\/couverture_centre-sud_NE_RVB-1.jpg","width":900,"height":1188},{"@type":"BreadcrumbList","@id":"https:\/\/editionspowpow.com\/en\/produits\/chroniques-du-centre-sud\/#breadcrumb","itemListElement":[{"@type":"ListItem","position":1,"name":"Home","item":"https:\/\/editionspowpow.com\/en\/"},{"@type":"ListItem","position":2,"name":"Shop","item":"https:\/\/editionspowpow.com\/en\/shop\/"},{"@type":"ListItem","position":3,"name":"Chroniques du Centre-Sud"}]},{"@type":"WebSite","@id":"https:\/\/editionspowpow.com\/en\/#website","url":"https:\/\/editionspowpow.com\/en\/","name":"\u00c9ditions Pow Pow","description":"","publisher":{"@id":"https:\/\/editionspowpow.com\/en\/#organization"},"potentialAction":[{"@type":"SearchAction","target":{"@type":"EntryPoint","urlTemplate":"https:\/\/editionspowpow.com\/en\/?s={search_term_string}"},"query-input":{"@type":"PropertyValueSpecification","valueRequired":true,"valueName":"search_term_string"}}],"inLanguage":"en-US"},{"@type":"Organization","@id":"https:\/\/editionspowpow.com\/en\/#organization","name":"\u00c9ditions Pow Pow","url":"https:\/\/editionspowpow.com\/en\/","logo":{"@type":"ImageObject","inLanguage":"en-US","@id":"https:\/\/editionspowpow.com\/en\/#\/schema\/logo\/image\/","url":"https:\/\/edition-pow-pow-bucket.storage.googleapis.com\/wp-content\/uploads\/2024\/03\/logo_site_pow_pow_VERTICAL.png","contentUrl":"https:\/\/edition-pow-pow-bucket.storage.googleapis.com\/wp-content\/uploads\/2024\/03\/logo_site_pow_pow_VERTICAL.png","width":1600,"height":1200,"caption":"\u00c9ditions Pow Pow"},"image":{"@id":"https:\/\/editionspowpow.com\/en\/#\/schema\/logo\/image\/"},"sameAs":["https:\/\/www.facebook.com\/editionspowpow","https:\/\/x.com\/editionspowpow"]}]}},"_links":{"self":[{"href":"https:\/\/editionspowpow.com\/en\/wp-json\/wp\/v2\/product\/23677","targetHints":{"allow":["GET"]}}],"collection":[{"href":"https:\/\/editionspowpow.com\/en\/wp-json\/wp\/v2\/product"}],"about":[{"href":"https:\/\/editionspowpow.com\/en\/wp-json\/wp\/v2\/types\/product"}],"wp:featuredmedia":[{"embeddable":true,"href":"https:\/\/editionspowpow.com\/en\/wp-json\/wp\/v2\/media\/1967"}],"wp:attachment":[{"href":"https:\/\/editionspowpow.com\/en\/wp-json\/wp\/v2\/media?parent=23677"}],"wp:term":[{"taxonomy":"product_brand","embeddable":true,"href":"https:\/\/editionspowpow.com\/en\/wp-json\/wp\/v2\/product_brand?post=23677"},{"taxonomy":"product_cat","embeddable":true,"href":"https:\/\/editionspowpow.com\/en\/wp-json\/wp\/v2\/product_cat?post=23677"},{"taxonomy":"product_tag","embeddable":true,"href":"https:\/\/editionspowpow.com\/en\/wp-json\/wp\/v2\/product_tag?post=23677"}],"curies":[{"name":"wp","href":"https:\/\/api.w.org\/{rel}","templated":true}]}}