{"id":23684,"date":"2023-04-17T14:18:46","date_gmt":"2023-04-17T18:18:46","guid":{"rendered":"https:\/\/editionspowpow.com\/boutique\/la-conquete-du-cosmos\/"},"modified":"2026-02-09T11:33:41","modified_gmt":"2026-02-09T15:33:41","slug":"la-conquete-du-cosmos","status":"publish","type":"product","link":"https:\/\/editionspowpow.com\/en\/produits\/la-conquete-du-cosmos\/","title":{"rendered":"La conqu\u00eate du cosmos"},"content":{"rendered":"<p>Quatre ans apr\u00e8s avoir ruin\u00e9 l\u2019histoire de l\u2019aviation avec <em>Les premiers aviateurs,<\/em> Alexandre Fontaine Rousseau et Francis Desharnais unissent \u00e0 nouveau leurs forces pour faire la passe \u00e0 la course \u00e0 l\u2019espace. <em>La conqu\u00eate du cosmos<\/em> relate cette lutte scientifique ayant oppos\u00e9 l\u2019URSS aux \u00c9tats-Unis \u00e0 l\u2019apog\u00e9e de la guerre froide. Tous les \u00e9v\u00e9nements marquants de cette aventure extraordinaire sont ici pr\u00e9sent\u00e9s dans leur plus factuelle r\u00e9alit\u00e9, \u00e0 l\u2019aide d\u2019effets sp\u00e9ciaux de pointe.<\/p>\n","protected":false},"excerpt":{"rendered":"<p>Quatre ans apr\u00e8s avoir ruin\u00e9 l\u2019histoire de l\u2019aviation avec Les premiers aviateurs, Alexandre Fontaine Rousseau et Francis Desharnais unissent \u00e0 nouveau leurs forces pour faire la passe \u00e0 la course \u00e0 l\u2019espace. La conqu\u00eate du cosmos relate cette lutte scientifique ayant oppos\u00e9 l\u2019URSS aux \u00c9tats-Unis \u00e0 l\u2019apog\u00e9e de la guerre froide. Tous les \u00e9v\u00e9nements marquants [&hellip;]<\/p>\n","protected":false},"featured_media":2072,"template":"","meta":{"_acf_changed":false},"product_brand":[],"product_cat":[271],"product_tag":[269,314],"class_list":{"0":"post-23684","1":"product","2":"type-product","3":"status-publish","4":"has-post-thumbnail","6":"wc_square_synced-yes","7":"product_cat-comic","8":"product_tag-historical","9":"product_tag-humour-parodique-en","10":"product_shipping_class-format-standard-en","12":"first","13":"instock","14":"taxable","15":"shipping-taxable","16":"purchasable","17":"product-type-simple"},"acf":{"language":"fr","other_language_products":"","authors":[{"author_title":22306,"is_custom_job_title":true,"job_titles":[178]},{"author_title":22292,"is_custom_job_title":true,"job_titles":[177]}],"total_pages":208,"isbn":"978-2-924049-84-6","release_date":"20210518","other_release_dates":[{"date":"20210820","country":"Europe"}],"has_product_excerpt":true,"button_excerpt_position":"left","accent_color":"#00A1D5","awards":[{"content":"Prix BDGest\u2019Arts\u00a0 (Meilleur comics)"},{"content":"Finaliste \u2013 prix B\u00e9d\u00e9lys Qu\u00e9bec 2022"},{"content":"Finaliste \u2013 Prix Marc-Olivier-Lavertu 2022"},{"content":"Finaliste \u2013 Prix Expozine 2021 (Bande dessin\u00e9e francophone)"},{"content":"Les libraires conseillent \u2013 S\u00e9lection d\u2019ao\u00fbt 2021"},{"content":"Coup de c\u0153ur \u2013 Renaud-Bray"}],"comments":[{"content":"C\u2019est dr\u00f4le, intelligent, et \u00e7a donne lieu \u00e0 quelques perles qui font franchement rire \u00e0 voix haute. \u00c0 mettre entre toutes les mains, sans mod\u00e9ration. \u2605\u2605\u2605\u2605","credit_group":{"content":"Fran\u00e7ois Lemay, Le Devoir, 29 mai 2021","link":"https:\/\/www.ledevoir.com\/lire\/605031\/bede-pascal-girard-une-affaire-de-famille","is_external_link":true}},{"content":"Les illustrations et le texte se rencontrent ainsi sur les planches afin de cr\u00e9er de \u00abpetits d\u00e9calages\u00bb, mais surtout des \u00absurprises\u00bb pour les lecteurs. Derri\u00e8re la couverture d\u2019apparence s\u00e9rieuse se cache donc un univers o\u00f9 r\u00e8gnent l\u2019ironie et l\u2019humour.","credit_group":{"content":"L\u00e9a Harvey, Le Soleil, 16 mai 2021","link":"https:\/\/www.lesoleil.com\/2021\/05\/16\/fontaine-rousseau-et-desharnais-revisitent-la-conquete-du-cosmos-73968462cde6fa0e82e4091eb7f0ada0\/","is_external_link":true}},{"content":"C\u2019est vraiment un travail formel tr\u00e8s particulier, c\u2019est une exp\u00e9rimentation, mais c\u2019est tr\u00e8s ludique, c\u2019est sympathique, c\u2019est dr\u00f4le. [\u2026] On va coller des dialogues compl\u00e8tement loufoques sur des grands \u00e9v\u00e9nements qui vont marquer l\u2019histoire de l\u2019humanit\u00e9 et c\u2019est l\u00e0 que tout l\u2019humour absurde va fonctionner. \u00c7a m\u2019a fait penser \u00e0 du Monty Python, \u00e0 du Claude Meunier, \u00e0 du Claude Cloutier..","credit_group":{"content":"Jean-Paul Eid, Plus on est de fous, plus on lit! (Radio-Canada), 19 mai 2021","link":"https:\/\/ici.radio-canada.ca\/ohdio\/premiere\/emissions\/plus-on-est-de-fous-plus-on-lit\/episodes\/533945\/rattrapage-du-mercredi-19-mai-2021","is_external_link":true}},{"content":"Pour notre plus grand bonheur Francis Desharnais au dessin et Alexandre Fontaine Rousseau au sc\u00e9nario sont r\u00e9unis de nouveau!","credit_group":{"content":"Marie-Louise Arsenault, Plus on est de fous, plus on lit! (Radio-Canada), 19 mai 2021","link":"https:\/\/ici.radio-canada.ca\/ohdio\/premiere\/emissions\/plus-on-est-de-fous-plus-on-lit\/episodes\/533945\/rattrapage-du-mercredi-19-mai-2021","is_external_link":true}},{"content":"Les dessins r\u00e9p\u00e9titifs de Desharnais et les textes d\u00e9cal\u00e9s de Fontaine Rousseau donnent un rythme comique \u00e0 l\u2019\u0153uvre qui provoque surprises et \u00e9clats de rire.","credit_group":{"content":"Tanya Beaumont, Entr\u00e9e libre (Radio-Canada), 21 mai 2021","link":"https:\/\/ici.radio-canada.ca\/nouvelle\/1794893\/le-miroir-conquete-cosmos-candlelight-new-bleach-impressions","is_external_link":true}},{"content":"C\u2019est irr\u00e9v\u00e9rencieux, c\u2019est niaiseux, \u00e7a n\u2019a pas le moindre souci de p\u00e9dagogie (Dieu merci !). C\u2019est du d\u00e9lire qui n\u2019est pas sans rappeler le Gotlib des belles ann\u00e9es.","credit_group":{"content":"St\u00e9phanie Morin, La Presse, 2 juin 2021","link":"https:\/\/www.lapresse.ca\/arts\/litterature\/2021-06-02\/bande-dessinee\/ce-que-la-presse-en-pense.php","is_external_link":true}},{"content":"Flanqu\u00e9 d\u2019une vingtaine de vignettes r\u00e9am\u00e9nag\u00e9es selon les besoins et reposant sur d\u2019hilarants dialogues dans un phras\u00e9 juv\u00e9nile, genre, l\u2019album d\u00e9montre que l\u2019homme est capable de s\u2019\u00e9lever dans les cieux tout en s\u2019enlisant dans son abyssale stupidit\u00e9. Une lecture o\u00f9 le rire c\u00f4toie habilement le d\u00e9sespoir, \u00e0 l\u2019instar de l\u2019ind\u00e9modable <em>Les id\u00e9es noires<\/em> d\u2019Andr\u00e9 Franquin.","credit_group":{"content":"Jean-Dominic Leduc, Journal de Qu\u00e9bec, 6 juin 2021","link":"https:\/\/www.journaldequebec.com\/2021\/06\/06\/rencontre-au-sommet","is_external_link":true}},{"content":"J\u2019ai eu beaucoup, mais beaucoup de plaisir, avec Francis Desharnais et son acolyte Alexandre Fontaine Rousseau. [\u2026] C\u2019est vraiment tordant, d\u00e9cal\u00e9, r\u00e9ussi!","credit_group":{"content":"Dominique Lemieux, Bouquins & Confidences (CKRL), 7 juin 2021","link":"https:\/\/www.mixcloud.com\/julie-collin\/bouquins-confidences-64-%C3%A9mission-du-7-juin-2021\/?fbclid=IwAR3ZA14lphtj9esw3Yw9Z6NXmjbq4WG39Ft-PT38_JJVaZaGm75ebvGum4c","is_external_link":true}},{"content":"J\u2019ai beaucoup aim\u00e9 \u00e7a, j\u2019ai trouv\u00e9 \u00e7a rafra\u00eechissant et j\u2019ai ri souvent! [\u2026] L\u2019objet livre est magnifique.","credit_group":{"content":"Les Myst\u00e9rieux \u00c9tonnants, 7 juin 2021","link":"https:\/\/www.mysterieuxetonnants.com\/emission-701-la-conquete-du-cosmos\/","is_external_link":true}},{"content":"L\u2019utilisation du parler populaire qu\u00e9b\u00e9cois et des tournures \u00e0 la mode (bro, dude, genre, etc.) cr\u00e9e un d\u00e9calage comique qui a le don de souligner l\u2019absurdit\u00e9 de certains moments moins glorieux de cette comp\u00e9tition scientifique.","credit_group":{"content":"La griffonneuse, 10 juin 2021","link":"https:\/\/www.lagriffonneuse.com\/bandes-dessinees\/la-conquete-du-cosmos-de-francis-desharnais-et-alexandre-fontaine-rousseau?fbclid=IwAR2hq-FtKwUvsDHqeNursaTG001sNqWUPGrS8adI6YCF-fIudBFLZ86Z89g","is_external_link":true}},{"content":"Le r\u00e9cit est loin d\u2019\u00eatre fid\u00e8le \u00e0 la r\u00e9alit\u00e9, vous l\u2019aurez devin\u00e9. N\u2019emp\u00eache qu\u2019avec esprit et humour, il pose un regard critique sur l\u2019absurdit\u00e9 de cette comp\u00e9tition tout en faisant astucieusement \u00e9cho \u00e0 l\u2019actualit\u00e9 r\u00e9cente.","credit_group":{"content":"Marie-Lise Rousseau, Journal M\u00e9tro, 11 juin 2021","link":"https:\/\/journalmetro.com\/culture\/2651048\/7e-ciel-on-craque-pour-la-conquete-du-cosmos-pinocchio-tout-le-monde-est-une-vedette\/","is_external_link":true}},{"content":"Avec <em>La Conqu\u00eate du cosmos,<\/em> les deux complices offrent un point de vue ironique sur la course aux \u00e9toiles men\u00e9e par l\u2019URSS et les \u00c9tats-Unis pendant la guerre froide. Leur regard ac\u00e9r\u00e9 en r\u00e9v\u00e8le l\u2019absurdit\u00e9 et l\u2019ambition d\u00e9mesur\u00e9e. [\u2026] Le dessin minimaliste de Francis Desharnais donne \u00e0 l\u2019album toute sa personnalit\u00e9. Les pages semblent compos\u00e9es de s\u00e9ries de vignettes identiques o\u00f9 seul le contenu des bulles change. Mais d\u2019infimes d\u00e9tails sont modifi\u00e9s d\u2019une case \u00e0 l\u2019autre et l\u2019on se prend \u00e0 jouer au jeu des diff\u00e9rences avec un plaisir non dissimul\u00e9. Ce malin proc\u00e9d\u00e9 artistique permet, en fin de compte, de mettre en avant le grand soin apport\u00e9 au dessin.","credit_group":{"content":"Lucie Laumonier, Bible urbaine, 23 juin 2021","link":"https:\/\/labibleurbaine.com\/litterature\/la-conquete-du-cosmos-dalexandre-fontaine-rousseau-et-francis-desharnais\/?fbclid=IwAR1ozreBlDJzZ3IpWO-V68qeOAYYv2Vkfs8QgALcJ-4tHoXKovFp71_S7H8","is_external_link":true}},{"content":"BD de genre, BD historique, BD exp\u00e9rimentale, oui, mais surtout BD immens\u00e9ment dr\u00f4le! <em>La conqu\u00eate du cosmos<\/em> telle que vue du c\u00f4t\u00e9 de la Belle Province s\u2019av\u00e8re particuli\u00e8rement r\u00e9ussie et percutante.","credit_group":{"content":"A. Perroud, BD Gest, 16 ao\u00fbt 2021","link":"https:\/\/www.bdgest.com\/chronique-10592-BD-La-conquete-du-cosmos-La-conquete-du-cosmos.html","is_external_link":true}},{"content":"Vraiment tr\u00e8s, tr\u00e8s dr\u00f4le! [\u2026] Il y a des d\u00e9tails tr\u00e8s justes et des dialogues totalement incroyables! [\u2026] Absolument g\u00e9nial, je ne peux que vous la conseiller.","credit_group":{"content":"La case en plus, Radio Campus Bruxelles, 28 ao\u00fbt 2021","link":"","is_external_link":false}},{"content":"L\u2019histoire est connue, les grandes \u00e9tapes marquantes parfaitement bien dat\u00e9es, mais la narration, la lecture que nous en proposent Alexandre Fontaine Rousseau et Francis Desharnais, deux auteurs qu\u00e9becois, est in\u00e9dite, insolite, d\u00e9sopilante, absurde, et d\u2019une dr\u00f4lerie jubilatoire.","credit_group":{"content":"David Lemoine, ComixTrip, 9 octobre 2021","link":"https:\/\/www.comixtrip.fr\/bibliotheque\/la-conquete-du-cosmos-fontaine-rousseau-desharnais-pow-pow\/","is_external_link":true}},{"content":"\u00c7a faisait longtemps que je n\u2019avais pas ri en lisant quelque chose! [\u2026] J\u2019avais l\u2019impression de lire du Monty Python tellement c\u2019est bien b\u00e2ti. [\u2026] C\u2019est extr\u00eamement dr\u00f4le et bien \u00e9crit.","credit_group":{"content":"Laurent Paquin, Culturama, 11 f\u00e9vrier 2022","link":"https:\/\/ici.artv.ca\/emissions\/culturama\/","is_external_link":true}},{"content":"Francis Desharnais et Alexandre Fontaine Rousseau d\u00e9boulonnent avec un flegme r\u00e9jouissant le mythe de la conqu\u00eate spatiale, peut-\u00eatre pas aussi glorieux qu\u2019on voudrait bien le croire. La course \u00e0 la Lune comme vous ne l\u2019avez jamais vue!","credit_group":{"content":"Laurent Proudhon, Benzine, 14 avril 2022","link":"https:\/\/www.benzinemag.net\/2022\/04\/14\/la-conquete-du-cosmos-y-a-t-il-un-pilote-dans-le-spoutnik\/","is_external_link":true}}],"video_gallery":[{"video_url":"https:\/\/www.youtube.com\/watch?v=AO9SxZgTbUY","title":"La conqu\u00eate du cosmos <br>\u2014 Alexandre Fontaine Rousseau et Francis Desharnais","video_preview":20776,"video_duration":"1:11"}]},"yoast_head":"<!-- This site is optimized with the Yoast SEO plugin v26.9 - https:\/\/yoast.com\/product\/yoast-seo-wordpress\/ -->\n<title>La conqu\u00eate du cosmos - \u00c9ditions Pow Pow<\/title>\n<meta name=\"robots\" content=\"index, follow, max-snippet:-1, max-image-preview:large, max-video-preview:-1\" \/>\n<link rel=\"canonical\" href=\"https:\/\/editionspowpow.com\/en\/produits\/la-conquete-du-cosmos\/\" \/>\n<meta property=\"og:locale\" content=\"en_US\" \/>\n<meta property=\"og:type\" content=\"article\" \/>\n<meta property=\"og:title\" content=\"La conqu\u00eate du cosmos - \u00c9ditions Pow Pow\" \/>\n<meta property=\"og:description\" content=\"Quatre ans apr\u00e8s avoir ruin\u00e9 l\u2019histoire de l\u2019aviation avec Les premiers aviateurs, Alexandre Fontaine Rousseau et Francis Desharnais unissent \u00e0 nouveau leurs forces pour faire la passe \u00e0 la course \u00e0 l\u2019espace. La conqu\u00eate du cosmos relate cette lutte scientifique ayant oppos\u00e9 l\u2019URSS aux \u00c9tats-Unis \u00e0 l\u2019apog\u00e9e de la guerre froide. Tous les \u00e9v\u00e9nements marquants [&hellip;]\" \/>\n<meta property=\"og:url\" content=\"https:\/\/editionspowpow.com\/en\/produits\/la-conquete-du-cosmos\/\" \/>\n<meta property=\"og:site_name\" content=\"\u00c9ditions Pow Pow\" \/>\n<meta property=\"article:publisher\" content=\"https:\/\/www.facebook.com\/editionspowpow\" \/>\n<meta property=\"article:modified_time\" content=\"2026-02-09T15:33:41+00:00\" \/>\n<meta property=\"og:image\" content=\"https:\/\/edition-pow-pow-bucket.storage.googleapis.com\/wp-content\/uploads\/2023\/04\/La-Conquete-du-cosmos-couv-21-04-06c-promo-C1-1.jpg\" \/>\n\t<meta property=\"og:image:width\" content=\"1455\" \/>\n\t<meta property=\"og:image:height\" content=\"1920\" \/>\n\t<meta property=\"og:image:type\" content=\"image\/jpeg\" \/>\n<meta name=\"twitter:card\" content=\"summary_large_image\" \/>\n<meta name=\"twitter:site\" content=\"@editionspowpow\" \/>\n<meta name=\"twitter:label1\" content=\"Est. reading time\" \/>\n\t<meta name=\"twitter:data1\" content=\"1 minute\" \/>\n<script type=\"application\/ld+json\" class=\"yoast-schema-graph\">{\"@context\":\"https:\/\/schema.org\",\"@graph\":[{\"@type\":\"WebPage\",\"@id\":\"https:\/\/editionspowpow.com\/en\/produits\/la-conquete-du-cosmos\/\",\"url\":\"https:\/\/editionspowpow.com\/en\/produits\/la-conquete-du-cosmos\/\",\"name\":\"La conqu\u00eate du cosmos - \u00c9ditions Pow Pow\",\"isPartOf\":{\"@id\":\"https:\/\/editionspowpow.com\/en\/#website\"},\"primaryImageOfPage\":{\"@id\":\"https:\/\/editionspowpow.com\/en\/produits\/la-conquete-du-cosmos\/#primaryimage\"},\"image\":{\"@id\":\"https:\/\/editionspowpow.com\/en\/produits\/la-conquete-du-cosmos\/#primaryimage\"},\"thumbnailUrl\":\"https:\/\/edition-pow-pow-bucket.storage.googleapis.com\/wp-content\/uploads\/2023\/04\/La-Conquete-du-cosmos-couv-21-04-06c-promo-C1-1.jpg\",\"datePublished\":\"2023-04-17T18:18:46+00:00\",\"dateModified\":\"2026-02-09T15:33:41+00:00\",\"breadcrumb\":{\"@id\":\"https:\/\/editionspowpow.com\/en\/produits\/la-conquete-du-cosmos\/#breadcrumb\"},\"inLanguage\":\"en-US\",\"potentialAction\":[{\"@type\":\"ReadAction\",\"target\":[\"https:\/\/editionspowpow.com\/en\/produits\/la-conquete-du-cosmos\/\"]}]},{\"@type\":\"ImageObject\",\"inLanguage\":\"en-US\",\"@id\":\"https:\/\/editionspowpow.com\/en\/produits\/la-conquete-du-cosmos\/#primaryimage\",\"url\":\"https:\/\/edition-pow-pow-bucket.storage.googleapis.com\/wp-content\/uploads\/2023\/04\/La-Conquete-du-cosmos-couv-21-04-06c-promo-C1-1.jpg\",\"contentUrl\":\"https:\/\/edition-pow-pow-bucket.storage.googleapis.com\/wp-content\/uploads\/2023\/04\/La-Conquete-du-cosmos-couv-21-04-06c-promo-C1-1.jpg\",\"width\":1455,\"height\":1920},{\"@type\":\"BreadcrumbList\",\"@id\":\"https:\/\/editionspowpow.com\/en\/produits\/la-conquete-du-cosmos\/#breadcrumb\",\"itemListElement\":[{\"@type\":\"ListItem\",\"position\":1,\"name\":\"Home\",\"item\":\"https:\/\/editionspowpow.com\/en\/\"},{\"@type\":\"ListItem\",\"position\":2,\"name\":\"Shop\",\"item\":\"https:\/\/editionspowpow.com\/en\/shop\/\"},{\"@type\":\"ListItem\",\"position\":3,\"name\":\"La conqu\u00eate du cosmos\"}]},{\"@type\":\"WebSite\",\"@id\":\"https:\/\/editionspowpow.com\/en\/#website\",\"url\":\"https:\/\/editionspowpow.com\/en\/\",\"name\":\"\u00c9ditions Pow Pow\",\"description\":\"\",\"publisher\":{\"@id\":\"https:\/\/editionspowpow.com\/en\/#organization\"},\"potentialAction\":[{\"@type\":\"SearchAction\",\"target\":{\"@type\":\"EntryPoint\",\"urlTemplate\":\"https:\/\/editionspowpow.com\/en\/?s={search_term_string}\"},\"query-input\":{\"@type\":\"PropertyValueSpecification\",\"valueRequired\":true,\"valueName\":\"search_term_string\"}}],\"inLanguage\":\"en-US\"},{\"@type\":\"Organization\",\"@id\":\"https:\/\/editionspowpow.com\/en\/#organization\",\"name\":\"\u00c9ditions Pow Pow\",\"url\":\"https:\/\/editionspowpow.com\/en\/\",\"logo\":{\"@type\":\"ImageObject\",\"inLanguage\":\"en-US\",\"@id\":\"https:\/\/editionspowpow.com\/en\/#\/schema\/logo\/image\/\",\"url\":\"https:\/\/edition-pow-pow-bucket.storage.googleapis.com\/wp-content\/uploads\/2024\/03\/logo_site_pow_pow_VERTICAL.png\",\"contentUrl\":\"https:\/\/edition-pow-pow-bucket.storage.googleapis.com\/wp-content\/uploads\/2024\/03\/logo_site_pow_pow_VERTICAL.png\",\"width\":1600,\"height\":1200,\"caption\":\"\u00c9ditions Pow Pow\"},\"image\":{\"@id\":\"https:\/\/editionspowpow.com\/en\/#\/schema\/logo\/image\/\"},\"sameAs\":[\"https:\/\/www.facebook.com\/editionspowpow\",\"https:\/\/x.com\/editionspowpow\"]}]}<\/script>\n<!-- \/ Yoast SEO plugin. -->","yoast_head_json":{"title":"La conqu\u00eate du cosmos - \u00c9ditions Pow Pow","robots":{"index":"index","follow":"follow","max-snippet":"max-snippet:-1","max-image-preview":"max-image-preview:large","max-video-preview":"max-video-preview:-1"},"canonical":"https:\/\/editionspowpow.com\/en\/produits\/la-conquete-du-cosmos\/","og_locale":"en_US","og_type":"article","og_title":"La conqu\u00eate du cosmos - \u00c9ditions Pow Pow","og_description":"Quatre ans apr\u00e8s avoir ruin\u00e9 l\u2019histoire de l\u2019aviation avec Les premiers aviateurs, Alexandre Fontaine Rousseau et Francis Desharnais unissent \u00e0 nouveau leurs forces pour faire la passe \u00e0 la course \u00e0 l\u2019espace. La conqu\u00eate du cosmos relate cette lutte scientifique ayant oppos\u00e9 l\u2019URSS aux \u00c9tats-Unis \u00e0 l\u2019apog\u00e9e de la guerre froide. Tous les \u00e9v\u00e9nements marquants [&hellip;]","og_url":"https:\/\/editionspowpow.com\/en\/produits\/la-conquete-du-cosmos\/","og_site_name":"\u00c9ditions Pow Pow","article_publisher":"https:\/\/www.facebook.com\/editionspowpow","article_modified_time":"2026-02-09T15:33:41+00:00","og_image":[{"width":1455,"height":1920,"url":"https:\/\/edition-pow-pow-bucket.storage.googleapis.com\/wp-content\/uploads\/2023\/04\/La-Conquete-du-cosmos-couv-21-04-06c-promo-C1-1.jpg","type":"image\/jpeg"}],"twitter_card":"summary_large_image","twitter_site":"@editionspowpow","twitter_misc":{"Est. reading time":"1 minute"},"schema":{"@context":"https:\/\/schema.org","@graph":[{"@type":"WebPage","@id":"https:\/\/editionspowpow.com\/en\/produits\/la-conquete-du-cosmos\/","url":"https:\/\/editionspowpow.com\/en\/produits\/la-conquete-du-cosmos\/","name":"La conqu\u00eate du cosmos - \u00c9ditions Pow Pow","isPartOf":{"@id":"https:\/\/editionspowpow.com\/en\/#website"},"primaryImageOfPage":{"@id":"https:\/\/editionspowpow.com\/en\/produits\/la-conquete-du-cosmos\/#primaryimage"},"image":{"@id":"https:\/\/editionspowpow.com\/en\/produits\/la-conquete-du-cosmos\/#primaryimage"},"thumbnailUrl":"https:\/\/edition-pow-pow-bucket.storage.googleapis.com\/wp-content\/uploads\/2023\/04\/La-Conquete-du-cosmos-couv-21-04-06c-promo-C1-1.jpg","datePublished":"2023-04-17T18:18:46+00:00","dateModified":"2026-02-09T15:33:41+00:00","breadcrumb":{"@id":"https:\/\/editionspowpow.com\/en\/produits\/la-conquete-du-cosmos\/#breadcrumb"},"inLanguage":"en-US","potentialAction":[{"@type":"ReadAction","target":["https:\/\/editionspowpow.com\/en\/produits\/la-conquete-du-cosmos\/"]}]},{"@type":"ImageObject","inLanguage":"en-US","@id":"https:\/\/editionspowpow.com\/en\/produits\/la-conquete-du-cosmos\/#primaryimage","url":"https:\/\/edition-pow-pow-bucket.storage.googleapis.com\/wp-content\/uploads\/2023\/04\/La-Conquete-du-cosmos-couv-21-04-06c-promo-C1-1.jpg","contentUrl":"https:\/\/edition-pow-pow-bucket.storage.googleapis.com\/wp-content\/uploads\/2023\/04\/La-Conquete-du-cosmos-couv-21-04-06c-promo-C1-1.jpg","width":1455,"height":1920},{"@type":"BreadcrumbList","@id":"https:\/\/editionspowpow.com\/en\/produits\/la-conquete-du-cosmos\/#breadcrumb","itemListElement":[{"@type":"ListItem","position":1,"name":"Home","item":"https:\/\/editionspowpow.com\/en\/"},{"@type":"ListItem","position":2,"name":"Shop","item":"https:\/\/editionspowpow.com\/en\/shop\/"},{"@type":"ListItem","position":3,"name":"La conqu\u00eate du cosmos"}]},{"@type":"WebSite","@id":"https:\/\/editionspowpow.com\/en\/#website","url":"https:\/\/editionspowpow.com\/en\/","name":"\u00c9ditions Pow Pow","description":"","publisher":{"@id":"https:\/\/editionspowpow.com\/en\/#organization"},"potentialAction":[{"@type":"SearchAction","target":{"@type":"EntryPoint","urlTemplate":"https:\/\/editionspowpow.com\/en\/?s={search_term_string}"},"query-input":{"@type":"PropertyValueSpecification","valueRequired":true,"valueName":"search_term_string"}}],"inLanguage":"en-US"},{"@type":"Organization","@id":"https:\/\/editionspowpow.com\/en\/#organization","name":"\u00c9ditions Pow Pow","url":"https:\/\/editionspowpow.com\/en\/","logo":{"@type":"ImageObject","inLanguage":"en-US","@id":"https:\/\/editionspowpow.com\/en\/#\/schema\/logo\/image\/","url":"https:\/\/edition-pow-pow-bucket.storage.googleapis.com\/wp-content\/uploads\/2024\/03\/logo_site_pow_pow_VERTICAL.png","contentUrl":"https:\/\/edition-pow-pow-bucket.storage.googleapis.com\/wp-content\/uploads\/2024\/03\/logo_site_pow_pow_VERTICAL.png","width":1600,"height":1200,"caption":"\u00c9ditions Pow Pow"},"image":{"@id":"https:\/\/editionspowpow.com\/en\/#\/schema\/logo\/image\/"},"sameAs":["https:\/\/www.facebook.com\/editionspowpow","https:\/\/x.com\/editionspowpow"]}]}},"_links":{"self":[{"href":"https:\/\/editionspowpow.com\/en\/wp-json\/wp\/v2\/product\/23684","targetHints":{"allow":["GET"]}}],"collection":[{"href":"https:\/\/editionspowpow.com\/en\/wp-json\/wp\/v2\/product"}],"about":[{"href":"https:\/\/editionspowpow.com\/en\/wp-json\/wp\/v2\/types\/product"}],"wp:featuredmedia":[{"embeddable":true,"href":"https:\/\/editionspowpow.com\/en\/wp-json\/wp\/v2\/media\/2072"}],"wp:attachment":[{"href":"https:\/\/editionspowpow.com\/en\/wp-json\/wp\/v2\/media?parent=23684"}],"wp:term":[{"taxonomy":"product_brand","embeddable":true,"href":"https:\/\/editionspowpow.com\/en\/wp-json\/wp\/v2\/product_brand?post=23684"},{"taxonomy":"product_cat","embeddable":true,"href":"https:\/\/editionspowpow.com\/en\/wp-json\/wp\/v2\/product_cat?post=23684"},{"taxonomy":"product_tag","embeddable":true,"href":"https:\/\/editionspowpow.com\/en\/wp-json\/wp\/v2\/product_tag?post=23684"}],"curies":[{"name":"wp","href":"https:\/\/api.w.org\/{rel}","templated":true}]}}