{"id":23690,"date":"2023-04-17T14:41:51","date_gmt":"2023-04-17T18:41:51","guid":{"rendered":"https:\/\/editionspowpow.com\/boutique\/symptomes\/"},"modified":"2026-02-09T11:33:36","modified_gmt":"2026-02-09T15:33:36","slug":"symptomes","status":"publish","type":"product","link":"https:\/\/editionspowpow.com\/en\/produits\/symptomes\/","title":{"rendered":"Sympt\u00f4mes"},"content":{"rendered":"<p>Dans cette quatri\u00e8me bande dessin\u00e9e, Catherine Ocelot s\u2019interroge sur les empreintes laiss\u00e9es par les mots, sur ce qui rend malade et ce qui gu\u00e9rit, sur la nature profonde de chaque individu et sur la mani\u00e8re de tendre l\u2019oreille \u00e0 cette petite voix que l\u2019on tait trop souvent.<\/p>\n<p>Comme des plantes qui s\u2019enlacent dans une serre, les r\u00e9cits de <em>Sympt\u00f4mes<\/em> s\u2019entrecroisent et s\u2019imbriquent les uns dans les autres pour exposer les liens qui nous unissent, mais aussi la fa\u00e7on dont les relations, qu\u2019elles soient toxiques ou saines, se r\u00e9percutent sur notre corps et notre esprit. Et si des fils invisibles nous reliaient pour toujours \u00e0 ceux qui ont jou\u00e9 un r\u00f4le dans notre vie ?<\/p>\n<p>La finesse des dialogues et du dessin transmettent aux lectrices et aux lecteurs toutes les \u00e9motions et r\u00e9flexions, tant\u00f4t dr\u00f4les, tant\u00f4t po\u00e9tiques, qui \u00e9maillent le livre. Sympt\u00f4mes, un peu \u00e0 la fa\u00e7on d\u2019un r\u00eave \u00e9veill\u00e9, explore nos mouvements int\u00e9rieurs, ce qui nous transforme.<\/p>\n","protected":false},"excerpt":{"rendered":"<p>Dans cette quatri\u00e8me bande dessin\u00e9e, Catherine Ocelot s\u2019interroge sur les empreintes laiss\u00e9es par les mots, sur ce qui rend malade et ce qui gu\u00e9rit, sur la nature profonde de chaque individu et sur la mani\u00e8re de tendre l\u2019oreille \u00e0 cette petite voix que l\u2019on tait trop souvent. Comme des plantes qui s\u2019enlacent dans une serre, [&hellip;]<\/p>\n","protected":false},"featured_media":2297,"template":"","meta":{"_acf_changed":false},"product_brand":[],"product_cat":[271],"product_tag":[318,327,328],"class_list":{"0":"post-23690","1":"product","2":"type-product","3":"status-publish","4":"has-post-thumbnail","6":"wc_square_synced-yes","7":"product_cat-comic","8":"product_tag-maladie-en","9":"product_tag-recit-intime-en","10":"product_tag-sante-mentale-en","11":"product_shipping_class-format-standard-en","13":"first","14":"instock","15":"taxable","16":"shipping-taxable","17":"purchasable","18":"product-type-simple"},"acf":{"language":"fr","other_language_products":"","authors":[{"author_title":22415,"is_custom_job_title":false,"job_titles":[]}],"total_pages":288,"isbn":"978-2-924049-95-2","release_date":"20220125","other_release_dates":[{"date":"20220415","country":"Europe"}],"has_product_excerpt":true,"button_excerpt_position":"left","accent_color":"#DDB9D3","awards":[{"content":"Prix BD des coll\u00e9giens 2023"},{"content":"Finaliste \u2013 prix B\u00e9d\u00e9lys Qu\u00e9bec 2023"},{"content":"Finaliste \u2013 Prix BD du Salon du livre de Trois-Rivi\u00e8res 2023 (cat\u00e9gorie Adulte)"},{"content":"Les libraires conseillent \u2013 S\u00e9lection de mars 2022"},{"content":"Coup de c\u0153ur \u2013 Renaud-Bray"}],"comments":[{"content":"Toujours port\u00e9 par un cynisme plus dr\u00f4le que d\u00e9sesp\u00e9rant, par des m\u00e9taphores po\u00e9tiques qui donnent des frissons, cet album est incontestablement un des plus forts de l\u2019ann\u00e9e.","credit_group":{"content":"Claudia Larochelle, Elle Qu\u00e9bec, 15 octobre 2021","link":"","is_external_link":false}},{"content":"Catherine Ocelot rappelle brillamment qu\u2019une image vaut mille mots, dessinant des sc\u00e8nes m\u00e9taphoriques qui, tout en prenant forme dans la simplicit\u00e9 du quotidien, frappent par leur profondeur.","credit_group":{"content":"Sophie Mediavilla-Rivard, Le culte, 26 janvier 2022","link":"","is_external_link":false}},{"content":"Quelle \u0153uvre magnifique et po\u00e9tique de Catherine Ocelot! [\u2026] Le r\u00e9cit \u00e0 fleur de peau est port\u00e9 par de sublimes et \u00e9vocatrices illustrations aux riches couleurs froides et aux traits d\u00e9licats.","credit_group":{"content":"Marie-Lise Rousseau, Journal M\u00e9tro, 26 janvier 2022","link":"https:\/\/journalmetro.com\/culture\/arts-et-spectacles\/2765268\/grand-coup-coeur-bd-symptomes-catherine-ocelot\/","is_external_link":true}},{"content":"Une fois de plus Catherine Ocelot nous convie dans son jardin secret [\u2026]. Sa conception singuli\u00e8re du monde qui nous entoure \u00e9meut et r\u00e9concilie avec sa beaut\u00e9 imparfaite. Les magnifiques dessins amplifient le propos et nous transportent dans un univers o\u00f9 les images valent mille mots. Empreint de m\u00e9lancolie et d\u2019all\u00e9gresse, voil\u00e0 une lecture qui vous fera passer par toute une myriade de sentiments.","credit_group":{"content":"Mathieu Roy, BDQG, 26 janvier 2022","link":"https:\/\/bdqg.blog\/2022\/01\/26\/symptomes-des-mots-et-des-maux\/","is_external_link":true}},{"content":"Des sujets vraiment importants abord\u00e9s avec po\u00e9sie, humour, mais aussi une remarquable finesse. J\u2019adore Catherine Ocelot. Ses dessins sont juste incroyables.","credit_group":{"content":"Marie-H\u00e9l\u00e8ne Raymond, L\u00e9Zarts (MAtv), 27 janvier 2022","link":"https:\/\/matv.ca\/quebec\/mes-emissions\/lezarts-quebec\/emission-du-27-janvier-2022","is_external_link":true}},{"content":"Malgr\u00e9 le propos, le r\u00e9cit n\u2019est pas dans la lourdeur. Au contraire, il est empreint de bienveillance. Le ratio est juste entre humour et \u00e9motion. Le dessin au stylo bille est tout en douceur [\u2026]. Une lecture qui r\u00e9conforte les peurs du lecteur et normalise les maux du corps et de l\u2019\u00e2me.","credit_group":{"content":"Tanya Beaumont, Radio-Canada, 30 janvier 2022","link":"https:\/\/ici.radio-canada.ca\/nouvelle\/1858067\/bande-dessinee-symptome-catherine-ocelot-powpow-dans-le-palais-des-miroirs-liv-stromquist","is_external_link":true}},{"content":"La b\u00e9d\u00e9iste Catherine Ocelot poursuit son exploration de l\u2019\u00e2me humaine avec <em>Sympt\u00f4mes,<\/em> un quatri\u00e8me album tendre et r\u00e9confortant tricot\u00e9 avec les fils t\u00e9nus qui nous relient les uns aux autres.","credit_group":{"content":"St\u00e9phanie Morin, La Presse, 2 f\u00e9vrier 2022","link":"https:\/\/www.lapresse.ca\/arts\/litterature\/2022-02-02\/catherine-ocelot\/tricoter-avec-les-fils-du-coeur.php","is_external_link":true}},{"content":"La fa\u00e7on qu\u2019a l\u2019autrice de parler de notre sant\u00e9 mentale collective est empreinte de tendresse et de bienveillance. D\u2019autres th\u00e8mes sont abord\u00e9s en corollaire, comme la maladie physique, les relations toxiques et les fils qui nous relient, le tout avec un trait de crayon d\u2019une grande finesse, doubl\u00e9 d\u2019une plume po\u00e9tique.","credit_group":{"content":"Julie Roy, L\u2019acualit\u00e9, 2 f\u00e9vrier 2022","link":"https:\/\/lactualite.com\/culture\/nouveautes-litteraires-pour-vos-soirees-dhiver\/","is_external_link":true}},{"content":"[A]vec po\u00e9sie et finesse, autant dans son trait de crayon que dans son \u00e9criture, Catherine Ocelot touche \u00e0 beaucoup de nos craintes philosophiques lorsqu\u2019il est question de notre rapport \u00e0 notre sant\u00e9. Qui est beaucoup plus complexe qu\u2019une simple absence de maladie. \u2605\u2605\u2605\u2605","credit_group":{"content":"Fran\u00e7ois Lemay, Le Devoir, 5 f\u00e9vrier 2022","link":"https:\/\/www.ledevoir.com\/lire\/669450\/bede-catherine-ocelot-de-l-importance-de-bien-aller-tout-le-temps","is_external_link":true}},{"content":"C\u2019est d\u2019une grande po\u00e9sie!","credit_group":{"content":"Simon Boulerice, Cette ann\u00e9e-l\u00e0 (T\u00e9l\u00e9-Qu\u00e9bec), 5 f\u00e9vrier 2022","link":"https:\/\/cetteanneela.telequebec.tv\/emissions\/100617287\/2008-fabien-cloutier-avec-la-participation-de-guillaume-cote","is_external_link":true}},{"content":"Dans <em>Sympt\u00f4mes,<\/em> sa plus r\u00e9cente parution et \u00e0 notre avis sa meilleure, la b\u00e9d\u00e9iste Catherine Ocelot \u00e9pouse les contours d\u2019une question prot\u00e9iforme: \u00abQu\u2019est-ce qui nous gu\u00e9rit et nous rend malades?\u00bb Et elle le fait avec une exceptionnelle finesse dans le trait et une profondeur dans la r\u00e9flexion. Gr\u00e2ce \u00e0 ses personnages attachants dont les dialogues sont tout \u00e0 fait savoureux, Ocelot part de diverses situations intimes pour ouvrir \u00e0 des constats universels. Entre cynisme, humour, tristesse et po\u00e9sie, <em>Sympt\u00f4mes<\/em> a de quoi r\u00e9chauffer bien des c\u0153urs cet hiver.","credit_group":{"content":"Jos\u00e9e-Anne Paradis, Les libraires, 7 f\u00e9vrier 2022","link":"https:\/\/revue.leslibraires.ca\/entrevues\/bande-dessinee\/catherine-ocelot-fil-de-feriste-entre-rire-et-tristesse\/","is_external_link":true}},{"content":"On comprendra que <em>Sympt\u00f4mes<\/em> ne se pr\u00e9sente pas vraiment comme une histoire suivie, mais le livre n\u2019en garde pas moins une coh\u00e9rence, une unit\u00e9 qui laisse une impression de douceur, un confort de lecture certain. L\u2019album s\u2019offre un peu \u00e0 la mani\u00e8re d\u2019une courtepointe: chaque \u00e9l\u00e9ment qui le compose tire force et sens de ses voisins.","credit_group":{"content":"\u00c9tienne Maill\u00e9, Le D\u00e9lit, 9 f\u00e9vrier 2022","link":"https:\/\/www.delitfrancais.com\/2022\/02\/09\/nous-navons-pas-a-etre-seul%c2%b7e%c2%b7s\/?fbclid=IwAR0qeWNMGFxxl9p4JTvrf94-FrmivhWlKSylj0lQWiCj5IkC46Tdm56H1m4","is_external_link":true}},{"content":"C\u2019est une belle BD sur ce qui nous affecte et ce qui nous gu\u00e9rit. Une \u0153uvre po\u00e9tique o\u00f9 l\u2019autrice voit les liens qui nous unissent comme des fils qui peuvent s\u2019emm\u00ealer ou \u00eatre r\u00e9confortants.","credit_group":{"content":"Alexandre Courteau, Tellement Courteau (Radio-Canada), 28 f\u00e9vrier 2022","link":"https:\/\/ici.radio-canada.ca\/ohdio\/musique\/emissions\/tellementcourteau\/episodes\/609699\/episode-du-28-fevrier-2022","is_external_link":true}},{"content":"Un livre qui respire, qui \u00e9meut, qui fait sourire et qui saura apaiser, ne serait-ce que pour un temps, l\u2019in\u00e9puisable grondement des anguilles de l\u2019angoisse.","credit_group":{"content":"Philippe Fortin, Les libraires, 1 mars 2022","link":"https:\/\/revue.leslibraires.ca\/actualites\/les-libraires-conseillent\/les-libraires-conseillent-mars-2022\/?fbclid=IwAR3ILsPQQZy7eTWAwvU02ittICqy6d3xNQ27oNeqX1_1SuAoebatQ0AFgxc","is_external_link":true}},{"content":"Sans ambages, et avec une remarquable fluidit\u00e9, <em>Sympt\u00f4mes<\/em> met en mots et en images une sensation autrement difficile \u00e0 raconter: le r\u00e9confort d\u2019\u00eatre enfin vu\u00b7e et entendu\u00b7e.","credit_group":{"content":"Virginie Fournier, Lettres qu\u00e9b\u00e9coises, 29 mars 2022","link":"","is_external_link":false}},{"content":"Avec un dessin qui rappelle celui de Liv Str\u00f6mquist, une mise en couleur d\u00e9licate et un trait pointill\u00e9 qui semble brod\u00e9, Catherine Ocelot traite son sujet avec douceur et po\u00e9sie. Elle extrait des moments de vie pour en faire un patchwork o\u00f9 s\u2019ins\u00e8rent des pauses oniriques et de grandes compositions v\u00e9g\u00e9tales, formant comme un tableau pointilliste.","credit_group":{"content":"Laetitia Larralde, Toute la culture, 26 avril 2022","link":"https:\/\/toutelaculture.com\/livres\/bd\/symptomes-reflexions-sur-le-soin\/?fbclid=IwAR37fbuAEauCx_GDXO7Viv8rKCh6suHmlsez7yUnvg1Npmxc2R5Q7FtUdv4","is_external_link":true}},{"content":"C\u2019est travers\u00e9 par un certains nombre de m\u00e9taphores tout \u00e0 fait r\u00e9jouissantes, vraiment belles, des moments de po\u00e9sie esth\u00e9tique, graphique, qui sont puissants. La justesse de ton de cette \u0153uvre est tout \u00e0 fait renversante.","credit_group":{"content":"David Lessard-Gagnon, La Tribune, 9 mai 2022","link":"https:\/\/www.latribune.ca\/2022\/05\/09\/des-livres-a-la-page-la-sante-mentale-avec-ou-sans-pandemie-video-602666703e92733376a4fefcb7d74035\/","is_external_link":true}},{"content":"Soutenu par un dessin au stylo bille d\u2019une grande finesse et des couleurs vives, le propos de Catherine Ocelot r\u00e9sonne en nous, se fraye un chemin dans notre esprit. Que ce soit \u00e0 travers les anecdotes personnelles de l\u2019autrice ou le v\u00e9cu des femmes qui composent son groupe de soutien contre la solitude, <em>Sympt\u00f4mes<\/em> nous parle, nous touche, nous fait rire, nous interroge.","credit_group":{"content":"Guilaine Spagnol, Les libraires, 6 juin 2022","link":"https:\/\/www.leslibraires.ca\/livres\/symptomes-catherine-ocelot-9782924049952.html","is_external_link":true}},{"content":"La lecture de <em>Sympt\u00f4mes<\/em> demande une certaine lenteur. \u00c0 l\u2019instar des oeuvres pr\u00e9c\u00e9dentes d\u2019Ocelot, des constats existentiels et de profonds questionnements traversent l\u2019\u0153uvre et nous invitent \u00e0 faire une pause, \u00e0 r\u00e9fl\u00e9chir. Ocelot a cette facilit\u00e9 de passer du dr\u00f4le au tragique, sans pousser la note et sans que l\u2019arrimage des deux ne soit artificiel.","credit_group":{"content":"Thara Charland, Spirale no 280, 10 juillet 2022","link":"","is_external_link":false}}],"video_gallery":[{"video_url":"https:\/\/www.youtube.com\/watch?v=dT1ngjnSjh0","title":"Sympt\u00f4mes <br>\u2014 Catherine Ocelot","video_preview":20696,"video_duration":"0:53"}]},"yoast_head":"<!-- This site is optimized with the Yoast SEO plugin v26.9 - https:\/\/yoast.com\/product\/yoast-seo-wordpress\/ -->\n<title>Sympt\u00f4mes - \u00c9ditions Pow Pow<\/title>\n<meta name=\"robots\" content=\"index, follow, max-snippet:-1, max-image-preview:large, max-video-preview:-1\" \/>\n<link rel=\"canonical\" href=\"https:\/\/editionspowpow.com\/en\/produits\/symptomes\/\" \/>\n<meta property=\"og:locale\" content=\"en_US\" \/>\n<meta property=\"og:type\" content=\"article\" \/>\n<meta property=\"og:title\" content=\"Sympt\u00f4mes - \u00c9ditions Pow Pow\" \/>\n<meta property=\"og:description\" content=\"Dans cette quatri\u00e8me bande dessin\u00e9e, Catherine Ocelot s\u2019interroge sur les empreintes laiss\u00e9es par les mots, sur ce qui rend malade et ce qui gu\u00e9rit, sur la nature profonde de chaque individu et sur la mani\u00e8re de tendre l\u2019oreille \u00e0 cette petite voix que l\u2019on tait trop souvent. Comme des plantes qui s\u2019enlacent dans une serre, [&hellip;]\" \/>\n<meta property=\"og:url\" content=\"https:\/\/editionspowpow.com\/en\/produits\/symptomes\/\" \/>\n<meta property=\"og:site_name\" content=\"\u00c9ditions Pow Pow\" \/>\n<meta property=\"article:publisher\" content=\"https:\/\/www.facebook.com\/editionspowpow\" \/>\n<meta property=\"article:modified_time\" content=\"2026-02-09T15:33:36+00:00\" \/>\n<meta property=\"og:image\" content=\"https:\/\/edition-pow-pow-bucket.storage.googleapis.com\/wp-content\/uploads\/2023\/04\/couverture_symptomes_web-1.jpg\" \/>\n\t<meta property=\"og:image:width\" content=\"938\" \/>\n\t<meta property=\"og:image:height\" content=\"1238\" \/>\n\t<meta property=\"og:image:type\" content=\"image\/jpeg\" \/>\n<meta name=\"twitter:card\" content=\"summary_large_image\" \/>\n<meta name=\"twitter:site\" content=\"@editionspowpow\" \/>\n<meta name=\"twitter:label1\" content=\"Est. reading time\" \/>\n\t<meta name=\"twitter:data1\" content=\"1 minute\" \/>\n<script type=\"application\/ld+json\" class=\"yoast-schema-graph\">{\"@context\":\"https:\/\/schema.org\",\"@graph\":[{\"@type\":\"WebPage\",\"@id\":\"https:\/\/editionspowpow.com\/en\/produits\/symptomes\/\",\"url\":\"https:\/\/editionspowpow.com\/en\/produits\/symptomes\/\",\"name\":\"Sympt\u00f4mes - \u00c9ditions Pow Pow\",\"isPartOf\":{\"@id\":\"https:\/\/editionspowpow.com\/en\/#website\"},\"primaryImageOfPage\":{\"@id\":\"https:\/\/editionspowpow.com\/en\/produits\/symptomes\/#primaryimage\"},\"image\":{\"@id\":\"https:\/\/editionspowpow.com\/en\/produits\/symptomes\/#primaryimage\"},\"thumbnailUrl\":\"https:\/\/edition-pow-pow-bucket.storage.googleapis.com\/wp-content\/uploads\/2023\/04\/couverture_symptomes_web-1.jpg\",\"datePublished\":\"2023-04-17T18:41:51+00:00\",\"dateModified\":\"2026-02-09T15:33:36+00:00\",\"breadcrumb\":{\"@id\":\"https:\/\/editionspowpow.com\/en\/produits\/symptomes\/#breadcrumb\"},\"inLanguage\":\"en-US\",\"potentialAction\":[{\"@type\":\"ReadAction\",\"target\":[\"https:\/\/editionspowpow.com\/en\/produits\/symptomes\/\"]}]},{\"@type\":\"ImageObject\",\"inLanguage\":\"en-US\",\"@id\":\"https:\/\/editionspowpow.com\/en\/produits\/symptomes\/#primaryimage\",\"url\":\"https:\/\/edition-pow-pow-bucket.storage.googleapis.com\/wp-content\/uploads\/2023\/04\/couverture_symptomes_web-1.jpg\",\"contentUrl\":\"https:\/\/edition-pow-pow-bucket.storage.googleapis.com\/wp-content\/uploads\/2023\/04\/couverture_symptomes_web-1.jpg\",\"width\":938,\"height\":1238},{\"@type\":\"BreadcrumbList\",\"@id\":\"https:\/\/editionspowpow.com\/en\/produits\/symptomes\/#breadcrumb\",\"itemListElement\":[{\"@type\":\"ListItem\",\"position\":1,\"name\":\"Home\",\"item\":\"https:\/\/editionspowpow.com\/en\/\"},{\"@type\":\"ListItem\",\"position\":2,\"name\":\"Shop\",\"item\":\"https:\/\/editionspowpow.com\/en\/shop\/\"},{\"@type\":\"ListItem\",\"position\":3,\"name\":\"Sympt\u00f4mes\"}]},{\"@type\":\"WebSite\",\"@id\":\"https:\/\/editionspowpow.com\/en\/#website\",\"url\":\"https:\/\/editionspowpow.com\/en\/\",\"name\":\"\u00c9ditions Pow Pow\",\"description\":\"\",\"publisher\":{\"@id\":\"https:\/\/editionspowpow.com\/en\/#organization\"},\"potentialAction\":[{\"@type\":\"SearchAction\",\"target\":{\"@type\":\"EntryPoint\",\"urlTemplate\":\"https:\/\/editionspowpow.com\/en\/?s={search_term_string}\"},\"query-input\":{\"@type\":\"PropertyValueSpecification\",\"valueRequired\":true,\"valueName\":\"search_term_string\"}}],\"inLanguage\":\"en-US\"},{\"@type\":\"Organization\",\"@id\":\"https:\/\/editionspowpow.com\/en\/#organization\",\"name\":\"\u00c9ditions Pow Pow\",\"url\":\"https:\/\/editionspowpow.com\/en\/\",\"logo\":{\"@type\":\"ImageObject\",\"inLanguage\":\"en-US\",\"@id\":\"https:\/\/editionspowpow.com\/en\/#\/schema\/logo\/image\/\",\"url\":\"https:\/\/edition-pow-pow-bucket.storage.googleapis.com\/wp-content\/uploads\/2024\/03\/logo_site_pow_pow_VERTICAL.png\",\"contentUrl\":\"https:\/\/edition-pow-pow-bucket.storage.googleapis.com\/wp-content\/uploads\/2024\/03\/logo_site_pow_pow_VERTICAL.png\",\"width\":1600,\"height\":1200,\"caption\":\"\u00c9ditions Pow Pow\"},\"image\":{\"@id\":\"https:\/\/editionspowpow.com\/en\/#\/schema\/logo\/image\/\"},\"sameAs\":[\"https:\/\/www.facebook.com\/editionspowpow\",\"https:\/\/x.com\/editionspowpow\"]}]}<\/script>\n<!-- \/ Yoast SEO plugin. -->","yoast_head_json":{"title":"Sympt\u00f4mes - \u00c9ditions Pow Pow","robots":{"index":"index","follow":"follow","max-snippet":"max-snippet:-1","max-image-preview":"max-image-preview:large","max-video-preview":"max-video-preview:-1"},"canonical":"https:\/\/editionspowpow.com\/en\/produits\/symptomes\/","og_locale":"en_US","og_type":"article","og_title":"Sympt\u00f4mes - \u00c9ditions Pow Pow","og_description":"Dans cette quatri\u00e8me bande dessin\u00e9e, Catherine Ocelot s\u2019interroge sur les empreintes laiss\u00e9es par les mots, sur ce qui rend malade et ce qui gu\u00e9rit, sur la nature profonde de chaque individu et sur la mani\u00e8re de tendre l\u2019oreille \u00e0 cette petite voix que l\u2019on tait trop souvent. Comme des plantes qui s\u2019enlacent dans une serre, [&hellip;]","og_url":"https:\/\/editionspowpow.com\/en\/produits\/symptomes\/","og_site_name":"\u00c9ditions Pow Pow","article_publisher":"https:\/\/www.facebook.com\/editionspowpow","article_modified_time":"2026-02-09T15:33:36+00:00","og_image":[{"width":938,"height":1238,"url":"https:\/\/edition-pow-pow-bucket.storage.googleapis.com\/wp-content\/uploads\/2023\/04\/couverture_symptomes_web-1.jpg","type":"image\/jpeg"}],"twitter_card":"summary_large_image","twitter_site":"@editionspowpow","twitter_misc":{"Est. reading time":"1 minute"},"schema":{"@context":"https:\/\/schema.org","@graph":[{"@type":"WebPage","@id":"https:\/\/editionspowpow.com\/en\/produits\/symptomes\/","url":"https:\/\/editionspowpow.com\/en\/produits\/symptomes\/","name":"Sympt\u00f4mes - \u00c9ditions Pow Pow","isPartOf":{"@id":"https:\/\/editionspowpow.com\/en\/#website"},"primaryImageOfPage":{"@id":"https:\/\/editionspowpow.com\/en\/produits\/symptomes\/#primaryimage"},"image":{"@id":"https:\/\/editionspowpow.com\/en\/produits\/symptomes\/#primaryimage"},"thumbnailUrl":"https:\/\/edition-pow-pow-bucket.storage.googleapis.com\/wp-content\/uploads\/2023\/04\/couverture_symptomes_web-1.jpg","datePublished":"2023-04-17T18:41:51+00:00","dateModified":"2026-02-09T15:33:36+00:00","breadcrumb":{"@id":"https:\/\/editionspowpow.com\/en\/produits\/symptomes\/#breadcrumb"},"inLanguage":"en-US","potentialAction":[{"@type":"ReadAction","target":["https:\/\/editionspowpow.com\/en\/produits\/symptomes\/"]}]},{"@type":"ImageObject","inLanguage":"en-US","@id":"https:\/\/editionspowpow.com\/en\/produits\/symptomes\/#primaryimage","url":"https:\/\/edition-pow-pow-bucket.storage.googleapis.com\/wp-content\/uploads\/2023\/04\/couverture_symptomes_web-1.jpg","contentUrl":"https:\/\/edition-pow-pow-bucket.storage.googleapis.com\/wp-content\/uploads\/2023\/04\/couverture_symptomes_web-1.jpg","width":938,"height":1238},{"@type":"BreadcrumbList","@id":"https:\/\/editionspowpow.com\/en\/produits\/symptomes\/#breadcrumb","itemListElement":[{"@type":"ListItem","position":1,"name":"Home","item":"https:\/\/editionspowpow.com\/en\/"},{"@type":"ListItem","position":2,"name":"Shop","item":"https:\/\/editionspowpow.com\/en\/shop\/"},{"@type":"ListItem","position":3,"name":"Sympt\u00f4mes"}]},{"@type":"WebSite","@id":"https:\/\/editionspowpow.com\/en\/#website","url":"https:\/\/editionspowpow.com\/en\/","name":"\u00c9ditions Pow Pow","description":"","publisher":{"@id":"https:\/\/editionspowpow.com\/en\/#organization"},"potentialAction":[{"@type":"SearchAction","target":{"@type":"EntryPoint","urlTemplate":"https:\/\/editionspowpow.com\/en\/?s={search_term_string}"},"query-input":{"@type":"PropertyValueSpecification","valueRequired":true,"valueName":"search_term_string"}}],"inLanguage":"en-US"},{"@type":"Organization","@id":"https:\/\/editionspowpow.com\/en\/#organization","name":"\u00c9ditions Pow Pow","url":"https:\/\/editionspowpow.com\/en\/","logo":{"@type":"ImageObject","inLanguage":"en-US","@id":"https:\/\/editionspowpow.com\/en\/#\/schema\/logo\/image\/","url":"https:\/\/edition-pow-pow-bucket.storage.googleapis.com\/wp-content\/uploads\/2024\/03\/logo_site_pow_pow_VERTICAL.png","contentUrl":"https:\/\/edition-pow-pow-bucket.storage.googleapis.com\/wp-content\/uploads\/2024\/03\/logo_site_pow_pow_VERTICAL.png","width":1600,"height":1200,"caption":"\u00c9ditions Pow Pow"},"image":{"@id":"https:\/\/editionspowpow.com\/en\/#\/schema\/logo\/image\/"},"sameAs":["https:\/\/www.facebook.com\/editionspowpow","https:\/\/x.com\/editionspowpow"]}]}},"_links":{"self":[{"href":"https:\/\/editionspowpow.com\/en\/wp-json\/wp\/v2\/product\/23690","targetHints":{"allow":["GET"]}}],"collection":[{"href":"https:\/\/editionspowpow.com\/en\/wp-json\/wp\/v2\/product"}],"about":[{"href":"https:\/\/editionspowpow.com\/en\/wp-json\/wp\/v2\/types\/product"}],"wp:featuredmedia":[{"embeddable":true,"href":"https:\/\/editionspowpow.com\/en\/wp-json\/wp\/v2\/media\/2297"}],"wp:attachment":[{"href":"https:\/\/editionspowpow.com\/en\/wp-json\/wp\/v2\/media?parent=23690"}],"wp:term":[{"taxonomy":"product_brand","embeddable":true,"href":"https:\/\/editionspowpow.com\/en\/wp-json\/wp\/v2\/product_brand?post=23690"},{"taxonomy":"product_cat","embeddable":true,"href":"https:\/\/editionspowpow.com\/en\/wp-json\/wp\/v2\/product_cat?post=23690"},{"taxonomy":"product_tag","embeddable":true,"href":"https:\/\/editionspowpow.com\/en\/wp-json\/wp\/v2\/product_tag?post=23690"}],"curies":[{"name":"wp","href":"https:\/\/api.w.org\/{rel}","templated":true}]}}