{"id":23696,"date":"2023-04-17T14:41:51","date_gmt":"2023-04-17T18:41:51","guid":{"rendered":"https:\/\/editionspowpow.com\/boutique\/confessions-dune-femme-normale\/"},"modified":"2026-02-09T11:33:35","modified_gmt":"2026-02-09T15:33:35","slug":"confessions-dune-femme-normale","status":"publish","type":"product","link":"https:\/\/editionspowpow.com\/en\/produits\/confessions-dune-femme-normale\/","title":{"rendered":"Confessions d&#8217;une femme normale"},"content":{"rendered":"<p>Dans <em>Confessions d&#8217;une femme normale,<\/em> l\u2019autrice montr\u00e9alaise remonte le fil de ses tribulations dans le but de terrasser la honte qui lui colle au corps depuis l\u2019enfance d\u00e8s qu&#8217;il est question de sexe. D\u2019une remarquable franchise, ce premier livre est un plaidoyer pour une sexualit\u00e9 d\u00e9complex\u00e9e et sans tabous.<\/p>\n<p>Alors qu&#8217;elle regardait un film en famille, \u00c9lo\u00efse, 11 ans, a \u00e9prouv\u00e9 de nouvelles sensations devant une sc\u00e8ne \u00e9rotique. Elle s&#8217;est alors \u00e9cri\u00e9e avec beaucoup de candeur: \u00abMaman!? Pourquoi j&#8217;ai des papillons dans le poupou!?\u00bb Saisie d&#8217;\u00e9tonnement, sa m\u00e8re n&#8217;a pas su quoi lui r\u00e9pondre. Ses parents n&#8217;ont jamais parl\u00e9 de sexualit\u00e9 avec elle, et ce n&#8217;est pas \u00e0 l&#8217;\u00e9cole catholique qu&#8217;elle a fr\u00e9quent\u00e9e qu&#8217;\u00c9lo\u00efse a pu obtenir des r\u00e9ponses. Elle s&#8217;est donc tourn\u00e9e vers la pornographie, puis a commenc\u00e9, \u00e0 son rythme et non sans quelques faux pas, son \u00e9ducation sexuelle.<\/p>\n","protected":false},"excerpt":{"rendered":"<p>Dans Confessions d&#8217;une femme normale, l\u2019autrice montr\u00e9alaise remonte le fil de ses tribulations dans le but de terrasser la honte qui lui colle au corps depuis l\u2019enfance d\u00e8s qu&#8217;il est question de sexe. D\u2019une remarquable franchise, ce premier livre est un plaidoyer pour une sexualit\u00e9 d\u00e9complex\u00e9e et sans tabous. Alors qu&#8217;elle regardait un film en [&hellip;]<\/p>\n","protected":false},"featured_media":2333,"template":"","meta":{"_acf_changed":false},"product_brand":[],"product_cat":[271],"product_tag":[266,327,334,267],"class_list":{"0":"post-23696","1":"product","2":"type-product","3":"status-publish","4":"has-post-thumbnail","6":"wc_square_synced-yes","7":"product_cat-comic","8":"product_tag-love","9":"product_tag-recit-intime-en","10":"product_tag-sexualite-en","11":"product_tag-teenage","13":"first","14":"instock","15":"taxable","16":"shipping-taxable","17":"purchasable","18":"product-type-simple"},"acf":{"language":"fr","other_language_products":[22730],"authors":[{"author_title":22288,"is_custom_job_title":false,"job_titles":[]}],"total_pages":168,"isbn":"978-2-925114-03-1","release_date":"20220405","other_release_dates":[{"date":"20221007","country":"Europe"}],"has_product_excerpt":true,"button_excerpt_position":"left","accent_color":"#00A1D5","awards":[{"content":"Finaliste \u2013 Prix R\u00e9al-Fillion des B\u00e9d\u00e9is Causa 2023"},{"content":"Liste pr\u00e9liminaire du Prix des libraires du Qu\u00e9bec 2023 (Bande dessin\u00e9e s\u00e9lection Qu\u00e9bec)"}],"comments":[{"content":"J\u2019ai l\u2019impression que l\u2019on verra \u00c9lo\u00efse Marseille prendre du galon au cours des prochaines ann\u00e9es, et continuer de d\u00e9velopper une voix qui repose d\u00e9j\u00e0 sur une fondation solide et qui ne peut que se raffiner au fil du temps.","credit_group":{"content":"Fran\u00e7ois Lemay, Le Devoir, 2 avril 2022","link":"https:\/\/www.ledevoir.com\/lire\/693960\/bede-confessions-d-une-femme-normale-ou-quand-l-humour-est-plus-fort-que-la-honte","is_external_link":true}},{"content":"C\u2019est une bonne sc\u00e9nariste, la BD se lit d\u2019un trait. [\u2026] C\u2019est un moment de lecture agr\u00e9able, son dessin est un peu na\u00eff, mais \u00e9vocateur. [\u2026] Chapeau \u00e0 elle qui se lance avec courage!","credit_group":{"content":"Dany Arsenault, CIEU.fm, 4 avril 2022","link":"https:\/\/www.cieufm.com\/chronique-bd-d-avril-avec-mdany?fbclid=IwAR3QElyORwStk5l1E8xUH9D589AFBQlu7dl3q6MJfpKHVgCitulNUtXmHKQ","is_external_link":true}},{"content":"Par le biais de ses histoires tant\u00f4t cocasses et tant\u00f4t plut\u00f4t s\u00e9rieuses, \u00c9lo\u00efse Marseille r\u00e9ussit avec brio \u00e0 nous faire sentir moins seul(e)s dans nos questionnements li\u00e9s \u00e0 la sexualit\u00e9. Un vent de fra\u00eecheur qui s\u2019inscrit parfaitement dans les m\u0153urs de notre \u00e9poque.","credit_group":{"content":"Mia Gagn\u00e9 Vincent, Montr\u00e9al Campus, 7 avril 2022","link":"https:\/\/montrealcampus.ca\/2022\/04\/07\/confessions-dune-femme-normale-pour-dedramatiser-sa-sexualite\/","is_external_link":true}},{"content":"Quelle bande dessin\u00e9e jouissive avec un go\u00fbt de revenez-y. On ne peut qu\u2019applaudir \u2013 \u00e0 une main \u2013 devant tant de candeur et de franchise. \u00c9lo\u00efse Marseille se met litt\u00e9ralement \u00e0 nue pour notre plus grand plaisir et \u00e7a fesse. Dans un style graphique clair, assum\u00e9, expressif et ne laissant aucune place \u00e0 l\u2019interpr\u00e9tation, elle nous entra\u00eene dans son jardin et ses parties intimes.","credit_group":{"content":"Mathieu Roy, Urbania, 12 avril 2022","link":"https:\/\/urbania.ca\/article\/football-fantaisie-bienvenue-dans-la-jungle","is_external_link":true}},{"content":"Mais quelle lucidit\u00e9 et quel regard sur sa propre vie! [\u2026] C\u2019est incroyable d\u2019\u00eatre capable de tout d\u00e9construire son exp\u00e9rience au complet et de dire : voici ce que je suis maintenant. [\u2026] Elle le fait avec tellement d\u2019humour et un regard bienveillant sur elle-m\u00eame.","credit_group":{"content":"Fran\u00e7ois Lemay, Plus on est de fous, plus on lit! (Radio-Canada), 20 avril 2022","link":"https:\/\/ici.radio-canada.ca\/ohdio\/premiere\/emissions\/plus-on-est-de-fous-plus-on-lit\/episodes\/622295\/rattrapage-du-mercredi-20-avril-2022","is_external_link":true}},{"content":"Ce qui est tr\u00e8s particulier, c\u2019est qu\u2019on n\u2019est pas du tout dans l\u2019esp\u00e8ce d\u2019autofiction-\u00e9ffeuillage-pour-se-donner-en-spectacle. Elle a choisi vraiment de parler de sa sexualit\u00e9 \u00e0 travers les hontes. La honte qu\u2019on va attacher au fantasme, \u00e0 la masturbation, \u00e0 la porno, etc. Et, \u00e7a, c\u2019est vraiment brillant. [\u2026] C\u2019est d\u2019une grande lucidit\u00e9.[\u2026] Dessin d\u2019une maturit\u00e9, j\u2019en reviens juste pas! Elle a vraiment une signature, c\u2019est tr\u00e8s graphique, c\u2019est parfaitement homog\u00e8ne.","credit_group":{"content":"Jean-Paul Eid, Plus on est de fous, plus on lit! (Radio-Canada), 20 avril 2022","link":"https:\/\/ici.radio-canada.ca\/ohdio\/premiere\/emissions\/plus-on-est-de-fous-plus-on-lit\/episodes\/622295\/rattrapage-du-mercredi-20-avril-2022","is_external_link":true}},{"content":"<em>Confessions d\u2019une femme normale<\/em> est une lecture qui donne le sourire \u2013 malgr\u00e9 quelques exp\u00e9riences plus difficiles \u00e0 vivre \u2013 et nous rappelle que, non, on n\u2019est pas les seules \u00e0 se poser certaines questions!","credit_group":{"content":"Lucie Laumonier, Bible urbaine, 28 mai 2022","link":"https:\/\/labibleurbaine.com\/litterature\/voici-3-bandes-dessinees-quebecoises-a-deguster-au-soleil\/","is_external_link":true}},{"content":"\u00c0 travers son r\u00e9cit, \u00c9lo\u00efse Marseille fait rire et touche le lecteur tout en mettant en lumi\u00e8re ce sentiment de honte qui ternit trop souvent l\u2019expression de nos d\u00e9sirs. \u0152uvre courageuse par sa charge jouissive d\u2019honn\u00eatet\u00e9, <em>Confessions d\u2019une femme normale<\/em> fait un bien fou. \u00c0 lire et \u00e0 offrir!","credit_group":{"content":"Josianne L\u00e9tourneau, Collections, 4 octobre 2022","link":"https:\/\/revuecollections.com\/volume-9\/numero-3\/livres-illustres-livres-illustres\/","is_external_link":true}},{"content":"Gros coup de c\u0153ur cette ann\u00e9e de l\u2019auteur de ces lignes, la bande dessin\u00e9e <em>Confessions d\u2019une femme normale<\/em> \u2013 parue aux \u00e9ditions Pow Pow \u2013 ne peut laisser indiff\u00e9rent.e. \u00c0 peine \u00e2g\u00e9e de 26 ans, l\u2019autrice \u00c9lo\u00efse Marseille propose avec ce premier ouvrage un r\u00e9cit d\u2019une maturit\u00e9 bluffante et un plaidoyer pour une sexualit\u00e9 d\u00e9complex\u00e9e et sans tabous.","credit_group":{"content":"Jason Par\u00e9, Journal M\u00e9tro, 15 novembre 2022","link":"https:\/\/journalmetro.com\/culture\/2947150\/5-bandes-dessinees-queb-incontournables-sorties-cette-annee\/","is_external_link":true}},{"content":"<em>Confessions d\u2019une femme normale<\/em> s\u2019av\u00e8re \u00eatre un moment de lecture agr\u00e9able, d\u00e9culpabilisant et d\u00e9complexant, qui s\u2019ins\u00e8re parfaitement dans le courant actuel de d\u00e9construction et de lib\u00e9ration.","credit_group":{"content":"Mathilde Ocante, Zoo Le mag, 20 d\u00e9cembre 2022","link":"https:\/\/zoolemag.com\/album-bd\/299017-confessions-d-une-femme-normale","is_external_link":false}},{"content":"On est emport\u00e9 par l\u2019incroyable franchise de l\u2019autrice, qui prend le tabou et la culpabilit\u00e9 \u00e0 bras-le-corps. Elle n\u2019a pas peur de mettre son corps et son coeur \u00e0 nu pour \u00e9voquer son \u00e9veil sexuel, depuis la premi\u00e8re sc\u00e8ne \u00e9rotique entrevue \u00e0 la t\u00e9l\u00e9vision jusqu\u2019\u00e0 l\u2019incroyable lib\u00e9ration qu\u2019elle a ressentie lors d\u2019une premi\u00e8re masturbation sans l\u2019aide de la pornographie.","credit_group":{"content":"L\u2019immanquable, 28 f\u00e9vrier 2023","link":"","is_external_link":false}}],"video_gallery":[{"video_url":"https:\/\/www.youtube.com\/watch?v=0pmPqVeGHsE","title":"Confessions d'une femme normale <br>\u2014 \u00c9lo\u00efse Marseille","video_preview":20690,"video_duration":"1:02"}]},"yoast_head":"<!-- This site is optimized with the Yoast SEO plugin v26.9 - https:\/\/yoast.com\/product\/yoast-seo-wordpress\/ -->\n<title>Confessions d&#039;une femme normale - \u00c9ditions Pow Pow<\/title>\n<meta name=\"robots\" content=\"index, follow, max-snippet:-1, max-image-preview:large, max-video-preview:-1\" \/>\n<link rel=\"canonical\" href=\"https:\/\/editionspowpow.com\/en\/produits\/confessions-dune-femme-normale\/\" \/>\n<meta property=\"og:locale\" content=\"en_US\" \/>\n<meta property=\"og:type\" content=\"article\" \/>\n<meta property=\"og:title\" content=\"Confessions d&#039;une femme normale - \u00c9ditions Pow Pow\" \/>\n<meta property=\"og:description\" content=\"Dans Confessions d&#8217;une femme normale, l\u2019autrice montr\u00e9alaise remonte le fil de ses tribulations dans le but de terrasser la honte qui lui colle au corps depuis l\u2019enfance d\u00e8s qu&#8217;il est question de sexe. D\u2019une remarquable franchise, ce premier livre est un plaidoyer pour une sexualit\u00e9 d\u00e9complex\u00e9e et sans tabous. Alors qu&#8217;elle regardait un film en [&hellip;]\" \/>\n<meta property=\"og:url\" content=\"https:\/\/editionspowpow.com\/en\/produits\/confessions-dune-femme-normale\/\" \/>\n<meta property=\"og:site_name\" content=\"\u00c9ditions Pow Pow\" \/>\n<meta property=\"article:publisher\" content=\"https:\/\/www.facebook.com\/editionspowpow\" \/>\n<meta property=\"article:modified_time\" content=\"2026-02-09T15:33:35+00:00\" \/>\n<meta property=\"og:image\" content=\"https:\/\/edition-pow-pow-bucket.storage.googleapis.com\/wp-content\/uploads\/2023\/04\/couverture_confessions_web-1.jpg\" \/>\n\t<meta property=\"og:image:width\" content=\"938\" \/>\n\t<meta property=\"og:image:height\" content=\"1238\" \/>\n\t<meta property=\"og:image:type\" content=\"image\/jpeg\" \/>\n<meta name=\"twitter:card\" content=\"summary_large_image\" \/>\n<meta name=\"twitter:site\" content=\"@editionspowpow\" \/>\n<meta name=\"twitter:label1\" content=\"Est. reading time\" \/>\n\t<meta name=\"twitter:data1\" content=\"1 minute\" \/>\n<script type=\"application\/ld+json\" class=\"yoast-schema-graph\">{\"@context\":\"https:\/\/schema.org\",\"@graph\":[{\"@type\":\"WebPage\",\"@id\":\"https:\/\/editionspowpow.com\/en\/produits\/confessions-dune-femme-normale\/\",\"url\":\"https:\/\/editionspowpow.com\/en\/produits\/confessions-dune-femme-normale\/\",\"name\":\"Confessions d'une femme normale - \u00c9ditions Pow Pow\",\"isPartOf\":{\"@id\":\"https:\/\/editionspowpow.com\/en\/#website\"},\"primaryImageOfPage\":{\"@id\":\"https:\/\/editionspowpow.com\/en\/produits\/confessions-dune-femme-normale\/#primaryimage\"},\"image\":{\"@id\":\"https:\/\/editionspowpow.com\/en\/produits\/confessions-dune-femme-normale\/#primaryimage\"},\"thumbnailUrl\":\"https:\/\/edition-pow-pow-bucket.storage.googleapis.com\/wp-content\/uploads\/2023\/04\/couverture_confessions_web-1.jpg\",\"datePublished\":\"2023-04-17T18:41:51+00:00\",\"dateModified\":\"2026-02-09T15:33:35+00:00\",\"breadcrumb\":{\"@id\":\"https:\/\/editionspowpow.com\/en\/produits\/confessions-dune-femme-normale\/#breadcrumb\"},\"inLanguage\":\"en-US\",\"potentialAction\":[{\"@type\":\"ReadAction\",\"target\":[\"https:\/\/editionspowpow.com\/en\/produits\/confessions-dune-femme-normale\/\"]}]},{\"@type\":\"ImageObject\",\"inLanguage\":\"en-US\",\"@id\":\"https:\/\/editionspowpow.com\/en\/produits\/confessions-dune-femme-normale\/#primaryimage\",\"url\":\"https:\/\/edition-pow-pow-bucket.storage.googleapis.com\/wp-content\/uploads\/2023\/04\/couverture_confessions_web-1.jpg\",\"contentUrl\":\"https:\/\/edition-pow-pow-bucket.storage.googleapis.com\/wp-content\/uploads\/2023\/04\/couverture_confessions_web-1.jpg\",\"width\":938,\"height\":1238},{\"@type\":\"BreadcrumbList\",\"@id\":\"https:\/\/editionspowpow.com\/en\/produits\/confessions-dune-femme-normale\/#breadcrumb\",\"itemListElement\":[{\"@type\":\"ListItem\",\"position\":1,\"name\":\"Home\",\"item\":\"https:\/\/editionspowpow.com\/en\/\"},{\"@type\":\"ListItem\",\"position\":2,\"name\":\"Shop\",\"item\":\"https:\/\/editionspowpow.com\/en\/shop\/\"},{\"@type\":\"ListItem\",\"position\":3,\"name\":\"Confessions d&rsquo;une femme normale\"}]},{\"@type\":\"WebSite\",\"@id\":\"https:\/\/editionspowpow.com\/en\/#website\",\"url\":\"https:\/\/editionspowpow.com\/en\/\",\"name\":\"\u00c9ditions Pow Pow\",\"description\":\"\",\"publisher\":{\"@id\":\"https:\/\/editionspowpow.com\/en\/#organization\"},\"potentialAction\":[{\"@type\":\"SearchAction\",\"target\":{\"@type\":\"EntryPoint\",\"urlTemplate\":\"https:\/\/editionspowpow.com\/en\/?s={search_term_string}\"},\"query-input\":{\"@type\":\"PropertyValueSpecification\",\"valueRequired\":true,\"valueName\":\"search_term_string\"}}],\"inLanguage\":\"en-US\"},{\"@type\":\"Organization\",\"@id\":\"https:\/\/editionspowpow.com\/en\/#organization\",\"name\":\"\u00c9ditions Pow Pow\",\"url\":\"https:\/\/editionspowpow.com\/en\/\",\"logo\":{\"@type\":\"ImageObject\",\"inLanguage\":\"en-US\",\"@id\":\"https:\/\/editionspowpow.com\/en\/#\/schema\/logo\/image\/\",\"url\":\"https:\/\/edition-pow-pow-bucket.storage.googleapis.com\/wp-content\/uploads\/2024\/03\/logo_site_pow_pow_VERTICAL.png\",\"contentUrl\":\"https:\/\/edition-pow-pow-bucket.storage.googleapis.com\/wp-content\/uploads\/2024\/03\/logo_site_pow_pow_VERTICAL.png\",\"width\":1600,\"height\":1200,\"caption\":\"\u00c9ditions Pow Pow\"},\"image\":{\"@id\":\"https:\/\/editionspowpow.com\/en\/#\/schema\/logo\/image\/\"},\"sameAs\":[\"https:\/\/www.facebook.com\/editionspowpow\",\"https:\/\/x.com\/editionspowpow\"]}]}<\/script>\n<!-- \/ Yoast SEO plugin. -->","yoast_head_json":{"title":"Confessions d'une femme normale - \u00c9ditions Pow Pow","robots":{"index":"index","follow":"follow","max-snippet":"max-snippet:-1","max-image-preview":"max-image-preview:large","max-video-preview":"max-video-preview:-1"},"canonical":"https:\/\/editionspowpow.com\/en\/produits\/confessions-dune-femme-normale\/","og_locale":"en_US","og_type":"article","og_title":"Confessions d'une femme normale - \u00c9ditions Pow Pow","og_description":"Dans Confessions d&#8217;une femme normale, l\u2019autrice montr\u00e9alaise remonte le fil de ses tribulations dans le but de terrasser la honte qui lui colle au corps depuis l\u2019enfance d\u00e8s qu&#8217;il est question de sexe. D\u2019une remarquable franchise, ce premier livre est un plaidoyer pour une sexualit\u00e9 d\u00e9complex\u00e9e et sans tabous. Alors qu&#8217;elle regardait un film en [&hellip;]","og_url":"https:\/\/editionspowpow.com\/en\/produits\/confessions-dune-femme-normale\/","og_site_name":"\u00c9ditions Pow Pow","article_publisher":"https:\/\/www.facebook.com\/editionspowpow","article_modified_time":"2026-02-09T15:33:35+00:00","og_image":[{"width":938,"height":1238,"url":"https:\/\/edition-pow-pow-bucket.storage.googleapis.com\/wp-content\/uploads\/2023\/04\/couverture_confessions_web-1.jpg","type":"image\/jpeg"}],"twitter_card":"summary_large_image","twitter_site":"@editionspowpow","twitter_misc":{"Est. reading time":"1 minute"},"schema":{"@context":"https:\/\/schema.org","@graph":[{"@type":"WebPage","@id":"https:\/\/editionspowpow.com\/en\/produits\/confessions-dune-femme-normale\/","url":"https:\/\/editionspowpow.com\/en\/produits\/confessions-dune-femme-normale\/","name":"Confessions d'une femme normale - \u00c9ditions Pow Pow","isPartOf":{"@id":"https:\/\/editionspowpow.com\/en\/#website"},"primaryImageOfPage":{"@id":"https:\/\/editionspowpow.com\/en\/produits\/confessions-dune-femme-normale\/#primaryimage"},"image":{"@id":"https:\/\/editionspowpow.com\/en\/produits\/confessions-dune-femme-normale\/#primaryimage"},"thumbnailUrl":"https:\/\/edition-pow-pow-bucket.storage.googleapis.com\/wp-content\/uploads\/2023\/04\/couverture_confessions_web-1.jpg","datePublished":"2023-04-17T18:41:51+00:00","dateModified":"2026-02-09T15:33:35+00:00","breadcrumb":{"@id":"https:\/\/editionspowpow.com\/en\/produits\/confessions-dune-femme-normale\/#breadcrumb"},"inLanguage":"en-US","potentialAction":[{"@type":"ReadAction","target":["https:\/\/editionspowpow.com\/en\/produits\/confessions-dune-femme-normale\/"]}]},{"@type":"ImageObject","inLanguage":"en-US","@id":"https:\/\/editionspowpow.com\/en\/produits\/confessions-dune-femme-normale\/#primaryimage","url":"https:\/\/edition-pow-pow-bucket.storage.googleapis.com\/wp-content\/uploads\/2023\/04\/couverture_confessions_web-1.jpg","contentUrl":"https:\/\/edition-pow-pow-bucket.storage.googleapis.com\/wp-content\/uploads\/2023\/04\/couverture_confessions_web-1.jpg","width":938,"height":1238},{"@type":"BreadcrumbList","@id":"https:\/\/editionspowpow.com\/en\/produits\/confessions-dune-femme-normale\/#breadcrumb","itemListElement":[{"@type":"ListItem","position":1,"name":"Home","item":"https:\/\/editionspowpow.com\/en\/"},{"@type":"ListItem","position":2,"name":"Shop","item":"https:\/\/editionspowpow.com\/en\/shop\/"},{"@type":"ListItem","position":3,"name":"Confessions d&rsquo;une femme normale"}]},{"@type":"WebSite","@id":"https:\/\/editionspowpow.com\/en\/#website","url":"https:\/\/editionspowpow.com\/en\/","name":"\u00c9ditions Pow Pow","description":"","publisher":{"@id":"https:\/\/editionspowpow.com\/en\/#organization"},"potentialAction":[{"@type":"SearchAction","target":{"@type":"EntryPoint","urlTemplate":"https:\/\/editionspowpow.com\/en\/?s={search_term_string}"},"query-input":{"@type":"PropertyValueSpecification","valueRequired":true,"valueName":"search_term_string"}}],"inLanguage":"en-US"},{"@type":"Organization","@id":"https:\/\/editionspowpow.com\/en\/#organization","name":"\u00c9ditions Pow Pow","url":"https:\/\/editionspowpow.com\/en\/","logo":{"@type":"ImageObject","inLanguage":"en-US","@id":"https:\/\/editionspowpow.com\/en\/#\/schema\/logo\/image\/","url":"https:\/\/edition-pow-pow-bucket.storage.googleapis.com\/wp-content\/uploads\/2024\/03\/logo_site_pow_pow_VERTICAL.png","contentUrl":"https:\/\/edition-pow-pow-bucket.storage.googleapis.com\/wp-content\/uploads\/2024\/03\/logo_site_pow_pow_VERTICAL.png","width":1600,"height":1200,"caption":"\u00c9ditions Pow Pow"},"image":{"@id":"https:\/\/editionspowpow.com\/en\/#\/schema\/logo\/image\/"},"sameAs":["https:\/\/www.facebook.com\/editionspowpow","https:\/\/x.com\/editionspowpow"]}]}},"_links":{"self":[{"href":"https:\/\/editionspowpow.com\/en\/wp-json\/wp\/v2\/product\/23696","targetHints":{"allow":["GET"]}}],"collection":[{"href":"https:\/\/editionspowpow.com\/en\/wp-json\/wp\/v2\/product"}],"about":[{"href":"https:\/\/editionspowpow.com\/en\/wp-json\/wp\/v2\/types\/product"}],"acf:post":[{"embeddable":true,"href":"https:\/\/editionspowpow.com\/en\/wp-json\/wp\/v2\/product\/22730"}],"wp:featuredmedia":[{"embeddable":true,"href":"https:\/\/editionspowpow.com\/en\/wp-json\/wp\/v2\/media\/2333"}],"wp:attachment":[{"href":"https:\/\/editionspowpow.com\/en\/wp-json\/wp\/v2\/media?parent=23696"}],"wp:term":[{"taxonomy":"product_brand","embeddable":true,"href":"https:\/\/editionspowpow.com\/en\/wp-json\/wp\/v2\/product_brand?post=23696"},{"taxonomy":"product_cat","embeddable":true,"href":"https:\/\/editionspowpow.com\/en\/wp-json\/wp\/v2\/product_cat?post=23696"},{"taxonomy":"product_tag","embeddable":true,"href":"https:\/\/editionspowpow.com\/en\/wp-json\/wp\/v2\/product_tag?post=23696"}],"curies":[{"name":"wp","href":"https:\/\/api.w.org\/{rel}","templated":true}]}}