{"id":23698,"date":"2023-04-17T14:32:19","date_gmt":"2023-04-17T18:32:19","guid":{"rendered":"https:\/\/editionspowpow.com\/boutique\/adieu-triste-amour\/"},"modified":"2026-02-09T11:33:37","modified_gmt":"2026-02-09T15:33:37","slug":"adieu-triste-amour","status":"publish","type":"product","link":"https:\/\/editionspowpow.com\/en\/produits\/adieu-triste-amour\/","title":{"rendered":"Adieu triste amour"},"content":{"rendered":"<p>Un jour, Cl\u00e9o r\u00e9alise qu\u2019elle ne conna\u00eet pas vraiment la personne avec qui elle partage sa vie. Comment continuer \u00e0 aimer quelqu\u2019un en qui on n\u2019a plus confiance? Jeune autrice de bandes dessin\u00e9es qui a quitt\u00e9 la France pour s\u2019installer Montr\u00e9al avec son amoureux, elle se retrouve alors perdue, et essaie de r\u00e9pondre \u00e0 cette question: rester et essayer, ou partir et se trouver?<\/p>\n<p><em>Adieu triste amour<\/em> est un livre de printemps, de soleil qui revient, un livre dans lequel, apr\u00e8s avoir \u00e9t\u00e9 r\u00e9veill\u00e9\u00b7e par le grand froid, on se laisse aller la douceur de la nature qui rena\u00eet.<\/p>\n","protected":false},"excerpt":{"rendered":"<p>Un jour, Cl\u00e9o r\u00e9alise qu\u2019elle ne conna\u00eet pas vraiment la personne avec qui elle partage sa vie. Comment continuer \u00e0 aimer quelqu\u2019un en qui on n\u2019a plus confiance? Jeune autrice de bandes dessin\u00e9es qui a quitt\u00e9 la France pour s\u2019installer Montr\u00e9al avec son amoureux, elle se retrouve alors perdue, et essaie de r\u00e9pondre \u00e0 cette [&hellip;]<\/p>\n","protected":false},"featured_media":2375,"template":"","meta":{"_acf_changed":false},"product_brand":[],"product_cat":[271],"product_tag":[317,266,319],"class_list":{"0":"post-23698","1":"product","2":"type-product","3":"status-publish","4":"has-post-thumbnail","6":"wc_square_synced-yes","7":"product_cat-comic","8":"product_tag-lgbtq-en-2","9":"product_tag-love","10":"product_tag-recit-dapprentissage-en","12":"first","13":"instock","14":"taxable","15":"shipping-taxable","16":"purchasable","17":"product-type-simple"},"acf":{"language":"fr","other_language_products":"","authors":[{"author_title":22407,"is_custom_job_title":false,"job_titles":[]}],"total_pages":212,"isbn":"978-2-925114-10-9","release_date":"20220503","other_release_dates":null,"has_product_excerpt":true,"button_excerpt_position":"right","accent_color":"#DDB9D3","awards":[{"content":"Liste pr\u00e9liminaire du Prix des libraires du Qu\u00e9bec 2023 (Bande dessin\u00e9e s\u00e9lection Qu\u00e9bec)"}],"comments":[{"content":"Mirion Malle, autrice de bandes dessin\u00e9es d\u2019origine fran\u00e7aise, mais montr\u00e9alaise d\u2019adoption, s\u2019int\u00e9resse, avec doigt\u00e9 et sensibilit\u00e9, au th\u00e8me de la confiance dans la relation de couple.","credit_group":{"content":"Fran\u00e7ois Lemay, Le Devoir, 30 avril 2022","link":"https:\/\/www.ledevoir.com\/lire\/704847\/bande-dessinee-quatre-bd-a-se-mettre-sous-les-yeux","is_external_link":true}},{"content":"Encore une fois, Mirion Malle nous offre un r\u00e9cit du quotidien loin d\u2019\u00eatre banal. [\u2026] elle met en sc\u00e8ne des th\u00e9matiques qui lui sont ch\u00e8res comme les relations toxiques, la sororit\u00e9, l\u2019acceptation de soi et la difficult\u00e9 de trouver sa voie. Un livre lumineux malgr\u00e9 la lourdeur du sujet.","credit_group":{"content":"Mathieu Roy, BDQG, 27 mai 2022","link":"","is_external_link":false}},{"content":"Dessin\u00e9 dans le style si reconnaissable de Mirion Malle, la BD est solidement sc\u00e9naris\u00e9e et confirme la place de son autrice sur la sc\u00e8ne de la bande dessin\u00e9e contemporaine. Une belle lecture f\u00e9ministe qui donne du baume au c\u0153ur.","credit_group":{"content":" Lucie Laumonier, Bible urbaine, 28 mai 2022","link":"https:\/\/labibleurbaine.com\/litterature\/voici-3-bandes-dessinees-quebecoises-a-deguster-au-soleil\/","is_external_link":true}},{"content":"Illustr\u00e9 en couleurs, ce roman graphique passe des tons de gris \u00e0 ceux, invitants et color\u00e9s, d\u2019un lever de soleil. \u00c0 l\u2019instar de la vie de Cl\u00e9o.","credit_group":{"content":"Jos\u00e9e-Anne Paradis, Les libraires , 6 juin 2022","link":"https:\/\/revue.leslibraires.ca\/articles\/bande-dessinee\/tous-les-gouts-tous-les-genres\/","is_external_link":true}},{"content":"Mirion Malle passe de l\u2019ombre \u00e0 la lumi\u00e8re dans cette deuxi\u00e8me bande dessin\u00e9e de fiction tout en couleurs et pleine de douceur, o\u00f9 r\u00e9conciliation et nouveaux d\u00e9parts sont au coeur de la joie retrouv\u00e9e. [\u2026] Ce livre de sororit\u00e9 crie: \u00abOn te croit!\u00bb","credit_group":{"content":"Tiphaine Delahaye, Lettres qu\u00e9b\u00e9coises, 22 juin 2022","link":"","is_external_link":false}}],"video_gallery":[{"video_url":"https:\/\/www.youtube.com\/watch?v=EBtVZ-NhePM","title":"Adieu triste amour <br>\u2014 Mirion Malle","video_preview":20717,"video_duration":"1:01"}]},"yoast_head":"<!-- This site is optimized with the Yoast SEO plugin v26.9 - https:\/\/yoast.com\/product\/yoast-seo-wordpress\/ -->\n<title>Adieu triste amour - \u00c9ditions Pow Pow<\/title>\n<meta name=\"robots\" content=\"index, follow, max-snippet:-1, max-image-preview:large, max-video-preview:-1\" \/>\n<link rel=\"canonical\" href=\"https:\/\/editionspowpow.com\/en\/produits\/adieu-triste-amour\/\" \/>\n<meta property=\"og:locale\" content=\"en_US\" \/>\n<meta property=\"og:type\" content=\"article\" \/>\n<meta property=\"og:title\" content=\"Adieu triste amour - \u00c9ditions Pow Pow\" \/>\n<meta property=\"og:description\" content=\"Un jour, Cl\u00e9o r\u00e9alise qu\u2019elle ne conna\u00eet pas vraiment la personne avec qui elle partage sa vie. Comment continuer \u00e0 aimer quelqu\u2019un en qui on n\u2019a plus confiance? Jeune autrice de bandes dessin\u00e9es qui a quitt\u00e9 la France pour s\u2019installer Montr\u00e9al avec son amoureux, elle se retrouve alors perdue, et essaie de r\u00e9pondre \u00e0 cette [&hellip;]\" \/>\n<meta property=\"og:url\" content=\"https:\/\/editionspowpow.com\/en\/produits\/adieu-triste-amour\/\" \/>\n<meta property=\"og:site_name\" content=\"\u00c9ditions Pow Pow\" \/>\n<meta property=\"article:publisher\" content=\"https:\/\/www.facebook.com\/editionspowpow\" \/>\n<meta property=\"article:modified_time\" content=\"2026-02-09T15:33:37+00:00\" \/>\n<meta property=\"og:image\" content=\"https:\/\/edition-pow-pow-bucket.storage.googleapis.com\/wp-content\/uploads\/2023\/04\/couverture_adieu_triste_web-1.jpg\" \/>\n\t<meta property=\"og:image:width\" content=\"900\" \/>\n\t<meta property=\"og:image:height\" content=\"1188\" \/>\n\t<meta property=\"og:image:type\" content=\"image\/jpeg\" \/>\n<meta name=\"twitter:card\" content=\"summary_large_image\" \/>\n<meta name=\"twitter:site\" content=\"@editionspowpow\" \/>\n<meta name=\"twitter:label1\" content=\"Est. reading time\" \/>\n\t<meta name=\"twitter:data1\" content=\"1 minute\" \/>\n<script type=\"application\/ld+json\" class=\"yoast-schema-graph\">{\"@context\":\"https:\/\/schema.org\",\"@graph\":[{\"@type\":\"WebPage\",\"@id\":\"https:\/\/editionspowpow.com\/en\/produits\/adieu-triste-amour\/\",\"url\":\"https:\/\/editionspowpow.com\/en\/produits\/adieu-triste-amour\/\",\"name\":\"Adieu triste amour - \u00c9ditions Pow Pow\",\"isPartOf\":{\"@id\":\"https:\/\/editionspowpow.com\/en\/#website\"},\"primaryImageOfPage\":{\"@id\":\"https:\/\/editionspowpow.com\/en\/produits\/adieu-triste-amour\/#primaryimage\"},\"image\":{\"@id\":\"https:\/\/editionspowpow.com\/en\/produits\/adieu-triste-amour\/#primaryimage\"},\"thumbnailUrl\":\"https:\/\/edition-pow-pow-bucket.storage.googleapis.com\/wp-content\/uploads\/2023\/04\/couverture_adieu_triste_web-1.jpg\",\"datePublished\":\"2023-04-17T18:32:19+00:00\",\"dateModified\":\"2026-02-09T15:33:37+00:00\",\"breadcrumb\":{\"@id\":\"https:\/\/editionspowpow.com\/en\/produits\/adieu-triste-amour\/#breadcrumb\"},\"inLanguage\":\"en-US\",\"potentialAction\":[{\"@type\":\"ReadAction\",\"target\":[\"https:\/\/editionspowpow.com\/en\/produits\/adieu-triste-amour\/\"]}]},{\"@type\":\"ImageObject\",\"inLanguage\":\"en-US\",\"@id\":\"https:\/\/editionspowpow.com\/en\/produits\/adieu-triste-amour\/#primaryimage\",\"url\":\"https:\/\/edition-pow-pow-bucket.storage.googleapis.com\/wp-content\/uploads\/2023\/04\/couverture_adieu_triste_web-1.jpg\",\"contentUrl\":\"https:\/\/edition-pow-pow-bucket.storage.googleapis.com\/wp-content\/uploads\/2023\/04\/couverture_adieu_triste_web-1.jpg\",\"width\":900,\"height\":1188},{\"@type\":\"BreadcrumbList\",\"@id\":\"https:\/\/editionspowpow.com\/en\/produits\/adieu-triste-amour\/#breadcrumb\",\"itemListElement\":[{\"@type\":\"ListItem\",\"position\":1,\"name\":\"Home\",\"item\":\"https:\/\/editionspowpow.com\/en\/\"},{\"@type\":\"ListItem\",\"position\":2,\"name\":\"Shop\",\"item\":\"https:\/\/editionspowpow.com\/en\/shop\/\"},{\"@type\":\"ListItem\",\"position\":3,\"name\":\"Adieu triste amour\"}]},{\"@type\":\"WebSite\",\"@id\":\"https:\/\/editionspowpow.com\/en\/#website\",\"url\":\"https:\/\/editionspowpow.com\/en\/\",\"name\":\"\u00c9ditions Pow Pow\",\"description\":\"\",\"publisher\":{\"@id\":\"https:\/\/editionspowpow.com\/en\/#organization\"},\"potentialAction\":[{\"@type\":\"SearchAction\",\"target\":{\"@type\":\"EntryPoint\",\"urlTemplate\":\"https:\/\/editionspowpow.com\/en\/?s={search_term_string}\"},\"query-input\":{\"@type\":\"PropertyValueSpecification\",\"valueRequired\":true,\"valueName\":\"search_term_string\"}}],\"inLanguage\":\"en-US\"},{\"@type\":\"Organization\",\"@id\":\"https:\/\/editionspowpow.com\/en\/#organization\",\"name\":\"\u00c9ditions Pow Pow\",\"url\":\"https:\/\/editionspowpow.com\/en\/\",\"logo\":{\"@type\":\"ImageObject\",\"inLanguage\":\"en-US\",\"@id\":\"https:\/\/editionspowpow.com\/en\/#\/schema\/logo\/image\/\",\"url\":\"https:\/\/edition-pow-pow-bucket.storage.googleapis.com\/wp-content\/uploads\/2024\/03\/logo_site_pow_pow_VERTICAL.png\",\"contentUrl\":\"https:\/\/edition-pow-pow-bucket.storage.googleapis.com\/wp-content\/uploads\/2024\/03\/logo_site_pow_pow_VERTICAL.png\",\"width\":1600,\"height\":1200,\"caption\":\"\u00c9ditions Pow Pow\"},\"image\":{\"@id\":\"https:\/\/editionspowpow.com\/en\/#\/schema\/logo\/image\/\"},\"sameAs\":[\"https:\/\/www.facebook.com\/editionspowpow\",\"https:\/\/x.com\/editionspowpow\"]}]}<\/script>\n<!-- \/ Yoast SEO plugin. -->","yoast_head_json":{"title":"Adieu triste amour - \u00c9ditions Pow Pow","robots":{"index":"index","follow":"follow","max-snippet":"max-snippet:-1","max-image-preview":"max-image-preview:large","max-video-preview":"max-video-preview:-1"},"canonical":"https:\/\/editionspowpow.com\/en\/produits\/adieu-triste-amour\/","og_locale":"en_US","og_type":"article","og_title":"Adieu triste amour - \u00c9ditions Pow Pow","og_description":"Un jour, Cl\u00e9o r\u00e9alise qu\u2019elle ne conna\u00eet pas vraiment la personne avec qui elle partage sa vie. Comment continuer \u00e0 aimer quelqu\u2019un en qui on n\u2019a plus confiance? Jeune autrice de bandes dessin\u00e9es qui a quitt\u00e9 la France pour s\u2019installer Montr\u00e9al avec son amoureux, elle se retrouve alors perdue, et essaie de r\u00e9pondre \u00e0 cette [&hellip;]","og_url":"https:\/\/editionspowpow.com\/en\/produits\/adieu-triste-amour\/","og_site_name":"\u00c9ditions Pow Pow","article_publisher":"https:\/\/www.facebook.com\/editionspowpow","article_modified_time":"2026-02-09T15:33:37+00:00","og_image":[{"width":900,"height":1188,"url":"https:\/\/edition-pow-pow-bucket.storage.googleapis.com\/wp-content\/uploads\/2023\/04\/couverture_adieu_triste_web-1.jpg","type":"image\/jpeg"}],"twitter_card":"summary_large_image","twitter_site":"@editionspowpow","twitter_misc":{"Est. reading time":"1 minute"},"schema":{"@context":"https:\/\/schema.org","@graph":[{"@type":"WebPage","@id":"https:\/\/editionspowpow.com\/en\/produits\/adieu-triste-amour\/","url":"https:\/\/editionspowpow.com\/en\/produits\/adieu-triste-amour\/","name":"Adieu triste amour - \u00c9ditions Pow Pow","isPartOf":{"@id":"https:\/\/editionspowpow.com\/en\/#website"},"primaryImageOfPage":{"@id":"https:\/\/editionspowpow.com\/en\/produits\/adieu-triste-amour\/#primaryimage"},"image":{"@id":"https:\/\/editionspowpow.com\/en\/produits\/adieu-triste-amour\/#primaryimage"},"thumbnailUrl":"https:\/\/edition-pow-pow-bucket.storage.googleapis.com\/wp-content\/uploads\/2023\/04\/couverture_adieu_triste_web-1.jpg","datePublished":"2023-04-17T18:32:19+00:00","dateModified":"2026-02-09T15:33:37+00:00","breadcrumb":{"@id":"https:\/\/editionspowpow.com\/en\/produits\/adieu-triste-amour\/#breadcrumb"},"inLanguage":"en-US","potentialAction":[{"@type":"ReadAction","target":["https:\/\/editionspowpow.com\/en\/produits\/adieu-triste-amour\/"]}]},{"@type":"ImageObject","inLanguage":"en-US","@id":"https:\/\/editionspowpow.com\/en\/produits\/adieu-triste-amour\/#primaryimage","url":"https:\/\/edition-pow-pow-bucket.storage.googleapis.com\/wp-content\/uploads\/2023\/04\/couverture_adieu_triste_web-1.jpg","contentUrl":"https:\/\/edition-pow-pow-bucket.storage.googleapis.com\/wp-content\/uploads\/2023\/04\/couverture_adieu_triste_web-1.jpg","width":900,"height":1188},{"@type":"BreadcrumbList","@id":"https:\/\/editionspowpow.com\/en\/produits\/adieu-triste-amour\/#breadcrumb","itemListElement":[{"@type":"ListItem","position":1,"name":"Home","item":"https:\/\/editionspowpow.com\/en\/"},{"@type":"ListItem","position":2,"name":"Shop","item":"https:\/\/editionspowpow.com\/en\/shop\/"},{"@type":"ListItem","position":3,"name":"Adieu triste amour"}]},{"@type":"WebSite","@id":"https:\/\/editionspowpow.com\/en\/#website","url":"https:\/\/editionspowpow.com\/en\/","name":"\u00c9ditions Pow Pow","description":"","publisher":{"@id":"https:\/\/editionspowpow.com\/en\/#organization"},"potentialAction":[{"@type":"SearchAction","target":{"@type":"EntryPoint","urlTemplate":"https:\/\/editionspowpow.com\/en\/?s={search_term_string}"},"query-input":{"@type":"PropertyValueSpecification","valueRequired":true,"valueName":"search_term_string"}}],"inLanguage":"en-US"},{"@type":"Organization","@id":"https:\/\/editionspowpow.com\/en\/#organization","name":"\u00c9ditions Pow Pow","url":"https:\/\/editionspowpow.com\/en\/","logo":{"@type":"ImageObject","inLanguage":"en-US","@id":"https:\/\/editionspowpow.com\/en\/#\/schema\/logo\/image\/","url":"https:\/\/edition-pow-pow-bucket.storage.googleapis.com\/wp-content\/uploads\/2024\/03\/logo_site_pow_pow_VERTICAL.png","contentUrl":"https:\/\/edition-pow-pow-bucket.storage.googleapis.com\/wp-content\/uploads\/2024\/03\/logo_site_pow_pow_VERTICAL.png","width":1600,"height":1200,"caption":"\u00c9ditions Pow Pow"},"image":{"@id":"https:\/\/editionspowpow.com\/en\/#\/schema\/logo\/image\/"},"sameAs":["https:\/\/www.facebook.com\/editionspowpow","https:\/\/x.com\/editionspowpow"]}]}},"_links":{"self":[{"href":"https:\/\/editionspowpow.com\/en\/wp-json\/wp\/v2\/product\/23698","targetHints":{"allow":["GET"]}}],"collection":[{"href":"https:\/\/editionspowpow.com\/en\/wp-json\/wp\/v2\/product"}],"about":[{"href":"https:\/\/editionspowpow.com\/en\/wp-json\/wp\/v2\/types\/product"}],"wp:featuredmedia":[{"embeddable":true,"href":"https:\/\/editionspowpow.com\/en\/wp-json\/wp\/v2\/media\/2375"}],"wp:attachment":[{"href":"https:\/\/editionspowpow.com\/en\/wp-json\/wp\/v2\/media?parent=23698"}],"wp:term":[{"taxonomy":"product_brand","embeddable":true,"href":"https:\/\/editionspowpow.com\/en\/wp-json\/wp\/v2\/product_brand?post=23698"},{"taxonomy":"product_cat","embeddable":true,"href":"https:\/\/editionspowpow.com\/en\/wp-json\/wp\/v2\/product_cat?post=23698"},{"taxonomy":"product_tag","embeddable":true,"href":"https:\/\/editionspowpow.com\/en\/wp-json\/wp\/v2\/product_tag?post=23698"}],"curies":[{"name":"wp","href":"https:\/\/api.w.org\/{rel}","templated":true}]}}