{"id":23700,"date":"2023-04-17T14:41:51","date_gmt":"2023-04-17T18:41:51","guid":{"rendered":"https:\/\/editionspowpow.com\/boutique\/sarclage\/"},"modified":"2026-02-09T11:33:35","modified_gmt":"2026-02-09T15:33:35","slug":"sarclage","status":"publish","type":"product","link":"https:\/\/editionspowpow.com\/en\/produits\/sarclage\/","title":{"rendered":"Sarclage"},"content":{"rendered":"<p>Par une journ\u00e9e d\u2019automne tout ce qu\u2019il y a de plus ordinaire, Martine accueille quelques femmes dans son bungalow de banlieue pour prendre le th\u00e9. Le cours tranquille de l\u2019apr\u00e8s-midi change subitement lorsque survient Rose, une amie qui avait pris ses distances depuis un moment. Elle n\u2019est toutefois pas la seule invit\u00e9e ind\u00e9sirable.<\/p>\n<p>C\u00e9cile, la soeur de Martine, d\u00e9barque apr\u00e8s plusieurs ann\u00e9es de silence radio. Avec elle, de mauvais souvenirs refont surface et la confusion s\u2019installe. Lorsque Martine sort au jardin pour cueillir des herbes \u00e0 infuser, la journ\u00e9e prend une tournure inattendue.<\/p>\n<p>L\u2019esth\u00e9tique d\u00e9lib\u00e9r\u00e9ment surann\u00e9e et les touches psych\u00e9d\u00e9liques instaurent dans <em>Sarclage<\/em> une ambiance \u00e9trange, voire inqui\u00e9tante.<\/p>\n","protected":false},"excerpt":{"rendered":"<p>Par une journ\u00e9e d\u2019automne tout ce qu\u2019il y a de plus ordinaire, Martine accueille quelques femmes dans son bungalow de banlieue pour prendre le th\u00e9. Le cours tranquille de l\u2019apr\u00e8s-midi change subitement lorsque survient Rose, une amie qui avait pris ses distances depuis un moment. Elle n\u2019est toutefois pas la seule invit\u00e9e ind\u00e9sirable. C\u00e9cile, la [&hellip;]<\/p>\n","protected":false},"featured_media":2417,"template":"","meta":{"_acf_changed":false},"product_brand":[],"product_cat":[271],"product_tag":[331],"class_list":{"0":"post-23700","1":"product","2":"type-product","3":"status-publish","4":"has-post-thumbnail","6":"wc_square_synced-yes","7":"product_cat-comic","8":"product_tag-science-fiction-en-2","9":"product_shipping_class-format-standard-en","11":"first","12":"instock","13":"taxable","14":"shipping-taxable","15":"purchasable","16":"product-type-simple"},"acf":{"language":"fr","other_language_products":"","authors":[{"author_title":22403,"is_custom_job_title":false,"job_titles":[]}],"total_pages":102,"isbn":"978-2-925114-13-0","release_date":"20220517","other_release_dates":[{"date":"20221104","country":"Europe"}],"has_product_excerpt":true,"button_excerpt_position":"left","accent_color":"#DDB9D3","awards":null,"comments":[{"content":"C\u2019est fou, compl\u00e8tement! C\u2019est une all\u00e9gorie sur le jardin int\u00e9rieur. [\u2026] C\u2019est compl\u00e8tement surr\u00e9aliste et c\u2019est tr\u00e8s dr\u00f4le.","credit_group":{"content":"Fran\u00e7ois Lemay, Plus on est de fous, plus on lit!, 15 juin 2022","link":"https:\/\/ici.radio-canada.ca\/ohdio\/premiere\/emissions\/plus-on-est-de-fous-plus-on-lit\/episodes\/634735\/rattrapage-du-mercredi-15-juin-2022","is_external_link":true}},{"content":"\u00c0 un poil de l\u2019horreur, <em>Sarclage<\/em> procure une bonne dose d\u2019\u00e9tranget\u00e9 et de psych\u00e9d\u00e9lisme. L\u2019autrice, originaire de Qu\u00e9bec, propose un d\u00e9coupage cin\u00e9matographique, qui donne un rythme inqui\u00e9tant \u00e0 son r\u00e9cit. Un sympathique et troublant rappel de bien sarcler son jardin int\u00e9rieur.","credit_group":{"content":"Tanya Beaumont, Radio-Canada, 18 juin 2022","link":"https:\/\/ici.radio-canada.ca\/nouvelle\/1891997\/bande-dessinee-bd-sarclage-la-mer-verticale-naphtaline","is_external_link":true}},{"content":"Lebleu signe une belle et angoissante entr\u00e9e en mati\u00e8re, empreinte d\u2019un style d\u00e9j\u00e0 fort personnel.","credit_group":{"content":"Fran\u00e7ois Lemay, Le Devoir, 25 juin 2022","link":"https:\/\/www.ledevoir.com\/lire\/726186\/bande-dessinee-bande-dessinee-la-selection-du-mois-de-juin","is_external_link":true}},{"content":"C\u2019est une bande dessin\u00e9e un peu \u00e9trange. [\u2026] C\u2019est vraiment bon!","credit_group":{"content":"Dany Arsenault, CIEU.fm, 12 ao\u00fbt 2022","link":"https:\/\/www.cieufm.com\/chronique-de-mdany-pour-la-journee-du-livre-quebecois?fbclid=IwAR3CmwRNJ3daXPPfzbFi6zWh72SznD-paZpS5Dgf0kXJogJHHtAYVlGX9IU","is_external_link":true}},{"content":"Ce premier livre de Genevi\u00e8ve Lebleu jumelle avec brio une ambiance onirique inqui\u00e9tante \u00e0 des sc\u00e8nes r\u00e9alistes, o\u00f9 les malaises et les non-dits sont explor\u00e9s. La signature graphique de l\u2019album alterne entre un imaginaire d\u00e9jant\u00e9 ainsi qu\u2019un trait plus froid et distanc\u00e9. [\u2026] Empruntant \u00e0 la nouvelle sa concision narrative et son sens de la chute,<em> Sarclage<\/em> est d\u2019une efficacit\u00e9 ind\u00e9niable, car l\u2019autrice parvient \u00e0 multiplier les couches de sens et de myst\u00e8re dans son r\u00e9cit.","credit_group":{"content":"Virginie Fournier, Lettres qu\u00e9b\u00e9coises, 22 septembre 2022","link":"","is_external_link":false}},{"content":"Cette bande dessin\u00e9e en noir et blanc, au premier abord innocente \u2014 un th\u00e9 entre amies \u2014 prend rapidement des tournures psych\u00e9d\u00e9liques et flirte ouvertement avec l\u2019horreur, celle des souvenirs traumatiques d\u00e9guis\u00e9s en parterres de fleurs.\r\n\r\nL\u2019ouvrage devient alors po\u00e9tique et douloureux, une fable \u00e0 l\u2019odeur suave mais dont il faut se m\u00e9fier. Avec sa narration rondement men\u00e9e et son univers fantasmagorique,<em> Sarclage<\/em> est le coup de c\u0153ur de cette revue de bandes dessin\u00e9es.","credit_group":{"content":" Lucie Laumonier, Bible urbaine, 28 septembre 2022","link":"https:\/\/labibleurbaine.com\/litterature\/3-idees-de-bandes-dessinees-a-decouvrir-pour-mieux-digerer-la-rentree\/","is_external_link":true}}],"video_gallery":[{"video_url":"https:\/\/www.youtube.com\/watch?v=2wY3h6uoTFs","title":"Sarclage <br>\u2014 Genevi\u00e8ve Lebleu","video_preview":20685,"video_duration":"0:49"}]},"yoast_head":"<!-- This site is optimized with the Yoast SEO plugin v26.9 - https:\/\/yoast.com\/product\/yoast-seo-wordpress\/ -->\n<title>Sarclage - \u00c9ditions Pow Pow<\/title>\n<meta name=\"robots\" content=\"index, follow, max-snippet:-1, max-image-preview:large, max-video-preview:-1\" \/>\n<link rel=\"canonical\" href=\"https:\/\/editionspowpow.com\/en\/produits\/sarclage\/\" \/>\n<meta property=\"og:locale\" content=\"en_US\" \/>\n<meta property=\"og:type\" content=\"article\" \/>\n<meta property=\"og:title\" content=\"Sarclage - \u00c9ditions Pow Pow\" \/>\n<meta property=\"og:description\" content=\"Par une journ\u00e9e d\u2019automne tout ce qu\u2019il y a de plus ordinaire, Martine accueille quelques femmes dans son bungalow de banlieue pour prendre le th\u00e9. Le cours tranquille de l\u2019apr\u00e8s-midi change subitement lorsque survient Rose, une amie qui avait pris ses distances depuis un moment. Elle n\u2019est toutefois pas la seule invit\u00e9e ind\u00e9sirable. C\u00e9cile, la [&hellip;]\" \/>\n<meta property=\"og:url\" content=\"https:\/\/editionspowpow.com\/en\/produits\/sarclage\/\" \/>\n<meta property=\"og:site_name\" content=\"\u00c9ditions Pow Pow\" \/>\n<meta property=\"article:publisher\" content=\"https:\/\/www.facebook.com\/editionspowpow\" \/>\n<meta property=\"article:modified_time\" content=\"2026-02-09T15:33:35+00:00\" \/>\n<meta property=\"og:image\" content=\"https:\/\/edition-pow-pow-bucket.storage.googleapis.com\/wp-content\/uploads\/2023\/04\/couverture_sarclage_web-1.jpg\" \/>\n\t<meta property=\"og:image:width\" content=\"900\" \/>\n\t<meta property=\"og:image:height\" content=\"1188\" \/>\n\t<meta property=\"og:image:type\" content=\"image\/jpeg\" \/>\n<meta name=\"twitter:card\" content=\"summary_large_image\" \/>\n<meta name=\"twitter:site\" content=\"@editionspowpow\" \/>\n<meta name=\"twitter:label1\" content=\"Est. reading time\" \/>\n\t<meta name=\"twitter:data1\" content=\"1 minute\" \/>\n<script type=\"application\/ld+json\" class=\"yoast-schema-graph\">{\"@context\":\"https:\/\/schema.org\",\"@graph\":[{\"@type\":\"WebPage\",\"@id\":\"https:\/\/editionspowpow.com\/en\/produits\/sarclage\/\",\"url\":\"https:\/\/editionspowpow.com\/en\/produits\/sarclage\/\",\"name\":\"Sarclage - \u00c9ditions Pow Pow\",\"isPartOf\":{\"@id\":\"https:\/\/editionspowpow.com\/en\/#website\"},\"primaryImageOfPage\":{\"@id\":\"https:\/\/editionspowpow.com\/en\/produits\/sarclage\/#primaryimage\"},\"image\":{\"@id\":\"https:\/\/editionspowpow.com\/en\/produits\/sarclage\/#primaryimage\"},\"thumbnailUrl\":\"https:\/\/edition-pow-pow-bucket.storage.googleapis.com\/wp-content\/uploads\/2023\/04\/couverture_sarclage_web-1.jpg\",\"datePublished\":\"2023-04-17T18:41:51+00:00\",\"dateModified\":\"2026-02-09T15:33:35+00:00\",\"breadcrumb\":{\"@id\":\"https:\/\/editionspowpow.com\/en\/produits\/sarclage\/#breadcrumb\"},\"inLanguage\":\"en-US\",\"potentialAction\":[{\"@type\":\"ReadAction\",\"target\":[\"https:\/\/editionspowpow.com\/en\/produits\/sarclage\/\"]}]},{\"@type\":\"ImageObject\",\"inLanguage\":\"en-US\",\"@id\":\"https:\/\/editionspowpow.com\/en\/produits\/sarclage\/#primaryimage\",\"url\":\"https:\/\/edition-pow-pow-bucket.storage.googleapis.com\/wp-content\/uploads\/2023\/04\/couverture_sarclage_web-1.jpg\",\"contentUrl\":\"https:\/\/edition-pow-pow-bucket.storage.googleapis.com\/wp-content\/uploads\/2023\/04\/couverture_sarclage_web-1.jpg\",\"width\":900,\"height\":1188},{\"@type\":\"BreadcrumbList\",\"@id\":\"https:\/\/editionspowpow.com\/en\/produits\/sarclage\/#breadcrumb\",\"itemListElement\":[{\"@type\":\"ListItem\",\"position\":1,\"name\":\"Home\",\"item\":\"https:\/\/editionspowpow.com\/en\/\"},{\"@type\":\"ListItem\",\"position\":2,\"name\":\"Shop\",\"item\":\"https:\/\/editionspowpow.com\/en\/shop\/\"},{\"@type\":\"ListItem\",\"position\":3,\"name\":\"Sarclage\"}]},{\"@type\":\"WebSite\",\"@id\":\"https:\/\/editionspowpow.com\/en\/#website\",\"url\":\"https:\/\/editionspowpow.com\/en\/\",\"name\":\"\u00c9ditions Pow Pow\",\"description\":\"\",\"publisher\":{\"@id\":\"https:\/\/editionspowpow.com\/en\/#organization\"},\"potentialAction\":[{\"@type\":\"SearchAction\",\"target\":{\"@type\":\"EntryPoint\",\"urlTemplate\":\"https:\/\/editionspowpow.com\/en\/?s={search_term_string}\"},\"query-input\":{\"@type\":\"PropertyValueSpecification\",\"valueRequired\":true,\"valueName\":\"search_term_string\"}}],\"inLanguage\":\"en-US\"},{\"@type\":\"Organization\",\"@id\":\"https:\/\/editionspowpow.com\/en\/#organization\",\"name\":\"\u00c9ditions Pow Pow\",\"url\":\"https:\/\/editionspowpow.com\/en\/\",\"logo\":{\"@type\":\"ImageObject\",\"inLanguage\":\"en-US\",\"@id\":\"https:\/\/editionspowpow.com\/en\/#\/schema\/logo\/image\/\",\"url\":\"https:\/\/edition-pow-pow-bucket.storage.googleapis.com\/wp-content\/uploads\/2024\/03\/logo_site_pow_pow_VERTICAL.png\",\"contentUrl\":\"https:\/\/edition-pow-pow-bucket.storage.googleapis.com\/wp-content\/uploads\/2024\/03\/logo_site_pow_pow_VERTICAL.png\",\"width\":1600,\"height\":1200,\"caption\":\"\u00c9ditions Pow Pow\"},\"image\":{\"@id\":\"https:\/\/editionspowpow.com\/en\/#\/schema\/logo\/image\/\"},\"sameAs\":[\"https:\/\/www.facebook.com\/editionspowpow\",\"https:\/\/x.com\/editionspowpow\"]}]}<\/script>\n<!-- \/ Yoast SEO plugin. -->","yoast_head_json":{"title":"Sarclage - \u00c9ditions Pow Pow","robots":{"index":"index","follow":"follow","max-snippet":"max-snippet:-1","max-image-preview":"max-image-preview:large","max-video-preview":"max-video-preview:-1"},"canonical":"https:\/\/editionspowpow.com\/en\/produits\/sarclage\/","og_locale":"en_US","og_type":"article","og_title":"Sarclage - \u00c9ditions Pow Pow","og_description":"Par une journ\u00e9e d\u2019automne tout ce qu\u2019il y a de plus ordinaire, Martine accueille quelques femmes dans son bungalow de banlieue pour prendre le th\u00e9. Le cours tranquille de l\u2019apr\u00e8s-midi change subitement lorsque survient Rose, une amie qui avait pris ses distances depuis un moment. Elle n\u2019est toutefois pas la seule invit\u00e9e ind\u00e9sirable. C\u00e9cile, la [&hellip;]","og_url":"https:\/\/editionspowpow.com\/en\/produits\/sarclage\/","og_site_name":"\u00c9ditions Pow Pow","article_publisher":"https:\/\/www.facebook.com\/editionspowpow","article_modified_time":"2026-02-09T15:33:35+00:00","og_image":[{"width":900,"height":1188,"url":"https:\/\/edition-pow-pow-bucket.storage.googleapis.com\/wp-content\/uploads\/2023\/04\/couverture_sarclage_web-1.jpg","type":"image\/jpeg"}],"twitter_card":"summary_large_image","twitter_site":"@editionspowpow","twitter_misc":{"Est. reading time":"1 minute"},"schema":{"@context":"https:\/\/schema.org","@graph":[{"@type":"WebPage","@id":"https:\/\/editionspowpow.com\/en\/produits\/sarclage\/","url":"https:\/\/editionspowpow.com\/en\/produits\/sarclage\/","name":"Sarclage - \u00c9ditions Pow Pow","isPartOf":{"@id":"https:\/\/editionspowpow.com\/en\/#website"},"primaryImageOfPage":{"@id":"https:\/\/editionspowpow.com\/en\/produits\/sarclage\/#primaryimage"},"image":{"@id":"https:\/\/editionspowpow.com\/en\/produits\/sarclage\/#primaryimage"},"thumbnailUrl":"https:\/\/edition-pow-pow-bucket.storage.googleapis.com\/wp-content\/uploads\/2023\/04\/couverture_sarclage_web-1.jpg","datePublished":"2023-04-17T18:41:51+00:00","dateModified":"2026-02-09T15:33:35+00:00","breadcrumb":{"@id":"https:\/\/editionspowpow.com\/en\/produits\/sarclage\/#breadcrumb"},"inLanguage":"en-US","potentialAction":[{"@type":"ReadAction","target":["https:\/\/editionspowpow.com\/en\/produits\/sarclage\/"]}]},{"@type":"ImageObject","inLanguage":"en-US","@id":"https:\/\/editionspowpow.com\/en\/produits\/sarclage\/#primaryimage","url":"https:\/\/edition-pow-pow-bucket.storage.googleapis.com\/wp-content\/uploads\/2023\/04\/couverture_sarclage_web-1.jpg","contentUrl":"https:\/\/edition-pow-pow-bucket.storage.googleapis.com\/wp-content\/uploads\/2023\/04\/couverture_sarclage_web-1.jpg","width":900,"height":1188},{"@type":"BreadcrumbList","@id":"https:\/\/editionspowpow.com\/en\/produits\/sarclage\/#breadcrumb","itemListElement":[{"@type":"ListItem","position":1,"name":"Home","item":"https:\/\/editionspowpow.com\/en\/"},{"@type":"ListItem","position":2,"name":"Shop","item":"https:\/\/editionspowpow.com\/en\/shop\/"},{"@type":"ListItem","position":3,"name":"Sarclage"}]},{"@type":"WebSite","@id":"https:\/\/editionspowpow.com\/en\/#website","url":"https:\/\/editionspowpow.com\/en\/","name":"\u00c9ditions Pow Pow","description":"","publisher":{"@id":"https:\/\/editionspowpow.com\/en\/#organization"},"potentialAction":[{"@type":"SearchAction","target":{"@type":"EntryPoint","urlTemplate":"https:\/\/editionspowpow.com\/en\/?s={search_term_string}"},"query-input":{"@type":"PropertyValueSpecification","valueRequired":true,"valueName":"search_term_string"}}],"inLanguage":"en-US"},{"@type":"Organization","@id":"https:\/\/editionspowpow.com\/en\/#organization","name":"\u00c9ditions Pow Pow","url":"https:\/\/editionspowpow.com\/en\/","logo":{"@type":"ImageObject","inLanguage":"en-US","@id":"https:\/\/editionspowpow.com\/en\/#\/schema\/logo\/image\/","url":"https:\/\/edition-pow-pow-bucket.storage.googleapis.com\/wp-content\/uploads\/2024\/03\/logo_site_pow_pow_VERTICAL.png","contentUrl":"https:\/\/edition-pow-pow-bucket.storage.googleapis.com\/wp-content\/uploads\/2024\/03\/logo_site_pow_pow_VERTICAL.png","width":1600,"height":1200,"caption":"\u00c9ditions Pow Pow"},"image":{"@id":"https:\/\/editionspowpow.com\/en\/#\/schema\/logo\/image\/"},"sameAs":["https:\/\/www.facebook.com\/editionspowpow","https:\/\/x.com\/editionspowpow"]}]}},"_links":{"self":[{"href":"https:\/\/editionspowpow.com\/en\/wp-json\/wp\/v2\/product\/23700","targetHints":{"allow":["GET"]}}],"collection":[{"href":"https:\/\/editionspowpow.com\/en\/wp-json\/wp\/v2\/product"}],"about":[{"href":"https:\/\/editionspowpow.com\/en\/wp-json\/wp\/v2\/types\/product"}],"wp:featuredmedia":[{"embeddable":true,"href":"https:\/\/editionspowpow.com\/en\/wp-json\/wp\/v2\/media\/2417"}],"wp:attachment":[{"href":"https:\/\/editionspowpow.com\/en\/wp-json\/wp\/v2\/media?parent=23700"}],"wp:term":[{"taxonomy":"product_brand","embeddable":true,"href":"https:\/\/editionspowpow.com\/en\/wp-json\/wp\/v2\/product_brand?post=23700"},{"taxonomy":"product_cat","embeddable":true,"href":"https:\/\/editionspowpow.com\/en\/wp-json\/wp\/v2\/product_cat?post=23700"},{"taxonomy":"product_tag","embeddable":true,"href":"https:\/\/editionspowpow.com\/en\/wp-json\/wp\/v2\/product_tag?post=23700"}],"curies":[{"name":"wp","href":"https:\/\/api.w.org\/{rel}","templated":true}]}}