{"id":23702,"date":"2023-04-17T14:18:46","date_gmt":"2023-04-17T18:18:46","guid":{"rendered":"https:\/\/editionspowpow.com\/boutique\/corps-vivante\/"},"modified":"2026-02-09T11:33:41","modified_gmt":"2026-02-09T15:33:41","slug":"corps-vivante","status":"publish","type":"product","link":"https:\/\/editionspowpow.com\/en\/produits\/corps-vivante\/","title":{"rendered":"Corps vivante"},"content":{"rendered":"<p>En 1990, Julie Delporte n\u2019a encore jamais vu de butch, mais sa tante pr\u00e9f\u00e9r\u00e9e chasse et fume le cigare. Presque vingt ans plus tard, elle publie un livre sur Tove Jansson dans lequel elle raconte avec joie que cette artiste finlandaise est la premi\u00e8re femme \u00e0 qui elle s\u2019identifie, seulement elle \u00e9tait lesbienne et pas Julie. \u00c0 35 ans, apr\u00e8s avoir surlign\u00e9 de toutes les couleurs son exemplaire de <em>La pens\u00e9e straight<\/em> de Monique Wittig, Julie Delporte arr\u00eate de porter des robes et prend son avenir en main.<\/p>\n<p>Dans ce roman graphique qui fait suite \u00e0 <em>Moi aussi je voulais l\u2019emporter,<\/em> l\u2019autrice retrace l\u2019histoire de sa sexualit\u00e9. Une histoire marqu\u00e9e par la violence malheureusement trop banale des agressions, comme par celle des clich\u00e9s et des injonctions li\u00e9s \u00e0 une culture de la performance et de l\u2019h\u00e9t\u00e9ronormativit\u00e9.<\/p>\n","protected":false},"excerpt":{"rendered":"<p>En 1990, Julie Delporte n\u2019a encore jamais vu de butch, mais sa tante pr\u00e9f\u00e9r\u00e9e chasse et fume le cigare. Presque vingt ans plus tard, elle publie un livre sur Tove Jansson dans lequel elle raconte avec joie que cette artiste finlandaise est la premi\u00e8re femme \u00e0 qui elle s\u2019identifie, seulement elle \u00e9tait lesbienne et pas [&hellip;]<\/p>\n","protected":false},"featured_media":2456,"template":"","meta":{"_acf_changed":false},"product_brand":[],"product_cat":[271],"product_tag":[268,317,327,334],"class_list":{"0":"post-23702","1":"product","2":"type-product","3":"status-publish","4":"has-post-thumbnail","6":"wc_square_synced-yes","7":"product_cat-comic","8":"product_tag-essay","9":"product_tag-lgbtq-en-2","10":"product_tag-recit-intime-en","11":"product_tag-sexualite-en","13":"first","14":"instock","15":"taxable","16":"shipping-taxable","17":"purchasable","18":"product-type-simple"},"acf":{"language":"fr","other_language_products":"","authors":[{"author_title":22383,"is_custom_job_title":false,"job_titles":[]}],"total_pages":268,"isbn":"978-2-925114-15-4","release_date":"20221012","other_release_dates":[{"date":"20230120","country":"Europe"}],"has_product_excerpt":true,"button_excerpt_position":"left","accent_color":"#DDB9D3","awards":[{"content":"Finaliste \u2013 Prix Lyon BD 2023"},{"content":"S\u00e9lection du Jury \u2013 Grand Prix du livre de Montr\u00e9al 2023"},{"content":"S\u00e9lection du Prix lyc\u00e9en du Festival BD Colomiers 2023"},{"content":"Les libraires conseillent \u2013 S\u00e9lection de novembre 2022"},{"content":"Coup de c\u0153ur \u2013 Renaud-Bray"}],"comments":[{"content":"Il y a une grande complexit\u00e9 dans ce livre, tout n\u2019est pas noir et blanc. [\u2026] On se prom\u00e8ne comme dans un fleuve avec des vagues, avec des creux et je trouve \u00e7a vraiment magnifique et tr\u00e8s juste, tr\u00e8s vrai, tr\u00e8s \u00e9mouvant aussi.","credit_group":{"content":"H\u00e9l\u00e8ne Dorion, Il restera toujours la culture (Radio-Canada), 13 octobre 2022","link":"https:\/\/ici.radio-canada.ca\/ohdio\/premiere\/emissions\/il-restera-toujours-culture\/segments\/entrevue\/418478\/corps-vivante-julie-delporte-bd","is_external_link":true}},{"content":"[S]i ce roman graphique s\u2019amorce avec le r\u00e9cit des doutes et celui, plus bouleversant encore, des violences sexuelles subies, son cours nous entra\u00eene bient\u00f4t vers la douce puissance des pens\u00e9es qui se r\u00e9v\u00e8lent et des volont\u00e9s qui s\u2019affirment: \u00abJ\u2019ai voulu \u00eatre Tove Jansson, Courtney Barnett, Chantal Akerman\u2026 J\u2019ai voulu \u00eatre une lesbienne avant d\u2019avoir du d\u00e9sir pour les femmes. Et avant de tomber amoureuse de l\u2019une d\u2019elles. La voil\u00e0, mon histoire.\u00bb Une histoire qu\u2019elle illustre aussi \u00e0 travers un travail d\u2019artiste organique, min\u00e9ral, rempli de couleurs, de vie et de douceur.","credit_group":{"content":"Josianne L\u00e9tourneau, Collections, 4 octobre 2022","link":"https:\/\/revuecollections.com\/volume-9\/numero-3\/livres-illustres-livres-illustres\/","is_external_link":true}},{"content":"C\u2019est vraiment un livre de toute beaut\u00e9.","credit_group":{"content":"\u00c9milie Perreault, Il restera toujours la culture (Radio-Canada), 13 octobre 2022","link":"https:\/\/ici.radio-canada.ca\/ohdio\/premiere\/emissions\/il-restera-toujours-culture\/segments\/entrevue\/418478\/corps-vivante-julie-delporte-bd","is_external_link":true}},{"content":"C\u2019est un t\u00e9moignage d\u2019une grande force. [\u2026] On est dans un espace de l\u2019intime, on est dans un espace de la confession, mais aussi dans un espace de r\u00e9flexion. [\u2026] C\u2019est un ouvrage d\u2019une grande beaut\u00e9.","credit_group":{"content":"\u00c9lizabeth Lord, Chut madame lit (CKIA), 15 octobre 2022","link":"https:\/\/open.spotify.com\/episode\/1zfIZkiTaL60M87cB78IZv?si=2eb72375c1564839&fbclid=IwAR2-juNgDS82XiyQN0FSATklgSBEye8VCt5zvkKkIfdpBG0Be2uSjRdb9eY&nd=1","is_external_link":true}},{"content":"C\u2019est un livre empreint de douceur, c\u2019est un parcours intime [\u2026]. C\u2019est un tr\u00e8s bel ouvrage.","credit_group":{"content":"Ariane Cipriani, Culture Club (Radio-Canada), 15 octobre 2022","link":"https:\/\/ici.radio-canada.ca\/ohdio\/premiere\/emissions\/culture-club\/episodes\/661337\/rattrapage-du-samedi-15-octobre-2022\/4","is_external_link":true}},{"content":"Dans ce livre d\u2019une rare authenticit\u00e9, l\u2019exploration identitaire passe par la gu\u00e9rison face aux violences du pass\u00e9 et par la d\u00e9construction des clich\u00e9s qui ont fa\u00e7onn\u00e9 ses r\u00e9f\u00e9rences. Les questionnements soulev\u00e9s par Delporte, les points d\u2019ancrage partag\u00e9s, apportent une riche mati\u00e8re \u00e0 m\u00e9diter.","credit_group":{"content":"Jos\u00e9e-Anne Paradis, Les libraires, 17 octobre 2022","link":"https:\/\/revue.leslibraires.ca\/entrevues\/bande-dessinee\/julie-delporte-enfin-se-decouvrir\/","is_external_link":true}},{"content":"C\u2019est vraiment tr\u00e8s, tr\u00e8s, tr\u00e8s, tr\u00e8s beau.","credit_group":{"content":"B\u00e4rbel Reinke, Les matins \u00e9ph\u00e9m\u00e8res (CKRL), 18 octobre 2022","link":"","is_external_link":false}},{"content":"L\u2019autrice expose des \u00e9l\u00e9ments importants de son histoire personnelle, sans jugement, et en d\u00e9faisant les normes sociales entourant l\u2019h\u00e9t\u00e9ronormativit\u00e9. [\u2026] <em>Corps vivante<\/em> est un acte d\u2019amour directement reli\u00e9 \u00e0 la connaissance de soi, une \u00e9volution avec indulgence par rapport \u00e0 un pass\u00e9 embrum\u00e9.","credit_group":{"content":"Susie L\u00e9vesque, Les libraires, 1 novembre 2022","link":"https:\/\/revue.leslibraires.ca\/actualites\/les-libraires-conseillent\/les-libraires-conseillent-novembre-2022\/?fbclid=IwAR3UsbPQAkDASkzJPGXo175Mju__h5EjiGAMJ_fcipoqMl0SAW5G6wBIK40","is_external_link":true}},{"content":"Delporte est vraiment au sommet de son art.","credit_group":{"content":"Carm\u00e9lie Jacob, Libraire de force (CIBL), 3 novembre 2022","link":"","is_external_link":false}},{"content":"Cette invitation \u00e0 se r\u00e9concilier avec soi-m\u00eame, lib\u00e9r\u00e9e des injonctions ou des codes moraux parlera \u00e0 tout le monde.","credit_group":{"content":"Claudia Larochelle, Elle Qu\u00e9bec, 10 novembre 2022","link":"","is_external_link":false}},{"content":"Julie Delporte nous revient plus magistrale et pertinente que jamais avec <em>Corps vivante<\/em> [\u2026] Cette r\u00e9flexion sur la normalit\u00e9 exacerb\u00e9e par les diktats de l\u2019univers m\u00e9diatique machiste, la culture de la performance \u00e0 tout prix et sur l\u2019acceptation de soi et de l\u2019ouverture \u00e0 l\u2019autre s\u2019av\u00e8re n\u00e9cessaire, tout comme la lecture de cet album de la rentr\u00e9e, sinon de l\u2019ann\u00e9e.","credit_group":{"content":"Jean-Dominic Leduc, Les libraires, 5 d\u00e9cembre 2022","link":"https:\/\/revue.leslibraires.ca\/chroniques\/bande-dessinee\/un-automne-au-feminin\/","is_external_link":true}},{"content":"Album tr\u00e8s po\u00e9tique dans sa signature visuelle, <em>Corps vivante<\/em> met de l\u2019avant un langage \u00e9cof\u00e9ministe qui non seulement associe le large spectre des identit\u00e9s sexu\u00e9es et de genre \u00e0 un \u00e9tat naturel des choses, mais nous invite aussi \u00e0 revoir notre fa\u00e7on de percevoir notre environnement, de consid\u00e9rer ces \u00e9l\u00e9ments qui m\u00e9ritent d\u2019\u00eatre observ\u00e9s plus attentivement. [\u2026] L\u2019intime demeure politique: Julie Delporte l\u2019illustre avec une remarquable intelligence dans <em>Corps vivante.<\/em>","credit_group":{"content":"Virginie Fournier, Lettres qu\u00e9b\u00e9coises, 9 d\u00e9cembre 2022","link":"","is_external_link":false}},{"content":"Ce roman graphique explore ce que corps fait, ce que corps veut, ce que corps subit, de la honte \u00e0 la floraison. C\u2019est en toute vuln\u00e9rabilit\u00e9, en toute franchise, que <em>Corps vivant<\/em>e nous autorise \u00e0 faire preuve de douceur envers soi.","credit_group":{"content":"Impact Campus, 14 d\u00e9cembre 2022","link":"http:\/\/impactcampus.ca\/arts-et-culture\/livres-bas-de-noel\/","is_external_link":true}},{"content":"Formellement, elle [Julie Delporte] creuse le sillon entam\u00e9 depuis le d\u00e9but de sa carri\u00e8re en illustrant un texte r\u00e9flexif et continu. Sa ma\u00eetrise du crayon de couleur est magistrale. Elle repr\u00e9sente des v\u00eatements, des plantes, des fleurs, des coquillages glan\u00e9s ici et l\u00e0. On frise parfois l\u2019abstraction et on pense souvent \u00e0 la peintre Georgia O\u2019Keeffe, \u00e0 laquelle l\u2019autrice rend un hommage en quatri\u00e8me de couverture.","credit_group":{"content":"C. B., Focus Vif, 26 janvier 2023","link":"","is_external_link":false}},{"content":"Elle accompagne son texte, simple, touchant, de dessins au crayon repr\u00e9sentant surtout des \u00e9l\u00e9ments de la nature, reliant son corps \u00e0 celle-ci. Intime et puissant. Beau!","credit_group":{"content":"Justine Rossius, Flair, 20 f\u00e9vrier 2023","link":"https:\/\/sso.roularta.be\/saml\/authn-response-nopassive","is_external_link":true}},{"content":"D\u2019une grande douceur, sans apporter de r\u00e9ponses pr\u00e9con\u00e7ues ni d\u00e9finitives sur l\u2019orientation sexuelle, <em>Corps vivante<\/em> est aussi une ode au vivant, aux \u00e9l\u00e9ments naturels. Julie Delporte a con\u00e7u cet assemblage de pens\u00e9es avec des images d\u2019algues, de lichens, d\u2019aubergines tigr\u00e9es ou de libellules comme \u00able travail de montage d\u2019un film exp\u00e9rimental\u00bb.","credit_group":{"content":"Amandine Schmitt, Nouvel Obs, 23 f\u00e9vrier 2023","link":"https:\/\/www.nouvelobs.com\/bibliobs\/20230223.OBS69921\/comment-julie-delporte-a-trouve-refuge-au-pays-des-lesbiennes.html","is_external_link":true}},{"content":"Un album intime, sinc\u00e8re, touchant et r\u00e9fl\u00e9chi, comme toujours pour celle qui cite volontiers Annie Ernaux parmi ses inspirations en s\u2019inscrivant dans une litt\u00e9rature qui aide d\u2019autres \u00e0 vivre en se sentant moins seul(e)s.","credit_group":{"content":"Isabelle Delorme, dBD, 14 mars 2023","link":"","is_external_link":false}}],"video_gallery":[{"video_url":"https:\/\/youtu.be\/1G04YepYxXc","title":"Corps vivante <br>\u2014 Julie Delporte","video_preview":20768,"video_duration":"1:02"}]},"yoast_head":"<!-- This site is optimized with the Yoast SEO plugin v26.9 - https:\/\/yoast.com\/product\/yoast-seo-wordpress\/ -->\n<title>Corps vivante - \u00c9ditions Pow Pow<\/title>\n<meta name=\"robots\" content=\"index, follow, max-snippet:-1, max-image-preview:large, max-video-preview:-1\" \/>\n<link rel=\"canonical\" href=\"https:\/\/editionspowpow.com\/en\/produits\/corps-vivante\/\" \/>\n<meta property=\"og:locale\" content=\"en_US\" \/>\n<meta property=\"og:type\" content=\"article\" \/>\n<meta property=\"og:title\" content=\"Corps vivante - \u00c9ditions Pow Pow\" \/>\n<meta property=\"og:description\" content=\"En 1990, Julie Delporte n\u2019a encore jamais vu de butch, mais sa tante pr\u00e9f\u00e9r\u00e9e chasse et fume le cigare. Presque vingt ans plus tard, elle publie un livre sur Tove Jansson dans lequel elle raconte avec joie que cette artiste finlandaise est la premi\u00e8re femme \u00e0 qui elle s\u2019identifie, seulement elle \u00e9tait lesbienne et pas [&hellip;]\" \/>\n<meta property=\"og:url\" content=\"https:\/\/editionspowpow.com\/en\/produits\/corps-vivante\/\" \/>\n<meta property=\"og:site_name\" content=\"\u00c9ditions Pow Pow\" \/>\n<meta property=\"article:publisher\" content=\"https:\/\/www.facebook.com\/editionspowpow\" \/>\n<meta property=\"article:modified_time\" content=\"2026-02-09T15:33:41+00:00\" \/>\n<meta property=\"og:image\" content=\"https:\/\/edition-pow-pow-bucket.storage.googleapis.com\/wp-content\/uploads\/2023\/04\/couverture-corps-vivante-web2-1.jpg\" \/>\n\t<meta property=\"og:image:width\" content=\"900\" \/>\n\t<meta property=\"og:image:height\" content=\"1188\" \/>\n\t<meta property=\"og:image:type\" content=\"image\/jpeg\" \/>\n<meta name=\"twitter:card\" content=\"summary_large_image\" \/>\n<meta name=\"twitter:site\" content=\"@editionspowpow\" \/>\n<meta name=\"twitter:label1\" content=\"Est. reading time\" \/>\n\t<meta name=\"twitter:data1\" content=\"1 minute\" \/>\n<script type=\"application\/ld+json\" class=\"yoast-schema-graph\">{\"@context\":\"https:\/\/schema.org\",\"@graph\":[{\"@type\":\"WebPage\",\"@id\":\"https:\/\/editionspowpow.com\/en\/produits\/corps-vivante\/\",\"url\":\"https:\/\/editionspowpow.com\/en\/produits\/corps-vivante\/\",\"name\":\"Corps vivante - \u00c9ditions Pow Pow\",\"isPartOf\":{\"@id\":\"https:\/\/editionspowpow.com\/en\/#website\"},\"primaryImageOfPage\":{\"@id\":\"https:\/\/editionspowpow.com\/en\/produits\/corps-vivante\/#primaryimage\"},\"image\":{\"@id\":\"https:\/\/editionspowpow.com\/en\/produits\/corps-vivante\/#primaryimage\"},\"thumbnailUrl\":\"https:\/\/edition-pow-pow-bucket.storage.googleapis.com\/wp-content\/uploads\/2023\/04\/couverture-corps-vivante-web2-1.jpg\",\"datePublished\":\"2023-04-17T18:18:46+00:00\",\"dateModified\":\"2026-02-09T15:33:41+00:00\",\"breadcrumb\":{\"@id\":\"https:\/\/editionspowpow.com\/en\/produits\/corps-vivante\/#breadcrumb\"},\"inLanguage\":\"en-US\",\"potentialAction\":[{\"@type\":\"ReadAction\",\"target\":[\"https:\/\/editionspowpow.com\/en\/produits\/corps-vivante\/\"]}]},{\"@type\":\"ImageObject\",\"inLanguage\":\"en-US\",\"@id\":\"https:\/\/editionspowpow.com\/en\/produits\/corps-vivante\/#primaryimage\",\"url\":\"https:\/\/edition-pow-pow-bucket.storage.googleapis.com\/wp-content\/uploads\/2023\/04\/couverture-corps-vivante-web2-1.jpg\",\"contentUrl\":\"https:\/\/edition-pow-pow-bucket.storage.googleapis.com\/wp-content\/uploads\/2023\/04\/couverture-corps-vivante-web2-1.jpg\",\"width\":900,\"height\":1188},{\"@type\":\"BreadcrumbList\",\"@id\":\"https:\/\/editionspowpow.com\/en\/produits\/corps-vivante\/#breadcrumb\",\"itemListElement\":[{\"@type\":\"ListItem\",\"position\":1,\"name\":\"Home\",\"item\":\"https:\/\/editionspowpow.com\/en\/\"},{\"@type\":\"ListItem\",\"position\":2,\"name\":\"Shop\",\"item\":\"https:\/\/editionspowpow.com\/en\/shop\/\"},{\"@type\":\"ListItem\",\"position\":3,\"name\":\"Corps vivante\"}]},{\"@type\":\"WebSite\",\"@id\":\"https:\/\/editionspowpow.com\/en\/#website\",\"url\":\"https:\/\/editionspowpow.com\/en\/\",\"name\":\"\u00c9ditions Pow Pow\",\"description\":\"\",\"publisher\":{\"@id\":\"https:\/\/editionspowpow.com\/en\/#organization\"},\"potentialAction\":[{\"@type\":\"SearchAction\",\"target\":{\"@type\":\"EntryPoint\",\"urlTemplate\":\"https:\/\/editionspowpow.com\/en\/?s={search_term_string}\"},\"query-input\":{\"@type\":\"PropertyValueSpecification\",\"valueRequired\":true,\"valueName\":\"search_term_string\"}}],\"inLanguage\":\"en-US\"},{\"@type\":\"Organization\",\"@id\":\"https:\/\/editionspowpow.com\/en\/#organization\",\"name\":\"\u00c9ditions Pow Pow\",\"url\":\"https:\/\/editionspowpow.com\/en\/\",\"logo\":{\"@type\":\"ImageObject\",\"inLanguage\":\"en-US\",\"@id\":\"https:\/\/editionspowpow.com\/en\/#\/schema\/logo\/image\/\",\"url\":\"https:\/\/edition-pow-pow-bucket.storage.googleapis.com\/wp-content\/uploads\/2024\/03\/logo_site_pow_pow_VERTICAL.png\",\"contentUrl\":\"https:\/\/edition-pow-pow-bucket.storage.googleapis.com\/wp-content\/uploads\/2024\/03\/logo_site_pow_pow_VERTICAL.png\",\"width\":1600,\"height\":1200,\"caption\":\"\u00c9ditions Pow Pow\"},\"image\":{\"@id\":\"https:\/\/editionspowpow.com\/en\/#\/schema\/logo\/image\/\"},\"sameAs\":[\"https:\/\/www.facebook.com\/editionspowpow\",\"https:\/\/x.com\/editionspowpow\"]}]}<\/script>\n<!-- \/ Yoast SEO plugin. -->","yoast_head_json":{"title":"Corps vivante - \u00c9ditions Pow Pow","robots":{"index":"index","follow":"follow","max-snippet":"max-snippet:-1","max-image-preview":"max-image-preview:large","max-video-preview":"max-video-preview:-1"},"canonical":"https:\/\/editionspowpow.com\/en\/produits\/corps-vivante\/","og_locale":"en_US","og_type":"article","og_title":"Corps vivante - \u00c9ditions Pow Pow","og_description":"En 1990, Julie Delporte n\u2019a encore jamais vu de butch, mais sa tante pr\u00e9f\u00e9r\u00e9e chasse et fume le cigare. Presque vingt ans plus tard, elle publie un livre sur Tove Jansson dans lequel elle raconte avec joie que cette artiste finlandaise est la premi\u00e8re femme \u00e0 qui elle s\u2019identifie, seulement elle \u00e9tait lesbienne et pas [&hellip;]","og_url":"https:\/\/editionspowpow.com\/en\/produits\/corps-vivante\/","og_site_name":"\u00c9ditions Pow Pow","article_publisher":"https:\/\/www.facebook.com\/editionspowpow","article_modified_time":"2026-02-09T15:33:41+00:00","og_image":[{"width":900,"height":1188,"url":"https:\/\/edition-pow-pow-bucket.storage.googleapis.com\/wp-content\/uploads\/2023\/04\/couverture-corps-vivante-web2-1.jpg","type":"image\/jpeg"}],"twitter_card":"summary_large_image","twitter_site":"@editionspowpow","twitter_misc":{"Est. reading time":"1 minute"},"schema":{"@context":"https:\/\/schema.org","@graph":[{"@type":"WebPage","@id":"https:\/\/editionspowpow.com\/en\/produits\/corps-vivante\/","url":"https:\/\/editionspowpow.com\/en\/produits\/corps-vivante\/","name":"Corps vivante - \u00c9ditions Pow Pow","isPartOf":{"@id":"https:\/\/editionspowpow.com\/en\/#website"},"primaryImageOfPage":{"@id":"https:\/\/editionspowpow.com\/en\/produits\/corps-vivante\/#primaryimage"},"image":{"@id":"https:\/\/editionspowpow.com\/en\/produits\/corps-vivante\/#primaryimage"},"thumbnailUrl":"https:\/\/edition-pow-pow-bucket.storage.googleapis.com\/wp-content\/uploads\/2023\/04\/couverture-corps-vivante-web2-1.jpg","datePublished":"2023-04-17T18:18:46+00:00","dateModified":"2026-02-09T15:33:41+00:00","breadcrumb":{"@id":"https:\/\/editionspowpow.com\/en\/produits\/corps-vivante\/#breadcrumb"},"inLanguage":"en-US","potentialAction":[{"@type":"ReadAction","target":["https:\/\/editionspowpow.com\/en\/produits\/corps-vivante\/"]}]},{"@type":"ImageObject","inLanguage":"en-US","@id":"https:\/\/editionspowpow.com\/en\/produits\/corps-vivante\/#primaryimage","url":"https:\/\/edition-pow-pow-bucket.storage.googleapis.com\/wp-content\/uploads\/2023\/04\/couverture-corps-vivante-web2-1.jpg","contentUrl":"https:\/\/edition-pow-pow-bucket.storage.googleapis.com\/wp-content\/uploads\/2023\/04\/couverture-corps-vivante-web2-1.jpg","width":900,"height":1188},{"@type":"BreadcrumbList","@id":"https:\/\/editionspowpow.com\/en\/produits\/corps-vivante\/#breadcrumb","itemListElement":[{"@type":"ListItem","position":1,"name":"Home","item":"https:\/\/editionspowpow.com\/en\/"},{"@type":"ListItem","position":2,"name":"Shop","item":"https:\/\/editionspowpow.com\/en\/shop\/"},{"@type":"ListItem","position":3,"name":"Corps vivante"}]},{"@type":"WebSite","@id":"https:\/\/editionspowpow.com\/en\/#website","url":"https:\/\/editionspowpow.com\/en\/","name":"\u00c9ditions Pow Pow","description":"","publisher":{"@id":"https:\/\/editionspowpow.com\/en\/#organization"},"potentialAction":[{"@type":"SearchAction","target":{"@type":"EntryPoint","urlTemplate":"https:\/\/editionspowpow.com\/en\/?s={search_term_string}"},"query-input":{"@type":"PropertyValueSpecification","valueRequired":true,"valueName":"search_term_string"}}],"inLanguage":"en-US"},{"@type":"Organization","@id":"https:\/\/editionspowpow.com\/en\/#organization","name":"\u00c9ditions Pow Pow","url":"https:\/\/editionspowpow.com\/en\/","logo":{"@type":"ImageObject","inLanguage":"en-US","@id":"https:\/\/editionspowpow.com\/en\/#\/schema\/logo\/image\/","url":"https:\/\/edition-pow-pow-bucket.storage.googleapis.com\/wp-content\/uploads\/2024\/03\/logo_site_pow_pow_VERTICAL.png","contentUrl":"https:\/\/edition-pow-pow-bucket.storage.googleapis.com\/wp-content\/uploads\/2024\/03\/logo_site_pow_pow_VERTICAL.png","width":1600,"height":1200,"caption":"\u00c9ditions Pow Pow"},"image":{"@id":"https:\/\/editionspowpow.com\/en\/#\/schema\/logo\/image\/"},"sameAs":["https:\/\/www.facebook.com\/editionspowpow","https:\/\/x.com\/editionspowpow"]}]}},"_links":{"self":[{"href":"https:\/\/editionspowpow.com\/en\/wp-json\/wp\/v2\/product\/23702","targetHints":{"allow":["GET"]}}],"collection":[{"href":"https:\/\/editionspowpow.com\/en\/wp-json\/wp\/v2\/product"}],"about":[{"href":"https:\/\/editionspowpow.com\/en\/wp-json\/wp\/v2\/types\/product"}],"wp:featuredmedia":[{"embeddable":true,"href":"https:\/\/editionspowpow.com\/en\/wp-json\/wp\/v2\/media\/2456"}],"wp:attachment":[{"href":"https:\/\/editionspowpow.com\/en\/wp-json\/wp\/v2\/media?parent=23702"}],"wp:term":[{"taxonomy":"product_brand","embeddable":true,"href":"https:\/\/editionspowpow.com\/en\/wp-json\/wp\/v2\/product_brand?post=23702"},{"taxonomy":"product_cat","embeddable":true,"href":"https:\/\/editionspowpow.com\/en\/wp-json\/wp\/v2\/product_cat?post=23702"},{"taxonomy":"product_tag","embeddable":true,"href":"https:\/\/editionspowpow.com\/en\/wp-json\/wp\/v2\/product_tag?post=23702"}],"curies":[{"name":"wp","href":"https:\/\/api.w.org\/{rel}","templated":true}]}}