{"id":23703,"date":"2023-04-17T14:35:49","date_gmt":"2023-04-17T18:35:49","guid":{"rendered":"https:\/\/editionspowpow.com\/?post_type=product&#038;p=23703"},"modified":"2026-02-09T11:33:36","modified_gmt":"2026-02-09T15:33:36","slug":"justine-et-les-fils-du-king-2","status":"publish","type":"product","link":"https:\/\/editionspowpow.com\/en\/products\/justine-et-les-fils-du-king-2\/","title":{"rendered":"Justine et Les fils du King"},"content":{"rendered":"<p>Justine est orpheline. \u00c0 18 ans, elle se trouve un appartement dans un quartier populaire de Gatineau qu\u2019elle doit partager avec une coloc qui n\u2019a rien d\u2019une f\u00e9e marraine. Pour payer sa part du loyer, la jeune femme d\u00e9niche un emploi aux Fils du King, un gym qui sent l\u2019arnaque et o\u00f9 tout le monde ressemble \u00e0 Elvis. Justine r\u00eave grand, mais son histoire est loin d\u2019\u00eatre celle d\u2019un conte pour enfants.<\/p>\n","protected":false},"excerpt":{"rendered":"<p>Justine est orpheline. \u00c0 18 ans, elle se trouve un appartement dans un quartier populaire de Gatineau qu\u2019elle doit partager avec une coloc qui n\u2019a rien d\u2019une f\u00e9e marraine. Pour payer sa part du loyer, la jeune femme d\u00e9niche un emploi aux Fils du King, un gym qui sent l\u2019arnaque et o\u00f9 tout le monde [&hellip;]<\/p>\n","protected":false},"featured_media":2507,"template":"","meta":{"_acf_changed":false},"product_brand":[],"product_cat":[271],"product_tag":[263,319,328],"class_list":{"0":"post-23703","1":"product","2":"type-product","3":"status-publish","4":"has-post-thumbnail","6":"wc_square_synced-yes","7":"product_cat-comic","8":"product_tag-dark-humor","9":"product_tag-recit-dapprentissage-en","10":"product_tag-sante-mentale-en","11":"product_shipping_class-format-standard-en","13":"first","14":"instock","15":"taxable","16":"shipping-taxable","17":"purchasable","18":"product-type-simple"},"acf":{"language":"fr","other_language_products":"","authors":[{"author_title":22371,"is_custom_job_title":false,"job_titles":[]}],"total_pages":88,"isbn":"978-2-925114-19-2","release_date":"20230207","other_release_dates":[{"date":"20230505","country":"Europe"}],"has_product_excerpt":true,"button_excerpt_position":"left","accent_color":"#96C121","awards":null,"comments":[{"content":"On y retrouve bien s\u00fbr son irr\u00e9sistible humour d\u00e9jant\u00e9, celui qui transforme toutes les situations en catastrophes hilarantes. On y trouve aussi ses r\u00e9pliques dr\u00f4les et d\u00e9capantes, ses situations totalement loufoques et son implacable sens de l\u2019observation. Celui qui lui permet de souligner toute l\u2019absurdit\u00e9 de nos comportements. Mais il y a aussi un sens du thriller et une sensibilit\u00e9 dramatique que je lui connaissais moins. Avec le r\u00e9sultat qu\u2019on est constamment surpris dans cette randonn\u00e9e dessin\u00e9e aux atmosph\u00e8res changeantes.","credit_group":{"content":"Robert Laplante, Librairie Z, 28 f\u00e9vrier 2023","link":"https:\/\/librairiezbookstore.com\/qc\/NOUVELLES-Z\/Billet\/justine-et-les-fils-du-king.html","is_external_link":true}},{"content":"Sous ses airs un brin loufoques, <em>Justine et Les fils du King<\/em> est une chronique bien sentie d\u2019une jeunesse en manque de rep\u00e8res.","credit_group":{"content":"Le Monde, 27 mai 2023","link":"","is_external_link":false}},{"content":"Depuis<em> Ghost World,<\/em> on avait rarement vu aussi parfait cocktail de d\u00e9s\u0153uvrement et de d\u00e9viance douce, perturbant mais sans jamais aucune cruaut\u00e9 pour ses personnages. \u00c0 chaque coin de boui-boui de cette banlieue morne peut surgir une \u00e2me en peine qui demande: \u00abVeux-tu flatter mon \u00e9l\u00e9phant?\u00bb, tous sont ab\u00eem\u00e9s, et la ville ne les aide pas.","credit_group":{"content":"Marie Klock, Lib\u00e9ration, 11 juin 2023","link":"https:\/\/www.liberation.fr\/culture\/bd\/justine-et-les-fils-du-king-loufoque-le-systeme-20230611_V27HW3QWZFDXTI2IWLEGTW4JSU\/","is_external_link":true}},{"content":"<em>Justine et Les fils du King<\/em> s\u2019inscrit dans une veine plus noire, plus profonde, o\u00f9 Iris Boudreau aborde de front les probl\u00e9matiques de sant\u00e9 mentale et met en sc\u00e8ne la mis\u00e8re sociale, tout en conservant le ton humoristique et absurde qui fa\u00e7onne son univers et dont on se d\u00e9lecte.","credit_group":{"content":"Tiphaine Delahaye, Lettres qu\u00e9b\u00e9coises, 15 juin 2023","link":"","is_external_link":false}}],"video_gallery":[{"video_url":"https:\/\/www.youtube.com\/watch?v=id4OklkV-p4","title":"Justine et Les fils du King <br>\u2014 Iris Boudreau","video_preview":20701,"video_duration":"0:54"}]},"yoast_head":"<!-- This site is optimized with the Yoast SEO plugin v26.9 - https:\/\/yoast.com\/product\/yoast-seo-wordpress\/ -->\n<title>Justine et Les fils du King - \u00c9ditions Pow Pow<\/title>\n<meta name=\"robots\" content=\"index, follow, max-snippet:-1, max-image-preview:large, max-video-preview:-1\" \/>\n<link rel=\"canonical\" href=\"https:\/\/editionspowpow.com\/en\/products\/justine-et-les-fils-du-king-2\/\" \/>\n<meta property=\"og:locale\" content=\"en_US\" \/>\n<meta property=\"og:type\" content=\"article\" \/>\n<meta property=\"og:title\" content=\"Justine et Les fils du King - \u00c9ditions Pow Pow\" \/>\n<meta property=\"og:description\" content=\"Justine est orpheline. \u00c0 18 ans, elle se trouve un appartement dans un quartier populaire de Gatineau qu\u2019elle doit partager avec une coloc qui n\u2019a rien d\u2019une f\u00e9e marraine. Pour payer sa part du loyer, la jeune femme d\u00e9niche un emploi aux Fils du King, un gym qui sent l\u2019arnaque et o\u00f9 tout le monde [&hellip;]\" \/>\n<meta property=\"og:url\" content=\"https:\/\/editionspowpow.com\/en\/products\/justine-et-les-fils-du-king-2\/\" \/>\n<meta property=\"og:site_name\" content=\"\u00c9ditions Pow Pow\" \/>\n<meta property=\"article:publisher\" content=\"https:\/\/www.facebook.com\/editionspowpow\" \/>\n<meta property=\"article:modified_time\" content=\"2026-02-09T15:33:36+00:00\" \/>\n<meta property=\"og:image\" content=\"https:\/\/edition-pow-pow-bucket.storage.googleapis.com\/wp-content\/uploads\/2023\/04\/couverture-justine-web-1.jpg\" \/>\n\t<meta property=\"og:image:width\" content=\"900\" \/>\n\t<meta property=\"og:image:height\" content=\"1188\" \/>\n\t<meta property=\"og:image:type\" content=\"image\/jpeg\" \/>\n<meta name=\"twitter:card\" content=\"summary_large_image\" \/>\n<meta name=\"twitter:site\" content=\"@editionspowpow\" \/>\n<meta name=\"twitter:label1\" content=\"Est. reading time\" \/>\n\t<meta name=\"twitter:data1\" content=\"1 minute\" \/>\n<script type=\"application\/ld+json\" class=\"yoast-schema-graph\">{\"@context\":\"https:\/\/schema.org\",\"@graph\":[{\"@type\":\"WebPage\",\"@id\":\"https:\/\/editionspowpow.com\/en\/products\/justine-et-les-fils-du-king-2\/\",\"url\":\"https:\/\/editionspowpow.com\/en\/products\/justine-et-les-fils-du-king-2\/\",\"name\":\"Justine et Les fils du King - \u00c9ditions Pow Pow\",\"isPartOf\":{\"@id\":\"https:\/\/editionspowpow.com\/en\/#website\"},\"primaryImageOfPage\":{\"@id\":\"https:\/\/editionspowpow.com\/en\/products\/justine-et-les-fils-du-king-2\/#primaryimage\"},\"image\":{\"@id\":\"https:\/\/editionspowpow.com\/en\/products\/justine-et-les-fils-du-king-2\/#primaryimage\"},\"thumbnailUrl\":\"https:\/\/edition-pow-pow-bucket.storage.googleapis.com\/wp-content\/uploads\/2023\/04\/couverture-justine-web-1.jpg\",\"datePublished\":\"2023-04-17T18:35:49+00:00\",\"dateModified\":\"2026-02-09T15:33:36+00:00\",\"breadcrumb\":{\"@id\":\"https:\/\/editionspowpow.com\/en\/products\/justine-et-les-fils-du-king-2\/#breadcrumb\"},\"inLanguage\":\"en-US\",\"potentialAction\":[{\"@type\":\"ReadAction\",\"target\":[\"https:\/\/editionspowpow.com\/en\/products\/justine-et-les-fils-du-king-2\/\"]}]},{\"@type\":\"ImageObject\",\"inLanguage\":\"en-US\",\"@id\":\"https:\/\/editionspowpow.com\/en\/products\/justine-et-les-fils-du-king-2\/#primaryimage\",\"url\":\"https:\/\/edition-pow-pow-bucket.storage.googleapis.com\/wp-content\/uploads\/2023\/04\/couverture-justine-web-1.jpg\",\"contentUrl\":\"https:\/\/edition-pow-pow-bucket.storage.googleapis.com\/wp-content\/uploads\/2023\/04\/couverture-justine-web-1.jpg\",\"width\":900,\"height\":1188},{\"@type\":\"BreadcrumbList\",\"@id\":\"https:\/\/editionspowpow.com\/en\/products\/justine-et-les-fils-du-king-2\/#breadcrumb\",\"itemListElement\":[{\"@type\":\"ListItem\",\"position\":1,\"name\":\"Home\",\"item\":\"https:\/\/editionspowpow.com\/en\/\"},{\"@type\":\"ListItem\",\"position\":2,\"name\":\"Shop\",\"item\":\"https:\/\/editionspowpow.com\/en\/shop\/\"},{\"@type\":\"ListItem\",\"position\":3,\"name\":\"Justine et Les fils du King\"}]},{\"@type\":\"WebSite\",\"@id\":\"https:\/\/editionspowpow.com\/en\/#website\",\"url\":\"https:\/\/editionspowpow.com\/en\/\",\"name\":\"\u00c9ditions Pow Pow\",\"description\":\"\",\"publisher\":{\"@id\":\"https:\/\/editionspowpow.com\/en\/#organization\"},\"potentialAction\":[{\"@type\":\"SearchAction\",\"target\":{\"@type\":\"EntryPoint\",\"urlTemplate\":\"https:\/\/editionspowpow.com\/en\/?s={search_term_string}\"},\"query-input\":{\"@type\":\"PropertyValueSpecification\",\"valueRequired\":true,\"valueName\":\"search_term_string\"}}],\"inLanguage\":\"en-US\"},{\"@type\":\"Organization\",\"@id\":\"https:\/\/editionspowpow.com\/en\/#organization\",\"name\":\"\u00c9ditions Pow Pow\",\"url\":\"https:\/\/editionspowpow.com\/en\/\",\"logo\":{\"@type\":\"ImageObject\",\"inLanguage\":\"en-US\",\"@id\":\"https:\/\/editionspowpow.com\/en\/#\/schema\/logo\/image\/\",\"url\":\"https:\/\/edition-pow-pow-bucket.storage.googleapis.com\/wp-content\/uploads\/2024\/03\/logo_site_pow_pow_VERTICAL.png\",\"contentUrl\":\"https:\/\/edition-pow-pow-bucket.storage.googleapis.com\/wp-content\/uploads\/2024\/03\/logo_site_pow_pow_VERTICAL.png\",\"width\":1600,\"height\":1200,\"caption\":\"\u00c9ditions Pow Pow\"},\"image\":{\"@id\":\"https:\/\/editionspowpow.com\/en\/#\/schema\/logo\/image\/\"},\"sameAs\":[\"https:\/\/www.facebook.com\/editionspowpow\",\"https:\/\/x.com\/editionspowpow\"]}]}<\/script>\n<!-- \/ Yoast SEO plugin. -->","yoast_head_json":{"title":"Justine et Les fils du King - \u00c9ditions Pow Pow","robots":{"index":"index","follow":"follow","max-snippet":"max-snippet:-1","max-image-preview":"max-image-preview:large","max-video-preview":"max-video-preview:-1"},"canonical":"https:\/\/editionspowpow.com\/en\/products\/justine-et-les-fils-du-king-2\/","og_locale":"en_US","og_type":"article","og_title":"Justine et Les fils du King - \u00c9ditions Pow Pow","og_description":"Justine est orpheline. \u00c0 18 ans, elle se trouve un appartement dans un quartier populaire de Gatineau qu\u2019elle doit partager avec une coloc qui n\u2019a rien d\u2019une f\u00e9e marraine. Pour payer sa part du loyer, la jeune femme d\u00e9niche un emploi aux Fils du King, un gym qui sent l\u2019arnaque et o\u00f9 tout le monde [&hellip;]","og_url":"https:\/\/editionspowpow.com\/en\/products\/justine-et-les-fils-du-king-2\/","og_site_name":"\u00c9ditions Pow Pow","article_publisher":"https:\/\/www.facebook.com\/editionspowpow","article_modified_time":"2026-02-09T15:33:36+00:00","og_image":[{"width":900,"height":1188,"url":"https:\/\/edition-pow-pow-bucket.storage.googleapis.com\/wp-content\/uploads\/2023\/04\/couverture-justine-web-1.jpg","type":"image\/jpeg"}],"twitter_card":"summary_large_image","twitter_site":"@editionspowpow","twitter_misc":{"Est. reading time":"1 minute"},"schema":{"@context":"https:\/\/schema.org","@graph":[{"@type":"WebPage","@id":"https:\/\/editionspowpow.com\/en\/products\/justine-et-les-fils-du-king-2\/","url":"https:\/\/editionspowpow.com\/en\/products\/justine-et-les-fils-du-king-2\/","name":"Justine et Les fils du King - \u00c9ditions Pow Pow","isPartOf":{"@id":"https:\/\/editionspowpow.com\/en\/#website"},"primaryImageOfPage":{"@id":"https:\/\/editionspowpow.com\/en\/products\/justine-et-les-fils-du-king-2\/#primaryimage"},"image":{"@id":"https:\/\/editionspowpow.com\/en\/products\/justine-et-les-fils-du-king-2\/#primaryimage"},"thumbnailUrl":"https:\/\/edition-pow-pow-bucket.storage.googleapis.com\/wp-content\/uploads\/2023\/04\/couverture-justine-web-1.jpg","datePublished":"2023-04-17T18:35:49+00:00","dateModified":"2026-02-09T15:33:36+00:00","breadcrumb":{"@id":"https:\/\/editionspowpow.com\/en\/products\/justine-et-les-fils-du-king-2\/#breadcrumb"},"inLanguage":"en-US","potentialAction":[{"@type":"ReadAction","target":["https:\/\/editionspowpow.com\/en\/products\/justine-et-les-fils-du-king-2\/"]}]},{"@type":"ImageObject","inLanguage":"en-US","@id":"https:\/\/editionspowpow.com\/en\/products\/justine-et-les-fils-du-king-2\/#primaryimage","url":"https:\/\/edition-pow-pow-bucket.storage.googleapis.com\/wp-content\/uploads\/2023\/04\/couverture-justine-web-1.jpg","contentUrl":"https:\/\/edition-pow-pow-bucket.storage.googleapis.com\/wp-content\/uploads\/2023\/04\/couverture-justine-web-1.jpg","width":900,"height":1188},{"@type":"BreadcrumbList","@id":"https:\/\/editionspowpow.com\/en\/products\/justine-et-les-fils-du-king-2\/#breadcrumb","itemListElement":[{"@type":"ListItem","position":1,"name":"Home","item":"https:\/\/editionspowpow.com\/en\/"},{"@type":"ListItem","position":2,"name":"Shop","item":"https:\/\/editionspowpow.com\/en\/shop\/"},{"@type":"ListItem","position":3,"name":"Justine et Les fils du King"}]},{"@type":"WebSite","@id":"https:\/\/editionspowpow.com\/en\/#website","url":"https:\/\/editionspowpow.com\/en\/","name":"\u00c9ditions Pow Pow","description":"","publisher":{"@id":"https:\/\/editionspowpow.com\/en\/#organization"},"potentialAction":[{"@type":"SearchAction","target":{"@type":"EntryPoint","urlTemplate":"https:\/\/editionspowpow.com\/en\/?s={search_term_string}"},"query-input":{"@type":"PropertyValueSpecification","valueRequired":true,"valueName":"search_term_string"}}],"inLanguage":"en-US"},{"@type":"Organization","@id":"https:\/\/editionspowpow.com\/en\/#organization","name":"\u00c9ditions Pow Pow","url":"https:\/\/editionspowpow.com\/en\/","logo":{"@type":"ImageObject","inLanguage":"en-US","@id":"https:\/\/editionspowpow.com\/en\/#\/schema\/logo\/image\/","url":"https:\/\/edition-pow-pow-bucket.storage.googleapis.com\/wp-content\/uploads\/2024\/03\/logo_site_pow_pow_VERTICAL.png","contentUrl":"https:\/\/edition-pow-pow-bucket.storage.googleapis.com\/wp-content\/uploads\/2024\/03\/logo_site_pow_pow_VERTICAL.png","width":1600,"height":1200,"caption":"\u00c9ditions Pow Pow"},"image":{"@id":"https:\/\/editionspowpow.com\/en\/#\/schema\/logo\/image\/"},"sameAs":["https:\/\/www.facebook.com\/editionspowpow","https:\/\/x.com\/editionspowpow"]}]}},"_links":{"self":[{"href":"https:\/\/editionspowpow.com\/en\/wp-json\/wp\/v2\/product\/23703","targetHints":{"allow":["GET"]}}],"collection":[{"href":"https:\/\/editionspowpow.com\/en\/wp-json\/wp\/v2\/product"}],"about":[{"href":"https:\/\/editionspowpow.com\/en\/wp-json\/wp\/v2\/types\/product"}],"wp:featuredmedia":[{"embeddable":true,"href":"https:\/\/editionspowpow.com\/en\/wp-json\/wp\/v2\/media\/2507"}],"wp:attachment":[{"href":"https:\/\/editionspowpow.com\/en\/wp-json\/wp\/v2\/media?parent=23703"}],"wp:term":[{"taxonomy":"product_brand","embeddable":true,"href":"https:\/\/editionspowpow.com\/en\/wp-json\/wp\/v2\/product_brand?post=23703"},{"taxonomy":"product_cat","embeddable":true,"href":"https:\/\/editionspowpow.com\/en\/wp-json\/wp\/v2\/product_cat?post=23703"},{"taxonomy":"product_tag","embeddable":true,"href":"https:\/\/editionspowpow.com\/en\/wp-json\/wp\/v2\/product_tag?post=23703"}],"curies":[{"name":"wp","href":"https:\/\/api.w.org\/{rel}","templated":true}]}}