{"id":23711,"date":"2023-04-17T14:44:46","date_gmt":"2023-04-17T18:44:46","guid":{"rendered":"https:\/\/editionspowpow.com\/boutique\/la-mangouste\/"},"modified":"2026-02-09T11:33:34","modified_gmt":"2026-02-09T15:33:34","slug":"la-mangouste","status":"publish","type":"product","link":"https:\/\/editionspowpow.com\/en\/produits\/la-mangouste\/","title":{"rendered":"La mangouste"},"content":{"rendered":"<p>Les choses ne vont pas pour Julia. Elle est en arr\u00eat de travail, son fr\u00e8re Jo\u00ebl a emm\u00e9nag\u00e9 chez elle apr\u00e8s avoir perdu son emploi, sa m\u00e8re refuse de la laisser tranquille&#8230; et, surtout, une mangouste fait des ravages dans son potager.<\/p>\n","protected":false},"excerpt":{"rendered":"<p>Les choses ne vont pas pour Julia. Elle est en arr\u00eat de travail, son fr\u00e8re Jo\u00ebl a emm\u00e9nag\u00e9 chez elle apr\u00e8s avoir perdu son emploi, sa m\u00e8re refuse de la laisser tranquille&#8230; et, surtout, une mangouste fait des ravages dans son potager.<\/p>\n","protected":false},"featured_media":2573,"template":"","meta":{"_acf_changed":false},"product_brand":[],"product_cat":[271],"product_tag":[318,327,328],"class_list":{"0":"post-23711","1":"product","2":"type-product","3":"status-publish","4":"has-post-thumbnail","6":"wc_square_synced-yes","7":"product_cat-comic","8":"product_tag-maladie-en","9":"product_tag-recit-intime-en","10":"product_tag-sante-mentale-en","11":"product_shipping_class-format-standard-en","13":"first","14":"instock","15":"taxable","16":"shipping-taxable","17":"purchasable","18":"product-type-simple"},"acf":{"language":"fr","other_language_products":[25116],"authors":[{"author_title":22411,"is_custom_job_title":false,"job_titles":[]},{"author_title":22306,"is_custom_job_title":true,"job_titles":[179]}],"total_pages":192,"isbn":"978-2-925114-21-5","release_date":"20230411","other_release_dates":[{"date":"20230915","country":"Europe"}],"has_product_excerpt":true,"button_excerpt_position":"left","accent_color":"#F9DD4B","awards":[{"content":"Coup de c\u0153ur \u2013 Renaud-Bray"}],"comments":[{"content":"[L]\u2019artiste portugaise Joana Mosi nous offre, avec<em> La mangouste,<\/em> une incursion tout en douceur dans le monde du deuil.","credit_group":{"content":"Fran\u00e7ois Lemay, Le Devoir, 15 avril 2023","link":"https:\/\/www.ledevoir.com\/lire\/788979\/bande-dessinee-notre-selection-de-bandes-dessinees-du-mois-d-avril","is_external_link":true}},{"content":"On sent \u00e0 chaque page la langueur, le temps qui se dilate, les journ\u00e9es qui s\u2019embo\u00eetent les unes dans les autres quand on a perdu quelqu\u2019un. On est tr\u00e8s loin de la sur-psychologisation du deuil [\u2026]. Joana Mosi est tr\u00e8s bonne pour d\u00e9peindre l\u2019\u00e9tat d\u2019esprit de ses personnages.","credit_group":{"content":"Dominic Tardif, Il restera toujours la culture, 20 avril 2023","link":"https:\/\/ici.radio-canada.ca\/ohdio\/premiere\/emissions\/il-restera-toujours-culture\/episodes\/706461\/rattrapage-jeudi-20-avril-2023\/3?fbclid=IwAR3kUcT6AoGPVVmHO2qAPww36Sqi3QSY8mVAeWAUFxsvRKaAaJOlRYLpp1s","is_external_link":true}},{"content":"C\u2019est minimalisme mais tr\u00e8s communicateur, l\u2019autrice joue beaucoup avec la mise en page. [\u2026] C\u2019est vraiment un dessin qui est audacieux, qui est vivant, qui est cr\u00e9atif. [\u2026] C\u2019est un livre sur la famille, sur la fatigue aussi, sur la vie. C\u2019est un livre qui est beau.","credit_group":{"content":"Dany Arsenault, Au coeur du monde (Radio-Canada), 25 avril 2023","link":"https:\/\/ici.radio-canada.ca\/ohdio\/premiere\/emissions\/au-coeur-du-monde\/segments\/chronique\/441326\/bd-bande-dessinee-dany-arsenault-voro-lapierre-jimmy-beaulieu-joana-mosi","is_external_link":true}},{"content":"[\u2026] un dessin habile et superbe.","credit_group":{"content":"Shannon Desbiens, Les libraires, 15 juin 2023","link":"","is_external_link":false}},{"content":"C\u2019est une BD qui se savoure!","credit_group":{"content":"S\u00e9bastien Bordenave, La voix est livre (Europe 1), 8 octobre 2023","link":"https:\/\/www.europe1.fr\/emissions\/la-voix-est-livre\/la-voix-est-livre-woody-allen-4207898","is_external_link":true}}],"video_gallery":[{"video_url":"https:\/\/www.youtube.com\/watch?v=9y_RTmVNFag","title":"La mangouste","video_preview":19474,"video_duration":"0:44"}]},"yoast_head":"<!-- This site is optimized with the Yoast SEO plugin v26.9 - https:\/\/yoast.com\/product\/yoast-seo-wordpress\/ -->\n<title>La mangouste - \u00c9ditions Pow Pow<\/title>\n<meta name=\"robots\" content=\"index, follow, max-snippet:-1, max-image-preview:large, max-video-preview:-1\" \/>\n<link rel=\"canonical\" href=\"https:\/\/editionspowpow.com\/en\/produits\/la-mangouste\/\" \/>\n<meta property=\"og:locale\" content=\"en_US\" \/>\n<meta property=\"og:type\" content=\"article\" \/>\n<meta property=\"og:title\" content=\"La mangouste - \u00c9ditions Pow Pow\" \/>\n<meta property=\"og:description\" content=\"Les choses ne vont pas pour Julia. Elle est en arr\u00eat de travail, son fr\u00e8re Jo\u00ebl a emm\u00e9nag\u00e9 chez elle apr\u00e8s avoir perdu son emploi, sa m\u00e8re refuse de la laisser tranquille&#8230; et, surtout, une mangouste fait des ravages dans son potager.\" \/>\n<meta property=\"og:url\" content=\"https:\/\/editionspowpow.com\/en\/produits\/la-mangouste\/\" \/>\n<meta property=\"og:site_name\" content=\"\u00c9ditions Pow Pow\" \/>\n<meta property=\"article:publisher\" content=\"https:\/\/www.facebook.com\/editionspowpow\" \/>\n<meta property=\"article:modified_time\" content=\"2026-02-09T15:33:34+00:00\" \/>\n<meta property=\"og:image\" content=\"https:\/\/edition-pow-pow-bucket.storage.googleapis.com\/wp-content\/uploads\/2023\/04\/couverture-mangouste-web-1.jpg\" \/>\n\t<meta property=\"og:image:width\" content=\"900\" \/>\n\t<meta property=\"og:image:height\" content=\"1188\" \/>\n\t<meta property=\"og:image:type\" content=\"image\/jpeg\" \/>\n<meta name=\"twitter:card\" content=\"summary_large_image\" \/>\n<meta name=\"twitter:site\" content=\"@editionspowpow\" \/>\n<meta name=\"twitter:label1\" content=\"Est. reading time\" \/>\n\t<meta name=\"twitter:data1\" content=\"1 minute\" \/>\n<script type=\"application\/ld+json\" class=\"yoast-schema-graph\">{\"@context\":\"https:\/\/schema.org\",\"@graph\":[{\"@type\":\"WebPage\",\"@id\":\"https:\/\/editionspowpow.com\/en\/produits\/la-mangouste\/\",\"url\":\"https:\/\/editionspowpow.com\/en\/produits\/la-mangouste\/\",\"name\":\"La mangouste - \u00c9ditions Pow Pow\",\"isPartOf\":{\"@id\":\"https:\/\/editionspowpow.com\/en\/#website\"},\"primaryImageOfPage\":{\"@id\":\"https:\/\/editionspowpow.com\/en\/produits\/la-mangouste\/#primaryimage\"},\"image\":{\"@id\":\"https:\/\/editionspowpow.com\/en\/produits\/la-mangouste\/#primaryimage\"},\"thumbnailUrl\":\"https:\/\/edition-pow-pow-bucket.storage.googleapis.com\/wp-content\/uploads\/2023\/04\/couverture-mangouste-web-1.jpg\",\"datePublished\":\"2023-04-17T18:44:46+00:00\",\"dateModified\":\"2026-02-09T15:33:34+00:00\",\"breadcrumb\":{\"@id\":\"https:\/\/editionspowpow.com\/en\/produits\/la-mangouste\/#breadcrumb\"},\"inLanguage\":\"en-US\",\"potentialAction\":[{\"@type\":\"ReadAction\",\"target\":[\"https:\/\/editionspowpow.com\/en\/produits\/la-mangouste\/\"]}]},{\"@type\":\"ImageObject\",\"inLanguage\":\"en-US\",\"@id\":\"https:\/\/editionspowpow.com\/en\/produits\/la-mangouste\/#primaryimage\",\"url\":\"https:\/\/edition-pow-pow-bucket.storage.googleapis.com\/wp-content\/uploads\/2023\/04\/couverture-mangouste-web-1.jpg\",\"contentUrl\":\"https:\/\/edition-pow-pow-bucket.storage.googleapis.com\/wp-content\/uploads\/2023\/04\/couverture-mangouste-web-1.jpg\",\"width\":900,\"height\":1188},{\"@type\":\"BreadcrumbList\",\"@id\":\"https:\/\/editionspowpow.com\/en\/produits\/la-mangouste\/#breadcrumb\",\"itemListElement\":[{\"@type\":\"ListItem\",\"position\":1,\"name\":\"Home\",\"item\":\"https:\/\/editionspowpow.com\/en\/\"},{\"@type\":\"ListItem\",\"position\":2,\"name\":\"Shop\",\"item\":\"https:\/\/editionspowpow.com\/en\/shop\/\"},{\"@type\":\"ListItem\",\"position\":3,\"name\":\"La mangouste\"}]},{\"@type\":\"WebSite\",\"@id\":\"https:\/\/editionspowpow.com\/en\/#website\",\"url\":\"https:\/\/editionspowpow.com\/en\/\",\"name\":\"\u00c9ditions Pow Pow\",\"description\":\"\",\"publisher\":{\"@id\":\"https:\/\/editionspowpow.com\/en\/#organization\"},\"potentialAction\":[{\"@type\":\"SearchAction\",\"target\":{\"@type\":\"EntryPoint\",\"urlTemplate\":\"https:\/\/editionspowpow.com\/en\/?s={search_term_string}\"},\"query-input\":{\"@type\":\"PropertyValueSpecification\",\"valueRequired\":true,\"valueName\":\"search_term_string\"}}],\"inLanguage\":\"en-US\"},{\"@type\":\"Organization\",\"@id\":\"https:\/\/editionspowpow.com\/en\/#organization\",\"name\":\"\u00c9ditions Pow Pow\",\"url\":\"https:\/\/editionspowpow.com\/en\/\",\"logo\":{\"@type\":\"ImageObject\",\"inLanguage\":\"en-US\",\"@id\":\"https:\/\/editionspowpow.com\/en\/#\/schema\/logo\/image\/\",\"url\":\"https:\/\/edition-pow-pow-bucket.storage.googleapis.com\/wp-content\/uploads\/2024\/03\/logo_site_pow_pow_VERTICAL.png\",\"contentUrl\":\"https:\/\/edition-pow-pow-bucket.storage.googleapis.com\/wp-content\/uploads\/2024\/03\/logo_site_pow_pow_VERTICAL.png\",\"width\":1600,\"height\":1200,\"caption\":\"\u00c9ditions Pow Pow\"},\"image\":{\"@id\":\"https:\/\/editionspowpow.com\/en\/#\/schema\/logo\/image\/\"},\"sameAs\":[\"https:\/\/www.facebook.com\/editionspowpow\",\"https:\/\/x.com\/editionspowpow\"]}]}<\/script>\n<!-- \/ Yoast SEO plugin. -->","yoast_head_json":{"title":"La mangouste - \u00c9ditions Pow Pow","robots":{"index":"index","follow":"follow","max-snippet":"max-snippet:-1","max-image-preview":"max-image-preview:large","max-video-preview":"max-video-preview:-1"},"canonical":"https:\/\/editionspowpow.com\/en\/produits\/la-mangouste\/","og_locale":"en_US","og_type":"article","og_title":"La mangouste - \u00c9ditions Pow Pow","og_description":"Les choses ne vont pas pour Julia. Elle est en arr\u00eat de travail, son fr\u00e8re Jo\u00ebl a emm\u00e9nag\u00e9 chez elle apr\u00e8s avoir perdu son emploi, sa m\u00e8re refuse de la laisser tranquille&#8230; et, surtout, une mangouste fait des ravages dans son potager.","og_url":"https:\/\/editionspowpow.com\/en\/produits\/la-mangouste\/","og_site_name":"\u00c9ditions Pow Pow","article_publisher":"https:\/\/www.facebook.com\/editionspowpow","article_modified_time":"2026-02-09T15:33:34+00:00","og_image":[{"width":900,"height":1188,"url":"https:\/\/edition-pow-pow-bucket.storage.googleapis.com\/wp-content\/uploads\/2023\/04\/couverture-mangouste-web-1.jpg","type":"image\/jpeg"}],"twitter_card":"summary_large_image","twitter_site":"@editionspowpow","twitter_misc":{"Est. reading time":"1 minute"},"schema":{"@context":"https:\/\/schema.org","@graph":[{"@type":"WebPage","@id":"https:\/\/editionspowpow.com\/en\/produits\/la-mangouste\/","url":"https:\/\/editionspowpow.com\/en\/produits\/la-mangouste\/","name":"La mangouste - \u00c9ditions Pow Pow","isPartOf":{"@id":"https:\/\/editionspowpow.com\/en\/#website"},"primaryImageOfPage":{"@id":"https:\/\/editionspowpow.com\/en\/produits\/la-mangouste\/#primaryimage"},"image":{"@id":"https:\/\/editionspowpow.com\/en\/produits\/la-mangouste\/#primaryimage"},"thumbnailUrl":"https:\/\/edition-pow-pow-bucket.storage.googleapis.com\/wp-content\/uploads\/2023\/04\/couverture-mangouste-web-1.jpg","datePublished":"2023-04-17T18:44:46+00:00","dateModified":"2026-02-09T15:33:34+00:00","breadcrumb":{"@id":"https:\/\/editionspowpow.com\/en\/produits\/la-mangouste\/#breadcrumb"},"inLanguage":"en-US","potentialAction":[{"@type":"ReadAction","target":["https:\/\/editionspowpow.com\/en\/produits\/la-mangouste\/"]}]},{"@type":"ImageObject","inLanguage":"en-US","@id":"https:\/\/editionspowpow.com\/en\/produits\/la-mangouste\/#primaryimage","url":"https:\/\/edition-pow-pow-bucket.storage.googleapis.com\/wp-content\/uploads\/2023\/04\/couverture-mangouste-web-1.jpg","contentUrl":"https:\/\/edition-pow-pow-bucket.storage.googleapis.com\/wp-content\/uploads\/2023\/04\/couverture-mangouste-web-1.jpg","width":900,"height":1188},{"@type":"BreadcrumbList","@id":"https:\/\/editionspowpow.com\/en\/produits\/la-mangouste\/#breadcrumb","itemListElement":[{"@type":"ListItem","position":1,"name":"Home","item":"https:\/\/editionspowpow.com\/en\/"},{"@type":"ListItem","position":2,"name":"Shop","item":"https:\/\/editionspowpow.com\/en\/shop\/"},{"@type":"ListItem","position":3,"name":"La mangouste"}]},{"@type":"WebSite","@id":"https:\/\/editionspowpow.com\/en\/#website","url":"https:\/\/editionspowpow.com\/en\/","name":"\u00c9ditions Pow Pow","description":"","publisher":{"@id":"https:\/\/editionspowpow.com\/en\/#organization"},"potentialAction":[{"@type":"SearchAction","target":{"@type":"EntryPoint","urlTemplate":"https:\/\/editionspowpow.com\/en\/?s={search_term_string}"},"query-input":{"@type":"PropertyValueSpecification","valueRequired":true,"valueName":"search_term_string"}}],"inLanguage":"en-US"},{"@type":"Organization","@id":"https:\/\/editionspowpow.com\/en\/#organization","name":"\u00c9ditions Pow Pow","url":"https:\/\/editionspowpow.com\/en\/","logo":{"@type":"ImageObject","inLanguage":"en-US","@id":"https:\/\/editionspowpow.com\/en\/#\/schema\/logo\/image\/","url":"https:\/\/edition-pow-pow-bucket.storage.googleapis.com\/wp-content\/uploads\/2024\/03\/logo_site_pow_pow_VERTICAL.png","contentUrl":"https:\/\/edition-pow-pow-bucket.storage.googleapis.com\/wp-content\/uploads\/2024\/03\/logo_site_pow_pow_VERTICAL.png","width":1600,"height":1200,"caption":"\u00c9ditions Pow Pow"},"image":{"@id":"https:\/\/editionspowpow.com\/en\/#\/schema\/logo\/image\/"},"sameAs":["https:\/\/www.facebook.com\/editionspowpow","https:\/\/x.com\/editionspowpow"]}]}},"_links":{"self":[{"href":"https:\/\/editionspowpow.com\/en\/wp-json\/wp\/v2\/product\/23711","targetHints":{"allow":["GET"]}}],"collection":[{"href":"https:\/\/editionspowpow.com\/en\/wp-json\/wp\/v2\/product"}],"about":[{"href":"https:\/\/editionspowpow.com\/en\/wp-json\/wp\/v2\/types\/product"}],"acf:post":[{"embeddable":true,"href":"https:\/\/editionspowpow.com\/en\/wp-json\/wp\/v2\/product\/25116"}],"wp:featuredmedia":[{"embeddable":true,"href":"https:\/\/editionspowpow.com\/en\/wp-json\/wp\/v2\/media\/2573"}],"wp:attachment":[{"href":"https:\/\/editionspowpow.com\/en\/wp-json\/wp\/v2\/media?parent=23711"}],"wp:term":[{"taxonomy":"product_brand","embeddable":true,"href":"https:\/\/editionspowpow.com\/en\/wp-json\/wp\/v2\/product_brand?post=23711"},{"taxonomy":"product_cat","embeddable":true,"href":"https:\/\/editionspowpow.com\/en\/wp-json\/wp\/v2\/product_cat?post=23711"},{"taxonomy":"product_tag","embeddable":true,"href":"https:\/\/editionspowpow.com\/en\/wp-json\/wp\/v2\/product_tag?post=23711"}],"curies":[{"name":"wp","href":"https:\/\/api.w.org\/{rel}","templated":true}]}}