{"id":23713,"date":"2023-04-17T14:46:20","date_gmt":"2023-04-17T18:46:20","guid":{"rendered":"https:\/\/editionspowpow.com\/boutique\/il-y-a-quelque-chose-de-poussiereux-a-sorel-sur-poussiere-sherif-junior-t-01\/"},"modified":"2026-02-09T11:33:34","modified_gmt":"2026-02-09T15:33:34","slug":"il-y-a-quelque-chose-de-poussiereux-a-sorel-sur-poussiere-sherif-junior-t-01","status":"publish","type":"product","link":"https:\/\/editionspowpow.com\/en\/produits\/il-y-a-quelque-chose-de-poussiereux-a-sorel-sur-poussiere-sherif-junior-t-01\/","title":{"rendered":"Sh\u00e9rif Junior T.01 \u2014 Il y a quelque chose de poussi\u00e9reux \u00e0 Sorel-sur-Poussi\u00e8re"},"content":{"rendered":"<p>Il y a quelque chose de poussi\u00e9reux \u00e0 Sorel-sur-Poussi\u00e8re\u2026 Les fr\u00e8res Barjo\u2026 Les fr\u00e8res Malin\u2026 Les Thibodeault de Joliette-en-Gravelle\u2026 Sans parler de cette myst\u00e9rieuse drogue envo\u00fbtante qui est en train d\u2019asservir et de pousser toute une population dans le vice et la fornication. Heureusement, entre deux devoirs et une partie de billes, une personne pas plus haute que trois pommes veille au grain. Il s\u2019agit, vous l\u2019aurez devin\u00e9 \u2013 ou pas \u2013, de Sh\u00e9rif Junior.<\/p>\n","protected":false},"excerpt":{"rendered":"<p>Il y a quelque chose de poussi\u00e9reux \u00e0 Sorel-sur-Poussi\u00e8re\u2026 Les fr\u00e8res Barjo\u2026 Les fr\u00e8res Malin\u2026 Les Thibodeault de Joliette-en-Gravelle\u2026 Sans parler de cette myst\u00e9rieuse drogue envo\u00fbtante qui est en train d\u2019asservir et de pousser toute une population dans le vice et la fornication. Heureusement, entre deux devoirs et une partie de billes, une personne pas [&hellip;]<\/p>\n","protected":false},"featured_media":2609,"template":"","meta":{"_acf_changed":false},"product_brand":[],"product_cat":[271],"product_tag":[262,265,270,314],"class_list":{"0":"post-23713","1":"product","2":"type-product","3":"status-publish","4":"has-post-thumbnail","6":"wc_square_synced-yes","7":"product_cat-comic","8":"product_tag-action-en","9":"product_tag-adventure","10":"product_tag-bold-humor","11":"product_tag-humour-parodique-en","13":"first","14":"instock","15":"taxable","16":"shipping-taxable","17":"purchasable","18":"product-type-simple"},"acf":{"language":"fr","other_language_products":"","authors":[{"author_title":22315,"is_custom_job_title":false,"job_titles":[]}],"total_pages":450,"isbn":"978-2-925114-11-6","release_date":"20230523","other_release_dates":[{"date":"20231020","country":"Europe"}],"has_product_excerpt":true,"button_excerpt_position":"left","accent_color":"#D44929","awards":[{"content":"Finaliste \u2013 prix B\u00e9d\u00e9lys Qu\u00e9bec 2024"},{"content":"Finaliste \u2013 Prix des libraires du Qu\u00e9bec 2024 (Bande dessin\u00e9e s\u00e9lection Qu\u00e9bec)"},{"content":"Finaliste \u2013 Prix BD des coll\u00e9giens 2024"},{"content":"Finaliste \u2013 Prix BD du Salon du livre de Trois-Rivi\u00e8res (cat\u00e9gorie Adulte)"},{"content":"Les libraires conseillent \u2013 S\u00e9lection de juin 2023"},{"content":"Coup de c\u0153ur \u2013 Renaud-Bray"}],"comments":[{"content":"Ce que j\u2019ai beaucoup, beaucoup aim\u00e9 c\u2019est cette fa\u00e7on que vous avez de ramener dans le western [\u2026] des pr\u00e9occupations tr\u00e8s contemporaines. [\u2026] C\u2019est tr\u00e8s, tr\u00e8s dr\u00f4le!","credit_group":{"content":" Helen Faradji, Tout peut arriver (Radio-Canada), 20 mai 2023","link":"https:\/\/ici.radio-canada.ca\/ohdio\/premiere\/emissions\/tout-peut-arriver\/episodes\/706702\/rattrapage-samedi-20-mai-2023\/7","is_external_link":true}},{"content":"On est dans l\u2019absurde le plus total et on est dans les clich\u00e9s, tous les poncifs du western sont l\u00e0, mais on est dans le m\u00e9ta tout le temps, parce que tout ce que les personnages font, c\u2019est justement d\u00e9monter ces clich\u00e9s-l\u00e0. C\u2019est une esp\u00e8ce de clin d\u2019\u0153il permanent au lecteur, \u00e0 la lectrice, on embarque dans cette esp\u00e8ce de convention-l\u00e0. On sait qu\u2019on va jouer sur le western, qu\u2019il va y avoir des anachronismes, le langage est tr\u00e8s Gen Z. [\u2026] Du gros fun!","credit_group":{"content":"Nicolas Tittley, Tout peut arriver (Radio-Canada), 20 mai 2023","link":"https:\/\/ici.radio-canada.ca\/ohdio\/premiere\/emissions\/tout-peut-arriver\/episodes\/706702\/rattrapage-samedi-20-mai-2023\/7","is_external_link":true}},{"content":"J\u2019aime tout de cette bande dessin\u00e9e! [\u2026] Il ne faut pas penser qu\u2019on est dans la BD jeunesse. On est vraiment dans une \u00e9nergie assez punk, comme toujours chez Samuel Cantin, avec des dialogues qui sont aussi niaiseux que d\u00e9licieux. [\u2026] Y\u2019a des gags de haute voltige qui c\u00f4toient du premier degr\u00e9 absolument spectaculaire. [\u2026] Je pleure de rire quand je lis des bandes dessin\u00e9es de Samuel Cantin, je vous les recommande toutes!","credit_group":{"content":"Claudia H\u00e9bert, Tout un matin (Radio-Canada), 23 mai 2023","link":"https:\/\/ici.radio-canada.ca\/ohdio\/premiere\/emissions\/tout-un-matin\/episodes\/705317\/rattrapage-mardi-23-mai-2023\/10","is_external_link":true}},{"content":"Le travail sur la langue est remarque. Il y a tout le temps un d\u00e9calage, c\u2019est anachronique, il y a vraiment un travail de dialogue.","credit_group":{"content":"\u00c9milie Perreault, Il restera toujours la culture (Radio-Canada), 24 mai 2023","link":"https:\/\/ici.radio-canada.ca\/ohdio\/premiere\/emissions\/il-restera-toujours-culture\/segments\/entrevue\/444558\/sherif-junior-samuel-cantin-bd","is_external_link":true}},{"content":"C\u2019est g\u00e9nial! C\u2019est vraiment absolument d\u00e9lirant!","credit_group":{"content":"Guillaume Hubermont, Dessine-moi un matin (Radio-Canada), 28 mai 2023","link":"https:\/\/ici.radio-canada.ca\/ohdio\/premiere\/emissions\/dessine-moi-un-matin\/episodes\/706543\/rattrapage-dimanche-28-mai-2023\/17","is_external_link":true}},{"content":"Encore une fois, on se bidonne du d\u00e9but \u00e0 la fin dans ce livre ponctu\u00e9 d\u2019anachronismes, de r\u00e9flexions sur la nature humaine et sur ce que la vie a de dr\u00f4le, de moments et de gags qui tombent \u00e0 plat, le tout, pour notre grand plaisir \u00e0 nous lecteur!","credit_group":{"content":"Shannon Desbiens, Les libraires, 1 juin 2023","link":"https:\/\/revue.leslibraires.ca\/actualites\/les-libraires-conseillent\/les-libraires-conseillent-juin-2023\/","is_external_link":true}},{"content":"Samuel Cantin nous revient dans une forme splendide avec Sh\u00e9rif Junior : Il y a quelque chose de poussi\u00e9reux \u00e0 Sorel-sur-Poussi\u00e8re, une d\u00e9lirante \u00e9pop\u00e9e de 450 pages qui vous fera hurler de rire.","credit_group":{"content":"Jean-Dominic Leduc, Le Journal de Montr\u00e9al, 10 juin 2023","link":"https:\/\/www.journaldemontreal.com\/2023\/06\/10\/bande-dessinee-le-far-west-pq","is_external_link":true}},{"content":"Samuel Cantin nous propose un western d\u00e9jant\u00e9, dr\u00f4le, avec un esprit gamin d\u00e9cal\u00e9 comme il en a le secret. [\u2026] c\u2019est surtout le texte que l\u2019on retient, avec ses dialogues rythm\u00e9s et ses r\u00e9f\u00e9rences qui, parfois, nous frappent avec quelques secondes de retard. Pour notre grand plaisir!","credit_group":{"content":"Fran\u00e7ois Lemay, Le Devoir, 10 juin 2023","link":"https:\/\/www.ledevoir.com\/lire\/792603\/notre-selection-bede-du-mois-de-juin","is_external_link":true}},{"content":"C\u2019est absolument tordant. [\u2026] C\u2019est dr\u00f4le, dr\u00f4le, dr\u00f4le et \u00e0 la fois touchant et brillant.","credit_group":{"content":"Arnaud Soly, Bonsoir bonsoir!, 28 juin 2023","link":"https:\/\/ici.radio-canada.ca\/tele\/bonsoir-bonsoir\/site\/episodes\/736296\/arnaud-soly-fete-canada-juillet","is_external_link":true}}],"video_gallery":[{"video_url":"https:\/\/www.youtube.com\/watch?v=oP7IYGINoT8","title":"Sh\u00e9rif Junior t.01, Il y a quelque chose de poussi\u00e9reux \u00e0 Sorel-sur-Poussi\u00e8re <br>\u2014 Samuel Cantin","video_preview":20672,"video_duration":"0:42"}]},"yoast_head":"<!-- This site is optimized with the Yoast SEO plugin v26.9 - https:\/\/yoast.com\/product\/yoast-seo-wordpress\/ -->\n<title>Sh\u00e9rif Junior T.01 \u2014 Il y a quelque chose de poussi\u00e9reux \u00e0 Sorel-sur-Poussi\u00e8re - \u00c9ditions Pow Pow<\/title>\n<meta name=\"robots\" content=\"index, follow, max-snippet:-1, max-image-preview:large, max-video-preview:-1\" \/>\n<link rel=\"canonical\" href=\"https:\/\/editionspowpow.com\/en\/produits\/il-y-a-quelque-chose-de-poussiereux-a-sorel-sur-poussiere-sherif-junior-t-01\/\" \/>\n<meta property=\"og:locale\" content=\"en_US\" \/>\n<meta property=\"og:type\" content=\"article\" \/>\n<meta property=\"og:title\" content=\"Sh\u00e9rif Junior T.01 \u2014 Il y a quelque chose de poussi\u00e9reux \u00e0 Sorel-sur-Poussi\u00e8re - \u00c9ditions Pow Pow\" \/>\n<meta property=\"og:description\" content=\"Il y a quelque chose de poussi\u00e9reux \u00e0 Sorel-sur-Poussi\u00e8re\u2026 Les fr\u00e8res Barjo\u2026 Les fr\u00e8res Malin\u2026 Les Thibodeault de Joliette-en-Gravelle\u2026 Sans parler de cette myst\u00e9rieuse drogue envo\u00fbtante qui est en train d\u2019asservir et de pousser toute une population dans le vice et la fornication. Heureusement, entre deux devoirs et une partie de billes, une personne pas [&hellip;]\" \/>\n<meta property=\"og:url\" content=\"https:\/\/editionspowpow.com\/en\/produits\/il-y-a-quelque-chose-de-poussiereux-a-sorel-sur-poussiere-sherif-junior-t-01\/\" \/>\n<meta property=\"og:site_name\" content=\"\u00c9ditions Pow Pow\" \/>\n<meta property=\"article:publisher\" content=\"https:\/\/www.facebook.com\/editionspowpow\" \/>\n<meta property=\"article:modified_time\" content=\"2026-02-09T15:33:34+00:00\" \/>\n<meta property=\"og:image\" content=\"https:\/\/edition-pow-pow-bucket.storage.googleapis.com\/wp-content\/uploads\/2023\/04\/couverture-sherif-juinior-1-web-1.jpg\" \/>\n\t<meta property=\"og:image:width\" content=\"900\" \/>\n\t<meta property=\"og:image:height\" content=\"1188\" \/>\n\t<meta property=\"og:image:type\" content=\"image\/jpeg\" \/>\n<meta name=\"twitter:card\" content=\"summary_large_image\" \/>\n<meta name=\"twitter:site\" content=\"@editionspowpow\" \/>\n<meta name=\"twitter:label1\" content=\"Est. reading time\" \/>\n\t<meta name=\"twitter:data1\" content=\"1 minute\" \/>\n<script type=\"application\/ld+json\" class=\"yoast-schema-graph\">{\"@context\":\"https:\/\/schema.org\",\"@graph\":[{\"@type\":\"WebPage\",\"@id\":\"https:\/\/editionspowpow.com\/en\/produits\/il-y-a-quelque-chose-de-poussiereux-a-sorel-sur-poussiere-sherif-junior-t-01\/\",\"url\":\"https:\/\/editionspowpow.com\/en\/produits\/il-y-a-quelque-chose-de-poussiereux-a-sorel-sur-poussiere-sherif-junior-t-01\/\",\"name\":\"Sh\u00e9rif Junior T.01 \u2014 Il y a quelque chose de poussi\u00e9reux \u00e0 Sorel-sur-Poussi\u00e8re - \u00c9ditions Pow Pow\",\"isPartOf\":{\"@id\":\"https:\/\/editionspowpow.com\/en\/#website\"},\"primaryImageOfPage\":{\"@id\":\"https:\/\/editionspowpow.com\/en\/produits\/il-y-a-quelque-chose-de-poussiereux-a-sorel-sur-poussiere-sherif-junior-t-01\/#primaryimage\"},\"image\":{\"@id\":\"https:\/\/editionspowpow.com\/en\/produits\/il-y-a-quelque-chose-de-poussiereux-a-sorel-sur-poussiere-sherif-junior-t-01\/#primaryimage\"},\"thumbnailUrl\":\"https:\/\/edition-pow-pow-bucket.storage.googleapis.com\/wp-content\/uploads\/2023\/04\/couverture-sherif-juinior-1-web-1.jpg\",\"datePublished\":\"2023-04-17T18:46:20+00:00\",\"dateModified\":\"2026-02-09T15:33:34+00:00\",\"breadcrumb\":{\"@id\":\"https:\/\/editionspowpow.com\/en\/produits\/il-y-a-quelque-chose-de-poussiereux-a-sorel-sur-poussiere-sherif-junior-t-01\/#breadcrumb\"},\"inLanguage\":\"en-US\",\"potentialAction\":[{\"@type\":\"ReadAction\",\"target\":[\"https:\/\/editionspowpow.com\/en\/produits\/il-y-a-quelque-chose-de-poussiereux-a-sorel-sur-poussiere-sherif-junior-t-01\/\"]}]},{\"@type\":\"ImageObject\",\"inLanguage\":\"en-US\",\"@id\":\"https:\/\/editionspowpow.com\/en\/produits\/il-y-a-quelque-chose-de-poussiereux-a-sorel-sur-poussiere-sherif-junior-t-01\/#primaryimage\",\"url\":\"https:\/\/edition-pow-pow-bucket.storage.googleapis.com\/wp-content\/uploads\/2023\/04\/couverture-sherif-juinior-1-web-1.jpg\",\"contentUrl\":\"https:\/\/edition-pow-pow-bucket.storage.googleapis.com\/wp-content\/uploads\/2023\/04\/couverture-sherif-juinior-1-web-1.jpg\",\"width\":900,\"height\":1188},{\"@type\":\"BreadcrumbList\",\"@id\":\"https:\/\/editionspowpow.com\/en\/produits\/il-y-a-quelque-chose-de-poussiereux-a-sorel-sur-poussiere-sherif-junior-t-01\/#breadcrumb\",\"itemListElement\":[{\"@type\":\"ListItem\",\"position\":1,\"name\":\"Home\",\"item\":\"https:\/\/editionspowpow.com\/en\/\"},{\"@type\":\"ListItem\",\"position\":2,\"name\":\"Shop\",\"item\":\"https:\/\/editionspowpow.com\/en\/shop\/\"},{\"@type\":\"ListItem\",\"position\":3,\"name\":\"Sh\u00e9rif Junior T.01 \u2014 Il y a quelque chose de poussi\u00e9reux \u00e0 Sorel-sur-Poussi\u00e8re\"}]},{\"@type\":\"WebSite\",\"@id\":\"https:\/\/editionspowpow.com\/en\/#website\",\"url\":\"https:\/\/editionspowpow.com\/en\/\",\"name\":\"\u00c9ditions Pow Pow\",\"description\":\"\",\"publisher\":{\"@id\":\"https:\/\/editionspowpow.com\/en\/#organization\"},\"potentialAction\":[{\"@type\":\"SearchAction\",\"target\":{\"@type\":\"EntryPoint\",\"urlTemplate\":\"https:\/\/editionspowpow.com\/en\/?s={search_term_string}\"},\"query-input\":{\"@type\":\"PropertyValueSpecification\",\"valueRequired\":true,\"valueName\":\"search_term_string\"}}],\"inLanguage\":\"en-US\"},{\"@type\":\"Organization\",\"@id\":\"https:\/\/editionspowpow.com\/en\/#organization\",\"name\":\"\u00c9ditions Pow Pow\",\"url\":\"https:\/\/editionspowpow.com\/en\/\",\"logo\":{\"@type\":\"ImageObject\",\"inLanguage\":\"en-US\",\"@id\":\"https:\/\/editionspowpow.com\/en\/#\/schema\/logo\/image\/\",\"url\":\"https:\/\/edition-pow-pow-bucket.storage.googleapis.com\/wp-content\/uploads\/2024\/03\/logo_site_pow_pow_VERTICAL.png\",\"contentUrl\":\"https:\/\/edition-pow-pow-bucket.storage.googleapis.com\/wp-content\/uploads\/2024\/03\/logo_site_pow_pow_VERTICAL.png\",\"width\":1600,\"height\":1200,\"caption\":\"\u00c9ditions Pow Pow\"},\"image\":{\"@id\":\"https:\/\/editionspowpow.com\/en\/#\/schema\/logo\/image\/\"},\"sameAs\":[\"https:\/\/www.facebook.com\/editionspowpow\",\"https:\/\/x.com\/editionspowpow\"]}]}<\/script>\n<!-- \/ Yoast SEO plugin. -->","yoast_head_json":{"title":"Sh\u00e9rif Junior T.01 \u2014 Il y a quelque chose de poussi\u00e9reux \u00e0 Sorel-sur-Poussi\u00e8re - \u00c9ditions Pow Pow","robots":{"index":"index","follow":"follow","max-snippet":"max-snippet:-1","max-image-preview":"max-image-preview:large","max-video-preview":"max-video-preview:-1"},"canonical":"https:\/\/editionspowpow.com\/en\/produits\/il-y-a-quelque-chose-de-poussiereux-a-sorel-sur-poussiere-sherif-junior-t-01\/","og_locale":"en_US","og_type":"article","og_title":"Sh\u00e9rif Junior T.01 \u2014 Il y a quelque chose de poussi\u00e9reux \u00e0 Sorel-sur-Poussi\u00e8re - \u00c9ditions Pow Pow","og_description":"Il y a quelque chose de poussi\u00e9reux \u00e0 Sorel-sur-Poussi\u00e8re\u2026 Les fr\u00e8res Barjo\u2026 Les fr\u00e8res Malin\u2026 Les Thibodeault de Joliette-en-Gravelle\u2026 Sans parler de cette myst\u00e9rieuse drogue envo\u00fbtante qui est en train d\u2019asservir et de pousser toute une population dans le vice et la fornication. Heureusement, entre deux devoirs et une partie de billes, une personne pas [&hellip;]","og_url":"https:\/\/editionspowpow.com\/en\/produits\/il-y-a-quelque-chose-de-poussiereux-a-sorel-sur-poussiere-sherif-junior-t-01\/","og_site_name":"\u00c9ditions Pow Pow","article_publisher":"https:\/\/www.facebook.com\/editionspowpow","article_modified_time":"2026-02-09T15:33:34+00:00","og_image":[{"width":900,"height":1188,"url":"https:\/\/edition-pow-pow-bucket.storage.googleapis.com\/wp-content\/uploads\/2023\/04\/couverture-sherif-juinior-1-web-1.jpg","type":"image\/jpeg"}],"twitter_card":"summary_large_image","twitter_site":"@editionspowpow","twitter_misc":{"Est. reading time":"1 minute"},"schema":{"@context":"https:\/\/schema.org","@graph":[{"@type":"WebPage","@id":"https:\/\/editionspowpow.com\/en\/produits\/il-y-a-quelque-chose-de-poussiereux-a-sorel-sur-poussiere-sherif-junior-t-01\/","url":"https:\/\/editionspowpow.com\/en\/produits\/il-y-a-quelque-chose-de-poussiereux-a-sorel-sur-poussiere-sherif-junior-t-01\/","name":"Sh\u00e9rif Junior T.01 \u2014 Il y a quelque chose de poussi\u00e9reux \u00e0 Sorel-sur-Poussi\u00e8re - \u00c9ditions Pow Pow","isPartOf":{"@id":"https:\/\/editionspowpow.com\/en\/#website"},"primaryImageOfPage":{"@id":"https:\/\/editionspowpow.com\/en\/produits\/il-y-a-quelque-chose-de-poussiereux-a-sorel-sur-poussiere-sherif-junior-t-01\/#primaryimage"},"image":{"@id":"https:\/\/editionspowpow.com\/en\/produits\/il-y-a-quelque-chose-de-poussiereux-a-sorel-sur-poussiere-sherif-junior-t-01\/#primaryimage"},"thumbnailUrl":"https:\/\/edition-pow-pow-bucket.storage.googleapis.com\/wp-content\/uploads\/2023\/04\/couverture-sherif-juinior-1-web-1.jpg","datePublished":"2023-04-17T18:46:20+00:00","dateModified":"2026-02-09T15:33:34+00:00","breadcrumb":{"@id":"https:\/\/editionspowpow.com\/en\/produits\/il-y-a-quelque-chose-de-poussiereux-a-sorel-sur-poussiere-sherif-junior-t-01\/#breadcrumb"},"inLanguage":"en-US","potentialAction":[{"@type":"ReadAction","target":["https:\/\/editionspowpow.com\/en\/produits\/il-y-a-quelque-chose-de-poussiereux-a-sorel-sur-poussiere-sherif-junior-t-01\/"]}]},{"@type":"ImageObject","inLanguage":"en-US","@id":"https:\/\/editionspowpow.com\/en\/produits\/il-y-a-quelque-chose-de-poussiereux-a-sorel-sur-poussiere-sherif-junior-t-01\/#primaryimage","url":"https:\/\/edition-pow-pow-bucket.storage.googleapis.com\/wp-content\/uploads\/2023\/04\/couverture-sherif-juinior-1-web-1.jpg","contentUrl":"https:\/\/edition-pow-pow-bucket.storage.googleapis.com\/wp-content\/uploads\/2023\/04\/couverture-sherif-juinior-1-web-1.jpg","width":900,"height":1188},{"@type":"BreadcrumbList","@id":"https:\/\/editionspowpow.com\/en\/produits\/il-y-a-quelque-chose-de-poussiereux-a-sorel-sur-poussiere-sherif-junior-t-01\/#breadcrumb","itemListElement":[{"@type":"ListItem","position":1,"name":"Home","item":"https:\/\/editionspowpow.com\/en\/"},{"@type":"ListItem","position":2,"name":"Shop","item":"https:\/\/editionspowpow.com\/en\/shop\/"},{"@type":"ListItem","position":3,"name":"Sh\u00e9rif Junior T.01 \u2014 Il y a quelque chose de poussi\u00e9reux \u00e0 Sorel-sur-Poussi\u00e8re"}]},{"@type":"WebSite","@id":"https:\/\/editionspowpow.com\/en\/#website","url":"https:\/\/editionspowpow.com\/en\/","name":"\u00c9ditions Pow Pow","description":"","publisher":{"@id":"https:\/\/editionspowpow.com\/en\/#organization"},"potentialAction":[{"@type":"SearchAction","target":{"@type":"EntryPoint","urlTemplate":"https:\/\/editionspowpow.com\/en\/?s={search_term_string}"},"query-input":{"@type":"PropertyValueSpecification","valueRequired":true,"valueName":"search_term_string"}}],"inLanguage":"en-US"},{"@type":"Organization","@id":"https:\/\/editionspowpow.com\/en\/#organization","name":"\u00c9ditions Pow Pow","url":"https:\/\/editionspowpow.com\/en\/","logo":{"@type":"ImageObject","inLanguage":"en-US","@id":"https:\/\/editionspowpow.com\/en\/#\/schema\/logo\/image\/","url":"https:\/\/edition-pow-pow-bucket.storage.googleapis.com\/wp-content\/uploads\/2024\/03\/logo_site_pow_pow_VERTICAL.png","contentUrl":"https:\/\/edition-pow-pow-bucket.storage.googleapis.com\/wp-content\/uploads\/2024\/03\/logo_site_pow_pow_VERTICAL.png","width":1600,"height":1200,"caption":"\u00c9ditions Pow Pow"},"image":{"@id":"https:\/\/editionspowpow.com\/en\/#\/schema\/logo\/image\/"},"sameAs":["https:\/\/www.facebook.com\/editionspowpow","https:\/\/x.com\/editionspowpow"]}]}},"_links":{"self":[{"href":"https:\/\/editionspowpow.com\/en\/wp-json\/wp\/v2\/product\/23713","targetHints":{"allow":["GET"]}}],"collection":[{"href":"https:\/\/editionspowpow.com\/en\/wp-json\/wp\/v2\/product"}],"about":[{"href":"https:\/\/editionspowpow.com\/en\/wp-json\/wp\/v2\/types\/product"}],"wp:featuredmedia":[{"embeddable":true,"href":"https:\/\/editionspowpow.com\/en\/wp-json\/wp\/v2\/media\/2609"}],"wp:attachment":[{"href":"https:\/\/editionspowpow.com\/en\/wp-json\/wp\/v2\/media?parent=23713"}],"wp:term":[{"taxonomy":"product_brand","embeddable":true,"href":"https:\/\/editionspowpow.com\/en\/wp-json\/wp\/v2\/product_brand?post=23713"},{"taxonomy":"product_cat","embeddable":true,"href":"https:\/\/editionspowpow.com\/en\/wp-json\/wp\/v2\/product_cat?post=23713"},{"taxonomy":"product_tag","embeddable":true,"href":"https:\/\/editionspowpow.com\/en\/wp-json\/wp\/v2\/product_tag?post=23713"}],"curies":[{"name":"wp","href":"https:\/\/api.w.org\/{rel}","templated":true}]}}