{"id":23720,"date":"2024-04-24T09:57:55","date_gmt":"2024-04-24T13:57:55","guid":{"rendered":"https:\/\/editionspowpow.com\/boutique\/mourir-pour-la-cause\/"},"modified":"2026-02-09T11:33:33","modified_gmt":"2026-02-09T15:33:33","slug":"mourir-pour-la-cause","status":"publish","type":"product","link":"https:\/\/editionspowpow.com\/en\/produits\/mourir-pour-la-cause\/","title":{"rendered":"Mourir pour la cause"},"content":{"rendered":"<p>Notre histoire d\u00e9bute avec une s\u00e9rie d\u2019explosions. Nous sommes en 1963. Une poign\u00e9e de militants socialistes, s\u2019insurgeant contre le traitement des ouvriers francophones par le patronat anglais, d\u00e9cident de passer \u00e0 l\u2019action. C\u2019est ainsi qu\u2019ils fondent le FLQ, ou Front de lib\u00e9ration du Qu\u00e9bec.<\/p>\n<p>Se basant sur de nombreux documents historiques, l\u2019auteur Chris Oliveros nous pr\u00e9sente l\u2019histoire de ces apprentis r\u00e9volutionnaires sous la forme d\u2019un documentaire fictif de la CBC, tourn\u00e9 en 1975 et perdu depuis.<\/p>\n","protected":false},"excerpt":{"rendered":"<p>Notre histoire d\u00e9bute avec une s\u00e9rie d\u2019explosions. Nous sommes en 1963. Une poign\u00e9e de militants socialistes, s\u2019insurgeant contre le traitement des ouvriers francophones par le patronat anglais, d\u00e9cident de passer \u00e0 l\u2019action. C\u2019est ainsi qu\u2019ils fondent le FLQ, ou Front de lib\u00e9ration du Qu\u00e9bec. Se basant sur de nombreux documents historiques, l\u2019auteur Chris Oliveros nous [&hellip;]<\/p>\n","protected":false},"featured_media":24504,"template":"","meta":{"_acf_changed":false},"product_brand":[],"product_cat":[271],"product_tag":[261,269,323],"class_list":{"0":"post-23720","1":"product","2":"type-product","3":"status-publish","4":"has-post-thumbnail","6":"wc_square_synced-yes","7":"product_cat-comic","8":"product_tag-documentary","9":"product_tag-historical","10":"product_tag-montreal-en-2","12":"first","13":"instock","14":"taxable","15":"shipping-taxable","16":"purchasable","17":"product-type-simple"},"acf":{"language":"fr","other_language_products":"","authors":[{"author_title":22505,"is_custom_job_title":false,"job_titles":[168]},{"author_title":22306,"is_custom_job_title":true,"job_titles":[179]}],"total_pages":176,"isbn":"978-2-925114-26-0","release_date":"20231011","other_release_dates":[{"date":"20240119","country":"Europe"}],"has_product_excerpt":true,"button_excerpt_position":"left","accent_color":"#D44929","awards":[{"content":"Prix B\u00e9d\u00e9lys Qu\u00e9bec 2024"},{"content":"Finaliste \u2013 S\u00e9lection Officielle du Festival International de la Bande Dessin\u00e9e d\u2019Angoul\u00eame 2025"},{"content":"Finaliste \u2013 Prix de la critique ACBD de la bande dessin\u00e9e qu\u00e9b\u00e9coise 2024"},{"content":"Finaliste \u2013 Prix BD des coll\u00e9giens 2025"},{"content":"Finaliste \u2013 Prix litt\u00e9raires du Gouverneur g\u00e9n\u00e9ral 2024 dans la cat\u00e9gorie Traduction"},{"content":"Finaliste \u2013 Prix Roberto-Wilson des B\u00e9d\u00e9is Causa 2024"},{"content":"Les libraires conseillent \u2013 S\u00e9lection de novembre 2023"}],"comments":[{"content":"Reposant sur une solide documentation, son r\u00e9cit, d\u2019une redoutable efficacit\u00e9 narrative et graphique, s\u2019int\u00e9resse aux fondations de l\u2019\u00e9ventuelle r\u00e9volte, qui fera d\u2019ailleurs l\u2019objet d\u2019un prochain livre. Bien plus qu\u2019un incontournable de la saison, <em>Mourir pour la cause<\/em> est une \u0153uvre de fonds [\u2026].","credit_group":{"content":"Jean-Dominic Leduc, Le Journal de Montr\u00e9al, 5 novembre 2023","link":"https:\/\/www.journaldemontreal.com\/2023\/11\/05\/bande-dessinee-dans-les-coulisses-doctobre1970","is_external_link":true}},{"content":"Racont\u00e9 comme si on avait trouv\u00e9 des bobines d\u2019entrevues pour un documentaire avort\u00e9 de la CBC au milieu des ann\u00e9es 1970 et ax\u00e9 autour de trois des figures fondatrices du Front, Georges Schoeters, Fran\u00e7ois Schirm et Pierre Valli\u00e8res, <em>Mourir pour la cause<\/em> dresse ce qui nous semble \u00eatre un portrait assez juste du contexte qui m\u00e8nera, \u00e0 terme, \u00e0 la crise d\u2019Octobre, dans toute sa d\u00e9sorganisation et sa na\u00efvet\u00e9 r\u00e9volutionnaire. On a d\u00e9j\u00e0 h\u00e2te de lire le deuxi\u00e8me tome! \u2605\u2605\u2605\u2605","credit_group":{"content":"Fran\u00e7ois Lemay, Le Devoir, 4 novembre 2023","link":"https:\/\/www.ledevoir.com\/lire\/801224\/notre-selection-bd-mois-novembre","is_external_link":true}},{"content":"Les notes sont fascinantes. [\u2026] Tout ce qui est racont\u00e9 est corrobor\u00e9, puis on est au-del\u00e0 de la note de page. C\u2019est tr\u00e8s, tr\u00e8s bien fouill\u00e9 comme ouvrage.","credit_group":{"content":"\u00c9milie Perreault, Il restera toujours la culture (Radio-Canada), 25 octobre 2023","link":"https:\/\/ici.radio-canada.ca\/ohdio\/premiere\/emissions\/il-restera-toujours-culture\/episodes\/786006\/rattrapage-mercredi-25-octobre-2023","is_external_link":true}},{"content":"Sous l\u2019humour bon enfant de la mise en sc\u00e8ne de ces \u00e9v\u00e9nements qui n\u2019eurent pourtant rien de dr\u00f4le \u00e0 l\u2019\u00e9poque se r\u00e9v\u00e8le toutefois un regard plein de sollicitude sur les raisons ayant concouru \u00e0 l\u2019\u00e9ventuelle mont\u00e9e en puissance de ce mouvement r\u00e9volutionnaire, une impression confort\u00e9e par l\u2019impeccable recherche men\u00e9e pour ce projet, dont la port\u00e9e m\u00e9morielle, alli\u00e9e au souci du d\u00e9tail et par-del\u00e0 l\u2019anecdote, t\u00e9moigne \u00e9galement d\u2019un respect pour le sens du combat de ceux qui, ultimement, continuent chaque jour un peu plus de mourir pour la cause.","credit_group":{"content":"Philippe Fortin, Les libraires, 1 novembre 2023","link":"https:\/\/revue.leslibraires.ca\/actualites\/les-libraires-conseillent\/les-libraires-conseillent-novembre-2023\/","is_external_link":true}},{"content":"Oliveros raconte les premiers coups d\u2019\u00e9clat et les premi\u00e8res bombes, en restant proche des personnages, qu\u2019ils soient du c\u00f4t\u00e9 des felquistes ou de celui des victimes innocentes de ce conflit qui allait exploser en 1970. Un travail d\u2019\u00e9quilibriste r\u00e9ussi et bien servi par son style \u00e9vocateur.","credit_group":{"content":"Alexandre Vigneault, La Presse, 3 d\u00e9cembre 2023","link":"https:\/\/www.lapresse.ca\/arts\/litterature\/2023-12-03\/bande-dessinee\/ce-que-la-presse-en-pense.php","is_external_link":true}},{"content":"La narration de <em>Mourir pour la cause<\/em> est une recomposition dans les r\u00e8gles de l\u2019art, une r\u00e9\u00e9criture de l\u2019Histoire. Une r\u00e9\u00e9criture qui \u00abtrahit\u00bb et invente pour mieux reconstituer. Le paradoxe du r\u00e9cit historique. L\u2019ouvrage est \u00e0 la fois un documentaire et une fiction, puisque les dialogues sont en grande majorit\u00e9 r\u00e9\u00e9crits. Mais les faits sont l\u00e0, et la cr\u00e9ation ne se fait pas au d\u00e9triment de ces derniers, comme en font foi les tr\u00e8s nombreuses notes et r\u00e9f\u00e9rences en annexe au livre.","credit_group":{"content":"Boris Nonveiller, Lettres qu\u00e9b\u00e9coises, 5 d\u00e9cembre 2023","link":"","is_external_link":false}}],"video_gallery":[{"video_url":"https:\/\/youtu.be\/8wmkFf4VGkU","title":"Mourir pour la cause \u2013 Chris Oliveros","video_preview":24194,"video_duration":""}]},"yoast_head":"<!-- This site is optimized with the Yoast SEO plugin v26.9 - https:\/\/yoast.com\/product\/yoast-seo-wordpress\/ -->\n<title>Mourir pour la cause - \u00c9ditions Pow Pow<\/title>\n<meta name=\"robots\" content=\"index, follow, max-snippet:-1, max-image-preview:large, max-video-preview:-1\" \/>\n<link rel=\"canonical\" href=\"https:\/\/editionspowpow.com\/en\/produits\/mourir-pour-la-cause\/\" \/>\n<meta property=\"og:locale\" content=\"en_US\" \/>\n<meta property=\"og:type\" content=\"article\" \/>\n<meta property=\"og:title\" content=\"Mourir pour la cause - \u00c9ditions Pow Pow\" \/>\n<meta property=\"og:description\" content=\"Notre histoire d\u00e9bute avec une s\u00e9rie d\u2019explosions. Nous sommes en 1963. Une poign\u00e9e de militants socialistes, s\u2019insurgeant contre le traitement des ouvriers francophones par le patronat anglais, d\u00e9cident de passer \u00e0 l\u2019action. C\u2019est ainsi qu\u2019ils fondent le FLQ, ou Front de lib\u00e9ration du Qu\u00e9bec. Se basant sur de nombreux documents historiques, l\u2019auteur Chris Oliveros nous [&hellip;]\" \/>\n<meta property=\"og:url\" content=\"https:\/\/editionspowpow.com\/en\/produits\/mourir-pour-la-cause\/\" \/>\n<meta property=\"og:site_name\" content=\"\u00c9ditions Pow Pow\" \/>\n<meta property=\"article:publisher\" content=\"https:\/\/www.facebook.com\/editionspowpow\" \/>\n<meta property=\"article:modified_time\" content=\"2026-02-09T15:33:33+00:00\" \/>\n<meta property=\"og:image\" content=\"https:\/\/edition-pow-pow-bucket.storage.googleapis.com\/wp-content\/uploads\/2024\/04\/POW_couverture_mourir_pour_RGB-96dpi_pastilleSO.jpg\" \/>\n\t<meta property=\"og:image:width\" content=\"600\" \/>\n\t<meta property=\"og:image:height\" content=\"792\" \/>\n\t<meta property=\"og:image:type\" content=\"image\/jpeg\" \/>\n<meta name=\"twitter:card\" content=\"summary_large_image\" \/>\n<meta name=\"twitter:site\" content=\"@editionspowpow\" \/>\n<meta name=\"twitter:label1\" content=\"Est. reading time\" \/>\n\t<meta name=\"twitter:data1\" content=\"1 minute\" \/>\n<script type=\"application\/ld+json\" class=\"yoast-schema-graph\">{\"@context\":\"https:\/\/schema.org\",\"@graph\":[{\"@type\":\"WebPage\",\"@id\":\"https:\/\/editionspowpow.com\/en\/produits\/mourir-pour-la-cause\/\",\"url\":\"https:\/\/editionspowpow.com\/en\/produits\/mourir-pour-la-cause\/\",\"name\":\"Mourir pour la cause - \u00c9ditions Pow Pow\",\"isPartOf\":{\"@id\":\"https:\/\/editionspowpow.com\/en\/#website\"},\"primaryImageOfPage\":{\"@id\":\"https:\/\/editionspowpow.com\/en\/produits\/mourir-pour-la-cause\/#primaryimage\"},\"image\":{\"@id\":\"https:\/\/editionspowpow.com\/en\/produits\/mourir-pour-la-cause\/#primaryimage\"},\"thumbnailUrl\":\"https:\/\/edition-pow-pow-bucket.storage.googleapis.com\/wp-content\/uploads\/2024\/04\/POW_couverture_mourir_pour_RGB-96dpi_pastilleSO.jpg\",\"datePublished\":\"2024-04-24T13:57:55+00:00\",\"dateModified\":\"2026-02-09T15:33:33+00:00\",\"breadcrumb\":{\"@id\":\"https:\/\/editionspowpow.com\/en\/produits\/mourir-pour-la-cause\/#breadcrumb\"},\"inLanguage\":\"en-US\",\"potentialAction\":[{\"@type\":\"ReadAction\",\"target\":[\"https:\/\/editionspowpow.com\/en\/produits\/mourir-pour-la-cause\/\"]}]},{\"@type\":\"ImageObject\",\"inLanguage\":\"en-US\",\"@id\":\"https:\/\/editionspowpow.com\/en\/produits\/mourir-pour-la-cause\/#primaryimage\",\"url\":\"https:\/\/edition-pow-pow-bucket.storage.googleapis.com\/wp-content\/uploads\/2024\/04\/POW_couverture_mourir_pour_RGB-96dpi_pastilleSO.jpg\",\"contentUrl\":\"https:\/\/edition-pow-pow-bucket.storage.googleapis.com\/wp-content\/uploads\/2024\/04\/POW_couverture_mourir_pour_RGB-96dpi_pastilleSO.jpg\",\"width\":600,\"height\":792},{\"@type\":\"BreadcrumbList\",\"@id\":\"https:\/\/editionspowpow.com\/en\/produits\/mourir-pour-la-cause\/#breadcrumb\",\"itemListElement\":[{\"@type\":\"ListItem\",\"position\":1,\"name\":\"Home\",\"item\":\"https:\/\/editionspowpow.com\/en\/\"},{\"@type\":\"ListItem\",\"position\":2,\"name\":\"Shop\",\"item\":\"https:\/\/editionspowpow.com\/en\/shop\/\"},{\"@type\":\"ListItem\",\"position\":3,\"name\":\"Mourir pour la cause\"}]},{\"@type\":\"WebSite\",\"@id\":\"https:\/\/editionspowpow.com\/en\/#website\",\"url\":\"https:\/\/editionspowpow.com\/en\/\",\"name\":\"\u00c9ditions Pow Pow\",\"description\":\"\",\"publisher\":{\"@id\":\"https:\/\/editionspowpow.com\/en\/#organization\"},\"potentialAction\":[{\"@type\":\"SearchAction\",\"target\":{\"@type\":\"EntryPoint\",\"urlTemplate\":\"https:\/\/editionspowpow.com\/en\/?s={search_term_string}\"},\"query-input\":{\"@type\":\"PropertyValueSpecification\",\"valueRequired\":true,\"valueName\":\"search_term_string\"}}],\"inLanguage\":\"en-US\"},{\"@type\":\"Organization\",\"@id\":\"https:\/\/editionspowpow.com\/en\/#organization\",\"name\":\"\u00c9ditions Pow Pow\",\"url\":\"https:\/\/editionspowpow.com\/en\/\",\"logo\":{\"@type\":\"ImageObject\",\"inLanguage\":\"en-US\",\"@id\":\"https:\/\/editionspowpow.com\/en\/#\/schema\/logo\/image\/\",\"url\":\"https:\/\/edition-pow-pow-bucket.storage.googleapis.com\/wp-content\/uploads\/2024\/03\/logo_site_pow_pow_VERTICAL.png\",\"contentUrl\":\"https:\/\/edition-pow-pow-bucket.storage.googleapis.com\/wp-content\/uploads\/2024\/03\/logo_site_pow_pow_VERTICAL.png\",\"width\":1600,\"height\":1200,\"caption\":\"\u00c9ditions Pow Pow\"},\"image\":{\"@id\":\"https:\/\/editionspowpow.com\/en\/#\/schema\/logo\/image\/\"},\"sameAs\":[\"https:\/\/www.facebook.com\/editionspowpow\",\"https:\/\/x.com\/editionspowpow\"]}]}<\/script>\n<!-- \/ Yoast SEO plugin. -->","yoast_head_json":{"title":"Mourir pour la cause - \u00c9ditions Pow Pow","robots":{"index":"index","follow":"follow","max-snippet":"max-snippet:-1","max-image-preview":"max-image-preview:large","max-video-preview":"max-video-preview:-1"},"canonical":"https:\/\/editionspowpow.com\/en\/produits\/mourir-pour-la-cause\/","og_locale":"en_US","og_type":"article","og_title":"Mourir pour la cause - \u00c9ditions Pow Pow","og_description":"Notre histoire d\u00e9bute avec une s\u00e9rie d\u2019explosions. Nous sommes en 1963. Une poign\u00e9e de militants socialistes, s\u2019insurgeant contre le traitement des ouvriers francophones par le patronat anglais, d\u00e9cident de passer \u00e0 l\u2019action. C\u2019est ainsi qu\u2019ils fondent le FLQ, ou Front de lib\u00e9ration du Qu\u00e9bec. Se basant sur de nombreux documents historiques, l\u2019auteur Chris Oliveros nous [&hellip;]","og_url":"https:\/\/editionspowpow.com\/en\/produits\/mourir-pour-la-cause\/","og_site_name":"\u00c9ditions Pow Pow","article_publisher":"https:\/\/www.facebook.com\/editionspowpow","article_modified_time":"2026-02-09T15:33:33+00:00","og_image":[{"width":600,"height":792,"url":"https:\/\/edition-pow-pow-bucket.storage.googleapis.com\/wp-content\/uploads\/2024\/04\/POW_couverture_mourir_pour_RGB-96dpi_pastilleSO.jpg","type":"image\/jpeg"}],"twitter_card":"summary_large_image","twitter_site":"@editionspowpow","twitter_misc":{"Est. reading time":"1 minute"},"schema":{"@context":"https:\/\/schema.org","@graph":[{"@type":"WebPage","@id":"https:\/\/editionspowpow.com\/en\/produits\/mourir-pour-la-cause\/","url":"https:\/\/editionspowpow.com\/en\/produits\/mourir-pour-la-cause\/","name":"Mourir pour la cause - \u00c9ditions Pow Pow","isPartOf":{"@id":"https:\/\/editionspowpow.com\/en\/#website"},"primaryImageOfPage":{"@id":"https:\/\/editionspowpow.com\/en\/produits\/mourir-pour-la-cause\/#primaryimage"},"image":{"@id":"https:\/\/editionspowpow.com\/en\/produits\/mourir-pour-la-cause\/#primaryimage"},"thumbnailUrl":"https:\/\/edition-pow-pow-bucket.storage.googleapis.com\/wp-content\/uploads\/2024\/04\/POW_couverture_mourir_pour_RGB-96dpi_pastilleSO.jpg","datePublished":"2024-04-24T13:57:55+00:00","dateModified":"2026-02-09T15:33:33+00:00","breadcrumb":{"@id":"https:\/\/editionspowpow.com\/en\/produits\/mourir-pour-la-cause\/#breadcrumb"},"inLanguage":"en-US","potentialAction":[{"@type":"ReadAction","target":["https:\/\/editionspowpow.com\/en\/produits\/mourir-pour-la-cause\/"]}]},{"@type":"ImageObject","inLanguage":"en-US","@id":"https:\/\/editionspowpow.com\/en\/produits\/mourir-pour-la-cause\/#primaryimage","url":"https:\/\/edition-pow-pow-bucket.storage.googleapis.com\/wp-content\/uploads\/2024\/04\/POW_couverture_mourir_pour_RGB-96dpi_pastilleSO.jpg","contentUrl":"https:\/\/edition-pow-pow-bucket.storage.googleapis.com\/wp-content\/uploads\/2024\/04\/POW_couverture_mourir_pour_RGB-96dpi_pastilleSO.jpg","width":600,"height":792},{"@type":"BreadcrumbList","@id":"https:\/\/editionspowpow.com\/en\/produits\/mourir-pour-la-cause\/#breadcrumb","itemListElement":[{"@type":"ListItem","position":1,"name":"Home","item":"https:\/\/editionspowpow.com\/en\/"},{"@type":"ListItem","position":2,"name":"Shop","item":"https:\/\/editionspowpow.com\/en\/shop\/"},{"@type":"ListItem","position":3,"name":"Mourir pour la cause"}]},{"@type":"WebSite","@id":"https:\/\/editionspowpow.com\/en\/#website","url":"https:\/\/editionspowpow.com\/en\/","name":"\u00c9ditions Pow Pow","description":"","publisher":{"@id":"https:\/\/editionspowpow.com\/en\/#organization"},"potentialAction":[{"@type":"SearchAction","target":{"@type":"EntryPoint","urlTemplate":"https:\/\/editionspowpow.com\/en\/?s={search_term_string}"},"query-input":{"@type":"PropertyValueSpecification","valueRequired":true,"valueName":"search_term_string"}}],"inLanguage":"en-US"},{"@type":"Organization","@id":"https:\/\/editionspowpow.com\/en\/#organization","name":"\u00c9ditions Pow Pow","url":"https:\/\/editionspowpow.com\/en\/","logo":{"@type":"ImageObject","inLanguage":"en-US","@id":"https:\/\/editionspowpow.com\/en\/#\/schema\/logo\/image\/","url":"https:\/\/edition-pow-pow-bucket.storage.googleapis.com\/wp-content\/uploads\/2024\/03\/logo_site_pow_pow_VERTICAL.png","contentUrl":"https:\/\/edition-pow-pow-bucket.storage.googleapis.com\/wp-content\/uploads\/2024\/03\/logo_site_pow_pow_VERTICAL.png","width":1600,"height":1200,"caption":"\u00c9ditions Pow Pow"},"image":{"@id":"https:\/\/editionspowpow.com\/en\/#\/schema\/logo\/image\/"},"sameAs":["https:\/\/www.facebook.com\/editionspowpow","https:\/\/x.com\/editionspowpow"]}]}},"_links":{"self":[{"href":"https:\/\/editionspowpow.com\/en\/wp-json\/wp\/v2\/product\/23720","targetHints":{"allow":["GET"]}}],"collection":[{"href":"https:\/\/editionspowpow.com\/en\/wp-json\/wp\/v2\/product"}],"about":[{"href":"https:\/\/editionspowpow.com\/en\/wp-json\/wp\/v2\/types\/product"}],"wp:featuredmedia":[{"embeddable":true,"href":"https:\/\/editionspowpow.com\/en\/wp-json\/wp\/v2\/media\/24504"}],"wp:attachment":[{"href":"https:\/\/editionspowpow.com\/en\/wp-json\/wp\/v2\/media?parent=23720"}],"wp:term":[{"taxonomy":"product_brand","embeddable":true,"href":"https:\/\/editionspowpow.com\/en\/wp-json\/wp\/v2\/product_brand?post=23720"},{"taxonomy":"product_cat","embeddable":true,"href":"https:\/\/editionspowpow.com\/en\/wp-json\/wp\/v2\/product_cat?post=23720"},{"taxonomy":"product_tag","embeddable":true,"href":"https:\/\/editionspowpow.com\/en\/wp-json\/wp\/v2\/product_tag?post=23720"}],"curies":[{"name":"wp","href":"https:\/\/api.w.org\/{rel}","templated":true}]}}