{"id":23979,"date":"2024-04-24T10:14:19","date_gmt":"2024-04-24T14:14:19","guid":{"rendered":"https:\/\/editionspowpow.com\/boutique\/botanica-drama-2\/"},"modified":"2026-02-09T11:33:33","modified_gmt":"2026-02-09T15:33:33","slug":"botanica-drama-2","status":"publish","type":"product","link":"https:\/\/editionspowpow.com\/en\/produits\/botanica-drama-2\/","title":{"rendered":"Botanica Drama"},"content":{"rendered":"<p>Apr\u00e8s s\u2019\u00eatre lev\u00e9 tous les jours depuis des milliards d\u2019ann\u00e9es, le Soleil \u2013 qui a pris une bonne cuite la veille \u2013 en a finalement marre et d\u00e9cide de rester couch\u00e9. La Terre se retrouve alors plong\u00e9e dans la noirceur\u2026 Les emb\u00fbches seront nombreuses pour la fleur Philom\u00e8ne, la Mort et tous les autres. Ils devront faire face \u00e0 un rude hiver, mais aussi \u00e0 de terrifiantes cr\u00e9atures venues de l\u2019ombre. Que faudra-t-il faire pour que le Soleil brille de nouveau?<\/p>\n","protected":false},"excerpt":{"rendered":"<p>Apr\u00e8s s\u2019\u00eatre lev\u00e9 tous les jours depuis des milliards d\u2019ann\u00e9es, le Soleil \u2013 qui a pris une bonne cuite la veille \u2013 en a finalement marre et d\u00e9cide de rester couch\u00e9. La Terre se retrouve alors plong\u00e9e dans la noirceur\u2026 Les emb\u00fbches seront nombreuses pour la fleur Philom\u00e8ne, la Mort et tous les autres. Ils [&hellip;]<\/p>\n","protected":false},"featured_media":22555,"template":"","meta":{"_acf_changed":false},"product_brand":[],"product_cat":[271],"product_tag":[265,315],"class_list":{"0":"post-23979","1":"product","2":"type-product","3":"status-publish","4":"has-post-thumbnail","6":"wc_square_synced-yes","7":"product_cat-comic","8":"product_tag-adventure","9":"product_tag-humour-rocambolesque-en","10":"product_shipping_class-format-standard-en","12":"first","13":"instock","14":"taxable","15":"shipping-taxable","16":"purchasable","17":"product-type-simple"},"acf":{"language":"fr","other_language_products":[22554],"authors":[{"author_title":22343,"is_custom_job_title":false,"job_titles":[]}],"total_pages":244,"isbn":"978-2-925114-24-6","release_date":"20231031","other_release_dates":[{"date":"20240419","country":"Europe"}],"has_product_excerpt":true,"button_excerpt_position":"left","accent_color":"#96C121","awards":[{"content":"Finaliste \u2013 Prix des libraires du Qu\u00e9bec 2025 (Bande dessin\u00e9e s\u00e9lection Qu\u00e9bec)"},{"content":"Finaliste \u2013 prix B\u00e9d\u00e9lys Qu\u00e9bec 204"},{"content":"Finaliste \u2013 Prix de la critique ACBD de la bande dessin\u00e9e qu\u00e9b\u00e9coise 2024"},{"content":"Finaliste \u2013 Grand prix Qu\u00e9bec BD des B\u00e9d\u00e9is Causa 2024"},{"content":"Finaliste \u2013 Prix coll\u00e9gien 2024 du Festival BD Colomiers"},{"content":"Finaliste \u2013 Prix BD du Salon du livre de Trois-Rivi\u00e8res 2024 (cat\u00e9gorie Jeunesse)"},{"content":"Finaliste \u2013 Prix Expozine 2023 (BD anglophone)"},{"content":"Les libraires conseillent \u2013 S\u00e9lection de janvier 2024"}],"comments":[{"content":"C\u2019est une BD comme il ne s\u2019en fait pas beaucoup! D\u2019abord, elle est muette, mais c\u2019est tr\u00e8s parlant. Les dessins se lisent super bien. [\u2026] C\u2019est une fa\u00e7on tr\u00e8s po\u00e9tique d\u2019aborder la mort. [\u2026] \u00c7a m\u2019a arrach\u00e9 beaucoup de sourires, des moments plus tendres m\u2019ont fait mouiller les yeux. [\u2026] Je vous le recommande chaudement.","credit_group":{"content":"Marc-Olivier Thibault, \u00c7a vaut le d\u00e9tour (Radio-Canada), 25 octobre 2023","link":"https:\/\/ici.radio-canada.ca\/ohdio\/premiere\/emissions\/ca-vaut-le-retour\/episodes\/752198\/rattrapage-mercredi-25-octobre-2023","is_external_link":true}},{"content":"On est dans un histoire muette. [\u2026] Donc, il faut vraiment que chaque action, chaque case, chaque segment appelle \u00e0 l\u2019autre. [\u2026] Il n\u2019y a rien qui me semble inutile dans cet album-l\u00e0, tout sert quelque chose. [\u2026] Il y a une musicalit\u00e9 aussi.","credit_group":{"content":"Raymond Poirier, La vie en BD, 14 novembre 2023","link":"https:\/\/lavieenbd.com\/","is_external_link":true}},{"content":"Il faut tout un g\u00e9nie narratif pour raconter ce qui se passe sans utiliser les mots. [\u2026] Thom est un artiste qu\u00e9b\u00e9cois au dessin tr\u00e8s communicatif. Il sait ajouter des petits d\u00e9tails qui am\u00e8nent non seulement une touche d\u2019humour, mais aussi une esp\u00e8ce de finesse intelligente. [\u2026] \u00c7a rel\u00e8ve de l\u2019exploit. [\u2026] C\u2019est vraiment beau!","credit_group":{"content":"Dany Arsenault, Au coeur du monde (Radio-Canada), 18 d\u00e9cembre 2023","link":"https:\/\/ici.radio-canada.ca\/ohdio\/premiere\/emissions\/au-coeur-du-monde\/segments\/chronique\/468174\/bd-bande-dessine-plaisir-lire-dany-arsenault-trou-botanica-soda-powpow","is_external_link":true}},{"content":"Le b\u00e9d\u00e9iste nous raconte une histoire sympathique, une fable tragicomique, superbe dans sa simplicit\u00e9. On en voudrait d\u2019autres, cher Thom! Une BD \u00e0 lire, assur\u00e9ment.","credit_group":{"content":"Chantal Fontaine, Les libraires, 2 janvier 2024","link":"https:\/\/www.leslibraires.ca\/livres\/botanica-drama-thom-9782925114246.html#libraires-craquent","is_external_link":true}},{"content":"Les personnages sont attachants, les d\u00e9cors truff\u00e9s de menus d\u00e9tails et de clins d\u2019\u0153il rigolos pour qui se donne la peine de les d\u00e9celer. Aucun temps mort, de l\u2019humour \u00e0 revendre et un sens du punch font de cette BD un ajout essentiel \u00e0 sa collection ne serait-ce que pour sa valeur de relecture.","credit_group":{"content":"Mathieu Roy, BDQG, 19 janvier 2024","link":"https:\/\/bdqg.blog\/2024\/01\/19\/botanica-drama\/","is_external_link":true}},{"content":"\u0152uvre dr\u00f4le, rafra\u00eechissante et percutante, <em>Botanica Drama<\/em> offre un tr\u00e8s agr\u00e9able moment de lecture.","credit_group":{"content":"D. Kebdani, BD Gest, 13 mai 2024","link":"https:\/\/www.bdgest.com\/chronique-12321-BD-Botanica-Drama-Botanica-Drama.html","is_external_link":true}},{"content":"Par leurs allures fantaisistes, presque na\u00efves, les dessins mettent en sc\u00e8ne un r\u00e9cit muet et attachant sur l\u2019amiti\u00e9 et la solidarit\u00e9.","credit_group":{"content":"Les livres qu\u00e9b\u00e9cois qui ont marqu\u00e9s l'ann\u00e9e 2024, Le Devoir, 11 d\u00e9cembre 2024","link":"https:\/\/www.ledevoir.com\/lire\/825801\/meilleur-lettres-quebecoises-2024","is_external_link":true}},{"content":"Si <em>Botanica Drama<\/em> est favori de notre r\u00e9daction, c\u2019est gr\u00e2ce \u00e0 l\u2019efficacit\u00e9 de sa narration visuelle. D\u2019ordinaire, le sc\u00e9nario peut \u00eatre analys\u00e9 s\u00e9par\u00e9ment du dessin, mais ici les deux sont indissociables. Thom r\u00e9ussit le tour de force de faire comprendre les \u00e9motions et les \u00e9v\u00e9nements sans le moindre mot.","credit_group":{"content":"Akira Oikawa, Actua BD, 3 octobre 2025","link":"https:\/\/www.actuabd.com\/Botanica-Drama-le-conte-sans-mots","is_external_link":true}}],"video_gallery":[{"video_url":"https:\/\/youtu.be\/ZxN3diNtLGA","title":"Botanica Drama \u2013 Thom","video_preview":24197,"video_duration":""}]},"yoast_head":"<!-- This site is optimized with the Yoast SEO plugin v26.9 - https:\/\/yoast.com\/product\/yoast-seo-wordpress\/ -->\n<title>Botanica Drama - \u00c9ditions Pow Pow<\/title>\n<meta name=\"robots\" content=\"index, follow, max-snippet:-1, max-image-preview:large, max-video-preview:-1\" \/>\n<link rel=\"canonical\" href=\"https:\/\/editionspowpow.com\/en\/produits\/botanica-drama-2\/\" \/>\n<meta property=\"og:locale\" content=\"en_US\" \/>\n<meta property=\"og:type\" content=\"article\" \/>\n<meta property=\"og:title\" content=\"Botanica Drama - \u00c9ditions Pow Pow\" \/>\n<meta property=\"og:description\" content=\"Apr\u00e8s s\u2019\u00eatre lev\u00e9 tous les jours depuis des milliards d\u2019ann\u00e9es, le Soleil \u2013 qui a pris une bonne cuite la veille \u2013 en a finalement marre et d\u00e9cide de rester couch\u00e9. La Terre se retrouve alors plong\u00e9e dans la noirceur\u2026 Les emb\u00fbches seront nombreuses pour la fleur Philom\u00e8ne, la Mort et tous les autres. Ils [&hellip;]\" \/>\n<meta property=\"og:url\" content=\"https:\/\/editionspowpow.com\/en\/produits\/botanica-drama-2\/\" \/>\n<meta property=\"og:site_name\" content=\"\u00c9ditions Pow Pow\" \/>\n<meta property=\"article:publisher\" content=\"https:\/\/www.facebook.com\/editionspowpow\" \/>\n<meta property=\"article:modified_time\" content=\"2026-02-09T15:33:33+00:00\" \/>\n<meta property=\"og:image\" content=\"https:\/\/edition-pow-pow-bucket.storage.googleapis.com\/wp-content\/uploads\/2024\/04\/9782925114246-scaled.jpg\" \/>\n\t<meta property=\"og:image:width\" content=\"1939\" \/>\n\t<meta property=\"og:image:height\" content=\"2560\" \/>\n\t<meta property=\"og:image:type\" content=\"image\/jpeg\" \/>\n<meta name=\"twitter:card\" content=\"summary_large_image\" \/>\n<meta name=\"twitter:site\" content=\"@editionspowpow\" \/>\n<meta name=\"twitter:label1\" content=\"Est. reading time\" \/>\n\t<meta name=\"twitter:data1\" content=\"1 minute\" \/>\n<script type=\"application\/ld+json\" class=\"yoast-schema-graph\">{\"@context\":\"https:\/\/schema.org\",\"@graph\":[{\"@type\":\"WebPage\",\"@id\":\"https:\/\/editionspowpow.com\/en\/produits\/botanica-drama-2\/\",\"url\":\"https:\/\/editionspowpow.com\/en\/produits\/botanica-drama-2\/\",\"name\":\"Botanica Drama - \u00c9ditions Pow Pow\",\"isPartOf\":{\"@id\":\"https:\/\/editionspowpow.com\/en\/#website\"},\"primaryImageOfPage\":{\"@id\":\"https:\/\/editionspowpow.com\/en\/produits\/botanica-drama-2\/#primaryimage\"},\"image\":{\"@id\":\"https:\/\/editionspowpow.com\/en\/produits\/botanica-drama-2\/#primaryimage\"},\"thumbnailUrl\":\"https:\/\/edition-pow-pow-bucket.storage.googleapis.com\/wp-content\/uploads\/2024\/04\/9782925114246-scaled.jpg\",\"datePublished\":\"2024-04-24T14:14:19+00:00\",\"dateModified\":\"2026-02-09T15:33:33+00:00\",\"breadcrumb\":{\"@id\":\"https:\/\/editionspowpow.com\/en\/produits\/botanica-drama-2\/#breadcrumb\"},\"inLanguage\":\"en-US\",\"potentialAction\":[{\"@type\":\"ReadAction\",\"target\":[\"https:\/\/editionspowpow.com\/en\/produits\/botanica-drama-2\/\"]}]},{\"@type\":\"ImageObject\",\"inLanguage\":\"en-US\",\"@id\":\"https:\/\/editionspowpow.com\/en\/produits\/botanica-drama-2\/#primaryimage\",\"url\":\"https:\/\/edition-pow-pow-bucket.storage.googleapis.com\/wp-content\/uploads\/2024\/04\/9782925114246-scaled.jpg\",\"contentUrl\":\"https:\/\/edition-pow-pow-bucket.storage.googleapis.com\/wp-content\/uploads\/2024\/04\/9782925114246-scaled.jpg\",\"width\":1454,\"height\":1920},{\"@type\":\"BreadcrumbList\",\"@id\":\"https:\/\/editionspowpow.com\/en\/produits\/botanica-drama-2\/#breadcrumb\",\"itemListElement\":[{\"@type\":\"ListItem\",\"position\":1,\"name\":\"Home\",\"item\":\"https:\/\/editionspowpow.com\/en\/\"},{\"@type\":\"ListItem\",\"position\":2,\"name\":\"Shop\",\"item\":\"https:\/\/editionspowpow.com\/en\/shop\/\"},{\"@type\":\"ListItem\",\"position\":3,\"name\":\"Botanica Drama\"}]},{\"@type\":\"WebSite\",\"@id\":\"https:\/\/editionspowpow.com\/en\/#website\",\"url\":\"https:\/\/editionspowpow.com\/en\/\",\"name\":\"\u00c9ditions Pow Pow\",\"description\":\"\",\"publisher\":{\"@id\":\"https:\/\/editionspowpow.com\/en\/#organization\"},\"potentialAction\":[{\"@type\":\"SearchAction\",\"target\":{\"@type\":\"EntryPoint\",\"urlTemplate\":\"https:\/\/editionspowpow.com\/en\/?s={search_term_string}\"},\"query-input\":{\"@type\":\"PropertyValueSpecification\",\"valueRequired\":true,\"valueName\":\"search_term_string\"}}],\"inLanguage\":\"en-US\"},{\"@type\":\"Organization\",\"@id\":\"https:\/\/editionspowpow.com\/en\/#organization\",\"name\":\"\u00c9ditions Pow Pow\",\"url\":\"https:\/\/editionspowpow.com\/en\/\",\"logo\":{\"@type\":\"ImageObject\",\"inLanguage\":\"en-US\",\"@id\":\"https:\/\/editionspowpow.com\/en\/#\/schema\/logo\/image\/\",\"url\":\"https:\/\/edition-pow-pow-bucket.storage.googleapis.com\/wp-content\/uploads\/2024\/03\/logo_site_pow_pow_VERTICAL.png\",\"contentUrl\":\"https:\/\/edition-pow-pow-bucket.storage.googleapis.com\/wp-content\/uploads\/2024\/03\/logo_site_pow_pow_VERTICAL.png\",\"width\":1600,\"height\":1200,\"caption\":\"\u00c9ditions Pow Pow\"},\"image\":{\"@id\":\"https:\/\/editionspowpow.com\/en\/#\/schema\/logo\/image\/\"},\"sameAs\":[\"https:\/\/www.facebook.com\/editionspowpow\",\"https:\/\/x.com\/editionspowpow\"]}]}<\/script>\n<!-- \/ Yoast SEO plugin. -->","yoast_head_json":{"title":"Botanica Drama - \u00c9ditions Pow Pow","robots":{"index":"index","follow":"follow","max-snippet":"max-snippet:-1","max-image-preview":"max-image-preview:large","max-video-preview":"max-video-preview:-1"},"canonical":"https:\/\/editionspowpow.com\/en\/produits\/botanica-drama-2\/","og_locale":"en_US","og_type":"article","og_title":"Botanica Drama - \u00c9ditions Pow Pow","og_description":"Apr\u00e8s s\u2019\u00eatre lev\u00e9 tous les jours depuis des milliards d\u2019ann\u00e9es, le Soleil \u2013 qui a pris une bonne cuite la veille \u2013 en a finalement marre et d\u00e9cide de rester couch\u00e9. La Terre se retrouve alors plong\u00e9e dans la noirceur\u2026 Les emb\u00fbches seront nombreuses pour la fleur Philom\u00e8ne, la Mort et tous les autres. Ils [&hellip;]","og_url":"https:\/\/editionspowpow.com\/en\/produits\/botanica-drama-2\/","og_site_name":"\u00c9ditions Pow Pow","article_publisher":"https:\/\/www.facebook.com\/editionspowpow","article_modified_time":"2026-02-09T15:33:33+00:00","og_image":[{"width":1939,"height":2560,"url":"https:\/\/edition-pow-pow-bucket.storage.googleapis.com\/wp-content\/uploads\/2024\/04\/9782925114246-scaled.jpg","type":"image\/jpeg"}],"twitter_card":"summary_large_image","twitter_site":"@editionspowpow","twitter_misc":{"Est. reading time":"1 minute"},"schema":{"@context":"https:\/\/schema.org","@graph":[{"@type":"WebPage","@id":"https:\/\/editionspowpow.com\/en\/produits\/botanica-drama-2\/","url":"https:\/\/editionspowpow.com\/en\/produits\/botanica-drama-2\/","name":"Botanica Drama - \u00c9ditions Pow Pow","isPartOf":{"@id":"https:\/\/editionspowpow.com\/en\/#website"},"primaryImageOfPage":{"@id":"https:\/\/editionspowpow.com\/en\/produits\/botanica-drama-2\/#primaryimage"},"image":{"@id":"https:\/\/editionspowpow.com\/en\/produits\/botanica-drama-2\/#primaryimage"},"thumbnailUrl":"https:\/\/edition-pow-pow-bucket.storage.googleapis.com\/wp-content\/uploads\/2024\/04\/9782925114246-scaled.jpg","datePublished":"2024-04-24T14:14:19+00:00","dateModified":"2026-02-09T15:33:33+00:00","breadcrumb":{"@id":"https:\/\/editionspowpow.com\/en\/produits\/botanica-drama-2\/#breadcrumb"},"inLanguage":"en-US","potentialAction":[{"@type":"ReadAction","target":["https:\/\/editionspowpow.com\/en\/produits\/botanica-drama-2\/"]}]},{"@type":"ImageObject","inLanguage":"en-US","@id":"https:\/\/editionspowpow.com\/en\/produits\/botanica-drama-2\/#primaryimage","url":"https:\/\/edition-pow-pow-bucket.storage.googleapis.com\/wp-content\/uploads\/2024\/04\/9782925114246-scaled.jpg","contentUrl":"https:\/\/edition-pow-pow-bucket.storage.googleapis.com\/wp-content\/uploads\/2024\/04\/9782925114246-scaled.jpg","width":1454,"height":1920},{"@type":"BreadcrumbList","@id":"https:\/\/editionspowpow.com\/en\/produits\/botanica-drama-2\/#breadcrumb","itemListElement":[{"@type":"ListItem","position":1,"name":"Home","item":"https:\/\/editionspowpow.com\/en\/"},{"@type":"ListItem","position":2,"name":"Shop","item":"https:\/\/editionspowpow.com\/en\/shop\/"},{"@type":"ListItem","position":3,"name":"Botanica Drama"}]},{"@type":"WebSite","@id":"https:\/\/editionspowpow.com\/en\/#website","url":"https:\/\/editionspowpow.com\/en\/","name":"\u00c9ditions Pow Pow","description":"","publisher":{"@id":"https:\/\/editionspowpow.com\/en\/#organization"},"potentialAction":[{"@type":"SearchAction","target":{"@type":"EntryPoint","urlTemplate":"https:\/\/editionspowpow.com\/en\/?s={search_term_string}"},"query-input":{"@type":"PropertyValueSpecification","valueRequired":true,"valueName":"search_term_string"}}],"inLanguage":"en-US"},{"@type":"Organization","@id":"https:\/\/editionspowpow.com\/en\/#organization","name":"\u00c9ditions Pow Pow","url":"https:\/\/editionspowpow.com\/en\/","logo":{"@type":"ImageObject","inLanguage":"en-US","@id":"https:\/\/editionspowpow.com\/en\/#\/schema\/logo\/image\/","url":"https:\/\/edition-pow-pow-bucket.storage.googleapis.com\/wp-content\/uploads\/2024\/03\/logo_site_pow_pow_VERTICAL.png","contentUrl":"https:\/\/edition-pow-pow-bucket.storage.googleapis.com\/wp-content\/uploads\/2024\/03\/logo_site_pow_pow_VERTICAL.png","width":1600,"height":1200,"caption":"\u00c9ditions Pow Pow"},"image":{"@id":"https:\/\/editionspowpow.com\/en\/#\/schema\/logo\/image\/"},"sameAs":["https:\/\/www.facebook.com\/editionspowpow","https:\/\/x.com\/editionspowpow"]}]}},"_links":{"self":[{"href":"https:\/\/editionspowpow.com\/en\/wp-json\/wp\/v2\/product\/23979","targetHints":{"allow":["GET"]}}],"collection":[{"href":"https:\/\/editionspowpow.com\/en\/wp-json\/wp\/v2\/product"}],"about":[{"href":"https:\/\/editionspowpow.com\/en\/wp-json\/wp\/v2\/types\/product"}],"acf:post":[{"embeddable":true,"href":"https:\/\/editionspowpow.com\/en\/wp-json\/wp\/v2\/product\/22554"}],"wp:featuredmedia":[{"embeddable":true,"href":"https:\/\/editionspowpow.com\/en\/wp-json\/wp\/v2\/media\/22555"}],"wp:attachment":[{"href":"https:\/\/editionspowpow.com\/en\/wp-json\/wp\/v2\/media?parent=23979"}],"wp:term":[{"taxonomy":"product_brand","embeddable":true,"href":"https:\/\/editionspowpow.com\/en\/wp-json\/wp\/v2\/product_brand?post=23979"},{"taxonomy":"product_cat","embeddable":true,"href":"https:\/\/editionspowpow.com\/en\/wp-json\/wp\/v2\/product_cat?post=23979"},{"taxonomy":"product_tag","embeddable":true,"href":"https:\/\/editionspowpow.com\/en\/wp-json\/wp\/v2\/product_tag?post=23979"}],"curies":[{"name":"wp","href":"https:\/\/api.w.org\/{rel}","templated":true}]}}