{"id":24643,"date":"2025-01-13T16:27:40","date_gmt":"2025-01-13T20:27:40","guid":{"rendered":"https:\/\/editionspowpow.com\/?post_type=product&#038;p=24643"},"modified":"2026-02-09T11:33:31","modified_gmt":"2026-02-09T15:33:31","slug":"tsunami","status":"publish","type":"product","link":"https:\/\/editionspowpow.com\/en\/products\/tsunami\/","title":{"rendered":"Tsunami"},"content":{"rendered":"<p>Parfois, vaut mieux se taire que d\u2019avoir raison. L\u2019ent\u00eatement de Peter \u00e0 toujours dire la v\u00e9rit\u00e9 fait de lui la cible favorite des durs de l\u2019\u00e9cole. M\u00eame la nouvelle \u2013\u2009une fille cool qui semble vouloir devenir son amie\u2009\u2013 ne peut rien contre Gus et sa bande. Trop occup\u00e9s \u00e0 se chicaner sans cesse, les parents de Peter ne se rendent pas compte de ce qui se passe dans la vie de leur fils et, insidieusement, il se retrouve aspir\u00e9 par une vague de fond.<\/p>\n<p>Avec <em>Tsunami<\/em>, Ned Wenlock fait le r\u00e9cit d\u2019une adolescence aux le\u00e7ons troubles en explorant avec justesse et cruaut\u00e9 les ambigu\u00eft\u00e9s morales de cet \u00e2ge.<\/p>\n","protected":false},"excerpt":{"rendered":"<p>Parfois, vaut mieux se taire que d\u2019avoir raison. L\u2019ent\u00eatement de Peter \u00e0 toujours dire la v\u00e9rit\u00e9 fait de lui la cible favorite des durs de l\u2019\u00e9cole. M\u00eame la nouvelle \u2013\u2009une fille cool qui semble vouloir devenir son amie\u2009\u2013 ne peut rien contre Gus et sa bande. Trop occup\u00e9s \u00e0 se chicaner sans cesse, les parents [&hellip;]<\/p>\n","protected":false},"featured_media":24580,"template":"","meta":{"_acf_changed":false},"product_brand":[],"product_cat":[271],"product_tag":[262,319,267],"class_list":{"0":"post-24643","1":"product","2":"type-product","3":"status-publish","4":"has-post-thumbnail","6":"wc_square_synced-yes","7":"product_cat-comic","8":"product_tag-action-en","9":"product_tag-recit-dapprentissage-en","10":"product_tag-teenage","12":"first","13":"instock","14":"taxable","15":"shipping-taxable","16":"purchasable","17":"product-type-simple"},"acf":{"language":"fr","other_language_products":[24816],"authors":[{"author_title":24576,"is_custom_job_title":false,"job_titles":[]},{"author_title":22306,"is_custom_job_title":true,"job_titles":[179]}],"total_pages":282,"isbn":"978-2-925114-41-3","release_date":"20250225","other_release_dates":[{"date":null,"country":""}],"has_product_excerpt":true,"button_excerpt_position":"left","accent_color":"#F9DD4B","awards":[{"content":"Best First Book Award des New Zealand Book Awards for Children &amp; Young Adults"}],"comments":[{"content":"Ned Wenlock, dont c\u2019est le premier livre, tire un r\u00e9cit tr\u00e8s troublant d\u2019une pr\u00e9misse mille fois lue. Le drame qu\u2019il raconte est renforc\u00e9 par une \u00e9conomie de mot (les dialogues sont directs, peu bavards) et un dessin tr\u00e8s simple sans \u00eatre enfantin. Ce <em>Tsunami<\/em> est puissant.","credit_group":{"content":"Alexandre Vigneault, La Presse, 16 mars 2025","link":"https:\/\/www.lapresse.ca\/arts\/litterature\/2025-03-16\/ce-que-la-presse-en-pense\/nos-critiques-de-bandes-dessinees-d-ici-et-d-ailleurs.php","is_external_link":true}},{"content":"Cette \u0153uvre interroge notre rapport \u00e0 la justice avec la brutalit\u00e9 inattendue d'un tsunami, le tout livr\u00e9 par le truchement d'un graphisme d'une redoutable efficacit\u00e9 et d'une traduction sans faille d'Alexandre Fontaine Rousseau.","credit_group":{"content":"Jean-Dominic Leduc, Le Journal de Montr\u00e9al, 10 mai 2025","link":"","is_external_link":true}},{"content":"C'est un livre qui est vraiment prenant.","credit_group":{"content":"Dany Arsenault, Au coeur du monde (Radio-Canada), 5 mars 2025","link":"https:\/\/ici.radio-canada.ca\/ohdio\/premiere\/emissions\/au-coeur-du-monde\/segments\/rattrapage\/2010427\/chronique-bd-avec-dany-arsenault","is_external_link":true}},{"content":"Quel coup de coeur!","credit_group":{"content":"L'avaleur de livres, 23 mars 2025","link":"https:\/\/www.facebook.com\/watch\/?extid=CL-UNK-UNK-UNK-IOS_GK0T-GK1C&v=2287693901615040","is_external_link":true}},{"content":"Le dessin et le d\u00e9coupage sont notamment tr\u00e8s r\u00e9ussis et s\u2019accordent particuli\u00e8rement bien pour installer une ambiance sp\u00e9ciale qui donne tout son sel \u00e0 cet album.","credit_group":{"content":"Actualitt\u00e9, Jean-Charles Andrieu de Levis, 17 juillet 2025","link":"https:\/\/actualitte.com\/article\/124977\/chroniques\/un-recit-d-adolescence-qui-deferle-sur-le-lecteur","is_external_link":true}},{"content":"La tension est palpable tout au long des 282 pages. Un engrenage lent et insidieux. Le dessin du britannique est redoutablement efficace. Lisible et tr\u00e8s ligne claire, il est au service de ce r\u00e9cit poignant.","credit_group":{"content":"Damien Canteau, Comixtrip, septembre 2025","link":"https:\/\/www.comixtrip.fr\/bibliotheque\/tsunami-wenlock-pow-pow\/","is_external_link":true}},{"content":"Ned Wenlock tisse un r\u00e9cit prenant sur l'adolescence, restituant avec beaucoup de justesse les tourments et les ambigu\u00eft\u00e9s de cet \u00e2ge si particulier de la vie. Une belle d\u00e9couverte.","credit_group":{"content":"Canal BD, ao\u00fbt 2025","link":"","is_external_link":false}},{"content":"Destin\u00e9e aussi bien aux adultes qu\u2019aux lecteurs plus jeunes, la BD ne retient pas ses coups lorsqu\u2019elle aborde la question des violences verbales, physiques ou morales. Mais, aid\u00e9 par une \u00e9conomie de mots (les dialogues sont directs, concis, et certaines sc\u00e8nes sont presque enti\u00e8rement muettes, \u00e0 l\u2019instar d\u2019un avant-dernier acte saisissant) et une belle ma\u00eetrise de l\u2019art de l\u2019ellipse et du non-dit, Ned Wenlock s\u2019appuie sur le r\u00e9alisme des situations pour en tirer une repr\u00e9sentation touchante, voire po\u00e9tique.","credit_group":{"content":"Valentin Maniglia, Le Quotidien ","link":"https:\/\/lequotidien.lu\/culture\/bande-dessinee-tsunami-un-ouragan-de-sentiments\/","is_external_link":true}},{"content":"<em>Tsunami<\/em> est une bande dessin\u00e9e prenante, d\u00e9stabilisante, comme un livre dont vous \u00eates le h\u00e9ros avec seulement les mauvais choix. Cette histoire bien \u00e9crite dans ses silences, avec sa fin tragiquement ouverte, cr\u00e9e une v\u00e9ritable d\u00e9ferlante d'\u00e9motion, un tsunami qui nous laisse ravag\u00e9-es.","credit_group":{"content":"Fran\u00e7ois D\u00e9saulniers, Sabord, no. 131, octobre 2025","link":"","is_external_link":false}},{"content":"<em>Tsunami<\/em> est une vraie vague qui vous heurte en plein ventre et vous laisse le souffle coup\u00e9.","credit_group":{"content":"Akira Oikawa, Actua BD, 29 ao\u00fbt 2025","link":"https:\/\/www.actuabd.com\/Tsunami-se-noyer-dans-l-adolescence","is_external_link":true}}],"video_gallery":null},"yoast_head":"<!-- This site is optimized with the Yoast SEO plugin v26.9 - https:\/\/yoast.com\/product\/yoast-seo-wordpress\/ -->\n<title>Tsunami - \u00c9ditions Pow Pow<\/title>\n<meta name=\"robots\" content=\"index, follow, max-snippet:-1, max-image-preview:large, max-video-preview:-1\" \/>\n<link rel=\"canonical\" href=\"https:\/\/editionspowpow.com\/en\/products\/tsunami\/\" \/>\n<meta property=\"og:locale\" content=\"en_US\" \/>\n<meta property=\"og:type\" content=\"article\" \/>\n<meta property=\"og:title\" content=\"Tsunami - \u00c9ditions Pow Pow\" \/>\n<meta property=\"og:description\" content=\"Parfois, vaut mieux se taire que d\u2019avoir raison. L\u2019ent\u00eatement de Peter \u00e0 toujours dire la v\u00e9rit\u00e9 fait de lui la cible favorite des durs de l\u2019\u00e9cole. M\u00eame la nouvelle \u2013\u2009une fille cool qui semble vouloir devenir son amie\u2009\u2013 ne peut rien contre Gus et sa bande. Trop occup\u00e9s \u00e0 se chicaner sans cesse, les parents [&hellip;]\" \/>\n<meta property=\"og:url\" content=\"https:\/\/editionspowpow.com\/en\/products\/tsunami\/\" \/>\n<meta property=\"og:site_name\" content=\"\u00c9ditions Pow Pow\" \/>\n<meta property=\"article:publisher\" content=\"https:\/\/www.facebook.com\/editionspowpow\" \/>\n<meta property=\"article:modified_time\" content=\"2026-02-09T15:33:31+00:00\" \/>\n<meta property=\"og:image\" content=\"https:\/\/edition-pow-pow-bucket.storage.googleapis.com\/wp-content\/uploads\/2025\/01\/POW_couverture_tsunami_RGB.jpg\" \/>\n\t<meta property=\"og:image:width\" content=\"900\" \/>\n\t<meta property=\"og:image:height\" content=\"1188\" \/>\n\t<meta property=\"og:image:type\" content=\"image\/jpeg\" \/>\n<meta name=\"twitter:card\" content=\"summary_large_image\" \/>\n<meta name=\"twitter:site\" content=\"@editionspowpow\" \/>\n<meta name=\"twitter:label1\" content=\"Est. reading time\" \/>\n\t<meta name=\"twitter:data1\" content=\"1 minute\" \/>\n<script type=\"application\/ld+json\" class=\"yoast-schema-graph\">{\"@context\":\"https:\/\/schema.org\",\"@graph\":[{\"@type\":\"WebPage\",\"@id\":\"https:\/\/editionspowpow.com\/en\/products\/tsunami\/\",\"url\":\"https:\/\/editionspowpow.com\/en\/products\/tsunami\/\",\"name\":\"Tsunami - \u00c9ditions Pow Pow\",\"isPartOf\":{\"@id\":\"https:\/\/editionspowpow.com\/en\/#website\"},\"primaryImageOfPage\":{\"@id\":\"https:\/\/editionspowpow.com\/en\/products\/tsunami\/#primaryimage\"},\"image\":{\"@id\":\"https:\/\/editionspowpow.com\/en\/products\/tsunami\/#primaryimage\"},\"thumbnailUrl\":\"https:\/\/edition-pow-pow-bucket.storage.googleapis.com\/wp-content\/uploads\/2025\/01\/POW_couverture_tsunami_RGB.jpg\",\"datePublished\":\"2025-01-13T20:27:40+00:00\",\"dateModified\":\"2026-02-09T15:33:31+00:00\",\"breadcrumb\":{\"@id\":\"https:\/\/editionspowpow.com\/en\/products\/tsunami\/#breadcrumb\"},\"inLanguage\":\"en-US\",\"potentialAction\":[{\"@type\":\"ReadAction\",\"target\":[\"https:\/\/editionspowpow.com\/en\/products\/tsunami\/\"]}]},{\"@type\":\"ImageObject\",\"inLanguage\":\"en-US\",\"@id\":\"https:\/\/editionspowpow.com\/en\/products\/tsunami\/#primaryimage\",\"url\":\"https:\/\/edition-pow-pow-bucket.storage.googleapis.com\/wp-content\/uploads\/2025\/01\/POW_couverture_tsunami_RGB.jpg\",\"contentUrl\":\"https:\/\/edition-pow-pow-bucket.storage.googleapis.com\/wp-content\/uploads\/2025\/01\/POW_couverture_tsunami_RGB.jpg\",\"width\":900,\"height\":1188},{\"@type\":\"BreadcrumbList\",\"@id\":\"https:\/\/editionspowpow.com\/en\/products\/tsunami\/#breadcrumb\",\"itemListElement\":[{\"@type\":\"ListItem\",\"position\":1,\"name\":\"Home\",\"item\":\"https:\/\/editionspowpow.com\/en\/\"},{\"@type\":\"ListItem\",\"position\":2,\"name\":\"Shop\",\"item\":\"https:\/\/editionspowpow.com\/en\/shop\/\"},{\"@type\":\"ListItem\",\"position\":3,\"name\":\"Tsunami\"}]},{\"@type\":\"WebSite\",\"@id\":\"https:\/\/editionspowpow.com\/en\/#website\",\"url\":\"https:\/\/editionspowpow.com\/en\/\",\"name\":\"\u00c9ditions Pow Pow\",\"description\":\"\",\"publisher\":{\"@id\":\"https:\/\/editionspowpow.com\/en\/#organization\"},\"potentialAction\":[{\"@type\":\"SearchAction\",\"target\":{\"@type\":\"EntryPoint\",\"urlTemplate\":\"https:\/\/editionspowpow.com\/en\/?s={search_term_string}\"},\"query-input\":{\"@type\":\"PropertyValueSpecification\",\"valueRequired\":true,\"valueName\":\"search_term_string\"}}],\"inLanguage\":\"en-US\"},{\"@type\":\"Organization\",\"@id\":\"https:\/\/editionspowpow.com\/en\/#organization\",\"name\":\"\u00c9ditions Pow Pow\",\"url\":\"https:\/\/editionspowpow.com\/en\/\",\"logo\":{\"@type\":\"ImageObject\",\"inLanguage\":\"en-US\",\"@id\":\"https:\/\/editionspowpow.com\/en\/#\/schema\/logo\/image\/\",\"url\":\"https:\/\/edition-pow-pow-bucket.storage.googleapis.com\/wp-content\/uploads\/2024\/03\/logo_site_pow_pow_VERTICAL.png\",\"contentUrl\":\"https:\/\/edition-pow-pow-bucket.storage.googleapis.com\/wp-content\/uploads\/2024\/03\/logo_site_pow_pow_VERTICAL.png\",\"width\":1600,\"height\":1200,\"caption\":\"\u00c9ditions Pow Pow\"},\"image\":{\"@id\":\"https:\/\/editionspowpow.com\/en\/#\/schema\/logo\/image\/\"},\"sameAs\":[\"https:\/\/www.facebook.com\/editionspowpow\",\"https:\/\/x.com\/editionspowpow\"]}]}<\/script>\n<!-- \/ Yoast SEO plugin. -->","yoast_head_json":{"title":"Tsunami - \u00c9ditions Pow Pow","robots":{"index":"index","follow":"follow","max-snippet":"max-snippet:-1","max-image-preview":"max-image-preview:large","max-video-preview":"max-video-preview:-1"},"canonical":"https:\/\/editionspowpow.com\/en\/products\/tsunami\/","og_locale":"en_US","og_type":"article","og_title":"Tsunami - \u00c9ditions Pow Pow","og_description":"Parfois, vaut mieux se taire que d\u2019avoir raison. L\u2019ent\u00eatement de Peter \u00e0 toujours dire la v\u00e9rit\u00e9 fait de lui la cible favorite des durs de l\u2019\u00e9cole. M\u00eame la nouvelle \u2013\u2009une fille cool qui semble vouloir devenir son amie\u2009\u2013 ne peut rien contre Gus et sa bande. Trop occup\u00e9s \u00e0 se chicaner sans cesse, les parents [&hellip;]","og_url":"https:\/\/editionspowpow.com\/en\/products\/tsunami\/","og_site_name":"\u00c9ditions Pow Pow","article_publisher":"https:\/\/www.facebook.com\/editionspowpow","article_modified_time":"2026-02-09T15:33:31+00:00","og_image":[{"width":900,"height":1188,"url":"https:\/\/edition-pow-pow-bucket.storage.googleapis.com\/wp-content\/uploads\/2025\/01\/POW_couverture_tsunami_RGB.jpg","type":"image\/jpeg"}],"twitter_card":"summary_large_image","twitter_site":"@editionspowpow","twitter_misc":{"Est. reading time":"1 minute"},"schema":{"@context":"https:\/\/schema.org","@graph":[{"@type":"WebPage","@id":"https:\/\/editionspowpow.com\/en\/products\/tsunami\/","url":"https:\/\/editionspowpow.com\/en\/products\/tsunami\/","name":"Tsunami - \u00c9ditions Pow Pow","isPartOf":{"@id":"https:\/\/editionspowpow.com\/en\/#website"},"primaryImageOfPage":{"@id":"https:\/\/editionspowpow.com\/en\/products\/tsunami\/#primaryimage"},"image":{"@id":"https:\/\/editionspowpow.com\/en\/products\/tsunami\/#primaryimage"},"thumbnailUrl":"https:\/\/edition-pow-pow-bucket.storage.googleapis.com\/wp-content\/uploads\/2025\/01\/POW_couverture_tsunami_RGB.jpg","datePublished":"2025-01-13T20:27:40+00:00","dateModified":"2026-02-09T15:33:31+00:00","breadcrumb":{"@id":"https:\/\/editionspowpow.com\/en\/products\/tsunami\/#breadcrumb"},"inLanguage":"en-US","potentialAction":[{"@type":"ReadAction","target":["https:\/\/editionspowpow.com\/en\/products\/tsunami\/"]}]},{"@type":"ImageObject","inLanguage":"en-US","@id":"https:\/\/editionspowpow.com\/en\/products\/tsunami\/#primaryimage","url":"https:\/\/edition-pow-pow-bucket.storage.googleapis.com\/wp-content\/uploads\/2025\/01\/POW_couverture_tsunami_RGB.jpg","contentUrl":"https:\/\/edition-pow-pow-bucket.storage.googleapis.com\/wp-content\/uploads\/2025\/01\/POW_couverture_tsunami_RGB.jpg","width":900,"height":1188},{"@type":"BreadcrumbList","@id":"https:\/\/editionspowpow.com\/en\/products\/tsunami\/#breadcrumb","itemListElement":[{"@type":"ListItem","position":1,"name":"Home","item":"https:\/\/editionspowpow.com\/en\/"},{"@type":"ListItem","position":2,"name":"Shop","item":"https:\/\/editionspowpow.com\/en\/shop\/"},{"@type":"ListItem","position":3,"name":"Tsunami"}]},{"@type":"WebSite","@id":"https:\/\/editionspowpow.com\/en\/#website","url":"https:\/\/editionspowpow.com\/en\/","name":"\u00c9ditions Pow Pow","description":"","publisher":{"@id":"https:\/\/editionspowpow.com\/en\/#organization"},"potentialAction":[{"@type":"SearchAction","target":{"@type":"EntryPoint","urlTemplate":"https:\/\/editionspowpow.com\/en\/?s={search_term_string}"},"query-input":{"@type":"PropertyValueSpecification","valueRequired":true,"valueName":"search_term_string"}}],"inLanguage":"en-US"},{"@type":"Organization","@id":"https:\/\/editionspowpow.com\/en\/#organization","name":"\u00c9ditions Pow Pow","url":"https:\/\/editionspowpow.com\/en\/","logo":{"@type":"ImageObject","inLanguage":"en-US","@id":"https:\/\/editionspowpow.com\/en\/#\/schema\/logo\/image\/","url":"https:\/\/edition-pow-pow-bucket.storage.googleapis.com\/wp-content\/uploads\/2024\/03\/logo_site_pow_pow_VERTICAL.png","contentUrl":"https:\/\/edition-pow-pow-bucket.storage.googleapis.com\/wp-content\/uploads\/2024\/03\/logo_site_pow_pow_VERTICAL.png","width":1600,"height":1200,"caption":"\u00c9ditions Pow Pow"},"image":{"@id":"https:\/\/editionspowpow.com\/en\/#\/schema\/logo\/image\/"},"sameAs":["https:\/\/www.facebook.com\/editionspowpow","https:\/\/x.com\/editionspowpow"]}]}},"_links":{"self":[{"href":"https:\/\/editionspowpow.com\/en\/wp-json\/wp\/v2\/product\/24643","targetHints":{"allow":["GET"]}}],"collection":[{"href":"https:\/\/editionspowpow.com\/en\/wp-json\/wp\/v2\/product"}],"about":[{"href":"https:\/\/editionspowpow.com\/en\/wp-json\/wp\/v2\/types\/product"}],"acf:post":[{"embeddable":true,"href":"https:\/\/editionspowpow.com\/en\/wp-json\/wp\/v2\/product\/24816"}],"wp:featuredmedia":[{"embeddable":true,"href":"https:\/\/editionspowpow.com\/en\/wp-json\/wp\/v2\/media\/24580"}],"wp:attachment":[{"href":"https:\/\/editionspowpow.com\/en\/wp-json\/wp\/v2\/media?parent=24643"}],"wp:term":[{"taxonomy":"product_brand","embeddable":true,"href":"https:\/\/editionspowpow.com\/en\/wp-json\/wp\/v2\/product_brand?post=24643"},{"taxonomy":"product_cat","embeddable":true,"href":"https:\/\/editionspowpow.com\/en\/wp-json\/wp\/v2\/product_cat?post=24643"},{"taxonomy":"product_tag","embeddable":true,"href":"https:\/\/editionspowpow.com\/en\/wp-json\/wp\/v2\/product_tag?post=24643"}],"curies":[{"name":"wp","href":"https:\/\/api.w.org\/{rel}","templated":true}]}}