{"id":25992,"date":"2026-02-11T13:47:44","date_gmt":"2026-02-11T17:47:44","guid":{"rendered":"https:\/\/editionspowpow.com\/boutique\/fausse-balle\/"},"modified":"2026-04-14T14:02:52","modified_gmt":"2026-04-14T18:02:52","slug":"fausse-balle","status":"publish","type":"product","link":"https:\/\/editionspowpow.com\/en\/products\/fausse-balle\/","title":{"rendered":"Fausse balle"},"content":{"rendered":"<p>Retrouvez Pascal Girard dans de nouvelles m\u00e9saventures! Peu importe o\u00f9 il se trouve \u2013 qu\u2019il soit sur un terrain de baseball avec sa fille, au boulot en compagnie de ses coll\u00e8gues ou \u00e0 la maison aupr\u00e8s de sa blonde \u2013, les situations cocasses se multiplient.<\/p>\n<p>Avec <em>Fausse balle<\/em>, l\u2019auteur prouve qu\u2019il est le Gary Carter du strip: il n\u2019en \u00e9chappe pas une.<\/p>\n","protected":false},"excerpt":{"rendered":"<p>Retrouvez Pascal Girard dans de nouvelles m\u00e9saventures! Peu importe o\u00f9 il se trouve \u2013 qu\u2019il soit sur un terrain de baseball avec sa fille, au boulot en compagnie de ses coll\u00e8gues ou \u00e0 la maison aupr\u00e8s de sa blonde \u2013, les situations cocasses se multiplient. Avec Fausse balle, l\u2019auteur prouve qu\u2019il est le Gary Carter [&hellip;]<\/p>\n","protected":false},"featured_media":25990,"template":"","meta":{"_acf_changed":false},"product_brand":[],"product_cat":[271],"product_tag":[314,315,316],"class_list":{"0":"post-25992","1":"product","2":"type-product","3":"status-publish","4":"has-post-thumbnail","6":"wc_square_synced-yes","7":"product_cat-comic","8":"product_tag-humour-parodique-en","9":"product_tag-humour-rocambolesque-en","10":"product_tag-quotidien-en","12":"first","13":"instock","14":"taxable","15":"shipping-taxable","16":"purchasable","17":"product-type-simple"},"acf":{"language":"fr","other_language_products":"","authors":[{"author_title":22331,"is_custom_job_title":false,"job_titles":[]}],"total_pages":144,"isbn":"978-2-925114-68-0","release_date":"20260407","other_release_dates":null,"has_product_excerpt":true,"button_excerpt_position":"left","accent_color":"#F9DD4B","awards":null,"comments":[{"content":"En ces temps de catastrophes, un peu de rel\u00e2chement nerveux n\u2019est pas de refus. C\u2019est ce que produit ce deuxi\u00e8me recueil de planches de l\u2019auteur, o\u00f9 l\u2019on suit les aventures insolites de son alter ego un peu na\u00eff. Avec son trait f\u00e9brile qui ajoute au comique, Pascal Girard pr\u00e9sente des sayn\u00e8tes sur divers sujets du quotidien, de ses id\u00e9es loufoques \u00e0 ses discussions improbables. Bien souvent, on se retrouve entre l\u2019hilarit\u00e9 et le malaise \u2014 mention sp\u00e9ciale \u00e0 l\u2019histoire de l\u2019ost\u00e9opathe, dont on rit encore.","credit_group":{"content":"Genevi\u00e8ve Tremblay, L'actualit\u00e9, 8 avril 2026","link":"https:\/\/lactualite.com\/temps-libre\/culture\/6-lectures-incontournables-pour-avril-2026\/","is_external_link":true}},{"content":"Roi de l\u2019observation, Girard se met en sc\u00e8ne sous toutes ses coutures, et pas toujours les plus glorieuses, avec un sens de l\u2019autod\u00e9rision qui le rend encore plus authentique, sympathique et attachant.","credit_group":{"content":"Robert Laplante, C'est du livre et du bon","link":"https:\/\/chrisrodrigue.blogspot.com\/2026\/03\/salauds-de-baby-boomers-on-nacheve-pas.html?spref=fb&fbclid=IwY2xjawQ3syNleHRuA2FlbQIxMQBicmlkETFUSE8zOFQ1S3pqYUpIQzZrc3J0YwZhcHBfaWQQMjIyMDM5MTc4ODIwMDg5MgABHt2iPknY34dgeP1oFuxF3yWr8z-7wBz6NFaf2o9yKJs4qvbdzTcUHKvh6gs4_aem_KUMPNM-m1Glvg0vZAn0DSQ","is_external_link":true}}],"video_gallery":null},"yoast_head":"<!-- This site is optimized with the Yoast SEO plugin v26.9 - https:\/\/yoast.com\/product\/yoast-seo-wordpress\/ -->\n<title>Fausse balle - \u00c9ditions Pow Pow<\/title>\n<meta name=\"robots\" content=\"index, follow, max-snippet:-1, max-image-preview:large, max-video-preview:-1\" \/>\n<link rel=\"canonical\" href=\"https:\/\/editionspowpow.com\/en\/products\/fausse-balle\/\" \/>\n<meta property=\"og:locale\" content=\"en_US\" \/>\n<meta property=\"og:type\" content=\"article\" \/>\n<meta property=\"og:title\" content=\"Fausse balle - \u00c9ditions Pow Pow\" \/>\n<meta property=\"og:description\" content=\"Retrouvez Pascal Girard dans de nouvelles m\u00e9saventures! Peu importe o\u00f9 il se trouve \u2013 qu\u2019il soit sur un terrain de baseball avec sa fille, au boulot en compagnie de ses coll\u00e8gues ou \u00e0 la maison aupr\u00e8s de sa blonde \u2013, les situations cocasses se multiplient. Avec Fausse balle, l\u2019auteur prouve qu\u2019il est le Gary Carter [&hellip;]\" \/>\n<meta property=\"og:url\" content=\"https:\/\/editionspowpow.com\/en\/products\/fausse-balle\/\" \/>\n<meta property=\"og:site_name\" content=\"\u00c9ditions Pow Pow\" \/>\n<meta property=\"article:publisher\" content=\"https:\/\/www.facebook.com\/editionspowpow\" \/>\n<meta property=\"article:modified_time\" content=\"2026-04-14T18:02:52+00:00\" \/>\n<meta property=\"og:image\" content=\"https:\/\/edition-pow-pow-bucket.storage.googleapis.com\/wp-content\/uploads\/2026\/02\/POW_couverture_fausse_balle_RVB-150dpi.jpg\" \/>\n\t<meta property=\"og:image:width\" content=\"938\" \/>\n\t<meta property=\"og:image:height\" content=\"1295\" \/>\n\t<meta property=\"og:image:type\" content=\"image\/jpeg\" \/>\n<meta name=\"twitter:card\" content=\"summary_large_image\" \/>\n<meta name=\"twitter:site\" content=\"@editionspowpow\" \/>\n<meta name=\"twitter:label1\" content=\"Est. reading time\" \/>\n\t<meta name=\"twitter:data1\" content=\"1 minute\" \/>\n<script type=\"application\/ld+json\" class=\"yoast-schema-graph\">{\"@context\":\"https:\/\/schema.org\",\"@graph\":[{\"@type\":\"WebPage\",\"@id\":\"https:\/\/editionspowpow.com\/en\/products\/fausse-balle\/\",\"url\":\"https:\/\/editionspowpow.com\/en\/products\/fausse-balle\/\",\"name\":\"Fausse balle - \u00c9ditions Pow Pow\",\"isPartOf\":{\"@id\":\"https:\/\/editionspowpow.com\/en\/#website\"},\"primaryImageOfPage\":{\"@id\":\"https:\/\/editionspowpow.com\/en\/products\/fausse-balle\/#primaryimage\"},\"image\":{\"@id\":\"https:\/\/editionspowpow.com\/en\/products\/fausse-balle\/#primaryimage\"},\"thumbnailUrl\":\"https:\/\/edition-pow-pow-bucket.storage.googleapis.com\/wp-content\/uploads\/2026\/02\/POW_couverture_fausse_balle_RVB-150dpi.jpg\",\"datePublished\":\"2026-02-11T17:47:44+00:00\",\"dateModified\":\"2026-04-14T18:02:52+00:00\",\"breadcrumb\":{\"@id\":\"https:\/\/editionspowpow.com\/en\/products\/fausse-balle\/#breadcrumb\"},\"inLanguage\":\"en-US\",\"potentialAction\":[{\"@type\":\"ReadAction\",\"target\":[\"https:\/\/editionspowpow.com\/en\/products\/fausse-balle\/\"]}]},{\"@type\":\"ImageObject\",\"inLanguage\":\"en-US\",\"@id\":\"https:\/\/editionspowpow.com\/en\/products\/fausse-balle\/#primaryimage\",\"url\":\"https:\/\/edition-pow-pow-bucket.storage.googleapis.com\/wp-content\/uploads\/2026\/02\/POW_couverture_fausse_balle_RVB-150dpi.jpg\",\"contentUrl\":\"https:\/\/edition-pow-pow-bucket.storage.googleapis.com\/wp-content\/uploads\/2026\/02\/POW_couverture_fausse_balle_RVB-150dpi.jpg\",\"width\":938,\"height\":1295},{\"@type\":\"BreadcrumbList\",\"@id\":\"https:\/\/editionspowpow.com\/en\/products\/fausse-balle\/#breadcrumb\",\"itemListElement\":[{\"@type\":\"ListItem\",\"position\":1,\"name\":\"Home\",\"item\":\"https:\/\/editionspowpow.com\/en\/\"},{\"@type\":\"ListItem\",\"position\":2,\"name\":\"Shop\",\"item\":\"https:\/\/editionspowpow.com\/en\/shop\/\"},{\"@type\":\"ListItem\",\"position\":3,\"name\":\"Fausse balle\"}]},{\"@type\":\"WebSite\",\"@id\":\"https:\/\/editionspowpow.com\/en\/#website\",\"url\":\"https:\/\/editionspowpow.com\/en\/\",\"name\":\"\u00c9ditions Pow Pow\",\"description\":\"\",\"publisher\":{\"@id\":\"https:\/\/editionspowpow.com\/en\/#organization\"},\"potentialAction\":[{\"@type\":\"SearchAction\",\"target\":{\"@type\":\"EntryPoint\",\"urlTemplate\":\"https:\/\/editionspowpow.com\/en\/?s={search_term_string}\"},\"query-input\":{\"@type\":\"PropertyValueSpecification\",\"valueRequired\":true,\"valueName\":\"search_term_string\"}}],\"inLanguage\":\"en-US\"},{\"@type\":\"Organization\",\"@id\":\"https:\/\/editionspowpow.com\/en\/#organization\",\"name\":\"\u00c9ditions Pow Pow\",\"url\":\"https:\/\/editionspowpow.com\/en\/\",\"logo\":{\"@type\":\"ImageObject\",\"inLanguage\":\"en-US\",\"@id\":\"https:\/\/editionspowpow.com\/en\/#\/schema\/logo\/image\/\",\"url\":\"https:\/\/edition-pow-pow-bucket.storage.googleapis.com\/wp-content\/uploads\/2024\/03\/logo_site_pow_pow_VERTICAL.png\",\"contentUrl\":\"https:\/\/edition-pow-pow-bucket.storage.googleapis.com\/wp-content\/uploads\/2024\/03\/logo_site_pow_pow_VERTICAL.png\",\"width\":1600,\"height\":1200,\"caption\":\"\u00c9ditions Pow Pow\"},\"image\":{\"@id\":\"https:\/\/editionspowpow.com\/en\/#\/schema\/logo\/image\/\"},\"sameAs\":[\"https:\/\/www.facebook.com\/editionspowpow\",\"https:\/\/x.com\/editionspowpow\"]}]}<\/script>\n<!-- \/ Yoast SEO plugin. -->","yoast_head_json":{"title":"Fausse balle - \u00c9ditions Pow Pow","robots":{"index":"index","follow":"follow","max-snippet":"max-snippet:-1","max-image-preview":"max-image-preview:large","max-video-preview":"max-video-preview:-1"},"canonical":"https:\/\/editionspowpow.com\/en\/products\/fausse-balle\/","og_locale":"en_US","og_type":"article","og_title":"Fausse balle - \u00c9ditions Pow Pow","og_description":"Retrouvez Pascal Girard dans de nouvelles m\u00e9saventures! Peu importe o\u00f9 il se trouve \u2013 qu\u2019il soit sur un terrain de baseball avec sa fille, au boulot en compagnie de ses coll\u00e8gues ou \u00e0 la maison aupr\u00e8s de sa blonde \u2013, les situations cocasses se multiplient. Avec Fausse balle, l\u2019auteur prouve qu\u2019il est le Gary Carter [&hellip;]","og_url":"https:\/\/editionspowpow.com\/en\/products\/fausse-balle\/","og_site_name":"\u00c9ditions Pow Pow","article_publisher":"https:\/\/www.facebook.com\/editionspowpow","article_modified_time":"2026-04-14T18:02:52+00:00","og_image":[{"width":938,"height":1295,"url":"https:\/\/edition-pow-pow-bucket.storage.googleapis.com\/wp-content\/uploads\/2026\/02\/POW_couverture_fausse_balle_RVB-150dpi.jpg","type":"image\/jpeg"}],"twitter_card":"summary_large_image","twitter_site":"@editionspowpow","twitter_misc":{"Est. reading time":"1 minute"},"schema":{"@context":"https:\/\/schema.org","@graph":[{"@type":"WebPage","@id":"https:\/\/editionspowpow.com\/en\/products\/fausse-balle\/","url":"https:\/\/editionspowpow.com\/en\/products\/fausse-balle\/","name":"Fausse balle - \u00c9ditions Pow Pow","isPartOf":{"@id":"https:\/\/editionspowpow.com\/en\/#website"},"primaryImageOfPage":{"@id":"https:\/\/editionspowpow.com\/en\/products\/fausse-balle\/#primaryimage"},"image":{"@id":"https:\/\/editionspowpow.com\/en\/products\/fausse-balle\/#primaryimage"},"thumbnailUrl":"https:\/\/edition-pow-pow-bucket.storage.googleapis.com\/wp-content\/uploads\/2026\/02\/POW_couverture_fausse_balle_RVB-150dpi.jpg","datePublished":"2026-02-11T17:47:44+00:00","dateModified":"2026-04-14T18:02:52+00:00","breadcrumb":{"@id":"https:\/\/editionspowpow.com\/en\/products\/fausse-balle\/#breadcrumb"},"inLanguage":"en-US","potentialAction":[{"@type":"ReadAction","target":["https:\/\/editionspowpow.com\/en\/products\/fausse-balle\/"]}]},{"@type":"ImageObject","inLanguage":"en-US","@id":"https:\/\/editionspowpow.com\/en\/products\/fausse-balle\/#primaryimage","url":"https:\/\/edition-pow-pow-bucket.storage.googleapis.com\/wp-content\/uploads\/2026\/02\/POW_couverture_fausse_balle_RVB-150dpi.jpg","contentUrl":"https:\/\/edition-pow-pow-bucket.storage.googleapis.com\/wp-content\/uploads\/2026\/02\/POW_couverture_fausse_balle_RVB-150dpi.jpg","width":938,"height":1295},{"@type":"BreadcrumbList","@id":"https:\/\/editionspowpow.com\/en\/products\/fausse-balle\/#breadcrumb","itemListElement":[{"@type":"ListItem","position":1,"name":"Home","item":"https:\/\/editionspowpow.com\/en\/"},{"@type":"ListItem","position":2,"name":"Shop","item":"https:\/\/editionspowpow.com\/en\/shop\/"},{"@type":"ListItem","position":3,"name":"Fausse balle"}]},{"@type":"WebSite","@id":"https:\/\/editionspowpow.com\/en\/#website","url":"https:\/\/editionspowpow.com\/en\/","name":"\u00c9ditions Pow Pow","description":"","publisher":{"@id":"https:\/\/editionspowpow.com\/en\/#organization"},"potentialAction":[{"@type":"SearchAction","target":{"@type":"EntryPoint","urlTemplate":"https:\/\/editionspowpow.com\/en\/?s={search_term_string}"},"query-input":{"@type":"PropertyValueSpecification","valueRequired":true,"valueName":"search_term_string"}}],"inLanguage":"en-US"},{"@type":"Organization","@id":"https:\/\/editionspowpow.com\/en\/#organization","name":"\u00c9ditions Pow Pow","url":"https:\/\/editionspowpow.com\/en\/","logo":{"@type":"ImageObject","inLanguage":"en-US","@id":"https:\/\/editionspowpow.com\/en\/#\/schema\/logo\/image\/","url":"https:\/\/edition-pow-pow-bucket.storage.googleapis.com\/wp-content\/uploads\/2024\/03\/logo_site_pow_pow_VERTICAL.png","contentUrl":"https:\/\/edition-pow-pow-bucket.storage.googleapis.com\/wp-content\/uploads\/2024\/03\/logo_site_pow_pow_VERTICAL.png","width":1600,"height":1200,"caption":"\u00c9ditions Pow Pow"},"image":{"@id":"https:\/\/editionspowpow.com\/en\/#\/schema\/logo\/image\/"},"sameAs":["https:\/\/www.facebook.com\/editionspowpow","https:\/\/x.com\/editionspowpow"]}]}},"_links":{"self":[{"href":"https:\/\/editionspowpow.com\/en\/wp-json\/wp\/v2\/product\/25992","targetHints":{"allow":["GET"]}}],"collection":[{"href":"https:\/\/editionspowpow.com\/en\/wp-json\/wp\/v2\/product"}],"about":[{"href":"https:\/\/editionspowpow.com\/en\/wp-json\/wp\/v2\/types\/product"}],"wp:featuredmedia":[{"embeddable":true,"href":"https:\/\/editionspowpow.com\/en\/wp-json\/wp\/v2\/media\/25990"}],"wp:attachment":[{"href":"https:\/\/editionspowpow.com\/en\/wp-json\/wp\/v2\/media?parent=25992"}],"wp:term":[{"taxonomy":"product_brand","embeddable":true,"href":"https:\/\/editionspowpow.com\/en\/wp-json\/wp\/v2\/product_brand?post=25992"},{"taxonomy":"product_cat","embeddable":true,"href":"https:\/\/editionspowpow.com\/en\/wp-json\/wp\/v2\/product_cat?post=25992"},{"taxonomy":"product_tag","embeddable":true,"href":"https:\/\/editionspowpow.com\/en\/wp-json\/wp\/v2\/product_tag?post=25992"}],"curies":[{"name":"wp","href":"https:\/\/api.w.org\/{rel}","templated":true}]}}