{"id":26001,"date":"2026-02-11T16:15:15","date_gmt":"2026-02-11T20:15:15","guid":{"rendered":"https:\/\/editionspowpow.com\/?post_type=product&#038;p=26001"},"modified":"2026-04-14T14:02:03","modified_gmt":"2026-04-14T18:02:03","slug":"pizza-punk-arena","status":"publish","type":"product","link":"https:\/\/editionspowpow.com\/en\/products\/pizza-punk-arena\/","title":{"rendered":"Pizza Punk Ar\u00e9na"},"content":{"rendered":"<p>Dans les ann\u00e9es 1990, les ti-culs jouent au hockey dans la rue ou au Super Nintendo dans le sous-sol, le McDo vend de la pizza et Green Day sort <em>Dookie<\/em>. C\u2019est une grosse d\u00e9cennie pour le petit Benoit qui grandit comme il peut, souvent en d\u00e9calage.<\/p>\n<p>Des ar\u00e9nas de son enfance aux salles de spectacles montr\u00e9alaises de son adolescence, l\u2019auteur raconte sa jeunesse pass\u00e9e en banlieue \u00e0 garder des buts, faire du bicycle et \u00e9couter du punk. Dans <em>Pizza Punk Ar\u00e9na<\/em>, Benoit Tardif s\u2019adonne \u00e0 la pratique du dessin narratif avec la m\u00eame aisance que Patrick Roy garde le filet des Canadiens.<\/p>\n","protected":false},"excerpt":{"rendered":"<p>Dans les ann\u00e9es 1990, les ti-culs jouent au hockey dans la rue ou au Super Nintendo dans le sous-sol, le McDo vend de la pizza et Green Day sort Dookie. C\u2019est une grosse d\u00e9cennie pour le petit Benoit qui grandit comme il peut, souvent en d\u00e9calage. Des ar\u00e9nas de son enfance aux salles de spectacles [&hellip;]<\/p>\n","protected":false},"featured_media":26006,"template":"","meta":{"_acf_changed":false},"product_brand":[],"product_cat":[271],"product_tag":[316,319,267],"class_list":{"0":"post-26001","1":"product","2":"type-product","3":"status-publish","4":"has-post-thumbnail","6":"wc_square_synced-yes","7":"product_cat-comic","8":"product_tag-quotidien-en","9":"product_tag-recit-dapprentissage-en","10":"product_tag-teenage","12":"first","13":"onbackorder","14":"taxable","15":"shipping-taxable","16":"purchasable","17":"product-type-simple"},"acf":{"language":"fr","other_language_products":"","authors":[{"author_title":25995,"is_custom_job_title":false,"job_titles":[]}],"total_pages":336,"isbn":"978-2-925114-64-2","release_date":"20260512","other_release_dates":null,"has_product_excerpt":false,"button_excerpt_position":"gauche","accent_color":"#00A1D5","awards":null,"comments":null,"video_gallery":null},"yoast_head":"<!-- This site is optimized with the Yoast SEO plugin v26.9 - https:\/\/yoast.com\/product\/yoast-seo-wordpress\/ -->\n<title>Pizza Punk Ar\u00e9na - \u00c9ditions Pow Pow<\/title>\n<meta name=\"robots\" content=\"index, follow, max-snippet:-1, max-image-preview:large, max-video-preview:-1\" \/>\n<link rel=\"canonical\" href=\"https:\/\/editionspowpow.com\/en\/products\/pizza-punk-arena\/\" \/>\n<meta property=\"og:locale\" content=\"en_US\" \/>\n<meta property=\"og:type\" content=\"article\" \/>\n<meta property=\"og:title\" content=\"Pizza Punk Ar\u00e9na - \u00c9ditions Pow Pow\" \/>\n<meta property=\"og:description\" content=\"Dans les ann\u00e9es 1990, les ti-culs jouent au hockey dans la rue ou au Super Nintendo dans le sous-sol, le McDo vend de la pizza et Green Day sort Dookie. C\u2019est une grosse d\u00e9cennie pour le petit Benoit qui grandit comme il peut, souvent en d\u00e9calage. Des ar\u00e9nas de son enfance aux salles de spectacles [&hellip;]\" \/>\n<meta property=\"og:url\" content=\"https:\/\/editionspowpow.com\/en\/products\/pizza-punk-arena\/\" \/>\n<meta property=\"og:site_name\" content=\"\u00c9ditions Pow Pow\" \/>\n<meta property=\"article:publisher\" content=\"https:\/\/www.facebook.com\/editionspowpow\" \/>\n<meta property=\"article:modified_time\" content=\"2026-04-14T18:02:03+00:00\" \/>\n<meta property=\"og:image\" content=\"https:\/\/edition-pow-pow-bucket.storage.googleapis.com\/wp-content\/uploads\/2026\/02\/POW_couverture_pizza_punk_arena_RGB-150dpi-1.jpg\" \/>\n\t<meta property=\"og:image:width\" content=\"938\" \/>\n\t<meta property=\"og:image:height\" content=\"1238\" \/>\n\t<meta property=\"og:image:type\" content=\"image\/jpeg\" \/>\n<meta name=\"twitter:card\" content=\"summary_large_image\" \/>\n<meta name=\"twitter:site\" content=\"@editionspowpow\" \/>\n<meta name=\"twitter:label1\" content=\"Est. reading time\" \/>\n\t<meta name=\"twitter:data1\" content=\"1 minute\" \/>\n<script type=\"application\/ld+json\" class=\"yoast-schema-graph\">{\"@context\":\"https:\/\/schema.org\",\"@graph\":[{\"@type\":\"WebPage\",\"@id\":\"https:\/\/editionspowpow.com\/en\/products\/pizza-punk-arena\/\",\"url\":\"https:\/\/editionspowpow.com\/en\/products\/pizza-punk-arena\/\",\"name\":\"Pizza Punk Ar\u00e9na - \u00c9ditions Pow Pow\",\"isPartOf\":{\"@id\":\"https:\/\/editionspowpow.com\/en\/#website\"},\"primaryImageOfPage\":{\"@id\":\"https:\/\/editionspowpow.com\/en\/products\/pizza-punk-arena\/#primaryimage\"},\"image\":{\"@id\":\"https:\/\/editionspowpow.com\/en\/products\/pizza-punk-arena\/#primaryimage\"},\"thumbnailUrl\":\"https:\/\/edition-pow-pow-bucket.storage.googleapis.com\/wp-content\/uploads\/2026\/02\/POW_couverture_pizza_punk_arena_RGB-150dpi-1.jpg\",\"datePublished\":\"2026-02-11T20:15:15+00:00\",\"dateModified\":\"2026-04-14T18:02:03+00:00\",\"breadcrumb\":{\"@id\":\"https:\/\/editionspowpow.com\/en\/products\/pizza-punk-arena\/#breadcrumb\"},\"inLanguage\":\"en-US\",\"potentialAction\":[{\"@type\":\"ReadAction\",\"target\":[\"https:\/\/editionspowpow.com\/en\/products\/pizza-punk-arena\/\"]}]},{\"@type\":\"ImageObject\",\"inLanguage\":\"en-US\",\"@id\":\"https:\/\/editionspowpow.com\/en\/products\/pizza-punk-arena\/#primaryimage\",\"url\":\"https:\/\/edition-pow-pow-bucket.storage.googleapis.com\/wp-content\/uploads\/2026\/02\/POW_couverture_pizza_punk_arena_RGB-150dpi-1.jpg\",\"contentUrl\":\"https:\/\/edition-pow-pow-bucket.storage.googleapis.com\/wp-content\/uploads\/2026\/02\/POW_couverture_pizza_punk_arena_RGB-150dpi-1.jpg\",\"width\":938,\"height\":1238},{\"@type\":\"BreadcrumbList\",\"@id\":\"https:\/\/editionspowpow.com\/en\/products\/pizza-punk-arena\/#breadcrumb\",\"itemListElement\":[{\"@type\":\"ListItem\",\"position\":1,\"name\":\"Home\",\"item\":\"https:\/\/editionspowpow.com\/en\/\"},{\"@type\":\"ListItem\",\"position\":2,\"name\":\"Shop\",\"item\":\"https:\/\/editionspowpow.com\/en\/shop\/\"},{\"@type\":\"ListItem\",\"position\":3,\"name\":\"Pizza Punk Ar\u00e9na\"}]},{\"@type\":\"WebSite\",\"@id\":\"https:\/\/editionspowpow.com\/en\/#website\",\"url\":\"https:\/\/editionspowpow.com\/en\/\",\"name\":\"\u00c9ditions Pow Pow\",\"description\":\"\",\"publisher\":{\"@id\":\"https:\/\/editionspowpow.com\/en\/#organization\"},\"potentialAction\":[{\"@type\":\"SearchAction\",\"target\":{\"@type\":\"EntryPoint\",\"urlTemplate\":\"https:\/\/editionspowpow.com\/en\/?s={search_term_string}\"},\"query-input\":{\"@type\":\"PropertyValueSpecification\",\"valueRequired\":true,\"valueName\":\"search_term_string\"}}],\"inLanguage\":\"en-US\"},{\"@type\":\"Organization\",\"@id\":\"https:\/\/editionspowpow.com\/en\/#organization\",\"name\":\"\u00c9ditions Pow Pow\",\"url\":\"https:\/\/editionspowpow.com\/en\/\",\"logo\":{\"@type\":\"ImageObject\",\"inLanguage\":\"en-US\",\"@id\":\"https:\/\/editionspowpow.com\/en\/#\/schema\/logo\/image\/\",\"url\":\"https:\/\/edition-pow-pow-bucket.storage.googleapis.com\/wp-content\/uploads\/2024\/03\/logo_site_pow_pow_VERTICAL.png\",\"contentUrl\":\"https:\/\/edition-pow-pow-bucket.storage.googleapis.com\/wp-content\/uploads\/2024\/03\/logo_site_pow_pow_VERTICAL.png\",\"width\":1600,\"height\":1200,\"caption\":\"\u00c9ditions Pow Pow\"},\"image\":{\"@id\":\"https:\/\/editionspowpow.com\/en\/#\/schema\/logo\/image\/\"},\"sameAs\":[\"https:\/\/www.facebook.com\/editionspowpow\",\"https:\/\/x.com\/editionspowpow\"]}]}<\/script>\n<!-- \/ Yoast SEO plugin. -->","yoast_head_json":{"title":"Pizza Punk Ar\u00e9na - \u00c9ditions Pow Pow","robots":{"index":"index","follow":"follow","max-snippet":"max-snippet:-1","max-image-preview":"max-image-preview:large","max-video-preview":"max-video-preview:-1"},"canonical":"https:\/\/editionspowpow.com\/en\/products\/pizza-punk-arena\/","og_locale":"en_US","og_type":"article","og_title":"Pizza Punk Ar\u00e9na - \u00c9ditions Pow Pow","og_description":"Dans les ann\u00e9es 1990, les ti-culs jouent au hockey dans la rue ou au Super Nintendo dans le sous-sol, le McDo vend de la pizza et Green Day sort Dookie. C\u2019est une grosse d\u00e9cennie pour le petit Benoit qui grandit comme il peut, souvent en d\u00e9calage. Des ar\u00e9nas de son enfance aux salles de spectacles [&hellip;]","og_url":"https:\/\/editionspowpow.com\/en\/products\/pizza-punk-arena\/","og_site_name":"\u00c9ditions Pow Pow","article_publisher":"https:\/\/www.facebook.com\/editionspowpow","article_modified_time":"2026-04-14T18:02:03+00:00","og_image":[{"width":938,"height":1238,"url":"https:\/\/edition-pow-pow-bucket.storage.googleapis.com\/wp-content\/uploads\/2026\/02\/POW_couverture_pizza_punk_arena_RGB-150dpi-1.jpg","type":"image\/jpeg"}],"twitter_card":"summary_large_image","twitter_site":"@editionspowpow","twitter_misc":{"Est. reading time":"1 minute"},"schema":{"@context":"https:\/\/schema.org","@graph":[{"@type":"WebPage","@id":"https:\/\/editionspowpow.com\/en\/products\/pizza-punk-arena\/","url":"https:\/\/editionspowpow.com\/en\/products\/pizza-punk-arena\/","name":"Pizza Punk Ar\u00e9na - \u00c9ditions Pow Pow","isPartOf":{"@id":"https:\/\/editionspowpow.com\/en\/#website"},"primaryImageOfPage":{"@id":"https:\/\/editionspowpow.com\/en\/products\/pizza-punk-arena\/#primaryimage"},"image":{"@id":"https:\/\/editionspowpow.com\/en\/products\/pizza-punk-arena\/#primaryimage"},"thumbnailUrl":"https:\/\/edition-pow-pow-bucket.storage.googleapis.com\/wp-content\/uploads\/2026\/02\/POW_couverture_pizza_punk_arena_RGB-150dpi-1.jpg","datePublished":"2026-02-11T20:15:15+00:00","dateModified":"2026-04-14T18:02:03+00:00","breadcrumb":{"@id":"https:\/\/editionspowpow.com\/en\/products\/pizza-punk-arena\/#breadcrumb"},"inLanguage":"en-US","potentialAction":[{"@type":"ReadAction","target":["https:\/\/editionspowpow.com\/en\/products\/pizza-punk-arena\/"]}]},{"@type":"ImageObject","inLanguage":"en-US","@id":"https:\/\/editionspowpow.com\/en\/products\/pizza-punk-arena\/#primaryimage","url":"https:\/\/edition-pow-pow-bucket.storage.googleapis.com\/wp-content\/uploads\/2026\/02\/POW_couverture_pizza_punk_arena_RGB-150dpi-1.jpg","contentUrl":"https:\/\/edition-pow-pow-bucket.storage.googleapis.com\/wp-content\/uploads\/2026\/02\/POW_couverture_pizza_punk_arena_RGB-150dpi-1.jpg","width":938,"height":1238},{"@type":"BreadcrumbList","@id":"https:\/\/editionspowpow.com\/en\/products\/pizza-punk-arena\/#breadcrumb","itemListElement":[{"@type":"ListItem","position":1,"name":"Home","item":"https:\/\/editionspowpow.com\/en\/"},{"@type":"ListItem","position":2,"name":"Shop","item":"https:\/\/editionspowpow.com\/en\/shop\/"},{"@type":"ListItem","position":3,"name":"Pizza Punk Ar\u00e9na"}]},{"@type":"WebSite","@id":"https:\/\/editionspowpow.com\/en\/#website","url":"https:\/\/editionspowpow.com\/en\/","name":"\u00c9ditions Pow Pow","description":"","publisher":{"@id":"https:\/\/editionspowpow.com\/en\/#organization"},"potentialAction":[{"@type":"SearchAction","target":{"@type":"EntryPoint","urlTemplate":"https:\/\/editionspowpow.com\/en\/?s={search_term_string}"},"query-input":{"@type":"PropertyValueSpecification","valueRequired":true,"valueName":"search_term_string"}}],"inLanguage":"en-US"},{"@type":"Organization","@id":"https:\/\/editionspowpow.com\/en\/#organization","name":"\u00c9ditions Pow Pow","url":"https:\/\/editionspowpow.com\/en\/","logo":{"@type":"ImageObject","inLanguage":"en-US","@id":"https:\/\/editionspowpow.com\/en\/#\/schema\/logo\/image\/","url":"https:\/\/edition-pow-pow-bucket.storage.googleapis.com\/wp-content\/uploads\/2024\/03\/logo_site_pow_pow_VERTICAL.png","contentUrl":"https:\/\/edition-pow-pow-bucket.storage.googleapis.com\/wp-content\/uploads\/2024\/03\/logo_site_pow_pow_VERTICAL.png","width":1600,"height":1200,"caption":"\u00c9ditions Pow Pow"},"image":{"@id":"https:\/\/editionspowpow.com\/en\/#\/schema\/logo\/image\/"},"sameAs":["https:\/\/www.facebook.com\/editionspowpow","https:\/\/x.com\/editionspowpow"]}]}},"_links":{"self":[{"href":"https:\/\/editionspowpow.com\/en\/wp-json\/wp\/v2\/product\/26001","targetHints":{"allow":["GET"]}}],"collection":[{"href":"https:\/\/editionspowpow.com\/en\/wp-json\/wp\/v2\/product"}],"about":[{"href":"https:\/\/editionspowpow.com\/en\/wp-json\/wp\/v2\/types\/product"}],"wp:featuredmedia":[{"embeddable":true,"href":"https:\/\/editionspowpow.com\/en\/wp-json\/wp\/v2\/media\/26006"}],"wp:attachment":[{"href":"https:\/\/editionspowpow.com\/en\/wp-json\/wp\/v2\/media?parent=26001"}],"wp:term":[{"taxonomy":"product_brand","embeddable":true,"href":"https:\/\/editionspowpow.com\/en\/wp-json\/wp\/v2\/product_brand?post=26001"},{"taxonomy":"product_cat","embeddable":true,"href":"https:\/\/editionspowpow.com\/en\/wp-json\/wp\/v2\/product_cat?post=26001"},{"taxonomy":"product_tag","embeddable":true,"href":"https:\/\/editionspowpow.com\/en\/wp-json\/wp\/v2\/product_tag?post=26001"}],"curies":[{"name":"wp","href":"https:\/\/api.w.org\/{rel}","templated":true}]}}